{"id":6801,"date":"2022-12-02T15:13:38","date_gmt":"2022-12-02T13:13:38","guid":{"rendered":"https:\/\/detailspot.lt\/produktas\/furniture-clinic-re-colouring-balm\/"},"modified":"2022-12-02T15:13:38","modified_gmt":"2022-12-02T13:13:38","slug":"furniture-clinic-re-colouring-balm","status":"publish","type":"product","link":"https:\/\/detailspot.lt\/en\/produktas\/furniture-clinic-re-colouring-balm\/","title":{"rendered":"Furniture Clinic Re-Colouring Balm"},"content":{"rendered":"<p>Furniture Clinic Re-Colouring Balm for the restoration of skin colour. This balm is perfect for highlighting or concealing skin discolouration with an extremely easy and quick procedure. The skin balm works by absorbing into the skin and keeping it soft and resilient, while the extra pigment absorbed will not stain your clothes.<strong>Characteristics:<\/strong><\/p>\n<ol>\n<li>Easy-to-use restorative balm<\/li>\n<li>Restores colour on faded, scratched skin<\/li>\n<li>Suitable for all skin types<\/li>\n<\/ol>\n<p><strong>Usage<\/strong><\/p>\n<ol>\n<li>Cleanse your skin with a strong cleanser dedicated to the skin. It is important to open the skin pores<\/li>\n<li>Apply the balm in a circular motion using the applicator or a microfibre cloth<\/li>\n<li>Leave to soak for 10 minutes<\/li>\n<li>With a clean, dry cloth, wipe away the balm residue until you can no longer see the colour of the balm on the clean cloth (an indicator that you&#8217;ve removed everything that hasn&#8217;t been absorbed)<\/li>\n<li>To prolong the longevity of the pigment, use a protective skin lotion.<\/li>\n<\/ol>\n<p>&nbsp;<\/p>\n<p><img loading=\"lazy\" decoding=\"async\" class=\"aligncenter\" src=\"https:\/\/www.detaily.lt\/images\/Userfiles\/logo-w-slogan.jpg\" alt=\"\" width=\"291\" height=\"52\"><\/p>\n","protected":false},"excerpt":{"rendered":"<p>Furniture Clinic Re-Colouring Balm for the restoration of skin colour. This balm is perfect for highlighting or concealing skin discolouration with an extremely easy and quick procedure. The skin balm works by absorbing into the skin and keeping it soft and resilient, while the extra pigment absorbed will not stain your clothes.Characteristics: Easy-to-use restorative balm&hellip;<\/p>\n","protected":false},"featured_media":3848,"comment_status":"closed","ping_status":"closed","template":"","meta":[],"product_brand":[],"product_cat":[165,167],"product_tag":[198,218],"class_list":{"0":"post-6801","1":"product","2":"type-product","3":"status-publish","4":"has-post-thumbnail","6":"product_cat-interior","7":"product_cat-skin-care","8":"product_tag-furniture-clinic-en","9":"product_tag-skin-care","10":"description-off","12":"first","13":"outofstock","14":"taxable","15":"shipping-taxable","16":"purchasable","17":"product-type-variable","18":"has-default-attributes"},"yoast_head":"<!-- This site is optimized with the Yoast SEO plugin v27.5 - https:\/\/yoast.com\/product\/yoast-seo-wordpress\/ -->\n<title>Furniture Clinic Re-Colouring Balm - Detail Spot<\/title>\n<meta name=\"description\" content=\"Furniture Clinic Re-Colouring Balm for the restoration of skin colour.\" \/>\n<meta name=\"robots\" content=\"index, follow, max-snippet:-1, max-image-preview:large, max-video-preview:-1\" \/>\n<link rel=\"canonical\" href=\"https:\/\/detailspot.lt\/en\/produktas\/furniture-clinic-re-colouring-balm\/\" \/>\n<meta property=\"og:locale\" content=\"en_US\" \/>\n<meta property=\"og:type\" content=\"article\" \/>\n<meta property=\"og:title\" content=\"Furniture Clinic Re-Colouring Balm - Detail Spot\" \/>\n<meta property=\"og:description\" content=\"Furniture Clinic Re-Colouring Balm for the restoration of skin colour.\" \/>\n<meta property=\"og:url\" content=\"https:\/\/detailspot.lt\/en\/produktas\/furniture-clinic-re-colouring-balm\/\" \/>\n<meta property=\"og:site_name\" content=\"Detail Spot\" \/>\n<meta property=\"article:publisher\" content=\"https:\/\/www.facebook.com\/profile.php?id=100039208338156\" \/>\n<meta property=\"og:image\" content=\"https:\/\/detailspot.lt\/wp-content\/uploads\/2022\/12\/furniture-clinic-re-colouring-balm-dazantis-balzamas-1.jpg\" \/>\n\t<meta property=\"og:image:width\" content=\"612\" \/>\n\t<meta property=\"og:image:height\" content=\"612\" \/>\n\t<meta property=\"og:image:type\" content=\"image\/jpeg\" \/>\n<meta name=\"twitter:card\" content=\"summary_large_image\" \/>\n<meta name=\"twitter:label1\" content=\"Est. reading time\" \/>\n\t<meta name=\"twitter:data1\" content=\"1 minute\" \/>\n<script type=\"application\/ld+json\" class=\"yoast-schema-graph\">{\"@context\":\"https:\\\/\\\/schema.org\",\"@graph\":[{\"@type\":\"WebPage\",\"@id\":\"https:\\\/\\\/detailspot.lt\\\/en\\\/produktas\\\/furniture-clinic-re-colouring-balm\\\/\",\"url\":\"https:\\\/\\\/detailspot.lt\\\/en\\\/produktas\\\/furniture-clinic-re-colouring-balm\\\/\",\"name\":\"Furniture Clinic Re-Colouring Balm - Detail Spot\",\"isPartOf\":{\"@id\":\"https:\\\/\\\/detailspot.lt\\\/#website\"},\"primaryImageOfPage\":{\"@id\":\"https:\\\/\\\/detailspot.lt\\\/en\\\/produktas\\\/furniture-clinic-re-colouring-balm\\\/#primaryimage\"},\"image\":{\"@id\":\"https:\\\/\\\/detailspot.lt\\\/en\\\/produktas\\\/furniture-clinic-re-colouring-balm\\\/#primaryimage\"},\"thumbnailUrl\":\"https:\\\/\\\/detailspot.lt\\\/wp-content\\\/uploads\\\/2022\\\/12\\\/furniture-clinic-re-colouring-balm-dazantis-balzamas-1.jpg\",\"datePublished\":\"2022-12-02T13:13:38+00:00\",\"description\":\"Furniture Clinic Re-Colouring Balm for the restoration of skin colour.\",\"breadcrumb\":{\"@id\":\"https:\\\/\\\/detailspot.lt\\\/en\\\/produktas\\\/furniture-clinic-re-colouring-balm\\\/#breadcrumb\"},\"inLanguage\":\"en-US\",\"potentialAction\":[{\"@type\":\"ReadAction\",\"target\":[\"https:\\\/\\\/detailspot.lt\\\/en\\\/produktas\\\/furniture-clinic-re-colouring-balm\\\/\"]}]},{\"@type\":\"ImageObject\",\"inLanguage\":\"en-US\",\"@id\":\"https:\\\/\\\/detailspot.lt\\\/en\\\/produktas\\\/furniture-clinic-re-colouring-balm\\\/#primaryimage\",\"url\":\"https:\\\/\\\/detailspot.lt\\\/wp-content\\\/uploads\\\/2022\\\/12\\\/furniture-clinic-re-colouring-balm-dazantis-balzamas-1.jpg\",\"contentUrl\":\"https:\\\/\\\/detailspot.lt\\\/wp-content\\\/uploads\\\/2022\\\/12\\\/furniture-clinic-re-colouring-balm-dazantis-balzamas-1.jpg\",\"width\":612,\"height\":612},{\"@type\":\"BreadcrumbList\",\"@id\":\"https:\\\/\\\/detailspot.lt\\\/en\\\/produktas\\\/furniture-clinic-re-colouring-balm\\\/#breadcrumb\",\"itemListElement\":[{\"@type\":\"ListItem\",\"position\":1,\"name\":\"Home\",\"item\":\"https:\\\/\\\/detailspot.lt\\\/en\\\/\"},{\"@type\":\"ListItem\",\"position\":2,\"name\":\"Shop\",\"item\":\"https:\\\/\\\/detailspot.lt\\\/en\\\/parduotuve\\\/\"},{\"@type\":\"ListItem\",\"position\":3,\"name\":\"Furniture Clinic Re-Colouring Balm\"}]},{\"@type\":\"WebSite\",\"@id\":\"https:\\\/\\\/detailspot.lt\\\/#website\",\"url\":\"https:\\\/\\\/detailspot.lt\\\/\",\"name\":\"Detail Spot\",\"description\":\"Automobili\u0173 prie\u017ei\u016bros priemon\u0117s\",\"publisher\":{\"@id\":\"https:\\\/\\\/detailspot.lt\\\/#organization\"},\"potentialAction\":[{\"@type\":\"SearchAction\",\"target\":{\"@type\":\"EntryPoint\",\"urlTemplate\":\"https:\\\/\\\/detailspot.lt\\\/?s={search_term_string}\"},\"query-input\":{\"@type\":\"PropertyValueSpecification\",\"valueRequired\":true,\"valueName\":\"search_term_string\"}}],\"inLanguage\":\"en-US\"},{\"@type\":\"Organization\",\"@id\":\"https:\\\/\\\/detailspot.lt\\\/#organization\",\"name\":\"Detail Spot\",\"url\":\"https:\\\/\\\/detailspot.lt\\\/\",\"logo\":{\"@type\":\"ImageObject\",\"inLanguage\":\"en-US\",\"@id\":\"https:\\\/\\\/detailspot.lt\\\/#\\\/schema\\\/logo\\\/image\\\/\",\"url\":\"https:\\\/\\\/detailspot.lt\\\/wp-content\\\/uploads\\\/2022\\\/10\\\/logo-original.svg\",\"contentUrl\":\"https:\\\/\\\/detailspot.lt\\\/wp-content\\\/uploads\\\/2022\\\/10\\\/logo-original.svg\",\"width\":1,\"height\":1,\"caption\":\"Detail Spot\"},\"image\":{\"@id\":\"https:\\\/\\\/detailspot.lt\\\/#\\\/schema\\\/logo\\\/image\\\/\"},\"sameAs\":[\"https:\\\/\\\/www.facebook.com\\\/profile.php?id=100039208338156\"]}]}<\/script>\n<!-- \/ Yoast SEO plugin. -->","yoast_head_json":{"title":"Furniture Clinic Re-Colouring Balm - Detail Spot","description":"Furniture Clinic Re-Colouring Balm for the restoration of skin colour.","robots":{"index":"index","follow":"follow","max-snippet":"max-snippet:-1","max-image-preview":"max-image-preview:large","max-video-preview":"max-video-preview:-1"},"canonical":"https:\/\/detailspot.lt\/en\/produktas\/furniture-clinic-re-colouring-balm\/","og_locale":"en_US","og_type":"article","og_title":"Furniture Clinic Re-Colouring Balm - Detail Spot","og_description":"Furniture Clinic Re-Colouring Balm for the restoration of skin colour.","og_url":"https:\/\/detailspot.lt\/en\/produktas\/furniture-clinic-re-colouring-balm\/","og_site_name":"Detail Spot","article_publisher":"https:\/\/www.facebook.com\/profile.php?id=100039208338156","og_image":[{"width":612,"height":612,"url":"https:\/\/detailspot.lt\/wp-content\/uploads\/2022\/12\/furniture-clinic-re-colouring-balm-dazantis-balzamas-1.jpg","type":"image\/jpeg"}],"twitter_card":"summary_large_image","twitter_misc":{"Est. reading time":"1 minute"},"schema":{"@context":"https:\/\/schema.org","@graph":[{"@type":"WebPage","@id":"https:\/\/detailspot.lt\/en\/produktas\/furniture-clinic-re-colouring-balm\/","url":"https:\/\/detailspot.lt\/en\/produktas\/furniture-clinic-re-colouring-balm\/","name":"Furniture Clinic Re-Colouring Balm - Detail Spot","isPartOf":{"@id":"https:\/\/detailspot.lt\/#website"},"primaryImageOfPage":{"@id":"https:\/\/detailspot.lt\/en\/produktas\/furniture-clinic-re-colouring-balm\/#primaryimage"},"image":{"@id":"https:\/\/detailspot.lt\/en\/produktas\/furniture-clinic-re-colouring-balm\/#primaryimage"},"thumbnailUrl":"https:\/\/detailspot.lt\/wp-content\/uploads\/2022\/12\/furniture-clinic-re-colouring-balm-dazantis-balzamas-1.jpg","datePublished":"2022-12-02T13:13:38+00:00","description":"Furniture Clinic Re-Colouring Balm for the restoration of skin colour.","breadcrumb":{"@id":"https:\/\/detailspot.lt\/en\/produktas\/furniture-clinic-re-colouring-balm\/#breadcrumb"},"inLanguage":"en-US","potentialAction":[{"@type":"ReadAction","target":["https:\/\/detailspot.lt\/en\/produktas\/furniture-clinic-re-colouring-balm\/"]}]},{"@type":"ImageObject","inLanguage":"en-US","@id":"https:\/\/detailspot.lt\/en\/produktas\/furniture-clinic-re-colouring-balm\/#primaryimage","url":"https:\/\/detailspot.lt\/wp-content\/uploads\/2022\/12\/furniture-clinic-re-colouring-balm-dazantis-balzamas-1.jpg","contentUrl":"https:\/\/detailspot.lt\/wp-content\/uploads\/2022\/12\/furniture-clinic-re-colouring-balm-dazantis-balzamas-1.jpg","width":612,"height":612},{"@type":"BreadcrumbList","@id":"https:\/\/detailspot.lt\/en\/produktas\/furniture-clinic-re-colouring-balm\/#breadcrumb","itemListElement":[{"@type":"ListItem","position":1,"name":"Home","item":"https:\/\/detailspot.lt\/en\/"},{"@type":"ListItem","position":2,"name":"Shop","item":"https:\/\/detailspot.lt\/en\/parduotuve\/"},{"@type":"ListItem","position":3,"name":"Furniture Clinic Re-Colouring Balm"}]},{"@type":"WebSite","@id":"https:\/\/detailspot.lt\/#website","url":"https:\/\/detailspot.lt\/","name":"Detail Spot","description":"Automobili\u0173 prie\u017ei\u016bros priemon\u0117s","publisher":{"@id":"https:\/\/detailspot.lt\/#organization"},"potentialAction":[{"@type":"SearchAction","target":{"@type":"EntryPoint","urlTemplate":"https:\/\/detailspot.lt\/?s={search_term_string}"},"query-input":{"@type":"PropertyValueSpecification","valueRequired":true,"valueName":"search_term_string"}}],"inLanguage":"en-US"},{"@type":"Organization","@id":"https:\/\/detailspot.lt\/#organization","name":"Detail Spot","url":"https:\/\/detailspot.lt\/","logo":{"@type":"ImageObject","inLanguage":"en-US","@id":"https:\/\/detailspot.lt\/#\/schema\/logo\/image\/","url":"https:\/\/detailspot.lt\/wp-content\/uploads\/2022\/10\/logo-original.svg","contentUrl":"https:\/\/detailspot.lt\/wp-content\/uploads\/2022\/10\/logo-original.svg","width":1,"height":1,"caption":"Detail Spot"},"image":{"@id":"https:\/\/detailspot.lt\/#\/schema\/logo\/image\/"},"sameAs":["https:\/\/www.facebook.com\/profile.php?id=100039208338156"]}]}},"_links":{"self":[{"href":"https:\/\/detailspot.lt\/en\/wp-json\/wp\/v2\/product\/6801","targetHints":{"allow":["GET"]}}],"collection":[{"href":"https:\/\/detailspot.lt\/en\/wp-json\/wp\/v2\/product"}],"about":[{"href":"https:\/\/detailspot.lt\/en\/wp-json\/wp\/v2\/types\/product"}],"replies":[{"embeddable":true,"href":"https:\/\/detailspot.lt\/en\/wp-json\/wp\/v2\/comments?post=6801"}],"wp:featuredmedia":[{"embeddable":true,"href":"https:\/\/detailspot.lt\/en\/wp-json\/wp\/v2\/media\/3848"}],"wp:attachment":[{"href":"https:\/\/detailspot.lt\/en\/wp-json\/wp\/v2\/media?parent=6801"}],"wp:term":[{"taxonomy":"product_brand","embeddable":true,"href":"https:\/\/detailspot.lt\/en\/wp-json\/wp\/v2\/product_brand?post=6801"},{"taxonomy":"product_cat","embeddable":true,"href":"https:\/\/detailspot.lt\/en\/wp-json\/wp\/v2\/product_cat?post=6801"},{"taxonomy":"product_tag","embeddable":true,"href":"https:\/\/detailspot.lt\/en\/wp-json\/wp\/v2\/product_tag?post=6801"}],"curies":[{"name":"wp","href":"https:\/\/api.w.org\/{rel}","templated":true}]}}