{"id":6786,"date":"2022-12-02T15:13:43","date_gmt":"2022-12-02T13:13:43","guid":{"rendered":"https:\/\/detailspot.lt\/produktas\/flexipads-x-slim-orange-medium-cutting-pad-2\/"},"modified":"2022-12-02T15:13:43","modified_gmt":"2022-12-02T13:13:43","slug":"flexipads-x-slim-orange-medium-cutting-pad-2","status":"publish","type":"product","link":"https:\/\/detailspot.lt\/en\/produktas\/flexipads-x-slim-orange-medium-cutting-pad-2\/","title":{"rendered":"Flexipads X-slim Orange Medium Cutting Pad"},"content":{"rendered":"<h1><strong>Flexipads X-slim Orange Medium Cutting Pad<\/strong> &#8211;<\/h1>\n<p>medium-polish pad. Perfect for one step polishing with both compound and one step pastes<\/p>\n<p>&nbsp;<\/p>\n<p>&nbsp;<\/p>\n<p style=\"text-align: center;\"><img loading=\"lazy\" decoding=\"async\" class=\"alignnone size-medium wp-image-1098\" src=\"https:\/\/detailspot.lt\/wp-content\/uploads\/2022\/11\/FlexipadsLogo-300x105.jpg\" alt=\"\" width=\"300\" height=\"105\" srcset=\"https:\/\/detailspot.lt\/wp-content\/uploads\/2022\/11\/FlexipadsLogo-300x105.jpg 300w, https:\/\/detailspot.lt\/wp-content\/uploads\/2022\/11\/FlexipadsLogo-768x269.jpg 768w, https:\/\/detailspot.lt\/wp-content\/uploads\/2022\/11\/FlexipadsLogo-600x210.jpg 600w, https:\/\/detailspot.lt\/wp-content\/uploads\/2022\/11\/FlexipadsLogo-64x22.jpg 64w, https:\/\/detailspot.lt\/wp-content\/uploads\/2022\/11\/FlexipadsLogo.jpg 1000w\" sizes=\"auto, (max-width: 300px) 100vw, 300px\" \/><\/p>\n","protected":false},"excerpt":{"rendered":"<p>Flexipads X-slim Orange Medium Cutting Pad &#8211; medium-polish pad. Perfect for one step polishing with both compound and one step pastes &nbsp; &nbsp;<\/p>\n","protected":false},"featured_media":3974,"comment_status":"closed","ping_status":"closed","template":"","meta":[],"product_brand":[],"product_cat":[172,170],"product_tag":[197,192,193],"class_list":{"0":"post-6786","1":"product","2":"type-product","3":"status-publish","4":"has-post-thumbnail","6":"product_cat-polishing-pads","7":"product_cat-polishing-tools","8":"product_tag-flexipads-en","9":"product_tag-polishing","10":"product_tag-polishing-pads","11":"description-off","13":"first","14":"instock","15":"taxable","16":"shipping-taxable","17":"purchasable","18":"product-type-variable"},"yoast_head":"<!-- This site is optimized with the Yoast SEO plugin v27.2 - https:\/\/yoast.com\/product\/yoast-seo-wordpress\/ -->\n<title>Flexipads X-slim Orange Medium Cutting Pad - Detail Spot<\/title>\n<meta name=\"description\" content=\"Flexipads X-slim Orange Medium Cutting Pad medium-polish sole. Perfect for one step polishing with both compound and one step pastes\" \/>\n<meta name=\"robots\" content=\"index, follow, max-snippet:-1, max-image-preview:large, max-video-preview:-1\" \/>\n<link rel=\"canonical\" href=\"https:\/\/detailspot.lt\/en\/produktas\/flexipads-x-slim-orange-medium-cutting-pad-2\/\" \/>\n<meta property=\"og:locale\" content=\"en_US\" \/>\n<meta property=\"og:type\" content=\"article\" \/>\n<meta property=\"og:title\" content=\"Flexipads X-slim Orange Medium Cutting Pad - Detail Spot\" \/>\n<meta property=\"og:description\" content=\"Flexipads X-slim Orange Medium Cutting Pad medium-polish sole. Perfect for one step polishing with both compound and one step pastes\" \/>\n<meta property=\"og:url\" content=\"https:\/\/detailspot.lt\/en\/produktas\/flexipads-x-slim-orange-medium-cutting-pad-2\/\" \/>\n<meta property=\"og:site_name\" content=\"Detail Spot\" \/>\n<meta property=\"article:publisher\" content=\"https:\/\/www.facebook.com\/profile.php?id=100039208338156\" \/>\n<meta property=\"og:image\" content=\"https:\/\/detailspot.lt\/wp-content\/uploads\/2022\/12\/flexipads-x-slim-orange-medium-cutting-pad-3-1.jpg\" \/>\n\t<meta property=\"og:image:width\" content=\"612\" \/>\n\t<meta property=\"og:image:height\" content=\"612\" \/>\n\t<meta property=\"og:image:type\" content=\"image\/jpeg\" \/>\n<meta name=\"twitter:card\" content=\"summary_large_image\" \/>\n<script type=\"application\/ld+json\" class=\"yoast-schema-graph\">{\"@context\":\"https:\/\/schema.org\",\"@graph\":[{\"@type\":\"WebPage\",\"@id\":\"https:\/\/detailspot.lt\/en\/produktas\/flexipads-x-slim-orange-medium-cutting-pad-2\/\",\"url\":\"https:\/\/detailspot.lt\/en\/produktas\/flexipads-x-slim-orange-medium-cutting-pad-2\/\",\"name\":\"Flexipads X-slim Orange Medium Cutting Pad - Detail Spot\",\"isPartOf\":{\"@id\":\"https:\/\/detailspot.lt\/#website\"},\"primaryImageOfPage\":{\"@id\":\"https:\/\/detailspot.lt\/en\/produktas\/flexipads-x-slim-orange-medium-cutting-pad-2\/#primaryimage\"},\"image\":{\"@id\":\"https:\/\/detailspot.lt\/en\/produktas\/flexipads-x-slim-orange-medium-cutting-pad-2\/#primaryimage\"},\"thumbnailUrl\":\"https:\/\/detailspot.lt\/wp-content\/uploads\/2022\/12\/flexipads-x-slim-orange-medium-cutting-pad-3-1.jpg\",\"datePublished\":\"2022-12-02T13:13:43+00:00\",\"description\":\"Flexipads X-slim Orange Medium Cutting Pad medium-polish sole. Perfect for one step polishing with both compound and one step pastes\",\"breadcrumb\":{\"@id\":\"https:\/\/detailspot.lt\/en\/produktas\/flexipads-x-slim-orange-medium-cutting-pad-2\/#breadcrumb\"},\"inLanguage\":\"en-US\",\"potentialAction\":[{\"@type\":\"ReadAction\",\"target\":[\"https:\/\/detailspot.lt\/en\/produktas\/flexipads-x-slim-orange-medium-cutting-pad-2\/\"]}]},{\"@type\":\"ImageObject\",\"inLanguage\":\"en-US\",\"@id\":\"https:\/\/detailspot.lt\/en\/produktas\/flexipads-x-slim-orange-medium-cutting-pad-2\/#primaryimage\",\"url\":\"https:\/\/detailspot.lt\/wp-content\/uploads\/2022\/12\/flexipads-x-slim-orange-medium-cutting-pad-3-1.jpg\",\"contentUrl\":\"https:\/\/detailspot.lt\/wp-content\/uploads\/2022\/12\/flexipads-x-slim-orange-medium-cutting-pad-3-1.jpg\",\"width\":612,\"height\":612},{\"@type\":\"BreadcrumbList\",\"@id\":\"https:\/\/detailspot.lt\/en\/produktas\/flexipads-x-slim-orange-medium-cutting-pad-2\/#breadcrumb\",\"itemListElement\":[{\"@type\":\"ListItem\",\"position\":1,\"name\":\"Home\",\"item\":\"https:\/\/detailspot.lt\/en\/\"},{\"@type\":\"ListItem\",\"position\":2,\"name\":\"Shop\",\"item\":\"https:\/\/detailspot.lt\/en\/parduotuve\/\"},{\"@type\":\"ListItem\",\"position\":3,\"name\":\"Flexipads X-slim Orange Medium Cutting Pad\"}]},{\"@type\":\"WebSite\",\"@id\":\"https:\/\/detailspot.lt\/#website\",\"url\":\"https:\/\/detailspot.lt\/\",\"name\":\"Detail Spot\",\"description\":\"Automobili\u0173 prie\u017ei\u016bros priemon\u0117s\",\"publisher\":{\"@id\":\"https:\/\/detailspot.lt\/#organization\"},\"potentialAction\":[{\"@type\":\"SearchAction\",\"target\":{\"@type\":\"EntryPoint\",\"urlTemplate\":\"https:\/\/detailspot.lt\/?s={search_term_string}\"},\"query-input\":{\"@type\":\"PropertyValueSpecification\",\"valueRequired\":true,\"valueName\":\"search_term_string\"}}],\"inLanguage\":\"en-US\"},{\"@type\":\"Organization\",\"@id\":\"https:\/\/detailspot.lt\/#organization\",\"name\":\"Detail Spot\",\"url\":\"https:\/\/detailspot.lt\/\",\"logo\":{\"@type\":\"ImageObject\",\"inLanguage\":\"en-US\",\"@id\":\"https:\/\/detailspot.lt\/#\/schema\/logo\/image\/\",\"url\":\"https:\/\/detailspot.lt\/wp-content\/uploads\/2022\/10\/logo-original.svg\",\"contentUrl\":\"https:\/\/detailspot.lt\/wp-content\/uploads\/2022\/10\/logo-original.svg\",\"width\":1,\"height\":1,\"caption\":\"Detail Spot\"},\"image\":{\"@id\":\"https:\/\/detailspot.lt\/#\/schema\/logo\/image\/\"},\"sameAs\":[\"https:\/\/www.facebook.com\/profile.php?id=100039208338156\"]}]}<\/script>\n<!-- \/ Yoast SEO plugin. -->","yoast_head_json":{"title":"Flexipads X-slim Orange Medium Cutting Pad - Detail Spot","description":"Flexipads X-slim Orange Medium Cutting Pad medium-polish sole. Perfect for one step polishing with both compound and one step pastes","robots":{"index":"index","follow":"follow","max-snippet":"max-snippet:-1","max-image-preview":"max-image-preview:large","max-video-preview":"max-video-preview:-1"},"canonical":"https:\/\/detailspot.lt\/en\/produktas\/flexipads-x-slim-orange-medium-cutting-pad-2\/","og_locale":"en_US","og_type":"article","og_title":"Flexipads X-slim Orange Medium Cutting Pad - Detail Spot","og_description":"Flexipads X-slim Orange Medium Cutting Pad medium-polish sole. Perfect for one step polishing with both compound and one step pastes","og_url":"https:\/\/detailspot.lt\/en\/produktas\/flexipads-x-slim-orange-medium-cutting-pad-2\/","og_site_name":"Detail Spot","article_publisher":"https:\/\/www.facebook.com\/profile.php?id=100039208338156","og_image":[{"width":612,"height":612,"url":"https:\/\/detailspot.lt\/wp-content\/uploads\/2022\/12\/flexipads-x-slim-orange-medium-cutting-pad-3-1.jpg","type":"image\/jpeg"}],"twitter_card":"summary_large_image","schema":{"@context":"https:\/\/schema.org","@graph":[{"@type":"WebPage","@id":"https:\/\/detailspot.lt\/en\/produktas\/flexipads-x-slim-orange-medium-cutting-pad-2\/","url":"https:\/\/detailspot.lt\/en\/produktas\/flexipads-x-slim-orange-medium-cutting-pad-2\/","name":"Flexipads X-slim Orange Medium Cutting Pad - Detail Spot","isPartOf":{"@id":"https:\/\/detailspot.lt\/#website"},"primaryImageOfPage":{"@id":"https:\/\/detailspot.lt\/en\/produktas\/flexipads-x-slim-orange-medium-cutting-pad-2\/#primaryimage"},"image":{"@id":"https:\/\/detailspot.lt\/en\/produktas\/flexipads-x-slim-orange-medium-cutting-pad-2\/#primaryimage"},"thumbnailUrl":"https:\/\/detailspot.lt\/wp-content\/uploads\/2022\/12\/flexipads-x-slim-orange-medium-cutting-pad-3-1.jpg","datePublished":"2022-12-02T13:13:43+00:00","description":"Flexipads X-slim Orange Medium Cutting Pad medium-polish sole. Perfect for one step polishing with both compound and one step pastes","breadcrumb":{"@id":"https:\/\/detailspot.lt\/en\/produktas\/flexipads-x-slim-orange-medium-cutting-pad-2\/#breadcrumb"},"inLanguage":"en-US","potentialAction":[{"@type":"ReadAction","target":["https:\/\/detailspot.lt\/en\/produktas\/flexipads-x-slim-orange-medium-cutting-pad-2\/"]}]},{"@type":"ImageObject","inLanguage":"en-US","@id":"https:\/\/detailspot.lt\/en\/produktas\/flexipads-x-slim-orange-medium-cutting-pad-2\/#primaryimage","url":"https:\/\/detailspot.lt\/wp-content\/uploads\/2022\/12\/flexipads-x-slim-orange-medium-cutting-pad-3-1.jpg","contentUrl":"https:\/\/detailspot.lt\/wp-content\/uploads\/2022\/12\/flexipads-x-slim-orange-medium-cutting-pad-3-1.jpg","width":612,"height":612},{"@type":"BreadcrumbList","@id":"https:\/\/detailspot.lt\/en\/produktas\/flexipads-x-slim-orange-medium-cutting-pad-2\/#breadcrumb","itemListElement":[{"@type":"ListItem","position":1,"name":"Home","item":"https:\/\/detailspot.lt\/en\/"},{"@type":"ListItem","position":2,"name":"Shop","item":"https:\/\/detailspot.lt\/en\/parduotuve\/"},{"@type":"ListItem","position":3,"name":"Flexipads X-slim Orange Medium Cutting Pad"}]},{"@type":"WebSite","@id":"https:\/\/detailspot.lt\/#website","url":"https:\/\/detailspot.lt\/","name":"Detail Spot","description":"Automobili\u0173 prie\u017ei\u016bros priemon\u0117s","publisher":{"@id":"https:\/\/detailspot.lt\/#organization"},"potentialAction":[{"@type":"SearchAction","target":{"@type":"EntryPoint","urlTemplate":"https:\/\/detailspot.lt\/?s={search_term_string}"},"query-input":{"@type":"PropertyValueSpecification","valueRequired":true,"valueName":"search_term_string"}}],"inLanguage":"en-US"},{"@type":"Organization","@id":"https:\/\/detailspot.lt\/#organization","name":"Detail Spot","url":"https:\/\/detailspot.lt\/","logo":{"@type":"ImageObject","inLanguage":"en-US","@id":"https:\/\/detailspot.lt\/#\/schema\/logo\/image\/","url":"https:\/\/detailspot.lt\/wp-content\/uploads\/2022\/10\/logo-original.svg","contentUrl":"https:\/\/detailspot.lt\/wp-content\/uploads\/2022\/10\/logo-original.svg","width":1,"height":1,"caption":"Detail Spot"},"image":{"@id":"https:\/\/detailspot.lt\/#\/schema\/logo\/image\/"},"sameAs":["https:\/\/www.facebook.com\/profile.php?id=100039208338156"]}]}},"_links":{"self":[{"href":"https:\/\/detailspot.lt\/en\/wp-json\/wp\/v2\/product\/6786","targetHints":{"allow":["GET"]}}],"collection":[{"href":"https:\/\/detailspot.lt\/en\/wp-json\/wp\/v2\/product"}],"about":[{"href":"https:\/\/detailspot.lt\/en\/wp-json\/wp\/v2\/types\/product"}],"replies":[{"embeddable":true,"href":"https:\/\/detailspot.lt\/en\/wp-json\/wp\/v2\/comments?post=6786"}],"wp:featuredmedia":[{"embeddable":true,"href":"https:\/\/detailspot.lt\/en\/wp-json\/wp\/v2\/media\/3974"}],"wp:attachment":[{"href":"https:\/\/detailspot.lt\/en\/wp-json\/wp\/v2\/media?parent=6786"}],"wp:term":[{"taxonomy":"product_brand","embeddable":true,"href":"https:\/\/detailspot.lt\/en\/wp-json\/wp\/v2\/product_brand?post=6786"},{"taxonomy":"product_cat","embeddable":true,"href":"https:\/\/detailspot.lt\/en\/wp-json\/wp\/v2\/product_cat?post=6786"},{"taxonomy":"product_tag","embeddable":true,"href":"https:\/\/detailspot.lt\/en\/wp-json\/wp\/v2\/product_tag?post=6786"}],"curies":[{"name":"wp","href":"https:\/\/api.w.org\/{rel}","templated":true}]}}