{"id":6782,"date":"2022-12-02T15:13:30","date_gmt":"2022-12-02T13:13:30","guid":{"rendered":"https:\/\/detailspot.lt\/produktas\/sonax-ultimatecut-profiline-polishing-paste\/"},"modified":"2025-06-02T16:10:29","modified_gmt":"2025-06-02T13:10:29","slug":"sonax-ultimatecut-profiline-polishing-paste","status":"publish","type":"product","link":"https:\/\/detailspot.lt\/en\/produktas\/sonax-ultimatecut-profiline-polishing-paste\/","title":{"rendered":"SONAX UltimateCut Profiline polishing paste"},"content":{"rendered":"<h1><strong>SONAX UltimateCut<\/strong><\/h1>\n<p>Highly effective abrasive polishing paste for high processing speeds, containing pure, ultra-hard aluminium oxide. D\u0117l &#8220;low dust&#8221; technologijos prakti\u0161kai nepalieka ant pavir\u0161iaus joki\u0173 polirolio<br \/>\nresidues. Works well with wool pads &#8211; <a href=\"https:\/\/detailspot.lt\/produktas\/flexipads-pro-wool-detailing-kailinis-padas\/\">Flexipads ProWool<\/a> cor with a hard sponge pad &#8211;<a href=\"https:\/\/detailspot.lt\/produktas\/sonax-kietas-poliravimo-padas-orbitinei-masinelei-143mm\/\">Sonax hard polishing pad<\/a><\/p>\n<p><b>Application:<\/b><\/p>\n<ol>\n<li>Sand the surface with an abrasive of 1000 grit or finer<br \/>\npaper and wipe clean. Remember that when sanding with paper,<br \/>\nthe paper must always be damp.<\/li>\n<li>Apply a small amount of paste to the polished<br \/>\nsurface or on a polishing pad, polish, for about 10 seconds in small<br \/>\nrevolutions by pressing harder and tilting the polisher slightly.<\/li>\n<li>Then polish for 20 seconds by pressing firmly<br \/>\nthe full surface of the polishing disc.<\/li>\n<li>Remove any residual polish.<\/li>\n<li>After this paste, use SONAX Perfect Finish -polish<br \/>\nfor the finish (gloss) code:<\/li>\n<\/ol>\n<p><b>ATTENTION:<\/b><\/p>\n<ol>\n<li>Do not allow the polished surface to overheat.<\/li>\n<li>Clean the polishing discs regularly.<\/li>\n<li>Never use the same polishing disc with different polishes.<\/li>\n<li>Keep out the cold.<\/li>\n<\/ol>\n<p>&nbsp;<\/p>\n<p style=\"text-align: center;\"><img loading=\"lazy\" decoding=\"async\" class=\"alignnone size-medium wp-image-2066\" src=\"https:\/\/detailspot.lt\/wp-content\/uploads\/2022\/12\/sonax-vector-logo-2022-300x167.png\" alt=\"\" width=\"300\" height=\"167\" srcset=\"https:\/\/detailspot.lt\/wp-content\/uploads\/2022\/12\/sonax-vector-logo-2022-300x167.png 300w, https:\/\/detailspot.lt\/wp-content\/uploads\/2022\/12\/sonax-vector-logo-2022-768x427.png 768w, https:\/\/detailspot.lt\/wp-content\/uploads\/2022\/12\/sonax-vector-logo-2022-600x333.png 600w, https:\/\/detailspot.lt\/wp-content\/uploads\/2022\/12\/sonax-vector-logo-2022-64x36.png 64w, https:\/\/detailspot.lt\/wp-content\/uploads\/2022\/12\/sonax-vector-logo-2022.png 900w\" sizes=\"auto, (max-width: 300px) 100vw, 300px\" \/><\/p>\n<p>&nbsp;<\/p>\n","protected":false},"excerpt":{"rendered":"<p>SONAX UltimateCut Highly effective abrasive polishing paste for high processing speeds, containing pure, ultra-hard aluminium oxide. D\u0117l &#8220;low dust&#8221; technologijos prakti\u0161kai nepalieka ant pavir\u0161iaus joki\u0173 polirolio residues. Works well with wool pads &#8211; Flexipads ProWool cor with a hard sponge pad &#8211;Sonax hard polishing pad Application: Sand the surface with an abrasive of 1000 grit&hellip;<\/p>\n","protected":false},"featured_media":4407,"comment_status":"closed","ping_status":"closed","template":"","meta":[],"product_brand":[],"product_cat":[173,170],"product_tag":[192,216,249],"class_list":{"0":"post-6782","1":"product","2":"type-product","3":"status-publish","4":"has-post-thumbnail","6":"product_cat-polishing-pastes","7":"product_cat-polishing-tools","8":"product_tag-polishing","9":"product_tag-polishing-pastes","10":"product_tag-sonax-en","11":"description-off","13":"first","14":"instock","15":"taxable","16":"shipping-taxable","17":"purchasable","18":"product-type-variable"},"yoast_head":"<!-- This site is optimized with the Yoast SEO plugin v27.4 - https:\/\/yoast.com\/product\/yoast-seo-wordpress\/ -->\n<title>SONAX UltimateCut Profiline polishing paste - Detail Spot<\/title>\n<meta name=\"description\" content=\"This paste contains pure, ultra-hard aluminium oxide. D\u0117l &quot;low dust&quot; technologijos prakti\u0161kai nepalieka ant pavir\u0161iaus joki\u0173 polirolio\" \/>\n<meta name=\"robots\" content=\"index, follow, max-snippet:-1, max-image-preview:large, max-video-preview:-1\" \/>\n<link rel=\"canonical\" href=\"https:\/\/detailspot.lt\/en\/produktas\/sonax-ultimatecut-profiline-polishing-paste\/\" \/>\n<meta property=\"og:locale\" content=\"en_US\" \/>\n<meta property=\"og:type\" content=\"article\" \/>\n<meta property=\"og:title\" content=\"SONAX UltimateCut Profiline polishing paste - Detail Spot\" \/>\n<meta property=\"og:description\" content=\"This paste contains pure, ultra-hard aluminium oxide. D\u0117l &quot;low dust&quot; technologijos prakti\u0161kai nepalieka ant pavir\u0161iaus joki\u0173 polirolio\" \/>\n<meta property=\"og:url\" content=\"https:\/\/detailspot.lt\/en\/produktas\/sonax-ultimatecut-profiline-polishing-paste\/\" \/>\n<meta property=\"og:site_name\" content=\"Detail Spot\" \/>\n<meta property=\"article:publisher\" content=\"https:\/\/www.facebook.com\/profile.php?id=100039208338156\" \/>\n<meta property=\"article:modified_time\" content=\"2025-06-02T13:10:29+00:00\" \/>\n<meta property=\"og:image\" content=\"https:\/\/detailspot.lt\/wp-content\/uploads\/2022\/12\/Sonax-ultimatecut.jpg\" \/>\n\t<meta property=\"og:image:width\" content=\"800\" \/>\n\t<meta property=\"og:image:height\" content=\"800\" \/>\n\t<meta property=\"og:image:type\" content=\"image\/jpeg\" \/>\n<meta name=\"twitter:card\" content=\"summary_large_image\" \/>\n<meta name=\"twitter:label1\" content=\"Est. reading time\" \/>\n\t<meta name=\"twitter:data1\" content=\"1 minute\" \/>\n<script type=\"application\/ld+json\" class=\"yoast-schema-graph\">{\"@context\":\"https:\\\/\\\/schema.org\",\"@graph\":[{\"@type\":\"WebPage\",\"@id\":\"https:\\\/\\\/detailspot.lt\\\/en\\\/produktas\\\/sonax-ultimatecut-profiline-polishing-paste\\\/\",\"url\":\"https:\\\/\\\/detailspot.lt\\\/en\\\/produktas\\\/sonax-ultimatecut-profiline-polishing-paste\\\/\",\"name\":\"SONAX UltimateCut Profiline polishing paste - Detail Spot\",\"isPartOf\":{\"@id\":\"https:\\\/\\\/detailspot.lt\\\/#website\"},\"primaryImageOfPage\":{\"@id\":\"https:\\\/\\\/detailspot.lt\\\/en\\\/produktas\\\/sonax-ultimatecut-profiline-polishing-paste\\\/#primaryimage\"},\"image\":{\"@id\":\"https:\\\/\\\/detailspot.lt\\\/en\\\/produktas\\\/sonax-ultimatecut-profiline-polishing-paste\\\/#primaryimage\"},\"thumbnailUrl\":\"https:\\\/\\\/detailspot.lt\\\/wp-content\\\/uploads\\\/2022\\\/12\\\/Sonax-ultimatecut.jpg\",\"datePublished\":\"2022-12-02T13:13:30+00:00\",\"dateModified\":\"2025-06-02T13:10:29+00:00\",\"description\":\"This paste contains pure, ultra-hard aluminium oxide. D\u0117l \\\"low dust\\\" technologijos prakti\u0161kai nepalieka ant pavir\u0161iaus joki\u0173 polirolio\",\"breadcrumb\":{\"@id\":\"https:\\\/\\\/detailspot.lt\\\/en\\\/produktas\\\/sonax-ultimatecut-profiline-polishing-paste\\\/#breadcrumb\"},\"inLanguage\":\"en-US\",\"potentialAction\":[{\"@type\":\"ReadAction\",\"target\":[\"https:\\\/\\\/detailspot.lt\\\/en\\\/produktas\\\/sonax-ultimatecut-profiline-polishing-paste\\\/\"]}]},{\"@type\":\"ImageObject\",\"inLanguage\":\"en-US\",\"@id\":\"https:\\\/\\\/detailspot.lt\\\/en\\\/produktas\\\/sonax-ultimatecut-profiline-polishing-paste\\\/#primaryimage\",\"url\":\"https:\\\/\\\/detailspot.lt\\\/wp-content\\\/uploads\\\/2022\\\/12\\\/Sonax-ultimatecut.jpg\",\"contentUrl\":\"https:\\\/\\\/detailspot.lt\\\/wp-content\\\/uploads\\\/2022\\\/12\\\/Sonax-ultimatecut.jpg\",\"width\":800,\"height\":800},{\"@type\":\"BreadcrumbList\",\"@id\":\"https:\\\/\\\/detailspot.lt\\\/en\\\/produktas\\\/sonax-ultimatecut-profiline-polishing-paste\\\/#breadcrumb\",\"itemListElement\":[{\"@type\":\"ListItem\",\"position\":1,\"name\":\"Home\",\"item\":\"https:\\\/\\\/detailspot.lt\\\/en\\\/\"},{\"@type\":\"ListItem\",\"position\":2,\"name\":\"Shop\",\"item\":\"https:\\\/\\\/detailspot.lt\\\/en\\\/parduotuve\\\/\"},{\"@type\":\"ListItem\",\"position\":3,\"name\":\"SONAX UltimateCut Profiline polishing paste\"}]},{\"@type\":\"WebSite\",\"@id\":\"https:\\\/\\\/detailspot.lt\\\/#website\",\"url\":\"https:\\\/\\\/detailspot.lt\\\/\",\"name\":\"Detail Spot\",\"description\":\"Automobili\u0173 prie\u017ei\u016bros priemon\u0117s\",\"publisher\":{\"@id\":\"https:\\\/\\\/detailspot.lt\\\/#organization\"},\"potentialAction\":[{\"@type\":\"SearchAction\",\"target\":{\"@type\":\"EntryPoint\",\"urlTemplate\":\"https:\\\/\\\/detailspot.lt\\\/?s={search_term_string}\"},\"query-input\":{\"@type\":\"PropertyValueSpecification\",\"valueRequired\":true,\"valueName\":\"search_term_string\"}}],\"inLanguage\":\"en-US\"},{\"@type\":\"Organization\",\"@id\":\"https:\\\/\\\/detailspot.lt\\\/#organization\",\"name\":\"Detail Spot\",\"url\":\"https:\\\/\\\/detailspot.lt\\\/\",\"logo\":{\"@type\":\"ImageObject\",\"inLanguage\":\"en-US\",\"@id\":\"https:\\\/\\\/detailspot.lt\\\/#\\\/schema\\\/logo\\\/image\\\/\",\"url\":\"https:\\\/\\\/detailspot.lt\\\/wp-content\\\/uploads\\\/2022\\\/10\\\/logo-original.svg\",\"contentUrl\":\"https:\\\/\\\/detailspot.lt\\\/wp-content\\\/uploads\\\/2022\\\/10\\\/logo-original.svg\",\"width\":1,\"height\":1,\"caption\":\"Detail Spot\"},\"image\":{\"@id\":\"https:\\\/\\\/detailspot.lt\\\/#\\\/schema\\\/logo\\\/image\\\/\"},\"sameAs\":[\"https:\\\/\\\/www.facebook.com\\\/profile.php?id=100039208338156\"]}]}<\/script>\n<!-- \/ Yoast SEO plugin. -->","yoast_head_json":{"title":"SONAX UltimateCut Profiline polishing paste - Detail Spot","description":"This paste contains pure, ultra-hard aluminium oxide. D\u0117l \"low dust\" technologijos prakti\u0161kai nepalieka ant pavir\u0161iaus joki\u0173 polirolio","robots":{"index":"index","follow":"follow","max-snippet":"max-snippet:-1","max-image-preview":"max-image-preview:large","max-video-preview":"max-video-preview:-1"},"canonical":"https:\/\/detailspot.lt\/en\/produktas\/sonax-ultimatecut-profiline-polishing-paste\/","og_locale":"en_US","og_type":"article","og_title":"SONAX UltimateCut Profiline polishing paste - Detail Spot","og_description":"This paste contains pure, ultra-hard aluminium oxide. D\u0117l \"low dust\" technologijos prakti\u0161kai nepalieka ant pavir\u0161iaus joki\u0173 polirolio","og_url":"https:\/\/detailspot.lt\/en\/produktas\/sonax-ultimatecut-profiline-polishing-paste\/","og_site_name":"Detail Spot","article_publisher":"https:\/\/www.facebook.com\/profile.php?id=100039208338156","article_modified_time":"2025-06-02T13:10:29+00:00","og_image":[{"width":800,"height":800,"url":"https:\/\/detailspot.lt\/wp-content\/uploads\/2022\/12\/Sonax-ultimatecut.jpg","type":"image\/jpeg"}],"twitter_card":"summary_large_image","twitter_misc":{"Est. reading time":"1 minute"},"schema":{"@context":"https:\/\/schema.org","@graph":[{"@type":"WebPage","@id":"https:\/\/detailspot.lt\/en\/produktas\/sonax-ultimatecut-profiline-polishing-paste\/","url":"https:\/\/detailspot.lt\/en\/produktas\/sonax-ultimatecut-profiline-polishing-paste\/","name":"SONAX UltimateCut Profiline polishing paste - Detail Spot","isPartOf":{"@id":"https:\/\/detailspot.lt\/#website"},"primaryImageOfPage":{"@id":"https:\/\/detailspot.lt\/en\/produktas\/sonax-ultimatecut-profiline-polishing-paste\/#primaryimage"},"image":{"@id":"https:\/\/detailspot.lt\/en\/produktas\/sonax-ultimatecut-profiline-polishing-paste\/#primaryimage"},"thumbnailUrl":"https:\/\/detailspot.lt\/wp-content\/uploads\/2022\/12\/Sonax-ultimatecut.jpg","datePublished":"2022-12-02T13:13:30+00:00","dateModified":"2025-06-02T13:10:29+00:00","description":"This paste contains pure, ultra-hard aluminium oxide. D\u0117l \"low dust\" technologijos prakti\u0161kai nepalieka ant pavir\u0161iaus joki\u0173 polirolio","breadcrumb":{"@id":"https:\/\/detailspot.lt\/en\/produktas\/sonax-ultimatecut-profiline-polishing-paste\/#breadcrumb"},"inLanguage":"en-US","potentialAction":[{"@type":"ReadAction","target":["https:\/\/detailspot.lt\/en\/produktas\/sonax-ultimatecut-profiline-polishing-paste\/"]}]},{"@type":"ImageObject","inLanguage":"en-US","@id":"https:\/\/detailspot.lt\/en\/produktas\/sonax-ultimatecut-profiline-polishing-paste\/#primaryimage","url":"https:\/\/detailspot.lt\/wp-content\/uploads\/2022\/12\/Sonax-ultimatecut.jpg","contentUrl":"https:\/\/detailspot.lt\/wp-content\/uploads\/2022\/12\/Sonax-ultimatecut.jpg","width":800,"height":800},{"@type":"BreadcrumbList","@id":"https:\/\/detailspot.lt\/en\/produktas\/sonax-ultimatecut-profiline-polishing-paste\/#breadcrumb","itemListElement":[{"@type":"ListItem","position":1,"name":"Home","item":"https:\/\/detailspot.lt\/en\/"},{"@type":"ListItem","position":2,"name":"Shop","item":"https:\/\/detailspot.lt\/en\/parduotuve\/"},{"@type":"ListItem","position":3,"name":"SONAX UltimateCut Profiline polishing paste"}]},{"@type":"WebSite","@id":"https:\/\/detailspot.lt\/#website","url":"https:\/\/detailspot.lt\/","name":"Detail Spot","description":"Automobili\u0173 prie\u017ei\u016bros priemon\u0117s","publisher":{"@id":"https:\/\/detailspot.lt\/#organization"},"potentialAction":[{"@type":"SearchAction","target":{"@type":"EntryPoint","urlTemplate":"https:\/\/detailspot.lt\/?s={search_term_string}"},"query-input":{"@type":"PropertyValueSpecification","valueRequired":true,"valueName":"search_term_string"}}],"inLanguage":"en-US"},{"@type":"Organization","@id":"https:\/\/detailspot.lt\/#organization","name":"Detail Spot","url":"https:\/\/detailspot.lt\/","logo":{"@type":"ImageObject","inLanguage":"en-US","@id":"https:\/\/detailspot.lt\/#\/schema\/logo\/image\/","url":"https:\/\/detailspot.lt\/wp-content\/uploads\/2022\/10\/logo-original.svg","contentUrl":"https:\/\/detailspot.lt\/wp-content\/uploads\/2022\/10\/logo-original.svg","width":1,"height":1,"caption":"Detail Spot"},"image":{"@id":"https:\/\/detailspot.lt\/#\/schema\/logo\/image\/"},"sameAs":["https:\/\/www.facebook.com\/profile.php?id=100039208338156"]}]}},"_links":{"self":[{"href":"https:\/\/detailspot.lt\/en\/wp-json\/wp\/v2\/product\/6782","targetHints":{"allow":["GET"]}}],"collection":[{"href":"https:\/\/detailspot.lt\/en\/wp-json\/wp\/v2\/product"}],"about":[{"href":"https:\/\/detailspot.lt\/en\/wp-json\/wp\/v2\/types\/product"}],"replies":[{"embeddable":true,"href":"https:\/\/detailspot.lt\/en\/wp-json\/wp\/v2\/comments?post=6782"}],"wp:featuredmedia":[{"embeddable":true,"href":"https:\/\/detailspot.lt\/en\/wp-json\/wp\/v2\/media\/4407"}],"wp:attachment":[{"href":"https:\/\/detailspot.lt\/en\/wp-json\/wp\/v2\/media?parent=6782"}],"wp:term":[{"taxonomy":"product_brand","embeddable":true,"href":"https:\/\/detailspot.lt\/en\/wp-json\/wp\/v2\/product_brand?post=6782"},{"taxonomy":"product_cat","embeddable":true,"href":"https:\/\/detailspot.lt\/en\/wp-json\/wp\/v2\/product_cat?post=6782"},{"taxonomy":"product_tag","embeddable":true,"href":"https:\/\/detailspot.lt\/en\/wp-json\/wp\/v2\/product_tag?post=6782"}],"curies":[{"name":"wp","href":"https:\/\/api.w.org\/{rel}","templated":true}]}}