{"id":6735,"date":"2022-12-02T15:13:18","date_gmt":"2022-12-02T13:13:18","guid":{"rendered":"https:\/\/detailspot.lt\/produktas\/koch-chemie-polishing-sponge-one-cut-pad\/"},"modified":"2022-12-02T15:13:18","modified_gmt":"2022-12-02T13:13:18","slug":"koch-chemie-polishing-sponge-one-cut-pad","status":"publish","type":"product","link":"https:\/\/detailspot.lt\/en\/produktas\/koch-chemie-polishing-sponge-one-cut-pad\/","title":{"rendered":"Koch Chemie Polishing sponge one cut pad"},"content":{"rendered":"<div class=\"js-readmore-product-display\">\n<div class=\"field field-name-field-description field-type-text-with-summary field-label-hidden\">\n<div class=\"field-items\">\n<div class=\"field-item even\">\n<h1 class=\"rtejustify\"><strong>Koch Chemie Polishing sponge one cut pad<\/strong><\/h1>\n<p class=\"rtejustify\">Sanding sponge for polishing with One Cut\/Finish P6.01 polishing paste.<\/p>\n<\/div>\n<p>&nbsp;<\/p>\n<p><img loading=\"lazy\" decoding=\"async\" class=\"aligncenter\" src=\"https:\/\/www.detaily.lt\/images\/Userfiles\/Koch_Chemie.png\" alt=\"\" width=\"300\" height=\"68\"><\/p>\n<\/div>\n<\/div>\n<\/div>\n<div class=\"row inner\">\n<div class=\"col-lg-4\">\n<div class=\"photo-slider-for slick-initialized slick-slider\">\n<div class=\"slick-list draggable\">\n<div class=\"slick-track\"><\/div>\n<\/div>\n<\/div>\n<div class=\"photo-slider-nav\"><\/div>\n<\/div>\n<\/div>\n","protected":false},"excerpt":{"rendered":"<p>Koch Chemie Polishing sponge one cut pad Sanding sponge for polishing with One Cut\/Finish P6.01 polishing paste. &nbsp;<\/p>\n","protected":false},"featured_media":3998,"comment_status":"closed","ping_status":"closed","template":"","meta":[],"product_brand":[],"product_cat":[172,170],"product_tag":[209,192,193],"class_list":{"0":"post-6735","1":"product","2":"type-product","3":"status-publish","4":"has-post-thumbnail","6":"product_cat-polishing-pads","7":"product_cat-polishing-tools","8":"product_tag-koch-chemie-en","9":"product_tag-polishing","10":"product_tag-polishing-pads","11":"description-off","13":"first","14":"instock","15":"taxable","16":"shipping-taxable","17":"purchasable","18":"product-type-variable"},"yoast_head":"<!-- This site is optimized with the Yoast SEO plugin v27.4 - https:\/\/yoast.com\/product\/yoast-seo-wordpress\/ -->\n<title>Koch Chemie Polishing sponge one cut pad - Detail Spot<\/title>\n<meta name=\"description\" content=\"Koch Chemie Polishing sponge one cut pad Sanding sponge for polishing with One Cut\/Finish P6.01 polishing paste.\" \/>\n<meta name=\"robots\" content=\"index, follow, max-snippet:-1, max-image-preview:large, max-video-preview:-1\" \/>\n<link rel=\"canonical\" href=\"https:\/\/detailspot.lt\/en\/produktas\/koch-chemie-polishing-sponge-one-cut-pad\/\" \/>\n<meta property=\"og:locale\" content=\"en_US\" \/>\n<meta property=\"og:type\" content=\"article\" \/>\n<meta property=\"og:title\" content=\"Koch Chemie Polishing sponge one cut pad - Detail Spot\" \/>\n<meta property=\"og:description\" content=\"Koch Chemie Polishing sponge one cut pad Sanding sponge for polishing with One Cut\/Finish P6.01 polishing paste.\" \/>\n<meta property=\"og:url\" content=\"https:\/\/detailspot.lt\/en\/produktas\/koch-chemie-polishing-sponge-one-cut-pad\/\" \/>\n<meta property=\"og:site_name\" content=\"Detail Spot\" \/>\n<meta property=\"article:publisher\" content=\"https:\/\/www.facebook.com\/profile.php?id=100039208338156\" \/>\n<meta property=\"og:image\" content=\"https:\/\/detailspot.lt\/wp-content\/uploads\/2022\/12\/Koch-Chemie-Poliravimo-Kempine-one-cut-pad.jpg\" \/>\n\t<meta property=\"og:image:width\" content=\"300\" \/>\n\t<meta property=\"og:image:height\" content=\"300\" \/>\n\t<meta property=\"og:image:type\" content=\"image\/jpeg\" \/>\n<meta name=\"twitter:card\" content=\"summary_large_image\" \/>\n<script type=\"application\/ld+json\" class=\"yoast-schema-graph\">{\"@context\":\"https:\\\/\\\/schema.org\",\"@graph\":[{\"@type\":\"WebPage\",\"@id\":\"https:\\\/\\\/detailspot.lt\\\/en\\\/produktas\\\/koch-chemie-polishing-sponge-one-cut-pad\\\/\",\"url\":\"https:\\\/\\\/detailspot.lt\\\/en\\\/produktas\\\/koch-chemie-polishing-sponge-one-cut-pad\\\/\",\"name\":\"Koch Chemie Polishing sponge one cut pad - Detail Spot\",\"isPartOf\":{\"@id\":\"https:\\\/\\\/detailspot.lt\\\/#website\"},\"primaryImageOfPage\":{\"@id\":\"https:\\\/\\\/detailspot.lt\\\/en\\\/produktas\\\/koch-chemie-polishing-sponge-one-cut-pad\\\/#primaryimage\"},\"image\":{\"@id\":\"https:\\\/\\\/detailspot.lt\\\/en\\\/produktas\\\/koch-chemie-polishing-sponge-one-cut-pad\\\/#primaryimage\"},\"thumbnailUrl\":\"https:\\\/\\\/detailspot.lt\\\/wp-content\\\/uploads\\\/2022\\\/12\\\/Koch-Chemie-Poliravimo-Kempine-one-cut-pad.jpg\",\"datePublished\":\"2022-12-02T13:13:18+00:00\",\"description\":\"Koch Chemie Polishing sponge one cut pad Sanding sponge for polishing with One Cut\\\/Finish P6.01 polishing paste.\",\"breadcrumb\":{\"@id\":\"https:\\\/\\\/detailspot.lt\\\/en\\\/produktas\\\/koch-chemie-polishing-sponge-one-cut-pad\\\/#breadcrumb\"},\"inLanguage\":\"en-US\",\"potentialAction\":[{\"@type\":\"ReadAction\",\"target\":[\"https:\\\/\\\/detailspot.lt\\\/en\\\/produktas\\\/koch-chemie-polishing-sponge-one-cut-pad\\\/\"]}]},{\"@type\":\"ImageObject\",\"inLanguage\":\"en-US\",\"@id\":\"https:\\\/\\\/detailspot.lt\\\/en\\\/produktas\\\/koch-chemie-polishing-sponge-one-cut-pad\\\/#primaryimage\",\"url\":\"https:\\\/\\\/detailspot.lt\\\/wp-content\\\/uploads\\\/2022\\\/12\\\/Koch-Chemie-Poliravimo-Kempine-one-cut-pad.jpg\",\"contentUrl\":\"https:\\\/\\\/detailspot.lt\\\/wp-content\\\/uploads\\\/2022\\\/12\\\/Koch-Chemie-Poliravimo-Kempine-one-cut-pad.jpg\",\"width\":300,\"height\":300},{\"@type\":\"BreadcrumbList\",\"@id\":\"https:\\\/\\\/detailspot.lt\\\/en\\\/produktas\\\/koch-chemie-polishing-sponge-one-cut-pad\\\/#breadcrumb\",\"itemListElement\":[{\"@type\":\"ListItem\",\"position\":1,\"name\":\"Home\",\"item\":\"https:\\\/\\\/detailspot.lt\\\/en\\\/\"},{\"@type\":\"ListItem\",\"position\":2,\"name\":\"Shop\",\"item\":\"https:\\\/\\\/detailspot.lt\\\/en\\\/parduotuve\\\/\"},{\"@type\":\"ListItem\",\"position\":3,\"name\":\"Koch Chemie Polishing sponge one cut pad\"}]},{\"@type\":\"WebSite\",\"@id\":\"https:\\\/\\\/detailspot.lt\\\/#website\",\"url\":\"https:\\\/\\\/detailspot.lt\\\/\",\"name\":\"Detail Spot\",\"description\":\"Automobili\u0173 prie\u017ei\u016bros priemon\u0117s\",\"publisher\":{\"@id\":\"https:\\\/\\\/detailspot.lt\\\/#organization\"},\"potentialAction\":[{\"@type\":\"SearchAction\",\"target\":{\"@type\":\"EntryPoint\",\"urlTemplate\":\"https:\\\/\\\/detailspot.lt\\\/?s={search_term_string}\"},\"query-input\":{\"@type\":\"PropertyValueSpecification\",\"valueRequired\":true,\"valueName\":\"search_term_string\"}}],\"inLanguage\":\"en-US\"},{\"@type\":\"Organization\",\"@id\":\"https:\\\/\\\/detailspot.lt\\\/#organization\",\"name\":\"Detail Spot\",\"url\":\"https:\\\/\\\/detailspot.lt\\\/\",\"logo\":{\"@type\":\"ImageObject\",\"inLanguage\":\"en-US\",\"@id\":\"https:\\\/\\\/detailspot.lt\\\/#\\\/schema\\\/logo\\\/image\\\/\",\"url\":\"https:\\\/\\\/detailspot.lt\\\/wp-content\\\/uploads\\\/2022\\\/10\\\/logo-original.svg\",\"contentUrl\":\"https:\\\/\\\/detailspot.lt\\\/wp-content\\\/uploads\\\/2022\\\/10\\\/logo-original.svg\",\"width\":1,\"height\":1,\"caption\":\"Detail Spot\"},\"image\":{\"@id\":\"https:\\\/\\\/detailspot.lt\\\/#\\\/schema\\\/logo\\\/image\\\/\"},\"sameAs\":[\"https:\\\/\\\/www.facebook.com\\\/profile.php?id=100039208338156\"]}]}<\/script>\n<!-- \/ Yoast SEO plugin. -->","yoast_head_json":{"title":"Koch Chemie Polishing sponge one cut pad - Detail Spot","description":"Koch Chemie Polishing sponge one cut pad Sanding sponge for polishing with One Cut\/Finish P6.01 polishing paste.","robots":{"index":"index","follow":"follow","max-snippet":"max-snippet:-1","max-image-preview":"max-image-preview:large","max-video-preview":"max-video-preview:-1"},"canonical":"https:\/\/detailspot.lt\/en\/produktas\/koch-chemie-polishing-sponge-one-cut-pad\/","og_locale":"en_US","og_type":"article","og_title":"Koch Chemie Polishing sponge one cut pad - Detail Spot","og_description":"Koch Chemie Polishing sponge one cut pad Sanding sponge for polishing with One Cut\/Finish P6.01 polishing paste.","og_url":"https:\/\/detailspot.lt\/en\/produktas\/koch-chemie-polishing-sponge-one-cut-pad\/","og_site_name":"Detail Spot","article_publisher":"https:\/\/www.facebook.com\/profile.php?id=100039208338156","og_image":[{"width":300,"height":300,"url":"https:\/\/detailspot.lt\/wp-content\/uploads\/2022\/12\/Koch-Chemie-Poliravimo-Kempine-one-cut-pad.jpg","type":"image\/jpeg"}],"twitter_card":"summary_large_image","schema":{"@context":"https:\/\/schema.org","@graph":[{"@type":"WebPage","@id":"https:\/\/detailspot.lt\/en\/produktas\/koch-chemie-polishing-sponge-one-cut-pad\/","url":"https:\/\/detailspot.lt\/en\/produktas\/koch-chemie-polishing-sponge-one-cut-pad\/","name":"Koch Chemie Polishing sponge one cut pad - Detail Spot","isPartOf":{"@id":"https:\/\/detailspot.lt\/#website"},"primaryImageOfPage":{"@id":"https:\/\/detailspot.lt\/en\/produktas\/koch-chemie-polishing-sponge-one-cut-pad\/#primaryimage"},"image":{"@id":"https:\/\/detailspot.lt\/en\/produktas\/koch-chemie-polishing-sponge-one-cut-pad\/#primaryimage"},"thumbnailUrl":"https:\/\/detailspot.lt\/wp-content\/uploads\/2022\/12\/Koch-Chemie-Poliravimo-Kempine-one-cut-pad.jpg","datePublished":"2022-12-02T13:13:18+00:00","description":"Koch Chemie Polishing sponge one cut pad Sanding sponge for polishing with One Cut\/Finish P6.01 polishing paste.","breadcrumb":{"@id":"https:\/\/detailspot.lt\/en\/produktas\/koch-chemie-polishing-sponge-one-cut-pad\/#breadcrumb"},"inLanguage":"en-US","potentialAction":[{"@type":"ReadAction","target":["https:\/\/detailspot.lt\/en\/produktas\/koch-chemie-polishing-sponge-one-cut-pad\/"]}]},{"@type":"ImageObject","inLanguage":"en-US","@id":"https:\/\/detailspot.lt\/en\/produktas\/koch-chemie-polishing-sponge-one-cut-pad\/#primaryimage","url":"https:\/\/detailspot.lt\/wp-content\/uploads\/2022\/12\/Koch-Chemie-Poliravimo-Kempine-one-cut-pad.jpg","contentUrl":"https:\/\/detailspot.lt\/wp-content\/uploads\/2022\/12\/Koch-Chemie-Poliravimo-Kempine-one-cut-pad.jpg","width":300,"height":300},{"@type":"BreadcrumbList","@id":"https:\/\/detailspot.lt\/en\/produktas\/koch-chemie-polishing-sponge-one-cut-pad\/#breadcrumb","itemListElement":[{"@type":"ListItem","position":1,"name":"Home","item":"https:\/\/detailspot.lt\/en\/"},{"@type":"ListItem","position":2,"name":"Shop","item":"https:\/\/detailspot.lt\/en\/parduotuve\/"},{"@type":"ListItem","position":3,"name":"Koch Chemie Polishing sponge one cut pad"}]},{"@type":"WebSite","@id":"https:\/\/detailspot.lt\/#website","url":"https:\/\/detailspot.lt\/","name":"Detail Spot","description":"Automobili\u0173 prie\u017ei\u016bros priemon\u0117s","publisher":{"@id":"https:\/\/detailspot.lt\/#organization"},"potentialAction":[{"@type":"SearchAction","target":{"@type":"EntryPoint","urlTemplate":"https:\/\/detailspot.lt\/?s={search_term_string}"},"query-input":{"@type":"PropertyValueSpecification","valueRequired":true,"valueName":"search_term_string"}}],"inLanguage":"en-US"},{"@type":"Organization","@id":"https:\/\/detailspot.lt\/#organization","name":"Detail Spot","url":"https:\/\/detailspot.lt\/","logo":{"@type":"ImageObject","inLanguage":"en-US","@id":"https:\/\/detailspot.lt\/#\/schema\/logo\/image\/","url":"https:\/\/detailspot.lt\/wp-content\/uploads\/2022\/10\/logo-original.svg","contentUrl":"https:\/\/detailspot.lt\/wp-content\/uploads\/2022\/10\/logo-original.svg","width":1,"height":1,"caption":"Detail Spot"},"image":{"@id":"https:\/\/detailspot.lt\/#\/schema\/logo\/image\/"},"sameAs":["https:\/\/www.facebook.com\/profile.php?id=100039208338156"]}]}},"_links":{"self":[{"href":"https:\/\/detailspot.lt\/en\/wp-json\/wp\/v2\/product\/6735","targetHints":{"allow":["GET"]}}],"collection":[{"href":"https:\/\/detailspot.lt\/en\/wp-json\/wp\/v2\/product"}],"about":[{"href":"https:\/\/detailspot.lt\/en\/wp-json\/wp\/v2\/types\/product"}],"replies":[{"embeddable":true,"href":"https:\/\/detailspot.lt\/en\/wp-json\/wp\/v2\/comments?post=6735"}],"wp:featuredmedia":[{"embeddable":true,"href":"https:\/\/detailspot.lt\/en\/wp-json\/wp\/v2\/media\/3998"}],"wp:attachment":[{"href":"https:\/\/detailspot.lt\/en\/wp-json\/wp\/v2\/media?parent=6735"}],"wp:term":[{"taxonomy":"product_brand","embeddable":true,"href":"https:\/\/detailspot.lt\/en\/wp-json\/wp\/v2\/product_brand?post=6735"},{"taxonomy":"product_cat","embeddable":true,"href":"https:\/\/detailspot.lt\/en\/wp-json\/wp\/v2\/product_cat?post=6735"},{"taxonomy":"product_tag","embeddable":true,"href":"https:\/\/detailspot.lt\/en\/wp-json\/wp\/v2\/product_tag?post=6735"}],"curies":[{"name":"wp","href":"https:\/\/api.w.org\/{rel}","templated":true}]}}