{"id":6724,"date":"2022-12-02T15:15:36","date_gmt":"2022-12-02T13:15:36","guid":{"rendered":"https:\/\/detailspot.lt\/produktas\/poka-premium-pad-shelf\/"},"modified":"2025-08-25T00:00:40","modified_gmt":"2025-08-24T21:00:40","slug":"poka-premium-pad-shelf","status":"publish","type":"product","link":"https:\/\/detailspot.lt\/en\/produktas\/poka-premium-pad-shelf\/","title":{"rendered":"Poka Premium Pad Shelf"},"content":{"rendered":"<div id=\"heading2\">\n<p><strong>Poka Premium Pad Shelf &#8211; <\/strong>shelf for storing polishing pads of different sizes<\/p>\n<p><strong>Features<\/strong><\/p>\n<ol>\n<li>Accommodates pads from 80-165mm diameter<\/li>\n<li>Holds 14-28 items. for tyres<\/li>\n<li>Length 40 or 80cm<\/li>\n<li>Depth 17cm<\/li>\n<li>Height 10cm<\/li>\n<li>Laser cut from 1,5mm metal<\/li>\n<li>Powder coated<\/li>\n<li>Wall-mounted<\/li>\n<\/ol>\n<p style=\"text-align: center;\"><img loading=\"lazy\" decoding=\"async\" class=\"alignnone size-full wp-image-2643\" src=\"https:\/\/detailspot.lt\/wp-content\/uploads\/2022\/12\/Poka_logo.jpg\" alt=\"\" width=\"190\" height=\"276\" srcset=\"https:\/\/detailspot.lt\/wp-content\/uploads\/2022\/12\/Poka_logo.jpg 190w, https:\/\/detailspot.lt\/wp-content\/uploads\/2022\/12\/Poka_logo-64x93.jpg 64w\" sizes=\"auto, (max-width: 190px) 100vw, 190px\" \/><\/p>\n<\/div>\n<div class=\"clear\"><\/div>\n<div class=\"grid_27 alpha omega \">\n<p id=\"good_links_wrapper_1325\"><strong> <\/strong><\/p>\n<\/div>\n","protected":false},"excerpt":{"rendered":"<p>Poka Premium Pad Shelf &#8211; shelf for storing polishing pads of different sizes Features Accommodates pads from 80-165mm diameter Holds 14-28 items. for tyres Length 40 or 80cm Depth 17cm Height 10cm Laser cut from 1,5mm metal Powder coated Wall-mounted<\/p>\n","protected":false},"featured_media":4115,"comment_status":"closed","ping_status":"closed","template":"","meta":[],"product_brand":[],"product_cat":[182,179],"product_tag":[],"class_list":{"0":"post-6724","1":"product","2":"type-product","3":"status-publish","4":"has-post-thumbnail","6":"product_cat-poka-premium-en","7":"product_cat-tools","8":"description-off","10":"first","11":"onbackorder","12":"taxable","13":"shipping-taxable","14":"purchasable","15":"product-type-variable"},"yoast_head":"<!-- This site is optimized with the Yoast SEO plugin v27.2 - https:\/\/yoast.com\/product\/yoast-seo-wordpress\/ -->\n<title>Poka Premium Pad Shelf - Detail Spot<\/title>\n<meta name=\"robots\" content=\"index, follow, max-snippet:-1, max-image-preview:large, max-video-preview:-1\" \/>\n<link rel=\"canonical\" href=\"https:\/\/detailspot.lt\/produktas\/poka-premium-pad-shelf\/\" \/>\n<meta property=\"og:locale\" content=\"en_US\" \/>\n<meta property=\"og:type\" content=\"article\" \/>\n<meta property=\"og:title\" content=\"Poka Premium Pad Shelf - Detail Spot\" \/>\n<meta property=\"og:description\" content=\"Poka Premium Pad Shelf &#8211; shelf for storing polishing pads of different sizes Features Accommodates pads from 80-165mm diameter Holds 14-28 items. for tyres Length 40 or 80cm Depth 17cm Height 10cm Laser cut from 1,5mm metal Powder coated Wall-mounted\" \/>\n<meta property=\"og:url\" content=\"https:\/\/detailspot.lt\/produktas\/poka-premium-pad-shelf\/\" \/>\n<meta property=\"og:site_name\" content=\"Detail Spot\" \/>\n<meta property=\"article:publisher\" content=\"https:\/\/www.facebook.com\/profile.php?id=100039208338156\" \/>\n<meta property=\"article:modified_time\" content=\"2025-08-24T21:00:40+00:00\" \/>\n<meta property=\"og:image\" content=\"https:\/\/detailspot.lt\/wp-content\/uploads\/2022\/12\/Poka_logo.jpg\" \/>\n<meta name=\"twitter:card\" content=\"summary_large_image\" \/>\n<script type=\"application\/ld+json\" class=\"yoast-schema-graph\">{\"@context\":\"https:\/\/schema.org\",\"@graph\":[{\"@type\":\"WebPage\",\"@id\":\"https:\/\/detailspot.lt\/produktas\/poka-premium-pad-shelf\/\",\"url\":\"https:\/\/detailspot.lt\/produktas\/poka-premium-pad-shelf\/\",\"name\":\"Poka Premium Pad Shelf - Detail Spot\",\"isPartOf\":{\"@id\":\"https:\/\/detailspot.lt\/#website\"},\"primaryImageOfPage\":{\"@id\":\"https:\/\/detailspot.lt\/produktas\/poka-premium-pad-shelf\/#primaryimage\"},\"image\":{\"@id\":\"https:\/\/detailspot.lt\/produktas\/poka-premium-pad-shelf\/#primaryimage\"},\"thumbnailUrl\":\"https:\/\/detailspot.lt\/wp-content\/uploads\/2022\/12\/ppp-80-1.jpg\",\"datePublished\":\"2022-12-02T13:15:36+00:00\",\"dateModified\":\"2025-08-24T21:00:40+00:00\",\"breadcrumb\":{\"@id\":\"https:\/\/detailspot.lt\/produktas\/poka-premium-pad-shelf\/#breadcrumb\"},\"inLanguage\":\"en-US\",\"potentialAction\":[{\"@type\":\"ReadAction\",\"target\":[\"https:\/\/detailspot.lt\/produktas\/poka-premium-pad-shelf\/\"]}]},{\"@type\":\"ImageObject\",\"inLanguage\":\"en-US\",\"@id\":\"https:\/\/detailspot.lt\/produktas\/poka-premium-pad-shelf\/#primaryimage\",\"url\":\"https:\/\/detailspot.lt\/wp-content\/uploads\/2022\/12\/ppp-80-1.jpg\",\"contentUrl\":\"https:\/\/detailspot.lt\/wp-content\/uploads\/2022\/12\/ppp-80-1.jpg\",\"width\":1188,\"height\":1188},{\"@type\":\"BreadcrumbList\",\"@id\":\"https:\/\/detailspot.lt\/produktas\/poka-premium-pad-shelf\/#breadcrumb\",\"itemListElement\":[{\"@type\":\"ListItem\",\"position\":1,\"name\":\"Home\",\"item\":\"https:\/\/detailspot.lt\/en\/\"},{\"@type\":\"ListItem\",\"position\":2,\"name\":\"Shop\",\"item\":\"https:\/\/detailspot.lt\/en\/parduotuve\/\"},{\"@type\":\"ListItem\",\"position\":3,\"name\":\"Poka Premium Pad Shelf\"}]},{\"@type\":\"WebSite\",\"@id\":\"https:\/\/detailspot.lt\/#website\",\"url\":\"https:\/\/detailspot.lt\/\",\"name\":\"Detail Spot\",\"description\":\"Automobili\u0173 prie\u017ei\u016bros priemon\u0117s\",\"publisher\":{\"@id\":\"https:\/\/detailspot.lt\/#organization\"},\"potentialAction\":[{\"@type\":\"SearchAction\",\"target\":{\"@type\":\"EntryPoint\",\"urlTemplate\":\"https:\/\/detailspot.lt\/?s={search_term_string}\"},\"query-input\":{\"@type\":\"PropertyValueSpecification\",\"valueRequired\":true,\"valueName\":\"search_term_string\"}}],\"inLanguage\":\"en-US\"},{\"@type\":\"Organization\",\"@id\":\"https:\/\/detailspot.lt\/#organization\",\"name\":\"Detail Spot\",\"url\":\"https:\/\/detailspot.lt\/\",\"logo\":{\"@type\":\"ImageObject\",\"inLanguage\":\"en-US\",\"@id\":\"https:\/\/detailspot.lt\/#\/schema\/logo\/image\/\",\"url\":\"https:\/\/detailspot.lt\/wp-content\/uploads\/2022\/10\/logo-original.svg\",\"contentUrl\":\"https:\/\/detailspot.lt\/wp-content\/uploads\/2022\/10\/logo-original.svg\",\"width\":1,\"height\":1,\"caption\":\"Detail Spot\"},\"image\":{\"@id\":\"https:\/\/detailspot.lt\/#\/schema\/logo\/image\/\"},\"sameAs\":[\"https:\/\/www.facebook.com\/profile.php?id=100039208338156\"]}]}<\/script>\n<!-- \/ Yoast SEO plugin. -->","yoast_head_json":{"title":"Poka Premium Pad Shelf - Detail Spot","robots":{"index":"index","follow":"follow","max-snippet":"max-snippet:-1","max-image-preview":"max-image-preview:large","max-video-preview":"max-video-preview:-1"},"canonical":"https:\/\/detailspot.lt\/produktas\/poka-premium-pad-shelf\/","og_locale":"en_US","og_type":"article","og_title":"Poka Premium Pad Shelf - Detail Spot","og_description":"Poka Premium Pad Shelf &#8211; shelf for storing polishing pads of different sizes Features Accommodates pads from 80-165mm diameter Holds 14-28 items. for tyres Length 40 or 80cm Depth 17cm Height 10cm Laser cut from 1,5mm metal Powder coated Wall-mounted","og_url":"https:\/\/detailspot.lt\/produktas\/poka-premium-pad-shelf\/","og_site_name":"Detail Spot","article_publisher":"https:\/\/www.facebook.com\/profile.php?id=100039208338156","article_modified_time":"2025-08-24T21:00:40+00:00","og_image":[{"url":"https:\/\/detailspot.lt\/wp-content\/uploads\/2022\/12\/Poka_logo.jpg","type":"","width":"","height":""}],"twitter_card":"summary_large_image","schema":{"@context":"https:\/\/schema.org","@graph":[{"@type":"WebPage","@id":"https:\/\/detailspot.lt\/produktas\/poka-premium-pad-shelf\/","url":"https:\/\/detailspot.lt\/produktas\/poka-premium-pad-shelf\/","name":"Poka Premium Pad Shelf - Detail Spot","isPartOf":{"@id":"https:\/\/detailspot.lt\/#website"},"primaryImageOfPage":{"@id":"https:\/\/detailspot.lt\/produktas\/poka-premium-pad-shelf\/#primaryimage"},"image":{"@id":"https:\/\/detailspot.lt\/produktas\/poka-premium-pad-shelf\/#primaryimage"},"thumbnailUrl":"https:\/\/detailspot.lt\/wp-content\/uploads\/2022\/12\/ppp-80-1.jpg","datePublished":"2022-12-02T13:15:36+00:00","dateModified":"2025-08-24T21:00:40+00:00","breadcrumb":{"@id":"https:\/\/detailspot.lt\/produktas\/poka-premium-pad-shelf\/#breadcrumb"},"inLanguage":"en-US","potentialAction":[{"@type":"ReadAction","target":["https:\/\/detailspot.lt\/produktas\/poka-premium-pad-shelf\/"]}]},{"@type":"ImageObject","inLanguage":"en-US","@id":"https:\/\/detailspot.lt\/produktas\/poka-premium-pad-shelf\/#primaryimage","url":"https:\/\/detailspot.lt\/wp-content\/uploads\/2022\/12\/ppp-80-1.jpg","contentUrl":"https:\/\/detailspot.lt\/wp-content\/uploads\/2022\/12\/ppp-80-1.jpg","width":1188,"height":1188},{"@type":"BreadcrumbList","@id":"https:\/\/detailspot.lt\/produktas\/poka-premium-pad-shelf\/#breadcrumb","itemListElement":[{"@type":"ListItem","position":1,"name":"Home","item":"https:\/\/detailspot.lt\/en\/"},{"@type":"ListItem","position":2,"name":"Shop","item":"https:\/\/detailspot.lt\/en\/parduotuve\/"},{"@type":"ListItem","position":3,"name":"Poka Premium Pad Shelf"}]},{"@type":"WebSite","@id":"https:\/\/detailspot.lt\/#website","url":"https:\/\/detailspot.lt\/","name":"Detail Spot","description":"Automobili\u0173 prie\u017ei\u016bros priemon\u0117s","publisher":{"@id":"https:\/\/detailspot.lt\/#organization"},"potentialAction":[{"@type":"SearchAction","target":{"@type":"EntryPoint","urlTemplate":"https:\/\/detailspot.lt\/?s={search_term_string}"},"query-input":{"@type":"PropertyValueSpecification","valueRequired":true,"valueName":"search_term_string"}}],"inLanguage":"en-US"},{"@type":"Organization","@id":"https:\/\/detailspot.lt\/#organization","name":"Detail Spot","url":"https:\/\/detailspot.lt\/","logo":{"@type":"ImageObject","inLanguage":"en-US","@id":"https:\/\/detailspot.lt\/#\/schema\/logo\/image\/","url":"https:\/\/detailspot.lt\/wp-content\/uploads\/2022\/10\/logo-original.svg","contentUrl":"https:\/\/detailspot.lt\/wp-content\/uploads\/2022\/10\/logo-original.svg","width":1,"height":1,"caption":"Detail Spot"},"image":{"@id":"https:\/\/detailspot.lt\/#\/schema\/logo\/image\/"},"sameAs":["https:\/\/www.facebook.com\/profile.php?id=100039208338156"]}]}},"_links":{"self":[{"href":"https:\/\/detailspot.lt\/en\/wp-json\/wp\/v2\/product\/6724","targetHints":{"allow":["GET"]}}],"collection":[{"href":"https:\/\/detailspot.lt\/en\/wp-json\/wp\/v2\/product"}],"about":[{"href":"https:\/\/detailspot.lt\/en\/wp-json\/wp\/v2\/types\/product"}],"replies":[{"embeddable":true,"href":"https:\/\/detailspot.lt\/en\/wp-json\/wp\/v2\/comments?post=6724"}],"wp:featuredmedia":[{"embeddable":true,"href":"https:\/\/detailspot.lt\/en\/wp-json\/wp\/v2\/media\/4115"}],"wp:attachment":[{"href":"https:\/\/detailspot.lt\/en\/wp-json\/wp\/v2\/media?parent=6724"}],"wp:term":[{"taxonomy":"product_brand","embeddable":true,"href":"https:\/\/detailspot.lt\/en\/wp-json\/wp\/v2\/product_brand?post=6724"},{"taxonomy":"product_cat","embeddable":true,"href":"https:\/\/detailspot.lt\/en\/wp-json\/wp\/v2\/product_cat?post=6724"},{"taxonomy":"product_tag","embeddable":true,"href":"https:\/\/detailspot.lt\/en\/wp-json\/wp\/v2\/product_tag?post=6724"}],"curies":[{"name":"wp","href":"https:\/\/api.w.org\/{rel}","templated":true}]}}