{"id":6711,"date":"2022-12-02T15:15:38","date_gmt":"2022-12-02T13:15:38","guid":{"rendered":"https:\/\/detailspot.lt\/produktas\/furniture-clinic-leather-care-kit\/"},"modified":"2024-05-22T18:00:17","modified_gmt":"2024-05-22T15:00:17","slug":"furniture-clinic-leather-care-kit","status":"publish","type":"product","link":"https:\/\/detailspot.lt\/en\/produktas\/furniture-clinic-leather-care-kit\/","title":{"rendered":"Furniture Clinic Leather Care Kit"},"content":{"rendered":"<p><strong>Furniture Clinic Leather Care Kit<\/strong> &#8211; A skin care kit designed to restore the skin&#8217;s clarity and elasticity, as well as the protective layer created against the effects of UV and use.<\/p>\n<p><strong>The set includes:<\/strong><\/p>\n<ol>\n<li>Leather Ultra Clean 250ml &#8211; 1vnt.<\/li>\n<li>1pcs. Leather Protection Cream 250ml &#8211; 1vnt.<\/li>\n<li>Textile applicator for cleaning &#8211; 1pc.<\/li>\n<li>Sponge &#8211; 1pc.<\/li>\n<\/ol>\n<p><strong>Application:<\/strong><\/p>\n<ol>\n<li>Spray the cleaner onto the applicator or brush<\/li>\n<li>Gently rub the foam into the surface to be cleaned in a circular motion<\/li>\n<li>Wipe off dirty foam with a microfibre cloth<\/li>\n<li>Repeat if necessary<\/li>\n<li>Allow the surface to dry completely<\/li>\n<li>Apply Leather Protection Cream Conditioning Fluid to the surface<\/li>\n<li>Allow the product to dry<\/li>\n<\/ol>\n<p><strong>Note. <\/strong>We recommend that all products are tested on surfaces where they cannot be seen.<\/p>\n<p>&nbsp;<\/p>\n<p style=\"text-align: center;\"><img loading=\"lazy\" decoding=\"async\" class=\"alignnone size-medium wp-image-2210\" src=\"https:\/\/detailspot.lt\/wp-content\/uploads\/2022\/12\/Furniture-clinic-300x224.webp\" alt=\"\" width=\"300\" height=\"224\" srcset=\"https:\/\/detailspot.lt\/wp-content\/uploads\/2022\/12\/Furniture-clinic-300x224.webp 300w, https:\/\/detailspot.lt\/wp-content\/uploads\/2022\/12\/Furniture-clinic-768x574.webp 768w, https:\/\/detailspot.lt\/wp-content\/uploads\/2022\/12\/Furniture-clinic-600x449.webp 600w, https:\/\/detailspot.lt\/wp-content\/uploads\/2022\/12\/Furniture-clinic-64x48.webp 64w, https:\/\/detailspot.lt\/wp-content\/uploads\/2022\/12\/Furniture-clinic.webp 1000w\" sizes=\"auto, (max-width: 300px) 100vw, 300px\" \/><\/p>\n","protected":false},"excerpt":{"rendered":"<p>Furniture Clinic Leather Care Kit &#8211; A skin care kit designed to restore the skin&#8217;s clarity and elasticity, as well as the protective layer created against the effects of UV and use. The set includes: Leather Ultra Clean 250ml &#8211; 1vnt. 1pcs. Leather Protection Cream 250ml &#8211; 1vnt. Textile applicator for cleaning &#8211; 1pc. Sponge&hellip;<\/p>\n","protected":false},"featured_media":3834,"comment_status":"closed","ping_status":"closed","template":"","meta":[],"product_brand":[],"product_cat":[165,167],"product_tag":[198,201,200,202,199],"class_list":{"0":"post-6711","1":"product","2":"type-product","3":"status-publish","4":"has-post-thumbnail","6":"product_cat-interior","7":"product_cat-skin-care","8":"product_tag-furniture-clinic-en","9":"product_tag-leather-en","10":"product_tag-leather-cleaner","11":"product_tag-leather-surfaces","12":"product_tag-skin-cleanser","13":"description-off","15":"first","16":"outofstock","17":"featured","18":"taxable","19":"shipping-taxable","20":"purchasable","21":"product-type-simple"},"yoast_head":"<!-- This site is optimized with the Yoast SEO plugin v27.3 - https:\/\/yoast.com\/product\/yoast-seo-wordpress\/ -->\n<title>Furniture Clinic Leather Care Kit - Detail Spot<\/title>\n<meta name=\"robots\" content=\"index, follow, max-snippet:-1, max-image-preview:large, max-video-preview:-1\" \/>\n<link rel=\"canonical\" href=\"https:\/\/detailspot.lt\/produktas\/furniture-clinic-odos-prieziuros-rinkinys\/\" \/>\n<meta property=\"og:locale\" content=\"en_US\" \/>\n<meta property=\"og:type\" content=\"article\" \/>\n<meta property=\"og:title\" content=\"Furniture Clinic Leather Care Kit - Detail Spot\" \/>\n<meta property=\"og:description\" content=\"Furniture Clinic Leather Care Kit &#8211; A skin care kit designed to restore the skin&#8217;s clarity and elasticity, as well as the protective layer created against the effects of UV and use. The set includes: Leather Ultra Clean 250ml &#8211; 1vnt. 1pcs. Leather Protection Cream 250ml &#8211; 1vnt. Textile applicator for cleaning &#8211; 1pc. Sponge&hellip;\" \/>\n<meta property=\"og:url\" content=\"https:\/\/detailspot.lt\/produktas\/furniture-clinic-odos-prieziuros-rinkinys\/\" \/>\n<meta property=\"og:site_name\" content=\"Detail Spot\" \/>\n<meta property=\"article:publisher\" content=\"https:\/\/www.facebook.com\/profile.php?id=100039208338156\" \/>\n<meta property=\"article:modified_time\" content=\"2024-05-22T15:00:17+00:00\" \/>\n<meta property=\"og:image\" content=\"https:\/\/detailspot.lt\/wp-content\/uploads\/2022\/12\/furniture-clinic-leather-car-interior-care-kit-1.png\" \/>\n\t<meta property=\"og:image:width\" content=\"1188\" \/>\n\t<meta property=\"og:image:height\" content=\"1188\" \/>\n\t<meta property=\"og:image:type\" content=\"image\/png\" \/>\n<meta name=\"twitter:card\" content=\"summary_large_image\" \/>\n<meta name=\"twitter:label1\" content=\"Est. reading time\" \/>\n\t<meta name=\"twitter:data1\" content=\"1 minute\" \/>\n<script type=\"application\/ld+json\" class=\"yoast-schema-graph\">{\"@context\":\"https:\\\/\\\/schema.org\",\"@graph\":[{\"@type\":\"WebPage\",\"@id\":\"https:\\\/\\\/detailspot.lt\\\/produktas\\\/furniture-clinic-odos-prieziuros-rinkinys\\\/\",\"url\":\"https:\\\/\\\/detailspot.lt\\\/produktas\\\/furniture-clinic-odos-prieziuros-rinkinys\\\/\",\"name\":\"Furniture Clinic Leather Care Kit - Detail Spot\",\"isPartOf\":{\"@id\":\"https:\\\/\\\/detailspot.lt\\\/#website\"},\"primaryImageOfPage\":{\"@id\":\"https:\\\/\\\/detailspot.lt\\\/produktas\\\/furniture-clinic-odos-prieziuros-rinkinys\\\/#primaryimage\"},\"image\":{\"@id\":\"https:\\\/\\\/detailspot.lt\\\/produktas\\\/furniture-clinic-odos-prieziuros-rinkinys\\\/#primaryimage\"},\"thumbnailUrl\":\"https:\\\/\\\/detailspot.lt\\\/wp-content\\\/uploads\\\/2022\\\/12\\\/furniture-clinic-leather-car-interior-care-kit-1.png\",\"datePublished\":\"2022-12-02T13:15:38+00:00\",\"dateModified\":\"2024-05-22T15:00:17+00:00\",\"breadcrumb\":{\"@id\":\"https:\\\/\\\/detailspot.lt\\\/produktas\\\/furniture-clinic-odos-prieziuros-rinkinys\\\/#breadcrumb\"},\"inLanguage\":\"en-US\",\"potentialAction\":[{\"@type\":\"ReadAction\",\"target\":[\"https:\\\/\\\/detailspot.lt\\\/produktas\\\/furniture-clinic-odos-prieziuros-rinkinys\\\/\"]}]},{\"@type\":\"ImageObject\",\"inLanguage\":\"en-US\",\"@id\":\"https:\\\/\\\/detailspot.lt\\\/produktas\\\/furniture-clinic-odos-prieziuros-rinkinys\\\/#primaryimage\",\"url\":\"https:\\\/\\\/detailspot.lt\\\/wp-content\\\/uploads\\\/2022\\\/12\\\/furniture-clinic-leather-car-interior-care-kit-1.png\",\"contentUrl\":\"https:\\\/\\\/detailspot.lt\\\/wp-content\\\/uploads\\\/2022\\\/12\\\/furniture-clinic-leather-car-interior-care-kit-1.png\",\"width\":1188,\"height\":1188},{\"@type\":\"BreadcrumbList\",\"@id\":\"https:\\\/\\\/detailspot.lt\\\/produktas\\\/furniture-clinic-odos-prieziuros-rinkinys\\\/#breadcrumb\",\"itemListElement\":[{\"@type\":\"ListItem\",\"position\":1,\"name\":\"Home\",\"item\":\"https:\\\/\\\/detailspot.lt\\\/en\\\/\"},{\"@type\":\"ListItem\",\"position\":2,\"name\":\"Shop\",\"item\":\"https:\\\/\\\/detailspot.lt\\\/en\\\/parduotuve\\\/\"},{\"@type\":\"ListItem\",\"position\":3,\"name\":\"Furniture Clinic Leather Care Kit\"}]},{\"@type\":\"WebSite\",\"@id\":\"https:\\\/\\\/detailspot.lt\\\/#website\",\"url\":\"https:\\\/\\\/detailspot.lt\\\/\",\"name\":\"Detail Spot\",\"description\":\"Automobili\u0173 prie\u017ei\u016bros priemon\u0117s\",\"publisher\":{\"@id\":\"https:\\\/\\\/detailspot.lt\\\/#organization\"},\"potentialAction\":[{\"@type\":\"SearchAction\",\"target\":{\"@type\":\"EntryPoint\",\"urlTemplate\":\"https:\\\/\\\/detailspot.lt\\\/?s={search_term_string}\"},\"query-input\":{\"@type\":\"PropertyValueSpecification\",\"valueRequired\":true,\"valueName\":\"search_term_string\"}}],\"inLanguage\":\"en-US\"},{\"@type\":\"Organization\",\"@id\":\"https:\\\/\\\/detailspot.lt\\\/#organization\",\"name\":\"Detail Spot\",\"url\":\"https:\\\/\\\/detailspot.lt\\\/\",\"logo\":{\"@type\":\"ImageObject\",\"inLanguage\":\"en-US\",\"@id\":\"https:\\\/\\\/detailspot.lt\\\/#\\\/schema\\\/logo\\\/image\\\/\",\"url\":\"https:\\\/\\\/detailspot.lt\\\/wp-content\\\/uploads\\\/2022\\\/10\\\/logo-original.svg\",\"contentUrl\":\"https:\\\/\\\/detailspot.lt\\\/wp-content\\\/uploads\\\/2022\\\/10\\\/logo-original.svg\",\"width\":1,\"height\":1,\"caption\":\"Detail Spot\"},\"image\":{\"@id\":\"https:\\\/\\\/detailspot.lt\\\/#\\\/schema\\\/logo\\\/image\\\/\"},\"sameAs\":[\"https:\\\/\\\/www.facebook.com\\\/profile.php?id=100039208338156\"]}]}<\/script>\n<!-- \/ Yoast SEO plugin. -->","yoast_head_json":{"title":"Furniture Clinic Leather Care Kit - Detail Spot","robots":{"index":"index","follow":"follow","max-snippet":"max-snippet:-1","max-image-preview":"max-image-preview:large","max-video-preview":"max-video-preview:-1"},"canonical":"https:\/\/detailspot.lt\/produktas\/furniture-clinic-odos-prieziuros-rinkinys\/","og_locale":"en_US","og_type":"article","og_title":"Furniture Clinic Leather Care Kit - Detail Spot","og_description":"Furniture Clinic Leather Care Kit &#8211; A skin care kit designed to restore the skin&#8217;s clarity and elasticity, as well as the protective layer created against the effects of UV and use. The set includes: Leather Ultra Clean 250ml &#8211; 1vnt. 1pcs. Leather Protection Cream 250ml &#8211; 1vnt. Textile applicator for cleaning &#8211; 1pc. Sponge&hellip;","og_url":"https:\/\/detailspot.lt\/produktas\/furniture-clinic-odos-prieziuros-rinkinys\/","og_site_name":"Detail Spot","article_publisher":"https:\/\/www.facebook.com\/profile.php?id=100039208338156","article_modified_time":"2024-05-22T15:00:17+00:00","og_image":[{"width":1188,"height":1188,"url":"https:\/\/detailspot.lt\/wp-content\/uploads\/2022\/12\/furniture-clinic-leather-car-interior-care-kit-1.png","type":"image\/png"}],"twitter_card":"summary_large_image","twitter_misc":{"Est. reading time":"1 minute"},"schema":{"@context":"https:\/\/schema.org","@graph":[{"@type":"WebPage","@id":"https:\/\/detailspot.lt\/produktas\/furniture-clinic-odos-prieziuros-rinkinys\/","url":"https:\/\/detailspot.lt\/produktas\/furniture-clinic-odos-prieziuros-rinkinys\/","name":"Furniture Clinic Leather Care Kit - Detail Spot","isPartOf":{"@id":"https:\/\/detailspot.lt\/#website"},"primaryImageOfPage":{"@id":"https:\/\/detailspot.lt\/produktas\/furniture-clinic-odos-prieziuros-rinkinys\/#primaryimage"},"image":{"@id":"https:\/\/detailspot.lt\/produktas\/furniture-clinic-odos-prieziuros-rinkinys\/#primaryimage"},"thumbnailUrl":"https:\/\/detailspot.lt\/wp-content\/uploads\/2022\/12\/furniture-clinic-leather-car-interior-care-kit-1.png","datePublished":"2022-12-02T13:15:38+00:00","dateModified":"2024-05-22T15:00:17+00:00","breadcrumb":{"@id":"https:\/\/detailspot.lt\/produktas\/furniture-clinic-odos-prieziuros-rinkinys\/#breadcrumb"},"inLanguage":"en-US","potentialAction":[{"@type":"ReadAction","target":["https:\/\/detailspot.lt\/produktas\/furniture-clinic-odos-prieziuros-rinkinys\/"]}]},{"@type":"ImageObject","inLanguage":"en-US","@id":"https:\/\/detailspot.lt\/produktas\/furniture-clinic-odos-prieziuros-rinkinys\/#primaryimage","url":"https:\/\/detailspot.lt\/wp-content\/uploads\/2022\/12\/furniture-clinic-leather-car-interior-care-kit-1.png","contentUrl":"https:\/\/detailspot.lt\/wp-content\/uploads\/2022\/12\/furniture-clinic-leather-car-interior-care-kit-1.png","width":1188,"height":1188},{"@type":"BreadcrumbList","@id":"https:\/\/detailspot.lt\/produktas\/furniture-clinic-odos-prieziuros-rinkinys\/#breadcrumb","itemListElement":[{"@type":"ListItem","position":1,"name":"Home","item":"https:\/\/detailspot.lt\/en\/"},{"@type":"ListItem","position":2,"name":"Shop","item":"https:\/\/detailspot.lt\/en\/parduotuve\/"},{"@type":"ListItem","position":3,"name":"Furniture Clinic Leather Care Kit"}]},{"@type":"WebSite","@id":"https:\/\/detailspot.lt\/#website","url":"https:\/\/detailspot.lt\/","name":"Detail Spot","description":"Automobili\u0173 prie\u017ei\u016bros priemon\u0117s","publisher":{"@id":"https:\/\/detailspot.lt\/#organization"},"potentialAction":[{"@type":"SearchAction","target":{"@type":"EntryPoint","urlTemplate":"https:\/\/detailspot.lt\/?s={search_term_string}"},"query-input":{"@type":"PropertyValueSpecification","valueRequired":true,"valueName":"search_term_string"}}],"inLanguage":"en-US"},{"@type":"Organization","@id":"https:\/\/detailspot.lt\/#organization","name":"Detail Spot","url":"https:\/\/detailspot.lt\/","logo":{"@type":"ImageObject","inLanguage":"en-US","@id":"https:\/\/detailspot.lt\/#\/schema\/logo\/image\/","url":"https:\/\/detailspot.lt\/wp-content\/uploads\/2022\/10\/logo-original.svg","contentUrl":"https:\/\/detailspot.lt\/wp-content\/uploads\/2022\/10\/logo-original.svg","width":1,"height":1,"caption":"Detail Spot"},"image":{"@id":"https:\/\/detailspot.lt\/#\/schema\/logo\/image\/"},"sameAs":["https:\/\/www.facebook.com\/profile.php?id=100039208338156"]}]}},"_links":{"self":[{"href":"https:\/\/detailspot.lt\/en\/wp-json\/wp\/v2\/product\/6711","targetHints":{"allow":["GET"]}}],"collection":[{"href":"https:\/\/detailspot.lt\/en\/wp-json\/wp\/v2\/product"}],"about":[{"href":"https:\/\/detailspot.lt\/en\/wp-json\/wp\/v2\/types\/product"}],"replies":[{"embeddable":true,"href":"https:\/\/detailspot.lt\/en\/wp-json\/wp\/v2\/comments?post=6711"}],"wp:featuredmedia":[{"embeddable":true,"href":"https:\/\/detailspot.lt\/en\/wp-json\/wp\/v2\/media\/3834"}],"wp:attachment":[{"href":"https:\/\/detailspot.lt\/en\/wp-json\/wp\/v2\/media?parent=6711"}],"wp:term":[{"taxonomy":"product_brand","embeddable":true,"href":"https:\/\/detailspot.lt\/en\/wp-json\/wp\/v2\/product_brand?post=6711"},{"taxonomy":"product_cat","embeddable":true,"href":"https:\/\/detailspot.lt\/en\/wp-json\/wp\/v2\/product_cat?post=6711"},{"taxonomy":"product_tag","embeddable":true,"href":"https:\/\/detailspot.lt\/en\/wp-json\/wp\/v2\/product_tag?post=6711"}],"curies":[{"name":"wp","href":"https:\/\/api.w.org\/{rel}","templated":true}]}}