{"id":6701,"date":"2022-12-02T15:15:43","date_gmt":"2022-12-02T13:15:43","guid":{"rendered":"https:\/\/detailspot.lt\/produktas\/flexipads-da-black-microfibre-cutting-pad\/"},"modified":"2025-07-24T13:21:19","modified_gmt":"2025-07-24T10:21:19","slug":"flexipads-da-black-microfibre-cutting-pad","status":"publish","type":"product","link":"https:\/\/detailspot.lt\/en\/produktas\/flexipads-da-black-microfibre-cutting-pad\/","title":{"rendered":"Flexipads DA Black Microfibre Cutting Pad"},"content":{"rendered":"<div id=\"heading2\">\n<h1><strong>Flexipads DA Black Microfibre Cutting Pad <\/strong><\/h1>\n<\/div>\n<div class=\"clear\"><\/div>\n<div class=\"grid_27 alpha omega \">\n<p><strong>Features<\/strong><\/p>\n<ol>\n<li>Height 10mm<\/li>\n<li>Microfibre length 7mm<\/li>\n<li>Washable &#8211; reusable<\/li>\n<li>Self-adhesive<\/li>\n<li>Suitable for use with orbital polisher (DA)<\/li>\n<li>Suitable for use with a rotary polisher<\/li>\n<\/ol>\n<p><strong>Advice<\/strong><\/p>\n<ol>\n<li>Suitable for use with a rotary polisherBest for use with an orbital polisher (DA) no larger than 8mm<\/li>\n<li>Clean the microfibre after each cycle.<\/li>\n<li>When finished, remove any polishing paste residue with warm water and allow to dry.<\/li>\n<\/ol>\n<\/div>\n<p>&nbsp;<\/p>\n<p style=\"text-align: center;\"><img loading=\"lazy\" decoding=\"async\" class=\"alignnone size-medium wp-image-1098\" src=\"https:\/\/detailspot.lt\/wp-content\/uploads\/2022\/11\/FlexipadsLogo-300x105.jpg\" alt=\"\" width=\"300\" height=\"105\" srcset=\"https:\/\/detailspot.lt\/wp-content\/uploads\/2022\/11\/FlexipadsLogo-300x105.jpg 300w, https:\/\/detailspot.lt\/wp-content\/uploads\/2022\/11\/FlexipadsLogo-768x269.jpg 768w, https:\/\/detailspot.lt\/wp-content\/uploads\/2022\/11\/FlexipadsLogo-600x210.jpg 600w, https:\/\/detailspot.lt\/wp-content\/uploads\/2022\/11\/FlexipadsLogo-64x22.jpg 64w, https:\/\/detailspot.lt\/wp-content\/uploads\/2022\/11\/FlexipadsLogo.jpg 1000w\" sizes=\"auto, (max-width: 300px) 100vw, 300px\" \/><\/p>\n","protected":false},"excerpt":{"rendered":"<p>Flexipads DA Black Microfibre Cutting Pad Features Height 10mm Microfibre length 7mm Washable &#8211; reusable Self-adhesive Suitable for use with orbital polisher (DA) Suitable for use with a rotary polisher Advice Suitable for use with a rotary polisherBest for use with an orbital polisher (DA) no larger than 8mm Clean the microfibre after each cycle.&hellip;<\/p>\n","protected":false},"featured_media":3936,"comment_status":"closed","ping_status":"closed","template":"","meta":[],"product_brand":[],"product_cat":[172,170],"product_tag":[],"class_list":{"0":"post-6701","1":"product","2":"type-product","3":"status-publish","4":"has-post-thumbnail","6":"product_cat-polishing-pads","7":"product_cat-polishing-tools","8":"description-off","10":"first","11":"instock","12":"taxable","13":"shipping-taxable","14":"purchasable","15":"product-type-variable"},"yoast_head":"<!-- This site is optimized with the Yoast SEO plugin v27.2 - https:\/\/yoast.com\/product\/yoast-seo-wordpress\/ -->\n<title>Flexipads DA Black Microfibre Cutting Pad - Detail Spot<\/title>\n<meta name=\"description\" content=\"Flexipads Black microfibre pad for removing deep scratches from painted or varnished surfaces. The trays work well with compound pastes.\" \/>\n<meta name=\"robots\" content=\"index, follow, max-snippet:-1, max-image-preview:large, max-video-preview:-1\" \/>\n<link rel=\"canonical\" href=\"https:\/\/detailspot.lt\/en\/produktas\/flexipads-da-black-microfibre-cutting-pad\/\" \/>\n<meta property=\"og:locale\" content=\"en_US\" \/>\n<meta property=\"og:type\" content=\"article\" \/>\n<meta property=\"og:title\" content=\"Flexipads DA Black Microfibre Cutting Pad - Detail Spot\" \/>\n<meta property=\"og:description\" content=\"Flexipads Black microfibre pad for removing deep scratches from painted or varnished surfaces. The trays work well with compound pastes.\" \/>\n<meta property=\"og:url\" content=\"https:\/\/detailspot.lt\/en\/produktas\/flexipads-da-black-microfibre-cutting-pad\/\" \/>\n<meta property=\"og:site_name\" content=\"Detail Spot\" \/>\n<meta property=\"article:publisher\" content=\"https:\/\/www.facebook.com\/profile.php?id=100039208338156\" \/>\n<meta property=\"article:modified_time\" content=\"2025-07-24T10:21:19+00:00\" \/>\n<meta property=\"og:image\" content=\"https:\/\/detailspot.lt\/wp-content\/uploads\/2022\/12\/da-black-microfibre-cutting-pad-4-1.jpg\" \/>\n\t<meta property=\"og:image:width\" content=\"800\" \/>\n\t<meta property=\"og:image:height\" content=\"800\" \/>\n\t<meta property=\"og:image:type\" content=\"image\/jpeg\" \/>\n<meta name=\"twitter:card\" content=\"summary_large_image\" \/>\n<script type=\"application\/ld+json\" class=\"yoast-schema-graph\">{\"@context\":\"https:\/\/schema.org\",\"@graph\":[{\"@type\":\"WebPage\",\"@id\":\"https:\/\/detailspot.lt\/en\/produktas\/flexipads-da-black-microfibre-cutting-pad\/\",\"url\":\"https:\/\/detailspot.lt\/en\/produktas\/flexipads-da-black-microfibre-cutting-pad\/\",\"name\":\"Flexipads DA Black Microfibre Cutting Pad - Detail Spot\",\"isPartOf\":{\"@id\":\"https:\/\/detailspot.lt\/#website\"},\"primaryImageOfPage\":{\"@id\":\"https:\/\/detailspot.lt\/en\/produktas\/flexipads-da-black-microfibre-cutting-pad\/#primaryimage\"},\"image\":{\"@id\":\"https:\/\/detailspot.lt\/en\/produktas\/flexipads-da-black-microfibre-cutting-pad\/#primaryimage\"},\"thumbnailUrl\":\"https:\/\/detailspot.lt\/wp-content\/uploads\/2022\/12\/da-black-microfibre-cutting-pad-4-1.jpg\",\"datePublished\":\"2022-12-02T13:15:43+00:00\",\"dateModified\":\"2025-07-24T10:21:19+00:00\",\"description\":\"Flexipads Black microfibre pad for removing deep scratches from painted or varnished surfaces. The trays work well with compound pastes.\",\"breadcrumb\":{\"@id\":\"https:\/\/detailspot.lt\/en\/produktas\/flexipads-da-black-microfibre-cutting-pad\/#breadcrumb\"},\"inLanguage\":\"en-US\",\"potentialAction\":[{\"@type\":\"ReadAction\",\"target\":[\"https:\/\/detailspot.lt\/en\/produktas\/flexipads-da-black-microfibre-cutting-pad\/\"]}]},{\"@type\":\"ImageObject\",\"inLanguage\":\"en-US\",\"@id\":\"https:\/\/detailspot.lt\/en\/produktas\/flexipads-da-black-microfibre-cutting-pad\/#primaryimage\",\"url\":\"https:\/\/detailspot.lt\/wp-content\/uploads\/2022\/12\/da-black-microfibre-cutting-pad-4-1.jpg\",\"contentUrl\":\"https:\/\/detailspot.lt\/wp-content\/uploads\/2022\/12\/da-black-microfibre-cutting-pad-4-1.jpg\",\"width\":800,\"height\":800},{\"@type\":\"BreadcrumbList\",\"@id\":\"https:\/\/detailspot.lt\/en\/produktas\/flexipads-da-black-microfibre-cutting-pad\/#breadcrumb\",\"itemListElement\":[{\"@type\":\"ListItem\",\"position\":1,\"name\":\"Home\",\"item\":\"https:\/\/detailspot.lt\/en\/\"},{\"@type\":\"ListItem\",\"position\":2,\"name\":\"Shop\",\"item\":\"https:\/\/detailspot.lt\/en\/parduotuve\/\"},{\"@type\":\"ListItem\",\"position\":3,\"name\":\"Flexipads DA Black Microfibre Cutting Pad\"}]},{\"@type\":\"WebSite\",\"@id\":\"https:\/\/detailspot.lt\/#website\",\"url\":\"https:\/\/detailspot.lt\/\",\"name\":\"Detail Spot\",\"description\":\"Automobili\u0173 prie\u017ei\u016bros priemon\u0117s\",\"publisher\":{\"@id\":\"https:\/\/detailspot.lt\/#organization\"},\"potentialAction\":[{\"@type\":\"SearchAction\",\"target\":{\"@type\":\"EntryPoint\",\"urlTemplate\":\"https:\/\/detailspot.lt\/?s={search_term_string}\"},\"query-input\":{\"@type\":\"PropertyValueSpecification\",\"valueRequired\":true,\"valueName\":\"search_term_string\"}}],\"inLanguage\":\"en-US\"},{\"@type\":\"Organization\",\"@id\":\"https:\/\/detailspot.lt\/#organization\",\"name\":\"Detail Spot\",\"url\":\"https:\/\/detailspot.lt\/\",\"logo\":{\"@type\":\"ImageObject\",\"inLanguage\":\"en-US\",\"@id\":\"https:\/\/detailspot.lt\/#\/schema\/logo\/image\/\",\"url\":\"https:\/\/detailspot.lt\/wp-content\/uploads\/2022\/10\/logo-original.svg\",\"contentUrl\":\"https:\/\/detailspot.lt\/wp-content\/uploads\/2022\/10\/logo-original.svg\",\"width\":1,\"height\":1,\"caption\":\"Detail Spot\"},\"image\":{\"@id\":\"https:\/\/detailspot.lt\/#\/schema\/logo\/image\/\"},\"sameAs\":[\"https:\/\/www.facebook.com\/profile.php?id=100039208338156\"]}]}<\/script>\n<!-- \/ Yoast SEO plugin. -->","yoast_head_json":{"title":"Flexipads DA Black Microfibre Cutting Pad - Detail Spot","description":"Flexipads Black microfibre pad for removing deep scratches from painted or varnished surfaces. The trays work well with compound pastes.","robots":{"index":"index","follow":"follow","max-snippet":"max-snippet:-1","max-image-preview":"max-image-preview:large","max-video-preview":"max-video-preview:-1"},"canonical":"https:\/\/detailspot.lt\/en\/produktas\/flexipads-da-black-microfibre-cutting-pad\/","og_locale":"en_US","og_type":"article","og_title":"Flexipads DA Black Microfibre Cutting Pad - Detail Spot","og_description":"Flexipads Black microfibre pad for removing deep scratches from painted or varnished surfaces. The trays work well with compound pastes.","og_url":"https:\/\/detailspot.lt\/en\/produktas\/flexipads-da-black-microfibre-cutting-pad\/","og_site_name":"Detail Spot","article_publisher":"https:\/\/www.facebook.com\/profile.php?id=100039208338156","article_modified_time":"2025-07-24T10:21:19+00:00","og_image":[{"width":800,"height":800,"url":"https:\/\/detailspot.lt\/wp-content\/uploads\/2022\/12\/da-black-microfibre-cutting-pad-4-1.jpg","type":"image\/jpeg"}],"twitter_card":"summary_large_image","schema":{"@context":"https:\/\/schema.org","@graph":[{"@type":"WebPage","@id":"https:\/\/detailspot.lt\/en\/produktas\/flexipads-da-black-microfibre-cutting-pad\/","url":"https:\/\/detailspot.lt\/en\/produktas\/flexipads-da-black-microfibre-cutting-pad\/","name":"Flexipads DA Black Microfibre Cutting Pad - Detail Spot","isPartOf":{"@id":"https:\/\/detailspot.lt\/#website"},"primaryImageOfPage":{"@id":"https:\/\/detailspot.lt\/en\/produktas\/flexipads-da-black-microfibre-cutting-pad\/#primaryimage"},"image":{"@id":"https:\/\/detailspot.lt\/en\/produktas\/flexipads-da-black-microfibre-cutting-pad\/#primaryimage"},"thumbnailUrl":"https:\/\/detailspot.lt\/wp-content\/uploads\/2022\/12\/da-black-microfibre-cutting-pad-4-1.jpg","datePublished":"2022-12-02T13:15:43+00:00","dateModified":"2025-07-24T10:21:19+00:00","description":"Flexipads Black microfibre pad for removing deep scratches from painted or varnished surfaces. The trays work well with compound pastes.","breadcrumb":{"@id":"https:\/\/detailspot.lt\/en\/produktas\/flexipads-da-black-microfibre-cutting-pad\/#breadcrumb"},"inLanguage":"en-US","potentialAction":[{"@type":"ReadAction","target":["https:\/\/detailspot.lt\/en\/produktas\/flexipads-da-black-microfibre-cutting-pad\/"]}]},{"@type":"ImageObject","inLanguage":"en-US","@id":"https:\/\/detailspot.lt\/en\/produktas\/flexipads-da-black-microfibre-cutting-pad\/#primaryimage","url":"https:\/\/detailspot.lt\/wp-content\/uploads\/2022\/12\/da-black-microfibre-cutting-pad-4-1.jpg","contentUrl":"https:\/\/detailspot.lt\/wp-content\/uploads\/2022\/12\/da-black-microfibre-cutting-pad-4-1.jpg","width":800,"height":800},{"@type":"BreadcrumbList","@id":"https:\/\/detailspot.lt\/en\/produktas\/flexipads-da-black-microfibre-cutting-pad\/#breadcrumb","itemListElement":[{"@type":"ListItem","position":1,"name":"Home","item":"https:\/\/detailspot.lt\/en\/"},{"@type":"ListItem","position":2,"name":"Shop","item":"https:\/\/detailspot.lt\/en\/parduotuve\/"},{"@type":"ListItem","position":3,"name":"Flexipads DA Black Microfibre Cutting Pad"}]},{"@type":"WebSite","@id":"https:\/\/detailspot.lt\/#website","url":"https:\/\/detailspot.lt\/","name":"Detail Spot","description":"Automobili\u0173 prie\u017ei\u016bros priemon\u0117s","publisher":{"@id":"https:\/\/detailspot.lt\/#organization"},"potentialAction":[{"@type":"SearchAction","target":{"@type":"EntryPoint","urlTemplate":"https:\/\/detailspot.lt\/?s={search_term_string}"},"query-input":{"@type":"PropertyValueSpecification","valueRequired":true,"valueName":"search_term_string"}}],"inLanguage":"en-US"},{"@type":"Organization","@id":"https:\/\/detailspot.lt\/#organization","name":"Detail Spot","url":"https:\/\/detailspot.lt\/","logo":{"@type":"ImageObject","inLanguage":"en-US","@id":"https:\/\/detailspot.lt\/#\/schema\/logo\/image\/","url":"https:\/\/detailspot.lt\/wp-content\/uploads\/2022\/10\/logo-original.svg","contentUrl":"https:\/\/detailspot.lt\/wp-content\/uploads\/2022\/10\/logo-original.svg","width":1,"height":1,"caption":"Detail Spot"},"image":{"@id":"https:\/\/detailspot.lt\/#\/schema\/logo\/image\/"},"sameAs":["https:\/\/www.facebook.com\/profile.php?id=100039208338156"]}]}},"_links":{"self":[{"href":"https:\/\/detailspot.lt\/en\/wp-json\/wp\/v2\/product\/6701","targetHints":{"allow":["GET"]}}],"collection":[{"href":"https:\/\/detailspot.lt\/en\/wp-json\/wp\/v2\/product"}],"about":[{"href":"https:\/\/detailspot.lt\/en\/wp-json\/wp\/v2\/types\/product"}],"replies":[{"embeddable":true,"href":"https:\/\/detailspot.lt\/en\/wp-json\/wp\/v2\/comments?post=6701"}],"wp:featuredmedia":[{"embeddable":true,"href":"https:\/\/detailspot.lt\/en\/wp-json\/wp\/v2\/media\/3936"}],"wp:attachment":[{"href":"https:\/\/detailspot.lt\/en\/wp-json\/wp\/v2\/media?parent=6701"}],"wp:term":[{"taxonomy":"product_brand","embeddable":true,"href":"https:\/\/detailspot.lt\/en\/wp-json\/wp\/v2\/product_brand?post=6701"},{"taxonomy":"product_cat","embeddable":true,"href":"https:\/\/detailspot.lt\/en\/wp-json\/wp\/v2\/product_cat?post=6701"},{"taxonomy":"product_tag","embeddable":true,"href":"https:\/\/detailspot.lt\/en\/wp-json\/wp\/v2\/product_tag?post=6701"}],"curies":[{"name":"wp","href":"https:\/\/api.w.org\/{rel}","templated":true}]}}