{"id":6697,"date":"2022-12-02T15:15:44","date_gmt":"2022-12-02T13:15:44","guid":{"rendered":"https:\/\/detailspot.lt\/produktas\/poorboys-world-natural-look\/"},"modified":"2022-12-02T15:15:44","modified_gmt":"2022-12-02T13:15:44","slug":"poorboys-world-natural-look","status":"publish","type":"product","link":"https:\/\/detailspot.lt\/en\/produktas\/poorboys-world-natural-look\/","title":{"rendered":"Poorboy&#8217;s World Natural Look"},"content":{"rendered":"<div id=\"heading2\">\n<h1><strong>Poorboy&#8217;s World Natural Look <\/strong><\/h1>\n<p>a refinisher for plastic, rubber and leather parts, which is characterised by the fact that it does not give an artificial shine, but leaves an original, natural matt surface. The surface stays dry and does not have a sticky, greasy feel. Natural Look creates a protective layer against UV exposure<b>.<\/b> It is water-based and contains no harmful chemicals or toxins that would harm the surface to be coated.<\/p>\n<p><strong>Application:<br \/>\n<\/strong><\/p>\n<ol>\n<li>Clean the parts to be coated with an all-purpose cleaner (APC)<\/li>\n<li>Apply to a dry surface using a microfibre cloth or applicator and allow to dry<\/li>\n<li>Wipe off excess microfibre cloths<\/li>\n<\/ol>\n<\/div>\n<div class=\"clear\"><\/div>\n<div class=\"grid_27 alpha omega \">\n<p id=\"good_links_wrapper_391\" style=\"text-align: center;\"><img loading=\"lazy\" decoding=\"async\" class=\"alignnone wp-image-2239\" src=\"https:\/\/detailspot.lt\/wp-content\/uploads\/2022\/12\/poorboys-world-logo-300x300.webp\" alt=\"\" width=\"142\" height=\"142\" srcset=\"https:\/\/detailspot.lt\/wp-content\/uploads\/2022\/12\/poorboys-world-logo-300x300.webp 300w, https:\/\/detailspot.lt\/wp-content\/uploads\/2022\/12\/poorboys-world-logo-150x150.webp 150w, https:\/\/detailspot.lt\/wp-content\/uploads\/2022\/12\/poorboys-world-logo-200x200.webp 200w, https:\/\/detailspot.lt\/wp-content\/uploads\/2022\/12\/poorboys-world-logo-64x64.webp 64w, https:\/\/detailspot.lt\/wp-content\/uploads\/2022\/12\/poorboys-world-logo.webp 400w\" sizes=\"auto, (max-width: 142px) 100vw, 142px\" \/><\/p>\n<\/div>\n","protected":false},"excerpt":{"rendered":"<p>Poorboy&#8217;s World Natural Look a refinisher for plastic, rubber and leather parts, which is characterised by the fact that it does not give an artificial shine, but leaves an original, natural matt surface. The surface stays dry and does not have a sticky, greasy feel. Natural Look creates a protective layer against UV exposure. It&hellip;<\/p>\n","protected":false},"featured_media":3855,"comment_status":"closed","ping_status":"closed","template":"","meta":[],"product_brand":[],"product_cat":[165,168],"product_tag":[],"class_list":{"0":"post-6697","1":"product","2":"type-product","3":"status-publish","4":"has-post-thumbnail","6":"product_cat-interior","7":"product_cat-plastics-and-textiles","8":"description-off","10":"first","11":"instock","12":"taxable","13":"shipping-taxable","14":"purchasable","15":"product-type-variable"},"yoast_head":"<!-- This site is optimized with the Yoast SEO plugin v27.3 - https:\/\/yoast.com\/product\/yoast-seo-wordpress\/ -->\n<title>Poorboy&#039;s World Natural Look - Detail Spot<\/title>\n<meta name=\"description\" content=\"Poorboy&#039;s World Natural Looka refresher for plastic, rubber and leather parts that does not give an artificial shine but leaves a matt finish.\" \/>\n<meta name=\"robots\" content=\"index, follow, max-snippet:-1, max-image-preview:large, max-video-preview:-1\" \/>\n<link rel=\"canonical\" href=\"https:\/\/detailspot.lt\/en\/produktas\/poorboys-world-natural-look\/\" \/>\n<meta property=\"og:locale\" content=\"en_US\" \/>\n<meta property=\"og:type\" content=\"article\" \/>\n<meta property=\"og:title\" content=\"Poorboy&#039;s World Natural Look - Detail Spot\" \/>\n<meta property=\"og:description\" content=\"Poorboy&#039;s World Natural Looka refresher for plastic, rubber and leather parts that does not give an artificial shine but leaves a matt finish.\" \/>\n<meta property=\"og:url\" content=\"https:\/\/detailspot.lt\/en\/produktas\/poorboys-world-natural-look\/\" \/>\n<meta property=\"og:site_name\" content=\"Detail Spot\" \/>\n<meta property=\"article:publisher\" content=\"https:\/\/www.facebook.com\/profile.php?id=100039208338156\" \/>\n<meta property=\"og:image\" content=\"https:\/\/detailspot.lt\/wp-content\/uploads\/2022\/12\/sku146082964385198751-1.jpg\" \/>\n\t<meta property=\"og:image:width\" content=\"416\" \/>\n\t<meta property=\"og:image:height\" content=\"416\" \/>\n\t<meta property=\"og:image:type\" content=\"image\/jpeg\" \/>\n<meta name=\"twitter:card\" content=\"summary_large_image\" \/>\n<meta name=\"twitter:label1\" content=\"Est. reading time\" \/>\n\t<meta name=\"twitter:data1\" content=\"1 minute\" \/>\n<script type=\"application\/ld+json\" class=\"yoast-schema-graph\">{\"@context\":\"https:\\\/\\\/schema.org\",\"@graph\":[{\"@type\":\"WebPage\",\"@id\":\"https:\\\/\\\/detailspot.lt\\\/en\\\/produktas\\\/poorboys-world-natural-look\\\/\",\"url\":\"https:\\\/\\\/detailspot.lt\\\/en\\\/produktas\\\/poorboys-world-natural-look\\\/\",\"name\":\"Poorboy's World Natural Look - Detail Spot\",\"isPartOf\":{\"@id\":\"https:\\\/\\\/detailspot.lt\\\/#website\"},\"primaryImageOfPage\":{\"@id\":\"https:\\\/\\\/detailspot.lt\\\/en\\\/produktas\\\/poorboys-world-natural-look\\\/#primaryimage\"},\"image\":{\"@id\":\"https:\\\/\\\/detailspot.lt\\\/en\\\/produktas\\\/poorboys-world-natural-look\\\/#primaryimage\"},\"thumbnailUrl\":\"https:\\\/\\\/detailspot.lt\\\/wp-content\\\/uploads\\\/2022\\\/12\\\/sku146082964385198751-1.jpg\",\"datePublished\":\"2022-12-02T13:15:44+00:00\",\"description\":\"Poorboy's World Natural Looka refresher for plastic, rubber and leather parts that does not give an artificial shine but leaves a matt finish.\",\"breadcrumb\":{\"@id\":\"https:\\\/\\\/detailspot.lt\\\/en\\\/produktas\\\/poorboys-world-natural-look\\\/#breadcrumb\"},\"inLanguage\":\"en-US\",\"potentialAction\":[{\"@type\":\"ReadAction\",\"target\":[\"https:\\\/\\\/detailspot.lt\\\/en\\\/produktas\\\/poorboys-world-natural-look\\\/\"]}]},{\"@type\":\"ImageObject\",\"inLanguage\":\"en-US\",\"@id\":\"https:\\\/\\\/detailspot.lt\\\/en\\\/produktas\\\/poorboys-world-natural-look\\\/#primaryimage\",\"url\":\"https:\\\/\\\/detailspot.lt\\\/wp-content\\\/uploads\\\/2022\\\/12\\\/sku146082964385198751-1.jpg\",\"contentUrl\":\"https:\\\/\\\/detailspot.lt\\\/wp-content\\\/uploads\\\/2022\\\/12\\\/sku146082964385198751-1.jpg\",\"width\":416,\"height\":416},{\"@type\":\"BreadcrumbList\",\"@id\":\"https:\\\/\\\/detailspot.lt\\\/en\\\/produktas\\\/poorboys-world-natural-look\\\/#breadcrumb\",\"itemListElement\":[{\"@type\":\"ListItem\",\"position\":1,\"name\":\"Home\",\"item\":\"https:\\\/\\\/detailspot.lt\\\/en\\\/\"},{\"@type\":\"ListItem\",\"position\":2,\"name\":\"Shop\",\"item\":\"https:\\\/\\\/detailspot.lt\\\/en\\\/parduotuve\\\/\"},{\"@type\":\"ListItem\",\"position\":3,\"name\":\"Poorboy&#8217;s World Natural Look\"}]},{\"@type\":\"WebSite\",\"@id\":\"https:\\\/\\\/detailspot.lt\\\/#website\",\"url\":\"https:\\\/\\\/detailspot.lt\\\/\",\"name\":\"Detail Spot\",\"description\":\"Automobili\u0173 prie\u017ei\u016bros priemon\u0117s\",\"publisher\":{\"@id\":\"https:\\\/\\\/detailspot.lt\\\/#organization\"},\"potentialAction\":[{\"@type\":\"SearchAction\",\"target\":{\"@type\":\"EntryPoint\",\"urlTemplate\":\"https:\\\/\\\/detailspot.lt\\\/?s={search_term_string}\"},\"query-input\":{\"@type\":\"PropertyValueSpecification\",\"valueRequired\":true,\"valueName\":\"search_term_string\"}}],\"inLanguage\":\"en-US\"},{\"@type\":\"Organization\",\"@id\":\"https:\\\/\\\/detailspot.lt\\\/#organization\",\"name\":\"Detail Spot\",\"url\":\"https:\\\/\\\/detailspot.lt\\\/\",\"logo\":{\"@type\":\"ImageObject\",\"inLanguage\":\"en-US\",\"@id\":\"https:\\\/\\\/detailspot.lt\\\/#\\\/schema\\\/logo\\\/image\\\/\",\"url\":\"https:\\\/\\\/detailspot.lt\\\/wp-content\\\/uploads\\\/2022\\\/10\\\/logo-original.svg\",\"contentUrl\":\"https:\\\/\\\/detailspot.lt\\\/wp-content\\\/uploads\\\/2022\\\/10\\\/logo-original.svg\",\"width\":1,\"height\":1,\"caption\":\"Detail Spot\"},\"image\":{\"@id\":\"https:\\\/\\\/detailspot.lt\\\/#\\\/schema\\\/logo\\\/image\\\/\"},\"sameAs\":[\"https:\\\/\\\/www.facebook.com\\\/profile.php?id=100039208338156\"]}]}<\/script>\n<!-- \/ Yoast SEO plugin. -->","yoast_head_json":{"title":"Poorboy's World Natural Look - Detail Spot","description":"Poorboy's World Natural Looka refresher for plastic, rubber and leather parts that does not give an artificial shine but leaves a matt finish.","robots":{"index":"index","follow":"follow","max-snippet":"max-snippet:-1","max-image-preview":"max-image-preview:large","max-video-preview":"max-video-preview:-1"},"canonical":"https:\/\/detailspot.lt\/en\/produktas\/poorboys-world-natural-look\/","og_locale":"en_US","og_type":"article","og_title":"Poorboy's World Natural Look - Detail Spot","og_description":"Poorboy's World Natural Looka refresher for plastic, rubber and leather parts that does not give an artificial shine but leaves a matt finish.","og_url":"https:\/\/detailspot.lt\/en\/produktas\/poorboys-world-natural-look\/","og_site_name":"Detail Spot","article_publisher":"https:\/\/www.facebook.com\/profile.php?id=100039208338156","og_image":[{"width":416,"height":416,"url":"https:\/\/detailspot.lt\/wp-content\/uploads\/2022\/12\/sku146082964385198751-1.jpg","type":"image\/jpeg"}],"twitter_card":"summary_large_image","twitter_misc":{"Est. reading time":"1 minute"},"schema":{"@context":"https:\/\/schema.org","@graph":[{"@type":"WebPage","@id":"https:\/\/detailspot.lt\/en\/produktas\/poorboys-world-natural-look\/","url":"https:\/\/detailspot.lt\/en\/produktas\/poorboys-world-natural-look\/","name":"Poorboy's World Natural Look - Detail Spot","isPartOf":{"@id":"https:\/\/detailspot.lt\/#website"},"primaryImageOfPage":{"@id":"https:\/\/detailspot.lt\/en\/produktas\/poorboys-world-natural-look\/#primaryimage"},"image":{"@id":"https:\/\/detailspot.lt\/en\/produktas\/poorboys-world-natural-look\/#primaryimage"},"thumbnailUrl":"https:\/\/detailspot.lt\/wp-content\/uploads\/2022\/12\/sku146082964385198751-1.jpg","datePublished":"2022-12-02T13:15:44+00:00","description":"Poorboy's World Natural Looka refresher for plastic, rubber and leather parts that does not give an artificial shine but leaves a matt finish.","breadcrumb":{"@id":"https:\/\/detailspot.lt\/en\/produktas\/poorboys-world-natural-look\/#breadcrumb"},"inLanguage":"en-US","potentialAction":[{"@type":"ReadAction","target":["https:\/\/detailspot.lt\/en\/produktas\/poorboys-world-natural-look\/"]}]},{"@type":"ImageObject","inLanguage":"en-US","@id":"https:\/\/detailspot.lt\/en\/produktas\/poorboys-world-natural-look\/#primaryimage","url":"https:\/\/detailspot.lt\/wp-content\/uploads\/2022\/12\/sku146082964385198751-1.jpg","contentUrl":"https:\/\/detailspot.lt\/wp-content\/uploads\/2022\/12\/sku146082964385198751-1.jpg","width":416,"height":416},{"@type":"BreadcrumbList","@id":"https:\/\/detailspot.lt\/en\/produktas\/poorboys-world-natural-look\/#breadcrumb","itemListElement":[{"@type":"ListItem","position":1,"name":"Home","item":"https:\/\/detailspot.lt\/en\/"},{"@type":"ListItem","position":2,"name":"Shop","item":"https:\/\/detailspot.lt\/en\/parduotuve\/"},{"@type":"ListItem","position":3,"name":"Poorboy&#8217;s World Natural Look"}]},{"@type":"WebSite","@id":"https:\/\/detailspot.lt\/#website","url":"https:\/\/detailspot.lt\/","name":"Detail Spot","description":"Automobili\u0173 prie\u017ei\u016bros priemon\u0117s","publisher":{"@id":"https:\/\/detailspot.lt\/#organization"},"potentialAction":[{"@type":"SearchAction","target":{"@type":"EntryPoint","urlTemplate":"https:\/\/detailspot.lt\/?s={search_term_string}"},"query-input":{"@type":"PropertyValueSpecification","valueRequired":true,"valueName":"search_term_string"}}],"inLanguage":"en-US"},{"@type":"Organization","@id":"https:\/\/detailspot.lt\/#organization","name":"Detail Spot","url":"https:\/\/detailspot.lt\/","logo":{"@type":"ImageObject","inLanguage":"en-US","@id":"https:\/\/detailspot.lt\/#\/schema\/logo\/image\/","url":"https:\/\/detailspot.lt\/wp-content\/uploads\/2022\/10\/logo-original.svg","contentUrl":"https:\/\/detailspot.lt\/wp-content\/uploads\/2022\/10\/logo-original.svg","width":1,"height":1,"caption":"Detail Spot"},"image":{"@id":"https:\/\/detailspot.lt\/#\/schema\/logo\/image\/"},"sameAs":["https:\/\/www.facebook.com\/profile.php?id=100039208338156"]}]}},"_links":{"self":[{"href":"https:\/\/detailspot.lt\/en\/wp-json\/wp\/v2\/product\/6697","targetHints":{"allow":["GET"]}}],"collection":[{"href":"https:\/\/detailspot.lt\/en\/wp-json\/wp\/v2\/product"}],"about":[{"href":"https:\/\/detailspot.lt\/en\/wp-json\/wp\/v2\/types\/product"}],"replies":[{"embeddable":true,"href":"https:\/\/detailspot.lt\/en\/wp-json\/wp\/v2\/comments?post=6697"}],"wp:featuredmedia":[{"embeddable":true,"href":"https:\/\/detailspot.lt\/en\/wp-json\/wp\/v2\/media\/3855"}],"wp:attachment":[{"href":"https:\/\/detailspot.lt\/en\/wp-json\/wp\/v2\/media?parent=6697"}],"wp:term":[{"taxonomy":"product_brand","embeddable":true,"href":"https:\/\/detailspot.lt\/en\/wp-json\/wp\/v2\/product_brand?post=6697"},{"taxonomy":"product_cat","embeddable":true,"href":"https:\/\/detailspot.lt\/en\/wp-json\/wp\/v2\/product_cat?post=6697"},{"taxonomy":"product_tag","embeddable":true,"href":"https:\/\/detailspot.lt\/en\/wp-json\/wp\/v2\/product_tag?post=6697"}],"curies":[{"name":"wp","href":"https:\/\/api.w.org\/{rel}","templated":true}]}}