{"id":6696,"date":"2022-12-02T15:15:44","date_gmt":"2022-12-02T13:15:44","guid":{"rendered":"https:\/\/detailspot.lt\/produktas\/meguiars-pro-speed-compound-100\/"},"modified":"2022-12-02T15:15:44","modified_gmt":"2022-12-02T13:15:44","slug":"meguiars-pro-speed-compound-100","status":"publish","type":"product","link":"https:\/\/detailspot.lt\/en\/produktas\/meguiars-pro-speed-compound-100\/","title":{"rendered":"Meguiar&#8217;s Pro Speed Compound 100"},"content":{"rendered":"<p><strong>Meguiar&#8217;s Pro Speed Compound 100<\/strong> is an aggressive lacquer correction paste for deep scratches. This paste is capable of removing deep scratches, maintenance defects and holograms. The advanced abrasive technology allows for both good correction and a good final gloss level.<\/p>\n<p><strong>Characteristics:<\/strong><\/p>\n<ol>\n<li>Innovative abrasive technology capable of high correction-finish amplitudes<\/li>\n<li>Designed for use with a rotary polisher, but also suitable for an eccentric Dual Action polisher<\/li>\n<li>Removing deep scratches, severe defects. The M100 is capable of removing 1200 traces of emery paste.<\/li>\n<li>Ideal for removing scratches, blemishes, acid rain damage, holograms<\/li>\n<li>Can be used in cold and hot weather<\/li>\n<\/ol>\n<p style=\"text-align: center;\"><img loading=\"lazy\" decoding=\"async\" class=\"alignnone size-medium wp-image-2290\" src=\"https:\/\/detailspot.lt\/wp-content\/uploads\/2022\/12\/meg-logo-300x182.png\" alt=\"\" width=\"300\" height=\"182\" srcset=\"https:\/\/detailspot.lt\/wp-content\/uploads\/2022\/12\/meg-logo-300x182.png 300w, https:\/\/detailspot.lt\/wp-content\/uploads\/2022\/12\/meg-logo-1024x622.png 1024w, https:\/\/detailspot.lt\/wp-content\/uploads\/2022\/12\/meg-logo-768x467.png 768w, https:\/\/detailspot.lt\/wp-content\/uploads\/2022\/12\/meg-logo-1536x933.png 1536w, https:\/\/detailspot.lt\/wp-content\/uploads\/2022\/12\/meg-logo-600x365.png 600w, https:\/\/detailspot.lt\/wp-content\/uploads\/2022\/12\/meg-logo-64x39.png 64w, https:\/\/detailspot.lt\/wp-content\/uploads\/2022\/12\/meg-logo.png 1738w\" sizes=\"auto, (max-width: 300px) 100vw, 300px\" \/><\/p>\n","protected":false},"excerpt":{"rendered":"<p>Meguiar&#8217;s Pro Speed Compound 100 is an aggressive lacquer correction paste for deep scratches. This paste is capable of removing deep scratches, maintenance defects and holograms. The advanced abrasive technology allows for both good correction and a good final gloss level. Characteristics: Innovative abrasive technology capable of high correction-finish amplitudes Designed for use with a&hellip;<\/p>\n","protected":false},"featured_media":4003,"comment_status":"closed","ping_status":"closed","template":"","meta":[],"product_brand":[],"product_cat":[173,170],"product_tag":[],"class_list":{"0":"post-6696","1":"product","2":"type-product","3":"status-publish","4":"has-post-thumbnail","6":"product_cat-polishing-pastes","7":"product_cat-polishing-tools","8":"description-off","10":"first","11":"outofstock","12":"taxable","13":"shipping-taxable","14":"purchasable","15":"product-type-simple"},"yoast_head":"<!-- This site is optimized with the Yoast SEO plugin v27.4 - https:\/\/yoast.com\/product\/yoast-seo-wordpress\/ -->\n<title>Meguiar&#039;s Pro Speed Compound 100 - Detail Spot<\/title>\n<meta name=\"robots\" content=\"index, follow, max-snippet:-1, max-image-preview:large, max-video-preview:-1\" \/>\n<link rel=\"canonical\" href=\"https:\/\/detailspot.lt\/produktas\/meguiars-pro-speed-compound-100\/\" \/>\n<meta property=\"og:locale\" content=\"en_US\" \/>\n<meta property=\"og:type\" content=\"article\" \/>\n<meta property=\"og:title\" content=\"Meguiar&#039;s Pro Speed Compound 100 - Detail Spot\" \/>\n<meta property=\"og:description\" content=\"Meguiar&#8217;s Pro Speed Compound 100 is an aggressive lacquer correction paste for deep scratches. This paste is capable of removing deep scratches, maintenance defects and holograms. The advanced abrasive technology allows for both good correction and a good final gloss level. Characteristics: Innovative abrasive technology capable of high correction-finish amplitudes Designed for use with a&hellip;\" \/>\n<meta property=\"og:url\" content=\"https:\/\/detailspot.lt\/produktas\/meguiars-pro-speed-compound-100\/\" \/>\n<meta property=\"og:site_name\" content=\"Detail Spot\" \/>\n<meta property=\"article:publisher\" content=\"https:\/\/www.facebook.com\/profile.php?id=100039208338156\" \/>\n<meta property=\"og:image\" content=\"https:\/\/detailspot.lt\/wp-content\/uploads\/2022\/12\/meg-logo-300x182.png\" \/>\n<meta name=\"twitter:card\" content=\"summary_large_image\" \/>\n<script type=\"application\/ld+json\" class=\"yoast-schema-graph\">{\"@context\":\"https:\\\/\\\/schema.org\",\"@graph\":[{\"@type\":\"WebPage\",\"@id\":\"https:\\\/\\\/detailspot.lt\\\/produktas\\\/meguiars-pro-speed-compound-100\\\/\",\"url\":\"https:\\\/\\\/detailspot.lt\\\/produktas\\\/meguiars-pro-speed-compound-100\\\/\",\"name\":\"Meguiar's Pro Speed Compound 100 - Detail Spot\",\"isPartOf\":{\"@id\":\"https:\\\/\\\/detailspot.lt\\\/#website\"},\"primaryImageOfPage\":{\"@id\":\"https:\\\/\\\/detailspot.lt\\\/produktas\\\/meguiars-pro-speed-compound-100\\\/#primaryimage\"},\"image\":{\"@id\":\"https:\\\/\\\/detailspot.lt\\\/produktas\\\/meguiars-pro-speed-compound-100\\\/#primaryimage\"},\"thumbnailUrl\":\"https:\\\/\\\/detailspot.lt\\\/wp-content\\\/uploads\\\/2022\\\/12\\\/meguiars-100-pro-speed-compound-1.jpg\",\"datePublished\":\"2022-12-02T13:15:44+00:00\",\"breadcrumb\":{\"@id\":\"https:\\\/\\\/detailspot.lt\\\/produktas\\\/meguiars-pro-speed-compound-100\\\/#breadcrumb\"},\"inLanguage\":\"en-US\",\"potentialAction\":[{\"@type\":\"ReadAction\",\"target\":[\"https:\\\/\\\/detailspot.lt\\\/produktas\\\/meguiars-pro-speed-compound-100\\\/\"]}]},{\"@type\":\"ImageObject\",\"inLanguage\":\"en-US\",\"@id\":\"https:\\\/\\\/detailspot.lt\\\/produktas\\\/meguiars-pro-speed-compound-100\\\/#primaryimage\",\"url\":\"https:\\\/\\\/detailspot.lt\\\/wp-content\\\/uploads\\\/2022\\\/12\\\/meguiars-100-pro-speed-compound-1.jpg\",\"contentUrl\":\"https:\\\/\\\/detailspot.lt\\\/wp-content\\\/uploads\\\/2022\\\/12\\\/meguiars-100-pro-speed-compound-1.jpg\",\"width\":621,\"height\":621},{\"@type\":\"BreadcrumbList\",\"@id\":\"https:\\\/\\\/detailspot.lt\\\/produktas\\\/meguiars-pro-speed-compound-100\\\/#breadcrumb\",\"itemListElement\":[{\"@type\":\"ListItem\",\"position\":1,\"name\":\"Home\",\"item\":\"https:\\\/\\\/detailspot.lt\\\/en\\\/\"},{\"@type\":\"ListItem\",\"position\":2,\"name\":\"Shop\",\"item\":\"https:\\\/\\\/detailspot.lt\\\/en\\\/parduotuve\\\/\"},{\"@type\":\"ListItem\",\"position\":3,\"name\":\"Meguiar&#8217;s Pro Speed Compound 100\"}]},{\"@type\":\"WebSite\",\"@id\":\"https:\\\/\\\/detailspot.lt\\\/#website\",\"url\":\"https:\\\/\\\/detailspot.lt\\\/\",\"name\":\"Detail Spot\",\"description\":\"Automobili\u0173 prie\u017ei\u016bros priemon\u0117s\",\"publisher\":{\"@id\":\"https:\\\/\\\/detailspot.lt\\\/#organization\"},\"potentialAction\":[{\"@type\":\"SearchAction\",\"target\":{\"@type\":\"EntryPoint\",\"urlTemplate\":\"https:\\\/\\\/detailspot.lt\\\/?s={search_term_string}\"},\"query-input\":{\"@type\":\"PropertyValueSpecification\",\"valueRequired\":true,\"valueName\":\"search_term_string\"}}],\"inLanguage\":\"en-US\"},{\"@type\":\"Organization\",\"@id\":\"https:\\\/\\\/detailspot.lt\\\/#organization\",\"name\":\"Detail Spot\",\"url\":\"https:\\\/\\\/detailspot.lt\\\/\",\"logo\":{\"@type\":\"ImageObject\",\"inLanguage\":\"en-US\",\"@id\":\"https:\\\/\\\/detailspot.lt\\\/#\\\/schema\\\/logo\\\/image\\\/\",\"url\":\"https:\\\/\\\/detailspot.lt\\\/wp-content\\\/uploads\\\/2022\\\/10\\\/logo-original.svg\",\"contentUrl\":\"https:\\\/\\\/detailspot.lt\\\/wp-content\\\/uploads\\\/2022\\\/10\\\/logo-original.svg\",\"width\":1,\"height\":1,\"caption\":\"Detail Spot\"},\"image\":{\"@id\":\"https:\\\/\\\/detailspot.lt\\\/#\\\/schema\\\/logo\\\/image\\\/\"},\"sameAs\":[\"https:\\\/\\\/www.facebook.com\\\/profile.php?id=100039208338156\"]}]}<\/script>\n<!-- \/ Yoast SEO plugin. -->","yoast_head_json":{"title":"Meguiar's Pro Speed Compound 100 - Detail Spot","robots":{"index":"index","follow":"follow","max-snippet":"max-snippet:-1","max-image-preview":"max-image-preview:large","max-video-preview":"max-video-preview:-1"},"canonical":"https:\/\/detailspot.lt\/produktas\/meguiars-pro-speed-compound-100\/","og_locale":"en_US","og_type":"article","og_title":"Meguiar's Pro Speed Compound 100 - Detail Spot","og_description":"Meguiar&#8217;s Pro Speed Compound 100 is an aggressive lacquer correction paste for deep scratches. This paste is capable of removing deep scratches, maintenance defects and holograms. The advanced abrasive technology allows for both good correction and a good final gloss level. Characteristics: Innovative abrasive technology capable of high correction-finish amplitudes Designed for use with a&hellip;","og_url":"https:\/\/detailspot.lt\/produktas\/meguiars-pro-speed-compound-100\/","og_site_name":"Detail Spot","article_publisher":"https:\/\/www.facebook.com\/profile.php?id=100039208338156","og_image":[{"url":"https:\/\/detailspot.lt\/wp-content\/uploads\/2022\/12\/meg-logo-300x182.png","type":"","width":"","height":""}],"twitter_card":"summary_large_image","schema":{"@context":"https:\/\/schema.org","@graph":[{"@type":"WebPage","@id":"https:\/\/detailspot.lt\/produktas\/meguiars-pro-speed-compound-100\/","url":"https:\/\/detailspot.lt\/produktas\/meguiars-pro-speed-compound-100\/","name":"Meguiar's Pro Speed Compound 100 - Detail Spot","isPartOf":{"@id":"https:\/\/detailspot.lt\/#website"},"primaryImageOfPage":{"@id":"https:\/\/detailspot.lt\/produktas\/meguiars-pro-speed-compound-100\/#primaryimage"},"image":{"@id":"https:\/\/detailspot.lt\/produktas\/meguiars-pro-speed-compound-100\/#primaryimage"},"thumbnailUrl":"https:\/\/detailspot.lt\/wp-content\/uploads\/2022\/12\/meguiars-100-pro-speed-compound-1.jpg","datePublished":"2022-12-02T13:15:44+00:00","breadcrumb":{"@id":"https:\/\/detailspot.lt\/produktas\/meguiars-pro-speed-compound-100\/#breadcrumb"},"inLanguage":"en-US","potentialAction":[{"@type":"ReadAction","target":["https:\/\/detailspot.lt\/produktas\/meguiars-pro-speed-compound-100\/"]}]},{"@type":"ImageObject","inLanguage":"en-US","@id":"https:\/\/detailspot.lt\/produktas\/meguiars-pro-speed-compound-100\/#primaryimage","url":"https:\/\/detailspot.lt\/wp-content\/uploads\/2022\/12\/meguiars-100-pro-speed-compound-1.jpg","contentUrl":"https:\/\/detailspot.lt\/wp-content\/uploads\/2022\/12\/meguiars-100-pro-speed-compound-1.jpg","width":621,"height":621},{"@type":"BreadcrumbList","@id":"https:\/\/detailspot.lt\/produktas\/meguiars-pro-speed-compound-100\/#breadcrumb","itemListElement":[{"@type":"ListItem","position":1,"name":"Home","item":"https:\/\/detailspot.lt\/en\/"},{"@type":"ListItem","position":2,"name":"Shop","item":"https:\/\/detailspot.lt\/en\/parduotuve\/"},{"@type":"ListItem","position":3,"name":"Meguiar&#8217;s Pro Speed Compound 100"}]},{"@type":"WebSite","@id":"https:\/\/detailspot.lt\/#website","url":"https:\/\/detailspot.lt\/","name":"Detail Spot","description":"Automobili\u0173 prie\u017ei\u016bros priemon\u0117s","publisher":{"@id":"https:\/\/detailspot.lt\/#organization"},"potentialAction":[{"@type":"SearchAction","target":{"@type":"EntryPoint","urlTemplate":"https:\/\/detailspot.lt\/?s={search_term_string}"},"query-input":{"@type":"PropertyValueSpecification","valueRequired":true,"valueName":"search_term_string"}}],"inLanguage":"en-US"},{"@type":"Organization","@id":"https:\/\/detailspot.lt\/#organization","name":"Detail Spot","url":"https:\/\/detailspot.lt\/","logo":{"@type":"ImageObject","inLanguage":"en-US","@id":"https:\/\/detailspot.lt\/#\/schema\/logo\/image\/","url":"https:\/\/detailspot.lt\/wp-content\/uploads\/2022\/10\/logo-original.svg","contentUrl":"https:\/\/detailspot.lt\/wp-content\/uploads\/2022\/10\/logo-original.svg","width":1,"height":1,"caption":"Detail Spot"},"image":{"@id":"https:\/\/detailspot.lt\/#\/schema\/logo\/image\/"},"sameAs":["https:\/\/www.facebook.com\/profile.php?id=100039208338156"]}]}},"_links":{"self":[{"href":"https:\/\/detailspot.lt\/en\/wp-json\/wp\/v2\/product\/6696","targetHints":{"allow":["GET"]}}],"collection":[{"href":"https:\/\/detailspot.lt\/en\/wp-json\/wp\/v2\/product"}],"about":[{"href":"https:\/\/detailspot.lt\/en\/wp-json\/wp\/v2\/types\/product"}],"replies":[{"embeddable":true,"href":"https:\/\/detailspot.lt\/en\/wp-json\/wp\/v2\/comments?post=6696"}],"wp:featuredmedia":[{"embeddable":true,"href":"https:\/\/detailspot.lt\/en\/wp-json\/wp\/v2\/media\/4003"}],"wp:attachment":[{"href":"https:\/\/detailspot.lt\/en\/wp-json\/wp\/v2\/media?parent=6696"}],"wp:term":[{"taxonomy":"product_brand","embeddable":true,"href":"https:\/\/detailspot.lt\/en\/wp-json\/wp\/v2\/product_brand?post=6696"},{"taxonomy":"product_cat","embeddable":true,"href":"https:\/\/detailspot.lt\/en\/wp-json\/wp\/v2\/product_cat?post=6696"},{"taxonomy":"product_tag","embeddable":true,"href":"https:\/\/detailspot.lt\/en\/wp-json\/wp\/v2\/product_tag?post=6696"}],"curies":[{"name":"wp","href":"https:\/\/api.w.org\/{rel}","templated":true}]}}