{"id":6695,"date":"2022-12-02T15:15:44","date_gmt":"2022-12-02T13:15:44","guid":{"rendered":"https:\/\/detailspot.lt\/produktas\/gtechniq-c2-nano-coating-for-car-bodywork\/"},"modified":"2022-12-02T15:15:44","modified_gmt":"2022-12-02T13:15:44","slug":"gtechniq-c2-nano-coating-for-car-bodywork","status":"publish","type":"product","link":"https:\/\/detailspot.lt\/en\/produktas\/gtechniq-c2-nano-coating-for-car-bodywork\/","title":{"rendered":"Gtechniq C2 nano-coating for car bodywork"},"content":{"rendered":"<p><strong><em>Gtechniq C2 C2 Liquid Crystal<\/em><\/strong> &#8211; Coating is a revolutionary way to give your car a shine and keep it cleaner for longer. All thanks to <em>Gtechniq&#8217;s<\/em> unique <em>3S<\/em> Smart Surface Science. With <em>C2 Liquid Crystal,<\/em> you get effective protection against UV rays and dirt right away, without incurring high costs. Quick and easy to use, <em>C2<\/em> is based on the same Smart Surface Science technology.<\/p>\n<p><strong>Characteristics:<\/strong><\/p>\n<ol>\n<li> The effect lasts up to 6 months<\/li>\n<li>Easy to use<\/li>\n<li>Excellent mud repellency<\/li>\n<\/ol>\n<p>&nbsp;<\/p>\n<p style=\"text-align: center;\"><img loading=\"lazy\" decoding=\"async\" class=\"alignnone size-medium wp-image-2069\" src=\"https:\/\/detailspot.lt\/wp-content\/uploads\/2022\/12\/gtechniq-logo-300x300.jpg\" alt=\"\" width=\"300\" height=\"300\" srcset=\"https:\/\/detailspot.lt\/wp-content\/uploads\/2022\/12\/gtechniq-logo-300x300.jpg 300w, https:\/\/detailspot.lt\/wp-content\/uploads\/2022\/12\/gtechniq-logo-150x150.jpg 150w, https:\/\/detailspot.lt\/wp-content\/uploads\/2022\/12\/gtechniq-logo-768x768.jpg 768w, https:\/\/detailspot.lt\/wp-content\/uploads\/2022\/12\/gtechniq-logo-600x600.jpg 600w, https:\/\/detailspot.lt\/wp-content\/uploads\/2022\/12\/gtechniq-logo-200x200.jpg 200w, https:\/\/detailspot.lt\/wp-content\/uploads\/2022\/12\/gtechniq-logo-64x64.jpg 64w, https:\/\/detailspot.lt\/wp-content\/uploads\/2022\/12\/gtechniq-logo.jpg 1000w\" sizes=\"auto, (max-width: 300px) 100vw, 300px\" \/><\/p>\n","protected":false},"excerpt":{"rendered":"<p>Gtechniq C2 C2 Liquid Crystal &#8211; Coating is a revolutionary way to give your car a shine and keep it cleaner for longer. All thanks to Gtechniq&#8217;s unique 3S Smart Surface Science. With C2 Liquid Crystal, you get effective protection against UV rays and dirt right away, without incurring high costs. Quick and easy to&hellip;<\/p>\n","protected":false},"featured_media":3746,"comment_status":"closed","ping_status":"closed","template":"","meta":[],"product_brand":[],"product_cat":[160,178],"product_tag":[],"class_list":{"0":"post-6695","1":"product","2":"type-product","3":"status-publish","4":"has-post-thumbnail","6":"product_cat-exterior","7":"product_cat-waxes-and-conservatives","8":"description-off","10":"first","11":"outofstock","12":"taxable","13":"shipping-taxable","14":"purchasable","15":"product-type-simple"},"yoast_head":"<!-- This site is optimized with the Yoast SEO plugin v27.3 - https:\/\/yoast.com\/product\/yoast-seo-wordpress\/ -->\n<title>Gtechniq C2 nano-coating for car bodywork - Detail Spot<\/title>\n<meta name=\"robots\" content=\"index, follow, max-snippet:-1, max-image-preview:large, max-video-preview:-1\" \/>\n<link rel=\"canonical\" href=\"https:\/\/detailspot.lt\/produktas\/gtechniq-c2-nano-coating-for-car-bodywork\/\" \/>\n<meta property=\"og:locale\" content=\"en_US\" \/>\n<meta property=\"og:type\" content=\"article\" \/>\n<meta property=\"og:title\" content=\"Gtechniq C2 nano-coating for car bodywork - Detail Spot\" \/>\n<meta property=\"og:description\" content=\"Gtechniq C2 C2 Liquid Crystal &#8211; Coating is a revolutionary way to give your car a shine and keep it cleaner for longer. All thanks to Gtechniq&#8217;s unique 3S Smart Surface Science. With C2 Liquid Crystal, you get effective protection against UV rays and dirt right away, without incurring high costs. Quick and easy to&hellip;\" \/>\n<meta property=\"og:url\" content=\"https:\/\/detailspot.lt\/produktas\/gtechniq-c2-nano-coating-for-car-bodywork\/\" \/>\n<meta property=\"og:site_name\" content=\"Detail Spot\" \/>\n<meta property=\"article:publisher\" content=\"https:\/\/www.facebook.com\/profile.php?id=100039208338156\" \/>\n<meta property=\"og:image\" content=\"https:\/\/detailspot.lt\/wp-content\/uploads\/2022\/12\/gtechniq-logo-300x300.jpg\" \/>\n<meta name=\"twitter:card\" content=\"summary_large_image\" \/>\n<script type=\"application\/ld+json\" class=\"yoast-schema-graph\">{\"@context\":\"https:\\\/\\\/schema.org\",\"@graph\":[{\"@type\":\"WebPage\",\"@id\":\"https:\\\/\\\/detailspot.lt\\\/produktas\\\/gtechniq-c2-nano-coating-for-car-bodywork\\\/\",\"url\":\"https:\\\/\\\/detailspot.lt\\\/produktas\\\/gtechniq-c2-nano-coating-for-car-bodywork\\\/\",\"name\":\"Gtechniq C2 nano-coating for car bodywork - Detail Spot\",\"isPartOf\":{\"@id\":\"https:\\\/\\\/detailspot.lt\\\/#website\"},\"primaryImageOfPage\":{\"@id\":\"https:\\\/\\\/detailspot.lt\\\/produktas\\\/gtechniq-c2-nano-coating-for-car-bodywork\\\/#primaryimage\"},\"image\":{\"@id\":\"https:\\\/\\\/detailspot.lt\\\/produktas\\\/gtechniq-c2-nano-coating-for-car-bodywork\\\/#primaryimage\"},\"thumbnailUrl\":\"https:\\\/\\\/detailspot.lt\\\/wp-content\\\/uploads\\\/2022\\\/12\\\/C2-1.png\",\"datePublished\":\"2022-12-02T13:15:44+00:00\",\"breadcrumb\":{\"@id\":\"https:\\\/\\\/detailspot.lt\\\/produktas\\\/gtechniq-c2-nano-coating-for-car-bodywork\\\/#breadcrumb\"},\"inLanguage\":\"en-US\",\"potentialAction\":[{\"@type\":\"ReadAction\",\"target\":[\"https:\\\/\\\/detailspot.lt\\\/produktas\\\/gtechniq-c2-nano-coating-for-car-bodywork\\\/\"]}]},{\"@type\":\"ImageObject\",\"inLanguage\":\"en-US\",\"@id\":\"https:\\\/\\\/detailspot.lt\\\/produktas\\\/gtechniq-c2-nano-coating-for-car-bodywork\\\/#primaryimage\",\"url\":\"https:\\\/\\\/detailspot.lt\\\/wp-content\\\/uploads\\\/2022\\\/12\\\/C2-1.png\",\"contentUrl\":\"https:\\\/\\\/detailspot.lt\\\/wp-content\\\/uploads\\\/2022\\\/12\\\/C2-1.png\",\"width\":419,\"height\":500},{\"@type\":\"BreadcrumbList\",\"@id\":\"https:\\\/\\\/detailspot.lt\\\/produktas\\\/gtechniq-c2-nano-coating-for-car-bodywork\\\/#breadcrumb\",\"itemListElement\":[{\"@type\":\"ListItem\",\"position\":1,\"name\":\"Home\",\"item\":\"https:\\\/\\\/detailspot.lt\\\/en\\\/\"},{\"@type\":\"ListItem\",\"position\":2,\"name\":\"Shop\",\"item\":\"https:\\\/\\\/detailspot.lt\\\/en\\\/parduotuve\\\/\"},{\"@type\":\"ListItem\",\"position\":3,\"name\":\"Gtechniq C2 nano-coating for car bodywork\"}]},{\"@type\":\"WebSite\",\"@id\":\"https:\\\/\\\/detailspot.lt\\\/#website\",\"url\":\"https:\\\/\\\/detailspot.lt\\\/\",\"name\":\"Detail Spot\",\"description\":\"Automobili\u0173 prie\u017ei\u016bros priemon\u0117s\",\"publisher\":{\"@id\":\"https:\\\/\\\/detailspot.lt\\\/#organization\"},\"potentialAction\":[{\"@type\":\"SearchAction\",\"target\":{\"@type\":\"EntryPoint\",\"urlTemplate\":\"https:\\\/\\\/detailspot.lt\\\/?s={search_term_string}\"},\"query-input\":{\"@type\":\"PropertyValueSpecification\",\"valueRequired\":true,\"valueName\":\"search_term_string\"}}],\"inLanguage\":\"en-US\"},{\"@type\":\"Organization\",\"@id\":\"https:\\\/\\\/detailspot.lt\\\/#organization\",\"name\":\"Detail Spot\",\"url\":\"https:\\\/\\\/detailspot.lt\\\/\",\"logo\":{\"@type\":\"ImageObject\",\"inLanguage\":\"en-US\",\"@id\":\"https:\\\/\\\/detailspot.lt\\\/#\\\/schema\\\/logo\\\/image\\\/\",\"url\":\"https:\\\/\\\/detailspot.lt\\\/wp-content\\\/uploads\\\/2022\\\/10\\\/logo-original.svg\",\"contentUrl\":\"https:\\\/\\\/detailspot.lt\\\/wp-content\\\/uploads\\\/2022\\\/10\\\/logo-original.svg\",\"width\":1,\"height\":1,\"caption\":\"Detail Spot\"},\"image\":{\"@id\":\"https:\\\/\\\/detailspot.lt\\\/#\\\/schema\\\/logo\\\/image\\\/\"},\"sameAs\":[\"https:\\\/\\\/www.facebook.com\\\/profile.php?id=100039208338156\"]}]}<\/script>\n<!-- \/ Yoast SEO plugin. -->","yoast_head_json":{"title":"Gtechniq C2 nano-coating for car bodywork - Detail Spot","robots":{"index":"index","follow":"follow","max-snippet":"max-snippet:-1","max-image-preview":"max-image-preview:large","max-video-preview":"max-video-preview:-1"},"canonical":"https:\/\/detailspot.lt\/produktas\/gtechniq-c2-nano-coating-for-car-bodywork\/","og_locale":"en_US","og_type":"article","og_title":"Gtechniq C2 nano-coating for car bodywork - Detail Spot","og_description":"Gtechniq C2 C2 Liquid Crystal &#8211; Coating is a revolutionary way to give your car a shine and keep it cleaner for longer. All thanks to Gtechniq&#8217;s unique 3S Smart Surface Science. With C2 Liquid Crystal, you get effective protection against UV rays and dirt right away, without incurring high costs. Quick and easy to&hellip;","og_url":"https:\/\/detailspot.lt\/produktas\/gtechniq-c2-nano-coating-for-car-bodywork\/","og_site_name":"Detail Spot","article_publisher":"https:\/\/www.facebook.com\/profile.php?id=100039208338156","og_image":[{"url":"https:\/\/detailspot.lt\/wp-content\/uploads\/2022\/12\/gtechniq-logo-300x300.jpg","type":"","width":"","height":""}],"twitter_card":"summary_large_image","schema":{"@context":"https:\/\/schema.org","@graph":[{"@type":"WebPage","@id":"https:\/\/detailspot.lt\/produktas\/gtechniq-c2-nano-coating-for-car-bodywork\/","url":"https:\/\/detailspot.lt\/produktas\/gtechniq-c2-nano-coating-for-car-bodywork\/","name":"Gtechniq C2 nano-coating for car bodywork - Detail Spot","isPartOf":{"@id":"https:\/\/detailspot.lt\/#website"},"primaryImageOfPage":{"@id":"https:\/\/detailspot.lt\/produktas\/gtechniq-c2-nano-coating-for-car-bodywork\/#primaryimage"},"image":{"@id":"https:\/\/detailspot.lt\/produktas\/gtechniq-c2-nano-coating-for-car-bodywork\/#primaryimage"},"thumbnailUrl":"https:\/\/detailspot.lt\/wp-content\/uploads\/2022\/12\/C2-1.png","datePublished":"2022-12-02T13:15:44+00:00","breadcrumb":{"@id":"https:\/\/detailspot.lt\/produktas\/gtechniq-c2-nano-coating-for-car-bodywork\/#breadcrumb"},"inLanguage":"en-US","potentialAction":[{"@type":"ReadAction","target":["https:\/\/detailspot.lt\/produktas\/gtechniq-c2-nano-coating-for-car-bodywork\/"]}]},{"@type":"ImageObject","inLanguage":"en-US","@id":"https:\/\/detailspot.lt\/produktas\/gtechniq-c2-nano-coating-for-car-bodywork\/#primaryimage","url":"https:\/\/detailspot.lt\/wp-content\/uploads\/2022\/12\/C2-1.png","contentUrl":"https:\/\/detailspot.lt\/wp-content\/uploads\/2022\/12\/C2-1.png","width":419,"height":500},{"@type":"BreadcrumbList","@id":"https:\/\/detailspot.lt\/produktas\/gtechniq-c2-nano-coating-for-car-bodywork\/#breadcrumb","itemListElement":[{"@type":"ListItem","position":1,"name":"Home","item":"https:\/\/detailspot.lt\/en\/"},{"@type":"ListItem","position":2,"name":"Shop","item":"https:\/\/detailspot.lt\/en\/parduotuve\/"},{"@type":"ListItem","position":3,"name":"Gtechniq C2 nano-coating for car bodywork"}]},{"@type":"WebSite","@id":"https:\/\/detailspot.lt\/#website","url":"https:\/\/detailspot.lt\/","name":"Detail Spot","description":"Automobili\u0173 prie\u017ei\u016bros priemon\u0117s","publisher":{"@id":"https:\/\/detailspot.lt\/#organization"},"potentialAction":[{"@type":"SearchAction","target":{"@type":"EntryPoint","urlTemplate":"https:\/\/detailspot.lt\/?s={search_term_string}"},"query-input":{"@type":"PropertyValueSpecification","valueRequired":true,"valueName":"search_term_string"}}],"inLanguage":"en-US"},{"@type":"Organization","@id":"https:\/\/detailspot.lt\/#organization","name":"Detail Spot","url":"https:\/\/detailspot.lt\/","logo":{"@type":"ImageObject","inLanguage":"en-US","@id":"https:\/\/detailspot.lt\/#\/schema\/logo\/image\/","url":"https:\/\/detailspot.lt\/wp-content\/uploads\/2022\/10\/logo-original.svg","contentUrl":"https:\/\/detailspot.lt\/wp-content\/uploads\/2022\/10\/logo-original.svg","width":1,"height":1,"caption":"Detail Spot"},"image":{"@id":"https:\/\/detailspot.lt\/#\/schema\/logo\/image\/"},"sameAs":["https:\/\/www.facebook.com\/profile.php?id=100039208338156"]}]}},"_links":{"self":[{"href":"https:\/\/detailspot.lt\/en\/wp-json\/wp\/v2\/product\/6695","targetHints":{"allow":["GET"]}}],"collection":[{"href":"https:\/\/detailspot.lt\/en\/wp-json\/wp\/v2\/product"}],"about":[{"href":"https:\/\/detailspot.lt\/en\/wp-json\/wp\/v2\/types\/product"}],"replies":[{"embeddable":true,"href":"https:\/\/detailspot.lt\/en\/wp-json\/wp\/v2\/comments?post=6695"}],"wp:featuredmedia":[{"embeddable":true,"href":"https:\/\/detailspot.lt\/en\/wp-json\/wp\/v2\/media\/3746"}],"wp:attachment":[{"href":"https:\/\/detailspot.lt\/en\/wp-json\/wp\/v2\/media?parent=6695"}],"wp:term":[{"taxonomy":"product_brand","embeddable":true,"href":"https:\/\/detailspot.lt\/en\/wp-json\/wp\/v2\/product_brand?post=6695"},{"taxonomy":"product_cat","embeddable":true,"href":"https:\/\/detailspot.lt\/en\/wp-json\/wp\/v2\/product_cat?post=6695"},{"taxonomy":"product_tag","embeddable":true,"href":"https:\/\/detailspot.lt\/en\/wp-json\/wp\/v2\/product_tag?post=6695"}],"curies":[{"name":"wp","href":"https:\/\/api.w.org\/{rel}","templated":true}]}}