{"id":6691,"date":"2022-12-02T15:15:45","date_gmt":"2022-12-02T13:15:45","guid":{"rendered":"https:\/\/detailspot.lt\/produktas\/koch-chemie-ts-top-star-plastic-cleaner\/"},"modified":"2026-01-06T21:55:04","modified_gmt":"2026-01-06T19:55:04","slug":"koch-chemie-ts-top-star-plastic-cleaner","status":"publish","type":"product","link":"https:\/\/detailspot.lt\/en\/produktas\/koch-chemie-ts-top-star-plastic-cleaner\/","title":{"rendered":"Koch Chemie Ts Top Star Plastic cleaner"},"content":{"rendered":"<div id=\"heading2\">\n<p><strong>Koch Chemie Ts Top Star Plastic cleaner &#8211; <\/strong>Plastic and rubber refinisher for a semi-matt finish and UV protection. The emulsion helps to lift the dirt from deep-pore surfaces, restoring the original, natural look. Special active components make the surface less vulnerable to pressure, while anti-static properties help keep the surface clean for longer.<\/p>\n<p><strong>Characteristics:<\/strong><\/p>\n<ol>\n<li>Semi-matt colour<\/li>\n<li>For deep pore surfaces &#8211; plastic, rubber<\/li>\n<li>Can be used in the salon<\/li>\n<li>The instrument is approved by the Daimler car manufacturer<\/li>\n<\/ol>\n<\/div>\n<p class=\"clear\" style=\"text-align: center;\"><img loading=\"lazy\" decoding=\"async\" class=\"alignnone size-medium wp-image-1061\" src=\"https:\/\/detailspot.lt\/wp-content\/uploads\/2022\/10\/Koch-Chemie-logo-300x142.jpeg\" alt=\"\" width=\"300\" height=\"142\" srcset=\"https:\/\/detailspot.lt\/wp-content\/uploads\/2022\/10\/Koch-Chemie-logo-300x142.jpeg 300w, https:\/\/detailspot.lt\/wp-content\/uploads\/2022\/10\/Koch-Chemie-logo.jpeg 500w\" sizes=\"auto, (max-width: 300px) 100vw, 300px\" \/><\/p>\n<div class=\"clear\"><\/div>\n<p class=\"grid_26 alpha omega \">\n","protected":false},"excerpt":{"rendered":"<p>Koch Chemie Ts Top Star Plastic cleaner &#8211; Plastic and rubber refinisher for a semi-matt finish and UV protection. The emulsion helps to lift the dirt from deep-pore surfaces, restoring the original, natural look. Special active components make the surface less vulnerable to pressure, while anti-static properties help keep the surface clean for longer. Characteristics:&hellip;<\/p>\n","protected":false},"featured_media":3851,"comment_status":"closed","ping_status":"closed","template":"","meta":[],"product_brand":[],"product_cat":[165,168],"product_tag":[],"class_list":{"0":"post-6691","1":"product","2":"type-product","3":"status-publish","4":"has-post-thumbnail","6":"product_cat-interior","7":"product_cat-plastics-and-textiles","8":"description-off","10":"first","11":"outofstock","12":"sale","13":"taxable","14":"shipping-taxable","15":"purchasable","16":"product-type-simple"},"yoast_head":"<!-- This site is optimized with the Yoast SEO plugin v27.4 - https:\/\/yoast.com\/product\/yoast-seo-wordpress\/ -->\n<title>Koch Chemie Ts Top Star Plastic cleaner - Detail Spot<\/title>\n<meta name=\"robots\" content=\"index, follow, max-snippet:-1, max-image-preview:large, max-video-preview:-1\" \/>\n<link rel=\"canonical\" href=\"https:\/\/detailspot.lt\/produktas\/koch-chemie-ts-top-star-plastic-cleaner\/\" \/>\n<meta property=\"og:locale\" content=\"en_US\" \/>\n<meta property=\"og:type\" content=\"article\" \/>\n<meta property=\"og:title\" content=\"Koch Chemie Ts Top Star Plastic cleaner - Detail Spot\" \/>\n<meta property=\"og:description\" content=\"Koch Chemie Ts Top Star Plastic cleaner &#8211; Plastic and rubber refinisher for a semi-matt finish and UV protection. The emulsion helps to lift the dirt from deep-pore surfaces, restoring the original, natural look. Special active components make the surface less vulnerable to pressure, while anti-static properties help keep the surface clean for longer. Characteristics:&hellip;\" \/>\n<meta property=\"og:url\" content=\"https:\/\/detailspot.lt\/produktas\/koch-chemie-ts-top-star-plastic-cleaner\/\" \/>\n<meta property=\"og:site_name\" content=\"Detail Spot\" \/>\n<meta property=\"article:publisher\" content=\"https:\/\/www.facebook.com\/profile.php?id=100039208338156\" \/>\n<meta property=\"article:modified_time\" content=\"2026-01-06T19:55:04+00:00\" \/>\n<meta property=\"og:image\" content=\"https:\/\/detailspot.lt\/wp-content\/uploads\/2022\/10\/Koch-Chemie-logo-300x142.jpeg\" \/>\n<meta name=\"twitter:card\" content=\"summary_large_image\" \/>\n<script type=\"application\/ld+json\" class=\"yoast-schema-graph\">{\"@context\":\"https:\\\/\\\/schema.org\",\"@graph\":[{\"@type\":\"WebPage\",\"@id\":\"https:\\\/\\\/detailspot.lt\\\/produktas\\\/koch-chemie-ts-top-star-plastic-cleaner\\\/\",\"url\":\"https:\\\/\\\/detailspot.lt\\\/produktas\\\/koch-chemie-ts-top-star-plastic-cleaner\\\/\",\"name\":\"Koch Chemie Ts Top Star Plastic cleaner - Detail Spot\",\"isPartOf\":{\"@id\":\"https:\\\/\\\/detailspot.lt\\\/#website\"},\"primaryImageOfPage\":{\"@id\":\"https:\\\/\\\/detailspot.lt\\\/produktas\\\/koch-chemie-ts-top-star-plastic-cleaner\\\/#primaryimage\"},\"image\":{\"@id\":\"https:\\\/\\\/detailspot.lt\\\/produktas\\\/koch-chemie-ts-top-star-plastic-cleaner\\\/#primaryimage\"},\"thumbnailUrl\":\"https:\\\/\\\/detailspot.lt\\\/wp-content\\\/uploads\\\/2022\\\/12\\\/koch-chemie-ts-top-star-plastiko-valiklis-1.jpg\",\"datePublished\":\"2022-12-02T13:15:45+00:00\",\"dateModified\":\"2026-01-06T19:55:04+00:00\",\"breadcrumb\":{\"@id\":\"https:\\\/\\\/detailspot.lt\\\/produktas\\\/koch-chemie-ts-top-star-plastic-cleaner\\\/#breadcrumb\"},\"inLanguage\":\"en-US\",\"potentialAction\":[{\"@type\":\"ReadAction\",\"target\":[\"https:\\\/\\\/detailspot.lt\\\/produktas\\\/koch-chemie-ts-top-star-plastic-cleaner\\\/\"]}]},{\"@type\":\"ImageObject\",\"inLanguage\":\"en-US\",\"@id\":\"https:\\\/\\\/detailspot.lt\\\/produktas\\\/koch-chemie-ts-top-star-plastic-cleaner\\\/#primaryimage\",\"url\":\"https:\\\/\\\/detailspot.lt\\\/wp-content\\\/uploads\\\/2022\\\/12\\\/koch-chemie-ts-top-star-plastiko-valiklis-1.jpg\",\"contentUrl\":\"https:\\\/\\\/detailspot.lt\\\/wp-content\\\/uploads\\\/2022\\\/12\\\/koch-chemie-ts-top-star-plastiko-valiklis-1.jpg\",\"width\":1188,\"height\":1188},{\"@type\":\"BreadcrumbList\",\"@id\":\"https:\\\/\\\/detailspot.lt\\\/produktas\\\/koch-chemie-ts-top-star-plastic-cleaner\\\/#breadcrumb\",\"itemListElement\":[{\"@type\":\"ListItem\",\"position\":1,\"name\":\"Home\",\"item\":\"https:\\\/\\\/detailspot.lt\\\/en\\\/\"},{\"@type\":\"ListItem\",\"position\":2,\"name\":\"Shop\",\"item\":\"https:\\\/\\\/detailspot.lt\\\/en\\\/parduotuve\\\/\"},{\"@type\":\"ListItem\",\"position\":3,\"name\":\"Koch Chemie Ts Top Star Plastic cleaner\"}]},{\"@type\":\"WebSite\",\"@id\":\"https:\\\/\\\/detailspot.lt\\\/#website\",\"url\":\"https:\\\/\\\/detailspot.lt\\\/\",\"name\":\"Detail Spot\",\"description\":\"Automobili\u0173 prie\u017ei\u016bros priemon\u0117s\",\"publisher\":{\"@id\":\"https:\\\/\\\/detailspot.lt\\\/#organization\"},\"potentialAction\":[{\"@type\":\"SearchAction\",\"target\":{\"@type\":\"EntryPoint\",\"urlTemplate\":\"https:\\\/\\\/detailspot.lt\\\/?s={search_term_string}\"},\"query-input\":{\"@type\":\"PropertyValueSpecification\",\"valueRequired\":true,\"valueName\":\"search_term_string\"}}],\"inLanguage\":\"en-US\"},{\"@type\":\"Organization\",\"@id\":\"https:\\\/\\\/detailspot.lt\\\/#organization\",\"name\":\"Detail Spot\",\"url\":\"https:\\\/\\\/detailspot.lt\\\/\",\"logo\":{\"@type\":\"ImageObject\",\"inLanguage\":\"en-US\",\"@id\":\"https:\\\/\\\/detailspot.lt\\\/#\\\/schema\\\/logo\\\/image\\\/\",\"url\":\"https:\\\/\\\/detailspot.lt\\\/wp-content\\\/uploads\\\/2022\\\/10\\\/logo-original.svg\",\"contentUrl\":\"https:\\\/\\\/detailspot.lt\\\/wp-content\\\/uploads\\\/2022\\\/10\\\/logo-original.svg\",\"width\":1,\"height\":1,\"caption\":\"Detail Spot\"},\"image\":{\"@id\":\"https:\\\/\\\/detailspot.lt\\\/#\\\/schema\\\/logo\\\/image\\\/\"},\"sameAs\":[\"https:\\\/\\\/www.facebook.com\\\/profile.php?id=100039208338156\"]}]}<\/script>\n<!-- \/ Yoast SEO plugin. -->","yoast_head_json":{"title":"Koch Chemie Ts Top Star Plastic cleaner - Detail Spot","robots":{"index":"index","follow":"follow","max-snippet":"max-snippet:-1","max-image-preview":"max-image-preview:large","max-video-preview":"max-video-preview:-1"},"canonical":"https:\/\/detailspot.lt\/produktas\/koch-chemie-ts-top-star-plastic-cleaner\/","og_locale":"en_US","og_type":"article","og_title":"Koch Chemie Ts Top Star Plastic cleaner - Detail Spot","og_description":"Koch Chemie Ts Top Star Plastic cleaner &#8211; Plastic and rubber refinisher for a semi-matt finish and UV protection. The emulsion helps to lift the dirt from deep-pore surfaces, restoring the original, natural look. Special active components make the surface less vulnerable to pressure, while anti-static properties help keep the surface clean for longer. Characteristics:&hellip;","og_url":"https:\/\/detailspot.lt\/produktas\/koch-chemie-ts-top-star-plastic-cleaner\/","og_site_name":"Detail Spot","article_publisher":"https:\/\/www.facebook.com\/profile.php?id=100039208338156","article_modified_time":"2026-01-06T19:55:04+00:00","og_image":[{"url":"https:\/\/detailspot.lt\/wp-content\/uploads\/2022\/10\/Koch-Chemie-logo-300x142.jpeg","type":"","width":"","height":""}],"twitter_card":"summary_large_image","schema":{"@context":"https:\/\/schema.org","@graph":[{"@type":"WebPage","@id":"https:\/\/detailspot.lt\/produktas\/koch-chemie-ts-top-star-plastic-cleaner\/","url":"https:\/\/detailspot.lt\/produktas\/koch-chemie-ts-top-star-plastic-cleaner\/","name":"Koch Chemie Ts Top Star Plastic cleaner - Detail Spot","isPartOf":{"@id":"https:\/\/detailspot.lt\/#website"},"primaryImageOfPage":{"@id":"https:\/\/detailspot.lt\/produktas\/koch-chemie-ts-top-star-plastic-cleaner\/#primaryimage"},"image":{"@id":"https:\/\/detailspot.lt\/produktas\/koch-chemie-ts-top-star-plastic-cleaner\/#primaryimage"},"thumbnailUrl":"https:\/\/detailspot.lt\/wp-content\/uploads\/2022\/12\/koch-chemie-ts-top-star-plastiko-valiklis-1.jpg","datePublished":"2022-12-02T13:15:45+00:00","dateModified":"2026-01-06T19:55:04+00:00","breadcrumb":{"@id":"https:\/\/detailspot.lt\/produktas\/koch-chemie-ts-top-star-plastic-cleaner\/#breadcrumb"},"inLanguage":"en-US","potentialAction":[{"@type":"ReadAction","target":["https:\/\/detailspot.lt\/produktas\/koch-chemie-ts-top-star-plastic-cleaner\/"]}]},{"@type":"ImageObject","inLanguage":"en-US","@id":"https:\/\/detailspot.lt\/produktas\/koch-chemie-ts-top-star-plastic-cleaner\/#primaryimage","url":"https:\/\/detailspot.lt\/wp-content\/uploads\/2022\/12\/koch-chemie-ts-top-star-plastiko-valiklis-1.jpg","contentUrl":"https:\/\/detailspot.lt\/wp-content\/uploads\/2022\/12\/koch-chemie-ts-top-star-plastiko-valiklis-1.jpg","width":1188,"height":1188},{"@type":"BreadcrumbList","@id":"https:\/\/detailspot.lt\/produktas\/koch-chemie-ts-top-star-plastic-cleaner\/#breadcrumb","itemListElement":[{"@type":"ListItem","position":1,"name":"Home","item":"https:\/\/detailspot.lt\/en\/"},{"@type":"ListItem","position":2,"name":"Shop","item":"https:\/\/detailspot.lt\/en\/parduotuve\/"},{"@type":"ListItem","position":3,"name":"Koch Chemie Ts Top Star Plastic cleaner"}]},{"@type":"WebSite","@id":"https:\/\/detailspot.lt\/#website","url":"https:\/\/detailspot.lt\/","name":"Detail Spot","description":"Automobili\u0173 prie\u017ei\u016bros priemon\u0117s","publisher":{"@id":"https:\/\/detailspot.lt\/#organization"},"potentialAction":[{"@type":"SearchAction","target":{"@type":"EntryPoint","urlTemplate":"https:\/\/detailspot.lt\/?s={search_term_string}"},"query-input":{"@type":"PropertyValueSpecification","valueRequired":true,"valueName":"search_term_string"}}],"inLanguage":"en-US"},{"@type":"Organization","@id":"https:\/\/detailspot.lt\/#organization","name":"Detail Spot","url":"https:\/\/detailspot.lt\/","logo":{"@type":"ImageObject","inLanguage":"en-US","@id":"https:\/\/detailspot.lt\/#\/schema\/logo\/image\/","url":"https:\/\/detailspot.lt\/wp-content\/uploads\/2022\/10\/logo-original.svg","contentUrl":"https:\/\/detailspot.lt\/wp-content\/uploads\/2022\/10\/logo-original.svg","width":1,"height":1,"caption":"Detail Spot"},"image":{"@id":"https:\/\/detailspot.lt\/#\/schema\/logo\/image\/"},"sameAs":["https:\/\/www.facebook.com\/profile.php?id=100039208338156"]}]}},"_links":{"self":[{"href":"https:\/\/detailspot.lt\/en\/wp-json\/wp\/v2\/product\/6691","targetHints":{"allow":["GET"]}}],"collection":[{"href":"https:\/\/detailspot.lt\/en\/wp-json\/wp\/v2\/product"}],"about":[{"href":"https:\/\/detailspot.lt\/en\/wp-json\/wp\/v2\/types\/product"}],"replies":[{"embeddable":true,"href":"https:\/\/detailspot.lt\/en\/wp-json\/wp\/v2\/comments?post=6691"}],"wp:featuredmedia":[{"embeddable":true,"href":"https:\/\/detailspot.lt\/en\/wp-json\/wp\/v2\/media\/3851"}],"wp:attachment":[{"href":"https:\/\/detailspot.lt\/en\/wp-json\/wp\/v2\/media?parent=6691"}],"wp:term":[{"taxonomy":"product_brand","embeddable":true,"href":"https:\/\/detailspot.lt\/en\/wp-json\/wp\/v2\/product_brand?post=6691"},{"taxonomy":"product_cat","embeddable":true,"href":"https:\/\/detailspot.lt\/en\/wp-json\/wp\/v2\/product_cat?post=6691"},{"taxonomy":"product_tag","embeddable":true,"href":"https:\/\/detailspot.lt\/en\/wp-json\/wp\/v2\/product_tag?post=6691"}],"curies":[{"name":"wp","href":"https:\/\/api.w.org\/{rel}","templated":true}]}}