{"id":6689,"date":"2022-12-02T15:15:45","date_gmt":"2022-12-02T13:15:45","guid":{"rendered":"https:\/\/detailspot.lt\/produktas\/koch-chemie-po-pol-star-multi-purpose-cleaner-1l\/"},"modified":"2024-09-01T12:58:33","modified_gmt":"2024-09-01T09:58:33","slug":"koch-chemie-po-pol-star-multi-purpose-cleaner-1l","status":"publish","type":"product","link":"https:\/\/detailspot.lt\/en\/produktas\/koch-chemie-po-pol-star-multi-purpose-cleaner-1l\/","title":{"rendered":"Koch Chemie Po Pol Star multi-purpose cleaner 1l"},"content":{"rendered":"<div id=\"heading2\">\n<p><strong>Koch Chemie Po Pol Star multi-purpose cleaner 1l &#8211; <\/strong>fast-acting cleaner suitable for soft interior surfaces &#8211; textiles, leather, alcantara. The product does not leave water spots and is very easy to use. If the surface has previously been coated with a hydrophobicity protector, cleaning with Pol Star will not damage this protective layer.<\/p>\n<p><strong>Features<\/strong><\/p>\n<ol>\n<li>Neutral pH<\/li>\n<li>Concentrate, dilute with water 1:5-1:20<\/li>\n<li>Can be used on textiles, leather, alcantara type leather<\/li>\n<\/ol>\n<p><strong>Usage<\/strong><\/p>\n<ol>\n<li>Dilute the product in the desired ratio<\/li>\n<li>Spray the surface<\/li>\n<li>Let the remedy work<\/li>\n<li>Wipe with a microfibre cloth or vacuum<\/li>\n<\/ol>\n<\/div>\n<p class=\"clear\" style=\"text-align: center;\"><img loading=\"lazy\" decoding=\"async\" class=\"alignnone size-medium wp-image-1061\" src=\"https:\/\/detailspot.lt\/wp-content\/uploads\/2022\/10\/Koch-Chemie-logo-300x142.jpeg\" alt=\"\" width=\"300\" height=\"142\" srcset=\"https:\/\/detailspot.lt\/wp-content\/uploads\/2022\/10\/Koch-Chemie-logo-300x142.jpeg 300w, https:\/\/detailspot.lt\/wp-content\/uploads\/2022\/10\/Koch-Chemie-logo.jpeg 500w\" sizes=\"auto, (max-width: 300px) 100vw, 300px\" \/><\/p>\n","protected":false},"excerpt":{"rendered":"<p>Koch Chemie Po Pol Star multi-purpose cleaner 1l &#8211; fast-acting cleaner suitable for soft interior surfaces &#8211; textiles, leather, alcantara. The product does not leave water spots and is very easy to use. If the surface has previously been coated with a hydrophobicity protector, cleaning with Pol Star will not damage this protective layer. Features&hellip;<\/p>\n","protected":false},"featured_media":3831,"comment_status":"closed","ping_status":"closed","template":"","meta":[],"product_brand":[],"product_cat":[165,167,168],"product_tag":[],"class_list":{"0":"post-6689","1":"product","2":"type-product","3":"status-publish","4":"has-post-thumbnail","6":"product_cat-interior","7":"product_cat-skin-care","8":"product_cat-plastics-and-textiles","9":"description-off","11":"first","12":"instock","13":"taxable","14":"shipping-taxable","15":"purchasable","16":"product-type-simple"},"yoast_head":"<!-- This site is optimized with the Yoast SEO plugin v27.2 - https:\/\/yoast.com\/product\/yoast-seo-wordpress\/ -->\n<title>Koch Chemie Po Pol Star multi-purpose cleaner 1l - Detail Spot<\/title>\n<meta name=\"robots\" content=\"index, follow, max-snippet:-1, max-image-preview:large, max-video-preview:-1\" \/>\n<link rel=\"canonical\" href=\"https:\/\/detailspot.lt\/produktas\/koch-chemie-po-pol-star-universalus-valiklis-1l\/\" \/>\n<meta property=\"og:locale\" content=\"en_US\" \/>\n<meta property=\"og:type\" content=\"article\" \/>\n<meta property=\"og:title\" content=\"Koch Chemie Po Pol Star multi-purpose cleaner 1l - Detail Spot\" \/>\n<meta property=\"og:description\" content=\"Koch Chemie Po Pol Star multi-purpose cleaner 1l &#8211; fast-acting cleaner suitable for soft interior surfaces &#8211; textiles, leather, alcantara. The product does not leave water spots and is very easy to use. If the surface has previously been coated with a hydrophobicity protector, cleaning with Pol Star will not damage this protective layer. Features&hellip;\" \/>\n<meta property=\"og:url\" content=\"https:\/\/detailspot.lt\/produktas\/koch-chemie-po-pol-star-universalus-valiklis-1l\/\" \/>\n<meta property=\"og:site_name\" content=\"Detail Spot\" \/>\n<meta property=\"article:publisher\" content=\"https:\/\/www.facebook.com\/profile.php?id=100039208338156\" \/>\n<meta property=\"article:modified_time\" content=\"2024-09-01T09:58:33+00:00\" \/>\n<meta property=\"og:image\" content=\"https:\/\/detailspot.lt\/wp-content\/uploads\/2022\/12\/koch-chemie-po-pol-star-universalus-valiklis-1-1.jpg\" \/>\n\t<meta property=\"og:image:width\" content=\"1188\" \/>\n\t<meta property=\"og:image:height\" content=\"1188\" \/>\n\t<meta property=\"og:image:type\" content=\"image\/jpeg\" \/>\n<meta name=\"twitter:card\" content=\"summary_large_image\" \/>\n<script type=\"application\/ld+json\" class=\"yoast-schema-graph\">{\"@context\":\"https:\/\/schema.org\",\"@graph\":[{\"@type\":\"WebPage\",\"@id\":\"https:\/\/detailspot.lt\/produktas\/koch-chemie-po-pol-star-universalus-valiklis-1l\/\",\"url\":\"https:\/\/detailspot.lt\/produktas\/koch-chemie-po-pol-star-universalus-valiklis-1l\/\",\"name\":\"Koch Chemie Po Pol Star multi-purpose cleaner 1l - Detail Spot\",\"isPartOf\":{\"@id\":\"https:\/\/detailspot.lt\/#website\"},\"primaryImageOfPage\":{\"@id\":\"https:\/\/detailspot.lt\/produktas\/koch-chemie-po-pol-star-universalus-valiklis-1l\/#primaryimage\"},\"image\":{\"@id\":\"https:\/\/detailspot.lt\/produktas\/koch-chemie-po-pol-star-universalus-valiklis-1l\/#primaryimage\"},\"thumbnailUrl\":\"https:\/\/detailspot.lt\/wp-content\/uploads\/2022\/12\/koch-chemie-po-pol-star-universalus-valiklis-1-1.jpg\",\"datePublished\":\"2022-12-02T13:15:45+00:00\",\"dateModified\":\"2024-09-01T09:58:33+00:00\",\"breadcrumb\":{\"@id\":\"https:\/\/detailspot.lt\/produktas\/koch-chemie-po-pol-star-universalus-valiklis-1l\/#breadcrumb\"},\"inLanguage\":\"en-US\",\"potentialAction\":[{\"@type\":\"ReadAction\",\"target\":[\"https:\/\/detailspot.lt\/produktas\/koch-chemie-po-pol-star-universalus-valiklis-1l\/\"]}]},{\"@type\":\"ImageObject\",\"inLanguage\":\"en-US\",\"@id\":\"https:\/\/detailspot.lt\/produktas\/koch-chemie-po-pol-star-universalus-valiklis-1l\/#primaryimage\",\"url\":\"https:\/\/detailspot.lt\/wp-content\/uploads\/2022\/12\/koch-chemie-po-pol-star-universalus-valiklis-1-1.jpg\",\"contentUrl\":\"https:\/\/detailspot.lt\/wp-content\/uploads\/2022\/12\/koch-chemie-po-pol-star-universalus-valiklis-1-1.jpg\",\"width\":1188,\"height\":1188},{\"@type\":\"BreadcrumbList\",\"@id\":\"https:\/\/detailspot.lt\/produktas\/koch-chemie-po-pol-star-universalus-valiklis-1l\/#breadcrumb\",\"itemListElement\":[{\"@type\":\"ListItem\",\"position\":1,\"name\":\"Home\",\"item\":\"https:\/\/detailspot.lt\/en\/\"},{\"@type\":\"ListItem\",\"position\":2,\"name\":\"Shop\",\"item\":\"https:\/\/detailspot.lt\/en\/parduotuve\/\"},{\"@type\":\"ListItem\",\"position\":3,\"name\":\"Koch Chemie Po Pol Star multi-purpose cleaner 1l\"}]},{\"@type\":\"WebSite\",\"@id\":\"https:\/\/detailspot.lt\/#website\",\"url\":\"https:\/\/detailspot.lt\/\",\"name\":\"Detail Spot\",\"description\":\"Automobili\u0173 prie\u017ei\u016bros priemon\u0117s\",\"publisher\":{\"@id\":\"https:\/\/detailspot.lt\/#organization\"},\"potentialAction\":[{\"@type\":\"SearchAction\",\"target\":{\"@type\":\"EntryPoint\",\"urlTemplate\":\"https:\/\/detailspot.lt\/?s={search_term_string}\"},\"query-input\":{\"@type\":\"PropertyValueSpecification\",\"valueRequired\":true,\"valueName\":\"search_term_string\"}}],\"inLanguage\":\"en-US\"},{\"@type\":\"Organization\",\"@id\":\"https:\/\/detailspot.lt\/#organization\",\"name\":\"Detail Spot\",\"url\":\"https:\/\/detailspot.lt\/\",\"logo\":{\"@type\":\"ImageObject\",\"inLanguage\":\"en-US\",\"@id\":\"https:\/\/detailspot.lt\/#\/schema\/logo\/image\/\",\"url\":\"https:\/\/detailspot.lt\/wp-content\/uploads\/2022\/10\/logo-original.svg\",\"contentUrl\":\"https:\/\/detailspot.lt\/wp-content\/uploads\/2022\/10\/logo-original.svg\",\"width\":1,\"height\":1,\"caption\":\"Detail Spot\"},\"image\":{\"@id\":\"https:\/\/detailspot.lt\/#\/schema\/logo\/image\/\"},\"sameAs\":[\"https:\/\/www.facebook.com\/profile.php?id=100039208338156\"]}]}<\/script>\n<!-- \/ Yoast SEO plugin. -->","yoast_head_json":{"title":"Koch Chemie Po Pol Star multi-purpose cleaner 1l - Detail Spot","robots":{"index":"index","follow":"follow","max-snippet":"max-snippet:-1","max-image-preview":"max-image-preview:large","max-video-preview":"max-video-preview:-1"},"canonical":"https:\/\/detailspot.lt\/produktas\/koch-chemie-po-pol-star-universalus-valiklis-1l\/","og_locale":"en_US","og_type":"article","og_title":"Koch Chemie Po Pol Star multi-purpose cleaner 1l - Detail Spot","og_description":"Koch Chemie Po Pol Star multi-purpose cleaner 1l &#8211; fast-acting cleaner suitable for soft interior surfaces &#8211; textiles, leather, alcantara. The product does not leave water spots and is very easy to use. If the surface has previously been coated with a hydrophobicity protector, cleaning with Pol Star will not damage this protective layer. Features&hellip;","og_url":"https:\/\/detailspot.lt\/produktas\/koch-chemie-po-pol-star-universalus-valiklis-1l\/","og_site_name":"Detail Spot","article_publisher":"https:\/\/www.facebook.com\/profile.php?id=100039208338156","article_modified_time":"2024-09-01T09:58:33+00:00","og_image":[{"width":1188,"height":1188,"url":"https:\/\/detailspot.lt\/wp-content\/uploads\/2022\/12\/koch-chemie-po-pol-star-universalus-valiklis-1-1.jpg","type":"image\/jpeg"}],"twitter_card":"summary_large_image","schema":{"@context":"https:\/\/schema.org","@graph":[{"@type":"WebPage","@id":"https:\/\/detailspot.lt\/produktas\/koch-chemie-po-pol-star-universalus-valiklis-1l\/","url":"https:\/\/detailspot.lt\/produktas\/koch-chemie-po-pol-star-universalus-valiklis-1l\/","name":"Koch Chemie Po Pol Star multi-purpose cleaner 1l - Detail Spot","isPartOf":{"@id":"https:\/\/detailspot.lt\/#website"},"primaryImageOfPage":{"@id":"https:\/\/detailspot.lt\/produktas\/koch-chemie-po-pol-star-universalus-valiklis-1l\/#primaryimage"},"image":{"@id":"https:\/\/detailspot.lt\/produktas\/koch-chemie-po-pol-star-universalus-valiklis-1l\/#primaryimage"},"thumbnailUrl":"https:\/\/detailspot.lt\/wp-content\/uploads\/2022\/12\/koch-chemie-po-pol-star-universalus-valiklis-1-1.jpg","datePublished":"2022-12-02T13:15:45+00:00","dateModified":"2024-09-01T09:58:33+00:00","breadcrumb":{"@id":"https:\/\/detailspot.lt\/produktas\/koch-chemie-po-pol-star-universalus-valiklis-1l\/#breadcrumb"},"inLanguage":"en-US","potentialAction":[{"@type":"ReadAction","target":["https:\/\/detailspot.lt\/produktas\/koch-chemie-po-pol-star-universalus-valiklis-1l\/"]}]},{"@type":"ImageObject","inLanguage":"en-US","@id":"https:\/\/detailspot.lt\/produktas\/koch-chemie-po-pol-star-universalus-valiklis-1l\/#primaryimage","url":"https:\/\/detailspot.lt\/wp-content\/uploads\/2022\/12\/koch-chemie-po-pol-star-universalus-valiklis-1-1.jpg","contentUrl":"https:\/\/detailspot.lt\/wp-content\/uploads\/2022\/12\/koch-chemie-po-pol-star-universalus-valiklis-1-1.jpg","width":1188,"height":1188},{"@type":"BreadcrumbList","@id":"https:\/\/detailspot.lt\/produktas\/koch-chemie-po-pol-star-universalus-valiklis-1l\/#breadcrumb","itemListElement":[{"@type":"ListItem","position":1,"name":"Home","item":"https:\/\/detailspot.lt\/en\/"},{"@type":"ListItem","position":2,"name":"Shop","item":"https:\/\/detailspot.lt\/en\/parduotuve\/"},{"@type":"ListItem","position":3,"name":"Koch Chemie Po Pol Star multi-purpose cleaner 1l"}]},{"@type":"WebSite","@id":"https:\/\/detailspot.lt\/#website","url":"https:\/\/detailspot.lt\/","name":"Detail Spot","description":"Automobili\u0173 prie\u017ei\u016bros priemon\u0117s","publisher":{"@id":"https:\/\/detailspot.lt\/#organization"},"potentialAction":[{"@type":"SearchAction","target":{"@type":"EntryPoint","urlTemplate":"https:\/\/detailspot.lt\/?s={search_term_string}"},"query-input":{"@type":"PropertyValueSpecification","valueRequired":true,"valueName":"search_term_string"}}],"inLanguage":"en-US"},{"@type":"Organization","@id":"https:\/\/detailspot.lt\/#organization","name":"Detail Spot","url":"https:\/\/detailspot.lt\/","logo":{"@type":"ImageObject","inLanguage":"en-US","@id":"https:\/\/detailspot.lt\/#\/schema\/logo\/image\/","url":"https:\/\/detailspot.lt\/wp-content\/uploads\/2022\/10\/logo-original.svg","contentUrl":"https:\/\/detailspot.lt\/wp-content\/uploads\/2022\/10\/logo-original.svg","width":1,"height":1,"caption":"Detail Spot"},"image":{"@id":"https:\/\/detailspot.lt\/#\/schema\/logo\/image\/"},"sameAs":["https:\/\/www.facebook.com\/profile.php?id=100039208338156"]}]}},"_links":{"self":[{"href":"https:\/\/detailspot.lt\/en\/wp-json\/wp\/v2\/product\/6689","targetHints":{"allow":["GET"]}}],"collection":[{"href":"https:\/\/detailspot.lt\/en\/wp-json\/wp\/v2\/product"}],"about":[{"href":"https:\/\/detailspot.lt\/en\/wp-json\/wp\/v2\/types\/product"}],"replies":[{"embeddable":true,"href":"https:\/\/detailspot.lt\/en\/wp-json\/wp\/v2\/comments?post=6689"}],"wp:featuredmedia":[{"embeddable":true,"href":"https:\/\/detailspot.lt\/en\/wp-json\/wp\/v2\/media\/3831"}],"wp:attachment":[{"href":"https:\/\/detailspot.lt\/en\/wp-json\/wp\/v2\/media?parent=6689"}],"wp:term":[{"taxonomy":"product_brand","embeddable":true,"href":"https:\/\/detailspot.lt\/en\/wp-json\/wp\/v2\/product_brand?post=6689"},{"taxonomy":"product_cat","embeddable":true,"href":"https:\/\/detailspot.lt\/en\/wp-json\/wp\/v2\/product_cat?post=6689"},{"taxonomy":"product_tag","embeddable":true,"href":"https:\/\/detailspot.lt\/en\/wp-json\/wp\/v2\/product_tag?post=6689"}],"curies":[{"name":"wp","href":"https:\/\/api.w.org\/{rel}","templated":true}]}}