{"id":6688,"date":"2022-12-02T15:15:45","date_gmt":"2022-12-02T13:15:45","guid":{"rendered":"https:\/\/detailspot.lt\/produktas\/koch-chemie-mzr-mehrzweckreiniger-interior-cleaner\/"},"modified":"2024-09-01T12:58:33","modified_gmt":"2024-09-01T09:58:33","slug":"koch-chemie-mzr-mehrzweckreiniger-interior-cleaner","status":"publish","type":"product","link":"https:\/\/detailspot.lt\/en\/produktas\/koch-chemie-mzr-mehrzweckreiniger-interior-cleaner\/","title":{"rendered":"Koch Chemie Mzr Mehrzweckreiniger interior cleaner"},"content":{"rendered":"<div id=\"heading2\">\n<p><strong>Koch Chemie Mzr Mehrzweckreiniger interior cleaner &#8211;<\/strong>an ultra-strong, concentrated interior cleaner for a wide range of surfaces. Mzr is able to handle a wide range of soils such as oils, grease and other stains. The cleaner is uniquely suited for cleaning extremely heavy soiling and is not suitable for everyday use due to its alkalinity.<\/p>\n<p><strong>Features<\/strong><\/p>\n<ol>\n<li>Alkaline cleaner pH 12,5<\/li>\n<li>can be used on plastics, textiles, carpets<\/li>\n<li>Extremely strong concentrate, <strong>cannot be used neat.<\/strong><\/li>\n<li>Diluted 1:5-1:50<\/li>\n<\/ol>\n<p><strong>Usage<\/strong><\/p>\n<ol>\n<li>Dilute the product in the appropriate ratio<\/li>\n<li>We recommend testing colour stability in a low visibility area<\/li>\n<li>Spray the surface and clean with a brush or microfibre cloth<\/li>\n<li>Do not leave the product to dry<\/li>\n<li>Collect excess with microfibre cloths or a wet vacuum cleaner from textile, carpeted surfaces<\/li>\n<\/ol>\n<\/div>\n<p style=\"text-align: center;\"><img loading=\"lazy\" decoding=\"async\" class=\"alignnone size-medium wp-image-1061\" src=\"https:\/\/detailspot.lt\/wp-content\/uploads\/2022\/10\/Koch-Chemie-logo-300x142.jpeg\" alt=\"\" width=\"300\" height=\"142\" srcset=\"https:\/\/detailspot.lt\/wp-content\/uploads\/2022\/10\/Koch-Chemie-logo-300x142.jpeg 300w, https:\/\/detailspot.lt\/wp-content\/uploads\/2022\/10\/Koch-Chemie-logo.jpeg 500w\" sizes=\"auto, (max-width: 300px) 100vw, 300px\" \/><\/p>\n<div class=\"clear\"><\/div>\n<p class=\"grid_26 alpha omega \">\n","protected":false},"excerpt":{"rendered":"<p>Koch Chemie Mzr Mehrzweckreiniger interior cleaner &#8211;an ultra-strong, concentrated interior cleaner for a wide range of surfaces. Mzr is able to handle a wide range of soils such as oils, grease and other stains. The cleaner is uniquely suited for cleaning extremely heavy soiling and is not suitable for everyday use due to its alkalinity.&hellip;<\/p>\n","protected":false},"featured_media":3830,"comment_status":"closed","ping_status":"closed","template":"","meta":[],"product_brand":[],"product_cat":[165,167,168],"product_tag":[],"class_list":{"0":"post-6688","1":"product","2":"type-product","3":"status-publish","4":"has-post-thumbnail","6":"product_cat-interior","7":"product_cat-skin-care","8":"product_cat-plastics-and-textiles","9":"description-off","11":"first","12":"instock","13":"taxable","14":"shipping-taxable","15":"purchasable","16":"product-type-simple"},"yoast_head":"<!-- This site is optimized with the Yoast SEO plugin v27.4 - https:\/\/yoast.com\/product\/yoast-seo-wordpress\/ -->\n<title>Koch Chemie Mzr Mehrzweckreiniger interior cleaner - Detail Spot<\/title>\n<meta name=\"robots\" content=\"index, follow, max-snippet:-1, max-image-preview:large, max-video-preview:-1\" \/>\n<link rel=\"canonical\" href=\"https:\/\/detailspot.lt\/produktas\/koch-chemie-mzr-mehrzweckreiniger-salono-valiklis\/\" \/>\n<meta property=\"og:locale\" content=\"en_US\" \/>\n<meta property=\"og:type\" content=\"article\" \/>\n<meta property=\"og:title\" content=\"Koch Chemie Mzr Mehrzweckreiniger interior cleaner - Detail Spot\" \/>\n<meta property=\"og:description\" content=\"Koch Chemie Mzr Mehrzweckreiniger interior cleaner &#8211;an ultra-strong, concentrated interior cleaner for a wide range of surfaces. Mzr is able to handle a wide range of soils such as oils, grease and other stains. The cleaner is uniquely suited for cleaning extremely heavy soiling and is not suitable for everyday use due to its alkalinity.&hellip;\" \/>\n<meta property=\"og:url\" content=\"https:\/\/detailspot.lt\/produktas\/koch-chemie-mzr-mehrzweckreiniger-salono-valiklis\/\" \/>\n<meta property=\"og:site_name\" content=\"Detail Spot\" \/>\n<meta property=\"article:publisher\" content=\"https:\/\/www.facebook.com\/profile.php?id=100039208338156\" \/>\n<meta property=\"article:modified_time\" content=\"2024-09-01T09:58:33+00:00\" \/>\n<meta property=\"og:image\" content=\"https:\/\/detailspot.lt\/wp-content\/uploads\/2022\/12\/koch-chemie-mzr-mehrzweckreiniger-salono-valiklis-1-1.png\" \/>\n\t<meta property=\"og:image:width\" content=\"1120\" \/>\n\t<meta property=\"og:image:height\" content=\"1120\" \/>\n\t<meta property=\"og:image:type\" content=\"image\/png\" \/>\n<meta name=\"twitter:card\" content=\"summary_large_image\" \/>\n<meta name=\"twitter:label1\" content=\"Est. reading time\" \/>\n\t<meta name=\"twitter:data1\" content=\"1 minute\" \/>\n<script type=\"application\/ld+json\" class=\"yoast-schema-graph\">{\"@context\":\"https:\\\/\\\/schema.org\",\"@graph\":[{\"@type\":\"WebPage\",\"@id\":\"https:\\\/\\\/detailspot.lt\\\/produktas\\\/koch-chemie-mzr-mehrzweckreiniger-salono-valiklis\\\/\",\"url\":\"https:\\\/\\\/detailspot.lt\\\/produktas\\\/koch-chemie-mzr-mehrzweckreiniger-salono-valiklis\\\/\",\"name\":\"Koch Chemie Mzr Mehrzweckreiniger interior cleaner - Detail Spot\",\"isPartOf\":{\"@id\":\"https:\\\/\\\/detailspot.lt\\\/#website\"},\"primaryImageOfPage\":{\"@id\":\"https:\\\/\\\/detailspot.lt\\\/produktas\\\/koch-chemie-mzr-mehrzweckreiniger-salono-valiklis\\\/#primaryimage\"},\"image\":{\"@id\":\"https:\\\/\\\/detailspot.lt\\\/produktas\\\/koch-chemie-mzr-mehrzweckreiniger-salono-valiklis\\\/#primaryimage\"},\"thumbnailUrl\":\"https:\\\/\\\/detailspot.lt\\\/wp-content\\\/uploads\\\/2022\\\/12\\\/koch-chemie-mzr-mehrzweckreiniger-salono-valiklis-1-1.png\",\"datePublished\":\"2022-12-02T13:15:45+00:00\",\"dateModified\":\"2024-09-01T09:58:33+00:00\",\"breadcrumb\":{\"@id\":\"https:\\\/\\\/detailspot.lt\\\/produktas\\\/koch-chemie-mzr-mehrzweckreiniger-salono-valiklis\\\/#breadcrumb\"},\"inLanguage\":\"en-US\",\"potentialAction\":[{\"@type\":\"ReadAction\",\"target\":[\"https:\\\/\\\/detailspot.lt\\\/produktas\\\/koch-chemie-mzr-mehrzweckreiniger-salono-valiklis\\\/\"]}]},{\"@type\":\"ImageObject\",\"inLanguage\":\"en-US\",\"@id\":\"https:\\\/\\\/detailspot.lt\\\/produktas\\\/koch-chemie-mzr-mehrzweckreiniger-salono-valiklis\\\/#primaryimage\",\"url\":\"https:\\\/\\\/detailspot.lt\\\/wp-content\\\/uploads\\\/2022\\\/12\\\/koch-chemie-mzr-mehrzweckreiniger-salono-valiklis-1-1.png\",\"contentUrl\":\"https:\\\/\\\/detailspot.lt\\\/wp-content\\\/uploads\\\/2022\\\/12\\\/koch-chemie-mzr-mehrzweckreiniger-salono-valiklis-1-1.png\",\"width\":1120,\"height\":1120},{\"@type\":\"BreadcrumbList\",\"@id\":\"https:\\\/\\\/detailspot.lt\\\/produktas\\\/koch-chemie-mzr-mehrzweckreiniger-salono-valiklis\\\/#breadcrumb\",\"itemListElement\":[{\"@type\":\"ListItem\",\"position\":1,\"name\":\"Home\",\"item\":\"https:\\\/\\\/detailspot.lt\\\/en\\\/\"},{\"@type\":\"ListItem\",\"position\":2,\"name\":\"Shop\",\"item\":\"https:\\\/\\\/detailspot.lt\\\/en\\\/parduotuve\\\/\"},{\"@type\":\"ListItem\",\"position\":3,\"name\":\"Koch Chemie Mzr Mehrzweckreiniger interior cleaner\"}]},{\"@type\":\"WebSite\",\"@id\":\"https:\\\/\\\/detailspot.lt\\\/#website\",\"url\":\"https:\\\/\\\/detailspot.lt\\\/\",\"name\":\"Detail Spot\",\"description\":\"Automobili\u0173 prie\u017ei\u016bros priemon\u0117s\",\"publisher\":{\"@id\":\"https:\\\/\\\/detailspot.lt\\\/#organization\"},\"potentialAction\":[{\"@type\":\"SearchAction\",\"target\":{\"@type\":\"EntryPoint\",\"urlTemplate\":\"https:\\\/\\\/detailspot.lt\\\/?s={search_term_string}\"},\"query-input\":{\"@type\":\"PropertyValueSpecification\",\"valueRequired\":true,\"valueName\":\"search_term_string\"}}],\"inLanguage\":\"en-US\"},{\"@type\":\"Organization\",\"@id\":\"https:\\\/\\\/detailspot.lt\\\/#organization\",\"name\":\"Detail Spot\",\"url\":\"https:\\\/\\\/detailspot.lt\\\/\",\"logo\":{\"@type\":\"ImageObject\",\"inLanguage\":\"en-US\",\"@id\":\"https:\\\/\\\/detailspot.lt\\\/#\\\/schema\\\/logo\\\/image\\\/\",\"url\":\"https:\\\/\\\/detailspot.lt\\\/wp-content\\\/uploads\\\/2022\\\/10\\\/logo-original.svg\",\"contentUrl\":\"https:\\\/\\\/detailspot.lt\\\/wp-content\\\/uploads\\\/2022\\\/10\\\/logo-original.svg\",\"width\":1,\"height\":1,\"caption\":\"Detail Spot\"},\"image\":{\"@id\":\"https:\\\/\\\/detailspot.lt\\\/#\\\/schema\\\/logo\\\/image\\\/\"},\"sameAs\":[\"https:\\\/\\\/www.facebook.com\\\/profile.php?id=100039208338156\"]}]}<\/script>\n<!-- \/ Yoast SEO plugin. -->","yoast_head_json":{"title":"Koch Chemie Mzr Mehrzweckreiniger interior cleaner - Detail Spot","robots":{"index":"index","follow":"follow","max-snippet":"max-snippet:-1","max-image-preview":"max-image-preview:large","max-video-preview":"max-video-preview:-1"},"canonical":"https:\/\/detailspot.lt\/produktas\/koch-chemie-mzr-mehrzweckreiniger-salono-valiklis\/","og_locale":"en_US","og_type":"article","og_title":"Koch Chemie Mzr Mehrzweckreiniger interior cleaner - Detail Spot","og_description":"Koch Chemie Mzr Mehrzweckreiniger interior cleaner &#8211;an ultra-strong, concentrated interior cleaner for a wide range of surfaces. Mzr is able to handle a wide range of soils such as oils, grease and other stains. The cleaner is uniquely suited for cleaning extremely heavy soiling and is not suitable for everyday use due to its alkalinity.&hellip;","og_url":"https:\/\/detailspot.lt\/produktas\/koch-chemie-mzr-mehrzweckreiniger-salono-valiklis\/","og_site_name":"Detail Spot","article_publisher":"https:\/\/www.facebook.com\/profile.php?id=100039208338156","article_modified_time":"2024-09-01T09:58:33+00:00","og_image":[{"width":1120,"height":1120,"url":"https:\/\/detailspot.lt\/wp-content\/uploads\/2022\/12\/koch-chemie-mzr-mehrzweckreiniger-salono-valiklis-1-1.png","type":"image\/png"}],"twitter_card":"summary_large_image","twitter_misc":{"Est. reading time":"1 minute"},"schema":{"@context":"https:\/\/schema.org","@graph":[{"@type":"WebPage","@id":"https:\/\/detailspot.lt\/produktas\/koch-chemie-mzr-mehrzweckreiniger-salono-valiklis\/","url":"https:\/\/detailspot.lt\/produktas\/koch-chemie-mzr-mehrzweckreiniger-salono-valiklis\/","name":"Koch Chemie Mzr Mehrzweckreiniger interior cleaner - Detail Spot","isPartOf":{"@id":"https:\/\/detailspot.lt\/#website"},"primaryImageOfPage":{"@id":"https:\/\/detailspot.lt\/produktas\/koch-chemie-mzr-mehrzweckreiniger-salono-valiklis\/#primaryimage"},"image":{"@id":"https:\/\/detailspot.lt\/produktas\/koch-chemie-mzr-mehrzweckreiniger-salono-valiklis\/#primaryimage"},"thumbnailUrl":"https:\/\/detailspot.lt\/wp-content\/uploads\/2022\/12\/koch-chemie-mzr-mehrzweckreiniger-salono-valiklis-1-1.png","datePublished":"2022-12-02T13:15:45+00:00","dateModified":"2024-09-01T09:58:33+00:00","breadcrumb":{"@id":"https:\/\/detailspot.lt\/produktas\/koch-chemie-mzr-mehrzweckreiniger-salono-valiklis\/#breadcrumb"},"inLanguage":"en-US","potentialAction":[{"@type":"ReadAction","target":["https:\/\/detailspot.lt\/produktas\/koch-chemie-mzr-mehrzweckreiniger-salono-valiklis\/"]}]},{"@type":"ImageObject","inLanguage":"en-US","@id":"https:\/\/detailspot.lt\/produktas\/koch-chemie-mzr-mehrzweckreiniger-salono-valiklis\/#primaryimage","url":"https:\/\/detailspot.lt\/wp-content\/uploads\/2022\/12\/koch-chemie-mzr-mehrzweckreiniger-salono-valiklis-1-1.png","contentUrl":"https:\/\/detailspot.lt\/wp-content\/uploads\/2022\/12\/koch-chemie-mzr-mehrzweckreiniger-salono-valiklis-1-1.png","width":1120,"height":1120},{"@type":"BreadcrumbList","@id":"https:\/\/detailspot.lt\/produktas\/koch-chemie-mzr-mehrzweckreiniger-salono-valiklis\/#breadcrumb","itemListElement":[{"@type":"ListItem","position":1,"name":"Home","item":"https:\/\/detailspot.lt\/en\/"},{"@type":"ListItem","position":2,"name":"Shop","item":"https:\/\/detailspot.lt\/en\/parduotuve\/"},{"@type":"ListItem","position":3,"name":"Koch Chemie Mzr Mehrzweckreiniger interior cleaner"}]},{"@type":"WebSite","@id":"https:\/\/detailspot.lt\/#website","url":"https:\/\/detailspot.lt\/","name":"Detail Spot","description":"Automobili\u0173 prie\u017ei\u016bros priemon\u0117s","publisher":{"@id":"https:\/\/detailspot.lt\/#organization"},"potentialAction":[{"@type":"SearchAction","target":{"@type":"EntryPoint","urlTemplate":"https:\/\/detailspot.lt\/?s={search_term_string}"},"query-input":{"@type":"PropertyValueSpecification","valueRequired":true,"valueName":"search_term_string"}}],"inLanguage":"en-US"},{"@type":"Organization","@id":"https:\/\/detailspot.lt\/#organization","name":"Detail Spot","url":"https:\/\/detailspot.lt\/","logo":{"@type":"ImageObject","inLanguage":"en-US","@id":"https:\/\/detailspot.lt\/#\/schema\/logo\/image\/","url":"https:\/\/detailspot.lt\/wp-content\/uploads\/2022\/10\/logo-original.svg","contentUrl":"https:\/\/detailspot.lt\/wp-content\/uploads\/2022\/10\/logo-original.svg","width":1,"height":1,"caption":"Detail Spot"},"image":{"@id":"https:\/\/detailspot.lt\/#\/schema\/logo\/image\/"},"sameAs":["https:\/\/www.facebook.com\/profile.php?id=100039208338156"]}]}},"_links":{"self":[{"href":"https:\/\/detailspot.lt\/en\/wp-json\/wp\/v2\/product\/6688","targetHints":{"allow":["GET"]}}],"collection":[{"href":"https:\/\/detailspot.lt\/en\/wp-json\/wp\/v2\/product"}],"about":[{"href":"https:\/\/detailspot.lt\/en\/wp-json\/wp\/v2\/types\/product"}],"replies":[{"embeddable":true,"href":"https:\/\/detailspot.lt\/en\/wp-json\/wp\/v2\/comments?post=6688"}],"wp:featuredmedia":[{"embeddable":true,"href":"https:\/\/detailspot.lt\/en\/wp-json\/wp\/v2\/media\/3830"}],"wp:attachment":[{"href":"https:\/\/detailspot.lt\/en\/wp-json\/wp\/v2\/media?parent=6688"}],"wp:term":[{"taxonomy":"product_brand","embeddable":true,"href":"https:\/\/detailspot.lt\/en\/wp-json\/wp\/v2\/product_brand?post=6688"},{"taxonomy":"product_cat","embeddable":true,"href":"https:\/\/detailspot.lt\/en\/wp-json\/wp\/v2\/product_cat?post=6688"},{"taxonomy":"product_tag","embeddable":true,"href":"https:\/\/detailspot.lt\/en\/wp-json\/wp\/v2\/product_tag?post=6688"}],"curies":[{"name":"wp","href":"https:\/\/api.w.org\/{rel}","templated":true}]}}