{"id":6687,"date":"2022-12-02T15:15:45","date_gmt":"2022-12-02T13:15:45","guid":{"rendered":"https:\/\/detailspot.lt\/produktas\/meguiars-gold-class-endurance-high-gloss-tire-gel\/"},"modified":"2022-12-02T15:15:45","modified_gmt":"2022-12-02T13:15:45","slug":"meguiars-gold-class-endurance-high-gloss-tire-gel","status":"publish","type":"product","link":"https:\/\/detailspot.lt\/en\/produktas\/meguiars-gold-class-endurance-high-gloss-tire-gel\/","title":{"rendered":"Meguiar&#8217;s Gold Class Endurance High Gloss Tire Gel"},"content":{"rendered":"<div id=\"heading2\">\n<p><strong>Meguiar&#8217;s Gold Class Endurance High Gloss Tire Gel &#8211; <\/strong>a unique tyre blackening gel that stops tyres from ageing. The rich black colour lasts despite rain, snow, mud or sunlight. Endurance has a long-lasting effect compared to other tyre blackening agents.<\/p>\n<p>&nbsp;<\/p>\n<p><strong>Application:<\/strong><\/p>\n<ol>\n<li>Remove any dirt from the tyre and make sure it is dry;<\/li>\n<li>Apply a small amount of the coating to an applicator or microfibre cloth and rub the surface;<\/li>\n<li>Allow the product to dry for 5-10 minutes;<\/li>\n<li>Wipe off any excess with a microfibre cloth.<\/li>\n<\/ol>\n<\/div>\n<div class=\"clear\"><\/div>\n<p class=\"grid_26 alpha omega \" style=\"text-align: center;\"><img loading=\"lazy\" decoding=\"async\" class=\"alignnone wp-image-2290\" src=\"https:\/\/detailspot.lt\/wp-content\/uploads\/2022\/12\/meg-logo-300x182.png\" alt=\"\" width=\"201\" height=\"122\" srcset=\"https:\/\/detailspot.lt\/wp-content\/uploads\/2022\/12\/meg-logo-300x182.png 300w, https:\/\/detailspot.lt\/wp-content\/uploads\/2022\/12\/meg-logo-1024x622.png 1024w, https:\/\/detailspot.lt\/wp-content\/uploads\/2022\/12\/meg-logo-768x467.png 768w, https:\/\/detailspot.lt\/wp-content\/uploads\/2022\/12\/meg-logo-1536x933.png 1536w, https:\/\/detailspot.lt\/wp-content\/uploads\/2022\/12\/meg-logo-600x365.png 600w, https:\/\/detailspot.lt\/wp-content\/uploads\/2022\/12\/meg-logo-64x39.png 64w, https:\/\/detailspot.lt\/wp-content\/uploads\/2022\/12\/meg-logo.png 1738w\" sizes=\"auto, (max-width: 201px) 100vw, 201px\" \/><\/p>\n","protected":false},"excerpt":{"rendered":"<p>Meguiar&#8217;s Gold Class Endurance High Gloss Tire Gel &#8211; a unique tyre blackening gel that stops tyres from ageing. The rich black colour lasts despite rain, snow, mud or sunlight. Endurance has a long-lasting effect compared to other tyre blackening agents. &nbsp; Application: Remove any dirt from the tyre and make sure it is dry;&hellip;<\/p>\n","protected":false},"featured_media":3884,"comment_status":"closed","ping_status":"closed","template":"","meta":[],"product_brand":[],"product_cat":[176,175],"product_tag":[],"class_list":{"0":"post-6687","1":"product","2":"type-product","3":"status-publish","4":"has-post-thumbnail","6":"product_cat-tires-care","7":"product_cat-wheels-and-tyres","8":"description-off","10":"first","11":"instock","12":"taxable","13":"shipping-taxable","14":"purchasable","15":"product-type-simple"},"yoast_head":"<!-- This site is optimized with the Yoast SEO plugin v27.4 - https:\/\/yoast.com\/product\/yoast-seo-wordpress\/ -->\n<title>Meguiar&#039;s Gold Class Endurance High Gloss Tire Gel - Detail Spot<\/title>\n<meta name=\"robots\" content=\"index, follow, max-snippet:-1, max-image-preview:large, max-video-preview:-1\" \/>\n<link rel=\"canonical\" href=\"https:\/\/detailspot.lt\/produktas\/meguiars-gold-class-endurance-high-gloss-tire-gel\/\" \/>\n<meta property=\"og:locale\" content=\"en_US\" \/>\n<meta property=\"og:type\" content=\"article\" \/>\n<meta property=\"og:title\" content=\"Meguiar&#039;s Gold Class Endurance High Gloss Tire Gel - Detail Spot\" \/>\n<meta property=\"og:description\" content=\"Meguiar&#8217;s Gold Class Endurance High Gloss Tire Gel &#8211; a unique tyre blackening gel that stops tyres from ageing. The rich black colour lasts despite rain, snow, mud or sunlight. Endurance has a long-lasting effect compared to other tyre blackening agents. &nbsp; Application: Remove any dirt from the tyre and make sure it is dry;&hellip;\" \/>\n<meta property=\"og:url\" content=\"https:\/\/detailspot.lt\/produktas\/meguiars-gold-class-endurance-high-gloss-tire-gel\/\" \/>\n<meta property=\"og:site_name\" content=\"Detail Spot\" \/>\n<meta property=\"article:publisher\" content=\"https:\/\/www.facebook.com\/profile.php?id=100039208338156\" \/>\n<meta property=\"og:image\" content=\"https:\/\/detailspot.lt\/wp-content\/uploads\/2022\/12\/meg-logo-300x182.png\" \/>\n<meta name=\"twitter:card\" content=\"summary_large_image\" \/>\n<script type=\"application\/ld+json\" class=\"yoast-schema-graph\">{\"@context\":\"https:\\\/\\\/schema.org\",\"@graph\":[{\"@type\":\"WebPage\",\"@id\":\"https:\\\/\\\/detailspot.lt\\\/produktas\\\/meguiars-gold-class-endurance-high-gloss-tire-gel\\\/\",\"url\":\"https:\\\/\\\/detailspot.lt\\\/produktas\\\/meguiars-gold-class-endurance-high-gloss-tire-gel\\\/\",\"name\":\"Meguiar's Gold Class Endurance High Gloss Tire Gel - Detail Spot\",\"isPartOf\":{\"@id\":\"https:\\\/\\\/detailspot.lt\\\/#website\"},\"primaryImageOfPage\":{\"@id\":\"https:\\\/\\\/detailspot.lt\\\/produktas\\\/meguiars-gold-class-endurance-high-gloss-tire-gel\\\/#primaryimage\"},\"image\":{\"@id\":\"https:\\\/\\\/detailspot.lt\\\/produktas\\\/meguiars-gold-class-endurance-high-gloss-tire-gel\\\/#primaryimage\"},\"thumbnailUrl\":\"https:\\\/\\\/detailspot.lt\\\/wp-content\\\/uploads\\\/2022\\\/12\\\/meguiars-endurance-high-gloss-gelis-1.jpg\",\"datePublished\":\"2022-12-02T13:15:45+00:00\",\"breadcrumb\":{\"@id\":\"https:\\\/\\\/detailspot.lt\\\/produktas\\\/meguiars-gold-class-endurance-high-gloss-tire-gel\\\/#breadcrumb\"},\"inLanguage\":\"en-US\",\"potentialAction\":[{\"@type\":\"ReadAction\",\"target\":[\"https:\\\/\\\/detailspot.lt\\\/produktas\\\/meguiars-gold-class-endurance-high-gloss-tire-gel\\\/\"]}]},{\"@type\":\"ImageObject\",\"inLanguage\":\"en-US\",\"@id\":\"https:\\\/\\\/detailspot.lt\\\/produktas\\\/meguiars-gold-class-endurance-high-gloss-tire-gel\\\/#primaryimage\",\"url\":\"https:\\\/\\\/detailspot.lt\\\/wp-content\\\/uploads\\\/2022\\\/12\\\/meguiars-endurance-high-gloss-gelis-1.jpg\",\"contentUrl\":\"https:\\\/\\\/detailspot.lt\\\/wp-content\\\/uploads\\\/2022\\\/12\\\/meguiars-endurance-high-gloss-gelis-1.jpg\",\"width\":394,\"height\":394},{\"@type\":\"BreadcrumbList\",\"@id\":\"https:\\\/\\\/detailspot.lt\\\/produktas\\\/meguiars-gold-class-endurance-high-gloss-tire-gel\\\/#breadcrumb\",\"itemListElement\":[{\"@type\":\"ListItem\",\"position\":1,\"name\":\"Home\",\"item\":\"https:\\\/\\\/detailspot.lt\\\/en\\\/\"},{\"@type\":\"ListItem\",\"position\":2,\"name\":\"Shop\",\"item\":\"https:\\\/\\\/detailspot.lt\\\/en\\\/parduotuve\\\/\"},{\"@type\":\"ListItem\",\"position\":3,\"name\":\"Meguiar&#8217;s Gold Class Endurance High Gloss Tire Gel\"}]},{\"@type\":\"WebSite\",\"@id\":\"https:\\\/\\\/detailspot.lt\\\/#website\",\"url\":\"https:\\\/\\\/detailspot.lt\\\/\",\"name\":\"Detail Spot\",\"description\":\"Automobili\u0173 prie\u017ei\u016bros priemon\u0117s\",\"publisher\":{\"@id\":\"https:\\\/\\\/detailspot.lt\\\/#organization\"},\"potentialAction\":[{\"@type\":\"SearchAction\",\"target\":{\"@type\":\"EntryPoint\",\"urlTemplate\":\"https:\\\/\\\/detailspot.lt\\\/?s={search_term_string}\"},\"query-input\":{\"@type\":\"PropertyValueSpecification\",\"valueRequired\":true,\"valueName\":\"search_term_string\"}}],\"inLanguage\":\"en-US\"},{\"@type\":\"Organization\",\"@id\":\"https:\\\/\\\/detailspot.lt\\\/#organization\",\"name\":\"Detail Spot\",\"url\":\"https:\\\/\\\/detailspot.lt\\\/\",\"logo\":{\"@type\":\"ImageObject\",\"inLanguage\":\"en-US\",\"@id\":\"https:\\\/\\\/detailspot.lt\\\/#\\\/schema\\\/logo\\\/image\\\/\",\"url\":\"https:\\\/\\\/detailspot.lt\\\/wp-content\\\/uploads\\\/2022\\\/10\\\/logo-original.svg\",\"contentUrl\":\"https:\\\/\\\/detailspot.lt\\\/wp-content\\\/uploads\\\/2022\\\/10\\\/logo-original.svg\",\"width\":1,\"height\":1,\"caption\":\"Detail Spot\"},\"image\":{\"@id\":\"https:\\\/\\\/detailspot.lt\\\/#\\\/schema\\\/logo\\\/image\\\/\"},\"sameAs\":[\"https:\\\/\\\/www.facebook.com\\\/profile.php?id=100039208338156\"]}]}<\/script>\n<!-- \/ Yoast SEO plugin. -->","yoast_head_json":{"title":"Meguiar's Gold Class Endurance High Gloss Tire Gel - Detail Spot","robots":{"index":"index","follow":"follow","max-snippet":"max-snippet:-1","max-image-preview":"max-image-preview:large","max-video-preview":"max-video-preview:-1"},"canonical":"https:\/\/detailspot.lt\/produktas\/meguiars-gold-class-endurance-high-gloss-tire-gel\/","og_locale":"en_US","og_type":"article","og_title":"Meguiar's Gold Class Endurance High Gloss Tire Gel - Detail Spot","og_description":"Meguiar&#8217;s Gold Class Endurance High Gloss Tire Gel &#8211; a unique tyre blackening gel that stops tyres from ageing. The rich black colour lasts despite rain, snow, mud or sunlight. Endurance has a long-lasting effect compared to other tyre blackening agents. &nbsp; Application: Remove any dirt from the tyre and make sure it is dry;&hellip;","og_url":"https:\/\/detailspot.lt\/produktas\/meguiars-gold-class-endurance-high-gloss-tire-gel\/","og_site_name":"Detail Spot","article_publisher":"https:\/\/www.facebook.com\/profile.php?id=100039208338156","og_image":[{"url":"https:\/\/detailspot.lt\/wp-content\/uploads\/2022\/12\/meg-logo-300x182.png","type":"","width":"","height":""}],"twitter_card":"summary_large_image","schema":{"@context":"https:\/\/schema.org","@graph":[{"@type":"WebPage","@id":"https:\/\/detailspot.lt\/produktas\/meguiars-gold-class-endurance-high-gloss-tire-gel\/","url":"https:\/\/detailspot.lt\/produktas\/meguiars-gold-class-endurance-high-gloss-tire-gel\/","name":"Meguiar's Gold Class Endurance High Gloss Tire Gel - Detail Spot","isPartOf":{"@id":"https:\/\/detailspot.lt\/#website"},"primaryImageOfPage":{"@id":"https:\/\/detailspot.lt\/produktas\/meguiars-gold-class-endurance-high-gloss-tire-gel\/#primaryimage"},"image":{"@id":"https:\/\/detailspot.lt\/produktas\/meguiars-gold-class-endurance-high-gloss-tire-gel\/#primaryimage"},"thumbnailUrl":"https:\/\/detailspot.lt\/wp-content\/uploads\/2022\/12\/meguiars-endurance-high-gloss-gelis-1.jpg","datePublished":"2022-12-02T13:15:45+00:00","breadcrumb":{"@id":"https:\/\/detailspot.lt\/produktas\/meguiars-gold-class-endurance-high-gloss-tire-gel\/#breadcrumb"},"inLanguage":"en-US","potentialAction":[{"@type":"ReadAction","target":["https:\/\/detailspot.lt\/produktas\/meguiars-gold-class-endurance-high-gloss-tire-gel\/"]}]},{"@type":"ImageObject","inLanguage":"en-US","@id":"https:\/\/detailspot.lt\/produktas\/meguiars-gold-class-endurance-high-gloss-tire-gel\/#primaryimage","url":"https:\/\/detailspot.lt\/wp-content\/uploads\/2022\/12\/meguiars-endurance-high-gloss-gelis-1.jpg","contentUrl":"https:\/\/detailspot.lt\/wp-content\/uploads\/2022\/12\/meguiars-endurance-high-gloss-gelis-1.jpg","width":394,"height":394},{"@type":"BreadcrumbList","@id":"https:\/\/detailspot.lt\/produktas\/meguiars-gold-class-endurance-high-gloss-tire-gel\/#breadcrumb","itemListElement":[{"@type":"ListItem","position":1,"name":"Home","item":"https:\/\/detailspot.lt\/en\/"},{"@type":"ListItem","position":2,"name":"Shop","item":"https:\/\/detailspot.lt\/en\/parduotuve\/"},{"@type":"ListItem","position":3,"name":"Meguiar&#8217;s Gold Class Endurance High Gloss Tire Gel"}]},{"@type":"WebSite","@id":"https:\/\/detailspot.lt\/#website","url":"https:\/\/detailspot.lt\/","name":"Detail Spot","description":"Automobili\u0173 prie\u017ei\u016bros priemon\u0117s","publisher":{"@id":"https:\/\/detailspot.lt\/#organization"},"potentialAction":[{"@type":"SearchAction","target":{"@type":"EntryPoint","urlTemplate":"https:\/\/detailspot.lt\/?s={search_term_string}"},"query-input":{"@type":"PropertyValueSpecification","valueRequired":true,"valueName":"search_term_string"}}],"inLanguage":"en-US"},{"@type":"Organization","@id":"https:\/\/detailspot.lt\/#organization","name":"Detail Spot","url":"https:\/\/detailspot.lt\/","logo":{"@type":"ImageObject","inLanguage":"en-US","@id":"https:\/\/detailspot.lt\/#\/schema\/logo\/image\/","url":"https:\/\/detailspot.lt\/wp-content\/uploads\/2022\/10\/logo-original.svg","contentUrl":"https:\/\/detailspot.lt\/wp-content\/uploads\/2022\/10\/logo-original.svg","width":1,"height":1,"caption":"Detail Spot"},"image":{"@id":"https:\/\/detailspot.lt\/#\/schema\/logo\/image\/"},"sameAs":["https:\/\/www.facebook.com\/profile.php?id=100039208338156"]}]}},"_links":{"self":[{"href":"https:\/\/detailspot.lt\/en\/wp-json\/wp\/v2\/product\/6687","targetHints":{"allow":["GET"]}}],"collection":[{"href":"https:\/\/detailspot.lt\/en\/wp-json\/wp\/v2\/product"}],"about":[{"href":"https:\/\/detailspot.lt\/en\/wp-json\/wp\/v2\/types\/product"}],"replies":[{"embeddable":true,"href":"https:\/\/detailspot.lt\/en\/wp-json\/wp\/v2\/comments?post=6687"}],"wp:featuredmedia":[{"embeddable":true,"href":"https:\/\/detailspot.lt\/en\/wp-json\/wp\/v2\/media\/3884"}],"wp:attachment":[{"href":"https:\/\/detailspot.lt\/en\/wp-json\/wp\/v2\/media?parent=6687"}],"wp:term":[{"taxonomy":"product_brand","embeddable":true,"href":"https:\/\/detailspot.lt\/en\/wp-json\/wp\/v2\/product_brand?post=6687"},{"taxonomy":"product_cat","embeddable":true,"href":"https:\/\/detailspot.lt\/en\/wp-json\/wp\/v2\/product_cat?post=6687"},{"taxonomy":"product_tag","embeddable":true,"href":"https:\/\/detailspot.lt\/en\/wp-json\/wp\/v2\/product_tag?post=6687"}],"curies":[{"name":"wp","href":"https:\/\/api.w.org\/{rel}","templated":true}]}}