{"id":6683,"date":"2022-12-02T15:15:45","date_gmt":"2022-12-02T13:15:45","guid":{"rendered":"https:\/\/detailspot.lt\/produktas\/flexipads-microfibre-cutting-pad\/"},"modified":"2022-12-02T15:15:45","modified_gmt":"2022-12-02T13:15:45","slug":"flexipads-microfibre-cutting-pad","status":"publish","type":"product","link":"https:\/\/detailspot.lt\/en\/produktas\/flexipads-microfibre-cutting-pad\/","title":{"rendered":"Flexipads Microfibre Cutting pad"},"content":{"rendered":"<div id=\"tab_description\" class=\"tabs-description dnn fck\">\n<p> Flexipads Microfibre Cutting pad &#8211; The microfibre lacquer correction disc is designed for use with orbital machines. The use of these microfibre pads in combination with an orbital polisher results in maximum efficiency of the abrasive paste used.<\/p>\n<p><strong>Characteristics:<\/strong><\/p>\n<ol>\n<li>Microfibre hairs on a 10mm thick hard sponge<\/li>\n<li>Velctro fastening<\/li>\n<\/ol>\n<\/div>\n<p>&nbsp;<\/p>\n<p style=\"text-align: center;\"><img loading=\"lazy\" decoding=\"async\" class=\"alignnone size-medium wp-image-1098\" src=\"https:\/\/detailspot.lt\/wp-content\/uploads\/2022\/11\/FlexipadsLogo-300x105.jpg\" alt=\"\" width=\"300\" height=\"105\" srcset=\"https:\/\/detailspot.lt\/wp-content\/uploads\/2022\/11\/FlexipadsLogo-300x105.jpg 300w, https:\/\/detailspot.lt\/wp-content\/uploads\/2022\/11\/FlexipadsLogo-768x269.jpg 768w, https:\/\/detailspot.lt\/wp-content\/uploads\/2022\/11\/FlexipadsLogo-600x210.jpg 600w, https:\/\/detailspot.lt\/wp-content\/uploads\/2022\/11\/FlexipadsLogo-64x22.jpg 64w, https:\/\/detailspot.lt\/wp-content\/uploads\/2022\/11\/FlexipadsLogo.jpg 1000w\" sizes=\"auto, (max-width: 300px) 100vw, 300px\" \/><\/p>\n","protected":false},"excerpt":{"rendered":"<p>Flexipads Microfibre Cutting pad &#8211; The microfibre lacquer correction disc is designed for use with orbital machines. The use of these microfibre pads in combination with an orbital polisher results in maximum efficiency of the abrasive paste used. Characteristics: Microfibre hairs on a 10mm thick hard sponge Velctro fastening &nbsp;<\/p>\n","protected":false},"featured_media":3933,"comment_status":"closed","ping_status":"closed","template":"","meta":[],"product_brand":[],"product_cat":[172,170],"product_tag":[],"class_list":{"0":"post-6683","1":"product","2":"type-product","3":"status-publish","4":"has-post-thumbnail","6":"product_cat-polishing-pads","7":"product_cat-polishing-tools","8":"description-off","10":"first","11":"instock","12":"taxable","13":"shipping-taxable","14":"purchasable","15":"product-type-variable"},"yoast_head":"<!-- This site is optimized with the Yoast SEO plugin v27.4 - https:\/\/yoast.com\/product\/yoast-seo-wordpress\/ -->\n<title>Flexipads Microfibre Cutting pad - Detail Spot<\/title>\n<meta name=\"robots\" content=\"index, follow, max-snippet:-1, max-image-preview:large, max-video-preview:-1\" \/>\n<link rel=\"canonical\" href=\"https:\/\/detailspot.lt\/produktas\/flexipads-microfibre-cutting-pad\/\" \/>\n<meta property=\"og:locale\" content=\"en_US\" \/>\n<meta property=\"og:type\" content=\"article\" \/>\n<meta property=\"og:title\" content=\"Flexipads Microfibre Cutting pad - Detail Spot\" \/>\n<meta property=\"og:description\" content=\"Flexipads Microfibre Cutting pad &#8211; The microfibre lacquer correction disc is designed for use with orbital machines. The use of these microfibre pads in combination with an orbital polisher results in maximum efficiency of the abrasive paste used. Characteristics: Microfibre hairs on a 10mm thick hard sponge Velctro fastening &nbsp;\" \/>\n<meta property=\"og:url\" content=\"https:\/\/detailspot.lt\/produktas\/flexipads-microfibre-cutting-pad\/\" \/>\n<meta property=\"og:site_name\" content=\"Detail Spot\" \/>\n<meta property=\"article:publisher\" content=\"https:\/\/www.facebook.com\/profile.php?id=100039208338156\" \/>\n<meta property=\"og:image\" content=\"https:\/\/detailspot.lt\/wp-content\/uploads\/2022\/11\/FlexipadsLogo-300x105.jpg\" \/>\n<meta name=\"twitter:card\" content=\"summary_large_image\" \/>\n<script type=\"application\/ld+json\" class=\"yoast-schema-graph\">{\"@context\":\"https:\\\/\\\/schema.org\",\"@graph\":[{\"@type\":\"WebPage\",\"@id\":\"https:\\\/\\\/detailspot.lt\\\/produktas\\\/flexipads-microfibre-cutting-pad\\\/\",\"url\":\"https:\\\/\\\/detailspot.lt\\\/produktas\\\/flexipads-microfibre-cutting-pad\\\/\",\"name\":\"Flexipads Microfibre Cutting pad - Detail Spot\",\"isPartOf\":{\"@id\":\"https:\\\/\\\/detailspot.lt\\\/#website\"},\"primaryImageOfPage\":{\"@id\":\"https:\\\/\\\/detailspot.lt\\\/produktas\\\/flexipads-microfibre-cutting-pad\\\/#primaryimage\"},\"image\":{\"@id\":\"https:\\\/\\\/detailspot.lt\\\/produktas\\\/flexipads-microfibre-cutting-pad\\\/#primaryimage\"},\"thumbnailUrl\":\"https:\\\/\\\/detailspot.lt\\\/wp-content\\\/uploads\\\/2022\\\/12\\\/Flexipads-Microfibre-Cutting.jpg\",\"datePublished\":\"2022-12-02T13:15:45+00:00\",\"breadcrumb\":{\"@id\":\"https:\\\/\\\/detailspot.lt\\\/produktas\\\/flexipads-microfibre-cutting-pad\\\/#breadcrumb\"},\"inLanguage\":\"en-US\",\"potentialAction\":[{\"@type\":\"ReadAction\",\"target\":[\"https:\\\/\\\/detailspot.lt\\\/produktas\\\/flexipads-microfibre-cutting-pad\\\/\"]}]},{\"@type\":\"ImageObject\",\"inLanguage\":\"en-US\",\"@id\":\"https:\\\/\\\/detailspot.lt\\\/produktas\\\/flexipads-microfibre-cutting-pad\\\/#primaryimage\",\"url\":\"https:\\\/\\\/detailspot.lt\\\/wp-content\\\/uploads\\\/2022\\\/12\\\/Flexipads-Microfibre-Cutting.jpg\",\"contentUrl\":\"https:\\\/\\\/detailspot.lt\\\/wp-content\\\/uploads\\\/2022\\\/12\\\/Flexipads-Microfibre-Cutting.jpg\",\"width\":394,\"height\":394},{\"@type\":\"BreadcrumbList\",\"@id\":\"https:\\\/\\\/detailspot.lt\\\/produktas\\\/flexipads-microfibre-cutting-pad\\\/#breadcrumb\",\"itemListElement\":[{\"@type\":\"ListItem\",\"position\":1,\"name\":\"Home\",\"item\":\"https:\\\/\\\/detailspot.lt\\\/en\\\/\"},{\"@type\":\"ListItem\",\"position\":2,\"name\":\"Shop\",\"item\":\"https:\\\/\\\/detailspot.lt\\\/en\\\/parduotuve\\\/\"},{\"@type\":\"ListItem\",\"position\":3,\"name\":\"Flexipads Microfibre Cutting pad\"}]},{\"@type\":\"WebSite\",\"@id\":\"https:\\\/\\\/detailspot.lt\\\/#website\",\"url\":\"https:\\\/\\\/detailspot.lt\\\/\",\"name\":\"Detail Spot\",\"description\":\"Automobili\u0173 prie\u017ei\u016bros priemon\u0117s\",\"publisher\":{\"@id\":\"https:\\\/\\\/detailspot.lt\\\/#organization\"},\"potentialAction\":[{\"@type\":\"SearchAction\",\"target\":{\"@type\":\"EntryPoint\",\"urlTemplate\":\"https:\\\/\\\/detailspot.lt\\\/?s={search_term_string}\"},\"query-input\":{\"@type\":\"PropertyValueSpecification\",\"valueRequired\":true,\"valueName\":\"search_term_string\"}}],\"inLanguage\":\"en-US\"},{\"@type\":\"Organization\",\"@id\":\"https:\\\/\\\/detailspot.lt\\\/#organization\",\"name\":\"Detail Spot\",\"url\":\"https:\\\/\\\/detailspot.lt\\\/\",\"logo\":{\"@type\":\"ImageObject\",\"inLanguage\":\"en-US\",\"@id\":\"https:\\\/\\\/detailspot.lt\\\/#\\\/schema\\\/logo\\\/image\\\/\",\"url\":\"https:\\\/\\\/detailspot.lt\\\/wp-content\\\/uploads\\\/2022\\\/10\\\/logo-original.svg\",\"contentUrl\":\"https:\\\/\\\/detailspot.lt\\\/wp-content\\\/uploads\\\/2022\\\/10\\\/logo-original.svg\",\"width\":1,\"height\":1,\"caption\":\"Detail Spot\"},\"image\":{\"@id\":\"https:\\\/\\\/detailspot.lt\\\/#\\\/schema\\\/logo\\\/image\\\/\"},\"sameAs\":[\"https:\\\/\\\/www.facebook.com\\\/profile.php?id=100039208338156\"]}]}<\/script>\n<!-- \/ Yoast SEO plugin. -->","yoast_head_json":{"title":"Flexipads Microfibre Cutting pad - Detail Spot","robots":{"index":"index","follow":"follow","max-snippet":"max-snippet:-1","max-image-preview":"max-image-preview:large","max-video-preview":"max-video-preview:-1"},"canonical":"https:\/\/detailspot.lt\/produktas\/flexipads-microfibre-cutting-pad\/","og_locale":"en_US","og_type":"article","og_title":"Flexipads Microfibre Cutting pad - Detail Spot","og_description":"Flexipads Microfibre Cutting pad &#8211; The microfibre lacquer correction disc is designed for use with orbital machines. The use of these microfibre pads in combination with an orbital polisher results in maximum efficiency of the abrasive paste used. Characteristics: Microfibre hairs on a 10mm thick hard sponge Velctro fastening &nbsp;","og_url":"https:\/\/detailspot.lt\/produktas\/flexipads-microfibre-cutting-pad\/","og_site_name":"Detail Spot","article_publisher":"https:\/\/www.facebook.com\/profile.php?id=100039208338156","og_image":[{"url":"https:\/\/detailspot.lt\/wp-content\/uploads\/2022\/11\/FlexipadsLogo-300x105.jpg","type":"","width":"","height":""}],"twitter_card":"summary_large_image","schema":{"@context":"https:\/\/schema.org","@graph":[{"@type":"WebPage","@id":"https:\/\/detailspot.lt\/produktas\/flexipads-microfibre-cutting-pad\/","url":"https:\/\/detailspot.lt\/produktas\/flexipads-microfibre-cutting-pad\/","name":"Flexipads Microfibre Cutting pad - Detail Spot","isPartOf":{"@id":"https:\/\/detailspot.lt\/#website"},"primaryImageOfPage":{"@id":"https:\/\/detailspot.lt\/produktas\/flexipads-microfibre-cutting-pad\/#primaryimage"},"image":{"@id":"https:\/\/detailspot.lt\/produktas\/flexipads-microfibre-cutting-pad\/#primaryimage"},"thumbnailUrl":"https:\/\/detailspot.lt\/wp-content\/uploads\/2022\/12\/Flexipads-Microfibre-Cutting.jpg","datePublished":"2022-12-02T13:15:45+00:00","breadcrumb":{"@id":"https:\/\/detailspot.lt\/produktas\/flexipads-microfibre-cutting-pad\/#breadcrumb"},"inLanguage":"en-US","potentialAction":[{"@type":"ReadAction","target":["https:\/\/detailspot.lt\/produktas\/flexipads-microfibre-cutting-pad\/"]}]},{"@type":"ImageObject","inLanguage":"en-US","@id":"https:\/\/detailspot.lt\/produktas\/flexipads-microfibre-cutting-pad\/#primaryimage","url":"https:\/\/detailspot.lt\/wp-content\/uploads\/2022\/12\/Flexipads-Microfibre-Cutting.jpg","contentUrl":"https:\/\/detailspot.lt\/wp-content\/uploads\/2022\/12\/Flexipads-Microfibre-Cutting.jpg","width":394,"height":394},{"@type":"BreadcrumbList","@id":"https:\/\/detailspot.lt\/produktas\/flexipads-microfibre-cutting-pad\/#breadcrumb","itemListElement":[{"@type":"ListItem","position":1,"name":"Home","item":"https:\/\/detailspot.lt\/en\/"},{"@type":"ListItem","position":2,"name":"Shop","item":"https:\/\/detailspot.lt\/en\/parduotuve\/"},{"@type":"ListItem","position":3,"name":"Flexipads Microfibre Cutting pad"}]},{"@type":"WebSite","@id":"https:\/\/detailspot.lt\/#website","url":"https:\/\/detailspot.lt\/","name":"Detail Spot","description":"Automobili\u0173 prie\u017ei\u016bros priemon\u0117s","publisher":{"@id":"https:\/\/detailspot.lt\/#organization"},"potentialAction":[{"@type":"SearchAction","target":{"@type":"EntryPoint","urlTemplate":"https:\/\/detailspot.lt\/?s={search_term_string}"},"query-input":{"@type":"PropertyValueSpecification","valueRequired":true,"valueName":"search_term_string"}}],"inLanguage":"en-US"},{"@type":"Organization","@id":"https:\/\/detailspot.lt\/#organization","name":"Detail Spot","url":"https:\/\/detailspot.lt\/","logo":{"@type":"ImageObject","inLanguage":"en-US","@id":"https:\/\/detailspot.lt\/#\/schema\/logo\/image\/","url":"https:\/\/detailspot.lt\/wp-content\/uploads\/2022\/10\/logo-original.svg","contentUrl":"https:\/\/detailspot.lt\/wp-content\/uploads\/2022\/10\/logo-original.svg","width":1,"height":1,"caption":"Detail Spot"},"image":{"@id":"https:\/\/detailspot.lt\/#\/schema\/logo\/image\/"},"sameAs":["https:\/\/www.facebook.com\/profile.php?id=100039208338156"]}]}},"_links":{"self":[{"href":"https:\/\/detailspot.lt\/en\/wp-json\/wp\/v2\/product\/6683","targetHints":{"allow":["GET"]}}],"collection":[{"href":"https:\/\/detailspot.lt\/en\/wp-json\/wp\/v2\/product"}],"about":[{"href":"https:\/\/detailspot.lt\/en\/wp-json\/wp\/v2\/types\/product"}],"replies":[{"embeddable":true,"href":"https:\/\/detailspot.lt\/en\/wp-json\/wp\/v2\/comments?post=6683"}],"wp:featuredmedia":[{"embeddable":true,"href":"https:\/\/detailspot.lt\/en\/wp-json\/wp\/v2\/media\/3933"}],"wp:attachment":[{"href":"https:\/\/detailspot.lt\/en\/wp-json\/wp\/v2\/media?parent=6683"}],"wp:term":[{"taxonomy":"product_brand","embeddable":true,"href":"https:\/\/detailspot.lt\/en\/wp-json\/wp\/v2\/product_brand?post=6683"},{"taxonomy":"product_cat","embeddable":true,"href":"https:\/\/detailspot.lt\/en\/wp-json\/wp\/v2\/product_cat?post=6683"},{"taxonomy":"product_tag","embeddable":true,"href":"https:\/\/detailspot.lt\/en\/wp-json\/wp\/v2\/product_tag?post=6683"}],"curies":[{"name":"wp","href":"https:\/\/api.w.org\/{rel}","templated":true}]}}