{"id":6680,"date":"2022-12-02T15:15:46","date_gmt":"2022-12-02T13:15:46","guid":{"rendered":"https:\/\/detailspot.lt\/produktas\/rupes-da-coarse-microfibre-pad\/"},"modified":"2022-12-02T15:15:46","modified_gmt":"2022-12-02T13:15:46","slug":"rupes-da-coarse-microfibre-pad","status":"publish","type":"product","link":"https:\/\/detailspot.lt\/en\/produktas\/rupes-da-coarse-microfibre-pad\/","title":{"rendered":"Rupes DA Coarse Microfibre Pad"},"content":{"rendered":"<div id=\"heading2\">\n<p><strong>Rupes DA Coarse Microfibre Pad &#8211; <\/strong>Polishing pads for Dual action polishers are specially designed to quickly remove deep scratches or sanding marks. The coordinated sponge base with dense microfibre bristles quickly handles jobs that require heavy correction.<\/p>\n<\/div>\n<p>&nbsp;<\/p>\n<p style=\"text-align: center;\"><img loading=\"lazy\" decoding=\"async\" class=\"alignnone size-medium wp-image-1063\" src=\"https:\/\/detailspot.lt\/wp-content\/uploads\/2022\/10\/rupes_logo-300x150.png\" alt=\"\" width=\"300\" height=\"150\" srcset=\"https:\/\/detailspot.lt\/wp-content\/uploads\/2022\/10\/rupes_logo-300x150.png 300w, https:\/\/detailspot.lt\/wp-content\/uploads\/2022\/10\/rupes_logo.png 360w\" sizes=\"auto, (max-width: 300px) 100vw, 300px\" \/><\/p>\n<div class=\"grid_27 alpha omega \">\n<p id=\"good_links_wrapper_2205\">\n<\/div>\n","protected":false},"excerpt":{"rendered":"<p>Rupes DA Coarse Microfibre Pad &#8211; Polishing pads for Dual action polishers are specially designed to quickly remove deep scratches or sanding marks. The coordinated sponge base with dense microfibre bristles quickly handles jobs that require heavy correction. &nbsp;<\/p>\n","protected":false},"featured_media":3931,"comment_status":"closed","ping_status":"closed","template":"","meta":[],"product_brand":[],"product_cat":[172,170],"product_tag":[195,196,192,193,194],"class_list":{"0":"post-6680","1":"product","2":"type-product","3":"status-publish","4":"has-post-thumbnail","6":"product_cat-polishing-pads","7":"product_cat-polishing-tools","8":"product_tag-microfiber-en","9":"product_tag-microfiber-en-2","10":"product_tag-polishing","11":"product_tag-polishing-pads","12":"product_tag-rupes-en","13":"description-off","15":"first","16":"instock","17":"taxable","18":"shipping-taxable","19":"purchasable","20":"product-type-variable"},"yoast_head":"<!-- This site is optimized with the Yoast SEO plugin v27.4 - https:\/\/yoast.com\/product\/yoast-seo-wordpress\/ -->\n<title>Rupes DA Coarse Microfibre Pad - Detail Spot<\/title>\n<meta name=\"robots\" content=\"index, follow, max-snippet:-1, max-image-preview:large, max-video-preview:-1\" \/>\n<link rel=\"canonical\" href=\"https:\/\/detailspot.lt\/produktas\/rupes-da-coarse-microfibre-pad\/\" \/>\n<meta property=\"og:locale\" content=\"en_US\" \/>\n<meta property=\"og:type\" content=\"article\" \/>\n<meta property=\"og:title\" content=\"Rupes DA Coarse Microfibre Pad - Detail Spot\" \/>\n<meta property=\"og:description\" content=\"Rupes DA Coarse Microfibre Pad &#8211; Polishing pads for Dual action polishers are specially designed to quickly remove deep scratches or sanding marks. The coordinated sponge base with dense microfibre bristles quickly handles jobs that require heavy correction. &nbsp;\" \/>\n<meta property=\"og:url\" content=\"https:\/\/detailspot.lt\/produktas\/rupes-da-coarse-microfibre-pad\/\" \/>\n<meta property=\"og:site_name\" content=\"Detail Spot\" \/>\n<meta property=\"article:publisher\" content=\"https:\/\/www.facebook.com\/profile.php?id=100039208338156\" \/>\n<meta property=\"og:image\" content=\"https:\/\/detailspot.lt\/wp-content\/uploads\/2022\/10\/rupes_logo-300x150.png\" \/>\n<meta name=\"twitter:card\" content=\"summary_large_image\" \/>\n<script type=\"application\/ld+json\" class=\"yoast-schema-graph\">{\"@context\":\"https:\\\/\\\/schema.org\",\"@graph\":[{\"@type\":\"WebPage\",\"@id\":\"https:\\\/\\\/detailspot.lt\\\/produktas\\\/rupes-da-coarse-microfibre-pad\\\/\",\"url\":\"https:\\\/\\\/detailspot.lt\\\/produktas\\\/rupes-da-coarse-microfibre-pad\\\/\",\"name\":\"Rupes DA Coarse Microfibre Pad - Detail Spot\",\"isPartOf\":{\"@id\":\"https:\\\/\\\/detailspot.lt\\\/#website\"},\"primaryImageOfPage\":{\"@id\":\"https:\\\/\\\/detailspot.lt\\\/produktas\\\/rupes-da-coarse-microfibre-pad\\\/#primaryimage\"},\"image\":{\"@id\":\"https:\\\/\\\/detailspot.lt\\\/produktas\\\/rupes-da-coarse-microfibre-pad\\\/#primaryimage\"},\"thumbnailUrl\":\"https:\\\/\\\/detailspot.lt\\\/wp-content\\\/uploads\\\/2022\\\/12\\\/rupes-da-coarse-microfibre-pad-1.jpg\",\"datePublished\":\"2022-12-02T13:15:46+00:00\",\"breadcrumb\":{\"@id\":\"https:\\\/\\\/detailspot.lt\\\/produktas\\\/rupes-da-coarse-microfibre-pad\\\/#breadcrumb\"},\"inLanguage\":\"en-US\",\"potentialAction\":[{\"@type\":\"ReadAction\",\"target\":[\"https:\\\/\\\/detailspot.lt\\\/produktas\\\/rupes-da-coarse-microfibre-pad\\\/\"]}]},{\"@type\":\"ImageObject\",\"inLanguage\":\"en-US\",\"@id\":\"https:\\\/\\\/detailspot.lt\\\/produktas\\\/rupes-da-coarse-microfibre-pad\\\/#primaryimage\",\"url\":\"https:\\\/\\\/detailspot.lt\\\/wp-content\\\/uploads\\\/2022\\\/12\\\/rupes-da-coarse-microfibre-pad-1.jpg\",\"contentUrl\":\"https:\\\/\\\/detailspot.lt\\\/wp-content\\\/uploads\\\/2022\\\/12\\\/rupes-da-coarse-microfibre-pad-1.jpg\",\"width\":1188,\"height\":1188},{\"@type\":\"BreadcrumbList\",\"@id\":\"https:\\\/\\\/detailspot.lt\\\/produktas\\\/rupes-da-coarse-microfibre-pad\\\/#breadcrumb\",\"itemListElement\":[{\"@type\":\"ListItem\",\"position\":1,\"name\":\"Home\",\"item\":\"https:\\\/\\\/detailspot.lt\\\/en\\\/\"},{\"@type\":\"ListItem\",\"position\":2,\"name\":\"Shop\",\"item\":\"https:\\\/\\\/detailspot.lt\\\/en\\\/parduotuve\\\/\"},{\"@type\":\"ListItem\",\"position\":3,\"name\":\"Rupes DA Coarse Microfibre Pad\"}]},{\"@type\":\"WebSite\",\"@id\":\"https:\\\/\\\/detailspot.lt\\\/#website\",\"url\":\"https:\\\/\\\/detailspot.lt\\\/\",\"name\":\"Detail Spot\",\"description\":\"Automobili\u0173 prie\u017ei\u016bros priemon\u0117s\",\"publisher\":{\"@id\":\"https:\\\/\\\/detailspot.lt\\\/#organization\"},\"potentialAction\":[{\"@type\":\"SearchAction\",\"target\":{\"@type\":\"EntryPoint\",\"urlTemplate\":\"https:\\\/\\\/detailspot.lt\\\/?s={search_term_string}\"},\"query-input\":{\"@type\":\"PropertyValueSpecification\",\"valueRequired\":true,\"valueName\":\"search_term_string\"}}],\"inLanguage\":\"en-US\"},{\"@type\":\"Organization\",\"@id\":\"https:\\\/\\\/detailspot.lt\\\/#organization\",\"name\":\"Detail Spot\",\"url\":\"https:\\\/\\\/detailspot.lt\\\/\",\"logo\":{\"@type\":\"ImageObject\",\"inLanguage\":\"en-US\",\"@id\":\"https:\\\/\\\/detailspot.lt\\\/#\\\/schema\\\/logo\\\/image\\\/\",\"url\":\"https:\\\/\\\/detailspot.lt\\\/wp-content\\\/uploads\\\/2022\\\/10\\\/logo-original.svg\",\"contentUrl\":\"https:\\\/\\\/detailspot.lt\\\/wp-content\\\/uploads\\\/2022\\\/10\\\/logo-original.svg\",\"width\":1,\"height\":1,\"caption\":\"Detail Spot\"},\"image\":{\"@id\":\"https:\\\/\\\/detailspot.lt\\\/#\\\/schema\\\/logo\\\/image\\\/\"},\"sameAs\":[\"https:\\\/\\\/www.facebook.com\\\/profile.php?id=100039208338156\"]}]}<\/script>\n<!-- \/ Yoast SEO plugin. -->","yoast_head_json":{"title":"Rupes DA Coarse Microfibre Pad - Detail Spot","robots":{"index":"index","follow":"follow","max-snippet":"max-snippet:-1","max-image-preview":"max-image-preview:large","max-video-preview":"max-video-preview:-1"},"canonical":"https:\/\/detailspot.lt\/produktas\/rupes-da-coarse-microfibre-pad\/","og_locale":"en_US","og_type":"article","og_title":"Rupes DA Coarse Microfibre Pad - Detail Spot","og_description":"Rupes DA Coarse Microfibre Pad &#8211; Polishing pads for Dual action polishers are specially designed to quickly remove deep scratches or sanding marks. The coordinated sponge base with dense microfibre bristles quickly handles jobs that require heavy correction. &nbsp;","og_url":"https:\/\/detailspot.lt\/produktas\/rupes-da-coarse-microfibre-pad\/","og_site_name":"Detail Spot","article_publisher":"https:\/\/www.facebook.com\/profile.php?id=100039208338156","og_image":[{"url":"https:\/\/detailspot.lt\/wp-content\/uploads\/2022\/10\/rupes_logo-300x150.png","type":"","width":"","height":""}],"twitter_card":"summary_large_image","schema":{"@context":"https:\/\/schema.org","@graph":[{"@type":"WebPage","@id":"https:\/\/detailspot.lt\/produktas\/rupes-da-coarse-microfibre-pad\/","url":"https:\/\/detailspot.lt\/produktas\/rupes-da-coarse-microfibre-pad\/","name":"Rupes DA Coarse Microfibre Pad - Detail Spot","isPartOf":{"@id":"https:\/\/detailspot.lt\/#website"},"primaryImageOfPage":{"@id":"https:\/\/detailspot.lt\/produktas\/rupes-da-coarse-microfibre-pad\/#primaryimage"},"image":{"@id":"https:\/\/detailspot.lt\/produktas\/rupes-da-coarse-microfibre-pad\/#primaryimage"},"thumbnailUrl":"https:\/\/detailspot.lt\/wp-content\/uploads\/2022\/12\/rupes-da-coarse-microfibre-pad-1.jpg","datePublished":"2022-12-02T13:15:46+00:00","breadcrumb":{"@id":"https:\/\/detailspot.lt\/produktas\/rupes-da-coarse-microfibre-pad\/#breadcrumb"},"inLanguage":"en-US","potentialAction":[{"@type":"ReadAction","target":["https:\/\/detailspot.lt\/produktas\/rupes-da-coarse-microfibre-pad\/"]}]},{"@type":"ImageObject","inLanguage":"en-US","@id":"https:\/\/detailspot.lt\/produktas\/rupes-da-coarse-microfibre-pad\/#primaryimage","url":"https:\/\/detailspot.lt\/wp-content\/uploads\/2022\/12\/rupes-da-coarse-microfibre-pad-1.jpg","contentUrl":"https:\/\/detailspot.lt\/wp-content\/uploads\/2022\/12\/rupes-da-coarse-microfibre-pad-1.jpg","width":1188,"height":1188},{"@type":"BreadcrumbList","@id":"https:\/\/detailspot.lt\/produktas\/rupes-da-coarse-microfibre-pad\/#breadcrumb","itemListElement":[{"@type":"ListItem","position":1,"name":"Home","item":"https:\/\/detailspot.lt\/en\/"},{"@type":"ListItem","position":2,"name":"Shop","item":"https:\/\/detailspot.lt\/en\/parduotuve\/"},{"@type":"ListItem","position":3,"name":"Rupes DA Coarse Microfibre Pad"}]},{"@type":"WebSite","@id":"https:\/\/detailspot.lt\/#website","url":"https:\/\/detailspot.lt\/","name":"Detail Spot","description":"Automobili\u0173 prie\u017ei\u016bros priemon\u0117s","publisher":{"@id":"https:\/\/detailspot.lt\/#organization"},"potentialAction":[{"@type":"SearchAction","target":{"@type":"EntryPoint","urlTemplate":"https:\/\/detailspot.lt\/?s={search_term_string}"},"query-input":{"@type":"PropertyValueSpecification","valueRequired":true,"valueName":"search_term_string"}}],"inLanguage":"en-US"},{"@type":"Organization","@id":"https:\/\/detailspot.lt\/#organization","name":"Detail Spot","url":"https:\/\/detailspot.lt\/","logo":{"@type":"ImageObject","inLanguage":"en-US","@id":"https:\/\/detailspot.lt\/#\/schema\/logo\/image\/","url":"https:\/\/detailspot.lt\/wp-content\/uploads\/2022\/10\/logo-original.svg","contentUrl":"https:\/\/detailspot.lt\/wp-content\/uploads\/2022\/10\/logo-original.svg","width":1,"height":1,"caption":"Detail Spot"},"image":{"@id":"https:\/\/detailspot.lt\/#\/schema\/logo\/image\/"},"sameAs":["https:\/\/www.facebook.com\/profile.php?id=100039208338156"]}]}},"_links":{"self":[{"href":"https:\/\/detailspot.lt\/en\/wp-json\/wp\/v2\/product\/6680","targetHints":{"allow":["GET"]}}],"collection":[{"href":"https:\/\/detailspot.lt\/en\/wp-json\/wp\/v2\/product"}],"about":[{"href":"https:\/\/detailspot.lt\/en\/wp-json\/wp\/v2\/types\/product"}],"replies":[{"embeddable":true,"href":"https:\/\/detailspot.lt\/en\/wp-json\/wp\/v2\/comments?post=6680"}],"wp:featuredmedia":[{"embeddable":true,"href":"https:\/\/detailspot.lt\/en\/wp-json\/wp\/v2\/media\/3931"}],"wp:attachment":[{"href":"https:\/\/detailspot.lt\/en\/wp-json\/wp\/v2\/media?parent=6680"}],"wp:term":[{"taxonomy":"product_brand","embeddable":true,"href":"https:\/\/detailspot.lt\/en\/wp-json\/wp\/v2\/product_brand?post=6680"},{"taxonomy":"product_cat","embeddable":true,"href":"https:\/\/detailspot.lt\/en\/wp-json\/wp\/v2\/product_cat?post=6680"},{"taxonomy":"product_tag","embeddable":true,"href":"https:\/\/detailspot.lt\/en\/wp-json\/wp\/v2\/product_tag?post=6680"}],"curies":[{"name":"wp","href":"https:\/\/api.w.org\/{rel}","templated":true}]}}