{"id":6676,"date":"2022-12-02T15:15:56","date_gmt":"2022-12-02T13:15:56","guid":{"rendered":"https:\/\/detailspot.lt\/produktas\/angelwax-h2go-invisible-wiper-coating\/"},"modified":"2025-07-24T13:21:18","modified_gmt":"2025-07-24T10:21:18","slug":"angelwax-h2go-invisible-wiper-coating","status":"publish","type":"product","link":"https:\/\/detailspot.lt\/en\/produktas\/angelwax-h2go-invisible-wiper-coating\/","title":{"rendered":"Angelwax H2GO invisible wiper coating"},"content":{"rendered":"<div id=\"heading2\">\n<p><strong>Angelwax H2GO invisible wiper coating &#8211; <\/strong>is a hydrophobic windscreen coating developed in England to improve visibility for drivers in rainy weather. The coating prevents water from accumulating on the glass, making it easier to see even in the heaviest rain, and its hydrophobic properties ensure that raindrops &#8220;fly&#8221; off the surface of the glass when the wind blows. This reduces the need for wipers<\/p>\n<p><strong>Characteristics:<\/strong><\/p>\n<ol>\n<li>Efficient even from 40km\/h<\/li>\n<li>Glass is significantly easier to break in winter<\/li>\n<li>Stays on the surface for about 3 weeks<\/li>\n<\/ol>\n<p><strong>Application:<\/strong><\/p>\n<ol>\n<li>Clean and dry the surface to be coated<\/li>\n<li>Apply at ambient temperatures above 5\u00b0C<\/li>\n<li>Spray the glass with Angelwax H2GO<\/li>\n<li>Rub the surface in a circular motion<\/li>\n<li>Allow the product to dry and adhere to the surface for 10-15 minutes<\/li>\n<li>Remove the excess with a dry microfibre cloth or a paper towel with a splash of water.<\/li>\n<\/ol>\n<p><strong>Tips:<\/strong><\/p>\n<ol>\n<li>You can use this product on glass shower doors at home and on glass windows<\/li>\n<li>Do not use this product on glasses with ornaments<\/li>\n<li>Do not use this product on any plastic surfaces (motorcycle windscreens, shower enclosures, plexiglass, solar panels)<\/li>\n<\/ol>\n<\/div>\n<p style=\"text-align: center;\"><img loading=\"lazy\" decoding=\"async\" class=\"alignnone size-full wp-image-2049\" src=\"https:\/\/detailspot.lt\/wp-content\/uploads\/2022\/12\/AngelWax-logo.png\" alt=\"\" width=\"285\" height=\"177\" srcset=\"https:\/\/detailspot.lt\/wp-content\/uploads\/2022\/12\/AngelWax-logo.png 285w, https:\/\/detailspot.lt\/wp-content\/uploads\/2022\/12\/AngelWax-logo-64x40.png 64w\" sizes=\"auto, (max-width: 285px) 100vw, 285px\" \/><\/p>\n","protected":false},"excerpt":{"rendered":"<p>Angelwax H2GO invisible wiper coating &#8211; is a hydrophobic windscreen coating developed in England to improve visibility for drivers in rainy weather. The coating prevents water from accumulating on the glass, making it easier to see even in the heaviest rain, and its hydrophobic properties ensure that raindrops &#8220;fly&#8221; off the surface of the glass&hellip;<\/p>\n","protected":false},"featured_media":3743,"comment_status":"closed","ping_status":"closed","template":"","meta":[],"product_brand":[],"product_cat":[160,163],"product_tag":[],"class_list":{"0":"post-6676","1":"product","2":"type-product","3":"status-publish","4":"has-post-thumbnail","6":"product_cat-exterior","7":"product_cat-windscreen-maintenance","8":"description-off","10":"first","11":"instock","12":"taxable","13":"shipping-taxable","14":"purchasable","15":"product-type-variable"},"yoast_head":"<!-- This site is optimized with the Yoast SEO plugin v27.4 - https:\/\/yoast.com\/product\/yoast-seo-wordpress\/ -->\n<title>Angelwax H2GO invisible wiper coating - Detail Spot<\/title>\n<meta name=\"robots\" content=\"index, follow, max-snippet:-1, max-image-preview:large, max-video-preview:-1\" \/>\n<link rel=\"canonical\" href=\"https:\/\/detailspot.lt\/en\/produktas\/angelwax-h2go-invisible-wiper-coating\/\" \/>\n<meta property=\"og:locale\" content=\"en_US\" \/>\n<meta property=\"og:type\" content=\"article\" \/>\n<meta property=\"og:title\" content=\"Angelwax H2GO invisible wiper coating - Detail Spot\" \/>\n<meta property=\"og:description\" content=\"Angelwax H2GO invisible wiper coating &#8211; is a hydrophobic windscreen coating developed in England to improve visibility for drivers in rainy weather. The coating prevents water from accumulating on the glass, making it easier to see even in the heaviest rain, and its hydrophobic properties ensure that raindrops &#8220;fly&#8221; off the surface of the glass&hellip;\" \/>\n<meta property=\"og:url\" content=\"https:\/\/detailspot.lt\/en\/produktas\/angelwax-h2go-invisible-wiper-coating\/\" \/>\n<meta property=\"og:site_name\" content=\"Detail Spot\" \/>\n<meta property=\"article:publisher\" content=\"https:\/\/www.facebook.com\/profile.php?id=100039208338156\" \/>\n<meta property=\"article:modified_time\" content=\"2025-07-24T10:21:18+00:00\" \/>\n<meta property=\"og:image\" content=\"https:\/\/detailspot.lt\/wp-content\/uploads\/2022\/12\/angelwax-h2go-2-1.jpg\" \/>\n\t<meta property=\"og:image:width\" content=\"700\" \/>\n\t<meta property=\"og:image:height\" content=\"700\" \/>\n\t<meta property=\"og:image:type\" content=\"image\/jpeg\" \/>\n<meta name=\"twitter:card\" content=\"summary_large_image\" \/>\n<meta name=\"twitter:label1\" content=\"Est. reading time\" \/>\n\t<meta name=\"twitter:data1\" content=\"1 minute\" \/>\n<script type=\"application\/ld+json\" class=\"yoast-schema-graph\">{\"@context\":\"https:\\\/\\\/schema.org\",\"@graph\":[{\"@type\":\"WebPage\",\"@id\":\"https:\\\/\\\/detailspot.lt\\\/en\\\/produktas\\\/angelwax-h2go-invisible-wiper-coating\\\/\",\"url\":\"https:\\\/\\\/detailspot.lt\\\/en\\\/produktas\\\/angelwax-h2go-invisible-wiper-coating\\\/\",\"name\":\"Angelwax H2GO invisible wiper coating - Detail Spot\",\"isPartOf\":{\"@id\":\"https:\\\/\\\/detailspot.lt\\\/#website\"},\"primaryImageOfPage\":{\"@id\":\"https:\\\/\\\/detailspot.lt\\\/en\\\/produktas\\\/angelwax-h2go-invisible-wiper-coating\\\/#primaryimage\"},\"image\":{\"@id\":\"https:\\\/\\\/detailspot.lt\\\/en\\\/produktas\\\/angelwax-h2go-invisible-wiper-coating\\\/#primaryimage\"},\"thumbnailUrl\":\"https:\\\/\\\/detailspot.lt\\\/wp-content\\\/uploads\\\/2022\\\/12\\\/angelwax-h2go-2-1.jpg\",\"datePublished\":\"2022-12-02T13:15:56+00:00\",\"dateModified\":\"2025-07-24T10:21:18+00:00\",\"breadcrumb\":{\"@id\":\"https:\\\/\\\/detailspot.lt\\\/en\\\/produktas\\\/angelwax-h2go-invisible-wiper-coating\\\/#breadcrumb\"},\"inLanguage\":\"en-US\",\"potentialAction\":[{\"@type\":\"ReadAction\",\"target\":[\"https:\\\/\\\/detailspot.lt\\\/en\\\/produktas\\\/angelwax-h2go-invisible-wiper-coating\\\/\"]}]},{\"@type\":\"ImageObject\",\"inLanguage\":\"en-US\",\"@id\":\"https:\\\/\\\/detailspot.lt\\\/en\\\/produktas\\\/angelwax-h2go-invisible-wiper-coating\\\/#primaryimage\",\"url\":\"https:\\\/\\\/detailspot.lt\\\/wp-content\\\/uploads\\\/2022\\\/12\\\/angelwax-h2go-2-1.jpg\",\"contentUrl\":\"https:\\\/\\\/detailspot.lt\\\/wp-content\\\/uploads\\\/2022\\\/12\\\/angelwax-h2go-2-1.jpg\",\"width\":700,\"height\":700},{\"@type\":\"BreadcrumbList\",\"@id\":\"https:\\\/\\\/detailspot.lt\\\/en\\\/produktas\\\/angelwax-h2go-invisible-wiper-coating\\\/#breadcrumb\",\"itemListElement\":[{\"@type\":\"ListItem\",\"position\":1,\"name\":\"Home\",\"item\":\"https:\\\/\\\/detailspot.lt\\\/en\\\/\"},{\"@type\":\"ListItem\",\"position\":2,\"name\":\"Shop\",\"item\":\"https:\\\/\\\/detailspot.lt\\\/en\\\/parduotuve\\\/\"},{\"@type\":\"ListItem\",\"position\":3,\"name\":\"Angelwax H2GO invisible wiper coating\"}]},{\"@type\":\"WebSite\",\"@id\":\"https:\\\/\\\/detailspot.lt\\\/#website\",\"url\":\"https:\\\/\\\/detailspot.lt\\\/\",\"name\":\"Detail Spot\",\"description\":\"Automobili\u0173 prie\u017ei\u016bros priemon\u0117s\",\"publisher\":{\"@id\":\"https:\\\/\\\/detailspot.lt\\\/#organization\"},\"potentialAction\":[{\"@type\":\"SearchAction\",\"target\":{\"@type\":\"EntryPoint\",\"urlTemplate\":\"https:\\\/\\\/detailspot.lt\\\/?s={search_term_string}\"},\"query-input\":{\"@type\":\"PropertyValueSpecification\",\"valueRequired\":true,\"valueName\":\"search_term_string\"}}],\"inLanguage\":\"en-US\"},{\"@type\":\"Organization\",\"@id\":\"https:\\\/\\\/detailspot.lt\\\/#organization\",\"name\":\"Detail Spot\",\"url\":\"https:\\\/\\\/detailspot.lt\\\/\",\"logo\":{\"@type\":\"ImageObject\",\"inLanguage\":\"en-US\",\"@id\":\"https:\\\/\\\/detailspot.lt\\\/#\\\/schema\\\/logo\\\/image\\\/\",\"url\":\"https:\\\/\\\/detailspot.lt\\\/wp-content\\\/uploads\\\/2022\\\/10\\\/logo-original.svg\",\"contentUrl\":\"https:\\\/\\\/detailspot.lt\\\/wp-content\\\/uploads\\\/2022\\\/10\\\/logo-original.svg\",\"width\":1,\"height\":1,\"caption\":\"Detail Spot\"},\"image\":{\"@id\":\"https:\\\/\\\/detailspot.lt\\\/#\\\/schema\\\/logo\\\/image\\\/\"},\"sameAs\":[\"https:\\\/\\\/www.facebook.com\\\/profile.php?id=100039208338156\"]}]}<\/script>\n<!-- \/ Yoast SEO plugin. -->","yoast_head_json":{"title":"Angelwax H2GO invisible wiper coating - Detail Spot","robots":{"index":"index","follow":"follow","max-snippet":"max-snippet:-1","max-image-preview":"max-image-preview:large","max-video-preview":"max-video-preview:-1"},"canonical":"https:\/\/detailspot.lt\/en\/produktas\/angelwax-h2go-invisible-wiper-coating\/","og_locale":"en_US","og_type":"article","og_title":"Angelwax H2GO invisible wiper coating - Detail Spot","og_description":"Angelwax H2GO invisible wiper coating &#8211; is a hydrophobic windscreen coating developed in England to improve visibility for drivers in rainy weather. The coating prevents water from accumulating on the glass, making it easier to see even in the heaviest rain, and its hydrophobic properties ensure that raindrops &#8220;fly&#8221; off the surface of the glass&hellip;","og_url":"https:\/\/detailspot.lt\/en\/produktas\/angelwax-h2go-invisible-wiper-coating\/","og_site_name":"Detail Spot","article_publisher":"https:\/\/www.facebook.com\/profile.php?id=100039208338156","article_modified_time":"2025-07-24T10:21:18+00:00","og_image":[{"width":700,"height":700,"url":"https:\/\/detailspot.lt\/wp-content\/uploads\/2022\/12\/angelwax-h2go-2-1.jpg","type":"image\/jpeg"}],"twitter_card":"summary_large_image","twitter_misc":{"Est. reading time":"1 minute"},"schema":{"@context":"https:\/\/schema.org","@graph":[{"@type":"WebPage","@id":"https:\/\/detailspot.lt\/en\/produktas\/angelwax-h2go-invisible-wiper-coating\/","url":"https:\/\/detailspot.lt\/en\/produktas\/angelwax-h2go-invisible-wiper-coating\/","name":"Angelwax H2GO invisible wiper coating - Detail Spot","isPartOf":{"@id":"https:\/\/detailspot.lt\/#website"},"primaryImageOfPage":{"@id":"https:\/\/detailspot.lt\/en\/produktas\/angelwax-h2go-invisible-wiper-coating\/#primaryimage"},"image":{"@id":"https:\/\/detailspot.lt\/en\/produktas\/angelwax-h2go-invisible-wiper-coating\/#primaryimage"},"thumbnailUrl":"https:\/\/detailspot.lt\/wp-content\/uploads\/2022\/12\/angelwax-h2go-2-1.jpg","datePublished":"2022-12-02T13:15:56+00:00","dateModified":"2025-07-24T10:21:18+00:00","breadcrumb":{"@id":"https:\/\/detailspot.lt\/en\/produktas\/angelwax-h2go-invisible-wiper-coating\/#breadcrumb"},"inLanguage":"en-US","potentialAction":[{"@type":"ReadAction","target":["https:\/\/detailspot.lt\/en\/produktas\/angelwax-h2go-invisible-wiper-coating\/"]}]},{"@type":"ImageObject","inLanguage":"en-US","@id":"https:\/\/detailspot.lt\/en\/produktas\/angelwax-h2go-invisible-wiper-coating\/#primaryimage","url":"https:\/\/detailspot.lt\/wp-content\/uploads\/2022\/12\/angelwax-h2go-2-1.jpg","contentUrl":"https:\/\/detailspot.lt\/wp-content\/uploads\/2022\/12\/angelwax-h2go-2-1.jpg","width":700,"height":700},{"@type":"BreadcrumbList","@id":"https:\/\/detailspot.lt\/en\/produktas\/angelwax-h2go-invisible-wiper-coating\/#breadcrumb","itemListElement":[{"@type":"ListItem","position":1,"name":"Home","item":"https:\/\/detailspot.lt\/en\/"},{"@type":"ListItem","position":2,"name":"Shop","item":"https:\/\/detailspot.lt\/en\/parduotuve\/"},{"@type":"ListItem","position":3,"name":"Angelwax H2GO invisible wiper coating"}]},{"@type":"WebSite","@id":"https:\/\/detailspot.lt\/#website","url":"https:\/\/detailspot.lt\/","name":"Detail Spot","description":"Automobili\u0173 prie\u017ei\u016bros priemon\u0117s","publisher":{"@id":"https:\/\/detailspot.lt\/#organization"},"potentialAction":[{"@type":"SearchAction","target":{"@type":"EntryPoint","urlTemplate":"https:\/\/detailspot.lt\/?s={search_term_string}"},"query-input":{"@type":"PropertyValueSpecification","valueRequired":true,"valueName":"search_term_string"}}],"inLanguage":"en-US"},{"@type":"Organization","@id":"https:\/\/detailspot.lt\/#organization","name":"Detail Spot","url":"https:\/\/detailspot.lt\/","logo":{"@type":"ImageObject","inLanguage":"en-US","@id":"https:\/\/detailspot.lt\/#\/schema\/logo\/image\/","url":"https:\/\/detailspot.lt\/wp-content\/uploads\/2022\/10\/logo-original.svg","contentUrl":"https:\/\/detailspot.lt\/wp-content\/uploads\/2022\/10\/logo-original.svg","width":1,"height":1,"caption":"Detail Spot"},"image":{"@id":"https:\/\/detailspot.lt\/#\/schema\/logo\/image\/"},"sameAs":["https:\/\/www.facebook.com\/profile.php?id=100039208338156"]}]}},"_links":{"self":[{"href":"https:\/\/detailspot.lt\/en\/wp-json\/wp\/v2\/product\/6676","targetHints":{"allow":["GET"]}}],"collection":[{"href":"https:\/\/detailspot.lt\/en\/wp-json\/wp\/v2\/product"}],"about":[{"href":"https:\/\/detailspot.lt\/en\/wp-json\/wp\/v2\/types\/product"}],"replies":[{"embeddable":true,"href":"https:\/\/detailspot.lt\/en\/wp-json\/wp\/v2\/comments?post=6676"}],"wp:featuredmedia":[{"embeddable":true,"href":"https:\/\/detailspot.lt\/en\/wp-json\/wp\/v2\/media\/3743"}],"wp:attachment":[{"href":"https:\/\/detailspot.lt\/en\/wp-json\/wp\/v2\/media?parent=6676"}],"wp:term":[{"taxonomy":"product_brand","embeddable":true,"href":"https:\/\/detailspot.lt\/en\/wp-json\/wp\/v2\/product_brand?post=6676"},{"taxonomy":"product_cat","embeddable":true,"href":"https:\/\/detailspot.lt\/en\/wp-json\/wp\/v2\/product_cat?post=6676"},{"taxonomy":"product_tag","embeddable":true,"href":"https:\/\/detailspot.lt\/en\/wp-json\/wp\/v2\/product_tag?post=6676"}],"curies":[{"name":"wp","href":"https:\/\/api.w.org\/{rel}","templated":true}]}}