{"id":6666,"date":"2022-12-02T15:15:57","date_gmt":"2022-12-02T13:15:57","guid":{"rendered":"https:\/\/detailspot.lt\/produktas\/gtechniq-w6-wheel-and-metal-dust-remover\/"},"modified":"2022-12-02T15:15:57","modified_gmt":"2022-12-02T13:15:57","slug":"gtechniq-w6-wheel-and-metal-dust-remover","status":"publish","type":"product","link":"https:\/\/detailspot.lt\/en\/produktas\/gtechniq-w6-wheel-and-metal-dust-remover\/","title":{"rendered":"Gtechniq W6 Wheel and metal dust remover"},"content":{"rendered":"<h1><em>Gtechniq W6 Wheel and metal dust remover<\/em><\/h1>\n<p> <em>&#8211;<\/em> The tool is designed to provide the safest and most effective way of cleaning the metal particles that are often found on your vehicle&#8217;s paint and rims. In addition to its exceptional particle cleaning function, it also has anti-corrosive properties and contains an ingredient that combats the effects of acid rain.<\/p>\n<p>The product is a thick gel which adheres well to vertical surfaces.<\/p>\n<p><strong>Application:<\/strong><\/p>\n<ol>\n<li>Use in a well-ventilated room out of direct sunlight, as the product has a strong, unpleasant odour.<\/li>\n<li>Remove the dirt with a high-pressure washer or water jet.<\/li>\n<li>Spray W6 directly onto the surface and leave for 5-10 minutes. Any iron parts will be broken down and the foam will take on a purple colour. <strong>Do not allow the product to dry on the surface.<\/strong><\/li>\n<li>Rinse off any residue and repeat the procedure if necessary.<\/li>\n<\/ol>\n","protected":false},"excerpt":{"rendered":"<p>Gtechniq W6 Wheel and metal dust remover &#8211; The tool is designed to provide the safest and most effective way of cleaning the metal particles that are often found on your vehicle&#8217;s paint and rims. In addition to its exceptional particle cleaning function, it also has anti-corrosive properties and contains an ingredient that combats the&hellip;<\/p>\n","protected":false},"featured_media":3600,"comment_status":"closed","ping_status":"closed","template":"","meta":[],"product_brand":[],"product_cat":[160,164,162,177],"product_tag":[],"class_list":{"0":"post-6666","1":"product","2":"type-product","3":"status-publish","4":"has-post-thumbnail","6":"product_cat-exterior","7":"product_cat-shampoos-and-cleansers","8":"product_cat-surface-preparation","9":"product_cat-wheel-care","10":"description-off","12":"first","13":"instock","14":"taxable","15":"shipping-taxable","16":"purchasable","17":"product-type-variable"},"yoast_head":"<!-- This site is optimized with the Yoast SEO plugin v27.2 - https:\/\/yoast.com\/product\/yoast-seo-wordpress\/ -->\n<title>Gtechniq W6 Wheel and metal dust remover - Detail Spot<\/title>\n<meta name=\"description\" content=\"The tool is designed to perform the safest and most effective cleaning of metal particles that are often found on your vehicle&#039;s paint and rims\" \/>\n<meta name=\"robots\" content=\"index, follow, max-snippet:-1, max-image-preview:large, max-video-preview:-1\" \/>\n<link rel=\"canonical\" href=\"https:\/\/detailspot.lt\/en\/produktas\/gtechniq-w6-wheel-and-metal-dust-remover\/\" \/>\n<meta property=\"og:locale\" content=\"en_US\" \/>\n<meta property=\"og:type\" content=\"article\" \/>\n<meta property=\"og:title\" content=\"Gtechniq W6 Wheel and metal dust remover - Detail Spot\" \/>\n<meta property=\"og:description\" content=\"The tool is designed to perform the safest and most effective cleaning of metal particles that are often found on your vehicle&#039;s paint and rims\" \/>\n<meta property=\"og:url\" content=\"https:\/\/detailspot.lt\/en\/produktas\/gtechniq-w6-wheel-and-metal-dust-remover\/\" \/>\n<meta property=\"og:site_name\" content=\"Detail Spot\" \/>\n<meta property=\"article:publisher\" content=\"https:\/\/www.facebook.com\/profile.php?id=100039208338156\" \/>\n<meta property=\"og:image\" content=\"https:\/\/detailspot.lt\/wp-content\/uploads\/2022\/12\/rsz_ratlankiu-ir-metalo-dulkiu-valiklis-w6-gtechniq-500-ml-1.jpg\" \/>\n\t<meta property=\"og:image:width\" content=\"297\" \/>\n\t<meta property=\"og:image:height\" content=\"297\" \/>\n\t<meta property=\"og:image:type\" content=\"image\/jpeg\" \/>\n<meta name=\"twitter:card\" content=\"summary_large_image\" \/>\n<meta name=\"twitter:label1\" content=\"Est. reading time\" \/>\n\t<meta name=\"twitter:data1\" content=\"1 minute\" \/>\n<script type=\"application\/ld+json\" class=\"yoast-schema-graph\">{\"@context\":\"https:\/\/schema.org\",\"@graph\":[{\"@type\":\"WebPage\",\"@id\":\"https:\/\/detailspot.lt\/en\/produktas\/gtechniq-w6-wheel-and-metal-dust-remover\/\",\"url\":\"https:\/\/detailspot.lt\/en\/produktas\/gtechniq-w6-wheel-and-metal-dust-remover\/\",\"name\":\"Gtechniq W6 Wheel and metal dust remover - Detail Spot\",\"isPartOf\":{\"@id\":\"https:\/\/detailspot.lt\/#website\"},\"primaryImageOfPage\":{\"@id\":\"https:\/\/detailspot.lt\/en\/produktas\/gtechniq-w6-wheel-and-metal-dust-remover\/#primaryimage\"},\"image\":{\"@id\":\"https:\/\/detailspot.lt\/en\/produktas\/gtechniq-w6-wheel-and-metal-dust-remover\/#primaryimage\"},\"thumbnailUrl\":\"https:\/\/detailspot.lt\/wp-content\/uploads\/2022\/12\/rsz_ratlankiu-ir-metalo-dulkiu-valiklis-w6-gtechniq-500-ml-1.jpg\",\"datePublished\":\"2022-12-02T13:15:57+00:00\",\"description\":\"The tool is designed to perform the safest and most effective cleaning of metal particles that are often found on your vehicle's paint and rims\",\"breadcrumb\":{\"@id\":\"https:\/\/detailspot.lt\/en\/produktas\/gtechniq-w6-wheel-and-metal-dust-remover\/#breadcrumb\"},\"inLanguage\":\"en-US\",\"potentialAction\":[{\"@type\":\"ReadAction\",\"target\":[\"https:\/\/detailspot.lt\/en\/produktas\/gtechniq-w6-wheel-and-metal-dust-remover\/\"]}]},{\"@type\":\"ImageObject\",\"inLanguage\":\"en-US\",\"@id\":\"https:\/\/detailspot.lt\/en\/produktas\/gtechniq-w6-wheel-and-metal-dust-remover\/#primaryimage\",\"url\":\"https:\/\/detailspot.lt\/wp-content\/uploads\/2022\/12\/rsz_ratlankiu-ir-metalo-dulkiu-valiklis-w6-gtechniq-500-ml-1.jpg\",\"contentUrl\":\"https:\/\/detailspot.lt\/wp-content\/uploads\/2022\/12\/rsz_ratlankiu-ir-metalo-dulkiu-valiklis-w6-gtechniq-500-ml-1.jpg\",\"width\":297,\"height\":297},{\"@type\":\"BreadcrumbList\",\"@id\":\"https:\/\/detailspot.lt\/en\/produktas\/gtechniq-w6-wheel-and-metal-dust-remover\/#breadcrumb\",\"itemListElement\":[{\"@type\":\"ListItem\",\"position\":1,\"name\":\"Home\",\"item\":\"https:\/\/detailspot.lt\/en\/\"},{\"@type\":\"ListItem\",\"position\":2,\"name\":\"Shop\",\"item\":\"https:\/\/detailspot.lt\/en\/parduotuve\/\"},{\"@type\":\"ListItem\",\"position\":3,\"name\":\"Gtechniq W6 Wheel and metal dust remover\"}]},{\"@type\":\"WebSite\",\"@id\":\"https:\/\/detailspot.lt\/#website\",\"url\":\"https:\/\/detailspot.lt\/\",\"name\":\"Detail Spot\",\"description\":\"Automobili\u0173 prie\u017ei\u016bros priemon\u0117s\",\"publisher\":{\"@id\":\"https:\/\/detailspot.lt\/#organization\"},\"potentialAction\":[{\"@type\":\"SearchAction\",\"target\":{\"@type\":\"EntryPoint\",\"urlTemplate\":\"https:\/\/detailspot.lt\/?s={search_term_string}\"},\"query-input\":{\"@type\":\"PropertyValueSpecification\",\"valueRequired\":true,\"valueName\":\"search_term_string\"}}],\"inLanguage\":\"en-US\"},{\"@type\":\"Organization\",\"@id\":\"https:\/\/detailspot.lt\/#organization\",\"name\":\"Detail Spot\",\"url\":\"https:\/\/detailspot.lt\/\",\"logo\":{\"@type\":\"ImageObject\",\"inLanguage\":\"en-US\",\"@id\":\"https:\/\/detailspot.lt\/#\/schema\/logo\/image\/\",\"url\":\"https:\/\/detailspot.lt\/wp-content\/uploads\/2022\/10\/logo-original.svg\",\"contentUrl\":\"https:\/\/detailspot.lt\/wp-content\/uploads\/2022\/10\/logo-original.svg\",\"width\":1,\"height\":1,\"caption\":\"Detail Spot\"},\"image\":{\"@id\":\"https:\/\/detailspot.lt\/#\/schema\/logo\/image\/\"},\"sameAs\":[\"https:\/\/www.facebook.com\/profile.php?id=100039208338156\"]}]}<\/script>\n<!-- \/ Yoast SEO plugin. -->","yoast_head_json":{"title":"Gtechniq W6 Wheel and metal dust remover - Detail Spot","description":"The tool is designed to perform the safest and most effective cleaning of metal particles that are often found on your vehicle's paint and rims","robots":{"index":"index","follow":"follow","max-snippet":"max-snippet:-1","max-image-preview":"max-image-preview:large","max-video-preview":"max-video-preview:-1"},"canonical":"https:\/\/detailspot.lt\/en\/produktas\/gtechniq-w6-wheel-and-metal-dust-remover\/","og_locale":"en_US","og_type":"article","og_title":"Gtechniq W6 Wheel and metal dust remover - Detail Spot","og_description":"The tool is designed to perform the safest and most effective cleaning of metal particles that are often found on your vehicle's paint and rims","og_url":"https:\/\/detailspot.lt\/en\/produktas\/gtechniq-w6-wheel-and-metal-dust-remover\/","og_site_name":"Detail Spot","article_publisher":"https:\/\/www.facebook.com\/profile.php?id=100039208338156","og_image":[{"width":297,"height":297,"url":"https:\/\/detailspot.lt\/wp-content\/uploads\/2022\/12\/rsz_ratlankiu-ir-metalo-dulkiu-valiklis-w6-gtechniq-500-ml-1.jpg","type":"image\/jpeg"}],"twitter_card":"summary_large_image","twitter_misc":{"Est. reading time":"1 minute"},"schema":{"@context":"https:\/\/schema.org","@graph":[{"@type":"WebPage","@id":"https:\/\/detailspot.lt\/en\/produktas\/gtechniq-w6-wheel-and-metal-dust-remover\/","url":"https:\/\/detailspot.lt\/en\/produktas\/gtechniq-w6-wheel-and-metal-dust-remover\/","name":"Gtechniq W6 Wheel and metal dust remover - Detail Spot","isPartOf":{"@id":"https:\/\/detailspot.lt\/#website"},"primaryImageOfPage":{"@id":"https:\/\/detailspot.lt\/en\/produktas\/gtechniq-w6-wheel-and-metal-dust-remover\/#primaryimage"},"image":{"@id":"https:\/\/detailspot.lt\/en\/produktas\/gtechniq-w6-wheel-and-metal-dust-remover\/#primaryimage"},"thumbnailUrl":"https:\/\/detailspot.lt\/wp-content\/uploads\/2022\/12\/rsz_ratlankiu-ir-metalo-dulkiu-valiklis-w6-gtechniq-500-ml-1.jpg","datePublished":"2022-12-02T13:15:57+00:00","description":"The tool is designed to perform the safest and most effective cleaning of metal particles that are often found on your vehicle's paint and rims","breadcrumb":{"@id":"https:\/\/detailspot.lt\/en\/produktas\/gtechniq-w6-wheel-and-metal-dust-remover\/#breadcrumb"},"inLanguage":"en-US","potentialAction":[{"@type":"ReadAction","target":["https:\/\/detailspot.lt\/en\/produktas\/gtechniq-w6-wheel-and-metal-dust-remover\/"]}]},{"@type":"ImageObject","inLanguage":"en-US","@id":"https:\/\/detailspot.lt\/en\/produktas\/gtechniq-w6-wheel-and-metal-dust-remover\/#primaryimage","url":"https:\/\/detailspot.lt\/wp-content\/uploads\/2022\/12\/rsz_ratlankiu-ir-metalo-dulkiu-valiklis-w6-gtechniq-500-ml-1.jpg","contentUrl":"https:\/\/detailspot.lt\/wp-content\/uploads\/2022\/12\/rsz_ratlankiu-ir-metalo-dulkiu-valiklis-w6-gtechniq-500-ml-1.jpg","width":297,"height":297},{"@type":"BreadcrumbList","@id":"https:\/\/detailspot.lt\/en\/produktas\/gtechniq-w6-wheel-and-metal-dust-remover\/#breadcrumb","itemListElement":[{"@type":"ListItem","position":1,"name":"Home","item":"https:\/\/detailspot.lt\/en\/"},{"@type":"ListItem","position":2,"name":"Shop","item":"https:\/\/detailspot.lt\/en\/parduotuve\/"},{"@type":"ListItem","position":3,"name":"Gtechniq W6 Wheel and metal dust remover"}]},{"@type":"WebSite","@id":"https:\/\/detailspot.lt\/#website","url":"https:\/\/detailspot.lt\/","name":"Detail Spot","description":"Automobili\u0173 prie\u017ei\u016bros priemon\u0117s","publisher":{"@id":"https:\/\/detailspot.lt\/#organization"},"potentialAction":[{"@type":"SearchAction","target":{"@type":"EntryPoint","urlTemplate":"https:\/\/detailspot.lt\/?s={search_term_string}"},"query-input":{"@type":"PropertyValueSpecification","valueRequired":true,"valueName":"search_term_string"}}],"inLanguage":"en-US"},{"@type":"Organization","@id":"https:\/\/detailspot.lt\/#organization","name":"Detail Spot","url":"https:\/\/detailspot.lt\/","logo":{"@type":"ImageObject","inLanguage":"en-US","@id":"https:\/\/detailspot.lt\/#\/schema\/logo\/image\/","url":"https:\/\/detailspot.lt\/wp-content\/uploads\/2022\/10\/logo-original.svg","contentUrl":"https:\/\/detailspot.lt\/wp-content\/uploads\/2022\/10\/logo-original.svg","width":1,"height":1,"caption":"Detail Spot"},"image":{"@id":"https:\/\/detailspot.lt\/#\/schema\/logo\/image\/"},"sameAs":["https:\/\/www.facebook.com\/profile.php?id=100039208338156"]}]}},"_links":{"self":[{"href":"https:\/\/detailspot.lt\/en\/wp-json\/wp\/v2\/product\/6666","targetHints":{"allow":["GET"]}}],"collection":[{"href":"https:\/\/detailspot.lt\/en\/wp-json\/wp\/v2\/product"}],"about":[{"href":"https:\/\/detailspot.lt\/en\/wp-json\/wp\/v2\/types\/product"}],"replies":[{"embeddable":true,"href":"https:\/\/detailspot.lt\/en\/wp-json\/wp\/v2\/comments?post=6666"}],"wp:featuredmedia":[{"embeddable":true,"href":"https:\/\/detailspot.lt\/en\/wp-json\/wp\/v2\/media\/3600"}],"wp:attachment":[{"href":"https:\/\/detailspot.lt\/en\/wp-json\/wp\/v2\/media?parent=6666"}],"wp:term":[{"taxonomy":"product_brand","embeddable":true,"href":"https:\/\/detailspot.lt\/en\/wp-json\/wp\/v2\/product_brand?post=6666"},{"taxonomy":"product_cat","embeddable":true,"href":"https:\/\/detailspot.lt\/en\/wp-json\/wp\/v2\/product_cat?post=6666"},{"taxonomy":"product_tag","embeddable":true,"href":"https:\/\/detailspot.lt\/en\/wp-json\/wp\/v2\/product_tag?post=6666"}],"curies":[{"name":"wp","href":"https:\/\/api.w.org\/{rel}","templated":true}]}}