{"id":6659,"date":"2022-12-02T15:15:58","date_gmt":"2022-12-02T13:15:58","guid":{"rendered":"https:\/\/detailspot.lt\/produktas\/3d-aca-500-x-tra-cut-compound-correction-paste\/"},"modified":"2022-12-02T15:15:58","modified_gmt":"2022-12-02T13:15:58","slug":"3d-aca-500-x-tra-cut-compound-correction-paste","status":"publish","type":"product","link":"https:\/\/detailspot.lt\/en\/produktas\/3d-aca-500-x-tra-cut-compound-correction-paste\/","title":{"rendered":"3D ACA 500 X-TRA CUT COMPOUND correction paste"},"content":{"rendered":"<h1><strong>3D ACA 500 X-TRA CUT COMPOUND correction paste <\/strong><\/h1>\n<p>X-TRA CUT COMPOUND\u2122 is made with a ceramic aluminium abrasive, which is designed to reduce the negative effects of high temperatures at the high speeds required for the varnish correction steps. Suitable for repairing all lacquered and acrylic surfaces in a very short time. This lacquer correction paste is designed to provide a real, undisguised level of correction. The ACA 500 X-TRA is very versatile and is suitable for repairing both the latest ceramic, hard and soft varnishes. The formula does not contain harmful solvents or other components that have a negative effect on the user.<\/p>\n<p>&nbsp;<\/p>\n<p style=\"text-align: center;\"><img loading=\"lazy\" decoding=\"async\" class=\"alignnone size-medium wp-image-2457\" src=\"https:\/\/detailspot.lt\/wp-content\/uploads\/2022\/12\/3d-international-logo-300x178.webp\" alt=\"\" width=\"300\" height=\"178\" srcset=\"https:\/\/detailspot.lt\/wp-content\/uploads\/2022\/12\/3d-international-logo-300x178.webp 300w, https:\/\/detailspot.lt\/wp-content\/uploads\/2022\/12\/3d-international-logo-600x357.webp 600w, https:\/\/detailspot.lt\/wp-content\/uploads\/2022\/12\/3d-international-logo-64x38.webp 64w, https:\/\/detailspot.lt\/wp-content\/uploads\/2022\/12\/3d-international-logo.webp 626w\" sizes=\"auto, (max-width: 300px) 100vw, 300px\" \/><\/p>\n","protected":false},"excerpt":{"rendered":"<p>3D ACA 500 X-TRA CUT COMPOUND correction paste X-TRA CUT COMPOUND\u2122 is made with a ceramic aluminium abrasive, which is designed to reduce the negative effects of high temperatures at the high speeds required for the varnish correction steps. Suitable for repairing all lacquered and acrylic surfaces in a very short time. This lacquer correction&hellip;<\/p>\n","protected":false},"featured_media":4001,"comment_status":"closed","ping_status":"closed","template":"","meta":[],"product_brand":[],"product_cat":[173,170],"product_tag":[],"class_list":{"0":"post-6659","1":"product","2":"type-product","3":"status-publish","4":"has-post-thumbnail","6":"product_cat-polishing-pastes","7":"product_cat-polishing-tools","8":"description-off","10":"first","11":"instock","12":"taxable","13":"shipping-taxable","14":"purchasable","15":"product-type-variable"},"yoast_head":"<!-- This site is optimized with the Yoast SEO plugin v27.2 - https:\/\/yoast.com\/product\/yoast-seo-wordpress\/ -->\n<title>3D ACA 500 X-TRA CUT COMPOUND correction paste<\/title>\n<meta name=\"description\" content=\"3D ACA 500 Heavy cut is an ultra-sharp correction paste that has been developed using a ceramic aluminium abrasive to reduce heating in the working process.\" \/>\n<meta name=\"robots\" content=\"index, follow, max-snippet:-1, max-image-preview:large, max-video-preview:-1\" \/>\n<link rel=\"canonical\" href=\"https:\/\/detailspot.lt\/en\/produktas\/3d-aca-500-x-tra-cut-compound-correction-paste\/\" \/>\n<meta property=\"og:locale\" content=\"en_US\" \/>\n<meta property=\"og:type\" content=\"article\" \/>\n<meta property=\"og:title\" content=\"3D ACA 500 X-TRA CUT COMPOUND correction paste\" \/>\n<meta property=\"og:description\" content=\"3D ACA 500 Heavy cut is an ultra-sharp correction paste that has been developed using a ceramic aluminium abrasive to reduce heating in the working process.\" \/>\n<meta property=\"og:url\" content=\"https:\/\/detailspot.lt\/en\/produktas\/3d-aca-500-x-tra-cut-compound-correction-paste\/\" \/>\n<meta property=\"og:site_name\" content=\"Detail Spot\" \/>\n<meta property=\"article:publisher\" content=\"https:\/\/www.facebook.com\/profile.php?id=100039208338156\" \/>\n<meta property=\"og:image\" content=\"https:\/\/detailspot.lt\/wp-content\/uploads\/2022\/12\/3D-aca-ACA-500-korekcijos-pasta.jpg\" \/>\n\t<meta property=\"og:image:width\" content=\"458\" \/>\n\t<meta property=\"og:image:height\" content=\"458\" \/>\n\t<meta property=\"og:image:type\" content=\"image\/jpeg\" \/>\n<meta name=\"twitter:card\" content=\"summary_large_image\" \/>\n<meta name=\"twitter:label1\" content=\"Est. reading time\" \/>\n\t<meta name=\"twitter:data1\" content=\"1 minute\" \/>\n<script type=\"application\/ld+json\" class=\"yoast-schema-graph\">{\"@context\":\"https:\/\/schema.org\",\"@graph\":[{\"@type\":\"WebPage\",\"@id\":\"https:\/\/detailspot.lt\/en\/produktas\/3d-aca-500-x-tra-cut-compound-correction-paste\/\",\"url\":\"https:\/\/detailspot.lt\/en\/produktas\/3d-aca-500-x-tra-cut-compound-correction-paste\/\",\"name\":\"3D ACA 500 X-TRA CUT COMPOUND correction paste\",\"isPartOf\":{\"@id\":\"https:\/\/detailspot.lt\/#website\"},\"primaryImageOfPage\":{\"@id\":\"https:\/\/detailspot.lt\/en\/produktas\/3d-aca-500-x-tra-cut-compound-correction-paste\/#primaryimage\"},\"image\":{\"@id\":\"https:\/\/detailspot.lt\/en\/produktas\/3d-aca-500-x-tra-cut-compound-correction-paste\/#primaryimage\"},\"thumbnailUrl\":\"https:\/\/detailspot.lt\/wp-content\/uploads\/2022\/12\/3D-aca-ACA-500-korekcijos-pasta.jpg\",\"datePublished\":\"2022-12-02T13:15:58+00:00\",\"description\":\"3D ACA 500 Heavy cut is an ultra-sharp correction paste that has been developed using a ceramic aluminium abrasive to reduce heating in the working process.\",\"breadcrumb\":{\"@id\":\"https:\/\/detailspot.lt\/en\/produktas\/3d-aca-500-x-tra-cut-compound-correction-paste\/#breadcrumb\"},\"inLanguage\":\"en-US\",\"potentialAction\":[{\"@type\":\"ReadAction\",\"target\":[\"https:\/\/detailspot.lt\/en\/produktas\/3d-aca-500-x-tra-cut-compound-correction-paste\/\"]}]},{\"@type\":\"ImageObject\",\"inLanguage\":\"en-US\",\"@id\":\"https:\/\/detailspot.lt\/en\/produktas\/3d-aca-500-x-tra-cut-compound-correction-paste\/#primaryimage\",\"url\":\"https:\/\/detailspot.lt\/wp-content\/uploads\/2022\/12\/3D-aca-ACA-500-korekcijos-pasta.jpg\",\"contentUrl\":\"https:\/\/detailspot.lt\/wp-content\/uploads\/2022\/12\/3D-aca-ACA-500-korekcijos-pasta.jpg\",\"width\":458,\"height\":458},{\"@type\":\"BreadcrumbList\",\"@id\":\"https:\/\/detailspot.lt\/en\/produktas\/3d-aca-500-x-tra-cut-compound-correction-paste\/#breadcrumb\",\"itemListElement\":[{\"@type\":\"ListItem\",\"position\":1,\"name\":\"Home\",\"item\":\"https:\/\/detailspot.lt\/en\/\"},{\"@type\":\"ListItem\",\"position\":2,\"name\":\"Shop\",\"item\":\"https:\/\/detailspot.lt\/en\/parduotuve\/\"},{\"@type\":\"ListItem\",\"position\":3,\"name\":\"3D ACA 500 X-TRA CUT COMPOUND correction paste\"}]},{\"@type\":\"WebSite\",\"@id\":\"https:\/\/detailspot.lt\/#website\",\"url\":\"https:\/\/detailspot.lt\/\",\"name\":\"Detail Spot\",\"description\":\"Automobili\u0173 prie\u017ei\u016bros priemon\u0117s\",\"publisher\":{\"@id\":\"https:\/\/detailspot.lt\/#organization\"},\"potentialAction\":[{\"@type\":\"SearchAction\",\"target\":{\"@type\":\"EntryPoint\",\"urlTemplate\":\"https:\/\/detailspot.lt\/?s={search_term_string}\"},\"query-input\":{\"@type\":\"PropertyValueSpecification\",\"valueRequired\":true,\"valueName\":\"search_term_string\"}}],\"inLanguage\":\"en-US\"},{\"@type\":\"Organization\",\"@id\":\"https:\/\/detailspot.lt\/#organization\",\"name\":\"Detail Spot\",\"url\":\"https:\/\/detailspot.lt\/\",\"logo\":{\"@type\":\"ImageObject\",\"inLanguage\":\"en-US\",\"@id\":\"https:\/\/detailspot.lt\/#\/schema\/logo\/image\/\",\"url\":\"https:\/\/detailspot.lt\/wp-content\/uploads\/2022\/10\/logo-original.svg\",\"contentUrl\":\"https:\/\/detailspot.lt\/wp-content\/uploads\/2022\/10\/logo-original.svg\",\"width\":1,\"height\":1,\"caption\":\"Detail Spot\"},\"image\":{\"@id\":\"https:\/\/detailspot.lt\/#\/schema\/logo\/image\/\"},\"sameAs\":[\"https:\/\/www.facebook.com\/profile.php?id=100039208338156\"]}]}<\/script>\n<!-- \/ Yoast SEO plugin. -->","yoast_head_json":{"title":"3D ACA 500 X-TRA CUT COMPOUND correction paste","description":"3D ACA 500 Heavy cut is an ultra-sharp correction paste that has been developed using a ceramic aluminium abrasive to reduce heating in the working process.","robots":{"index":"index","follow":"follow","max-snippet":"max-snippet:-1","max-image-preview":"max-image-preview:large","max-video-preview":"max-video-preview:-1"},"canonical":"https:\/\/detailspot.lt\/en\/produktas\/3d-aca-500-x-tra-cut-compound-correction-paste\/","og_locale":"en_US","og_type":"article","og_title":"3D ACA 500 X-TRA CUT COMPOUND correction paste","og_description":"3D ACA 500 Heavy cut is an ultra-sharp correction paste that has been developed using a ceramic aluminium abrasive to reduce heating in the working process.","og_url":"https:\/\/detailspot.lt\/en\/produktas\/3d-aca-500-x-tra-cut-compound-correction-paste\/","og_site_name":"Detail Spot","article_publisher":"https:\/\/www.facebook.com\/profile.php?id=100039208338156","og_image":[{"width":458,"height":458,"url":"https:\/\/detailspot.lt\/wp-content\/uploads\/2022\/12\/3D-aca-ACA-500-korekcijos-pasta.jpg","type":"image\/jpeg"}],"twitter_card":"summary_large_image","twitter_misc":{"Est. reading time":"1 minute"},"schema":{"@context":"https:\/\/schema.org","@graph":[{"@type":"WebPage","@id":"https:\/\/detailspot.lt\/en\/produktas\/3d-aca-500-x-tra-cut-compound-correction-paste\/","url":"https:\/\/detailspot.lt\/en\/produktas\/3d-aca-500-x-tra-cut-compound-correction-paste\/","name":"3D ACA 500 X-TRA CUT COMPOUND correction paste","isPartOf":{"@id":"https:\/\/detailspot.lt\/#website"},"primaryImageOfPage":{"@id":"https:\/\/detailspot.lt\/en\/produktas\/3d-aca-500-x-tra-cut-compound-correction-paste\/#primaryimage"},"image":{"@id":"https:\/\/detailspot.lt\/en\/produktas\/3d-aca-500-x-tra-cut-compound-correction-paste\/#primaryimage"},"thumbnailUrl":"https:\/\/detailspot.lt\/wp-content\/uploads\/2022\/12\/3D-aca-ACA-500-korekcijos-pasta.jpg","datePublished":"2022-12-02T13:15:58+00:00","description":"3D ACA 500 Heavy cut is an ultra-sharp correction paste that has been developed using a ceramic aluminium abrasive to reduce heating in the working process.","breadcrumb":{"@id":"https:\/\/detailspot.lt\/en\/produktas\/3d-aca-500-x-tra-cut-compound-correction-paste\/#breadcrumb"},"inLanguage":"en-US","potentialAction":[{"@type":"ReadAction","target":["https:\/\/detailspot.lt\/en\/produktas\/3d-aca-500-x-tra-cut-compound-correction-paste\/"]}]},{"@type":"ImageObject","inLanguage":"en-US","@id":"https:\/\/detailspot.lt\/en\/produktas\/3d-aca-500-x-tra-cut-compound-correction-paste\/#primaryimage","url":"https:\/\/detailspot.lt\/wp-content\/uploads\/2022\/12\/3D-aca-ACA-500-korekcijos-pasta.jpg","contentUrl":"https:\/\/detailspot.lt\/wp-content\/uploads\/2022\/12\/3D-aca-ACA-500-korekcijos-pasta.jpg","width":458,"height":458},{"@type":"BreadcrumbList","@id":"https:\/\/detailspot.lt\/en\/produktas\/3d-aca-500-x-tra-cut-compound-correction-paste\/#breadcrumb","itemListElement":[{"@type":"ListItem","position":1,"name":"Home","item":"https:\/\/detailspot.lt\/en\/"},{"@type":"ListItem","position":2,"name":"Shop","item":"https:\/\/detailspot.lt\/en\/parduotuve\/"},{"@type":"ListItem","position":3,"name":"3D ACA 500 X-TRA CUT COMPOUND correction paste"}]},{"@type":"WebSite","@id":"https:\/\/detailspot.lt\/#website","url":"https:\/\/detailspot.lt\/","name":"Detail Spot","description":"Automobili\u0173 prie\u017ei\u016bros priemon\u0117s","publisher":{"@id":"https:\/\/detailspot.lt\/#organization"},"potentialAction":[{"@type":"SearchAction","target":{"@type":"EntryPoint","urlTemplate":"https:\/\/detailspot.lt\/?s={search_term_string}"},"query-input":{"@type":"PropertyValueSpecification","valueRequired":true,"valueName":"search_term_string"}}],"inLanguage":"en-US"},{"@type":"Organization","@id":"https:\/\/detailspot.lt\/#organization","name":"Detail Spot","url":"https:\/\/detailspot.lt\/","logo":{"@type":"ImageObject","inLanguage":"en-US","@id":"https:\/\/detailspot.lt\/#\/schema\/logo\/image\/","url":"https:\/\/detailspot.lt\/wp-content\/uploads\/2022\/10\/logo-original.svg","contentUrl":"https:\/\/detailspot.lt\/wp-content\/uploads\/2022\/10\/logo-original.svg","width":1,"height":1,"caption":"Detail Spot"},"image":{"@id":"https:\/\/detailspot.lt\/#\/schema\/logo\/image\/"},"sameAs":["https:\/\/www.facebook.com\/profile.php?id=100039208338156"]}]}},"_links":{"self":[{"href":"https:\/\/detailspot.lt\/en\/wp-json\/wp\/v2\/product\/6659","targetHints":{"allow":["GET"]}}],"collection":[{"href":"https:\/\/detailspot.lt\/en\/wp-json\/wp\/v2\/product"}],"about":[{"href":"https:\/\/detailspot.lt\/en\/wp-json\/wp\/v2\/types\/product"}],"replies":[{"embeddable":true,"href":"https:\/\/detailspot.lt\/en\/wp-json\/wp\/v2\/comments?post=6659"}],"wp:featuredmedia":[{"embeddable":true,"href":"https:\/\/detailspot.lt\/en\/wp-json\/wp\/v2\/media\/4001"}],"wp:attachment":[{"href":"https:\/\/detailspot.lt\/en\/wp-json\/wp\/v2\/media?parent=6659"}],"wp:term":[{"taxonomy":"product_brand","embeddable":true,"href":"https:\/\/detailspot.lt\/en\/wp-json\/wp\/v2\/product_brand?post=6659"},{"taxonomy":"product_cat","embeddable":true,"href":"https:\/\/detailspot.lt\/en\/wp-json\/wp\/v2\/product_cat?post=6659"},{"taxonomy":"product_tag","embeddable":true,"href":"https:\/\/detailspot.lt\/en\/wp-json\/wp\/v2\/product_tag?post=6659"}],"curies":[{"name":"wp","href":"https:\/\/api.w.org\/{rel}","templated":true}]}}