{"id":6646,"date":"2022-12-02T15:16:11","date_gmt":"2022-12-02T13:16:11","guid":{"rendered":"https:\/\/detailspot.lt\/produktas\/maxshine-snow-master-foam-cannon-attachment\/"},"modified":"2022-12-02T15:16:11","modified_gmt":"2022-12-02T13:16:11","slug":"maxshine-snow-master-foam-cannon-attachment","status":"publish","type":"product","link":"https:\/\/detailspot.lt\/en\/produktas\/maxshine-snow-master-foam-cannon-attachment\/","title":{"rendered":"Maxshine Snow Master Foam Cannon attachment"},"content":{"rendered":"<p><strong>Maxshine Snow Master Foam Cannon attachment- <\/strong>strong and rigid foam nozzle with a wide, easy-to-fill capacity.<\/p>\n<p><strong>Features<\/strong><\/p>\n<ol>\n<li>Adjustable foam intensity<\/li>\n<li>Adjustable spray angle<\/li>\n<li>Supplied with Karchers K-Series Adapter<\/li>\n<li>Min pressure 60 Bar<\/li>\n<li>Max pressure 220 Bar<\/li>\n<li>Orifice size 1.25&#8243;<\/li>\n<li>Min flow rate 4,9L\/min<\/li>\n<li>Max flow rate 20L\/min<\/li>\n<li>1\/4 inlet thread<\/li>\n<li>1L chemical capacity<\/li>\n<\/ol>\n<p style=\"text-align: center;\"><img loading=\"lazy\" decoding=\"async\" class=\"alignnone size-full wp-image-5309\" src=\"https:\/\/detailspot.lt\/wp-content\/uploads\/2022\/11\/rsz_maxshine_logo.jpg\" alt=\"\" width=\"267\" height=\"120\"><\/p>\n","protected":false},"excerpt":{"rendered":"<p>Maxshine Snow Master Foam Cannon attachment- strong and rigid foam nozzle with a wide, easy-to-fill capacity. Features Adjustable foam intensity Adjustable spray angle Supplied with Karchers K-Series Adapter Min pressure 60 Bar Max pressure 220 Bar Orifice size 1.25&#8243; Min flow rate 4,9L\/min Max flow rate 20L\/min 1\/4 inlet thread 1L chemical capacity<\/p>\n","protected":false},"featured_media":9225,"comment_status":"closed","ping_status":"closed","template":"","meta":[],"product_brand":[],"product_cat":[155,157],"product_tag":[],"class_list":{"0":"post-6646","1":"product","2":"type-product","3":"status-publish","4":"has-post-thumbnail","6":"product_cat-accessories","7":"product_cat-detergents","8":"description-off","10":"first","11":"instock","12":"taxable","13":"shipping-taxable","14":"purchasable","15":"product-type-simple"},"yoast_head":"<!-- This site is optimized with the Yoast SEO plugin v27.2 - https:\/\/yoast.com\/product\/yoast-seo-wordpress\/ -->\n<title>Maxshine Snow Master Foam Cannon attachment - Detail Spot<\/title>\n<meta name=\"robots\" content=\"index, follow, max-snippet:-1, max-image-preview:large, max-video-preview:-1\" \/>\n<link rel=\"canonical\" href=\"https:\/\/detailspot.lt\/produktas\/maxshine-snow-master-foam-cannon-attachment\/\" \/>\n<meta property=\"og:locale\" content=\"en_US\" \/>\n<meta property=\"og:type\" content=\"article\" \/>\n<meta property=\"og:title\" content=\"Maxshine Snow Master Foam Cannon attachment - Detail Spot\" \/>\n<meta property=\"og:description\" content=\"Maxshine Snow Master Foam Cannon attachment- strong and rigid foam nozzle with a wide, easy-to-fill capacity. Features Adjustable foam intensity Adjustable spray angle Supplied with Karchers K-Series Adapter Min pressure 60 Bar Max pressure 220 Bar Orifice size 1.25&#8243; Min flow rate 4,9L\/min Max flow rate 20L\/min 1\/4 inlet thread 1L chemical capacity\" \/>\n<meta property=\"og:url\" content=\"https:\/\/detailspot.lt\/produktas\/maxshine-snow-master-foam-cannon-attachment\/\" \/>\n<meta property=\"og:site_name\" content=\"Detail Spot\" \/>\n<meta property=\"article:publisher\" content=\"https:\/\/www.facebook.com\/profile.php?id=100039208338156\" \/>\n<meta property=\"og:image\" content=\"https:\/\/detailspot.lt\/wp-content\/uploads\/2022\/11\/rsz_maxshine_logo.jpg\" \/>\n<meta name=\"twitter:card\" content=\"summary_large_image\" \/>\n<script type=\"application\/ld+json\" class=\"yoast-schema-graph\">{\"@context\":\"https:\/\/schema.org\",\"@graph\":[{\"@type\":\"WebPage\",\"@id\":\"https:\/\/detailspot.lt\/produktas\/maxshine-snow-master-foam-cannon-attachment\/\",\"url\":\"https:\/\/detailspot.lt\/produktas\/maxshine-snow-master-foam-cannon-attachment\/\",\"name\":\"Maxshine Snow Master Foam Cannon attachment - Detail Spot\",\"isPartOf\":{\"@id\":\"https:\/\/detailspot.lt\/#website\"},\"primaryImageOfPage\":{\"@id\":\"https:\/\/detailspot.lt\/produktas\/maxshine-snow-master-foam-cannon-attachment\/#primaryimage\"},\"image\":{\"@id\":\"https:\/\/detailspot.lt\/produktas\/maxshine-snow-master-foam-cannon-attachment\/#primaryimage\"},\"thumbnailUrl\":\"https:\/\/detailspot.lt\/wp-content\/uploads\/2022\/12\/5231-maxshine-snow-master-foam-lance-v2-foam-cannon.jpg\",\"datePublished\":\"2022-12-02T13:16:11+00:00\",\"breadcrumb\":{\"@id\":\"https:\/\/detailspot.lt\/produktas\/maxshine-snow-master-foam-cannon-attachment\/#breadcrumb\"},\"inLanguage\":\"en-US\",\"potentialAction\":[{\"@type\":\"ReadAction\",\"target\":[\"https:\/\/detailspot.lt\/produktas\/maxshine-snow-master-foam-cannon-attachment\/\"]}]},{\"@type\":\"ImageObject\",\"inLanguage\":\"en-US\",\"@id\":\"https:\/\/detailspot.lt\/produktas\/maxshine-snow-master-foam-cannon-attachment\/#primaryimage\",\"url\":\"https:\/\/detailspot.lt\/wp-content\/uploads\/2022\/12\/5231-maxshine-snow-master-foam-lance-v2-foam-cannon.jpg\",\"contentUrl\":\"https:\/\/detailspot.lt\/wp-content\/uploads\/2022\/12\/5231-maxshine-snow-master-foam-lance-v2-foam-cannon.jpg\",\"width\":800,\"height\":800},{\"@type\":\"BreadcrumbList\",\"@id\":\"https:\/\/detailspot.lt\/produktas\/maxshine-snow-master-foam-cannon-attachment\/#breadcrumb\",\"itemListElement\":[{\"@type\":\"ListItem\",\"position\":1,\"name\":\"Home\",\"item\":\"https:\/\/detailspot.lt\/en\/\"},{\"@type\":\"ListItem\",\"position\":2,\"name\":\"Shop\",\"item\":\"https:\/\/detailspot.lt\/en\/parduotuve\/\"},{\"@type\":\"ListItem\",\"position\":3,\"name\":\"Maxshine Snow Master Foam Cannon attachment\"}]},{\"@type\":\"WebSite\",\"@id\":\"https:\/\/detailspot.lt\/#website\",\"url\":\"https:\/\/detailspot.lt\/\",\"name\":\"Detail Spot\",\"description\":\"Automobili\u0173 prie\u017ei\u016bros priemon\u0117s\",\"publisher\":{\"@id\":\"https:\/\/detailspot.lt\/#organization\"},\"potentialAction\":[{\"@type\":\"SearchAction\",\"target\":{\"@type\":\"EntryPoint\",\"urlTemplate\":\"https:\/\/detailspot.lt\/?s={search_term_string}\"},\"query-input\":{\"@type\":\"PropertyValueSpecification\",\"valueRequired\":true,\"valueName\":\"search_term_string\"}}],\"inLanguage\":\"en-US\"},{\"@type\":\"Organization\",\"@id\":\"https:\/\/detailspot.lt\/#organization\",\"name\":\"Detail Spot\",\"url\":\"https:\/\/detailspot.lt\/\",\"logo\":{\"@type\":\"ImageObject\",\"inLanguage\":\"en-US\",\"@id\":\"https:\/\/detailspot.lt\/#\/schema\/logo\/image\/\",\"url\":\"https:\/\/detailspot.lt\/wp-content\/uploads\/2022\/10\/logo-original.svg\",\"contentUrl\":\"https:\/\/detailspot.lt\/wp-content\/uploads\/2022\/10\/logo-original.svg\",\"width\":1,\"height\":1,\"caption\":\"Detail Spot\"},\"image\":{\"@id\":\"https:\/\/detailspot.lt\/#\/schema\/logo\/image\/\"},\"sameAs\":[\"https:\/\/www.facebook.com\/profile.php?id=100039208338156\"]}]}<\/script>\n<!-- \/ Yoast SEO plugin. -->","yoast_head_json":{"title":"Maxshine Snow Master Foam Cannon attachment - Detail Spot","robots":{"index":"index","follow":"follow","max-snippet":"max-snippet:-1","max-image-preview":"max-image-preview:large","max-video-preview":"max-video-preview:-1"},"canonical":"https:\/\/detailspot.lt\/produktas\/maxshine-snow-master-foam-cannon-attachment\/","og_locale":"en_US","og_type":"article","og_title":"Maxshine Snow Master Foam Cannon attachment - Detail Spot","og_description":"Maxshine Snow Master Foam Cannon attachment- strong and rigid foam nozzle with a wide, easy-to-fill capacity. Features Adjustable foam intensity Adjustable spray angle Supplied with Karchers K-Series Adapter Min pressure 60 Bar Max pressure 220 Bar Orifice size 1.25&#8243; Min flow rate 4,9L\/min Max flow rate 20L\/min 1\/4 inlet thread 1L chemical capacity","og_url":"https:\/\/detailspot.lt\/produktas\/maxshine-snow-master-foam-cannon-attachment\/","og_site_name":"Detail Spot","article_publisher":"https:\/\/www.facebook.com\/profile.php?id=100039208338156","og_image":[{"url":"https:\/\/detailspot.lt\/wp-content\/uploads\/2022\/11\/rsz_maxshine_logo.jpg","type":"","width":"","height":""}],"twitter_card":"summary_large_image","schema":{"@context":"https:\/\/schema.org","@graph":[{"@type":"WebPage","@id":"https:\/\/detailspot.lt\/produktas\/maxshine-snow-master-foam-cannon-attachment\/","url":"https:\/\/detailspot.lt\/produktas\/maxshine-snow-master-foam-cannon-attachment\/","name":"Maxshine Snow Master Foam Cannon attachment - Detail Spot","isPartOf":{"@id":"https:\/\/detailspot.lt\/#website"},"primaryImageOfPage":{"@id":"https:\/\/detailspot.lt\/produktas\/maxshine-snow-master-foam-cannon-attachment\/#primaryimage"},"image":{"@id":"https:\/\/detailspot.lt\/produktas\/maxshine-snow-master-foam-cannon-attachment\/#primaryimage"},"thumbnailUrl":"https:\/\/detailspot.lt\/wp-content\/uploads\/2022\/12\/5231-maxshine-snow-master-foam-lance-v2-foam-cannon.jpg","datePublished":"2022-12-02T13:16:11+00:00","breadcrumb":{"@id":"https:\/\/detailspot.lt\/produktas\/maxshine-snow-master-foam-cannon-attachment\/#breadcrumb"},"inLanguage":"en-US","potentialAction":[{"@type":"ReadAction","target":["https:\/\/detailspot.lt\/produktas\/maxshine-snow-master-foam-cannon-attachment\/"]}]},{"@type":"ImageObject","inLanguage":"en-US","@id":"https:\/\/detailspot.lt\/produktas\/maxshine-snow-master-foam-cannon-attachment\/#primaryimage","url":"https:\/\/detailspot.lt\/wp-content\/uploads\/2022\/12\/5231-maxshine-snow-master-foam-lance-v2-foam-cannon.jpg","contentUrl":"https:\/\/detailspot.lt\/wp-content\/uploads\/2022\/12\/5231-maxshine-snow-master-foam-lance-v2-foam-cannon.jpg","width":800,"height":800},{"@type":"BreadcrumbList","@id":"https:\/\/detailspot.lt\/produktas\/maxshine-snow-master-foam-cannon-attachment\/#breadcrumb","itemListElement":[{"@type":"ListItem","position":1,"name":"Home","item":"https:\/\/detailspot.lt\/en\/"},{"@type":"ListItem","position":2,"name":"Shop","item":"https:\/\/detailspot.lt\/en\/parduotuve\/"},{"@type":"ListItem","position":3,"name":"Maxshine Snow Master Foam Cannon attachment"}]},{"@type":"WebSite","@id":"https:\/\/detailspot.lt\/#website","url":"https:\/\/detailspot.lt\/","name":"Detail Spot","description":"Automobili\u0173 prie\u017ei\u016bros priemon\u0117s","publisher":{"@id":"https:\/\/detailspot.lt\/#organization"},"potentialAction":[{"@type":"SearchAction","target":{"@type":"EntryPoint","urlTemplate":"https:\/\/detailspot.lt\/?s={search_term_string}"},"query-input":{"@type":"PropertyValueSpecification","valueRequired":true,"valueName":"search_term_string"}}],"inLanguage":"en-US"},{"@type":"Organization","@id":"https:\/\/detailspot.lt\/#organization","name":"Detail Spot","url":"https:\/\/detailspot.lt\/","logo":{"@type":"ImageObject","inLanguage":"en-US","@id":"https:\/\/detailspot.lt\/#\/schema\/logo\/image\/","url":"https:\/\/detailspot.lt\/wp-content\/uploads\/2022\/10\/logo-original.svg","contentUrl":"https:\/\/detailspot.lt\/wp-content\/uploads\/2022\/10\/logo-original.svg","width":1,"height":1,"caption":"Detail Spot"},"image":{"@id":"https:\/\/detailspot.lt\/#\/schema\/logo\/image\/"},"sameAs":["https:\/\/www.facebook.com\/profile.php?id=100039208338156"]}]}},"_links":{"self":[{"href":"https:\/\/detailspot.lt\/en\/wp-json\/wp\/v2\/product\/6646","targetHints":{"allow":["GET"]}}],"collection":[{"href":"https:\/\/detailspot.lt\/en\/wp-json\/wp\/v2\/product"}],"about":[{"href":"https:\/\/detailspot.lt\/en\/wp-json\/wp\/v2\/types\/product"}],"replies":[{"embeddable":true,"href":"https:\/\/detailspot.lt\/en\/wp-json\/wp\/v2\/comments?post=6646"}],"wp:featuredmedia":[{"embeddable":true,"href":"https:\/\/detailspot.lt\/en\/wp-json\/wp\/v2\/media\/9225"}],"wp:attachment":[{"href":"https:\/\/detailspot.lt\/en\/wp-json\/wp\/v2\/media?parent=6646"}],"wp:term":[{"taxonomy":"product_brand","embeddable":true,"href":"https:\/\/detailspot.lt\/en\/wp-json\/wp\/v2\/product_brand?post=6646"},{"taxonomy":"product_cat","embeddable":true,"href":"https:\/\/detailspot.lt\/en\/wp-json\/wp\/v2\/product_cat?post=6646"},{"taxonomy":"product_tag","embeddable":true,"href":"https:\/\/detailspot.lt\/en\/wp-json\/wp\/v2\/product_tag?post=6646"}],"curies":[{"name":"wp","href":"https:\/\/api.w.org\/{rel}","templated":true}]}}