{"id":6619,"date":"2022-12-02T15:16:22","date_gmt":"2022-12-02T13:16:22","guid":{"rendered":"https:\/\/detailspot.lt\/produktas\/liquid-elements-winter-wash-concentrate-2\/"},"modified":"2022-12-02T15:16:22","modified_gmt":"2022-12-02T13:16:22","slug":"liquid-elements-winter-wash-concentrate-2","status":"publish","type":"product","link":"https:\/\/detailspot.lt\/en\/produktas\/liquid-elements-winter-wash-concentrate-2\/","title":{"rendered":"Liquid Elements Winter Wash Concentrate"},"content":{"rendered":"<p><strong>LIQUID ELEMENTS WINTER WASH CONCENTRATE &#8211; <\/strong>Winter Window Washer Fluid Concentrate<\/p>\n<p><strong>Features<\/strong><\/p>\n<ol>\n<li>Non-freezing window cleaning fluid<\/li>\n<li>Dilute to the desired level as directed<\/li>\n<li>Prevents freezing of nozzles and does not harm plastic components<\/li>\n<li>Aroma of cherries<\/li>\n<\/ol>\n<p>&nbsp;<\/p>\n<p><strong>Usage<\/strong><\/p>\n<ol>\n<li>Prepare the liquid by dilution according to the desired level of resistance<\/li>\n<li>For dilution, we recommend distilled water for nozzle protection<\/li>\n<li>Fill the reservoir<\/li>\n<\/ol>\n<p><strong>Resistance level according to ASTM D 1177-98 on dilution with water:<\/strong><\/p>\n<ol>\n<li>Pure product down to -60\u00b0C<\/li>\n<li>1L of product and 500ml of water to -30\u00b0C<\/li>\n<li>1L of product and 1L of water to -20\u00b0C<\/li>\n<li>1L of product and 2L of water to -10\u00b0C<\/li>\n<\/ol>\n<p style=\"text-align: center;\"><img loading=\"lazy\" decoding=\"async\" class=\"alignnone size-medium wp-image-1062\" src=\"https:\/\/detailspot.lt\/wp-content\/uploads\/2022\/10\/LE_logo_dark_rgbCjaMASES2dhtf-300x103.webp\" alt=\"\" width=\"300\" height=\"103\" srcset=\"https:\/\/detailspot.lt\/wp-content\/uploads\/2022\/10\/LE_logo_dark_rgbCjaMASES2dhtf-300x103.webp 300w, https:\/\/detailspot.lt\/wp-content\/uploads\/2022\/10\/LE_logo_dark_rgbCjaMASES2dhtf.webp 500w\" sizes=\"auto, (max-width: 300px) 100vw, 300px\" \/><\/p>\n","protected":false},"excerpt":{"rendered":"<p>LIQUID ELEMENTS WINTER WASH CONCENTRATE &#8211; Winter Window Washer Fluid Concentrate Features Non-freezing window cleaning fluid Dilute to the desired level as directed Prevents freezing of nozzles and does not harm plastic components Aroma of cherries &nbsp; Usage Prepare the liquid by dilution according to the desired level of resistance For dilution, we recommend distilled&hellip;<\/p>\n","protected":false},"featured_media":3700,"comment_status":"closed","ping_status":"closed","template":"","meta":[],"product_brand":[],"product_cat":[155,160,163],"product_tag":[],"class_list":{"0":"post-6619","1":"product","2":"type-product","3":"status-publish","4":"has-post-thumbnail","6":"product_cat-accessories","7":"product_cat-exterior","8":"product_cat-windscreen-maintenance","9":"description-off","11":"first","12":"instock","13":"sale","14":"taxable","15":"shipping-taxable","16":"purchasable","17":"product-type-simple"},"yoast_head":"<!-- This site is optimized with the Yoast SEO plugin v27.2 - https:\/\/yoast.com\/product\/yoast-seo-wordpress\/ -->\n<title>Liquid Elements Winter Wash Concentrate - Detail Spot<\/title>\n<meta name=\"robots\" content=\"index, follow, max-snippet:-1, max-image-preview:large, max-video-preview:-1\" \/>\n<link rel=\"canonical\" href=\"https:\/\/detailspot.lt\/produktas\/liquid-elements-winter-wash-concentrate-2\/\" \/>\n<meta property=\"og:locale\" content=\"en_US\" \/>\n<meta property=\"og:type\" content=\"article\" \/>\n<meta property=\"og:title\" content=\"Liquid Elements Winter Wash Concentrate - Detail Spot\" \/>\n<meta property=\"og:description\" content=\"LIQUID ELEMENTS WINTER WASH CONCENTRATE &#8211; Winter Window Washer Fluid Concentrate Features Non-freezing window cleaning fluid Dilute to the desired level as directed Prevents freezing of nozzles and does not harm plastic components Aroma of cherries &nbsp; Usage Prepare the liquid by dilution according to the desired level of resistance For dilution, we recommend distilled&hellip;\" \/>\n<meta property=\"og:url\" content=\"https:\/\/detailspot.lt\/produktas\/liquid-elements-winter-wash-concentrate-2\/\" \/>\n<meta property=\"og:site_name\" content=\"Detail Spot\" \/>\n<meta property=\"article:publisher\" content=\"https:\/\/www.facebook.com\/profile.php?id=100039208338156\" \/>\n<meta property=\"og:image\" content=\"https:\/\/detailspot.lt\/wp-content\/uploads\/2022\/10\/LE_logo_dark_rgbCjaMASES2dhtf-300x103.webp\" \/>\n<meta name=\"twitter:card\" content=\"summary_large_image\" \/>\n<meta name=\"twitter:label1\" content=\"Est. reading time\" \/>\n\t<meta name=\"twitter:data1\" content=\"1 minute\" \/>\n<script type=\"application\/ld+json\" class=\"yoast-schema-graph\">{\"@context\":\"https:\/\/schema.org\",\"@graph\":[{\"@type\":\"WebPage\",\"@id\":\"https:\/\/detailspot.lt\/produktas\/liquid-elements-winter-wash-concentrate-2\/\",\"url\":\"https:\/\/detailspot.lt\/produktas\/liquid-elements-winter-wash-concentrate-2\/\",\"name\":\"Liquid Elements Winter Wash Concentrate - Detail Spot\",\"isPartOf\":{\"@id\":\"https:\/\/detailspot.lt\/#website\"},\"primaryImageOfPage\":{\"@id\":\"https:\/\/detailspot.lt\/produktas\/liquid-elements-winter-wash-concentrate-2\/#primaryimage\"},\"image\":{\"@id\":\"https:\/\/detailspot.lt\/produktas\/liquid-elements-winter-wash-concentrate-2\/#primaryimage\"},\"thumbnailUrl\":\"https:\/\/detailspot.lt\/wp-content\/uploads\/2022\/12\/liquid-elements-winter-wash-concentrate-1-1.jpg\",\"datePublished\":\"2022-12-02T13:16:22+00:00\",\"breadcrumb\":{\"@id\":\"https:\/\/detailspot.lt\/produktas\/liquid-elements-winter-wash-concentrate-2\/#breadcrumb\"},\"inLanguage\":\"en-US\",\"potentialAction\":[{\"@type\":\"ReadAction\",\"target\":[\"https:\/\/detailspot.lt\/produktas\/liquid-elements-winter-wash-concentrate-2\/\"]}]},{\"@type\":\"ImageObject\",\"inLanguage\":\"en-US\",\"@id\":\"https:\/\/detailspot.lt\/produktas\/liquid-elements-winter-wash-concentrate-2\/#primaryimage\",\"url\":\"https:\/\/detailspot.lt\/wp-content\/uploads\/2022\/12\/liquid-elements-winter-wash-concentrate-1-1.jpg\",\"contentUrl\":\"https:\/\/detailspot.lt\/wp-content\/uploads\/2022\/12\/liquid-elements-winter-wash-concentrate-1-1.jpg\",\"width\":800,\"height\":800},{\"@type\":\"BreadcrumbList\",\"@id\":\"https:\/\/detailspot.lt\/produktas\/liquid-elements-winter-wash-concentrate-2\/#breadcrumb\",\"itemListElement\":[{\"@type\":\"ListItem\",\"position\":1,\"name\":\"Home\",\"item\":\"https:\/\/detailspot.lt\/en\/\"},{\"@type\":\"ListItem\",\"position\":2,\"name\":\"Shop\",\"item\":\"https:\/\/detailspot.lt\/en\/parduotuve\/\"},{\"@type\":\"ListItem\",\"position\":3,\"name\":\"Liquid Elements Winter Wash Concentrate\"}]},{\"@type\":\"WebSite\",\"@id\":\"https:\/\/detailspot.lt\/#website\",\"url\":\"https:\/\/detailspot.lt\/\",\"name\":\"Detail Spot\",\"description\":\"Automobili\u0173 prie\u017ei\u016bros priemon\u0117s\",\"publisher\":{\"@id\":\"https:\/\/detailspot.lt\/#organization\"},\"potentialAction\":[{\"@type\":\"SearchAction\",\"target\":{\"@type\":\"EntryPoint\",\"urlTemplate\":\"https:\/\/detailspot.lt\/?s={search_term_string}\"},\"query-input\":{\"@type\":\"PropertyValueSpecification\",\"valueRequired\":true,\"valueName\":\"search_term_string\"}}],\"inLanguage\":\"en-US\"},{\"@type\":\"Organization\",\"@id\":\"https:\/\/detailspot.lt\/#organization\",\"name\":\"Detail Spot\",\"url\":\"https:\/\/detailspot.lt\/\",\"logo\":{\"@type\":\"ImageObject\",\"inLanguage\":\"en-US\",\"@id\":\"https:\/\/detailspot.lt\/#\/schema\/logo\/image\/\",\"url\":\"https:\/\/detailspot.lt\/wp-content\/uploads\/2022\/10\/logo-original.svg\",\"contentUrl\":\"https:\/\/detailspot.lt\/wp-content\/uploads\/2022\/10\/logo-original.svg\",\"width\":1,\"height\":1,\"caption\":\"Detail Spot\"},\"image\":{\"@id\":\"https:\/\/detailspot.lt\/#\/schema\/logo\/image\/\"},\"sameAs\":[\"https:\/\/www.facebook.com\/profile.php?id=100039208338156\"]}]}<\/script>\n<!-- \/ Yoast SEO plugin. -->","yoast_head_json":{"title":"Liquid Elements Winter Wash Concentrate - Detail Spot","robots":{"index":"index","follow":"follow","max-snippet":"max-snippet:-1","max-image-preview":"max-image-preview:large","max-video-preview":"max-video-preview:-1"},"canonical":"https:\/\/detailspot.lt\/produktas\/liquid-elements-winter-wash-concentrate-2\/","og_locale":"en_US","og_type":"article","og_title":"Liquid Elements Winter Wash Concentrate - Detail Spot","og_description":"LIQUID ELEMENTS WINTER WASH CONCENTRATE &#8211; Winter Window Washer Fluid Concentrate Features Non-freezing window cleaning fluid Dilute to the desired level as directed Prevents freezing of nozzles and does not harm plastic components Aroma of cherries &nbsp; Usage Prepare the liquid by dilution according to the desired level of resistance For dilution, we recommend distilled&hellip;","og_url":"https:\/\/detailspot.lt\/produktas\/liquid-elements-winter-wash-concentrate-2\/","og_site_name":"Detail Spot","article_publisher":"https:\/\/www.facebook.com\/profile.php?id=100039208338156","og_image":[{"url":"https:\/\/detailspot.lt\/wp-content\/uploads\/2022\/10\/LE_logo_dark_rgbCjaMASES2dhtf-300x103.webp","type":"","width":"","height":""}],"twitter_card":"summary_large_image","twitter_misc":{"Est. reading time":"1 minute"},"schema":{"@context":"https:\/\/schema.org","@graph":[{"@type":"WebPage","@id":"https:\/\/detailspot.lt\/produktas\/liquid-elements-winter-wash-concentrate-2\/","url":"https:\/\/detailspot.lt\/produktas\/liquid-elements-winter-wash-concentrate-2\/","name":"Liquid Elements Winter Wash Concentrate - Detail Spot","isPartOf":{"@id":"https:\/\/detailspot.lt\/#website"},"primaryImageOfPage":{"@id":"https:\/\/detailspot.lt\/produktas\/liquid-elements-winter-wash-concentrate-2\/#primaryimage"},"image":{"@id":"https:\/\/detailspot.lt\/produktas\/liquid-elements-winter-wash-concentrate-2\/#primaryimage"},"thumbnailUrl":"https:\/\/detailspot.lt\/wp-content\/uploads\/2022\/12\/liquid-elements-winter-wash-concentrate-1-1.jpg","datePublished":"2022-12-02T13:16:22+00:00","breadcrumb":{"@id":"https:\/\/detailspot.lt\/produktas\/liquid-elements-winter-wash-concentrate-2\/#breadcrumb"},"inLanguage":"en-US","potentialAction":[{"@type":"ReadAction","target":["https:\/\/detailspot.lt\/produktas\/liquid-elements-winter-wash-concentrate-2\/"]}]},{"@type":"ImageObject","inLanguage":"en-US","@id":"https:\/\/detailspot.lt\/produktas\/liquid-elements-winter-wash-concentrate-2\/#primaryimage","url":"https:\/\/detailspot.lt\/wp-content\/uploads\/2022\/12\/liquid-elements-winter-wash-concentrate-1-1.jpg","contentUrl":"https:\/\/detailspot.lt\/wp-content\/uploads\/2022\/12\/liquid-elements-winter-wash-concentrate-1-1.jpg","width":800,"height":800},{"@type":"BreadcrumbList","@id":"https:\/\/detailspot.lt\/produktas\/liquid-elements-winter-wash-concentrate-2\/#breadcrumb","itemListElement":[{"@type":"ListItem","position":1,"name":"Home","item":"https:\/\/detailspot.lt\/en\/"},{"@type":"ListItem","position":2,"name":"Shop","item":"https:\/\/detailspot.lt\/en\/parduotuve\/"},{"@type":"ListItem","position":3,"name":"Liquid Elements Winter Wash Concentrate"}]},{"@type":"WebSite","@id":"https:\/\/detailspot.lt\/#website","url":"https:\/\/detailspot.lt\/","name":"Detail Spot","description":"Automobili\u0173 prie\u017ei\u016bros priemon\u0117s","publisher":{"@id":"https:\/\/detailspot.lt\/#organization"},"potentialAction":[{"@type":"SearchAction","target":{"@type":"EntryPoint","urlTemplate":"https:\/\/detailspot.lt\/?s={search_term_string}"},"query-input":{"@type":"PropertyValueSpecification","valueRequired":true,"valueName":"search_term_string"}}],"inLanguage":"en-US"},{"@type":"Organization","@id":"https:\/\/detailspot.lt\/#organization","name":"Detail Spot","url":"https:\/\/detailspot.lt\/","logo":{"@type":"ImageObject","inLanguage":"en-US","@id":"https:\/\/detailspot.lt\/#\/schema\/logo\/image\/","url":"https:\/\/detailspot.lt\/wp-content\/uploads\/2022\/10\/logo-original.svg","contentUrl":"https:\/\/detailspot.lt\/wp-content\/uploads\/2022\/10\/logo-original.svg","width":1,"height":1,"caption":"Detail Spot"},"image":{"@id":"https:\/\/detailspot.lt\/#\/schema\/logo\/image\/"},"sameAs":["https:\/\/www.facebook.com\/profile.php?id=100039208338156"]}]}},"_links":{"self":[{"href":"https:\/\/detailspot.lt\/en\/wp-json\/wp\/v2\/product\/6619","targetHints":{"allow":["GET"]}}],"collection":[{"href":"https:\/\/detailspot.lt\/en\/wp-json\/wp\/v2\/product"}],"about":[{"href":"https:\/\/detailspot.lt\/en\/wp-json\/wp\/v2\/types\/product"}],"replies":[{"embeddable":true,"href":"https:\/\/detailspot.lt\/en\/wp-json\/wp\/v2\/comments?post=6619"}],"wp:featuredmedia":[{"embeddable":true,"href":"https:\/\/detailspot.lt\/en\/wp-json\/wp\/v2\/media\/3700"}],"wp:attachment":[{"href":"https:\/\/detailspot.lt\/en\/wp-json\/wp\/v2\/media?parent=6619"}],"wp:term":[{"taxonomy":"product_brand","embeddable":true,"href":"https:\/\/detailspot.lt\/en\/wp-json\/wp\/v2\/product_brand?post=6619"},{"taxonomy":"product_cat","embeddable":true,"href":"https:\/\/detailspot.lt\/en\/wp-json\/wp\/v2\/product_cat?post=6619"},{"taxonomy":"product_tag","embeddable":true,"href":"https:\/\/detailspot.lt\/en\/wp-json\/wp\/v2\/product_tag?post=6619"}],"curies":[{"name":"wp","href":"https:\/\/api.w.org\/{rel}","templated":true}]}}