{"id":6615,"date":"2022-12-02T15:16:23","date_gmt":"2022-12-02T13:16:23","guid":{"rendered":"https:\/\/detailspot.lt\/produktas\/liquid-elements-winter-de-icer\/"},"modified":"2022-12-02T15:16:23","modified_gmt":"2022-12-02T13:16:23","slug":"liquid-elements-winter-de-icer","status":"publish","type":"product","link":"https:\/\/detailspot.lt\/en\/produktas\/liquid-elements-winter-de-icer\/","title":{"rendered":"Liquid Elements Winter De-Icer"},"content":{"rendered":"<p><strong>LIQUID ELEMENTS WINTER DE-ICER &#8211; <\/strong>A cold season helper for frosty windows. Effectively melts ice on the glass surface, which can be removed without the use of an aggressive scraper or simply with wipers. This will save you time, effort and save your glass from the scratches that occur with most plastic and metal scrapers.<\/p>\n<p><strong>Features<\/strong><\/p>\n<ol>\n<li>Harmless to surrounding surfaces: plastic, rubber, paint\/varnish.<\/li>\n<li>Effective down to -45\u00b0C<\/li>\n<li>Aroma of cherries<\/li>\n<\/ol>\n<p><strong>Usage<br \/>\n<\/strong><\/p>\n<ol>\n<li>Remove the snow layer<\/li>\n<li>Spray frozen glass<\/li>\n<li>Wait for the product to take effect and for the ice to melt<\/li>\n<li>Clean the glass with wipers or a rubber glass\/ice cleaning tool<\/li>\n<\/ol>\n<p style=\"text-align: center;\"><img loading=\"lazy\" decoding=\"async\" class=\"alignnone size-medium wp-image-5351\" src=\"https:\/\/detailspot.lt\/wp-content\/uploads\/2022\/11\/LE-Logo-4000px-300x103.png\" alt=\"\" width=\"300\" height=\"103\"><\/p>\n","protected":false},"excerpt":{"rendered":"<p>LIQUID ELEMENTS WINTER DE-ICER &#8211; A cold season helper for frosty windows. Effectively melts ice on the glass surface, which can be removed without the use of an aggressive scraper or simply with wipers. This will save you time, effort and save your glass from the scratches that occur with most plastic and metal scrapers.&hellip;<\/p>\n","protected":false},"featured_media":3697,"comment_status":"closed","ping_status":"closed","template":"","meta":[],"product_brand":[],"product_cat":[160,164,163],"product_tag":[],"class_list":{"0":"post-6615","1":"product","2":"type-product","3":"status-publish","4":"has-post-thumbnail","6":"product_cat-exterior","7":"product_cat-shampoos-and-cleansers","8":"product_cat-windscreen-maintenance","9":"description-off","11":"first","12":"instock","13":"taxable","14":"shipping-taxable","15":"purchasable","16":"product-type-simple"},"yoast_head":"<!-- This site is optimized with the Yoast SEO plugin v27.2 - https:\/\/yoast.com\/product\/yoast-seo-wordpress\/ -->\n<title>Liquid Elements Winter De-Icer - Detail Spot<\/title>\n<meta name=\"robots\" content=\"index, follow, max-snippet:-1, max-image-preview:large, max-video-preview:-1\" \/>\n<link rel=\"canonical\" href=\"https:\/\/detailspot.lt\/produktas\/liquid-elements-winter-de-icer\/\" \/>\n<meta property=\"og:locale\" content=\"en_US\" \/>\n<meta property=\"og:type\" content=\"article\" \/>\n<meta property=\"og:title\" content=\"Liquid Elements Winter De-Icer - Detail Spot\" \/>\n<meta property=\"og:description\" content=\"LIQUID ELEMENTS WINTER DE-ICER &#8211; A cold season helper for frosty windows. Effectively melts ice on the glass surface, which can be removed without the use of an aggressive scraper or simply with wipers. This will save you time, effort and save your glass from the scratches that occur with most plastic and metal scrapers.&hellip;\" \/>\n<meta property=\"og:url\" content=\"https:\/\/detailspot.lt\/produktas\/liquid-elements-winter-de-icer\/\" \/>\n<meta property=\"og:site_name\" content=\"Detail Spot\" \/>\n<meta property=\"article:publisher\" content=\"https:\/\/www.facebook.com\/profile.php?id=100039208338156\" \/>\n<meta property=\"og:image\" content=\"https:\/\/detailspot.lt\/wp-content\/uploads\/2022\/11\/LE-Logo-4000px-300x103.png\" \/>\n<meta name=\"twitter:card\" content=\"summary_large_image\" \/>\n<meta name=\"twitter:label1\" content=\"Est. reading time\" \/>\n\t<meta name=\"twitter:data1\" content=\"1 minute\" \/>\n<script type=\"application\/ld+json\" class=\"yoast-schema-graph\">{\"@context\":\"https:\/\/schema.org\",\"@graph\":[{\"@type\":\"WebPage\",\"@id\":\"https:\/\/detailspot.lt\/produktas\/liquid-elements-winter-de-icer\/\",\"url\":\"https:\/\/detailspot.lt\/produktas\/liquid-elements-winter-de-icer\/\",\"name\":\"Liquid Elements Winter De-Icer - Detail Spot\",\"isPartOf\":{\"@id\":\"https:\/\/detailspot.lt\/#website\"},\"primaryImageOfPage\":{\"@id\":\"https:\/\/detailspot.lt\/produktas\/liquid-elements-winter-de-icer\/#primaryimage\"},\"image\":{\"@id\":\"https:\/\/detailspot.lt\/produktas\/liquid-elements-winter-de-icer\/#primaryimage\"},\"thumbnailUrl\":\"https:\/\/detailspot.lt\/wp-content\/uploads\/2022\/12\/liquid-elements-winter-de-icer-ledo-tirpdiklis-1.jpg\",\"datePublished\":\"2022-12-02T13:16:23+00:00\",\"breadcrumb\":{\"@id\":\"https:\/\/detailspot.lt\/produktas\/liquid-elements-winter-de-icer\/#breadcrumb\"},\"inLanguage\":\"en-US\",\"potentialAction\":[{\"@type\":\"ReadAction\",\"target\":[\"https:\/\/detailspot.lt\/produktas\/liquid-elements-winter-de-icer\/\"]}]},{\"@type\":\"ImageObject\",\"inLanguage\":\"en-US\",\"@id\":\"https:\/\/detailspot.lt\/produktas\/liquid-elements-winter-de-icer\/#primaryimage\",\"url\":\"https:\/\/detailspot.lt\/wp-content\/uploads\/2022\/12\/liquid-elements-winter-de-icer-ledo-tirpdiklis-1.jpg\",\"contentUrl\":\"https:\/\/detailspot.lt\/wp-content\/uploads\/2022\/12\/liquid-elements-winter-de-icer-ledo-tirpdiklis-1.jpg\",\"width\":800,\"height\":800},{\"@type\":\"BreadcrumbList\",\"@id\":\"https:\/\/detailspot.lt\/produktas\/liquid-elements-winter-de-icer\/#breadcrumb\",\"itemListElement\":[{\"@type\":\"ListItem\",\"position\":1,\"name\":\"Home\",\"item\":\"https:\/\/detailspot.lt\/en\/\"},{\"@type\":\"ListItem\",\"position\":2,\"name\":\"Shop\",\"item\":\"https:\/\/detailspot.lt\/en\/parduotuve\/\"},{\"@type\":\"ListItem\",\"position\":3,\"name\":\"Liquid Elements Winter De-Icer\"}]},{\"@type\":\"WebSite\",\"@id\":\"https:\/\/detailspot.lt\/#website\",\"url\":\"https:\/\/detailspot.lt\/\",\"name\":\"Detail Spot\",\"description\":\"Automobili\u0173 prie\u017ei\u016bros priemon\u0117s\",\"publisher\":{\"@id\":\"https:\/\/detailspot.lt\/#organization\"},\"potentialAction\":[{\"@type\":\"SearchAction\",\"target\":{\"@type\":\"EntryPoint\",\"urlTemplate\":\"https:\/\/detailspot.lt\/?s={search_term_string}\"},\"query-input\":{\"@type\":\"PropertyValueSpecification\",\"valueRequired\":true,\"valueName\":\"search_term_string\"}}],\"inLanguage\":\"en-US\"},{\"@type\":\"Organization\",\"@id\":\"https:\/\/detailspot.lt\/#organization\",\"name\":\"Detail Spot\",\"url\":\"https:\/\/detailspot.lt\/\",\"logo\":{\"@type\":\"ImageObject\",\"inLanguage\":\"en-US\",\"@id\":\"https:\/\/detailspot.lt\/#\/schema\/logo\/image\/\",\"url\":\"https:\/\/detailspot.lt\/wp-content\/uploads\/2022\/10\/logo-original.svg\",\"contentUrl\":\"https:\/\/detailspot.lt\/wp-content\/uploads\/2022\/10\/logo-original.svg\",\"width\":1,\"height\":1,\"caption\":\"Detail Spot\"},\"image\":{\"@id\":\"https:\/\/detailspot.lt\/#\/schema\/logo\/image\/\"},\"sameAs\":[\"https:\/\/www.facebook.com\/profile.php?id=100039208338156\"]}]}<\/script>\n<!-- \/ Yoast SEO plugin. -->","yoast_head_json":{"title":"Liquid Elements Winter De-Icer - Detail Spot","robots":{"index":"index","follow":"follow","max-snippet":"max-snippet:-1","max-image-preview":"max-image-preview:large","max-video-preview":"max-video-preview:-1"},"canonical":"https:\/\/detailspot.lt\/produktas\/liquid-elements-winter-de-icer\/","og_locale":"en_US","og_type":"article","og_title":"Liquid Elements Winter De-Icer - Detail Spot","og_description":"LIQUID ELEMENTS WINTER DE-ICER &#8211; A cold season helper for frosty windows. Effectively melts ice on the glass surface, which can be removed without the use of an aggressive scraper or simply with wipers. This will save you time, effort and save your glass from the scratches that occur with most plastic and metal scrapers.&hellip;","og_url":"https:\/\/detailspot.lt\/produktas\/liquid-elements-winter-de-icer\/","og_site_name":"Detail Spot","article_publisher":"https:\/\/www.facebook.com\/profile.php?id=100039208338156","og_image":[{"url":"https:\/\/detailspot.lt\/wp-content\/uploads\/2022\/11\/LE-Logo-4000px-300x103.png","type":"","width":"","height":""}],"twitter_card":"summary_large_image","twitter_misc":{"Est. reading time":"1 minute"},"schema":{"@context":"https:\/\/schema.org","@graph":[{"@type":"WebPage","@id":"https:\/\/detailspot.lt\/produktas\/liquid-elements-winter-de-icer\/","url":"https:\/\/detailspot.lt\/produktas\/liquid-elements-winter-de-icer\/","name":"Liquid Elements Winter De-Icer - Detail Spot","isPartOf":{"@id":"https:\/\/detailspot.lt\/#website"},"primaryImageOfPage":{"@id":"https:\/\/detailspot.lt\/produktas\/liquid-elements-winter-de-icer\/#primaryimage"},"image":{"@id":"https:\/\/detailspot.lt\/produktas\/liquid-elements-winter-de-icer\/#primaryimage"},"thumbnailUrl":"https:\/\/detailspot.lt\/wp-content\/uploads\/2022\/12\/liquid-elements-winter-de-icer-ledo-tirpdiklis-1.jpg","datePublished":"2022-12-02T13:16:23+00:00","breadcrumb":{"@id":"https:\/\/detailspot.lt\/produktas\/liquid-elements-winter-de-icer\/#breadcrumb"},"inLanguage":"en-US","potentialAction":[{"@type":"ReadAction","target":["https:\/\/detailspot.lt\/produktas\/liquid-elements-winter-de-icer\/"]}]},{"@type":"ImageObject","inLanguage":"en-US","@id":"https:\/\/detailspot.lt\/produktas\/liquid-elements-winter-de-icer\/#primaryimage","url":"https:\/\/detailspot.lt\/wp-content\/uploads\/2022\/12\/liquid-elements-winter-de-icer-ledo-tirpdiklis-1.jpg","contentUrl":"https:\/\/detailspot.lt\/wp-content\/uploads\/2022\/12\/liquid-elements-winter-de-icer-ledo-tirpdiklis-1.jpg","width":800,"height":800},{"@type":"BreadcrumbList","@id":"https:\/\/detailspot.lt\/produktas\/liquid-elements-winter-de-icer\/#breadcrumb","itemListElement":[{"@type":"ListItem","position":1,"name":"Home","item":"https:\/\/detailspot.lt\/en\/"},{"@type":"ListItem","position":2,"name":"Shop","item":"https:\/\/detailspot.lt\/en\/parduotuve\/"},{"@type":"ListItem","position":3,"name":"Liquid Elements Winter De-Icer"}]},{"@type":"WebSite","@id":"https:\/\/detailspot.lt\/#website","url":"https:\/\/detailspot.lt\/","name":"Detail Spot","description":"Automobili\u0173 prie\u017ei\u016bros priemon\u0117s","publisher":{"@id":"https:\/\/detailspot.lt\/#organization"},"potentialAction":[{"@type":"SearchAction","target":{"@type":"EntryPoint","urlTemplate":"https:\/\/detailspot.lt\/?s={search_term_string}"},"query-input":{"@type":"PropertyValueSpecification","valueRequired":true,"valueName":"search_term_string"}}],"inLanguage":"en-US"},{"@type":"Organization","@id":"https:\/\/detailspot.lt\/#organization","name":"Detail Spot","url":"https:\/\/detailspot.lt\/","logo":{"@type":"ImageObject","inLanguage":"en-US","@id":"https:\/\/detailspot.lt\/#\/schema\/logo\/image\/","url":"https:\/\/detailspot.lt\/wp-content\/uploads\/2022\/10\/logo-original.svg","contentUrl":"https:\/\/detailspot.lt\/wp-content\/uploads\/2022\/10\/logo-original.svg","width":1,"height":1,"caption":"Detail Spot"},"image":{"@id":"https:\/\/detailspot.lt\/#\/schema\/logo\/image\/"},"sameAs":["https:\/\/www.facebook.com\/profile.php?id=100039208338156"]}]}},"_links":{"self":[{"href":"https:\/\/detailspot.lt\/en\/wp-json\/wp\/v2\/product\/6615","targetHints":{"allow":["GET"]}}],"collection":[{"href":"https:\/\/detailspot.lt\/en\/wp-json\/wp\/v2\/product"}],"about":[{"href":"https:\/\/detailspot.lt\/en\/wp-json\/wp\/v2\/types\/product"}],"replies":[{"embeddable":true,"href":"https:\/\/detailspot.lt\/en\/wp-json\/wp\/v2\/comments?post=6615"}],"wp:featuredmedia":[{"embeddable":true,"href":"https:\/\/detailspot.lt\/en\/wp-json\/wp\/v2\/media\/3697"}],"wp:attachment":[{"href":"https:\/\/detailspot.lt\/en\/wp-json\/wp\/v2\/media?parent=6615"}],"wp:term":[{"taxonomy":"product_brand","embeddable":true,"href":"https:\/\/detailspot.lt\/en\/wp-json\/wp\/v2\/product_brand?post=6615"},{"taxonomy":"product_cat","embeddable":true,"href":"https:\/\/detailspot.lt\/en\/wp-json\/wp\/v2\/product_cat?post=6615"},{"taxonomy":"product_tag","embeddable":true,"href":"https:\/\/detailspot.lt\/en\/wp-json\/wp\/v2\/product_tag?post=6615"}],"curies":[{"name":"wp","href":"https:\/\/api.w.org\/{rel}","templated":true}]}}