{"id":6614,"date":"2022-12-02T15:16:23","date_gmt":"2022-12-02T13:16:23","guid":{"rendered":"https:\/\/detailspot.lt\/produktas\/colourlock-leather-strong-cleaning-conditioning-kit-2\/"},"modified":"2022-12-02T15:16:23","modified_gmt":"2022-12-02T13:16:23","slug":"colourlock-leather-strong-cleaning-conditioning-kit-2","status":"publish","type":"product","link":"https:\/\/detailspot.lt\/en\/produktas\/colourlock-leather-strong-cleaning-conditioning-kit-2\/","title":{"rendered":"Colourlock Leather Strong Cleaning &amp; Conditioning Kit"},"content":{"rendered":"<p><strong>The Colourlock Skin Care Kit<\/strong> is the perfect choice for those who want their skin to look like new in the salon. Leather is a luxury attribute, but dirty leather doesn&#8217;t look good on any car. Constant rubbing, high temperatures in summer mean that the skin must be moisturised. This will help to ensure the longevity of your skin and keep it looking like new even after many years.<\/p>\n<p><strong>Strong Clean<\/strong><\/p>\n<p>The cleaner is sold in a special bottle with a foaming nozzle. The Strong Clean formula contains specific, ultra-strong ingredients that remove stubborn dirt without damaging the skin and requiring very little rubbing. This cleaning foam removes all unpleasant odour particles: cigarettes, grease, sweat, etc.<\/p>\n<p><b>Leather Protector<\/b><\/p>\n<p>A special anti-cracking treatment for the skin. Moisturises the skin and provides it with the antioxidants it needs. All this protects the skin against ageing and UV damage, while restoring softness and smoothness.<\/p>\n<p><strong>Usage<\/strong><\/p>\n<ul>\n<li>Spray the cleaning foam onto the brush in the kit<\/li>\n<li>Gently rub the foam into the surface to be cleaned in a circular motion<\/li>\n<li>Wipe off dirty foam with a microfibre cloth<\/li>\n<li>Repeat if necessary<\/li>\n<li>Allow the surface to dry completely<\/li>\n<li>Apply Leather Protector Conditioning Fluid in a circular motion<\/li>\n<li>Allow the product to dry<\/li>\n<\/ul>\n<p><strong>Warning!<\/strong> Due to different skin types and preparations, we recommend that all products are tested on surfaces where they cannot be seen.<\/p>\n<p>&nbsp;<\/p>\n<p style=\"text-align: center;\"><img loading=\"lazy\" decoding=\"async\" class=\"alignnone size-medium wp-image-2901\" src=\"https:\/\/detailspot.lt\/wp-content\/uploads\/2022\/12\/colourlock-726177-300x147.webp\" alt=\"\" width=\"300\" height=\"147\" srcset=\"https:\/\/detailspot.lt\/wp-content\/uploads\/2022\/12\/colourlock-726177-300x147.webp 300w, https:\/\/detailspot.lt\/wp-content\/uploads\/2022\/12\/colourlock-726177-768x376.webp 768w, https:\/\/detailspot.lt\/wp-content\/uploads\/2022\/12\/colourlock-726177-600x294.webp 600w, https:\/\/detailspot.lt\/wp-content\/uploads\/2022\/12\/colourlock-726177-64x31.webp 64w, https:\/\/detailspot.lt\/wp-content\/uploads\/2022\/12\/colourlock-726177.webp 980w\" sizes=\"auto, (max-width: 300px) 100vw, 300px\" \/><\/p>\n","protected":false},"excerpt":{"rendered":"<p>The Colourlock Skin Care Kit is the perfect choice for those who want their skin to look like new in the salon. Leather is a luxury attribute, but dirty leather doesn&#8217;t look good on any car. Constant rubbing, high temperatures in summer mean that the skin must be moisturised. This will help to ensure the&hellip;<\/p>\n","protected":false},"featured_media":4303,"comment_status":"closed","ping_status":"closed","template":"","meta":[],"product_brand":[],"product_cat":[165,167],"product_tag":[],"class_list":{"0":"post-6614","1":"product","2":"type-product","3":"status-publish","4":"has-post-thumbnail","6":"product_cat-interior","7":"product_cat-skin-care","8":"description-off","10":"first","11":"instock","12":"taxable","13":"shipping-taxable","14":"purchasable","15":"product-type-simple"},"yoast_head":"<!-- This site is optimized with the Yoast SEO plugin v27.2 - https:\/\/yoast.com\/product\/yoast-seo-wordpress\/ -->\n<title>Colourlock Leather Strong Cleaning &amp; Conditioning Kit - Detail Spot<\/title>\n<meta name=\"robots\" content=\"index, follow, max-snippet:-1, max-image-preview:large, max-video-preview:-1\" \/>\n<link rel=\"canonical\" href=\"https:\/\/detailspot.lt\/produktas\/colourlock-leather-strong-cleaning-conditioning-kit-2\/\" \/>\n<meta property=\"og:locale\" content=\"en_US\" \/>\n<meta property=\"og:type\" content=\"article\" \/>\n<meta property=\"og:title\" content=\"Colourlock Leather Strong Cleaning &amp; Conditioning Kit - Detail Spot\" \/>\n<meta property=\"og:description\" content=\"The Colourlock Skin Care Kit is the perfect choice for those who want their skin to look like new in the salon. Leather is a luxury attribute, but dirty leather doesn&#8217;t look good on any car. Constant rubbing, high temperatures in summer mean that the skin must be moisturised. This will help to ensure the&hellip;\" \/>\n<meta property=\"og:url\" content=\"https:\/\/detailspot.lt\/produktas\/colourlock-leather-strong-cleaning-conditioning-kit-2\/\" \/>\n<meta property=\"og:site_name\" content=\"Detail Spot\" \/>\n<meta property=\"article:publisher\" content=\"https:\/\/www.facebook.com\/profile.php?id=100039208338156\" \/>\n<meta property=\"og:image\" content=\"https:\/\/detailspot.lt\/wp-content\/uploads\/2022\/12\/colourlock-726177-300x147.webp\" \/>\n<meta name=\"twitter:card\" content=\"summary_large_image\" \/>\n<meta name=\"twitter:label1\" content=\"Est. reading time\" \/>\n\t<meta name=\"twitter:data1\" content=\"1 minute\" \/>\n<script type=\"application\/ld+json\" class=\"yoast-schema-graph\">{\"@context\":\"https:\/\/schema.org\",\"@graph\":[{\"@type\":\"WebPage\",\"@id\":\"https:\/\/detailspot.lt\/produktas\/colourlock-leather-strong-cleaning-conditioning-kit-2\/\",\"url\":\"https:\/\/detailspot.lt\/produktas\/colourlock-leather-strong-cleaning-conditioning-kit-2\/\",\"name\":\"Colourlock Leather Strong Cleaning &amp; Conditioning Kit - Detail Spot\",\"isPartOf\":{\"@id\":\"https:\/\/detailspot.lt\/#website\"},\"primaryImageOfPage\":{\"@id\":\"https:\/\/detailspot.lt\/produktas\/colourlock-leather-strong-cleaning-conditioning-kit-2\/#primaryimage\"},\"image\":{\"@id\":\"https:\/\/detailspot.lt\/produktas\/colourlock-leather-strong-cleaning-conditioning-kit-2\/#primaryimage\"},\"thumbnailUrl\":\"https:\/\/detailspot.lt\/wp-content\/uploads\/2022\/12\/colourlock-leather-strong-cleaning-conditioning-kit-1.png\",\"datePublished\":\"2022-12-02T13:16:23+00:00\",\"breadcrumb\":{\"@id\":\"https:\/\/detailspot.lt\/produktas\/colourlock-leather-strong-cleaning-conditioning-kit-2\/#breadcrumb\"},\"inLanguage\":\"en-US\",\"potentialAction\":[{\"@type\":\"ReadAction\",\"target\":[\"https:\/\/detailspot.lt\/produktas\/colourlock-leather-strong-cleaning-conditioning-kit-2\/\"]}]},{\"@type\":\"ImageObject\",\"inLanguage\":\"en-US\",\"@id\":\"https:\/\/detailspot.lt\/produktas\/colourlock-leather-strong-cleaning-conditioning-kit-2\/#primaryimage\",\"url\":\"https:\/\/detailspot.lt\/wp-content\/uploads\/2022\/12\/colourlock-leather-strong-cleaning-conditioning-kit-1.png\",\"contentUrl\":\"https:\/\/detailspot.lt\/wp-content\/uploads\/2022\/12\/colourlock-leather-strong-cleaning-conditioning-kit-1.png\",\"width\":900,\"height\":900},{\"@type\":\"BreadcrumbList\",\"@id\":\"https:\/\/detailspot.lt\/produktas\/colourlock-leather-strong-cleaning-conditioning-kit-2\/#breadcrumb\",\"itemListElement\":[{\"@type\":\"ListItem\",\"position\":1,\"name\":\"Home\",\"item\":\"https:\/\/detailspot.lt\/en\/\"},{\"@type\":\"ListItem\",\"position\":2,\"name\":\"Shop\",\"item\":\"https:\/\/detailspot.lt\/en\/parduotuve\/\"},{\"@type\":\"ListItem\",\"position\":3,\"name\":\"Colourlock Leather Strong Cleaning &amp; Conditioning Kit\"}]},{\"@type\":\"WebSite\",\"@id\":\"https:\/\/detailspot.lt\/#website\",\"url\":\"https:\/\/detailspot.lt\/\",\"name\":\"Detail Spot\",\"description\":\"Automobili\u0173 prie\u017ei\u016bros priemon\u0117s\",\"publisher\":{\"@id\":\"https:\/\/detailspot.lt\/#organization\"},\"potentialAction\":[{\"@type\":\"SearchAction\",\"target\":{\"@type\":\"EntryPoint\",\"urlTemplate\":\"https:\/\/detailspot.lt\/?s={search_term_string}\"},\"query-input\":{\"@type\":\"PropertyValueSpecification\",\"valueRequired\":true,\"valueName\":\"search_term_string\"}}],\"inLanguage\":\"en-US\"},{\"@type\":\"Organization\",\"@id\":\"https:\/\/detailspot.lt\/#organization\",\"name\":\"Detail Spot\",\"url\":\"https:\/\/detailspot.lt\/\",\"logo\":{\"@type\":\"ImageObject\",\"inLanguage\":\"en-US\",\"@id\":\"https:\/\/detailspot.lt\/#\/schema\/logo\/image\/\",\"url\":\"https:\/\/detailspot.lt\/wp-content\/uploads\/2022\/10\/logo-original.svg\",\"contentUrl\":\"https:\/\/detailspot.lt\/wp-content\/uploads\/2022\/10\/logo-original.svg\",\"width\":1,\"height\":1,\"caption\":\"Detail Spot\"},\"image\":{\"@id\":\"https:\/\/detailspot.lt\/#\/schema\/logo\/image\/\"},\"sameAs\":[\"https:\/\/www.facebook.com\/profile.php?id=100039208338156\"]}]}<\/script>\n<!-- \/ Yoast SEO plugin. -->","yoast_head_json":{"title":"Colourlock Leather Strong Cleaning &amp; Conditioning Kit - Detail Spot","robots":{"index":"index","follow":"follow","max-snippet":"max-snippet:-1","max-image-preview":"max-image-preview:large","max-video-preview":"max-video-preview:-1"},"canonical":"https:\/\/detailspot.lt\/produktas\/colourlock-leather-strong-cleaning-conditioning-kit-2\/","og_locale":"en_US","og_type":"article","og_title":"Colourlock Leather Strong Cleaning &amp; Conditioning Kit - Detail Spot","og_description":"The Colourlock Skin Care Kit is the perfect choice for those who want their skin to look like new in the salon. Leather is a luxury attribute, but dirty leather doesn&#8217;t look good on any car. Constant rubbing, high temperatures in summer mean that the skin must be moisturised. This will help to ensure the&hellip;","og_url":"https:\/\/detailspot.lt\/produktas\/colourlock-leather-strong-cleaning-conditioning-kit-2\/","og_site_name":"Detail Spot","article_publisher":"https:\/\/www.facebook.com\/profile.php?id=100039208338156","og_image":[{"url":"https:\/\/detailspot.lt\/wp-content\/uploads\/2022\/12\/colourlock-726177-300x147.webp","type":"","width":"","height":""}],"twitter_card":"summary_large_image","twitter_misc":{"Est. reading time":"1 minute"},"schema":{"@context":"https:\/\/schema.org","@graph":[{"@type":"WebPage","@id":"https:\/\/detailspot.lt\/produktas\/colourlock-leather-strong-cleaning-conditioning-kit-2\/","url":"https:\/\/detailspot.lt\/produktas\/colourlock-leather-strong-cleaning-conditioning-kit-2\/","name":"Colourlock Leather Strong Cleaning &amp; Conditioning Kit - Detail Spot","isPartOf":{"@id":"https:\/\/detailspot.lt\/#website"},"primaryImageOfPage":{"@id":"https:\/\/detailspot.lt\/produktas\/colourlock-leather-strong-cleaning-conditioning-kit-2\/#primaryimage"},"image":{"@id":"https:\/\/detailspot.lt\/produktas\/colourlock-leather-strong-cleaning-conditioning-kit-2\/#primaryimage"},"thumbnailUrl":"https:\/\/detailspot.lt\/wp-content\/uploads\/2022\/12\/colourlock-leather-strong-cleaning-conditioning-kit-1.png","datePublished":"2022-12-02T13:16:23+00:00","breadcrumb":{"@id":"https:\/\/detailspot.lt\/produktas\/colourlock-leather-strong-cleaning-conditioning-kit-2\/#breadcrumb"},"inLanguage":"en-US","potentialAction":[{"@type":"ReadAction","target":["https:\/\/detailspot.lt\/produktas\/colourlock-leather-strong-cleaning-conditioning-kit-2\/"]}]},{"@type":"ImageObject","inLanguage":"en-US","@id":"https:\/\/detailspot.lt\/produktas\/colourlock-leather-strong-cleaning-conditioning-kit-2\/#primaryimage","url":"https:\/\/detailspot.lt\/wp-content\/uploads\/2022\/12\/colourlock-leather-strong-cleaning-conditioning-kit-1.png","contentUrl":"https:\/\/detailspot.lt\/wp-content\/uploads\/2022\/12\/colourlock-leather-strong-cleaning-conditioning-kit-1.png","width":900,"height":900},{"@type":"BreadcrumbList","@id":"https:\/\/detailspot.lt\/produktas\/colourlock-leather-strong-cleaning-conditioning-kit-2\/#breadcrumb","itemListElement":[{"@type":"ListItem","position":1,"name":"Home","item":"https:\/\/detailspot.lt\/en\/"},{"@type":"ListItem","position":2,"name":"Shop","item":"https:\/\/detailspot.lt\/en\/parduotuve\/"},{"@type":"ListItem","position":3,"name":"Colourlock Leather Strong Cleaning &amp; Conditioning Kit"}]},{"@type":"WebSite","@id":"https:\/\/detailspot.lt\/#website","url":"https:\/\/detailspot.lt\/","name":"Detail Spot","description":"Automobili\u0173 prie\u017ei\u016bros priemon\u0117s","publisher":{"@id":"https:\/\/detailspot.lt\/#organization"},"potentialAction":[{"@type":"SearchAction","target":{"@type":"EntryPoint","urlTemplate":"https:\/\/detailspot.lt\/?s={search_term_string}"},"query-input":{"@type":"PropertyValueSpecification","valueRequired":true,"valueName":"search_term_string"}}],"inLanguage":"en-US"},{"@type":"Organization","@id":"https:\/\/detailspot.lt\/#organization","name":"Detail Spot","url":"https:\/\/detailspot.lt\/","logo":{"@type":"ImageObject","inLanguage":"en-US","@id":"https:\/\/detailspot.lt\/#\/schema\/logo\/image\/","url":"https:\/\/detailspot.lt\/wp-content\/uploads\/2022\/10\/logo-original.svg","contentUrl":"https:\/\/detailspot.lt\/wp-content\/uploads\/2022\/10\/logo-original.svg","width":1,"height":1,"caption":"Detail Spot"},"image":{"@id":"https:\/\/detailspot.lt\/#\/schema\/logo\/image\/"},"sameAs":["https:\/\/www.facebook.com\/profile.php?id=100039208338156"]}]}},"_links":{"self":[{"href":"https:\/\/detailspot.lt\/en\/wp-json\/wp\/v2\/product\/6614","targetHints":{"allow":["GET"]}}],"collection":[{"href":"https:\/\/detailspot.lt\/en\/wp-json\/wp\/v2\/product"}],"about":[{"href":"https:\/\/detailspot.lt\/en\/wp-json\/wp\/v2\/types\/product"}],"replies":[{"embeddable":true,"href":"https:\/\/detailspot.lt\/en\/wp-json\/wp\/v2\/comments?post=6614"}],"wp:featuredmedia":[{"embeddable":true,"href":"https:\/\/detailspot.lt\/en\/wp-json\/wp\/v2\/media\/4303"}],"wp:attachment":[{"href":"https:\/\/detailspot.lt\/en\/wp-json\/wp\/v2\/media?parent=6614"}],"wp:term":[{"taxonomy":"product_brand","embeddable":true,"href":"https:\/\/detailspot.lt\/en\/wp-json\/wp\/v2\/product_brand?post=6614"},{"taxonomy":"product_cat","embeddable":true,"href":"https:\/\/detailspot.lt\/en\/wp-json\/wp\/v2\/product_cat?post=6614"},{"taxonomy":"product_tag","embeddable":true,"href":"https:\/\/detailspot.lt\/en\/wp-json\/wp\/v2\/product_tag?post=6614"}],"curies":[{"name":"wp","href":"https:\/\/api.w.org\/{rel}","templated":true}]}}