{"id":6604,"date":"2022-12-02T15:16:23","date_gmt":"2022-12-02T13:16:23","guid":{"rendered":"https:\/\/detailspot.lt\/produktas\/mercator-gogrip-black-nitrile-gloves\/"},"modified":"2025-11-30T04:30:50","modified_gmt":"2025-11-30T02:30:50","slug":"mercator-gogrip-black-nitrile-gloves","status":"publish","type":"product","link":"https:\/\/detailspot.lt\/en\/produktas\/mercator-gogrip-black-nitrile-gloves\/","title":{"rendered":"Mercator Gogrip Black Nitrile Gloves"},"content":{"rendered":"<h1><strong>Mercator Gogrip Black Nitrile Gloves <\/strong><\/h1>\n<p>revolutionary nitrile gloves with a 3D diamond textured surface for extra grip in wet, slippery situations. Gogrip gloves are designed and developed for the automotive maintenance industry due to their exceptional grip properties. The exclusive diamond surface not only ensures precision of movement, but also improves the air permeability inside the glove, which improves hand-wetting situations when the gloves are worn for long periods of time.<\/p>\n<p><strong>Features<\/strong><\/p>\n<ol>\n<li>Good surface adhesion<\/li>\n<li>Reduced hand sweating<\/li>\n<li>High chemical resistance to various solvents, oils.<\/li>\n<li>Suitable for food contact.<\/li>\n<li>50 pieces per pack. or 25 pairs<\/li>\n<\/ol>\n<p>&nbsp;<\/p>\n<p>&nbsp;<\/p>\n<p style=\"text-align: center;\"><img loading=\"lazy\" decoding=\"async\" class=\"alignnone wp-image-3221\" src=\"https:\/\/detailspot.lt\/wp-content\/uploads\/2022\/12\/Mercator-logo-300x300.jpg\" alt=\"\" width=\"153\" height=\"153\" srcset=\"https:\/\/detailspot.lt\/wp-content\/uploads\/2022\/12\/Mercator-logo-300x300.jpg 300w, https:\/\/detailspot.lt\/wp-content\/uploads\/2022\/12\/Mercator-logo-150x150.jpg 150w, https:\/\/detailspot.lt\/wp-content\/uploads\/2022\/12\/Mercator-logo-600x600.jpg 600w, https:\/\/detailspot.lt\/wp-content\/uploads\/2022\/12\/Mercator-logo-200x200.jpg 200w, https:\/\/detailspot.lt\/wp-content\/uploads\/2022\/12\/Mercator-logo-64x64.jpg 64w, https:\/\/detailspot.lt\/wp-content\/uploads\/2022\/12\/Mercator-logo.jpg 768w\" sizes=\"auto, (max-width: 153px) 100vw, 153px\" \/><\/p>\n<p>&nbsp;<\/p>\n","protected":false},"excerpt":{"rendered":"<p>Mercator Gogrip Black Nitrile Gloves revolutionary nitrile gloves with a 3D diamond textured surface for extra grip in wet, slippery situations. Gogrip gloves are designed and developed for the automotive maintenance industry due to their exceptional grip properties. The exclusive diamond surface not only ensures precision of movement, but also improves the air permeability inside&hellip;<\/p>\n","protected":false},"featured_media":4070,"comment_status":"closed","ping_status":"closed","template":"","meta":[],"product_brand":[],"product_cat":[155,174],"product_tag":[],"class_list":{"0":"post-6604","1":"product","2":"type-product","3":"status-publish","4":"has-post-thumbnail","6":"product_cat-accessories","7":"product_cat-accessories-en","8":"description-off","10":"first","11":"instock","12":"taxable","13":"shipping-taxable","14":"purchasable","15":"product-type-variable"},"yoast_head":"<!-- This site is optimized with the Yoast SEO plugin v27.4 - https:\/\/yoast.com\/product\/yoast-seo-wordpress\/ -->\n<title>Mercator Gogrip Black Nitrile Gloves - Detail Spot<\/title>\n<meta name=\"description\" content=\"Mercator Gogrip Black Nitrile Gloves Nitrile gloves with 3D diamond textured surface for grip in slippery situations\" \/>\n<meta name=\"robots\" content=\"index, follow, max-snippet:-1, max-image-preview:large, max-video-preview:-1\" \/>\n<link rel=\"canonical\" href=\"https:\/\/detailspot.lt\/en\/produktas\/mercator-gogrip-black-nitrile-gloves\/\" \/>\n<meta property=\"og:locale\" content=\"en_US\" \/>\n<meta property=\"og:type\" content=\"article\" \/>\n<meta property=\"og:title\" content=\"Mercator Gogrip Black Nitrile Gloves - Detail Spot\" \/>\n<meta property=\"og:description\" content=\"Mercator Gogrip Black Nitrile Gloves Nitrile gloves with 3D diamond textured surface for grip in slippery situations\" \/>\n<meta property=\"og:url\" content=\"https:\/\/detailspot.lt\/en\/produktas\/mercator-gogrip-black-nitrile-gloves\/\" \/>\n<meta property=\"og:site_name\" content=\"Detail Spot\" \/>\n<meta property=\"article:publisher\" content=\"https:\/\/www.facebook.com\/profile.php?id=100039208338156\" \/>\n<meta property=\"article:modified_time\" content=\"2025-11-30T02:30:50+00:00\" \/>\n<meta property=\"og:image\" content=\"https:\/\/detailspot.lt\/wp-content\/uploads\/2022\/12\/mercator-gogrip-black-nitrilo-pirstines-1-1.jpg\" \/>\n\t<meta property=\"og:image:width\" content=\"847\" \/>\n\t<meta property=\"og:image:height\" content=\"847\" \/>\n\t<meta property=\"og:image:type\" content=\"image\/jpeg\" \/>\n<meta name=\"twitter:card\" content=\"summary_large_image\" \/>\n<script type=\"application\/ld+json\" class=\"yoast-schema-graph\">{\"@context\":\"https:\\\/\\\/schema.org\",\"@graph\":[{\"@type\":\"WebPage\",\"@id\":\"https:\\\/\\\/detailspot.lt\\\/en\\\/produktas\\\/mercator-gogrip-black-nitrile-gloves\\\/\",\"url\":\"https:\\\/\\\/detailspot.lt\\\/en\\\/produktas\\\/mercator-gogrip-black-nitrile-gloves\\\/\",\"name\":\"Mercator Gogrip Black Nitrile Gloves - Detail Spot\",\"isPartOf\":{\"@id\":\"https:\\\/\\\/detailspot.lt\\\/#website\"},\"primaryImageOfPage\":{\"@id\":\"https:\\\/\\\/detailspot.lt\\\/en\\\/produktas\\\/mercator-gogrip-black-nitrile-gloves\\\/#primaryimage\"},\"image\":{\"@id\":\"https:\\\/\\\/detailspot.lt\\\/en\\\/produktas\\\/mercator-gogrip-black-nitrile-gloves\\\/#primaryimage\"},\"thumbnailUrl\":\"https:\\\/\\\/detailspot.lt\\\/wp-content\\\/uploads\\\/2022\\\/12\\\/mercator-gogrip-black-nitrilo-pirstines-1-1.jpg\",\"datePublished\":\"2022-12-02T13:16:23+00:00\",\"dateModified\":\"2025-11-30T02:30:50+00:00\",\"description\":\"Mercator Gogrip Black Nitrile Gloves Nitrile gloves with 3D diamond textured surface for grip in slippery situations\",\"breadcrumb\":{\"@id\":\"https:\\\/\\\/detailspot.lt\\\/en\\\/produktas\\\/mercator-gogrip-black-nitrile-gloves\\\/#breadcrumb\"},\"inLanguage\":\"en-US\",\"potentialAction\":[{\"@type\":\"ReadAction\",\"target\":[\"https:\\\/\\\/detailspot.lt\\\/en\\\/produktas\\\/mercator-gogrip-black-nitrile-gloves\\\/\"]}]},{\"@type\":\"ImageObject\",\"inLanguage\":\"en-US\",\"@id\":\"https:\\\/\\\/detailspot.lt\\\/en\\\/produktas\\\/mercator-gogrip-black-nitrile-gloves\\\/#primaryimage\",\"url\":\"https:\\\/\\\/detailspot.lt\\\/wp-content\\\/uploads\\\/2022\\\/12\\\/mercator-gogrip-black-nitrilo-pirstines-1-1.jpg\",\"contentUrl\":\"https:\\\/\\\/detailspot.lt\\\/wp-content\\\/uploads\\\/2022\\\/12\\\/mercator-gogrip-black-nitrilo-pirstines-1-1.jpg\",\"width\":847,\"height\":847},{\"@type\":\"BreadcrumbList\",\"@id\":\"https:\\\/\\\/detailspot.lt\\\/en\\\/produktas\\\/mercator-gogrip-black-nitrile-gloves\\\/#breadcrumb\",\"itemListElement\":[{\"@type\":\"ListItem\",\"position\":1,\"name\":\"Home\",\"item\":\"https:\\\/\\\/detailspot.lt\\\/en\\\/\"},{\"@type\":\"ListItem\",\"position\":2,\"name\":\"Shop\",\"item\":\"https:\\\/\\\/detailspot.lt\\\/en\\\/parduotuve\\\/\"},{\"@type\":\"ListItem\",\"position\":3,\"name\":\"Mercator Gogrip Black Nitrile Gloves\"}]},{\"@type\":\"WebSite\",\"@id\":\"https:\\\/\\\/detailspot.lt\\\/#website\",\"url\":\"https:\\\/\\\/detailspot.lt\\\/\",\"name\":\"Detail Spot\",\"description\":\"Automobili\u0173 prie\u017ei\u016bros priemon\u0117s\",\"publisher\":{\"@id\":\"https:\\\/\\\/detailspot.lt\\\/#organization\"},\"potentialAction\":[{\"@type\":\"SearchAction\",\"target\":{\"@type\":\"EntryPoint\",\"urlTemplate\":\"https:\\\/\\\/detailspot.lt\\\/?s={search_term_string}\"},\"query-input\":{\"@type\":\"PropertyValueSpecification\",\"valueRequired\":true,\"valueName\":\"search_term_string\"}}],\"inLanguage\":\"en-US\"},{\"@type\":\"Organization\",\"@id\":\"https:\\\/\\\/detailspot.lt\\\/#organization\",\"name\":\"Detail Spot\",\"url\":\"https:\\\/\\\/detailspot.lt\\\/\",\"logo\":{\"@type\":\"ImageObject\",\"inLanguage\":\"en-US\",\"@id\":\"https:\\\/\\\/detailspot.lt\\\/#\\\/schema\\\/logo\\\/image\\\/\",\"url\":\"https:\\\/\\\/detailspot.lt\\\/wp-content\\\/uploads\\\/2022\\\/10\\\/logo-original.svg\",\"contentUrl\":\"https:\\\/\\\/detailspot.lt\\\/wp-content\\\/uploads\\\/2022\\\/10\\\/logo-original.svg\",\"width\":1,\"height\":1,\"caption\":\"Detail Spot\"},\"image\":{\"@id\":\"https:\\\/\\\/detailspot.lt\\\/#\\\/schema\\\/logo\\\/image\\\/\"},\"sameAs\":[\"https:\\\/\\\/www.facebook.com\\\/profile.php?id=100039208338156\"]}]}<\/script>\n<!-- \/ Yoast SEO plugin. -->","yoast_head_json":{"title":"Mercator Gogrip Black Nitrile Gloves - Detail Spot","description":"Mercator Gogrip Black Nitrile Gloves Nitrile gloves with 3D diamond textured surface for grip in slippery situations","robots":{"index":"index","follow":"follow","max-snippet":"max-snippet:-1","max-image-preview":"max-image-preview:large","max-video-preview":"max-video-preview:-1"},"canonical":"https:\/\/detailspot.lt\/en\/produktas\/mercator-gogrip-black-nitrile-gloves\/","og_locale":"en_US","og_type":"article","og_title":"Mercator Gogrip Black Nitrile Gloves - Detail Spot","og_description":"Mercator Gogrip Black Nitrile Gloves Nitrile gloves with 3D diamond textured surface for grip in slippery situations","og_url":"https:\/\/detailspot.lt\/en\/produktas\/mercator-gogrip-black-nitrile-gloves\/","og_site_name":"Detail Spot","article_publisher":"https:\/\/www.facebook.com\/profile.php?id=100039208338156","article_modified_time":"2025-11-30T02:30:50+00:00","og_image":[{"width":847,"height":847,"url":"https:\/\/detailspot.lt\/wp-content\/uploads\/2022\/12\/mercator-gogrip-black-nitrilo-pirstines-1-1.jpg","type":"image\/jpeg"}],"twitter_card":"summary_large_image","schema":{"@context":"https:\/\/schema.org","@graph":[{"@type":"WebPage","@id":"https:\/\/detailspot.lt\/en\/produktas\/mercator-gogrip-black-nitrile-gloves\/","url":"https:\/\/detailspot.lt\/en\/produktas\/mercator-gogrip-black-nitrile-gloves\/","name":"Mercator Gogrip Black Nitrile Gloves - Detail Spot","isPartOf":{"@id":"https:\/\/detailspot.lt\/#website"},"primaryImageOfPage":{"@id":"https:\/\/detailspot.lt\/en\/produktas\/mercator-gogrip-black-nitrile-gloves\/#primaryimage"},"image":{"@id":"https:\/\/detailspot.lt\/en\/produktas\/mercator-gogrip-black-nitrile-gloves\/#primaryimage"},"thumbnailUrl":"https:\/\/detailspot.lt\/wp-content\/uploads\/2022\/12\/mercator-gogrip-black-nitrilo-pirstines-1-1.jpg","datePublished":"2022-12-02T13:16:23+00:00","dateModified":"2025-11-30T02:30:50+00:00","description":"Mercator Gogrip Black Nitrile Gloves Nitrile gloves with 3D diamond textured surface for grip in slippery situations","breadcrumb":{"@id":"https:\/\/detailspot.lt\/en\/produktas\/mercator-gogrip-black-nitrile-gloves\/#breadcrumb"},"inLanguage":"en-US","potentialAction":[{"@type":"ReadAction","target":["https:\/\/detailspot.lt\/en\/produktas\/mercator-gogrip-black-nitrile-gloves\/"]}]},{"@type":"ImageObject","inLanguage":"en-US","@id":"https:\/\/detailspot.lt\/en\/produktas\/mercator-gogrip-black-nitrile-gloves\/#primaryimage","url":"https:\/\/detailspot.lt\/wp-content\/uploads\/2022\/12\/mercator-gogrip-black-nitrilo-pirstines-1-1.jpg","contentUrl":"https:\/\/detailspot.lt\/wp-content\/uploads\/2022\/12\/mercator-gogrip-black-nitrilo-pirstines-1-1.jpg","width":847,"height":847},{"@type":"BreadcrumbList","@id":"https:\/\/detailspot.lt\/en\/produktas\/mercator-gogrip-black-nitrile-gloves\/#breadcrumb","itemListElement":[{"@type":"ListItem","position":1,"name":"Home","item":"https:\/\/detailspot.lt\/en\/"},{"@type":"ListItem","position":2,"name":"Shop","item":"https:\/\/detailspot.lt\/en\/parduotuve\/"},{"@type":"ListItem","position":3,"name":"Mercator Gogrip Black Nitrile Gloves"}]},{"@type":"WebSite","@id":"https:\/\/detailspot.lt\/#website","url":"https:\/\/detailspot.lt\/","name":"Detail Spot","description":"Automobili\u0173 prie\u017ei\u016bros priemon\u0117s","publisher":{"@id":"https:\/\/detailspot.lt\/#organization"},"potentialAction":[{"@type":"SearchAction","target":{"@type":"EntryPoint","urlTemplate":"https:\/\/detailspot.lt\/?s={search_term_string}"},"query-input":{"@type":"PropertyValueSpecification","valueRequired":true,"valueName":"search_term_string"}}],"inLanguage":"en-US"},{"@type":"Organization","@id":"https:\/\/detailspot.lt\/#organization","name":"Detail Spot","url":"https:\/\/detailspot.lt\/","logo":{"@type":"ImageObject","inLanguage":"en-US","@id":"https:\/\/detailspot.lt\/#\/schema\/logo\/image\/","url":"https:\/\/detailspot.lt\/wp-content\/uploads\/2022\/10\/logo-original.svg","contentUrl":"https:\/\/detailspot.lt\/wp-content\/uploads\/2022\/10\/logo-original.svg","width":1,"height":1,"caption":"Detail Spot"},"image":{"@id":"https:\/\/detailspot.lt\/#\/schema\/logo\/image\/"},"sameAs":["https:\/\/www.facebook.com\/profile.php?id=100039208338156"]}]}},"_links":{"self":[{"href":"https:\/\/detailspot.lt\/en\/wp-json\/wp\/v2\/product\/6604","targetHints":{"allow":["GET"]}}],"collection":[{"href":"https:\/\/detailspot.lt\/en\/wp-json\/wp\/v2\/product"}],"about":[{"href":"https:\/\/detailspot.lt\/en\/wp-json\/wp\/v2\/types\/product"}],"replies":[{"embeddable":true,"href":"https:\/\/detailspot.lt\/en\/wp-json\/wp\/v2\/comments?post=6604"}],"wp:featuredmedia":[{"embeddable":true,"href":"https:\/\/detailspot.lt\/en\/wp-json\/wp\/v2\/media\/4070"}],"wp:attachment":[{"href":"https:\/\/detailspot.lt\/en\/wp-json\/wp\/v2\/media?parent=6604"}],"wp:term":[{"taxonomy":"product_brand","embeddable":true,"href":"https:\/\/detailspot.lt\/en\/wp-json\/wp\/v2\/product_brand?post=6604"},{"taxonomy":"product_cat","embeddable":true,"href":"https:\/\/detailspot.lt\/en\/wp-json\/wp\/v2\/product_cat?post=6604"},{"taxonomy":"product_tag","embeddable":true,"href":"https:\/\/detailspot.lt\/en\/wp-json\/wp\/v2\/product_tag?post=6604"}],"curies":[{"name":"wp","href":"https:\/\/api.w.org\/{rel}","templated":true}]}}