{"id":6592,"date":"2022-12-02T15:16:25","date_gmt":"2022-12-02T13:16:25","guid":{"rendered":"https:\/\/detailspot.lt\/produktas\/benbow-pro-134-superblack-blow-gun-2\/"},"modified":"2025-11-30T04:30:48","modified_gmt":"2025-11-30T02:30:48","slug":"benbow-pro-134-superblack-blow-gun-2","status":"publish","type":"product","link":"https:\/\/detailspot.lt\/en\/produktas\/benbow-pro-134-superblack-blow-gun-2\/","title":{"rendered":"BenBow PRO 134 SuperBlack Blow Gun"},"content":{"rendered":"<p><strong>BenBow PRO SuperBlack<\/strong> -is the strongest version of the tornado tool. It is characterised by its robust body made of high quality metal, the rear is made of sturdy plastic and the tornado effect is created by an aluminium nozzle driven by a bearing gear.<\/p>\n<p>&nbsp;<\/p>\n<p style=\"text-align: center;\"><img loading=\"lazy\" decoding=\"async\" class=\"alignnone wp-image-1946\" src=\"https:\/\/detailspot.lt\/wp-content\/uploads\/2022\/12\/BenBow-logo.png\" alt=\"\" width=\"151\" height=\"151\" srcset=\"https:\/\/detailspot.lt\/wp-content\/uploads\/2022\/12\/BenBow-logo.png 225w, https:\/\/detailspot.lt\/wp-content\/uploads\/2022\/12\/BenBow-logo-150x150.png 150w, https:\/\/detailspot.lt\/wp-content\/uploads\/2022\/12\/BenBow-logo-200x200.png 200w, https:\/\/detailspot.lt\/wp-content\/uploads\/2022\/12\/BenBow-logo-64x64.png 64w\" sizes=\"auto, (max-width: 151px) 100vw, 151px\" \/><\/p>\n","protected":false},"excerpt":{"rendered":"<p>BenBow PRO SuperBlack -is the strongest version of the tornado tool. It is characterised by its robust body made of high quality metal, the rear is made of sturdy plastic and the tornado effect is created by an aluminium nozzle driven by a bearing gear. &nbsp;<\/p>\n","protected":false},"featured_media":3640,"comment_status":"closed","ping_status":"closed","template":"","meta":[],"product_brand":[],"product_cat":[180,179],"product_tag":[],"class_list":{"0":"post-6592","1":"product","2":"type-product","3":"status-publish","4":"has-post-thumbnail","6":"product_cat-benbow-tornado-tools","7":"product_cat-tools","8":"description-off","10":"first","11":"instock","12":"taxable","13":"shipping-taxable","14":"purchasable","15":"product-type-simple"},"yoast_head":"<!-- This site is optimized with the Yoast SEO plugin v27.4 - https:\/\/yoast.com\/product\/yoast-seo-wordpress\/ -->\n<title>BenBow PRO 134 SuperBlack Blow Gun - Detail Spot<\/title>\n<meta name=\"robots\" content=\"index, follow, max-snippet:-1, max-image-preview:large, max-video-preview:-1\" \/>\n<link rel=\"canonical\" href=\"https:\/\/detailspot.lt\/produktas\/benbow-pro-134-superblack-blow-gun-2\/\" \/>\n<meta property=\"og:locale\" content=\"en_US\" \/>\n<meta property=\"og:type\" content=\"article\" \/>\n<meta property=\"og:title\" content=\"BenBow PRO 134 SuperBlack Blow Gun - Detail Spot\" \/>\n<meta property=\"og:description\" content=\"BenBow PRO SuperBlack -is the strongest version of the tornado tool. It is characterised by its robust body made of high quality metal, the rear is made of sturdy plastic and the tornado effect is created by an aluminium nozzle driven by a bearing gear. &nbsp;\" \/>\n<meta property=\"og:url\" content=\"https:\/\/detailspot.lt\/produktas\/benbow-pro-134-superblack-blow-gun-2\/\" \/>\n<meta property=\"og:site_name\" content=\"Detail Spot\" \/>\n<meta property=\"article:publisher\" content=\"https:\/\/www.facebook.com\/profile.php?id=100039208338156\" \/>\n<meta property=\"article:modified_time\" content=\"2025-11-30T02:30:48+00:00\" \/>\n<meta property=\"og:image\" content=\"https:\/\/detailspot.lt\/wp-content\/uploads\/2022\/12\/BenBow-logo.png\" \/>\n<meta name=\"twitter:card\" content=\"summary_large_image\" \/>\n<script type=\"application\/ld+json\" class=\"yoast-schema-graph\">{\"@context\":\"https:\\\/\\\/schema.org\",\"@graph\":[{\"@type\":\"WebPage\",\"@id\":\"https:\\\/\\\/detailspot.lt\\\/produktas\\\/benbow-pro-134-superblack-blow-gun-2\\\/\",\"url\":\"https:\\\/\\\/detailspot.lt\\\/produktas\\\/benbow-pro-134-superblack-blow-gun-2\\\/\",\"name\":\"BenBow PRO 134 SuperBlack Blow Gun - Detail Spot\",\"isPartOf\":{\"@id\":\"https:\\\/\\\/detailspot.lt\\\/#website\"},\"primaryImageOfPage\":{\"@id\":\"https:\\\/\\\/detailspot.lt\\\/produktas\\\/benbow-pro-134-superblack-blow-gun-2\\\/#primaryimage\"},\"image\":{\"@id\":\"https:\\\/\\\/detailspot.lt\\\/produktas\\\/benbow-pro-134-superblack-blow-gun-2\\\/#primaryimage\"},\"thumbnailUrl\":\"https:\\\/\\\/detailspot.lt\\\/wp-content\\\/uploads\\\/2022\\\/12\\\/000134_1.jpg\",\"datePublished\":\"2022-12-02T13:16:25+00:00\",\"dateModified\":\"2025-11-30T02:30:48+00:00\",\"breadcrumb\":{\"@id\":\"https:\\\/\\\/detailspot.lt\\\/produktas\\\/benbow-pro-134-superblack-blow-gun-2\\\/#breadcrumb\"},\"inLanguage\":\"en-US\",\"potentialAction\":[{\"@type\":\"ReadAction\",\"target\":[\"https:\\\/\\\/detailspot.lt\\\/produktas\\\/benbow-pro-134-superblack-blow-gun-2\\\/\"]}]},{\"@type\":\"ImageObject\",\"inLanguage\":\"en-US\",\"@id\":\"https:\\\/\\\/detailspot.lt\\\/produktas\\\/benbow-pro-134-superblack-blow-gun-2\\\/#primaryimage\",\"url\":\"https:\\\/\\\/detailspot.lt\\\/wp-content\\\/uploads\\\/2022\\\/12\\\/000134_1.jpg\",\"contentUrl\":\"https:\\\/\\\/detailspot.lt\\\/wp-content\\\/uploads\\\/2022\\\/12\\\/000134_1.jpg\",\"width\":1080,\"height\":1080},{\"@type\":\"BreadcrumbList\",\"@id\":\"https:\\\/\\\/detailspot.lt\\\/produktas\\\/benbow-pro-134-superblack-blow-gun-2\\\/#breadcrumb\",\"itemListElement\":[{\"@type\":\"ListItem\",\"position\":1,\"name\":\"Home\",\"item\":\"https:\\\/\\\/detailspot.lt\\\/en\\\/\"},{\"@type\":\"ListItem\",\"position\":2,\"name\":\"Shop\",\"item\":\"https:\\\/\\\/detailspot.lt\\\/en\\\/parduotuve\\\/\"},{\"@type\":\"ListItem\",\"position\":3,\"name\":\"BenBow PRO 134 SuperBlack Blow Gun\"}]},{\"@type\":\"WebSite\",\"@id\":\"https:\\\/\\\/detailspot.lt\\\/#website\",\"url\":\"https:\\\/\\\/detailspot.lt\\\/\",\"name\":\"Detail Spot\",\"description\":\"Automobili\u0173 prie\u017ei\u016bros priemon\u0117s\",\"publisher\":{\"@id\":\"https:\\\/\\\/detailspot.lt\\\/#organization\"},\"potentialAction\":[{\"@type\":\"SearchAction\",\"target\":{\"@type\":\"EntryPoint\",\"urlTemplate\":\"https:\\\/\\\/detailspot.lt\\\/?s={search_term_string}\"},\"query-input\":{\"@type\":\"PropertyValueSpecification\",\"valueRequired\":true,\"valueName\":\"search_term_string\"}}],\"inLanguage\":\"en-US\"},{\"@type\":\"Organization\",\"@id\":\"https:\\\/\\\/detailspot.lt\\\/#organization\",\"name\":\"Detail Spot\",\"url\":\"https:\\\/\\\/detailspot.lt\\\/\",\"logo\":{\"@type\":\"ImageObject\",\"inLanguage\":\"en-US\",\"@id\":\"https:\\\/\\\/detailspot.lt\\\/#\\\/schema\\\/logo\\\/image\\\/\",\"url\":\"https:\\\/\\\/detailspot.lt\\\/wp-content\\\/uploads\\\/2022\\\/10\\\/logo-original.svg\",\"contentUrl\":\"https:\\\/\\\/detailspot.lt\\\/wp-content\\\/uploads\\\/2022\\\/10\\\/logo-original.svg\",\"width\":1,\"height\":1,\"caption\":\"Detail Spot\"},\"image\":{\"@id\":\"https:\\\/\\\/detailspot.lt\\\/#\\\/schema\\\/logo\\\/image\\\/\"},\"sameAs\":[\"https:\\\/\\\/www.facebook.com\\\/profile.php?id=100039208338156\"]}]}<\/script>\n<!-- \/ Yoast SEO plugin. -->","yoast_head_json":{"title":"BenBow PRO 134 SuperBlack Blow Gun - Detail Spot","robots":{"index":"index","follow":"follow","max-snippet":"max-snippet:-1","max-image-preview":"max-image-preview:large","max-video-preview":"max-video-preview:-1"},"canonical":"https:\/\/detailspot.lt\/produktas\/benbow-pro-134-superblack-blow-gun-2\/","og_locale":"en_US","og_type":"article","og_title":"BenBow PRO 134 SuperBlack Blow Gun - Detail Spot","og_description":"BenBow PRO SuperBlack -is the strongest version of the tornado tool. It is characterised by its robust body made of high quality metal, the rear is made of sturdy plastic and the tornado effect is created by an aluminium nozzle driven by a bearing gear. &nbsp;","og_url":"https:\/\/detailspot.lt\/produktas\/benbow-pro-134-superblack-blow-gun-2\/","og_site_name":"Detail Spot","article_publisher":"https:\/\/www.facebook.com\/profile.php?id=100039208338156","article_modified_time":"2025-11-30T02:30:48+00:00","og_image":[{"url":"https:\/\/detailspot.lt\/wp-content\/uploads\/2022\/12\/BenBow-logo.png","type":"","width":"","height":""}],"twitter_card":"summary_large_image","schema":{"@context":"https:\/\/schema.org","@graph":[{"@type":"WebPage","@id":"https:\/\/detailspot.lt\/produktas\/benbow-pro-134-superblack-blow-gun-2\/","url":"https:\/\/detailspot.lt\/produktas\/benbow-pro-134-superblack-blow-gun-2\/","name":"BenBow PRO 134 SuperBlack Blow Gun - Detail Spot","isPartOf":{"@id":"https:\/\/detailspot.lt\/#website"},"primaryImageOfPage":{"@id":"https:\/\/detailspot.lt\/produktas\/benbow-pro-134-superblack-blow-gun-2\/#primaryimage"},"image":{"@id":"https:\/\/detailspot.lt\/produktas\/benbow-pro-134-superblack-blow-gun-2\/#primaryimage"},"thumbnailUrl":"https:\/\/detailspot.lt\/wp-content\/uploads\/2022\/12\/000134_1.jpg","datePublished":"2022-12-02T13:16:25+00:00","dateModified":"2025-11-30T02:30:48+00:00","breadcrumb":{"@id":"https:\/\/detailspot.lt\/produktas\/benbow-pro-134-superblack-blow-gun-2\/#breadcrumb"},"inLanguage":"en-US","potentialAction":[{"@type":"ReadAction","target":["https:\/\/detailspot.lt\/produktas\/benbow-pro-134-superblack-blow-gun-2\/"]}]},{"@type":"ImageObject","inLanguage":"en-US","@id":"https:\/\/detailspot.lt\/produktas\/benbow-pro-134-superblack-blow-gun-2\/#primaryimage","url":"https:\/\/detailspot.lt\/wp-content\/uploads\/2022\/12\/000134_1.jpg","contentUrl":"https:\/\/detailspot.lt\/wp-content\/uploads\/2022\/12\/000134_1.jpg","width":1080,"height":1080},{"@type":"BreadcrumbList","@id":"https:\/\/detailspot.lt\/produktas\/benbow-pro-134-superblack-blow-gun-2\/#breadcrumb","itemListElement":[{"@type":"ListItem","position":1,"name":"Home","item":"https:\/\/detailspot.lt\/en\/"},{"@type":"ListItem","position":2,"name":"Shop","item":"https:\/\/detailspot.lt\/en\/parduotuve\/"},{"@type":"ListItem","position":3,"name":"BenBow PRO 134 SuperBlack Blow Gun"}]},{"@type":"WebSite","@id":"https:\/\/detailspot.lt\/#website","url":"https:\/\/detailspot.lt\/","name":"Detail Spot","description":"Automobili\u0173 prie\u017ei\u016bros priemon\u0117s","publisher":{"@id":"https:\/\/detailspot.lt\/#organization"},"potentialAction":[{"@type":"SearchAction","target":{"@type":"EntryPoint","urlTemplate":"https:\/\/detailspot.lt\/?s={search_term_string}"},"query-input":{"@type":"PropertyValueSpecification","valueRequired":true,"valueName":"search_term_string"}}],"inLanguage":"en-US"},{"@type":"Organization","@id":"https:\/\/detailspot.lt\/#organization","name":"Detail Spot","url":"https:\/\/detailspot.lt\/","logo":{"@type":"ImageObject","inLanguage":"en-US","@id":"https:\/\/detailspot.lt\/#\/schema\/logo\/image\/","url":"https:\/\/detailspot.lt\/wp-content\/uploads\/2022\/10\/logo-original.svg","contentUrl":"https:\/\/detailspot.lt\/wp-content\/uploads\/2022\/10\/logo-original.svg","width":1,"height":1,"caption":"Detail Spot"},"image":{"@id":"https:\/\/detailspot.lt\/#\/schema\/logo\/image\/"},"sameAs":["https:\/\/www.facebook.com\/profile.php?id=100039208338156"]}]}},"_links":{"self":[{"href":"https:\/\/detailspot.lt\/en\/wp-json\/wp\/v2\/product\/6592","targetHints":{"allow":["GET"]}}],"collection":[{"href":"https:\/\/detailspot.lt\/en\/wp-json\/wp\/v2\/product"}],"about":[{"href":"https:\/\/detailspot.lt\/en\/wp-json\/wp\/v2\/types\/product"}],"replies":[{"embeddable":true,"href":"https:\/\/detailspot.lt\/en\/wp-json\/wp\/v2\/comments?post=6592"}],"wp:featuredmedia":[{"embeddable":true,"href":"https:\/\/detailspot.lt\/en\/wp-json\/wp\/v2\/media\/3640"}],"wp:attachment":[{"href":"https:\/\/detailspot.lt\/en\/wp-json\/wp\/v2\/media?parent=6592"}],"wp:term":[{"taxonomy":"product_brand","embeddable":true,"href":"https:\/\/detailspot.lt\/en\/wp-json\/wp\/v2\/product_brand?post=6592"},{"taxonomy":"product_cat","embeddable":true,"href":"https:\/\/detailspot.lt\/en\/wp-json\/wp\/v2\/product_cat?post=6592"},{"taxonomy":"product_tag","embeddable":true,"href":"https:\/\/detailspot.lt\/en\/wp-json\/wp\/v2\/product_tag?post=6592"}],"curies":[{"name":"wp","href":"https:\/\/api.w.org\/{rel}","templated":true}]}}