{"id":6589,"date":"2022-12-02T15:16:25","date_gmt":"2022-12-02T13:16:25","guid":{"rendered":"https:\/\/detailspot.lt\/produktas\/benbow-blow-gun-black-010\/"},"modified":"2025-11-30T04:30:48","modified_gmt":"2025-11-30T02:30:48","slug":"benbow-blow-gun-black-010","status":"publish","type":"product","link":"https:\/\/detailspot.lt\/en\/produktas\/benbow-blow-gun-black-010\/","title":{"rendered":"BenBow Blow Gun Black 010"},"content":{"rendered":"<div id=\"heading2\">\n<p><strong>BenBow Blow Gun Black &#8211; <\/strong>tornado cleaning tool without chemical tank. Ideal for a wide range of drying tasks or for dry cleaning of the interior or other areas. The Gun Black has metal rotating parts making it stronger and more durable than plastic versions.<\/p>\n<\/div>\n<p><strong>Characteristics:<\/strong><\/p>\n<ol>\n<li>Connects to the compressor<\/li>\n<li>Metal tornado effect part<\/li>\n<li>Required air pressure 6-9.2 bar.<\/li>\n<li>Minimum air flow 150L\/min (after losses)<\/li>\n<\/ol>\n<p>&nbsp;<\/p>\n<p style=\"text-align: center;\"><img loading=\"lazy\" decoding=\"async\" class=\"alignnone wp-image-1946\" src=\"https:\/\/detailspot.lt\/wp-content\/uploads\/2022\/12\/BenBow-logo.png\" alt=\"\" width=\"170\" height=\"170\" srcset=\"https:\/\/detailspot.lt\/wp-content\/uploads\/2022\/12\/BenBow-logo.png 225w, https:\/\/detailspot.lt\/wp-content\/uploads\/2022\/12\/BenBow-logo-150x150.png 150w, https:\/\/detailspot.lt\/wp-content\/uploads\/2022\/12\/BenBow-logo-200x200.png 200w, https:\/\/detailspot.lt\/wp-content\/uploads\/2022\/12\/BenBow-logo-64x64.png 64w\" sizes=\"auto, (max-width: 170px) 100vw, 170px\" \/><\/p>\n","protected":false},"excerpt":{"rendered":"<p>BenBow Blow Gun Black &#8211; tornado cleaning tool without chemical tank. Ideal for a wide range of drying tasks or for dry cleaning of the interior or other areas. The Gun Black has metal rotating parts making it stronger and more durable than plastic versions. Characteristics: Connects to the compressor Metal tornado effect part Required&hellip;<\/p>\n","protected":false},"featured_media":3654,"comment_status":"closed","ping_status":"closed","template":"","meta":[],"product_brand":[],"product_cat":[180,179],"product_tag":[],"class_list":{"0":"post-6589","1":"product","2":"type-product","3":"status-publish","4":"has-post-thumbnail","6":"product_cat-benbow-tornado-tools","7":"product_cat-tools","8":"description-off","10":"first","11":"instock","12":"taxable","13":"shipping-taxable","14":"purchasable","15":"product-type-simple"},"yoast_head":"<!-- This site is optimized with the Yoast SEO plugin v27.4 - https:\/\/yoast.com\/product\/yoast-seo-wordpress\/ -->\n<title>BenBow Blow Gun Black 010 - Detail Spot<\/title>\n<meta name=\"robots\" content=\"index, follow, max-snippet:-1, max-image-preview:large, max-video-preview:-1\" \/>\n<link rel=\"canonical\" href=\"https:\/\/detailspot.lt\/produktas\/benbow-blow-gun-black-010\/\" \/>\n<meta property=\"og:locale\" content=\"en_US\" \/>\n<meta property=\"og:type\" content=\"article\" \/>\n<meta property=\"og:title\" content=\"BenBow Blow Gun Black 010 - Detail Spot\" \/>\n<meta property=\"og:description\" content=\"BenBow Blow Gun Black &#8211; tornado cleaning tool without chemical tank. Ideal for a wide range of drying tasks or for dry cleaning of the interior or other areas. The Gun Black has metal rotating parts making it stronger and more durable than plastic versions. Characteristics: Connects to the compressor Metal tornado effect part Required&hellip;\" \/>\n<meta property=\"og:url\" content=\"https:\/\/detailspot.lt\/produktas\/benbow-blow-gun-black-010\/\" \/>\n<meta property=\"og:site_name\" content=\"Detail Spot\" \/>\n<meta property=\"article:publisher\" content=\"https:\/\/www.facebook.com\/profile.php?id=100039208338156\" \/>\n<meta property=\"article:modified_time\" content=\"2025-11-30T02:30:48+00:00\" \/>\n<meta property=\"og:image\" content=\"https:\/\/detailspot.lt\/wp-content\/uploads\/2022\/12\/BenBow-logo.png\" \/>\n<meta name=\"twitter:card\" content=\"summary_large_image\" \/>\n<script type=\"application\/ld+json\" class=\"yoast-schema-graph\">{\"@context\":\"https:\\\/\\\/schema.org\",\"@graph\":[{\"@type\":\"WebPage\",\"@id\":\"https:\\\/\\\/detailspot.lt\\\/produktas\\\/benbow-blow-gun-black-010\\\/\",\"url\":\"https:\\\/\\\/detailspot.lt\\\/produktas\\\/benbow-blow-gun-black-010\\\/\",\"name\":\"BenBow Blow Gun Black 010 - Detail Spot\",\"isPartOf\":{\"@id\":\"https:\\\/\\\/detailspot.lt\\\/#website\"},\"primaryImageOfPage\":{\"@id\":\"https:\\\/\\\/detailspot.lt\\\/produktas\\\/benbow-blow-gun-black-010\\\/#primaryimage\"},\"image\":{\"@id\":\"https:\\\/\\\/detailspot.lt\\\/produktas\\\/benbow-blow-gun-black-010\\\/#primaryimage\"},\"thumbnailUrl\":\"https:\\\/\\\/detailspot.lt\\\/wp-content\\\/uploads\\\/2022\\\/12\\\/Classic-Blow-Gun-with-bearing-1.jpg\",\"datePublished\":\"2022-12-02T13:16:25+00:00\",\"dateModified\":\"2025-11-30T02:30:48+00:00\",\"breadcrumb\":{\"@id\":\"https:\\\/\\\/detailspot.lt\\\/produktas\\\/benbow-blow-gun-black-010\\\/#breadcrumb\"},\"inLanguage\":\"en-US\",\"potentialAction\":[{\"@type\":\"ReadAction\",\"target\":[\"https:\\\/\\\/detailspot.lt\\\/produktas\\\/benbow-blow-gun-black-010\\\/\"]}]},{\"@type\":\"ImageObject\",\"inLanguage\":\"en-US\",\"@id\":\"https:\\\/\\\/detailspot.lt\\\/produktas\\\/benbow-blow-gun-black-010\\\/#primaryimage\",\"url\":\"https:\\\/\\\/detailspot.lt\\\/wp-content\\\/uploads\\\/2022\\\/12\\\/Classic-Blow-Gun-with-bearing-1.jpg\",\"contentUrl\":\"https:\\\/\\\/detailspot.lt\\\/wp-content\\\/uploads\\\/2022\\\/12\\\/Classic-Blow-Gun-with-bearing-1.jpg\",\"width\":1200,\"height\":900},{\"@type\":\"BreadcrumbList\",\"@id\":\"https:\\\/\\\/detailspot.lt\\\/produktas\\\/benbow-blow-gun-black-010\\\/#breadcrumb\",\"itemListElement\":[{\"@type\":\"ListItem\",\"position\":1,\"name\":\"Home\",\"item\":\"https:\\\/\\\/detailspot.lt\\\/en\\\/\"},{\"@type\":\"ListItem\",\"position\":2,\"name\":\"Shop\",\"item\":\"https:\\\/\\\/detailspot.lt\\\/en\\\/parduotuve\\\/\"},{\"@type\":\"ListItem\",\"position\":3,\"name\":\"BenBow Blow Gun Black 010\"}]},{\"@type\":\"WebSite\",\"@id\":\"https:\\\/\\\/detailspot.lt\\\/#website\",\"url\":\"https:\\\/\\\/detailspot.lt\\\/\",\"name\":\"Detail Spot\",\"description\":\"Automobili\u0173 prie\u017ei\u016bros priemon\u0117s\",\"publisher\":{\"@id\":\"https:\\\/\\\/detailspot.lt\\\/#organization\"},\"potentialAction\":[{\"@type\":\"SearchAction\",\"target\":{\"@type\":\"EntryPoint\",\"urlTemplate\":\"https:\\\/\\\/detailspot.lt\\\/?s={search_term_string}\"},\"query-input\":{\"@type\":\"PropertyValueSpecification\",\"valueRequired\":true,\"valueName\":\"search_term_string\"}}],\"inLanguage\":\"en-US\"},{\"@type\":\"Organization\",\"@id\":\"https:\\\/\\\/detailspot.lt\\\/#organization\",\"name\":\"Detail Spot\",\"url\":\"https:\\\/\\\/detailspot.lt\\\/\",\"logo\":{\"@type\":\"ImageObject\",\"inLanguage\":\"en-US\",\"@id\":\"https:\\\/\\\/detailspot.lt\\\/#\\\/schema\\\/logo\\\/image\\\/\",\"url\":\"https:\\\/\\\/detailspot.lt\\\/wp-content\\\/uploads\\\/2022\\\/10\\\/logo-original.svg\",\"contentUrl\":\"https:\\\/\\\/detailspot.lt\\\/wp-content\\\/uploads\\\/2022\\\/10\\\/logo-original.svg\",\"width\":1,\"height\":1,\"caption\":\"Detail Spot\"},\"image\":{\"@id\":\"https:\\\/\\\/detailspot.lt\\\/#\\\/schema\\\/logo\\\/image\\\/\"},\"sameAs\":[\"https:\\\/\\\/www.facebook.com\\\/profile.php?id=100039208338156\"]}]}<\/script>\n<!-- \/ Yoast SEO plugin. -->","yoast_head_json":{"title":"BenBow Blow Gun Black 010 - Detail Spot","robots":{"index":"index","follow":"follow","max-snippet":"max-snippet:-1","max-image-preview":"max-image-preview:large","max-video-preview":"max-video-preview:-1"},"canonical":"https:\/\/detailspot.lt\/produktas\/benbow-blow-gun-black-010\/","og_locale":"en_US","og_type":"article","og_title":"BenBow Blow Gun Black 010 - Detail Spot","og_description":"BenBow Blow Gun Black &#8211; tornado cleaning tool without chemical tank. Ideal for a wide range of drying tasks or for dry cleaning of the interior or other areas. The Gun Black has metal rotating parts making it stronger and more durable than plastic versions. Characteristics: Connects to the compressor Metal tornado effect part Required&hellip;","og_url":"https:\/\/detailspot.lt\/produktas\/benbow-blow-gun-black-010\/","og_site_name":"Detail Spot","article_publisher":"https:\/\/www.facebook.com\/profile.php?id=100039208338156","article_modified_time":"2025-11-30T02:30:48+00:00","og_image":[{"url":"https:\/\/detailspot.lt\/wp-content\/uploads\/2022\/12\/BenBow-logo.png","type":"","width":"","height":""}],"twitter_card":"summary_large_image","schema":{"@context":"https:\/\/schema.org","@graph":[{"@type":"WebPage","@id":"https:\/\/detailspot.lt\/produktas\/benbow-blow-gun-black-010\/","url":"https:\/\/detailspot.lt\/produktas\/benbow-blow-gun-black-010\/","name":"BenBow Blow Gun Black 010 - Detail Spot","isPartOf":{"@id":"https:\/\/detailspot.lt\/#website"},"primaryImageOfPage":{"@id":"https:\/\/detailspot.lt\/produktas\/benbow-blow-gun-black-010\/#primaryimage"},"image":{"@id":"https:\/\/detailspot.lt\/produktas\/benbow-blow-gun-black-010\/#primaryimage"},"thumbnailUrl":"https:\/\/detailspot.lt\/wp-content\/uploads\/2022\/12\/Classic-Blow-Gun-with-bearing-1.jpg","datePublished":"2022-12-02T13:16:25+00:00","dateModified":"2025-11-30T02:30:48+00:00","breadcrumb":{"@id":"https:\/\/detailspot.lt\/produktas\/benbow-blow-gun-black-010\/#breadcrumb"},"inLanguage":"en-US","potentialAction":[{"@type":"ReadAction","target":["https:\/\/detailspot.lt\/produktas\/benbow-blow-gun-black-010\/"]}]},{"@type":"ImageObject","inLanguage":"en-US","@id":"https:\/\/detailspot.lt\/produktas\/benbow-blow-gun-black-010\/#primaryimage","url":"https:\/\/detailspot.lt\/wp-content\/uploads\/2022\/12\/Classic-Blow-Gun-with-bearing-1.jpg","contentUrl":"https:\/\/detailspot.lt\/wp-content\/uploads\/2022\/12\/Classic-Blow-Gun-with-bearing-1.jpg","width":1200,"height":900},{"@type":"BreadcrumbList","@id":"https:\/\/detailspot.lt\/produktas\/benbow-blow-gun-black-010\/#breadcrumb","itemListElement":[{"@type":"ListItem","position":1,"name":"Home","item":"https:\/\/detailspot.lt\/en\/"},{"@type":"ListItem","position":2,"name":"Shop","item":"https:\/\/detailspot.lt\/en\/parduotuve\/"},{"@type":"ListItem","position":3,"name":"BenBow Blow Gun Black 010"}]},{"@type":"WebSite","@id":"https:\/\/detailspot.lt\/#website","url":"https:\/\/detailspot.lt\/","name":"Detail Spot","description":"Automobili\u0173 prie\u017ei\u016bros priemon\u0117s","publisher":{"@id":"https:\/\/detailspot.lt\/#organization"},"potentialAction":[{"@type":"SearchAction","target":{"@type":"EntryPoint","urlTemplate":"https:\/\/detailspot.lt\/?s={search_term_string}"},"query-input":{"@type":"PropertyValueSpecification","valueRequired":true,"valueName":"search_term_string"}}],"inLanguage":"en-US"},{"@type":"Organization","@id":"https:\/\/detailspot.lt\/#organization","name":"Detail Spot","url":"https:\/\/detailspot.lt\/","logo":{"@type":"ImageObject","inLanguage":"en-US","@id":"https:\/\/detailspot.lt\/#\/schema\/logo\/image\/","url":"https:\/\/detailspot.lt\/wp-content\/uploads\/2022\/10\/logo-original.svg","contentUrl":"https:\/\/detailspot.lt\/wp-content\/uploads\/2022\/10\/logo-original.svg","width":1,"height":1,"caption":"Detail Spot"},"image":{"@id":"https:\/\/detailspot.lt\/#\/schema\/logo\/image\/"},"sameAs":["https:\/\/www.facebook.com\/profile.php?id=100039208338156"]}]}},"_links":{"self":[{"href":"https:\/\/detailspot.lt\/en\/wp-json\/wp\/v2\/product\/6589","targetHints":{"allow":["GET"]}}],"collection":[{"href":"https:\/\/detailspot.lt\/en\/wp-json\/wp\/v2\/product"}],"about":[{"href":"https:\/\/detailspot.lt\/en\/wp-json\/wp\/v2\/types\/product"}],"replies":[{"embeddable":true,"href":"https:\/\/detailspot.lt\/en\/wp-json\/wp\/v2\/comments?post=6589"}],"wp:featuredmedia":[{"embeddable":true,"href":"https:\/\/detailspot.lt\/en\/wp-json\/wp\/v2\/media\/3654"}],"wp:attachment":[{"href":"https:\/\/detailspot.lt\/en\/wp-json\/wp\/v2\/media?parent=6589"}],"wp:term":[{"taxonomy":"product_brand","embeddable":true,"href":"https:\/\/detailspot.lt\/en\/wp-json\/wp\/v2\/product_brand?post=6589"},{"taxonomy":"product_cat","embeddable":true,"href":"https:\/\/detailspot.lt\/en\/wp-json\/wp\/v2\/product_cat?post=6589"},{"taxonomy":"product_tag","embeddable":true,"href":"https:\/\/detailspot.lt\/en\/wp-json\/wp\/v2\/product_tag?post=6589"}],"curies":[{"name":"wp","href":"https:\/\/api.w.org\/{rel}","templated":true}]}}