{"id":6588,"date":"2022-12-02T15:16:25","date_gmt":"2022-12-02T13:16:25","guid":{"rendered":"https:\/\/detailspot.lt\/produktas\/benbow-tornador-blue-cleaning-gun-vaccum-washer-057\/"},"modified":"2022-12-02T15:16:25","modified_gmt":"2022-12-02T13:16:25","slug":"benbow-tornador-blue-cleaning-gun-vaccum-washer-057","status":"publish","type":"product","link":"https:\/\/detailspot.lt\/en\/produktas\/benbow-tornador-blue-cleaning-gun-vaccum-washer-057\/","title":{"rendered":"BenBow Tornador Blue Cleaning Gun + Vaccum Washer 057"},"content":{"rendered":"<h1 class=\"western\">BenBow Tornador Blue Cleaning Gun + Vaccum Washer 057<\/h1>\n<p>The tool is designed to clean hard-to-reach areas with high tornado force and suction liquids simultaneously. It is the most effective dry cleaning tool of all the alternative solutions. Interior plastics, carpets, mats, upholstery, engine compartment, gaps, everything will be cleaned faster, better and more efficiently with the help of the tornado vortex. The device has a chemical tank which, when pressurised, is passed through a rotating nozzle to create a tornado effect, giving additional kinetic force to the chemical cleaner and making the cleaning process extremely fast. The Vacuum Washer version has a professional bearing mechanism which increases the durability and efficiency of the tool compared to the regular Classic model with an unbalanced hose, and the materials of which the tool is made are adapted for professional use, for continuous use in car washes and so on.<\/p>\n<p>Characteristics:<\/p>\n<ol>\n<li>Creates a Tornado effect and sucks the liquid away at the same time;<\/li>\n<li>Designed with high quality materials for professional, uninterrupted use;<\/li>\n<li>Plastic, bearing Tornado effect part;<\/li>\n<li>Plastic nozzle with brush;<\/li>\n<li>Adjustable chemical dosage;<\/li>\n<li>Adjustable air pressure;<\/li>\n<li>Rotating quick connector for easy use of the tool;<\/li>\n<li>Connects to the air compressor and pump.<\/li>\n<\/ol>\n<p>The set includes:<\/p>\n<ol>\n<li>Tornado tool with container;<\/li>\n<li>Quick swivel connector for connection to a compressor;<\/li>\n<li>Pressure regulator;<\/li>\n<li>Transparent nozzle with pump connection;<\/li>\n<li>Flexible pump changeover;<\/li>\n<li>Plastic nozzle with brush;<\/li>\n<li>Pump transitions for different sizes.<\/li>\n<\/ol>\n<p>&nbsp;<\/p>\n<p style=\"text-align: center;\"><img loading=\"lazy\" decoding=\"async\" class=\"alignnone wp-image-1946\" src=\"https:\/\/detailspot.lt\/wp-content\/uploads\/2022\/12\/BenBow-logo.png\" alt=\"\" width=\"150\" height=\"150\" srcset=\"https:\/\/detailspot.lt\/wp-content\/uploads\/2022\/12\/BenBow-logo.png 225w, https:\/\/detailspot.lt\/wp-content\/uploads\/2022\/12\/BenBow-logo-150x150.png 150w, https:\/\/detailspot.lt\/wp-content\/uploads\/2022\/12\/BenBow-logo-200x200.png 200w, https:\/\/detailspot.lt\/wp-content\/uploads\/2022\/12\/BenBow-logo-64x64.png 64w\" sizes=\"auto, (max-width: 150px) 100vw, 150px\" \/><\/p>\n","protected":false},"excerpt":{"rendered":"<p>BenBow Tornador Blue Cleaning Gun + Vaccum Washer 057 The tool is designed to clean hard-to-reach areas with high tornado force and suction liquids simultaneously. It is the most effective dry cleaning tool of all the alternative solutions. Interior plastics, carpets, mats, upholstery, engine compartment, gaps, everything will be cleaned faster, better and more efficiently&hellip;<\/p>\n","protected":false},"featured_media":3657,"comment_status":"closed","ping_status":"closed","template":"","meta":[],"product_brand":[],"product_cat":[180,179],"product_tag":[],"class_list":{"0":"post-6588","1":"product","2":"type-product","3":"status-publish","4":"has-post-thumbnail","6":"product_cat-benbow-tornado-tools","7":"product_cat-tools","8":"description-off","10":"first","11":"outofstock","12":"taxable","13":"shipping-taxable","14":"purchasable","15":"product-type-simple"},"yoast_head":"<!-- This site is optimized with the Yoast SEO plugin v27.3 - https:\/\/yoast.com\/product\/yoast-seo-wordpress\/ -->\n<title>BenBow Tornador Blue Cleaning Gun + Vaccum Washer 057<\/title>\n<meta name=\"description\" content=\"BenBow Tornador Vaccum Washer The tool is designed to clean hard-to-reach areas with high tornado force and suction liquids simultaneously.\" \/>\n<meta name=\"robots\" content=\"index, follow, max-snippet:-1, max-image-preview:large, max-video-preview:-1\" \/>\n<link rel=\"canonical\" href=\"https:\/\/detailspot.lt\/en\/produktas\/benbow-tornador-blue-cleaning-gun-vaccum-washer-057\/\" \/>\n<meta property=\"og:locale\" content=\"en_US\" \/>\n<meta property=\"og:type\" content=\"article\" \/>\n<meta property=\"og:title\" content=\"BenBow Tornador Blue Cleaning Gun + Vaccum Washer 057\" \/>\n<meta property=\"og:description\" content=\"BenBow Tornador Vaccum Washer The tool is designed to clean hard-to-reach areas with high tornado force and suction liquids simultaneously.\" \/>\n<meta property=\"og:url\" content=\"https:\/\/detailspot.lt\/en\/produktas\/benbow-tornador-blue-cleaning-gun-vaccum-washer-057\/\" \/>\n<meta property=\"og:site_name\" content=\"Detail Spot\" \/>\n<meta property=\"article:publisher\" content=\"https:\/\/www.facebook.com\/profile.php?id=100039208338156\" \/>\n<meta property=\"og:image\" content=\"https:\/\/detailspot.lt\/wp-content\/uploads\/2022\/12\/BenBow-Blue-Cleaning-gun-057-3.jpg\" \/>\n\t<meta property=\"og:image:width\" content=\"1620\" \/>\n\t<meta property=\"og:image:height\" content=\"1080\" \/>\n\t<meta property=\"og:image:type\" content=\"image\/jpeg\" \/>\n<meta name=\"twitter:card\" content=\"summary_large_image\" \/>\n<meta name=\"twitter:label1\" content=\"Est. reading time\" \/>\n\t<meta name=\"twitter:data1\" content=\"1 minute\" \/>\n<script type=\"application\/ld+json\" class=\"yoast-schema-graph\">{\"@context\":\"https:\\\/\\\/schema.org\",\"@graph\":[{\"@type\":\"WebPage\",\"@id\":\"https:\\\/\\\/detailspot.lt\\\/en\\\/produktas\\\/benbow-tornador-blue-cleaning-gun-vaccum-washer-057\\\/\",\"url\":\"https:\\\/\\\/detailspot.lt\\\/en\\\/produktas\\\/benbow-tornador-blue-cleaning-gun-vaccum-washer-057\\\/\",\"name\":\"BenBow Tornador Blue Cleaning Gun + Vaccum Washer 057\",\"isPartOf\":{\"@id\":\"https:\\\/\\\/detailspot.lt\\\/#website\"},\"primaryImageOfPage\":{\"@id\":\"https:\\\/\\\/detailspot.lt\\\/en\\\/produktas\\\/benbow-tornador-blue-cleaning-gun-vaccum-washer-057\\\/#primaryimage\"},\"image\":{\"@id\":\"https:\\\/\\\/detailspot.lt\\\/en\\\/produktas\\\/benbow-tornador-blue-cleaning-gun-vaccum-washer-057\\\/#primaryimage\"},\"thumbnailUrl\":\"https:\\\/\\\/detailspot.lt\\\/wp-content\\\/uploads\\\/2022\\\/12\\\/BenBow-Blue-Cleaning-gun-057-3.jpg\",\"datePublished\":\"2022-12-02T13:16:25+00:00\",\"description\":\"BenBow Tornador Vaccum Washer The tool is designed to clean hard-to-reach areas with high tornado force and suction liquids simultaneously.\",\"breadcrumb\":{\"@id\":\"https:\\\/\\\/detailspot.lt\\\/en\\\/produktas\\\/benbow-tornador-blue-cleaning-gun-vaccum-washer-057\\\/#breadcrumb\"},\"inLanguage\":\"en-US\",\"potentialAction\":[{\"@type\":\"ReadAction\",\"target\":[\"https:\\\/\\\/detailspot.lt\\\/en\\\/produktas\\\/benbow-tornador-blue-cleaning-gun-vaccum-washer-057\\\/\"]}]},{\"@type\":\"ImageObject\",\"inLanguage\":\"en-US\",\"@id\":\"https:\\\/\\\/detailspot.lt\\\/en\\\/produktas\\\/benbow-tornador-blue-cleaning-gun-vaccum-washer-057\\\/#primaryimage\",\"url\":\"https:\\\/\\\/detailspot.lt\\\/wp-content\\\/uploads\\\/2022\\\/12\\\/BenBow-Blue-Cleaning-gun-057-3.jpg\",\"contentUrl\":\"https:\\\/\\\/detailspot.lt\\\/wp-content\\\/uploads\\\/2022\\\/12\\\/BenBow-Blue-Cleaning-gun-057-3.jpg\",\"width\":1620,\"height\":1080},{\"@type\":\"BreadcrumbList\",\"@id\":\"https:\\\/\\\/detailspot.lt\\\/en\\\/produktas\\\/benbow-tornador-blue-cleaning-gun-vaccum-washer-057\\\/#breadcrumb\",\"itemListElement\":[{\"@type\":\"ListItem\",\"position\":1,\"name\":\"Home\",\"item\":\"https:\\\/\\\/detailspot.lt\\\/en\\\/\"},{\"@type\":\"ListItem\",\"position\":2,\"name\":\"Shop\",\"item\":\"https:\\\/\\\/detailspot.lt\\\/en\\\/parduotuve\\\/\"},{\"@type\":\"ListItem\",\"position\":3,\"name\":\"BenBow Tornador Blue Cleaning Gun + Vaccum Washer 057\"}]},{\"@type\":\"WebSite\",\"@id\":\"https:\\\/\\\/detailspot.lt\\\/#website\",\"url\":\"https:\\\/\\\/detailspot.lt\\\/\",\"name\":\"Detail Spot\",\"description\":\"Automobili\u0173 prie\u017ei\u016bros priemon\u0117s\",\"publisher\":{\"@id\":\"https:\\\/\\\/detailspot.lt\\\/#organization\"},\"potentialAction\":[{\"@type\":\"SearchAction\",\"target\":{\"@type\":\"EntryPoint\",\"urlTemplate\":\"https:\\\/\\\/detailspot.lt\\\/?s={search_term_string}\"},\"query-input\":{\"@type\":\"PropertyValueSpecification\",\"valueRequired\":true,\"valueName\":\"search_term_string\"}}],\"inLanguage\":\"en-US\"},{\"@type\":\"Organization\",\"@id\":\"https:\\\/\\\/detailspot.lt\\\/#organization\",\"name\":\"Detail Spot\",\"url\":\"https:\\\/\\\/detailspot.lt\\\/\",\"logo\":{\"@type\":\"ImageObject\",\"inLanguage\":\"en-US\",\"@id\":\"https:\\\/\\\/detailspot.lt\\\/#\\\/schema\\\/logo\\\/image\\\/\",\"url\":\"https:\\\/\\\/detailspot.lt\\\/wp-content\\\/uploads\\\/2022\\\/10\\\/logo-original.svg\",\"contentUrl\":\"https:\\\/\\\/detailspot.lt\\\/wp-content\\\/uploads\\\/2022\\\/10\\\/logo-original.svg\",\"width\":1,\"height\":1,\"caption\":\"Detail Spot\"},\"image\":{\"@id\":\"https:\\\/\\\/detailspot.lt\\\/#\\\/schema\\\/logo\\\/image\\\/\"},\"sameAs\":[\"https:\\\/\\\/www.facebook.com\\\/profile.php?id=100039208338156\"]}]}<\/script>\n<!-- \/ Yoast SEO plugin. -->","yoast_head_json":{"title":"BenBow Tornador Blue Cleaning Gun + Vaccum Washer 057","description":"BenBow Tornador Vaccum Washer The tool is designed to clean hard-to-reach areas with high tornado force and suction liquids simultaneously.","robots":{"index":"index","follow":"follow","max-snippet":"max-snippet:-1","max-image-preview":"max-image-preview:large","max-video-preview":"max-video-preview:-1"},"canonical":"https:\/\/detailspot.lt\/en\/produktas\/benbow-tornador-blue-cleaning-gun-vaccum-washer-057\/","og_locale":"en_US","og_type":"article","og_title":"BenBow Tornador Blue Cleaning Gun + Vaccum Washer 057","og_description":"BenBow Tornador Vaccum Washer The tool is designed to clean hard-to-reach areas with high tornado force and suction liquids simultaneously.","og_url":"https:\/\/detailspot.lt\/en\/produktas\/benbow-tornador-blue-cleaning-gun-vaccum-washer-057\/","og_site_name":"Detail Spot","article_publisher":"https:\/\/www.facebook.com\/profile.php?id=100039208338156","og_image":[{"width":1620,"height":1080,"url":"https:\/\/detailspot.lt\/wp-content\/uploads\/2022\/12\/BenBow-Blue-Cleaning-gun-057-3.jpg","type":"image\/jpeg"}],"twitter_card":"summary_large_image","twitter_misc":{"Est. reading time":"1 minute"},"schema":{"@context":"https:\/\/schema.org","@graph":[{"@type":"WebPage","@id":"https:\/\/detailspot.lt\/en\/produktas\/benbow-tornador-blue-cleaning-gun-vaccum-washer-057\/","url":"https:\/\/detailspot.lt\/en\/produktas\/benbow-tornador-blue-cleaning-gun-vaccum-washer-057\/","name":"BenBow Tornador Blue Cleaning Gun + Vaccum Washer 057","isPartOf":{"@id":"https:\/\/detailspot.lt\/#website"},"primaryImageOfPage":{"@id":"https:\/\/detailspot.lt\/en\/produktas\/benbow-tornador-blue-cleaning-gun-vaccum-washer-057\/#primaryimage"},"image":{"@id":"https:\/\/detailspot.lt\/en\/produktas\/benbow-tornador-blue-cleaning-gun-vaccum-washer-057\/#primaryimage"},"thumbnailUrl":"https:\/\/detailspot.lt\/wp-content\/uploads\/2022\/12\/BenBow-Blue-Cleaning-gun-057-3.jpg","datePublished":"2022-12-02T13:16:25+00:00","description":"BenBow Tornador Vaccum Washer The tool is designed to clean hard-to-reach areas with high tornado force and suction liquids simultaneously.","breadcrumb":{"@id":"https:\/\/detailspot.lt\/en\/produktas\/benbow-tornador-blue-cleaning-gun-vaccum-washer-057\/#breadcrumb"},"inLanguage":"en-US","potentialAction":[{"@type":"ReadAction","target":["https:\/\/detailspot.lt\/en\/produktas\/benbow-tornador-blue-cleaning-gun-vaccum-washer-057\/"]}]},{"@type":"ImageObject","inLanguage":"en-US","@id":"https:\/\/detailspot.lt\/en\/produktas\/benbow-tornador-blue-cleaning-gun-vaccum-washer-057\/#primaryimage","url":"https:\/\/detailspot.lt\/wp-content\/uploads\/2022\/12\/BenBow-Blue-Cleaning-gun-057-3.jpg","contentUrl":"https:\/\/detailspot.lt\/wp-content\/uploads\/2022\/12\/BenBow-Blue-Cleaning-gun-057-3.jpg","width":1620,"height":1080},{"@type":"BreadcrumbList","@id":"https:\/\/detailspot.lt\/en\/produktas\/benbow-tornador-blue-cleaning-gun-vaccum-washer-057\/#breadcrumb","itemListElement":[{"@type":"ListItem","position":1,"name":"Home","item":"https:\/\/detailspot.lt\/en\/"},{"@type":"ListItem","position":2,"name":"Shop","item":"https:\/\/detailspot.lt\/en\/parduotuve\/"},{"@type":"ListItem","position":3,"name":"BenBow Tornador Blue Cleaning Gun + Vaccum Washer 057"}]},{"@type":"WebSite","@id":"https:\/\/detailspot.lt\/#website","url":"https:\/\/detailspot.lt\/","name":"Detail Spot","description":"Automobili\u0173 prie\u017ei\u016bros priemon\u0117s","publisher":{"@id":"https:\/\/detailspot.lt\/#organization"},"potentialAction":[{"@type":"SearchAction","target":{"@type":"EntryPoint","urlTemplate":"https:\/\/detailspot.lt\/?s={search_term_string}"},"query-input":{"@type":"PropertyValueSpecification","valueRequired":true,"valueName":"search_term_string"}}],"inLanguage":"en-US"},{"@type":"Organization","@id":"https:\/\/detailspot.lt\/#organization","name":"Detail Spot","url":"https:\/\/detailspot.lt\/","logo":{"@type":"ImageObject","inLanguage":"en-US","@id":"https:\/\/detailspot.lt\/#\/schema\/logo\/image\/","url":"https:\/\/detailspot.lt\/wp-content\/uploads\/2022\/10\/logo-original.svg","contentUrl":"https:\/\/detailspot.lt\/wp-content\/uploads\/2022\/10\/logo-original.svg","width":1,"height":1,"caption":"Detail Spot"},"image":{"@id":"https:\/\/detailspot.lt\/#\/schema\/logo\/image\/"},"sameAs":["https:\/\/www.facebook.com\/profile.php?id=100039208338156"]}]}},"_links":{"self":[{"href":"https:\/\/detailspot.lt\/en\/wp-json\/wp\/v2\/product\/6588","targetHints":{"allow":["GET"]}}],"collection":[{"href":"https:\/\/detailspot.lt\/en\/wp-json\/wp\/v2\/product"}],"about":[{"href":"https:\/\/detailspot.lt\/en\/wp-json\/wp\/v2\/types\/product"}],"replies":[{"embeddable":true,"href":"https:\/\/detailspot.lt\/en\/wp-json\/wp\/v2\/comments?post=6588"}],"wp:featuredmedia":[{"embeddable":true,"href":"https:\/\/detailspot.lt\/en\/wp-json\/wp\/v2\/media\/3657"}],"wp:attachment":[{"href":"https:\/\/detailspot.lt\/en\/wp-json\/wp\/v2\/media?parent=6588"}],"wp:term":[{"taxonomy":"product_brand","embeddable":true,"href":"https:\/\/detailspot.lt\/en\/wp-json\/wp\/v2\/product_brand?post=6588"},{"taxonomy":"product_cat","embeddable":true,"href":"https:\/\/detailspot.lt\/en\/wp-json\/wp\/v2\/product_cat?post=6588"},{"taxonomy":"product_tag","embeddable":true,"href":"https:\/\/detailspot.lt\/en\/wp-json\/wp\/v2\/product_tag?post=6588"}],"curies":[{"name":"wp","href":"https:\/\/api.w.org\/{rel}","templated":true}]}}