{"id":6582,"date":"2022-12-02T15:16:49","date_gmt":"2022-12-02T13:16:49","guid":{"rendered":"https:\/\/detailspot.lt\/produktas\/benbow-tornador-cleaning-gun-with-plastic-funnel-brush-102\/"},"modified":"2022-12-02T15:16:49","modified_gmt":"2022-12-02T13:16:49","slug":"benbow-tornador-cleaning-gun-with-plastic-funnel-brush-102","status":"publish","type":"product","link":"https:\/\/detailspot.lt\/en\/produktas\/benbow-tornador-cleaning-gun-with-plastic-funnel-brush-102\/","title":{"rendered":"BenBow Tornador Cleaning Gun With Plastic Funnel + Brush 102"},"content":{"rendered":"<h1>BenBow Tornador Cleaning Gun With Plastic Funnel + Brush 102<\/h1>\n<p>the tool is designed for cleaning hard-to-reach areas with high tornado force. Interior plastics, carpets, upholstery, floor mats, engine compartment, doorways, everything will be cleaned faster, better and more efficiently with the help of a tornado vortex. The device has a chemical tank for the use of all types of APC cleaners such as <a href=\"https:\/\/detailspot.lt\/produktas\/cleantle-apc\/\">Cleantle APC<\/a>. The chemical is transferred under pressure through a rotating nozzle to create a tornado effect, giving the chemical an extra kinetic force and making the cleaning process extremely fast.<\/p>\n<h2><strong>BenBow Cleaning Gun<\/strong> <strong>Classic<\/strong><\/h2>\n<p>The model has an interchangeable unbalanced hose for a tornado effect. The tool has an additional metal part at the tip to extend the life of the tool<\/p>\n<p><strong>The PRO series<\/strong> Tornado tools are designed for professional, continuous use and made with the highest quality materials.<\/p>\n<p><strong>Characteristics:<\/strong><\/p>\n<ol>\n<li>Creates a Tornado effect and pulls dirt from textiles directly into the pump<\/li>\n<li>Plastic, balanced hose for tornado effect<\/li>\n<li>Plastic nozzle<\/li>\n<li>Adjustable chemical dosage<\/li>\n<li>Connects to air compressor and pump<\/li>\n<li>Required air pressure 6-9.2 bar.<\/li>\n<li>Minimum air flow 100L\/min (after losses)<\/li>\n<li><strong>Warning! <\/strong>For stable operation, a recommended air flow of 200-250L\/min (after losses)<\/li>\n<\/ol>\n<p><strong>The set includes<br \/>\n<\/strong><\/p>\n<ul>\n<li>Tornado tool with container<\/li>\n<li>Quick connector for connection to a compressor<\/li>\n<li>a silicone hose to create the spout.<\/li>\n<\/ul>\n<p>&nbsp;<\/p>\n<p style=\"text-align: center;\"><img loading=\"lazy\" decoding=\"async\" class=\"alignnone wp-image-1946\" src=\"https:\/\/detailspot.lt\/wp-content\/uploads\/2022\/12\/BenBow-logo.png\" alt=\"\" width=\"171\" height=\"171\" srcset=\"https:\/\/detailspot.lt\/wp-content\/uploads\/2022\/12\/BenBow-logo.png 225w, https:\/\/detailspot.lt\/wp-content\/uploads\/2022\/12\/BenBow-logo-150x150.png 150w, https:\/\/detailspot.lt\/wp-content\/uploads\/2022\/12\/BenBow-logo-200x200.png 200w, https:\/\/detailspot.lt\/wp-content\/uploads\/2022\/12\/BenBow-logo-64x64.png 64w\" sizes=\"auto, (max-width: 171px) 100vw, 171px\" \/><\/p>\n","protected":false},"excerpt":{"rendered":"<p>BenBow Tornador Cleaning Gun With Plastic Funnel + Brush 102 the tool is designed for cleaning hard-to-reach areas with high tornado force. Interior plastics, carpets, upholstery, floor mats, engine compartment, doorways, everything will be cleaned faster, better and more efficiently with the help of a tornado vortex. The device has a chemical tank for the&hellip;<\/p>\n","protected":false},"featured_media":3685,"comment_status":"closed","ping_status":"closed","template":"","meta":[],"product_brand":[],"product_cat":[180,179],"product_tag":[],"class_list":{"0":"post-6582","1":"product","2":"type-product","3":"status-publish","4":"has-post-thumbnail","6":"product_cat-benbow-tornado-tools","7":"product_cat-tools","8":"description-off","10":"first","11":"outofstock","12":"sale","13":"taxable","14":"shipping-taxable","15":"purchasable","16":"product-type-simple"},"yoast_head":"<!-- This site is optimized with the Yoast SEO plugin v27.3 - https:\/\/yoast.com\/product\/yoast-seo-wordpress\/ -->\n<title>Detail Spot - Tornado tools<\/title>\n<meta name=\"description\" content=\"BenBow Tornador Cleaning Gun With Plastic Funnel + Brush 102 the tool is designed for cleaning hard-to-reach areas with high tornado force.\" \/>\n<meta name=\"robots\" content=\"index, follow, max-snippet:-1, max-image-preview:large, max-video-preview:-1\" \/>\n<link rel=\"canonical\" href=\"https:\/\/detailspot.lt\/en\/produktas\/benbow-tornador-cleaning-gun-with-plastic-funnel-brush-102\/\" \/>\n<meta property=\"og:locale\" content=\"en_US\" \/>\n<meta property=\"og:type\" content=\"article\" \/>\n<meta property=\"og:title\" content=\"Detail Spot - Tornado tools\" \/>\n<meta property=\"og:description\" content=\"BenBow Tornador Cleaning Gun With Plastic Funnel + Brush 102 the tool is designed for cleaning hard-to-reach areas with high tornado force.\" \/>\n<meta property=\"og:url\" content=\"https:\/\/detailspot.lt\/en\/produktas\/benbow-tornador-cleaning-gun-with-plastic-funnel-brush-102\/\" \/>\n<meta property=\"og:site_name\" content=\"Detail Spot\" \/>\n<meta property=\"article:publisher\" content=\"https:\/\/www.facebook.com\/profile.php?id=100039208338156\" \/>\n<meta property=\"og:image\" content=\"https:\/\/detailspot.lt\/wp-content\/uploads\/2022\/12\/Cleaning-Gun-with-brush-4.jpg\" \/>\n\t<meta property=\"og:image:width\" content=\"1080\" \/>\n\t<meta property=\"og:image:height\" content=\"1080\" \/>\n\t<meta property=\"og:image:type\" content=\"image\/jpeg\" \/>\n<meta name=\"twitter:card\" content=\"summary_large_image\" \/>\n<meta name=\"twitter:label1\" content=\"Est. reading time\" \/>\n\t<meta name=\"twitter:data1\" content=\"1 minute\" \/>\n<script type=\"application\/ld+json\" class=\"yoast-schema-graph\">{\"@context\":\"https:\\\/\\\/schema.org\",\"@graph\":[{\"@type\":\"WebPage\",\"@id\":\"https:\\\/\\\/detailspot.lt\\\/en\\\/produktas\\\/benbow-tornador-cleaning-gun-with-plastic-funnel-brush-102\\\/\",\"url\":\"https:\\\/\\\/detailspot.lt\\\/en\\\/produktas\\\/benbow-tornador-cleaning-gun-with-plastic-funnel-brush-102\\\/\",\"name\":\"Detail Spot - Tornado tools\",\"isPartOf\":{\"@id\":\"https:\\\/\\\/detailspot.lt\\\/#website\"},\"primaryImageOfPage\":{\"@id\":\"https:\\\/\\\/detailspot.lt\\\/en\\\/produktas\\\/benbow-tornador-cleaning-gun-with-plastic-funnel-brush-102\\\/#primaryimage\"},\"image\":{\"@id\":\"https:\\\/\\\/detailspot.lt\\\/en\\\/produktas\\\/benbow-tornador-cleaning-gun-with-plastic-funnel-brush-102\\\/#primaryimage\"},\"thumbnailUrl\":\"https:\\\/\\\/detailspot.lt\\\/wp-content\\\/uploads\\\/2022\\\/12\\\/Cleaning-Gun-with-brush-4.jpg\",\"datePublished\":\"2022-12-02T13:16:49+00:00\",\"description\":\"BenBow Tornador Cleaning Gun With Plastic Funnel + Brush 102 the tool is designed for cleaning hard-to-reach areas with high tornado force.\",\"breadcrumb\":{\"@id\":\"https:\\\/\\\/detailspot.lt\\\/en\\\/produktas\\\/benbow-tornador-cleaning-gun-with-plastic-funnel-brush-102\\\/#breadcrumb\"},\"inLanguage\":\"en-US\",\"potentialAction\":[{\"@type\":\"ReadAction\",\"target\":[\"https:\\\/\\\/detailspot.lt\\\/en\\\/produktas\\\/benbow-tornador-cleaning-gun-with-plastic-funnel-brush-102\\\/\"]}]},{\"@type\":\"ImageObject\",\"inLanguage\":\"en-US\",\"@id\":\"https:\\\/\\\/detailspot.lt\\\/en\\\/produktas\\\/benbow-tornador-cleaning-gun-with-plastic-funnel-brush-102\\\/#primaryimage\",\"url\":\"https:\\\/\\\/detailspot.lt\\\/wp-content\\\/uploads\\\/2022\\\/12\\\/Cleaning-Gun-with-brush-4.jpg\",\"contentUrl\":\"https:\\\/\\\/detailspot.lt\\\/wp-content\\\/uploads\\\/2022\\\/12\\\/Cleaning-Gun-with-brush-4.jpg\",\"width\":1080,\"height\":1080},{\"@type\":\"BreadcrumbList\",\"@id\":\"https:\\\/\\\/detailspot.lt\\\/en\\\/produktas\\\/benbow-tornador-cleaning-gun-with-plastic-funnel-brush-102\\\/#breadcrumb\",\"itemListElement\":[{\"@type\":\"ListItem\",\"position\":1,\"name\":\"Home\",\"item\":\"https:\\\/\\\/detailspot.lt\\\/en\\\/\"},{\"@type\":\"ListItem\",\"position\":2,\"name\":\"Shop\",\"item\":\"https:\\\/\\\/detailspot.lt\\\/en\\\/parduotuve\\\/\"},{\"@type\":\"ListItem\",\"position\":3,\"name\":\"BenBow Tornador Cleaning Gun With Plastic Funnel + Brush 102\"}]},{\"@type\":\"WebSite\",\"@id\":\"https:\\\/\\\/detailspot.lt\\\/#website\",\"url\":\"https:\\\/\\\/detailspot.lt\\\/\",\"name\":\"Detail Spot\",\"description\":\"Automobili\u0173 prie\u017ei\u016bros priemon\u0117s\",\"publisher\":{\"@id\":\"https:\\\/\\\/detailspot.lt\\\/#organization\"},\"potentialAction\":[{\"@type\":\"SearchAction\",\"target\":{\"@type\":\"EntryPoint\",\"urlTemplate\":\"https:\\\/\\\/detailspot.lt\\\/?s={search_term_string}\"},\"query-input\":{\"@type\":\"PropertyValueSpecification\",\"valueRequired\":true,\"valueName\":\"search_term_string\"}}],\"inLanguage\":\"en-US\"},{\"@type\":\"Organization\",\"@id\":\"https:\\\/\\\/detailspot.lt\\\/#organization\",\"name\":\"Detail Spot\",\"url\":\"https:\\\/\\\/detailspot.lt\\\/\",\"logo\":{\"@type\":\"ImageObject\",\"inLanguage\":\"en-US\",\"@id\":\"https:\\\/\\\/detailspot.lt\\\/#\\\/schema\\\/logo\\\/image\\\/\",\"url\":\"https:\\\/\\\/detailspot.lt\\\/wp-content\\\/uploads\\\/2022\\\/10\\\/logo-original.svg\",\"contentUrl\":\"https:\\\/\\\/detailspot.lt\\\/wp-content\\\/uploads\\\/2022\\\/10\\\/logo-original.svg\",\"width\":1,\"height\":1,\"caption\":\"Detail Spot\"},\"image\":{\"@id\":\"https:\\\/\\\/detailspot.lt\\\/#\\\/schema\\\/logo\\\/image\\\/\"},\"sameAs\":[\"https:\\\/\\\/www.facebook.com\\\/profile.php?id=100039208338156\"]}]}<\/script>\n<!-- \/ Yoast SEO plugin. -->","yoast_head_json":{"title":"Detail Spot - Tornado tools","description":"BenBow Tornador Cleaning Gun With Plastic Funnel + Brush 102 the tool is designed for cleaning hard-to-reach areas with high tornado force.","robots":{"index":"index","follow":"follow","max-snippet":"max-snippet:-1","max-image-preview":"max-image-preview:large","max-video-preview":"max-video-preview:-1"},"canonical":"https:\/\/detailspot.lt\/en\/produktas\/benbow-tornador-cleaning-gun-with-plastic-funnel-brush-102\/","og_locale":"en_US","og_type":"article","og_title":"Detail Spot - Tornado tools","og_description":"BenBow Tornador Cleaning Gun With Plastic Funnel + Brush 102 the tool is designed for cleaning hard-to-reach areas with high tornado force.","og_url":"https:\/\/detailspot.lt\/en\/produktas\/benbow-tornador-cleaning-gun-with-plastic-funnel-brush-102\/","og_site_name":"Detail Spot","article_publisher":"https:\/\/www.facebook.com\/profile.php?id=100039208338156","og_image":[{"width":1080,"height":1080,"url":"https:\/\/detailspot.lt\/wp-content\/uploads\/2022\/12\/Cleaning-Gun-with-brush-4.jpg","type":"image\/jpeg"}],"twitter_card":"summary_large_image","twitter_misc":{"Est. reading time":"1 minute"},"schema":{"@context":"https:\/\/schema.org","@graph":[{"@type":"WebPage","@id":"https:\/\/detailspot.lt\/en\/produktas\/benbow-tornador-cleaning-gun-with-plastic-funnel-brush-102\/","url":"https:\/\/detailspot.lt\/en\/produktas\/benbow-tornador-cleaning-gun-with-plastic-funnel-brush-102\/","name":"Detail Spot - Tornado tools","isPartOf":{"@id":"https:\/\/detailspot.lt\/#website"},"primaryImageOfPage":{"@id":"https:\/\/detailspot.lt\/en\/produktas\/benbow-tornador-cleaning-gun-with-plastic-funnel-brush-102\/#primaryimage"},"image":{"@id":"https:\/\/detailspot.lt\/en\/produktas\/benbow-tornador-cleaning-gun-with-plastic-funnel-brush-102\/#primaryimage"},"thumbnailUrl":"https:\/\/detailspot.lt\/wp-content\/uploads\/2022\/12\/Cleaning-Gun-with-brush-4.jpg","datePublished":"2022-12-02T13:16:49+00:00","description":"BenBow Tornador Cleaning Gun With Plastic Funnel + Brush 102 the tool is designed for cleaning hard-to-reach areas with high tornado force.","breadcrumb":{"@id":"https:\/\/detailspot.lt\/en\/produktas\/benbow-tornador-cleaning-gun-with-plastic-funnel-brush-102\/#breadcrumb"},"inLanguage":"en-US","potentialAction":[{"@type":"ReadAction","target":["https:\/\/detailspot.lt\/en\/produktas\/benbow-tornador-cleaning-gun-with-plastic-funnel-brush-102\/"]}]},{"@type":"ImageObject","inLanguage":"en-US","@id":"https:\/\/detailspot.lt\/en\/produktas\/benbow-tornador-cleaning-gun-with-plastic-funnel-brush-102\/#primaryimage","url":"https:\/\/detailspot.lt\/wp-content\/uploads\/2022\/12\/Cleaning-Gun-with-brush-4.jpg","contentUrl":"https:\/\/detailspot.lt\/wp-content\/uploads\/2022\/12\/Cleaning-Gun-with-brush-4.jpg","width":1080,"height":1080},{"@type":"BreadcrumbList","@id":"https:\/\/detailspot.lt\/en\/produktas\/benbow-tornador-cleaning-gun-with-plastic-funnel-brush-102\/#breadcrumb","itemListElement":[{"@type":"ListItem","position":1,"name":"Home","item":"https:\/\/detailspot.lt\/en\/"},{"@type":"ListItem","position":2,"name":"Shop","item":"https:\/\/detailspot.lt\/en\/parduotuve\/"},{"@type":"ListItem","position":3,"name":"BenBow Tornador Cleaning Gun With Plastic Funnel + Brush 102"}]},{"@type":"WebSite","@id":"https:\/\/detailspot.lt\/#website","url":"https:\/\/detailspot.lt\/","name":"Detail Spot","description":"Automobili\u0173 prie\u017ei\u016bros priemon\u0117s","publisher":{"@id":"https:\/\/detailspot.lt\/#organization"},"potentialAction":[{"@type":"SearchAction","target":{"@type":"EntryPoint","urlTemplate":"https:\/\/detailspot.lt\/?s={search_term_string}"},"query-input":{"@type":"PropertyValueSpecification","valueRequired":true,"valueName":"search_term_string"}}],"inLanguage":"en-US"},{"@type":"Organization","@id":"https:\/\/detailspot.lt\/#organization","name":"Detail Spot","url":"https:\/\/detailspot.lt\/","logo":{"@type":"ImageObject","inLanguage":"en-US","@id":"https:\/\/detailspot.lt\/#\/schema\/logo\/image\/","url":"https:\/\/detailspot.lt\/wp-content\/uploads\/2022\/10\/logo-original.svg","contentUrl":"https:\/\/detailspot.lt\/wp-content\/uploads\/2022\/10\/logo-original.svg","width":1,"height":1,"caption":"Detail Spot"},"image":{"@id":"https:\/\/detailspot.lt\/#\/schema\/logo\/image\/"},"sameAs":["https:\/\/www.facebook.com\/profile.php?id=100039208338156"]}]}},"_links":{"self":[{"href":"https:\/\/detailspot.lt\/en\/wp-json\/wp\/v2\/product\/6582","targetHints":{"allow":["GET"]}}],"collection":[{"href":"https:\/\/detailspot.lt\/en\/wp-json\/wp\/v2\/product"}],"about":[{"href":"https:\/\/detailspot.lt\/en\/wp-json\/wp\/v2\/types\/product"}],"replies":[{"embeddable":true,"href":"https:\/\/detailspot.lt\/en\/wp-json\/wp\/v2\/comments?post=6582"}],"wp:featuredmedia":[{"embeddable":true,"href":"https:\/\/detailspot.lt\/en\/wp-json\/wp\/v2\/media\/3685"}],"wp:attachment":[{"href":"https:\/\/detailspot.lt\/en\/wp-json\/wp\/v2\/media?parent=6582"}],"wp:term":[{"taxonomy":"product_brand","embeddable":true,"href":"https:\/\/detailspot.lt\/en\/wp-json\/wp\/v2\/product_brand?post=6582"},{"taxonomy":"product_cat","embeddable":true,"href":"https:\/\/detailspot.lt\/en\/wp-json\/wp\/v2\/product_cat?post=6582"},{"taxonomy":"product_tag","embeddable":true,"href":"https:\/\/detailspot.lt\/en\/wp-json\/wp\/v2\/product_tag?post=6582"}],"curies":[{"name":"wp","href":"https:\/\/api.w.org\/{rel}","templated":true}]}}