{"id":6581,"date":"2022-12-02T15:16:49","date_gmt":"2022-12-02T13:16:49","guid":{"rendered":"https:\/\/detailspot.lt\/produktas\/benbow-tornador-black-washing-gun-056\/"},"modified":"2025-11-30T04:30:48","modified_gmt":"2025-11-30T02:30:48","slug":"benbow-tornador-black-washing-gun-056","status":"publish","type":"product","link":"https:\/\/detailspot.lt\/en\/produktas\/benbow-tornador-black-washing-gun-056\/","title":{"rendered":"BenBow Tornador Black Washing Gun 056"},"content":{"rendered":"<h1>BenBow Tornador Black Washing Gun 056<\/h1>\n<p>the tool is designed for cleaning hard-to-reach areas with high tornado force. It is the most effective dry cleaning tool of all the alternative solutions. Interior plastics, carpets, mats, upholstery, engine compartment, gaps, everything will be cleaned faster, better and more efficiently with the help of the tornado vortex. The device has a chemical tank for use with all APC cleaners, e.g. The chemical cleaner is supplied with a cleaning solution suitable for use with <a href=\"https:\/\/detailspot.lt\/produktas\/cleantle-apc\/\">Cleantle APCs<\/a>, which is transferred under pressure through a rotating nozzle to create a tornado effect, giving the chemical cleaner additional kinetic force and making the cleaning process extremely fast.<\/p>\n<h2>BenBow Tornador Black Washing Gun<\/h2>\n<p>The version has a professional bearing mechanism which increases the tool&#8217;s durability and efficiency compared to the standard <strong>Tornador Classic<\/strong> model with an unbalanced hose, and the materials of which the tool is made are adapted for professional use, continuous use in car washes, etc.<\/p>\n<p><strong> <\/strong><\/p>\n<p><strong>Features<\/strong><\/p>\n<ol>\n<li>Creates a Tornado effect and sucks the liquid away at the same time;<\/li>\n<li>Designed with high quality materials for professional, uninterrupted use;<\/li>\n<li>Plastic, bearing Tornado effect part;<\/li>\n<li>Plastic nozzle with brush;<\/li>\n<li>Adjustable chemical dosage;<\/li>\n<li>Adjustable air pressure;<\/li>\n<li>Rotating quick connector for easy use of the tool;<\/li>\n<li>Connects to an air compressor<\/li>\n<\/ol>\n<p><strong>The set includes<\/strong><\/p>\n<ol>\n<li>Tornado tool with container;<\/li>\n<li>Quick swivel connector for connection to a compressor;<\/li>\n<li>Pressure regulator;<\/li>\n<li>Plastic nozzle with brush;<\/li>\n<\/ol>\n<p>&nbsp;<\/p>\n<h1><\/h1>\n<p style=\"text-align: center;\"><img loading=\"lazy\" decoding=\"async\" class=\"alignnone wp-image-1946\" src=\"https:\/\/detailspot.lt\/wp-content\/uploads\/2022\/12\/BenBow-logo.png\" alt=\"\" width=\"150\" height=\"150\" srcset=\"https:\/\/detailspot.lt\/wp-content\/uploads\/2022\/12\/BenBow-logo.png 225w, https:\/\/detailspot.lt\/wp-content\/uploads\/2022\/12\/BenBow-logo-150x150.png 150w, https:\/\/detailspot.lt\/wp-content\/uploads\/2022\/12\/BenBow-logo-200x200.png 200w, https:\/\/detailspot.lt\/wp-content\/uploads\/2022\/12\/BenBow-logo-64x64.png 64w\" sizes=\"auto, (max-width: 150px) 100vw, 150px\" \/><\/p>\n","protected":false},"excerpt":{"rendered":"<p>BenBow Tornador Black Washing Gun 056 the tool is designed for cleaning hard-to-reach areas with high tornado force. It is the most effective dry cleaning tool of all the alternative solutions. Interior plastics, carpets, mats, upholstery, engine compartment, gaps, everything will be cleaned faster, better and more efficiently with the help of the tornado vortex.&hellip;<\/p>\n","protected":false},"featured_media":3689,"comment_status":"closed","ping_status":"closed","template":"","meta":[],"product_brand":[],"product_cat":[180,179],"product_tag":[],"class_list":{"0":"post-6581","1":"product","2":"type-product","3":"status-publish","4":"has-post-thumbnail","6":"product_cat-benbow-tornado-tools","7":"product_cat-tools","8":"description-off","10":"first","11":"instock","12":"taxable","13":"shipping-taxable","14":"purchasable","15":"product-type-simple"},"yoast_head":"<!-- This site is optimized with the Yoast SEO plugin v27.3 - https:\/\/yoast.com\/product\/yoast-seo-wordpress\/ -->\n<title>BenBow Tornador Black Washing Gun 056 - Detail Spot<\/title>\n<meta name=\"description\" content=\"BenBow Tornador Black Washing Gun 056 the tool is designed for cleaning hard-to-reach areas with high tornado force. A highly efficient cleaning tool\" \/>\n<meta name=\"robots\" content=\"index, follow, max-snippet:-1, max-image-preview:large, max-video-preview:-1\" \/>\n<link rel=\"canonical\" href=\"https:\/\/detailspot.lt\/produktas\/benbow-black-washing-gun-056\/\" \/>\n<meta property=\"og:locale\" content=\"en_US\" \/>\n<meta property=\"og:type\" content=\"article\" \/>\n<meta property=\"og:title\" content=\"BenBow Tornador Black Washing Gun 056 - Detail Spot\" \/>\n<meta property=\"og:description\" content=\"BenBow Tornador Black Washing Gun 056 the tool is designed for cleaning hard-to-reach areas with high tornado force. A highly efficient cleaning tool\" \/>\n<meta property=\"og:url\" content=\"https:\/\/detailspot.lt\/produktas\/benbow-black-washing-gun-056\/\" \/>\n<meta property=\"og:site_name\" content=\"Detail Spot\" \/>\n<meta property=\"article:publisher\" content=\"https:\/\/www.facebook.com\/profile.php?id=100039208338156\" \/>\n<meta property=\"article:modified_time\" content=\"2025-11-30T02:30:48+00:00\" \/>\n<meta property=\"og:image\" content=\"https:\/\/detailspot.lt\/wp-content\/uploads\/2022\/12\/BenBow-Black-Washing-Gun-056-7.jpg\" \/>\n\t<meta property=\"og:image:width\" content=\"1620\" \/>\n\t<meta property=\"og:image:height\" content=\"1080\" \/>\n\t<meta property=\"og:image:type\" content=\"image\/jpeg\" \/>\n<meta name=\"twitter:card\" content=\"summary_large_image\" \/>\n<meta name=\"twitter:label1\" content=\"Est. reading time\" \/>\n\t<meta name=\"twitter:data1\" content=\"1 minute\" \/>\n<script type=\"application\/ld+json\" class=\"yoast-schema-graph\">{\"@context\":\"https:\\\/\\\/schema.org\",\"@graph\":[{\"@type\":\"WebPage\",\"@id\":\"https:\\\/\\\/detailspot.lt\\\/produktas\\\/benbow-black-washing-gun-056\\\/\",\"url\":\"https:\\\/\\\/detailspot.lt\\\/produktas\\\/benbow-black-washing-gun-056\\\/\",\"name\":\"BenBow Tornador Black Washing Gun 056 - Detail Spot\",\"isPartOf\":{\"@id\":\"https:\\\/\\\/detailspot.lt\\\/#website\"},\"primaryImageOfPage\":{\"@id\":\"https:\\\/\\\/detailspot.lt\\\/produktas\\\/benbow-black-washing-gun-056\\\/#primaryimage\"},\"image\":{\"@id\":\"https:\\\/\\\/detailspot.lt\\\/produktas\\\/benbow-black-washing-gun-056\\\/#primaryimage\"},\"thumbnailUrl\":\"https:\\\/\\\/detailspot.lt\\\/wp-content\\\/uploads\\\/2022\\\/12\\\/BenBow-Black-Washing-Gun-056-7.jpg\",\"datePublished\":\"2022-12-02T13:16:49+00:00\",\"dateModified\":\"2025-11-30T02:30:48+00:00\",\"description\":\"BenBow Tornador Black Washing Gun 056 the tool is designed for cleaning hard-to-reach areas with high tornado force. A highly efficient cleaning tool\",\"breadcrumb\":{\"@id\":\"https:\\\/\\\/detailspot.lt\\\/produktas\\\/benbow-black-washing-gun-056\\\/#breadcrumb\"},\"inLanguage\":\"en-US\",\"potentialAction\":[{\"@type\":\"ReadAction\",\"target\":[\"https:\\\/\\\/detailspot.lt\\\/produktas\\\/benbow-black-washing-gun-056\\\/\"]}]},{\"@type\":\"ImageObject\",\"inLanguage\":\"en-US\",\"@id\":\"https:\\\/\\\/detailspot.lt\\\/produktas\\\/benbow-black-washing-gun-056\\\/#primaryimage\",\"url\":\"https:\\\/\\\/detailspot.lt\\\/wp-content\\\/uploads\\\/2022\\\/12\\\/BenBow-Black-Washing-Gun-056-7.jpg\",\"contentUrl\":\"https:\\\/\\\/detailspot.lt\\\/wp-content\\\/uploads\\\/2022\\\/12\\\/BenBow-Black-Washing-Gun-056-7.jpg\",\"width\":1620,\"height\":1080},{\"@type\":\"BreadcrumbList\",\"@id\":\"https:\\\/\\\/detailspot.lt\\\/produktas\\\/benbow-black-washing-gun-056\\\/#breadcrumb\",\"itemListElement\":[{\"@type\":\"ListItem\",\"position\":1,\"name\":\"Home\",\"item\":\"https:\\\/\\\/detailspot.lt\\\/en\\\/\"},{\"@type\":\"ListItem\",\"position\":2,\"name\":\"Shop\",\"item\":\"https:\\\/\\\/detailspot.lt\\\/en\\\/parduotuve\\\/\"},{\"@type\":\"ListItem\",\"position\":3,\"name\":\"BenBow Tornador Black Washing Gun 056\"}]},{\"@type\":\"WebSite\",\"@id\":\"https:\\\/\\\/detailspot.lt\\\/#website\",\"url\":\"https:\\\/\\\/detailspot.lt\\\/\",\"name\":\"Detail Spot\",\"description\":\"Automobili\u0173 prie\u017ei\u016bros priemon\u0117s\",\"publisher\":{\"@id\":\"https:\\\/\\\/detailspot.lt\\\/#organization\"},\"potentialAction\":[{\"@type\":\"SearchAction\",\"target\":{\"@type\":\"EntryPoint\",\"urlTemplate\":\"https:\\\/\\\/detailspot.lt\\\/?s={search_term_string}\"},\"query-input\":{\"@type\":\"PropertyValueSpecification\",\"valueRequired\":true,\"valueName\":\"search_term_string\"}}],\"inLanguage\":\"en-US\"},{\"@type\":\"Organization\",\"@id\":\"https:\\\/\\\/detailspot.lt\\\/#organization\",\"name\":\"Detail Spot\",\"url\":\"https:\\\/\\\/detailspot.lt\\\/\",\"logo\":{\"@type\":\"ImageObject\",\"inLanguage\":\"en-US\",\"@id\":\"https:\\\/\\\/detailspot.lt\\\/#\\\/schema\\\/logo\\\/image\\\/\",\"url\":\"https:\\\/\\\/detailspot.lt\\\/wp-content\\\/uploads\\\/2022\\\/10\\\/logo-original.svg\",\"contentUrl\":\"https:\\\/\\\/detailspot.lt\\\/wp-content\\\/uploads\\\/2022\\\/10\\\/logo-original.svg\",\"width\":1,\"height\":1,\"caption\":\"Detail Spot\"},\"image\":{\"@id\":\"https:\\\/\\\/detailspot.lt\\\/#\\\/schema\\\/logo\\\/image\\\/\"},\"sameAs\":[\"https:\\\/\\\/www.facebook.com\\\/profile.php?id=100039208338156\"]}]}<\/script>\n<!-- \/ Yoast SEO plugin. -->","yoast_head_json":{"title":"BenBow Tornador Black Washing Gun 056 - Detail Spot","description":"BenBow Tornador Black Washing Gun 056 the tool is designed for cleaning hard-to-reach areas with high tornado force. A highly efficient cleaning tool","robots":{"index":"index","follow":"follow","max-snippet":"max-snippet:-1","max-image-preview":"max-image-preview:large","max-video-preview":"max-video-preview:-1"},"canonical":"https:\/\/detailspot.lt\/produktas\/benbow-black-washing-gun-056\/","og_locale":"en_US","og_type":"article","og_title":"BenBow Tornador Black Washing Gun 056 - Detail Spot","og_description":"BenBow Tornador Black Washing Gun 056 the tool is designed for cleaning hard-to-reach areas with high tornado force. A highly efficient cleaning tool","og_url":"https:\/\/detailspot.lt\/produktas\/benbow-black-washing-gun-056\/","og_site_name":"Detail Spot","article_publisher":"https:\/\/www.facebook.com\/profile.php?id=100039208338156","article_modified_time":"2025-11-30T02:30:48+00:00","og_image":[{"width":1620,"height":1080,"url":"https:\/\/detailspot.lt\/wp-content\/uploads\/2022\/12\/BenBow-Black-Washing-Gun-056-7.jpg","type":"image\/jpeg"}],"twitter_card":"summary_large_image","twitter_misc":{"Est. reading time":"1 minute"},"schema":{"@context":"https:\/\/schema.org","@graph":[{"@type":"WebPage","@id":"https:\/\/detailspot.lt\/produktas\/benbow-black-washing-gun-056\/","url":"https:\/\/detailspot.lt\/produktas\/benbow-black-washing-gun-056\/","name":"BenBow Tornador Black Washing Gun 056 - Detail Spot","isPartOf":{"@id":"https:\/\/detailspot.lt\/#website"},"primaryImageOfPage":{"@id":"https:\/\/detailspot.lt\/produktas\/benbow-black-washing-gun-056\/#primaryimage"},"image":{"@id":"https:\/\/detailspot.lt\/produktas\/benbow-black-washing-gun-056\/#primaryimage"},"thumbnailUrl":"https:\/\/detailspot.lt\/wp-content\/uploads\/2022\/12\/BenBow-Black-Washing-Gun-056-7.jpg","datePublished":"2022-12-02T13:16:49+00:00","dateModified":"2025-11-30T02:30:48+00:00","description":"BenBow Tornador Black Washing Gun 056 the tool is designed for cleaning hard-to-reach areas with high tornado force. A highly efficient cleaning tool","breadcrumb":{"@id":"https:\/\/detailspot.lt\/produktas\/benbow-black-washing-gun-056\/#breadcrumb"},"inLanguage":"en-US","potentialAction":[{"@type":"ReadAction","target":["https:\/\/detailspot.lt\/produktas\/benbow-black-washing-gun-056\/"]}]},{"@type":"ImageObject","inLanguage":"en-US","@id":"https:\/\/detailspot.lt\/produktas\/benbow-black-washing-gun-056\/#primaryimage","url":"https:\/\/detailspot.lt\/wp-content\/uploads\/2022\/12\/BenBow-Black-Washing-Gun-056-7.jpg","contentUrl":"https:\/\/detailspot.lt\/wp-content\/uploads\/2022\/12\/BenBow-Black-Washing-Gun-056-7.jpg","width":1620,"height":1080},{"@type":"BreadcrumbList","@id":"https:\/\/detailspot.lt\/produktas\/benbow-black-washing-gun-056\/#breadcrumb","itemListElement":[{"@type":"ListItem","position":1,"name":"Home","item":"https:\/\/detailspot.lt\/en\/"},{"@type":"ListItem","position":2,"name":"Shop","item":"https:\/\/detailspot.lt\/en\/parduotuve\/"},{"@type":"ListItem","position":3,"name":"BenBow Tornador Black Washing Gun 056"}]},{"@type":"WebSite","@id":"https:\/\/detailspot.lt\/#website","url":"https:\/\/detailspot.lt\/","name":"Detail Spot","description":"Automobili\u0173 prie\u017ei\u016bros priemon\u0117s","publisher":{"@id":"https:\/\/detailspot.lt\/#organization"},"potentialAction":[{"@type":"SearchAction","target":{"@type":"EntryPoint","urlTemplate":"https:\/\/detailspot.lt\/?s={search_term_string}"},"query-input":{"@type":"PropertyValueSpecification","valueRequired":true,"valueName":"search_term_string"}}],"inLanguage":"en-US"},{"@type":"Organization","@id":"https:\/\/detailspot.lt\/#organization","name":"Detail Spot","url":"https:\/\/detailspot.lt\/","logo":{"@type":"ImageObject","inLanguage":"en-US","@id":"https:\/\/detailspot.lt\/#\/schema\/logo\/image\/","url":"https:\/\/detailspot.lt\/wp-content\/uploads\/2022\/10\/logo-original.svg","contentUrl":"https:\/\/detailspot.lt\/wp-content\/uploads\/2022\/10\/logo-original.svg","width":1,"height":1,"caption":"Detail Spot"},"image":{"@id":"https:\/\/detailspot.lt\/#\/schema\/logo\/image\/"},"sameAs":["https:\/\/www.facebook.com\/profile.php?id=100039208338156"]}]}},"_links":{"self":[{"href":"https:\/\/detailspot.lt\/en\/wp-json\/wp\/v2\/product\/6581","targetHints":{"allow":["GET"]}}],"collection":[{"href":"https:\/\/detailspot.lt\/en\/wp-json\/wp\/v2\/product"}],"about":[{"href":"https:\/\/detailspot.lt\/en\/wp-json\/wp\/v2\/types\/product"}],"replies":[{"embeddable":true,"href":"https:\/\/detailspot.lt\/en\/wp-json\/wp\/v2\/comments?post=6581"}],"wp:featuredmedia":[{"embeddable":true,"href":"https:\/\/detailspot.lt\/en\/wp-json\/wp\/v2\/media\/3689"}],"wp:attachment":[{"href":"https:\/\/detailspot.lt\/en\/wp-json\/wp\/v2\/media?parent=6581"}],"wp:term":[{"taxonomy":"product_brand","embeddable":true,"href":"https:\/\/detailspot.lt\/en\/wp-json\/wp\/v2\/product_brand?post=6581"},{"taxonomy":"product_cat","embeddable":true,"href":"https:\/\/detailspot.lt\/en\/wp-json\/wp\/v2\/product_cat?post=6581"},{"taxonomy":"product_tag","embeddable":true,"href":"https:\/\/detailspot.lt\/en\/wp-json\/wp\/v2\/product_tag?post=6581"}],"curies":[{"name":"wp","href":"https:\/\/api.w.org\/{rel}","templated":true}]}}