{"id":6573,"date":"2022-12-17T21:09:32","date_gmt":"2022-12-17T19:09:32","guid":{"rendered":"https:\/\/detailspot.lt\/produktas\/cleantle-citrus-foam-grapefruit-scented-active-foam\/"},"modified":"2022-12-17T21:09:32","modified_gmt":"2022-12-17T19:09:32","slug":"cleantle-citrus-foam-grapefruit-scented-active-foam","status":"publish","type":"product","link":"https:\/\/detailspot.lt\/en\/produktas\/cleantle-citrus-foam-grapefruit-scented-active-foam\/","title":{"rendered":"Cleantle Citrus Foam Grapefruit scented active foam"},"content":{"rendered":"<h1>Cleantle Citrus Foam Grapefruit scented active foam<\/h1>\n<p>a highly concentrated, slightly alkaline, active pre-rinse foam. It is particularly effective at dissolving dirt and degreasing surfaces and, importantly, it does not contain sodium, potassium hydroxide or other substances that can cause corrosion or dull the surface. The product is completely safe for paintwork and other parts of the car body. It can also be used with a foaming nozzle or as a shampoo for hand washing. Citrus Foam is harmless to ceramic coatings and waxes. Product is biodegradable<\/p>\n<p><strong>Dosage:<\/strong><\/p>\n<ol>\n<li>For high-pressure washer foaming nozzles 1:8-1:20<\/li>\n<li>For hand-held foam sprayers 1:20 &#8211; 1:40<\/li>\n<li>For initial washing 1:10 &#8211; 1:20<\/li>\n<li>For hand washing 1:250 &#8211; 1:500<\/li>\n<\/ol>\n<p><strong>Application:<\/strong><\/p>\n<div class=\"content\">\n<div class=\"left\">\n<ol>\n<li id=\"translatedtext\" class=\"query-input\">Dilute the measure according to the recommendations<\/li>\n<li class=\"query-input\">Spread evenly over the surface and leave for 3-8 minutes.<\/li>\n<li>Rinse thoroughly with a high pressure jet<\/li>\n<li class=\"query-input\">Do not allow the product to dry.<\/li>\n<\/ol>\n<\/div>\n<div><strong>Recommendations:<\/strong><\/div>\n<ol>\n<li>Do not use the product on hot surfaces<\/li>\n<li>Do not allow the product to dry<\/li>\n<\/ol>\n<\/div>\n<p style=\"text-align: center;\"><img loading=\"lazy\" decoding=\"async\" class=\"alignnone size-medium wp-image-1968\" src=\"https:\/\/detailspot.lt\/wp-content\/uploads\/2022\/12\/cleantle-log-300x71.png\" alt=\"\" width=\"300\" height=\"71\" srcset=\"https:\/\/detailspot.lt\/wp-content\/uploads\/2022\/12\/cleantle-log-300x71.png 300w, https:\/\/detailspot.lt\/wp-content\/uploads\/2022\/12\/cleantle-log-64x15.png 64w, https:\/\/detailspot.lt\/wp-content\/uploads\/2022\/12\/cleantle-log.png 501w\" sizes=\"auto, (max-width: 300px) 100vw, 300px\" \/><\/p>\n","protected":false},"excerpt":{"rendered":"<p>Cleantle Citrus Foam Grapefruit scented active foam a highly concentrated, slightly alkaline, active pre-rinse foam. It is particularly effective at dissolving dirt and degreasing surfaces and, importantly, it does not contain sodium, potassium hydroxide or other substances that can cause corrosion or dull the surface. The product is completely safe for paintwork and other parts&hellip;<\/p>\n","protected":false},"featured_media":3708,"comment_status":"closed","ping_status":"closed","template":"","meta":[],"product_brand":[],"product_cat":[160,164,162],"product_tag":[],"class_list":{"0":"post-6573","1":"product","2":"type-product","3":"status-publish","4":"has-post-thumbnail","6":"product_cat-exterior","7":"product_cat-shampoos-and-cleansers","8":"product_cat-surface-preparation","9":"description-off","11":"first","12":"outofstock","13":"taxable","14":"shipping-taxable","15":"purchasable","16":"product-type-variable"},"yoast_head":"<!-- This site is optimized with the Yoast SEO plugin v27.4 - https:\/\/yoast.com\/product\/yoast-seo-wordpress\/ -->\n<title>Cleantle Citrus Foam Grapefruit scented active foam - Detail Spot<\/title>\n<meta name=\"description\" content=\"Effectively dissolves dirt and degreases the surface. The product does not contain sodium, potassium hydroxide, which can cause corrosion or dull the surface.\" \/>\n<meta name=\"robots\" content=\"index, follow, max-snippet:-1, max-image-preview:large, max-video-preview:-1\" \/>\n<link rel=\"canonical\" href=\"https:\/\/detailspot.lt\/en\/produktas\/cleantle-citrus-foam-grapefruit-scented-active-foam\/\" \/>\n<meta property=\"og:locale\" content=\"en_US\" \/>\n<meta property=\"og:type\" content=\"article\" \/>\n<meta property=\"og:title\" content=\"Cleantle Citrus Foam Grapefruit scented active foam - Detail Spot\" \/>\n<meta property=\"og:description\" content=\"Effectively dissolves dirt and degreases the surface. The product does not contain sodium, potassium hydroxide, which can cause corrosion or dull the surface.\" \/>\n<meta property=\"og:url\" content=\"https:\/\/detailspot.lt\/en\/produktas\/cleantle-citrus-foam-grapefruit-scented-active-foam\/\" \/>\n<meta property=\"og:site_name\" content=\"Detail Spot\" \/>\n<meta property=\"article:publisher\" content=\"https:\/\/www.facebook.com\/profile.php?id=100039208338156\" \/>\n<meta property=\"og:image\" content=\"https:\/\/detailspot.lt\/wp-content\/uploads\/2022\/12\/Cleantle-Citrus-Foam-1l.webp\" \/>\n\t<meta property=\"og:image:width\" content=\"1000\" \/>\n\t<meta property=\"og:image:height\" content=\"1000\" \/>\n\t<meta property=\"og:image:type\" content=\"image\/webp\" \/>\n<meta name=\"twitter:card\" content=\"summary_large_image\" \/>\n<meta name=\"twitter:label1\" content=\"Est. reading time\" \/>\n\t<meta name=\"twitter:data1\" content=\"1 minute\" \/>\n<script type=\"application\/ld+json\" class=\"yoast-schema-graph\">{\"@context\":\"https:\\\/\\\/schema.org\",\"@graph\":[{\"@type\":\"WebPage\",\"@id\":\"https:\\\/\\\/detailspot.lt\\\/en\\\/produktas\\\/cleantle-citrus-foam-grapefruit-scented-active-foam\\\/\",\"url\":\"https:\\\/\\\/detailspot.lt\\\/en\\\/produktas\\\/cleantle-citrus-foam-grapefruit-scented-active-foam\\\/\",\"name\":\"Cleantle Citrus Foam Grapefruit scented active foam - Detail Spot\",\"isPartOf\":{\"@id\":\"https:\\\/\\\/detailspot.lt\\\/#website\"},\"primaryImageOfPage\":{\"@id\":\"https:\\\/\\\/detailspot.lt\\\/en\\\/produktas\\\/cleantle-citrus-foam-grapefruit-scented-active-foam\\\/#primaryimage\"},\"image\":{\"@id\":\"https:\\\/\\\/detailspot.lt\\\/en\\\/produktas\\\/cleantle-citrus-foam-grapefruit-scented-active-foam\\\/#primaryimage\"},\"thumbnailUrl\":\"https:\\\/\\\/detailspot.lt\\\/wp-content\\\/uploads\\\/2022\\\/12\\\/Cleantle-Citrus-Foam-1l.webp\",\"datePublished\":\"2022-12-17T19:09:32+00:00\",\"description\":\"Effectively dissolves dirt and degreases the surface. The product does not contain sodium, potassium hydroxide, which can cause corrosion or dull the surface.\",\"breadcrumb\":{\"@id\":\"https:\\\/\\\/detailspot.lt\\\/en\\\/produktas\\\/cleantle-citrus-foam-grapefruit-scented-active-foam\\\/#breadcrumb\"},\"inLanguage\":\"en-US\",\"potentialAction\":[{\"@type\":\"ReadAction\",\"target\":[\"https:\\\/\\\/detailspot.lt\\\/en\\\/produktas\\\/cleantle-citrus-foam-grapefruit-scented-active-foam\\\/\"]}]},{\"@type\":\"ImageObject\",\"inLanguage\":\"en-US\",\"@id\":\"https:\\\/\\\/detailspot.lt\\\/en\\\/produktas\\\/cleantle-citrus-foam-grapefruit-scented-active-foam\\\/#primaryimage\",\"url\":\"https:\\\/\\\/detailspot.lt\\\/wp-content\\\/uploads\\\/2022\\\/12\\\/Cleantle-Citrus-Foam-1l.webp\",\"contentUrl\":\"https:\\\/\\\/detailspot.lt\\\/wp-content\\\/uploads\\\/2022\\\/12\\\/Cleantle-Citrus-Foam-1l.webp\",\"width\":1000,\"height\":1000},{\"@type\":\"BreadcrumbList\",\"@id\":\"https:\\\/\\\/detailspot.lt\\\/en\\\/produktas\\\/cleantle-citrus-foam-grapefruit-scented-active-foam\\\/#breadcrumb\",\"itemListElement\":[{\"@type\":\"ListItem\",\"position\":1,\"name\":\"Home\",\"item\":\"https:\\\/\\\/detailspot.lt\\\/en\\\/\"},{\"@type\":\"ListItem\",\"position\":2,\"name\":\"Shop\",\"item\":\"https:\\\/\\\/detailspot.lt\\\/en\\\/parduotuve\\\/\"},{\"@type\":\"ListItem\",\"position\":3,\"name\":\"Cleantle Citrus Foam Grapefruit scented active foam\"}]},{\"@type\":\"WebSite\",\"@id\":\"https:\\\/\\\/detailspot.lt\\\/#website\",\"url\":\"https:\\\/\\\/detailspot.lt\\\/\",\"name\":\"Detail Spot\",\"description\":\"Automobili\u0173 prie\u017ei\u016bros priemon\u0117s\",\"publisher\":{\"@id\":\"https:\\\/\\\/detailspot.lt\\\/#organization\"},\"potentialAction\":[{\"@type\":\"SearchAction\",\"target\":{\"@type\":\"EntryPoint\",\"urlTemplate\":\"https:\\\/\\\/detailspot.lt\\\/?s={search_term_string}\"},\"query-input\":{\"@type\":\"PropertyValueSpecification\",\"valueRequired\":true,\"valueName\":\"search_term_string\"}}],\"inLanguage\":\"en-US\"},{\"@type\":\"Organization\",\"@id\":\"https:\\\/\\\/detailspot.lt\\\/#organization\",\"name\":\"Detail Spot\",\"url\":\"https:\\\/\\\/detailspot.lt\\\/\",\"logo\":{\"@type\":\"ImageObject\",\"inLanguage\":\"en-US\",\"@id\":\"https:\\\/\\\/detailspot.lt\\\/#\\\/schema\\\/logo\\\/image\\\/\",\"url\":\"https:\\\/\\\/detailspot.lt\\\/wp-content\\\/uploads\\\/2022\\\/10\\\/logo-original.svg\",\"contentUrl\":\"https:\\\/\\\/detailspot.lt\\\/wp-content\\\/uploads\\\/2022\\\/10\\\/logo-original.svg\",\"width\":1,\"height\":1,\"caption\":\"Detail Spot\"},\"image\":{\"@id\":\"https:\\\/\\\/detailspot.lt\\\/#\\\/schema\\\/logo\\\/image\\\/\"},\"sameAs\":[\"https:\\\/\\\/www.facebook.com\\\/profile.php?id=100039208338156\"]}]}<\/script>\n<!-- \/ Yoast SEO plugin. -->","yoast_head_json":{"title":"Cleantle Citrus Foam Grapefruit scented active foam - Detail Spot","description":"Effectively dissolves dirt and degreases the surface. The product does not contain sodium, potassium hydroxide, which can cause corrosion or dull the surface.","robots":{"index":"index","follow":"follow","max-snippet":"max-snippet:-1","max-image-preview":"max-image-preview:large","max-video-preview":"max-video-preview:-1"},"canonical":"https:\/\/detailspot.lt\/en\/produktas\/cleantle-citrus-foam-grapefruit-scented-active-foam\/","og_locale":"en_US","og_type":"article","og_title":"Cleantle Citrus Foam Grapefruit scented active foam - Detail Spot","og_description":"Effectively dissolves dirt and degreases the surface. The product does not contain sodium, potassium hydroxide, which can cause corrosion or dull the surface.","og_url":"https:\/\/detailspot.lt\/en\/produktas\/cleantle-citrus-foam-grapefruit-scented-active-foam\/","og_site_name":"Detail Spot","article_publisher":"https:\/\/www.facebook.com\/profile.php?id=100039208338156","og_image":[{"width":1000,"height":1000,"url":"https:\/\/detailspot.lt\/wp-content\/uploads\/2022\/12\/Cleantle-Citrus-Foam-1l.webp","type":"image\/webp"}],"twitter_card":"summary_large_image","twitter_misc":{"Est. reading time":"1 minute"},"schema":{"@context":"https:\/\/schema.org","@graph":[{"@type":"WebPage","@id":"https:\/\/detailspot.lt\/en\/produktas\/cleantle-citrus-foam-grapefruit-scented-active-foam\/","url":"https:\/\/detailspot.lt\/en\/produktas\/cleantle-citrus-foam-grapefruit-scented-active-foam\/","name":"Cleantle Citrus Foam Grapefruit scented active foam - Detail Spot","isPartOf":{"@id":"https:\/\/detailspot.lt\/#website"},"primaryImageOfPage":{"@id":"https:\/\/detailspot.lt\/en\/produktas\/cleantle-citrus-foam-grapefruit-scented-active-foam\/#primaryimage"},"image":{"@id":"https:\/\/detailspot.lt\/en\/produktas\/cleantle-citrus-foam-grapefruit-scented-active-foam\/#primaryimage"},"thumbnailUrl":"https:\/\/detailspot.lt\/wp-content\/uploads\/2022\/12\/Cleantle-Citrus-Foam-1l.webp","datePublished":"2022-12-17T19:09:32+00:00","description":"Effectively dissolves dirt and degreases the surface. The product does not contain sodium, potassium hydroxide, which can cause corrosion or dull the surface.","breadcrumb":{"@id":"https:\/\/detailspot.lt\/en\/produktas\/cleantle-citrus-foam-grapefruit-scented-active-foam\/#breadcrumb"},"inLanguage":"en-US","potentialAction":[{"@type":"ReadAction","target":["https:\/\/detailspot.lt\/en\/produktas\/cleantle-citrus-foam-grapefruit-scented-active-foam\/"]}]},{"@type":"ImageObject","inLanguage":"en-US","@id":"https:\/\/detailspot.lt\/en\/produktas\/cleantle-citrus-foam-grapefruit-scented-active-foam\/#primaryimage","url":"https:\/\/detailspot.lt\/wp-content\/uploads\/2022\/12\/Cleantle-Citrus-Foam-1l.webp","contentUrl":"https:\/\/detailspot.lt\/wp-content\/uploads\/2022\/12\/Cleantle-Citrus-Foam-1l.webp","width":1000,"height":1000},{"@type":"BreadcrumbList","@id":"https:\/\/detailspot.lt\/en\/produktas\/cleantle-citrus-foam-grapefruit-scented-active-foam\/#breadcrumb","itemListElement":[{"@type":"ListItem","position":1,"name":"Home","item":"https:\/\/detailspot.lt\/en\/"},{"@type":"ListItem","position":2,"name":"Shop","item":"https:\/\/detailspot.lt\/en\/parduotuve\/"},{"@type":"ListItem","position":3,"name":"Cleantle Citrus Foam Grapefruit scented active foam"}]},{"@type":"WebSite","@id":"https:\/\/detailspot.lt\/#website","url":"https:\/\/detailspot.lt\/","name":"Detail Spot","description":"Automobili\u0173 prie\u017ei\u016bros priemon\u0117s","publisher":{"@id":"https:\/\/detailspot.lt\/#organization"},"potentialAction":[{"@type":"SearchAction","target":{"@type":"EntryPoint","urlTemplate":"https:\/\/detailspot.lt\/?s={search_term_string}"},"query-input":{"@type":"PropertyValueSpecification","valueRequired":true,"valueName":"search_term_string"}}],"inLanguage":"en-US"},{"@type":"Organization","@id":"https:\/\/detailspot.lt\/#organization","name":"Detail Spot","url":"https:\/\/detailspot.lt\/","logo":{"@type":"ImageObject","inLanguage":"en-US","@id":"https:\/\/detailspot.lt\/#\/schema\/logo\/image\/","url":"https:\/\/detailspot.lt\/wp-content\/uploads\/2022\/10\/logo-original.svg","contentUrl":"https:\/\/detailspot.lt\/wp-content\/uploads\/2022\/10\/logo-original.svg","width":1,"height":1,"caption":"Detail Spot"},"image":{"@id":"https:\/\/detailspot.lt\/#\/schema\/logo\/image\/"},"sameAs":["https:\/\/www.facebook.com\/profile.php?id=100039208338156"]}]}},"_links":{"self":[{"href":"https:\/\/detailspot.lt\/en\/wp-json\/wp\/v2\/product\/6573","targetHints":{"allow":["GET"]}}],"collection":[{"href":"https:\/\/detailspot.lt\/en\/wp-json\/wp\/v2\/product"}],"about":[{"href":"https:\/\/detailspot.lt\/en\/wp-json\/wp\/v2\/types\/product"}],"replies":[{"embeddable":true,"href":"https:\/\/detailspot.lt\/en\/wp-json\/wp\/v2\/comments?post=6573"}],"wp:featuredmedia":[{"embeddable":true,"href":"https:\/\/detailspot.lt\/en\/wp-json\/wp\/v2\/media\/3708"}],"wp:attachment":[{"href":"https:\/\/detailspot.lt\/en\/wp-json\/wp\/v2\/media?parent=6573"}],"wp:term":[{"taxonomy":"product_brand","embeddable":true,"href":"https:\/\/detailspot.lt\/en\/wp-json\/wp\/v2\/product_brand?post=6573"},{"taxonomy":"product_cat","embeddable":true,"href":"https:\/\/detailspot.lt\/en\/wp-json\/wp\/v2\/product_cat?post=6573"},{"taxonomy":"product_tag","embeddable":true,"href":"https:\/\/detailspot.lt\/en\/wp-json\/wp\/v2\/product_tag?post=6573"}],"curies":[{"name":"wp","href":"https:\/\/api.w.org\/{rel}","templated":true}]}}