{"id":6568,"date":"2022-12-17T21:34:55","date_gmt":"2022-12-17T19:34:55","guid":{"rendered":"https:\/\/detailspot.lt\/produktas\/cleantle-deiron-man-wheel-cleaner\/"},"modified":"2025-03-23T19:09:35","modified_gmt":"2025-03-23T17:09:35","slug":"cleantle-deiron-man-wheel-cleaner","status":"publish","type":"product","link":"https:\/\/detailspot.lt\/en\/produktas\/cleantle-deiron-man-wheel-cleaner\/","title":{"rendered":"Cleantle Deiron Man Wheel Cleaner"},"content":{"rendered":"<h1>Cleantle Deiron Man Wheel Cleaner<\/h1>\n<p>A pH-neutral cleaner for removing deeply penetrated metal deposits from all types of rims and clear coat surfaces. The product allows you to remove even the most stubborn metallic dirt, rust or dust from brake pads. The product allows you to remove even the most stubborn metallic dirt, rust or dust from brake pads.<\/p>\n<p>Also use the <a href=\"https:\/\/detailspot.lt\/produktas\/liquid-elements-furby-ratlankiu-sepetys\/'\">Liquid Elements Furby<\/a> Wheel Wash Brushes.<\/p>\n<p><strong>Application: <\/strong><\/p>\n<div class=\"content\">\n<div class=\"left\">\n<ol>\n<li id=\"translatedtext\" class=\"query-input\">Spray the product on the contaminated surface &#8211; cover completely.<\/li>\n<li class=\"query-input\">Leave on the surface and wait for the product to react (approx. 60-120 seconds).<\/li>\n<li class=\"query-input\">For better results, activate the product with the brush.<\/li>\n<li class=\"query-input\">Rinse thoroughly with a high-pressure jet.<\/li>\n<\/ol>\n<\/div>\n<div><strong>Recommendations:<\/strong><\/div>\n<ol>\n<li>Do not use on hot surfaces<\/li>\n<li>Do not allow the product to dry<\/li>\n<\/ol>\n<p style=\"text-align: center;\"><img loading=\"lazy\" decoding=\"async\" class=\"alignnone size-medium wp-image-1968\" src=\"https:\/\/detailspot.lt\/wp-content\/uploads\/2022\/12\/cleantle-log-300x71.png\" alt=\"\" width=\"300\" height=\"71\" srcset=\"https:\/\/detailspot.lt\/wp-content\/uploads\/2022\/12\/cleantle-log-300x71.png 300w, https:\/\/detailspot.lt\/wp-content\/uploads\/2022\/12\/cleantle-log-64x15.png 64w, https:\/\/detailspot.lt\/wp-content\/uploads\/2022\/12\/cleantle-log.png 501w\" sizes=\"auto, (max-width: 300px) 100vw, 300px\" \/><\/p>\n<\/div>\n","protected":false},"excerpt":{"rendered":"<p>Cleantle Deiron Man Wheel Cleaner A pH-neutral cleaner for removing deeply penetrated metal deposits from all types of rims and clear coat surfaces. The product allows you to remove even the most stubborn metallic dirt, rust or dust from brake pads. The product allows you to remove even the most stubborn metallic dirt, rust or&hellip;<\/p>\n","protected":false},"featured_media":3714,"comment_status":"closed","ping_status":"closed","template":"","meta":[],"product_brand":[],"product_cat":[160,162,177],"product_tag":[],"class_list":{"0":"post-6568","1":"product","2":"type-product","3":"status-publish","4":"has-post-thumbnail","6":"product_cat-exterior","7":"product_cat-surface-preparation","8":"product_cat-wheel-care","9":"description-off","11":"first","12":"instock","13":"taxable","14":"shipping-taxable","15":"purchasable","16":"product-type-variable"},"yoast_head":"<!-- This site is optimized with the Yoast SEO plugin v27.3 - https:\/\/yoast.com\/product\/yoast-seo-wordpress\/ -->\n<title>Cleantle Deiron Man Wheel Cleaner - Detail Spot<\/title>\n<meta name=\"description\" content=\"Cleantle Deiron man - pH-neutral cleaner for removing deeply penetrated metal deposits from all types of rims and clear coat surfaces\" \/>\n<meta name=\"robots\" content=\"index, follow, max-snippet:-1, max-image-preview:large, max-video-preview:-1\" \/>\n<link rel=\"canonical\" href=\"https:\/\/detailspot.lt\/en\/produktas\/cleantle-deiron-man-wheel-cleaner\/\" \/>\n<meta property=\"og:locale\" content=\"en_US\" \/>\n<meta property=\"og:type\" content=\"article\" \/>\n<meta property=\"og:title\" content=\"Cleantle Deiron Man Wheel Cleaner - Detail Spot\" \/>\n<meta property=\"og:description\" content=\"Cleantle Deiron man - pH-neutral cleaner for removing deeply penetrated metal deposits from all types of rims and clear coat surfaces\" \/>\n<meta property=\"og:url\" content=\"https:\/\/detailspot.lt\/en\/produktas\/cleantle-deiron-man-wheel-cleaner\/\" \/>\n<meta property=\"og:site_name\" content=\"Detail Spot\" \/>\n<meta property=\"article:publisher\" content=\"https:\/\/www.facebook.com\/profile.php?id=100039208338156\" \/>\n<meta property=\"article:modified_time\" content=\"2025-03-23T17:09:35+00:00\" \/>\n<meta property=\"og:image\" content=\"https:\/\/detailspot.lt\/wp-content\/uploads\/2022\/12\/cleantle-deiron-man-1L.jpg\" \/>\n\t<meta property=\"og:image:width\" content=\"1080\" \/>\n\t<meta property=\"og:image:height\" content=\"1080\" \/>\n\t<meta property=\"og:image:type\" content=\"image\/jpeg\" \/>\n<meta name=\"twitter:card\" content=\"summary_large_image\" \/>\n<meta name=\"twitter:label1\" content=\"Est. reading time\" \/>\n\t<meta name=\"twitter:data1\" content=\"1 minute\" \/>\n<script type=\"application\/ld+json\" class=\"yoast-schema-graph\">{\"@context\":\"https:\\\/\\\/schema.org\",\"@graph\":[{\"@type\":\"WebPage\",\"@id\":\"https:\\\/\\\/detailspot.lt\\\/en\\\/produktas\\\/cleantle-deiron-man-wheel-cleaner\\\/\",\"url\":\"https:\\\/\\\/detailspot.lt\\\/en\\\/produktas\\\/cleantle-deiron-man-wheel-cleaner\\\/\",\"name\":\"Cleantle Deiron Man Wheel Cleaner - Detail Spot\",\"isPartOf\":{\"@id\":\"https:\\\/\\\/detailspot.lt\\\/#website\"},\"primaryImageOfPage\":{\"@id\":\"https:\\\/\\\/detailspot.lt\\\/en\\\/produktas\\\/cleantle-deiron-man-wheel-cleaner\\\/#primaryimage\"},\"image\":{\"@id\":\"https:\\\/\\\/detailspot.lt\\\/en\\\/produktas\\\/cleantle-deiron-man-wheel-cleaner\\\/#primaryimage\"},\"thumbnailUrl\":\"https:\\\/\\\/detailspot.lt\\\/wp-content\\\/uploads\\\/2022\\\/12\\\/cleantle-deiron-man-1L.jpg\",\"datePublished\":\"2022-12-17T19:34:55+00:00\",\"dateModified\":\"2025-03-23T17:09:35+00:00\",\"description\":\"Cleantle Deiron man - pH-neutral cleaner for removing deeply penetrated metal deposits from all types of rims and clear coat surfaces\",\"breadcrumb\":{\"@id\":\"https:\\\/\\\/detailspot.lt\\\/en\\\/produktas\\\/cleantle-deiron-man-wheel-cleaner\\\/#breadcrumb\"},\"inLanguage\":\"en-US\",\"potentialAction\":[{\"@type\":\"ReadAction\",\"target\":[\"https:\\\/\\\/detailspot.lt\\\/en\\\/produktas\\\/cleantle-deiron-man-wheel-cleaner\\\/\"]}]},{\"@type\":\"ImageObject\",\"inLanguage\":\"en-US\",\"@id\":\"https:\\\/\\\/detailspot.lt\\\/en\\\/produktas\\\/cleantle-deiron-man-wheel-cleaner\\\/#primaryimage\",\"url\":\"https:\\\/\\\/detailspot.lt\\\/wp-content\\\/uploads\\\/2022\\\/12\\\/cleantle-deiron-man-1L.jpg\",\"contentUrl\":\"https:\\\/\\\/detailspot.lt\\\/wp-content\\\/uploads\\\/2022\\\/12\\\/cleantle-deiron-man-1L.jpg\",\"width\":1080,\"height\":1080},{\"@type\":\"BreadcrumbList\",\"@id\":\"https:\\\/\\\/detailspot.lt\\\/en\\\/produktas\\\/cleantle-deiron-man-wheel-cleaner\\\/#breadcrumb\",\"itemListElement\":[{\"@type\":\"ListItem\",\"position\":1,\"name\":\"Home\",\"item\":\"https:\\\/\\\/detailspot.lt\\\/en\\\/\"},{\"@type\":\"ListItem\",\"position\":2,\"name\":\"Shop\",\"item\":\"https:\\\/\\\/detailspot.lt\\\/en\\\/parduotuve\\\/\"},{\"@type\":\"ListItem\",\"position\":3,\"name\":\"Cleantle Deiron Man Wheel Cleaner\"}]},{\"@type\":\"WebSite\",\"@id\":\"https:\\\/\\\/detailspot.lt\\\/#website\",\"url\":\"https:\\\/\\\/detailspot.lt\\\/\",\"name\":\"Detail Spot\",\"description\":\"Automobili\u0173 prie\u017ei\u016bros priemon\u0117s\",\"publisher\":{\"@id\":\"https:\\\/\\\/detailspot.lt\\\/#organization\"},\"potentialAction\":[{\"@type\":\"SearchAction\",\"target\":{\"@type\":\"EntryPoint\",\"urlTemplate\":\"https:\\\/\\\/detailspot.lt\\\/?s={search_term_string}\"},\"query-input\":{\"@type\":\"PropertyValueSpecification\",\"valueRequired\":true,\"valueName\":\"search_term_string\"}}],\"inLanguage\":\"en-US\"},{\"@type\":\"Organization\",\"@id\":\"https:\\\/\\\/detailspot.lt\\\/#organization\",\"name\":\"Detail Spot\",\"url\":\"https:\\\/\\\/detailspot.lt\\\/\",\"logo\":{\"@type\":\"ImageObject\",\"inLanguage\":\"en-US\",\"@id\":\"https:\\\/\\\/detailspot.lt\\\/#\\\/schema\\\/logo\\\/image\\\/\",\"url\":\"https:\\\/\\\/detailspot.lt\\\/wp-content\\\/uploads\\\/2022\\\/10\\\/logo-original.svg\",\"contentUrl\":\"https:\\\/\\\/detailspot.lt\\\/wp-content\\\/uploads\\\/2022\\\/10\\\/logo-original.svg\",\"width\":1,\"height\":1,\"caption\":\"Detail Spot\"},\"image\":{\"@id\":\"https:\\\/\\\/detailspot.lt\\\/#\\\/schema\\\/logo\\\/image\\\/\"},\"sameAs\":[\"https:\\\/\\\/www.facebook.com\\\/profile.php?id=100039208338156\"]}]}<\/script>\n<!-- \/ Yoast SEO plugin. -->","yoast_head_json":{"title":"Cleantle Deiron Man Wheel Cleaner - Detail Spot","description":"Cleantle Deiron man - pH-neutral cleaner for removing deeply penetrated metal deposits from all types of rims and clear coat surfaces","robots":{"index":"index","follow":"follow","max-snippet":"max-snippet:-1","max-image-preview":"max-image-preview:large","max-video-preview":"max-video-preview:-1"},"canonical":"https:\/\/detailspot.lt\/en\/produktas\/cleantle-deiron-man-wheel-cleaner\/","og_locale":"en_US","og_type":"article","og_title":"Cleantle Deiron Man Wheel Cleaner - Detail Spot","og_description":"Cleantle Deiron man - pH-neutral cleaner for removing deeply penetrated metal deposits from all types of rims and clear coat surfaces","og_url":"https:\/\/detailspot.lt\/en\/produktas\/cleantle-deiron-man-wheel-cleaner\/","og_site_name":"Detail Spot","article_publisher":"https:\/\/www.facebook.com\/profile.php?id=100039208338156","article_modified_time":"2025-03-23T17:09:35+00:00","og_image":[{"width":1080,"height":1080,"url":"https:\/\/detailspot.lt\/wp-content\/uploads\/2022\/12\/cleantle-deiron-man-1L.jpg","type":"image\/jpeg"}],"twitter_card":"summary_large_image","twitter_misc":{"Est. reading time":"1 minute"},"schema":{"@context":"https:\/\/schema.org","@graph":[{"@type":"WebPage","@id":"https:\/\/detailspot.lt\/en\/produktas\/cleantle-deiron-man-wheel-cleaner\/","url":"https:\/\/detailspot.lt\/en\/produktas\/cleantle-deiron-man-wheel-cleaner\/","name":"Cleantle Deiron Man Wheel Cleaner - Detail Spot","isPartOf":{"@id":"https:\/\/detailspot.lt\/#website"},"primaryImageOfPage":{"@id":"https:\/\/detailspot.lt\/en\/produktas\/cleantle-deiron-man-wheel-cleaner\/#primaryimage"},"image":{"@id":"https:\/\/detailspot.lt\/en\/produktas\/cleantle-deiron-man-wheel-cleaner\/#primaryimage"},"thumbnailUrl":"https:\/\/detailspot.lt\/wp-content\/uploads\/2022\/12\/cleantle-deiron-man-1L.jpg","datePublished":"2022-12-17T19:34:55+00:00","dateModified":"2025-03-23T17:09:35+00:00","description":"Cleantle Deiron man - pH-neutral cleaner for removing deeply penetrated metal deposits from all types of rims and clear coat surfaces","breadcrumb":{"@id":"https:\/\/detailspot.lt\/en\/produktas\/cleantle-deiron-man-wheel-cleaner\/#breadcrumb"},"inLanguage":"en-US","potentialAction":[{"@type":"ReadAction","target":["https:\/\/detailspot.lt\/en\/produktas\/cleantle-deiron-man-wheel-cleaner\/"]}]},{"@type":"ImageObject","inLanguage":"en-US","@id":"https:\/\/detailspot.lt\/en\/produktas\/cleantle-deiron-man-wheel-cleaner\/#primaryimage","url":"https:\/\/detailspot.lt\/wp-content\/uploads\/2022\/12\/cleantle-deiron-man-1L.jpg","contentUrl":"https:\/\/detailspot.lt\/wp-content\/uploads\/2022\/12\/cleantle-deiron-man-1L.jpg","width":1080,"height":1080},{"@type":"BreadcrumbList","@id":"https:\/\/detailspot.lt\/en\/produktas\/cleantle-deiron-man-wheel-cleaner\/#breadcrumb","itemListElement":[{"@type":"ListItem","position":1,"name":"Home","item":"https:\/\/detailspot.lt\/en\/"},{"@type":"ListItem","position":2,"name":"Shop","item":"https:\/\/detailspot.lt\/en\/parduotuve\/"},{"@type":"ListItem","position":3,"name":"Cleantle Deiron Man Wheel Cleaner"}]},{"@type":"WebSite","@id":"https:\/\/detailspot.lt\/#website","url":"https:\/\/detailspot.lt\/","name":"Detail Spot","description":"Automobili\u0173 prie\u017ei\u016bros priemon\u0117s","publisher":{"@id":"https:\/\/detailspot.lt\/#organization"},"potentialAction":[{"@type":"SearchAction","target":{"@type":"EntryPoint","urlTemplate":"https:\/\/detailspot.lt\/?s={search_term_string}"},"query-input":{"@type":"PropertyValueSpecification","valueRequired":true,"valueName":"search_term_string"}}],"inLanguage":"en-US"},{"@type":"Organization","@id":"https:\/\/detailspot.lt\/#organization","name":"Detail Spot","url":"https:\/\/detailspot.lt\/","logo":{"@type":"ImageObject","inLanguage":"en-US","@id":"https:\/\/detailspot.lt\/#\/schema\/logo\/image\/","url":"https:\/\/detailspot.lt\/wp-content\/uploads\/2022\/10\/logo-original.svg","contentUrl":"https:\/\/detailspot.lt\/wp-content\/uploads\/2022\/10\/logo-original.svg","width":1,"height":1,"caption":"Detail Spot"},"image":{"@id":"https:\/\/detailspot.lt\/#\/schema\/logo\/image\/"},"sameAs":["https:\/\/www.facebook.com\/profile.php?id=100039208338156"]}]}},"_links":{"self":[{"href":"https:\/\/detailspot.lt\/en\/wp-json\/wp\/v2\/product\/6568","targetHints":{"allow":["GET"]}}],"collection":[{"href":"https:\/\/detailspot.lt\/en\/wp-json\/wp\/v2\/product"}],"about":[{"href":"https:\/\/detailspot.lt\/en\/wp-json\/wp\/v2\/types\/product"}],"replies":[{"embeddable":true,"href":"https:\/\/detailspot.lt\/en\/wp-json\/wp\/v2\/comments?post=6568"}],"wp:featuredmedia":[{"embeddable":true,"href":"https:\/\/detailspot.lt\/en\/wp-json\/wp\/v2\/media\/3714"}],"wp:attachment":[{"href":"https:\/\/detailspot.lt\/en\/wp-json\/wp\/v2\/media?parent=6568"}],"wp:term":[{"taxonomy":"product_brand","embeddable":true,"href":"https:\/\/detailspot.lt\/en\/wp-json\/wp\/v2\/product_brand?post=6568"},{"taxonomy":"product_cat","embeddable":true,"href":"https:\/\/detailspot.lt\/en\/wp-json\/wp\/v2\/product_cat?post=6568"},{"taxonomy":"product_tag","embeddable":true,"href":"https:\/\/detailspot.lt\/en\/wp-json\/wp\/v2\/product_tag?post=6568"}],"curies":[{"name":"wp","href":"https:\/\/api.w.org\/{rel}","templated":true}]}}