{"id":6563,"date":"2022-12-17T21:51:38","date_gmt":"2022-12-17T19:51:38","guid":{"rendered":"https:\/\/detailspot.lt\/produktas\/cleantle-daily-shampoo-2\/"},"modified":"2022-12-17T21:51:38","modified_gmt":"2022-12-17T19:51:38","slug":"cleantle-daily-shampoo-2","status":"publish","type":"product","link":"https:\/\/detailspot.lt\/en\/produktas\/cleantle-daily-shampoo-2\/","title":{"rendered":"Cleantle Daily Shampoo"},"content":{"rendered":"<h1><strong>Cleantle Daily Shampoo <\/strong><\/h1>\n<p>is a concentrated, effective car wash shampoo. Ideal for removing dirt from the car body without leaving streaks. It contains no waxes or polymers. The shampoo creates a long-lasting lather. Perfect for everyday car maintenance. Ph &#8211; 7,5<\/p>\n<p><strong>Dilution: <\/strong><\/p>\n<ol>\n<li>30-50 ml. to 10l of water<\/li>\n<\/ol>\n<p><strong>Recommendations:<\/strong><\/p>\n<ol>\n<li>Do not wash in direct sunlight.<\/li>\n<li>Do not wash hot surfaces<\/li>\n<li>Do not allow the product to dry<\/li>\n<\/ol>\n<p>&nbsp;<\/p>\n<p style=\"text-align: center;\"><img loading=\"lazy\" decoding=\"async\" class=\"alignnone size-medium wp-image-1968\" src=\"https:\/\/detailspot.lt\/wp-content\/uploads\/2022\/12\/cleantle-log-300x71.png\" alt=\"\" width=\"300\" height=\"71\" srcset=\"https:\/\/detailspot.lt\/wp-content\/uploads\/2022\/12\/cleantle-log-300x71.png 300w, https:\/\/detailspot.lt\/wp-content\/uploads\/2022\/12\/cleantle-log-64x15.png 64w, https:\/\/detailspot.lt\/wp-content\/uploads\/2022\/12\/cleantle-log.png 501w\" sizes=\"auto, (max-width: 300px) 100vw, 300px\" \/><\/p>\n","protected":false},"excerpt":{"rendered":"<p>Cleantle Daily Shampoo is a concentrated, effective car wash shampoo. Ideal for removing dirt from the car body without leaving streaks. It contains no waxes or polymers. The shampoo creates a long-lasting lather. Perfect for everyday car maintenance. Ph &#8211; 7,5 Dilution: 30-50 ml. to 10l of water Recommendations: Do not wash in direct sunlight.&hellip;<\/p>\n","protected":false},"featured_media":3730,"comment_status":"closed","ping_status":"closed","template":"","meta":[],"product_brand":[],"product_cat":[160,164],"product_tag":[],"class_list":{"0":"post-6563","1":"product","2":"type-product","3":"status-publish","4":"has-post-thumbnail","6":"product_cat-exterior","7":"product_cat-shampoos-and-cleansers","8":"description-off","10":"first","11":"instock","12":"taxable","13":"shipping-taxable","14":"purchasable","15":"product-type-variable"},"yoast_head":"<!-- This site is optimized with the Yoast SEO plugin v27.3 - https:\/\/yoast.com\/product\/yoast-seo-wordpress\/ -->\n<title>Cleantle Daily Shampoo - Detail Spot<\/title>\n<meta name=\"description\" content=\"is a concentrated, effective car wash shampoo. Ideal for removing dirt from the car body without leaving streaks.\" \/>\n<meta name=\"robots\" content=\"index, follow, max-snippet:-1, max-image-preview:large, max-video-preview:-1\" \/>\n<link rel=\"canonical\" href=\"https:\/\/detailspot.lt\/en\/produktas\/cleantle-daily-shampoo-2\/\" \/>\n<meta property=\"og:locale\" content=\"en_US\" \/>\n<meta property=\"og:type\" content=\"article\" \/>\n<meta property=\"og:title\" content=\"Cleantle Daily Shampoo - Detail Spot\" \/>\n<meta property=\"og:description\" content=\"is a concentrated, effective car wash shampoo. Ideal for removing dirt from the car body without leaving streaks.\" \/>\n<meta property=\"og:url\" content=\"https:\/\/detailspot.lt\/en\/produktas\/cleantle-daily-shampoo-2\/\" \/>\n<meta property=\"og:site_name\" content=\"Detail Spot\" \/>\n<meta property=\"article:publisher\" content=\"https:\/\/www.facebook.com\/profile.php?id=100039208338156\" \/>\n<meta property=\"og:image\" content=\"https:\/\/detailspot.lt\/wp-content\/uploads\/2022\/12\/cleantle-daily-shampoo-500ml.webp\" \/>\n\t<meta property=\"og:image:width\" content=\"700\" \/>\n\t<meta property=\"og:image:height\" content=\"700\" \/>\n\t<meta property=\"og:image:type\" content=\"image\/webp\" \/>\n<meta name=\"twitter:card\" content=\"summary_large_image\" \/>\n<script type=\"application\/ld+json\" class=\"yoast-schema-graph\">{\"@context\":\"https:\\\/\\\/schema.org\",\"@graph\":[{\"@type\":\"WebPage\",\"@id\":\"https:\\\/\\\/detailspot.lt\\\/en\\\/produktas\\\/cleantle-daily-shampoo-2\\\/\",\"url\":\"https:\\\/\\\/detailspot.lt\\\/en\\\/produktas\\\/cleantle-daily-shampoo-2\\\/\",\"name\":\"Cleantle Daily Shampoo - Detail Spot\",\"isPartOf\":{\"@id\":\"https:\\\/\\\/detailspot.lt\\\/#website\"},\"primaryImageOfPage\":{\"@id\":\"https:\\\/\\\/detailspot.lt\\\/en\\\/produktas\\\/cleantle-daily-shampoo-2\\\/#primaryimage\"},\"image\":{\"@id\":\"https:\\\/\\\/detailspot.lt\\\/en\\\/produktas\\\/cleantle-daily-shampoo-2\\\/#primaryimage\"},\"thumbnailUrl\":\"https:\\\/\\\/detailspot.lt\\\/wp-content\\\/uploads\\\/2022\\\/12\\\/cleantle-daily-shampoo-500ml.webp\",\"datePublished\":\"2022-12-17T19:51:38+00:00\",\"description\":\"is a concentrated, effective car wash shampoo. Ideal for removing dirt from the car body without leaving streaks.\",\"breadcrumb\":{\"@id\":\"https:\\\/\\\/detailspot.lt\\\/en\\\/produktas\\\/cleantle-daily-shampoo-2\\\/#breadcrumb\"},\"inLanguage\":\"en-US\",\"potentialAction\":[{\"@type\":\"ReadAction\",\"target\":[\"https:\\\/\\\/detailspot.lt\\\/en\\\/produktas\\\/cleantle-daily-shampoo-2\\\/\"]}]},{\"@type\":\"ImageObject\",\"inLanguage\":\"en-US\",\"@id\":\"https:\\\/\\\/detailspot.lt\\\/en\\\/produktas\\\/cleantle-daily-shampoo-2\\\/#primaryimage\",\"url\":\"https:\\\/\\\/detailspot.lt\\\/wp-content\\\/uploads\\\/2022\\\/12\\\/cleantle-daily-shampoo-500ml.webp\",\"contentUrl\":\"https:\\\/\\\/detailspot.lt\\\/wp-content\\\/uploads\\\/2022\\\/12\\\/cleantle-daily-shampoo-500ml.webp\",\"width\":700,\"height\":700},{\"@type\":\"BreadcrumbList\",\"@id\":\"https:\\\/\\\/detailspot.lt\\\/en\\\/produktas\\\/cleantle-daily-shampoo-2\\\/#breadcrumb\",\"itemListElement\":[{\"@type\":\"ListItem\",\"position\":1,\"name\":\"Home\",\"item\":\"https:\\\/\\\/detailspot.lt\\\/en\\\/\"},{\"@type\":\"ListItem\",\"position\":2,\"name\":\"Shop\",\"item\":\"https:\\\/\\\/detailspot.lt\\\/en\\\/parduotuve\\\/\"},{\"@type\":\"ListItem\",\"position\":3,\"name\":\"Cleantle Daily Shampoo\"}]},{\"@type\":\"WebSite\",\"@id\":\"https:\\\/\\\/detailspot.lt\\\/#website\",\"url\":\"https:\\\/\\\/detailspot.lt\\\/\",\"name\":\"Detail Spot\",\"description\":\"Automobili\u0173 prie\u017ei\u016bros priemon\u0117s\",\"publisher\":{\"@id\":\"https:\\\/\\\/detailspot.lt\\\/#organization\"},\"potentialAction\":[{\"@type\":\"SearchAction\",\"target\":{\"@type\":\"EntryPoint\",\"urlTemplate\":\"https:\\\/\\\/detailspot.lt\\\/?s={search_term_string}\"},\"query-input\":{\"@type\":\"PropertyValueSpecification\",\"valueRequired\":true,\"valueName\":\"search_term_string\"}}],\"inLanguage\":\"en-US\"},{\"@type\":\"Organization\",\"@id\":\"https:\\\/\\\/detailspot.lt\\\/#organization\",\"name\":\"Detail Spot\",\"url\":\"https:\\\/\\\/detailspot.lt\\\/\",\"logo\":{\"@type\":\"ImageObject\",\"inLanguage\":\"en-US\",\"@id\":\"https:\\\/\\\/detailspot.lt\\\/#\\\/schema\\\/logo\\\/image\\\/\",\"url\":\"https:\\\/\\\/detailspot.lt\\\/wp-content\\\/uploads\\\/2022\\\/10\\\/logo-original.svg\",\"contentUrl\":\"https:\\\/\\\/detailspot.lt\\\/wp-content\\\/uploads\\\/2022\\\/10\\\/logo-original.svg\",\"width\":1,\"height\":1,\"caption\":\"Detail Spot\"},\"image\":{\"@id\":\"https:\\\/\\\/detailspot.lt\\\/#\\\/schema\\\/logo\\\/image\\\/\"},\"sameAs\":[\"https:\\\/\\\/www.facebook.com\\\/profile.php?id=100039208338156\"]}]}<\/script>\n<!-- \/ Yoast SEO plugin. -->","yoast_head_json":{"title":"Cleantle Daily Shampoo - Detail Spot","description":"is a concentrated, effective car wash shampoo. Ideal for removing dirt from the car body without leaving streaks.","robots":{"index":"index","follow":"follow","max-snippet":"max-snippet:-1","max-image-preview":"max-image-preview:large","max-video-preview":"max-video-preview:-1"},"canonical":"https:\/\/detailspot.lt\/en\/produktas\/cleantle-daily-shampoo-2\/","og_locale":"en_US","og_type":"article","og_title":"Cleantle Daily Shampoo - Detail Spot","og_description":"is a concentrated, effective car wash shampoo. Ideal for removing dirt from the car body without leaving streaks.","og_url":"https:\/\/detailspot.lt\/en\/produktas\/cleantle-daily-shampoo-2\/","og_site_name":"Detail Spot","article_publisher":"https:\/\/www.facebook.com\/profile.php?id=100039208338156","og_image":[{"width":700,"height":700,"url":"https:\/\/detailspot.lt\/wp-content\/uploads\/2022\/12\/cleantle-daily-shampoo-500ml.webp","type":"image\/webp"}],"twitter_card":"summary_large_image","schema":{"@context":"https:\/\/schema.org","@graph":[{"@type":"WebPage","@id":"https:\/\/detailspot.lt\/en\/produktas\/cleantle-daily-shampoo-2\/","url":"https:\/\/detailspot.lt\/en\/produktas\/cleantle-daily-shampoo-2\/","name":"Cleantle Daily Shampoo - Detail Spot","isPartOf":{"@id":"https:\/\/detailspot.lt\/#website"},"primaryImageOfPage":{"@id":"https:\/\/detailspot.lt\/en\/produktas\/cleantle-daily-shampoo-2\/#primaryimage"},"image":{"@id":"https:\/\/detailspot.lt\/en\/produktas\/cleantle-daily-shampoo-2\/#primaryimage"},"thumbnailUrl":"https:\/\/detailspot.lt\/wp-content\/uploads\/2022\/12\/cleantle-daily-shampoo-500ml.webp","datePublished":"2022-12-17T19:51:38+00:00","description":"is a concentrated, effective car wash shampoo. Ideal for removing dirt from the car body without leaving streaks.","breadcrumb":{"@id":"https:\/\/detailspot.lt\/en\/produktas\/cleantle-daily-shampoo-2\/#breadcrumb"},"inLanguage":"en-US","potentialAction":[{"@type":"ReadAction","target":["https:\/\/detailspot.lt\/en\/produktas\/cleantle-daily-shampoo-2\/"]}]},{"@type":"ImageObject","inLanguage":"en-US","@id":"https:\/\/detailspot.lt\/en\/produktas\/cleantle-daily-shampoo-2\/#primaryimage","url":"https:\/\/detailspot.lt\/wp-content\/uploads\/2022\/12\/cleantle-daily-shampoo-500ml.webp","contentUrl":"https:\/\/detailspot.lt\/wp-content\/uploads\/2022\/12\/cleantle-daily-shampoo-500ml.webp","width":700,"height":700},{"@type":"BreadcrumbList","@id":"https:\/\/detailspot.lt\/en\/produktas\/cleantle-daily-shampoo-2\/#breadcrumb","itemListElement":[{"@type":"ListItem","position":1,"name":"Home","item":"https:\/\/detailspot.lt\/en\/"},{"@type":"ListItem","position":2,"name":"Shop","item":"https:\/\/detailspot.lt\/en\/parduotuve\/"},{"@type":"ListItem","position":3,"name":"Cleantle Daily Shampoo"}]},{"@type":"WebSite","@id":"https:\/\/detailspot.lt\/#website","url":"https:\/\/detailspot.lt\/","name":"Detail Spot","description":"Automobili\u0173 prie\u017ei\u016bros priemon\u0117s","publisher":{"@id":"https:\/\/detailspot.lt\/#organization"},"potentialAction":[{"@type":"SearchAction","target":{"@type":"EntryPoint","urlTemplate":"https:\/\/detailspot.lt\/?s={search_term_string}"},"query-input":{"@type":"PropertyValueSpecification","valueRequired":true,"valueName":"search_term_string"}}],"inLanguage":"en-US"},{"@type":"Organization","@id":"https:\/\/detailspot.lt\/#organization","name":"Detail Spot","url":"https:\/\/detailspot.lt\/","logo":{"@type":"ImageObject","inLanguage":"en-US","@id":"https:\/\/detailspot.lt\/#\/schema\/logo\/image\/","url":"https:\/\/detailspot.lt\/wp-content\/uploads\/2022\/10\/logo-original.svg","contentUrl":"https:\/\/detailspot.lt\/wp-content\/uploads\/2022\/10\/logo-original.svg","width":1,"height":1,"caption":"Detail Spot"},"image":{"@id":"https:\/\/detailspot.lt\/#\/schema\/logo\/image\/"},"sameAs":["https:\/\/www.facebook.com\/profile.php?id=100039208338156"]}]}},"_links":{"self":[{"href":"https:\/\/detailspot.lt\/en\/wp-json\/wp\/v2\/product\/6563","targetHints":{"allow":["GET"]}}],"collection":[{"href":"https:\/\/detailspot.lt\/en\/wp-json\/wp\/v2\/product"}],"about":[{"href":"https:\/\/detailspot.lt\/en\/wp-json\/wp\/v2\/types\/product"}],"replies":[{"embeddable":true,"href":"https:\/\/detailspot.lt\/en\/wp-json\/wp\/v2\/comments?post=6563"}],"wp:featuredmedia":[{"embeddable":true,"href":"https:\/\/detailspot.lt\/en\/wp-json\/wp\/v2\/media\/3730"}],"wp:attachment":[{"href":"https:\/\/detailspot.lt\/en\/wp-json\/wp\/v2\/media?parent=6563"}],"wp:term":[{"taxonomy":"product_brand","embeddable":true,"href":"https:\/\/detailspot.lt\/en\/wp-json\/wp\/v2\/product_brand?post=6563"},{"taxonomy":"product_cat","embeddable":true,"href":"https:\/\/detailspot.lt\/en\/wp-json\/wp\/v2\/product_cat?post=6563"},{"taxonomy":"product_tag","embeddable":true,"href":"https:\/\/detailspot.lt\/en\/wp-json\/wp\/v2\/product_tag?post=6563"}],"curies":[{"name":"wp","href":"https:\/\/api.w.org\/{rel}","templated":true}]}}