{"id":6559,"date":"2022-12-17T22:11:46","date_gmt":"2022-12-17T20:11:46","guid":{"rendered":"https:\/\/detailspot.lt\/produktas\/cleantle-tirewheel-cleaner-2\/"},"modified":"2022-12-17T22:11:46","modified_gmt":"2022-12-17T20:11:46","slug":"cleantle-tirewheel-cleaner-2","status":"publish","type":"product","link":"https:\/\/detailspot.lt\/en\/produktas\/cleantle-tirewheel-cleaner-2\/","title":{"rendered":"Cleantle Tire&amp;Wheel Cleaner"},"content":{"rendered":"<p><strong>Cleantle Tire&amp;Wheel Cleaner &#8211; <\/strong>is a product for effective cleaning of tyres, rubber elements, rubber mats, aluminium and steel rims. The advanced formula effectively penetrates and removes the most stubborn dirt, leaving tyres and rims deeply cleaned.<\/p>\n<p><strong>Application:<\/strong><\/p>\n<ol>\n<li>Spray the surface to be cleaned and allow the product to work &#8211; 30s<\/li>\n<li>Distribute the product evenly with a brush or brush<\/li>\n<li>Rinse with water<\/li>\n<li>Repeat if necessary<\/li>\n<\/ol>\n<p><strong>Recommendations:<\/strong><\/p>\n<ol>\n<li>Do not use on hot surfaces<\/li>\n<li>Do not use in direct sunlight.<\/li>\n<\/ol>\n<p style=\"text-align: center;\"><img loading=\"lazy\" decoding=\"async\" class=\"alignnone size-medium wp-image-1968\" src=\"https:\/\/detailspot.lt\/wp-content\/uploads\/2022\/12\/cleantle-log-300x71.png\" alt=\"\" width=\"300\" height=\"71\" srcset=\"https:\/\/detailspot.lt\/wp-content\/uploads\/2022\/12\/cleantle-log-300x71.png 300w, https:\/\/detailspot.lt\/wp-content\/uploads\/2022\/12\/cleantle-log-64x15.png 64w, https:\/\/detailspot.lt\/wp-content\/uploads\/2022\/12\/cleantle-log.png 501w\" sizes=\"auto, (max-width: 300px) 100vw, 300px\" \/><\/p>\n","protected":false},"excerpt":{"rendered":"<p>Cleantle Tire&amp;Wheel Cleaner &#8211; is a product for effective cleaning of tyres, rubber elements, rubber mats, aluminium and steel rims. The advanced formula effectively penetrates and removes the most stubborn dirt, leaving tyres and rims deeply cleaned. Application: Spray the surface to be cleaned and allow the product to work &#8211; 30s Distribute the product&hellip;<\/p>\n","protected":false},"featured_media":3719,"comment_status":"closed","ping_status":"closed","template":"","meta":[],"product_brand":[],"product_cat":[176,175],"product_tag":[],"class_list":{"0":"post-6559","1":"product","2":"type-product","3":"status-publish","4":"has-post-thumbnail","6":"product_cat-tires-care","7":"product_cat-wheels-and-tyres","8":"description-off","10":"first","11":"instock","12":"taxable","13":"shipping-taxable","14":"purchasable","15":"product-type-variable"},"yoast_head":"<!-- This site is optimized with the Yoast SEO plugin v27.3 - https:\/\/yoast.com\/product\/yoast-seo-wordpress\/ -->\n<title>Cleantle Tire&amp;Wheel Cleaner - Detail Spot<\/title>\n<meta name=\"robots\" content=\"index, follow, max-snippet:-1, max-image-preview:large, max-video-preview:-1\" \/>\n<link rel=\"canonical\" href=\"https:\/\/detailspot.lt\/produktas\/cleantle-tirewheel-cleaner-2\/\" \/>\n<meta property=\"og:locale\" content=\"en_US\" \/>\n<meta property=\"og:type\" content=\"article\" \/>\n<meta property=\"og:title\" content=\"Cleantle Tire&amp;Wheel Cleaner - Detail Spot\" \/>\n<meta property=\"og:description\" content=\"Cleantle Tire&amp;Wheel Cleaner &#8211; is a product for effective cleaning of tyres, rubber elements, rubber mats, aluminium and steel rims. The advanced formula effectively penetrates and removes the most stubborn dirt, leaving tyres and rims deeply cleaned. Application: Spray the surface to be cleaned and allow the product to work &#8211; 30s Distribute the product&hellip;\" \/>\n<meta property=\"og:url\" content=\"https:\/\/detailspot.lt\/produktas\/cleantle-tirewheel-cleaner-2\/\" \/>\n<meta property=\"og:site_name\" content=\"Detail Spot\" \/>\n<meta property=\"article:publisher\" content=\"https:\/\/www.facebook.com\/profile.php?id=100039208338156\" \/>\n<meta property=\"og:image\" content=\"https:\/\/detailspot.lt\/wp-content\/uploads\/2022\/12\/cleantle-log-300x71.png\" \/>\n<meta name=\"twitter:card\" content=\"summary_large_image\" \/>\n<script type=\"application\/ld+json\" class=\"yoast-schema-graph\">{\"@context\":\"https:\\\/\\\/schema.org\",\"@graph\":[{\"@type\":\"WebPage\",\"@id\":\"https:\\\/\\\/detailspot.lt\\\/produktas\\\/cleantle-tirewheel-cleaner-2\\\/\",\"url\":\"https:\\\/\\\/detailspot.lt\\\/produktas\\\/cleantle-tirewheel-cleaner-2\\\/\",\"name\":\"Cleantle Tire&amp;Wheel Cleaner - Detail Spot\",\"isPartOf\":{\"@id\":\"https:\\\/\\\/detailspot.lt\\\/#website\"},\"primaryImageOfPage\":{\"@id\":\"https:\\\/\\\/detailspot.lt\\\/produktas\\\/cleantle-tirewheel-cleaner-2\\\/#primaryimage\"},\"image\":{\"@id\":\"https:\\\/\\\/detailspot.lt\\\/produktas\\\/cleantle-tirewheel-cleaner-2\\\/#primaryimage\"},\"thumbnailUrl\":\"https:\\\/\\\/detailspot.lt\\\/wp-content\\\/uploads\\\/2022\\\/12\\\/Cleantle-Tire-Wheel-Cleaner-500ml.webp\",\"datePublished\":\"2022-12-17T20:11:46+00:00\",\"breadcrumb\":{\"@id\":\"https:\\\/\\\/detailspot.lt\\\/produktas\\\/cleantle-tirewheel-cleaner-2\\\/#breadcrumb\"},\"inLanguage\":\"en-US\",\"potentialAction\":[{\"@type\":\"ReadAction\",\"target\":[\"https:\\\/\\\/detailspot.lt\\\/produktas\\\/cleantle-tirewheel-cleaner-2\\\/\"]}]},{\"@type\":\"ImageObject\",\"inLanguage\":\"en-US\",\"@id\":\"https:\\\/\\\/detailspot.lt\\\/produktas\\\/cleantle-tirewheel-cleaner-2\\\/#primaryimage\",\"url\":\"https:\\\/\\\/detailspot.lt\\\/wp-content\\\/uploads\\\/2022\\\/12\\\/Cleantle-Tire-Wheel-Cleaner-500ml.webp\",\"contentUrl\":\"https:\\\/\\\/detailspot.lt\\\/wp-content\\\/uploads\\\/2022\\\/12\\\/Cleantle-Tire-Wheel-Cleaner-500ml.webp\",\"width\":1000,\"height\":1000},{\"@type\":\"BreadcrumbList\",\"@id\":\"https:\\\/\\\/detailspot.lt\\\/produktas\\\/cleantle-tirewheel-cleaner-2\\\/#breadcrumb\",\"itemListElement\":[{\"@type\":\"ListItem\",\"position\":1,\"name\":\"Home\",\"item\":\"https:\\\/\\\/detailspot.lt\\\/en\\\/\"},{\"@type\":\"ListItem\",\"position\":2,\"name\":\"Shop\",\"item\":\"https:\\\/\\\/detailspot.lt\\\/en\\\/parduotuve\\\/\"},{\"@type\":\"ListItem\",\"position\":3,\"name\":\"Cleantle Tire&amp;Wheel Cleaner\"}]},{\"@type\":\"WebSite\",\"@id\":\"https:\\\/\\\/detailspot.lt\\\/#website\",\"url\":\"https:\\\/\\\/detailspot.lt\\\/\",\"name\":\"Detail Spot\",\"description\":\"Automobili\u0173 prie\u017ei\u016bros priemon\u0117s\",\"publisher\":{\"@id\":\"https:\\\/\\\/detailspot.lt\\\/#organization\"},\"potentialAction\":[{\"@type\":\"SearchAction\",\"target\":{\"@type\":\"EntryPoint\",\"urlTemplate\":\"https:\\\/\\\/detailspot.lt\\\/?s={search_term_string}\"},\"query-input\":{\"@type\":\"PropertyValueSpecification\",\"valueRequired\":true,\"valueName\":\"search_term_string\"}}],\"inLanguage\":\"en-US\"},{\"@type\":\"Organization\",\"@id\":\"https:\\\/\\\/detailspot.lt\\\/#organization\",\"name\":\"Detail Spot\",\"url\":\"https:\\\/\\\/detailspot.lt\\\/\",\"logo\":{\"@type\":\"ImageObject\",\"inLanguage\":\"en-US\",\"@id\":\"https:\\\/\\\/detailspot.lt\\\/#\\\/schema\\\/logo\\\/image\\\/\",\"url\":\"https:\\\/\\\/detailspot.lt\\\/wp-content\\\/uploads\\\/2022\\\/10\\\/logo-original.svg\",\"contentUrl\":\"https:\\\/\\\/detailspot.lt\\\/wp-content\\\/uploads\\\/2022\\\/10\\\/logo-original.svg\",\"width\":1,\"height\":1,\"caption\":\"Detail Spot\"},\"image\":{\"@id\":\"https:\\\/\\\/detailspot.lt\\\/#\\\/schema\\\/logo\\\/image\\\/\"},\"sameAs\":[\"https:\\\/\\\/www.facebook.com\\\/profile.php?id=100039208338156\"]}]}<\/script>\n<!-- \/ Yoast SEO plugin. -->","yoast_head_json":{"title":"Cleantle Tire&amp;Wheel Cleaner - Detail Spot","robots":{"index":"index","follow":"follow","max-snippet":"max-snippet:-1","max-image-preview":"max-image-preview:large","max-video-preview":"max-video-preview:-1"},"canonical":"https:\/\/detailspot.lt\/produktas\/cleantle-tirewheel-cleaner-2\/","og_locale":"en_US","og_type":"article","og_title":"Cleantle Tire&amp;Wheel Cleaner - Detail Spot","og_description":"Cleantle Tire&amp;Wheel Cleaner &#8211; is a product for effective cleaning of tyres, rubber elements, rubber mats, aluminium and steel rims. The advanced formula effectively penetrates and removes the most stubborn dirt, leaving tyres and rims deeply cleaned. Application: Spray the surface to be cleaned and allow the product to work &#8211; 30s Distribute the product&hellip;","og_url":"https:\/\/detailspot.lt\/produktas\/cleantle-tirewheel-cleaner-2\/","og_site_name":"Detail Spot","article_publisher":"https:\/\/www.facebook.com\/profile.php?id=100039208338156","og_image":[{"url":"https:\/\/detailspot.lt\/wp-content\/uploads\/2022\/12\/cleantle-log-300x71.png","type":"","width":"","height":""}],"twitter_card":"summary_large_image","schema":{"@context":"https:\/\/schema.org","@graph":[{"@type":"WebPage","@id":"https:\/\/detailspot.lt\/produktas\/cleantle-tirewheel-cleaner-2\/","url":"https:\/\/detailspot.lt\/produktas\/cleantle-tirewheel-cleaner-2\/","name":"Cleantle Tire&amp;Wheel Cleaner - Detail Spot","isPartOf":{"@id":"https:\/\/detailspot.lt\/#website"},"primaryImageOfPage":{"@id":"https:\/\/detailspot.lt\/produktas\/cleantle-tirewheel-cleaner-2\/#primaryimage"},"image":{"@id":"https:\/\/detailspot.lt\/produktas\/cleantle-tirewheel-cleaner-2\/#primaryimage"},"thumbnailUrl":"https:\/\/detailspot.lt\/wp-content\/uploads\/2022\/12\/Cleantle-Tire-Wheel-Cleaner-500ml.webp","datePublished":"2022-12-17T20:11:46+00:00","breadcrumb":{"@id":"https:\/\/detailspot.lt\/produktas\/cleantle-tirewheel-cleaner-2\/#breadcrumb"},"inLanguage":"en-US","potentialAction":[{"@type":"ReadAction","target":["https:\/\/detailspot.lt\/produktas\/cleantle-tirewheel-cleaner-2\/"]}]},{"@type":"ImageObject","inLanguage":"en-US","@id":"https:\/\/detailspot.lt\/produktas\/cleantle-tirewheel-cleaner-2\/#primaryimage","url":"https:\/\/detailspot.lt\/wp-content\/uploads\/2022\/12\/Cleantle-Tire-Wheel-Cleaner-500ml.webp","contentUrl":"https:\/\/detailspot.lt\/wp-content\/uploads\/2022\/12\/Cleantle-Tire-Wheel-Cleaner-500ml.webp","width":1000,"height":1000},{"@type":"BreadcrumbList","@id":"https:\/\/detailspot.lt\/produktas\/cleantle-tirewheel-cleaner-2\/#breadcrumb","itemListElement":[{"@type":"ListItem","position":1,"name":"Home","item":"https:\/\/detailspot.lt\/en\/"},{"@type":"ListItem","position":2,"name":"Shop","item":"https:\/\/detailspot.lt\/en\/parduotuve\/"},{"@type":"ListItem","position":3,"name":"Cleantle Tire&amp;Wheel Cleaner"}]},{"@type":"WebSite","@id":"https:\/\/detailspot.lt\/#website","url":"https:\/\/detailspot.lt\/","name":"Detail Spot","description":"Automobili\u0173 prie\u017ei\u016bros priemon\u0117s","publisher":{"@id":"https:\/\/detailspot.lt\/#organization"},"potentialAction":[{"@type":"SearchAction","target":{"@type":"EntryPoint","urlTemplate":"https:\/\/detailspot.lt\/?s={search_term_string}"},"query-input":{"@type":"PropertyValueSpecification","valueRequired":true,"valueName":"search_term_string"}}],"inLanguage":"en-US"},{"@type":"Organization","@id":"https:\/\/detailspot.lt\/#organization","name":"Detail Spot","url":"https:\/\/detailspot.lt\/","logo":{"@type":"ImageObject","inLanguage":"en-US","@id":"https:\/\/detailspot.lt\/#\/schema\/logo\/image\/","url":"https:\/\/detailspot.lt\/wp-content\/uploads\/2022\/10\/logo-original.svg","contentUrl":"https:\/\/detailspot.lt\/wp-content\/uploads\/2022\/10\/logo-original.svg","width":1,"height":1,"caption":"Detail Spot"},"image":{"@id":"https:\/\/detailspot.lt\/#\/schema\/logo\/image\/"},"sameAs":["https:\/\/www.facebook.com\/profile.php?id=100039208338156"]}]}},"_links":{"self":[{"href":"https:\/\/detailspot.lt\/en\/wp-json\/wp\/v2\/product\/6559","targetHints":{"allow":["GET"]}}],"collection":[{"href":"https:\/\/detailspot.lt\/en\/wp-json\/wp\/v2\/product"}],"about":[{"href":"https:\/\/detailspot.lt\/en\/wp-json\/wp\/v2\/types\/product"}],"replies":[{"embeddable":true,"href":"https:\/\/detailspot.lt\/en\/wp-json\/wp\/v2\/comments?post=6559"}],"wp:featuredmedia":[{"embeddable":true,"href":"https:\/\/detailspot.lt\/en\/wp-json\/wp\/v2\/media\/3719"}],"wp:attachment":[{"href":"https:\/\/detailspot.lt\/en\/wp-json\/wp\/v2\/media?parent=6559"}],"wp:term":[{"taxonomy":"product_brand","embeddable":true,"href":"https:\/\/detailspot.lt\/en\/wp-json\/wp\/v2\/product_brand?post=6559"},{"taxonomy":"product_cat","embeddable":true,"href":"https:\/\/detailspot.lt\/en\/wp-json\/wp\/v2\/product_cat?post=6559"},{"taxonomy":"product_tag","embeddable":true,"href":"https:\/\/detailspot.lt\/en\/wp-json\/wp\/v2\/product_tag?post=6559"}],"curies":[{"name":"wp","href":"https:\/\/api.w.org\/{rel}","templated":true}]}}