{"id":6542,"date":"2022-12-26T12:23:56","date_gmt":"2022-12-26T10:23:56","guid":{"rendered":"https:\/\/detailspot.lt\/produktas\/scangrip-matchpen-led-flashlight\/"},"modified":"2022-12-26T12:23:56","modified_gmt":"2022-12-26T10:23:56","slug":"scangrip-matchpen-led-flashlight","status":"publish","type":"product","link":"https:\/\/detailspot.lt\/en\/produktas\/scangrip-matchpen-led-flashlight\/","title":{"rendered":"Scangrip Matchpen LED flashlight"},"content":{"rendered":"<p><strong>Scangrip Matchpen LED flashlight <\/strong><\/p>\n<p>A small, pen-shaped torch that fits in your pocket and is always with you. Adjustable focusing of the light beam, which you can easily change with a flick of your fingers from 10 to 70 degrees.<\/p>\n<p><strong>Features<\/strong><\/p>\n<ul>\n<li>Adjustable focus from 10 to 70 degrees<\/li>\n<li>Colour mode 4000K<\/li>\n<li>Colour rendering index 95 CRI<\/li>\n<li>Resistance index IP54<\/li>\n<\/ul>\n<p><strong>Technical data<\/strong><\/p>\n<ul>\n<li>Light source: Ultra high CRI LED<\/li>\n<li>Illuminance: 300-4000 lux@0,5m<\/li>\n<li>Luminous flux: 100 lm<\/li>\n<li>Batteries: 2xAAA \/ 1.5V Alkaline<\/li>\n<li>Weight: 360 g<\/li>\n<li>Operating temperature: -10 \u030aC to +40 \u030aC<\/li>\n<li>Size: \u00f816x148mm<\/li>\n<\/ul>\n<p style=\"text-align: center;\"><img loading=\"lazy\" decoding=\"async\" class=\"alignnone size-medium wp-image-2797\" src=\"https:\/\/detailspot.lt\/wp-content\/uploads\/2022\/12\/Scangrip-logo-300x110.png\" alt=\"\" width=\"300\" height=\"110\" srcset=\"https:\/\/detailspot.lt\/wp-content\/uploads\/2022\/12\/Scangrip-logo-300x110.png 300w, https:\/\/detailspot.lt\/wp-content\/uploads\/2022\/12\/Scangrip-logo-64x23.png 64w, https:\/\/detailspot.lt\/wp-content\/uploads\/2022\/12\/Scangrip-logo.png 371w\" sizes=\"auto, (max-width: 300px) 100vw, 300px\" \/><\/p>\n","protected":false},"excerpt":{"rendered":"<p>Scangrip Matchpen LED flashlight A small, pen-shaped torch that fits in your pocket and is always with you. Adjustable focusing of the light beam, which you can easily change with a flick of your fingers from 10 to 70 degrees. Features Adjustable focus from 10 to 70 degrees Colour mode 4000K Colour rendering index 95&hellip;<\/p>\n","protected":false},"featured_media":4269,"comment_status":"closed","ping_status":"closed","template":"","meta":[],"product_brand":[],"product_cat":[16],"product_tag":[],"class_list":{"0":"post-6542","1":"product","2":"type-product","3":"status-publish","4":"has-post-thumbnail","6":"product_cat-uncategorized","7":"description-off","9":"first","10":"onbackorder","11":"taxable","12":"shipping-taxable","13":"purchasable","14":"product-type-simple"},"yoast_head":"<!-- This site is optimized with the Yoast SEO plugin v27.2 - https:\/\/yoast.com\/product\/yoast-seo-wordpress\/ -->\n<title>Scangrip Matchpen LED flashlight - Detail Spot<\/title>\n<meta name=\"robots\" content=\"index, follow, max-snippet:-1, max-image-preview:large, max-video-preview:-1\" \/>\n<link rel=\"canonical\" href=\"https:\/\/detailspot.lt\/produktas\/scangrip-matchpen-led-flashlight\/\" \/>\n<meta property=\"og:locale\" content=\"en_US\" \/>\n<meta property=\"og:type\" content=\"article\" \/>\n<meta property=\"og:title\" content=\"Scangrip Matchpen LED flashlight - Detail Spot\" \/>\n<meta property=\"og:description\" content=\"Scangrip Matchpen LED flashlight A small, pen-shaped torch that fits in your pocket and is always with you. Adjustable focusing of the light beam, which you can easily change with a flick of your fingers from 10 to 70 degrees. Features Adjustable focus from 10 to 70 degrees Colour mode 4000K Colour rendering index 95&hellip;\" \/>\n<meta property=\"og:url\" content=\"https:\/\/detailspot.lt\/produktas\/scangrip-matchpen-led-flashlight\/\" \/>\n<meta property=\"og:site_name\" content=\"Detail Spot\" \/>\n<meta property=\"article:publisher\" content=\"https:\/\/www.facebook.com\/profile.php?id=100039208338156\" \/>\n<meta property=\"og:image\" content=\"https:\/\/detailspot.lt\/wp-content\/uploads\/2022\/12\/Scangrip-logo-300x110.png\" \/>\n<meta name=\"twitter:card\" content=\"summary_large_image\" \/>\n<script type=\"application\/ld+json\" class=\"yoast-schema-graph\">{\"@context\":\"https:\/\/schema.org\",\"@graph\":[{\"@type\":\"WebPage\",\"@id\":\"https:\/\/detailspot.lt\/produktas\/scangrip-matchpen-led-flashlight\/\",\"url\":\"https:\/\/detailspot.lt\/produktas\/scangrip-matchpen-led-flashlight\/\",\"name\":\"Scangrip Matchpen LED flashlight - Detail Spot\",\"isPartOf\":{\"@id\":\"https:\/\/detailspot.lt\/#website\"},\"primaryImageOfPage\":{\"@id\":\"https:\/\/detailspot.lt\/produktas\/scangrip-matchpen-led-flashlight\/#primaryimage\"},\"image\":{\"@id\":\"https:\/\/detailspot.lt\/produktas\/scangrip-matchpen-led-flashlight\/#primaryimage\"},\"thumbnailUrl\":\"https:\/\/detailspot.lt\/wp-content\/uploads\/2022\/12\/scangrip-matchpen-1.jpg\",\"datePublished\":\"2022-12-26T10:23:56+00:00\",\"breadcrumb\":{\"@id\":\"https:\/\/detailspot.lt\/produktas\/scangrip-matchpen-led-flashlight\/#breadcrumb\"},\"inLanguage\":\"en-US\",\"potentialAction\":[{\"@type\":\"ReadAction\",\"target\":[\"https:\/\/detailspot.lt\/produktas\/scangrip-matchpen-led-flashlight\/\"]}]},{\"@type\":\"ImageObject\",\"inLanguage\":\"en-US\",\"@id\":\"https:\/\/detailspot.lt\/produktas\/scangrip-matchpen-led-flashlight\/#primaryimage\",\"url\":\"https:\/\/detailspot.lt\/wp-content\/uploads\/2022\/12\/scangrip-matchpen-1.jpg\",\"contentUrl\":\"https:\/\/detailspot.lt\/wp-content\/uploads\/2022\/12\/scangrip-matchpen-1.jpg\",\"width\":1004,\"height\":1004},{\"@type\":\"BreadcrumbList\",\"@id\":\"https:\/\/detailspot.lt\/produktas\/scangrip-matchpen-led-flashlight\/#breadcrumb\",\"itemListElement\":[{\"@type\":\"ListItem\",\"position\":1,\"name\":\"Home\",\"item\":\"https:\/\/detailspot.lt\/en\/\"},{\"@type\":\"ListItem\",\"position\":2,\"name\":\"Shop\",\"item\":\"https:\/\/detailspot.lt\/en\/parduotuve\/\"},{\"@type\":\"ListItem\",\"position\":3,\"name\":\"Scangrip Matchpen LED flashlight\"}]},{\"@type\":\"WebSite\",\"@id\":\"https:\/\/detailspot.lt\/#website\",\"url\":\"https:\/\/detailspot.lt\/\",\"name\":\"Detail Spot\",\"description\":\"Automobili\u0173 prie\u017ei\u016bros priemon\u0117s\",\"publisher\":{\"@id\":\"https:\/\/detailspot.lt\/#organization\"},\"potentialAction\":[{\"@type\":\"SearchAction\",\"target\":{\"@type\":\"EntryPoint\",\"urlTemplate\":\"https:\/\/detailspot.lt\/?s={search_term_string}\"},\"query-input\":{\"@type\":\"PropertyValueSpecification\",\"valueRequired\":true,\"valueName\":\"search_term_string\"}}],\"inLanguage\":\"en-US\"},{\"@type\":\"Organization\",\"@id\":\"https:\/\/detailspot.lt\/#organization\",\"name\":\"Detail Spot\",\"url\":\"https:\/\/detailspot.lt\/\",\"logo\":{\"@type\":\"ImageObject\",\"inLanguage\":\"en-US\",\"@id\":\"https:\/\/detailspot.lt\/#\/schema\/logo\/image\/\",\"url\":\"https:\/\/detailspot.lt\/wp-content\/uploads\/2022\/10\/logo-original.svg\",\"contentUrl\":\"https:\/\/detailspot.lt\/wp-content\/uploads\/2022\/10\/logo-original.svg\",\"width\":1,\"height\":1,\"caption\":\"Detail Spot\"},\"image\":{\"@id\":\"https:\/\/detailspot.lt\/#\/schema\/logo\/image\/\"},\"sameAs\":[\"https:\/\/www.facebook.com\/profile.php?id=100039208338156\"]}]}<\/script>\n<!-- \/ Yoast SEO plugin. -->","yoast_head_json":{"title":"Scangrip Matchpen LED flashlight - Detail Spot","robots":{"index":"index","follow":"follow","max-snippet":"max-snippet:-1","max-image-preview":"max-image-preview:large","max-video-preview":"max-video-preview:-1"},"canonical":"https:\/\/detailspot.lt\/produktas\/scangrip-matchpen-led-flashlight\/","og_locale":"en_US","og_type":"article","og_title":"Scangrip Matchpen LED flashlight - Detail Spot","og_description":"Scangrip Matchpen LED flashlight A small, pen-shaped torch that fits in your pocket and is always with you. Adjustable focusing of the light beam, which you can easily change with a flick of your fingers from 10 to 70 degrees. Features Adjustable focus from 10 to 70 degrees Colour mode 4000K Colour rendering index 95&hellip;","og_url":"https:\/\/detailspot.lt\/produktas\/scangrip-matchpen-led-flashlight\/","og_site_name":"Detail Spot","article_publisher":"https:\/\/www.facebook.com\/profile.php?id=100039208338156","og_image":[{"url":"https:\/\/detailspot.lt\/wp-content\/uploads\/2022\/12\/Scangrip-logo-300x110.png","type":"","width":"","height":""}],"twitter_card":"summary_large_image","schema":{"@context":"https:\/\/schema.org","@graph":[{"@type":"WebPage","@id":"https:\/\/detailspot.lt\/produktas\/scangrip-matchpen-led-flashlight\/","url":"https:\/\/detailspot.lt\/produktas\/scangrip-matchpen-led-flashlight\/","name":"Scangrip Matchpen LED flashlight - Detail Spot","isPartOf":{"@id":"https:\/\/detailspot.lt\/#website"},"primaryImageOfPage":{"@id":"https:\/\/detailspot.lt\/produktas\/scangrip-matchpen-led-flashlight\/#primaryimage"},"image":{"@id":"https:\/\/detailspot.lt\/produktas\/scangrip-matchpen-led-flashlight\/#primaryimage"},"thumbnailUrl":"https:\/\/detailspot.lt\/wp-content\/uploads\/2022\/12\/scangrip-matchpen-1.jpg","datePublished":"2022-12-26T10:23:56+00:00","breadcrumb":{"@id":"https:\/\/detailspot.lt\/produktas\/scangrip-matchpen-led-flashlight\/#breadcrumb"},"inLanguage":"en-US","potentialAction":[{"@type":"ReadAction","target":["https:\/\/detailspot.lt\/produktas\/scangrip-matchpen-led-flashlight\/"]}]},{"@type":"ImageObject","inLanguage":"en-US","@id":"https:\/\/detailspot.lt\/produktas\/scangrip-matchpen-led-flashlight\/#primaryimage","url":"https:\/\/detailspot.lt\/wp-content\/uploads\/2022\/12\/scangrip-matchpen-1.jpg","contentUrl":"https:\/\/detailspot.lt\/wp-content\/uploads\/2022\/12\/scangrip-matchpen-1.jpg","width":1004,"height":1004},{"@type":"BreadcrumbList","@id":"https:\/\/detailspot.lt\/produktas\/scangrip-matchpen-led-flashlight\/#breadcrumb","itemListElement":[{"@type":"ListItem","position":1,"name":"Home","item":"https:\/\/detailspot.lt\/en\/"},{"@type":"ListItem","position":2,"name":"Shop","item":"https:\/\/detailspot.lt\/en\/parduotuve\/"},{"@type":"ListItem","position":3,"name":"Scangrip Matchpen LED flashlight"}]},{"@type":"WebSite","@id":"https:\/\/detailspot.lt\/#website","url":"https:\/\/detailspot.lt\/","name":"Detail Spot","description":"Automobili\u0173 prie\u017ei\u016bros priemon\u0117s","publisher":{"@id":"https:\/\/detailspot.lt\/#organization"},"potentialAction":[{"@type":"SearchAction","target":{"@type":"EntryPoint","urlTemplate":"https:\/\/detailspot.lt\/?s={search_term_string}"},"query-input":{"@type":"PropertyValueSpecification","valueRequired":true,"valueName":"search_term_string"}}],"inLanguage":"en-US"},{"@type":"Organization","@id":"https:\/\/detailspot.lt\/#organization","name":"Detail Spot","url":"https:\/\/detailspot.lt\/","logo":{"@type":"ImageObject","inLanguage":"en-US","@id":"https:\/\/detailspot.lt\/#\/schema\/logo\/image\/","url":"https:\/\/detailspot.lt\/wp-content\/uploads\/2022\/10\/logo-original.svg","contentUrl":"https:\/\/detailspot.lt\/wp-content\/uploads\/2022\/10\/logo-original.svg","width":1,"height":1,"caption":"Detail Spot"},"image":{"@id":"https:\/\/detailspot.lt\/#\/schema\/logo\/image\/"},"sameAs":["https:\/\/www.facebook.com\/profile.php?id=100039208338156"]}]}},"_links":{"self":[{"href":"https:\/\/detailspot.lt\/en\/wp-json\/wp\/v2\/product\/6542","targetHints":{"allow":["GET"]}}],"collection":[{"href":"https:\/\/detailspot.lt\/en\/wp-json\/wp\/v2\/product"}],"about":[{"href":"https:\/\/detailspot.lt\/en\/wp-json\/wp\/v2\/types\/product"}],"replies":[{"embeddable":true,"href":"https:\/\/detailspot.lt\/en\/wp-json\/wp\/v2\/comments?post=6542"}],"wp:featuredmedia":[{"embeddable":true,"href":"https:\/\/detailspot.lt\/en\/wp-json\/wp\/v2\/media\/4269"}],"wp:attachment":[{"href":"https:\/\/detailspot.lt\/en\/wp-json\/wp\/v2\/media?parent=6542"}],"wp:term":[{"taxonomy":"product_brand","embeddable":true,"href":"https:\/\/detailspot.lt\/en\/wp-json\/wp\/v2\/product_brand?post=6542"},{"taxonomy":"product_cat","embeddable":true,"href":"https:\/\/detailspot.lt\/en\/wp-json\/wp\/v2\/product_cat?post=6542"},{"taxonomy":"product_tag","embeddable":true,"href":"https:\/\/detailspot.lt\/en\/wp-json\/wp\/v2\/product_tag?post=6542"}],"curies":[{"name":"wp","href":"https:\/\/api.w.org\/{rel}","templated":true}]}}