{"id":6532,"date":"2022-12-26T14:51:35","date_gmt":"2022-12-26T12:51:35","guid":{"rendered":"https:\/\/detailspot.lt\/produktas\/colourlock-leather-shield-cleaning-conditioning-kit-with-soft-leather-cleaner-2\/"},"modified":"2022-12-26T14:51:35","modified_gmt":"2022-12-26T12:51:35","slug":"colourlock-leather-shield-cleaning-conditioning-kit-with-soft-leather-cleaner-2","status":"publish","type":"product","link":"https:\/\/detailspot.lt\/en\/produktas\/colourlock-leather-shield-cleaning-conditioning-kit-with-soft-leather-cleaner-2\/","title":{"rendered":"COLOURLOCK Leather Shield Cleaning &amp; Conditioning Kit with Soft Leather Cleaner"},"content":{"rendered":"<p><strong>COLOURLOCK Leather Shield Cleaning &amp; Conditioning Kit with Soft Leather Cleaner &#8211;<\/strong> are the perfect choice for those who want to have like-new skin in the salon. Leather is a luxury attribute, but dirty leather doesn&#8217;t look good on any car. Constant rubbing, high temperatures in summer mean that the skin must be moisturised. This will help to ensure the longevity of your skin and keep it looking like new even after many years.<\/p>\n<p><strong>In this set you will find<\/strong><\/p>\n<ul>\n<li>1pcs. Soft Cleaner 200ml<\/li>\n<li>1pcs. Leather Shield 150ml<\/li>\n<li>1pcs. Colourlock brush for skin<\/li>\n<li>1pcs. Leather Shield applicator\/wipe<\/li>\n<\/ul>\n<p>Leather Shield &#8211; provides protection for the highly stressed Nappa leather surfaces. Protects the surface against the transfer of dyes from clothing onto leather surfaces. Waterproof the surface every three months.<\/p>\n<p>&nbsp;<\/p>\n<p>&nbsp;<\/p>\n<p style=\"text-align: center;\"><img loading=\"lazy\" decoding=\"async\" class=\"alignnone size-medium wp-image-2901\" src=\"https:\/\/detailspot.lt\/wp-content\/uploads\/2022\/12\/colourlock-726177-300x147.webp\" alt=\"\" width=\"300\" height=\"147\" srcset=\"https:\/\/detailspot.lt\/wp-content\/uploads\/2022\/12\/colourlock-726177-300x147.webp 300w, https:\/\/detailspot.lt\/wp-content\/uploads\/2022\/12\/colourlock-726177-768x376.webp 768w, https:\/\/detailspot.lt\/wp-content\/uploads\/2022\/12\/colourlock-726177-600x294.webp 600w, https:\/\/detailspot.lt\/wp-content\/uploads\/2022\/12\/colourlock-726177-64x31.webp 64w, https:\/\/detailspot.lt\/wp-content\/uploads\/2022\/12\/colourlock-726177.webp 980w\" sizes=\"auto, (max-width: 300px) 100vw, 300px\" \/><\/p>\n","protected":false},"excerpt":{"rendered":"<p>COLOURLOCK Leather Shield Cleaning &amp; Conditioning Kit with Soft Leather Cleaner &#8211; are the perfect choice for those who want to have like-new skin in the salon. Leather is a luxury attribute, but dirty leather doesn&#8217;t look good on any car. Constant rubbing, high temperatures in summer mean that the skin must be moisturised. This&hellip;<\/p>\n","protected":false},"featured_media":4304,"comment_status":"closed","ping_status":"closed","template":"","meta":[],"product_brand":[],"product_cat":[165,167],"product_tag":[],"class_list":{"0":"post-6532","1":"product","2":"type-product","3":"status-publish","4":"has-post-thumbnail","6":"product_cat-interior","7":"product_cat-skin-care","8":"description-off","10":"first","11":"instock","12":"taxable","13":"shipping-taxable","14":"purchasable","15":"product-type-simple"},"yoast_head":"<!-- This site is optimized with the Yoast SEO plugin v27.4 - https:\/\/yoast.com\/product\/yoast-seo-wordpress\/ -->\n<title>COLOURLOCK Leather Shield Cleaning &amp; Conditioning Kit with Soft Leather Cleaner - Detail Spot<\/title>\n<meta name=\"robots\" content=\"index, follow, max-snippet:-1, max-image-preview:large, max-video-preview:-1\" \/>\n<link rel=\"canonical\" href=\"https:\/\/detailspot.lt\/produktas\/colourlock-leather-shield-cleaning-conditioning-kit-with-soft-leather-cleaner-2\/\" \/>\n<meta property=\"og:locale\" content=\"en_US\" \/>\n<meta property=\"og:type\" content=\"article\" \/>\n<meta property=\"og:title\" content=\"COLOURLOCK Leather Shield Cleaning &amp; Conditioning Kit with Soft Leather Cleaner - Detail Spot\" \/>\n<meta property=\"og:description\" content=\"COLOURLOCK Leather Shield Cleaning &amp; Conditioning Kit with Soft Leather Cleaner &#8211; are the perfect choice for those who want to have like-new skin in the salon. Leather is a luxury attribute, but dirty leather doesn&#8217;t look good on any car. Constant rubbing, high temperatures in summer mean that the skin must be moisturised. This&hellip;\" \/>\n<meta property=\"og:url\" content=\"https:\/\/detailspot.lt\/produktas\/colourlock-leather-shield-cleaning-conditioning-kit-with-soft-leather-cleaner-2\/\" \/>\n<meta property=\"og:site_name\" content=\"Detail Spot\" \/>\n<meta property=\"article:publisher\" content=\"https:\/\/www.facebook.com\/profile.php?id=100039208338156\" \/>\n<meta property=\"og:image\" content=\"https:\/\/detailspot.lt\/wp-content\/uploads\/2022\/12\/colourlock-726177-300x147.webp\" \/>\n<meta name=\"twitter:card\" content=\"summary_large_image\" \/>\n<meta name=\"twitter:label1\" content=\"Est. reading time\" \/>\n\t<meta name=\"twitter:data1\" content=\"1 minute\" \/>\n<script type=\"application\/ld+json\" class=\"yoast-schema-graph\">{\"@context\":\"https:\\\/\\\/schema.org\",\"@graph\":[{\"@type\":\"WebPage\",\"@id\":\"https:\\\/\\\/detailspot.lt\\\/produktas\\\/colourlock-leather-shield-cleaning-conditioning-kit-with-soft-leather-cleaner-2\\\/\",\"url\":\"https:\\\/\\\/detailspot.lt\\\/produktas\\\/colourlock-leather-shield-cleaning-conditioning-kit-with-soft-leather-cleaner-2\\\/\",\"name\":\"COLOURLOCK Leather Shield Cleaning &amp; Conditioning Kit with Soft Leather Cleaner - Detail Spot\",\"isPartOf\":{\"@id\":\"https:\\\/\\\/detailspot.lt\\\/#website\"},\"primaryImageOfPage\":{\"@id\":\"https:\\\/\\\/detailspot.lt\\\/produktas\\\/colourlock-leather-shield-cleaning-conditioning-kit-with-soft-leather-cleaner-2\\\/#primaryimage\"},\"image\":{\"@id\":\"https:\\\/\\\/detailspot.lt\\\/produktas\\\/colourlock-leather-shield-cleaning-conditioning-kit-with-soft-leather-cleaner-2\\\/#primaryimage\"},\"thumbnailUrl\":\"https:\\\/\\\/detailspot.lt\\\/wp-content\\\/uploads\\\/2022\\\/12\\\/COLOURLOCK-Leather-Shield-Cleaning-Conditioning-Kit-with-Soft-Leather-Cleaner.webp\",\"datePublished\":\"2022-12-26T12:51:35+00:00\",\"breadcrumb\":{\"@id\":\"https:\\\/\\\/detailspot.lt\\\/produktas\\\/colourlock-leather-shield-cleaning-conditioning-kit-with-soft-leather-cleaner-2\\\/#breadcrumb\"},\"inLanguage\":\"en-US\",\"potentialAction\":[{\"@type\":\"ReadAction\",\"target\":[\"https:\\\/\\\/detailspot.lt\\\/produktas\\\/colourlock-leather-shield-cleaning-conditioning-kit-with-soft-leather-cleaner-2\\\/\"]}]},{\"@type\":\"ImageObject\",\"inLanguage\":\"en-US\",\"@id\":\"https:\\\/\\\/detailspot.lt\\\/produktas\\\/colourlock-leather-shield-cleaning-conditioning-kit-with-soft-leather-cleaner-2\\\/#primaryimage\",\"url\":\"https:\\\/\\\/detailspot.lt\\\/wp-content\\\/uploads\\\/2022\\\/12\\\/COLOURLOCK-Leather-Shield-Cleaning-Conditioning-Kit-with-Soft-Leather-Cleaner.webp\",\"contentUrl\":\"https:\\\/\\\/detailspot.lt\\\/wp-content\\\/uploads\\\/2022\\\/12\\\/COLOURLOCK-Leather-Shield-Cleaning-Conditioning-Kit-with-Soft-Leather-Cleaner.webp\",\"width\":811,\"height\":809},{\"@type\":\"BreadcrumbList\",\"@id\":\"https:\\\/\\\/detailspot.lt\\\/produktas\\\/colourlock-leather-shield-cleaning-conditioning-kit-with-soft-leather-cleaner-2\\\/#breadcrumb\",\"itemListElement\":[{\"@type\":\"ListItem\",\"position\":1,\"name\":\"Home\",\"item\":\"https:\\\/\\\/detailspot.lt\\\/en\\\/\"},{\"@type\":\"ListItem\",\"position\":2,\"name\":\"Shop\",\"item\":\"https:\\\/\\\/detailspot.lt\\\/en\\\/parduotuve\\\/\"},{\"@type\":\"ListItem\",\"position\":3,\"name\":\"COLOURLOCK Leather Shield Cleaning &amp; Conditioning Kit with Soft Leather Cleaner\"}]},{\"@type\":\"WebSite\",\"@id\":\"https:\\\/\\\/detailspot.lt\\\/#website\",\"url\":\"https:\\\/\\\/detailspot.lt\\\/\",\"name\":\"Detail Spot\",\"description\":\"Automobili\u0173 prie\u017ei\u016bros priemon\u0117s\",\"publisher\":{\"@id\":\"https:\\\/\\\/detailspot.lt\\\/#organization\"},\"potentialAction\":[{\"@type\":\"SearchAction\",\"target\":{\"@type\":\"EntryPoint\",\"urlTemplate\":\"https:\\\/\\\/detailspot.lt\\\/?s={search_term_string}\"},\"query-input\":{\"@type\":\"PropertyValueSpecification\",\"valueRequired\":true,\"valueName\":\"search_term_string\"}}],\"inLanguage\":\"en-US\"},{\"@type\":\"Organization\",\"@id\":\"https:\\\/\\\/detailspot.lt\\\/#organization\",\"name\":\"Detail Spot\",\"url\":\"https:\\\/\\\/detailspot.lt\\\/\",\"logo\":{\"@type\":\"ImageObject\",\"inLanguage\":\"en-US\",\"@id\":\"https:\\\/\\\/detailspot.lt\\\/#\\\/schema\\\/logo\\\/image\\\/\",\"url\":\"https:\\\/\\\/detailspot.lt\\\/wp-content\\\/uploads\\\/2022\\\/10\\\/logo-original.svg\",\"contentUrl\":\"https:\\\/\\\/detailspot.lt\\\/wp-content\\\/uploads\\\/2022\\\/10\\\/logo-original.svg\",\"width\":1,\"height\":1,\"caption\":\"Detail Spot\"},\"image\":{\"@id\":\"https:\\\/\\\/detailspot.lt\\\/#\\\/schema\\\/logo\\\/image\\\/\"},\"sameAs\":[\"https:\\\/\\\/www.facebook.com\\\/profile.php?id=100039208338156\"]}]}<\/script>\n<!-- \/ Yoast SEO plugin. -->","yoast_head_json":{"title":"COLOURLOCK Leather Shield Cleaning &amp; Conditioning Kit with Soft Leather Cleaner - Detail Spot","robots":{"index":"index","follow":"follow","max-snippet":"max-snippet:-1","max-image-preview":"max-image-preview:large","max-video-preview":"max-video-preview:-1"},"canonical":"https:\/\/detailspot.lt\/produktas\/colourlock-leather-shield-cleaning-conditioning-kit-with-soft-leather-cleaner-2\/","og_locale":"en_US","og_type":"article","og_title":"COLOURLOCK Leather Shield Cleaning &amp; Conditioning Kit with Soft Leather Cleaner - Detail Spot","og_description":"COLOURLOCK Leather Shield Cleaning &amp; Conditioning Kit with Soft Leather Cleaner &#8211; are the perfect choice for those who want to have like-new skin in the salon. Leather is a luxury attribute, but dirty leather doesn&#8217;t look good on any car. Constant rubbing, high temperatures in summer mean that the skin must be moisturised. This&hellip;","og_url":"https:\/\/detailspot.lt\/produktas\/colourlock-leather-shield-cleaning-conditioning-kit-with-soft-leather-cleaner-2\/","og_site_name":"Detail Spot","article_publisher":"https:\/\/www.facebook.com\/profile.php?id=100039208338156","og_image":[{"url":"https:\/\/detailspot.lt\/wp-content\/uploads\/2022\/12\/colourlock-726177-300x147.webp","type":"","width":"","height":""}],"twitter_card":"summary_large_image","twitter_misc":{"Est. reading time":"1 minute"},"schema":{"@context":"https:\/\/schema.org","@graph":[{"@type":"WebPage","@id":"https:\/\/detailspot.lt\/produktas\/colourlock-leather-shield-cleaning-conditioning-kit-with-soft-leather-cleaner-2\/","url":"https:\/\/detailspot.lt\/produktas\/colourlock-leather-shield-cleaning-conditioning-kit-with-soft-leather-cleaner-2\/","name":"COLOURLOCK Leather Shield Cleaning &amp; Conditioning Kit with Soft Leather Cleaner - Detail Spot","isPartOf":{"@id":"https:\/\/detailspot.lt\/#website"},"primaryImageOfPage":{"@id":"https:\/\/detailspot.lt\/produktas\/colourlock-leather-shield-cleaning-conditioning-kit-with-soft-leather-cleaner-2\/#primaryimage"},"image":{"@id":"https:\/\/detailspot.lt\/produktas\/colourlock-leather-shield-cleaning-conditioning-kit-with-soft-leather-cleaner-2\/#primaryimage"},"thumbnailUrl":"https:\/\/detailspot.lt\/wp-content\/uploads\/2022\/12\/COLOURLOCK-Leather-Shield-Cleaning-Conditioning-Kit-with-Soft-Leather-Cleaner.webp","datePublished":"2022-12-26T12:51:35+00:00","breadcrumb":{"@id":"https:\/\/detailspot.lt\/produktas\/colourlock-leather-shield-cleaning-conditioning-kit-with-soft-leather-cleaner-2\/#breadcrumb"},"inLanguage":"en-US","potentialAction":[{"@type":"ReadAction","target":["https:\/\/detailspot.lt\/produktas\/colourlock-leather-shield-cleaning-conditioning-kit-with-soft-leather-cleaner-2\/"]}]},{"@type":"ImageObject","inLanguage":"en-US","@id":"https:\/\/detailspot.lt\/produktas\/colourlock-leather-shield-cleaning-conditioning-kit-with-soft-leather-cleaner-2\/#primaryimage","url":"https:\/\/detailspot.lt\/wp-content\/uploads\/2022\/12\/COLOURLOCK-Leather-Shield-Cleaning-Conditioning-Kit-with-Soft-Leather-Cleaner.webp","contentUrl":"https:\/\/detailspot.lt\/wp-content\/uploads\/2022\/12\/COLOURLOCK-Leather-Shield-Cleaning-Conditioning-Kit-with-Soft-Leather-Cleaner.webp","width":811,"height":809},{"@type":"BreadcrumbList","@id":"https:\/\/detailspot.lt\/produktas\/colourlock-leather-shield-cleaning-conditioning-kit-with-soft-leather-cleaner-2\/#breadcrumb","itemListElement":[{"@type":"ListItem","position":1,"name":"Home","item":"https:\/\/detailspot.lt\/en\/"},{"@type":"ListItem","position":2,"name":"Shop","item":"https:\/\/detailspot.lt\/en\/parduotuve\/"},{"@type":"ListItem","position":3,"name":"COLOURLOCK Leather Shield Cleaning &amp; Conditioning Kit with Soft Leather Cleaner"}]},{"@type":"WebSite","@id":"https:\/\/detailspot.lt\/#website","url":"https:\/\/detailspot.lt\/","name":"Detail Spot","description":"Automobili\u0173 prie\u017ei\u016bros priemon\u0117s","publisher":{"@id":"https:\/\/detailspot.lt\/#organization"},"potentialAction":[{"@type":"SearchAction","target":{"@type":"EntryPoint","urlTemplate":"https:\/\/detailspot.lt\/?s={search_term_string}"},"query-input":{"@type":"PropertyValueSpecification","valueRequired":true,"valueName":"search_term_string"}}],"inLanguage":"en-US"},{"@type":"Organization","@id":"https:\/\/detailspot.lt\/#organization","name":"Detail Spot","url":"https:\/\/detailspot.lt\/","logo":{"@type":"ImageObject","inLanguage":"en-US","@id":"https:\/\/detailspot.lt\/#\/schema\/logo\/image\/","url":"https:\/\/detailspot.lt\/wp-content\/uploads\/2022\/10\/logo-original.svg","contentUrl":"https:\/\/detailspot.lt\/wp-content\/uploads\/2022\/10\/logo-original.svg","width":1,"height":1,"caption":"Detail Spot"},"image":{"@id":"https:\/\/detailspot.lt\/#\/schema\/logo\/image\/"},"sameAs":["https:\/\/www.facebook.com\/profile.php?id=100039208338156"]}]}},"_links":{"self":[{"href":"https:\/\/detailspot.lt\/en\/wp-json\/wp\/v2\/product\/6532","targetHints":{"allow":["GET"]}}],"collection":[{"href":"https:\/\/detailspot.lt\/en\/wp-json\/wp\/v2\/product"}],"about":[{"href":"https:\/\/detailspot.lt\/en\/wp-json\/wp\/v2\/types\/product"}],"replies":[{"embeddable":true,"href":"https:\/\/detailspot.lt\/en\/wp-json\/wp\/v2\/comments?post=6532"}],"wp:featuredmedia":[{"embeddable":true,"href":"https:\/\/detailspot.lt\/en\/wp-json\/wp\/v2\/media\/4304"}],"wp:attachment":[{"href":"https:\/\/detailspot.lt\/en\/wp-json\/wp\/v2\/media?parent=6532"}],"wp:term":[{"taxonomy":"product_brand","embeddable":true,"href":"https:\/\/detailspot.lt\/en\/wp-json\/wp\/v2\/product_brand?post=6532"},{"taxonomy":"product_cat","embeddable":true,"href":"https:\/\/detailspot.lt\/en\/wp-json\/wp\/v2\/product_cat?post=6532"},{"taxonomy":"product_tag","embeddable":true,"href":"https:\/\/detailspot.lt\/en\/wp-json\/wp\/v2\/product_tag?post=6532"}],"curies":[{"name":"wp","href":"https:\/\/api.w.org\/{rel}","templated":true}]}}