{"id":6531,"date":"2022-12-26T15:23:49","date_gmt":"2022-12-26T13:23:49","guid":{"rendered":"https:\/\/detailspot.lt\/produktas\/fx-protect-shaggy-wash-pad\/"},"modified":"2022-12-26T15:23:49","modified_gmt":"2022-12-26T13:23:49","slug":"fx-protect-shaggy-wash-pad","status":"publish","type":"product","link":"https:\/\/detailspot.lt\/en\/produktas\/fx-protect-shaggy-wash-pad\/","title":{"rendered":"FX Protect Shaggy Wash Pad"},"content":{"rendered":"<div id=\"heading2\">\n<p><strong>FX Protect Shaggy Wash Pad<\/strong> &#8211; a soft microfibre wash pad with extremely good absorption properties to hold a high volume of shampoo water. The sole is made of a premium microfibre material that has 3 different types of fibres on the surface for the best safe washing properties.<\/p>\n<p><strong>Why Korean microfibre: this microfibre material<\/strong> is recognised as a high quality indicator in the field of auto aesthetics due to the quality of its yarn, its absorption properties and its durability. Thanks to the high sewing quality of the product, Korean microfibre products can withstand up to 300 washing cycles.<\/p>\n<p><strong>Features<\/strong><\/p>\n<ol>\n<li>Made in Korea<\/li>\n<li>Convenient one-hand washing tool<\/li>\n<li>Size 23x16x5cm<\/li>\n<li>Composition 93% polyester, 7% viscose<\/li>\n<\/ol>\n<\/div>\n<p>&nbsp;<\/p>\n<p>&nbsp;<\/p>\n<p style=\"text-align: center;\"><img loading=\"lazy\" decoding=\"async\" class=\"alignnone size-full wp-image-1096\" src=\"https:\/\/detailspot.lt\/wp-content\/uploads\/2022\/11\/fx-protect-logo-white-background-ireland.jpg\" alt=\"\" width=\"300\" height=\"123\" srcset=\"https:\/\/detailspot.lt\/wp-content\/uploads\/2022\/11\/fx-protect-logo-white-background-ireland.jpg 300w, https:\/\/detailspot.lt\/wp-content\/uploads\/2022\/11\/fx-protect-logo-white-background-ireland-64x26.jpg 64w\" sizes=\"auto, (max-width: 300px) 100vw, 300px\" \/><\/p>\n","protected":false},"excerpt":{"rendered":"<p>FX Protect Shaggy Wash Pad &#8211; a soft microfibre wash pad with extremely good absorption properties to hold a high volume of shampoo water. The sole is made of a premium microfibre material that has 3 different types of fibres on the surface for the best safe washing properties. Why Korean microfibre: this microfibre material&hellip;<\/p>\n","protected":false},"featured_media":4306,"comment_status":"closed","ping_status":"closed","template":"","meta":[],"product_brand":[],"product_cat":[155,157],"product_tag":[],"class_list":{"0":"post-6531","1":"product","2":"type-product","3":"status-publish","4":"has-post-thumbnail","6":"product_cat-accessories","7":"product_cat-detergents","8":"description-off","10":"first","11":"instock","12":"taxable","13":"shipping-taxable","14":"purchasable","15":"product-type-simple"},"yoast_head":"<!-- This site is optimized with the Yoast SEO plugin v27.4 - https:\/\/yoast.com\/product\/yoast-seo-wordpress\/ -->\n<title>FX Protect Shaggy Wash Pad - Detail Spot<\/title>\n<meta name=\"robots\" content=\"index, follow, max-snippet:-1, max-image-preview:large, max-video-preview:-1\" \/>\n<link rel=\"canonical\" href=\"https:\/\/detailspot.lt\/produktas\/fx-protect-shaggy-wash-pad-plovimo-padas\/\" \/>\n<meta property=\"og:locale\" content=\"en_US\" \/>\n<meta property=\"og:type\" content=\"article\" \/>\n<meta property=\"og:title\" content=\"FX Protect Shaggy Wash Pad - Detail Spot\" \/>\n<meta property=\"og:description\" content=\"FX Protect Shaggy Wash Pad &#8211; a soft microfibre wash pad with extremely good absorption properties to hold a high volume of shampoo water. The sole is made of a premium microfibre material that has 3 different types of fibres on the surface for the best safe washing properties. Why Korean microfibre: this microfibre material&hellip;\" \/>\n<meta property=\"og:url\" content=\"https:\/\/detailspot.lt\/produktas\/fx-protect-shaggy-wash-pad-plovimo-padas\/\" \/>\n<meta property=\"og:site_name\" content=\"Detail Spot\" \/>\n<meta property=\"article:publisher\" content=\"https:\/\/www.facebook.com\/profile.php?id=100039208338156\" \/>\n<meta property=\"og:image\" content=\"https:\/\/detailspot.lt\/wp-content\/uploads\/2022\/12\/microfiber-madness-incredipad-xl-plovimo-padas-kopija-1-1.jpg\" \/>\n\t<meta property=\"og:image:width\" content=\"1000\" \/>\n\t<meta property=\"og:image:height\" content=\"1000\" \/>\n\t<meta property=\"og:image:type\" content=\"image\/jpeg\" \/>\n<meta name=\"twitter:card\" content=\"summary_large_image\" \/>\n<meta name=\"twitter:label1\" content=\"Est. reading time\" \/>\n\t<meta name=\"twitter:data1\" content=\"1 minute\" \/>\n<script type=\"application\/ld+json\" class=\"yoast-schema-graph\">{\"@context\":\"https:\\\/\\\/schema.org\",\"@graph\":[{\"@type\":\"WebPage\",\"@id\":\"https:\\\/\\\/detailspot.lt\\\/produktas\\\/fx-protect-shaggy-wash-pad-plovimo-padas\\\/\",\"url\":\"https:\\\/\\\/detailspot.lt\\\/produktas\\\/fx-protect-shaggy-wash-pad-plovimo-padas\\\/\",\"name\":\"FX Protect Shaggy Wash Pad - Detail Spot\",\"isPartOf\":{\"@id\":\"https:\\\/\\\/detailspot.lt\\\/#website\"},\"primaryImageOfPage\":{\"@id\":\"https:\\\/\\\/detailspot.lt\\\/produktas\\\/fx-protect-shaggy-wash-pad-plovimo-padas\\\/#primaryimage\"},\"image\":{\"@id\":\"https:\\\/\\\/detailspot.lt\\\/produktas\\\/fx-protect-shaggy-wash-pad-plovimo-padas\\\/#primaryimage\"},\"thumbnailUrl\":\"https:\\\/\\\/detailspot.lt\\\/wp-content\\\/uploads\\\/2022\\\/12\\\/microfiber-madness-incredipad-xl-plovimo-padas-kopija-1-1.jpg\",\"datePublished\":\"2022-12-26T13:23:49+00:00\",\"breadcrumb\":{\"@id\":\"https:\\\/\\\/detailspot.lt\\\/produktas\\\/fx-protect-shaggy-wash-pad-plovimo-padas\\\/#breadcrumb\"},\"inLanguage\":\"en-US\",\"potentialAction\":[{\"@type\":\"ReadAction\",\"target\":[\"https:\\\/\\\/detailspot.lt\\\/produktas\\\/fx-protect-shaggy-wash-pad-plovimo-padas\\\/\"]}]},{\"@type\":\"ImageObject\",\"inLanguage\":\"en-US\",\"@id\":\"https:\\\/\\\/detailspot.lt\\\/produktas\\\/fx-protect-shaggy-wash-pad-plovimo-padas\\\/#primaryimage\",\"url\":\"https:\\\/\\\/detailspot.lt\\\/wp-content\\\/uploads\\\/2022\\\/12\\\/microfiber-madness-incredipad-xl-plovimo-padas-kopija-1-1.jpg\",\"contentUrl\":\"https:\\\/\\\/detailspot.lt\\\/wp-content\\\/uploads\\\/2022\\\/12\\\/microfiber-madness-incredipad-xl-plovimo-padas-kopija-1-1.jpg\",\"width\":1000,\"height\":1000},{\"@type\":\"BreadcrumbList\",\"@id\":\"https:\\\/\\\/detailspot.lt\\\/produktas\\\/fx-protect-shaggy-wash-pad-plovimo-padas\\\/#breadcrumb\",\"itemListElement\":[{\"@type\":\"ListItem\",\"position\":1,\"name\":\"Home\",\"item\":\"https:\\\/\\\/detailspot.lt\\\/en\\\/\"},{\"@type\":\"ListItem\",\"position\":2,\"name\":\"Shop\",\"item\":\"https:\\\/\\\/detailspot.lt\\\/en\\\/parduotuve\\\/\"},{\"@type\":\"ListItem\",\"position\":3,\"name\":\"FX Protect Shaggy Wash Pad\"}]},{\"@type\":\"WebSite\",\"@id\":\"https:\\\/\\\/detailspot.lt\\\/#website\",\"url\":\"https:\\\/\\\/detailspot.lt\\\/\",\"name\":\"Detail Spot\",\"description\":\"Automobili\u0173 prie\u017ei\u016bros priemon\u0117s\",\"publisher\":{\"@id\":\"https:\\\/\\\/detailspot.lt\\\/#organization\"},\"potentialAction\":[{\"@type\":\"SearchAction\",\"target\":{\"@type\":\"EntryPoint\",\"urlTemplate\":\"https:\\\/\\\/detailspot.lt\\\/?s={search_term_string}\"},\"query-input\":{\"@type\":\"PropertyValueSpecification\",\"valueRequired\":true,\"valueName\":\"search_term_string\"}}],\"inLanguage\":\"en-US\"},{\"@type\":\"Organization\",\"@id\":\"https:\\\/\\\/detailspot.lt\\\/#organization\",\"name\":\"Detail Spot\",\"url\":\"https:\\\/\\\/detailspot.lt\\\/\",\"logo\":{\"@type\":\"ImageObject\",\"inLanguage\":\"en-US\",\"@id\":\"https:\\\/\\\/detailspot.lt\\\/#\\\/schema\\\/logo\\\/image\\\/\",\"url\":\"https:\\\/\\\/detailspot.lt\\\/wp-content\\\/uploads\\\/2022\\\/10\\\/logo-original.svg\",\"contentUrl\":\"https:\\\/\\\/detailspot.lt\\\/wp-content\\\/uploads\\\/2022\\\/10\\\/logo-original.svg\",\"width\":1,\"height\":1,\"caption\":\"Detail Spot\"},\"image\":{\"@id\":\"https:\\\/\\\/detailspot.lt\\\/#\\\/schema\\\/logo\\\/image\\\/\"},\"sameAs\":[\"https:\\\/\\\/www.facebook.com\\\/profile.php?id=100039208338156\"]}]}<\/script>\n<!-- \/ Yoast SEO plugin. -->","yoast_head_json":{"title":"FX Protect Shaggy Wash Pad - Detail Spot","robots":{"index":"index","follow":"follow","max-snippet":"max-snippet:-1","max-image-preview":"max-image-preview:large","max-video-preview":"max-video-preview:-1"},"canonical":"https:\/\/detailspot.lt\/produktas\/fx-protect-shaggy-wash-pad-plovimo-padas\/","og_locale":"en_US","og_type":"article","og_title":"FX Protect Shaggy Wash Pad - Detail Spot","og_description":"FX Protect Shaggy Wash Pad &#8211; a soft microfibre wash pad with extremely good absorption properties to hold a high volume of shampoo water. The sole is made of a premium microfibre material that has 3 different types of fibres on the surface for the best safe washing properties. Why Korean microfibre: this microfibre material&hellip;","og_url":"https:\/\/detailspot.lt\/produktas\/fx-protect-shaggy-wash-pad-plovimo-padas\/","og_site_name":"Detail Spot","article_publisher":"https:\/\/www.facebook.com\/profile.php?id=100039208338156","og_image":[{"width":1000,"height":1000,"url":"https:\/\/detailspot.lt\/wp-content\/uploads\/2022\/12\/microfiber-madness-incredipad-xl-plovimo-padas-kopija-1-1.jpg","type":"image\/jpeg"}],"twitter_card":"summary_large_image","twitter_misc":{"Est. reading time":"1 minute"},"schema":{"@context":"https:\/\/schema.org","@graph":[{"@type":"WebPage","@id":"https:\/\/detailspot.lt\/produktas\/fx-protect-shaggy-wash-pad-plovimo-padas\/","url":"https:\/\/detailspot.lt\/produktas\/fx-protect-shaggy-wash-pad-plovimo-padas\/","name":"FX Protect Shaggy Wash Pad - Detail Spot","isPartOf":{"@id":"https:\/\/detailspot.lt\/#website"},"primaryImageOfPage":{"@id":"https:\/\/detailspot.lt\/produktas\/fx-protect-shaggy-wash-pad-plovimo-padas\/#primaryimage"},"image":{"@id":"https:\/\/detailspot.lt\/produktas\/fx-protect-shaggy-wash-pad-plovimo-padas\/#primaryimage"},"thumbnailUrl":"https:\/\/detailspot.lt\/wp-content\/uploads\/2022\/12\/microfiber-madness-incredipad-xl-plovimo-padas-kopija-1-1.jpg","datePublished":"2022-12-26T13:23:49+00:00","breadcrumb":{"@id":"https:\/\/detailspot.lt\/produktas\/fx-protect-shaggy-wash-pad-plovimo-padas\/#breadcrumb"},"inLanguage":"en-US","potentialAction":[{"@type":"ReadAction","target":["https:\/\/detailspot.lt\/produktas\/fx-protect-shaggy-wash-pad-plovimo-padas\/"]}]},{"@type":"ImageObject","inLanguage":"en-US","@id":"https:\/\/detailspot.lt\/produktas\/fx-protect-shaggy-wash-pad-plovimo-padas\/#primaryimage","url":"https:\/\/detailspot.lt\/wp-content\/uploads\/2022\/12\/microfiber-madness-incredipad-xl-plovimo-padas-kopija-1-1.jpg","contentUrl":"https:\/\/detailspot.lt\/wp-content\/uploads\/2022\/12\/microfiber-madness-incredipad-xl-plovimo-padas-kopija-1-1.jpg","width":1000,"height":1000},{"@type":"BreadcrumbList","@id":"https:\/\/detailspot.lt\/produktas\/fx-protect-shaggy-wash-pad-plovimo-padas\/#breadcrumb","itemListElement":[{"@type":"ListItem","position":1,"name":"Home","item":"https:\/\/detailspot.lt\/en\/"},{"@type":"ListItem","position":2,"name":"Shop","item":"https:\/\/detailspot.lt\/en\/parduotuve\/"},{"@type":"ListItem","position":3,"name":"FX Protect Shaggy Wash Pad"}]},{"@type":"WebSite","@id":"https:\/\/detailspot.lt\/#website","url":"https:\/\/detailspot.lt\/","name":"Detail Spot","description":"Automobili\u0173 prie\u017ei\u016bros priemon\u0117s","publisher":{"@id":"https:\/\/detailspot.lt\/#organization"},"potentialAction":[{"@type":"SearchAction","target":{"@type":"EntryPoint","urlTemplate":"https:\/\/detailspot.lt\/?s={search_term_string}"},"query-input":{"@type":"PropertyValueSpecification","valueRequired":true,"valueName":"search_term_string"}}],"inLanguage":"en-US"},{"@type":"Organization","@id":"https:\/\/detailspot.lt\/#organization","name":"Detail Spot","url":"https:\/\/detailspot.lt\/","logo":{"@type":"ImageObject","inLanguage":"en-US","@id":"https:\/\/detailspot.lt\/#\/schema\/logo\/image\/","url":"https:\/\/detailspot.lt\/wp-content\/uploads\/2022\/10\/logo-original.svg","contentUrl":"https:\/\/detailspot.lt\/wp-content\/uploads\/2022\/10\/logo-original.svg","width":1,"height":1,"caption":"Detail Spot"},"image":{"@id":"https:\/\/detailspot.lt\/#\/schema\/logo\/image\/"},"sameAs":["https:\/\/www.facebook.com\/profile.php?id=100039208338156"]}]}},"_links":{"self":[{"href":"https:\/\/detailspot.lt\/en\/wp-json\/wp\/v2\/product\/6531","targetHints":{"allow":["GET"]}}],"collection":[{"href":"https:\/\/detailspot.lt\/en\/wp-json\/wp\/v2\/product"}],"about":[{"href":"https:\/\/detailspot.lt\/en\/wp-json\/wp\/v2\/types\/product"}],"replies":[{"embeddable":true,"href":"https:\/\/detailspot.lt\/en\/wp-json\/wp\/v2\/comments?post=6531"}],"wp:featuredmedia":[{"embeddable":true,"href":"https:\/\/detailspot.lt\/en\/wp-json\/wp\/v2\/media\/4306"}],"wp:attachment":[{"href":"https:\/\/detailspot.lt\/en\/wp-json\/wp\/v2\/media?parent=6531"}],"wp:term":[{"taxonomy":"product_brand","embeddable":true,"href":"https:\/\/detailspot.lt\/en\/wp-json\/wp\/v2\/product_brand?post=6531"},{"taxonomy":"product_cat","embeddable":true,"href":"https:\/\/detailspot.lt\/en\/wp-json\/wp\/v2\/product_cat?post=6531"},{"taxonomy":"product_tag","embeddable":true,"href":"https:\/\/detailspot.lt\/en\/wp-json\/wp\/v2\/product_tag?post=6531"}],"curies":[{"name":"wp","href":"https:\/\/api.w.org\/{rel}","templated":true}]}}