{"id":6530,"date":"2022-12-26T15:27:06","date_gmt":"2022-12-26T13:27:06","guid":{"rendered":"https:\/\/detailspot.lt\/produktas\/colourlock-brush-for-skin\/"},"modified":"2025-05-15T16:20:14","modified_gmt":"2025-05-15T13:20:14","slug":"colourlock-brush-for-skin","status":"publish","type":"product","link":"https:\/\/detailspot.lt\/en\/produktas\/colourlock-brush-for-skin\/","title":{"rendered":"Colourlock brush for skin"},"content":{"rendered":"<p><strong>Colourlock brush<\/strong> with specially adapted bristles for cleaning leather. It perfectly cleanses the dirt hiding in the texture of the skin without damaging the skin&#8217;s protective layer. The brush is also suitable for cleaning other interior surfaces and does not react to maintenance chemicals.<\/p>\n<p>&nbsp;<\/p>\n<p style=\"text-align: center;\">\n<p style=\"text-align: center;\"><img loading=\"lazy\" decoding=\"async\" class=\"alignnone size-medium wp-image-2901\" src=\"https:\/\/detailspot.lt\/wp-content\/uploads\/2022\/12\/colourlock-726177-300x147.webp\" alt=\"\" width=\"300\" height=\"147\" srcset=\"https:\/\/detailspot.lt\/wp-content\/uploads\/2022\/12\/colourlock-726177-300x147.webp 300w, https:\/\/detailspot.lt\/wp-content\/uploads\/2022\/12\/colourlock-726177-768x376.webp 768w, https:\/\/detailspot.lt\/wp-content\/uploads\/2022\/12\/colourlock-726177-600x294.webp 600w, https:\/\/detailspot.lt\/wp-content\/uploads\/2022\/12\/colourlock-726177-64x31.webp 64w, https:\/\/detailspot.lt\/wp-content\/uploads\/2022\/12\/colourlock-726177.webp 980w\" sizes=\"auto, (max-width: 300px) 100vw, 300px\" \/><\/p>\n","protected":false},"excerpt":{"rendered":"<p>Colourlock brush with specially adapted bristles for cleaning leather. It perfectly cleanses the dirt hiding in the texture of the skin without damaging the skin&#8217;s protective layer. The brush is also suitable for cleaning other interior surfaces and does not react to maintenance chemicals. &nbsp;<\/p>\n","protected":false},"featured_media":4309,"comment_status":"closed","ping_status":"closed","template":"","meta":[],"product_brand":[],"product_cat":[155,183],"product_tag":[],"class_list":{"0":"post-6530","1":"product","2":"type-product","3":"status-publish","4":"has-post-thumbnail","6":"product_cat-accessories","7":"product_cat-brushes","8":"description-off","10":"first","11":"instock","12":"taxable","13":"shipping-taxable","14":"purchasable","15":"product-type-simple"},"yoast_head":"<!-- This site is optimized with the Yoast SEO plugin v27.3 - https:\/\/yoast.com\/product\/yoast-seo-wordpress\/ -->\n<title>Colourlock brush for skin - Detail Spot<\/title>\n<meta name=\"robots\" content=\"index, follow, max-snippet:-1, max-image-preview:large, max-video-preview:-1\" \/>\n<link rel=\"canonical\" href=\"https:\/\/detailspot.lt\/produktas\/colourlock-sepetelis-odai\/\" \/>\n<meta property=\"og:locale\" content=\"en_US\" \/>\n<meta property=\"og:type\" content=\"article\" \/>\n<meta property=\"og:title\" content=\"Colourlock brush for skin - Detail Spot\" \/>\n<meta property=\"og:description\" content=\"Colourlock brush with specially adapted bristles for cleaning leather. It perfectly cleanses the dirt hiding in the texture of the skin without damaging the skin&#8217;s protective layer. The brush is also suitable for cleaning other interior surfaces and does not react to maintenance chemicals. &nbsp;\" \/>\n<meta property=\"og:url\" content=\"https:\/\/detailspot.lt\/produktas\/colourlock-sepetelis-odai\/\" \/>\n<meta property=\"og:site_name\" content=\"Detail Spot\" \/>\n<meta property=\"article:publisher\" content=\"https:\/\/www.facebook.com\/profile.php?id=100039208338156\" \/>\n<meta property=\"article:modified_time\" content=\"2025-05-15T13:20:14+00:00\" \/>\n<meta property=\"og:image\" content=\"https:\/\/detailspot.lt\/wp-content\/uploads\/2022\/12\/colourlock-sepetelis-1.jpg\" \/>\n\t<meta property=\"og:image:width\" content=\"302\" \/>\n\t<meta property=\"og:image:height\" content=\"302\" \/>\n\t<meta property=\"og:image:type\" content=\"image\/jpeg\" \/>\n<meta name=\"twitter:card\" content=\"summary_large_image\" \/>\n<script type=\"application\/ld+json\" class=\"yoast-schema-graph\">{\"@context\":\"https:\\\/\\\/schema.org\",\"@graph\":[{\"@type\":\"WebPage\",\"@id\":\"https:\\\/\\\/detailspot.lt\\\/produktas\\\/colourlock-sepetelis-odai\\\/\",\"url\":\"https:\\\/\\\/detailspot.lt\\\/produktas\\\/colourlock-sepetelis-odai\\\/\",\"name\":\"Colourlock brush for skin - Detail Spot\",\"isPartOf\":{\"@id\":\"https:\\\/\\\/detailspot.lt\\\/#website\"},\"primaryImageOfPage\":{\"@id\":\"https:\\\/\\\/detailspot.lt\\\/produktas\\\/colourlock-sepetelis-odai\\\/#primaryimage\"},\"image\":{\"@id\":\"https:\\\/\\\/detailspot.lt\\\/produktas\\\/colourlock-sepetelis-odai\\\/#primaryimage\"},\"thumbnailUrl\":\"https:\\\/\\\/detailspot.lt\\\/wp-content\\\/uploads\\\/2022\\\/12\\\/colourlock-sepetelis-1.jpg\",\"datePublished\":\"2022-12-26T13:27:06+00:00\",\"dateModified\":\"2025-05-15T13:20:14+00:00\",\"breadcrumb\":{\"@id\":\"https:\\\/\\\/detailspot.lt\\\/produktas\\\/colourlock-sepetelis-odai\\\/#breadcrumb\"},\"inLanguage\":\"en-US\",\"potentialAction\":[{\"@type\":\"ReadAction\",\"target\":[\"https:\\\/\\\/detailspot.lt\\\/produktas\\\/colourlock-sepetelis-odai\\\/\"]}]},{\"@type\":\"ImageObject\",\"inLanguage\":\"en-US\",\"@id\":\"https:\\\/\\\/detailspot.lt\\\/produktas\\\/colourlock-sepetelis-odai\\\/#primaryimage\",\"url\":\"https:\\\/\\\/detailspot.lt\\\/wp-content\\\/uploads\\\/2022\\\/12\\\/colourlock-sepetelis-1.jpg\",\"contentUrl\":\"https:\\\/\\\/detailspot.lt\\\/wp-content\\\/uploads\\\/2022\\\/12\\\/colourlock-sepetelis-1.jpg\",\"width\":302,\"height\":302},{\"@type\":\"BreadcrumbList\",\"@id\":\"https:\\\/\\\/detailspot.lt\\\/produktas\\\/colourlock-sepetelis-odai\\\/#breadcrumb\",\"itemListElement\":[{\"@type\":\"ListItem\",\"position\":1,\"name\":\"Home\",\"item\":\"https:\\\/\\\/detailspot.lt\\\/en\\\/\"},{\"@type\":\"ListItem\",\"position\":2,\"name\":\"Shop\",\"item\":\"https:\\\/\\\/detailspot.lt\\\/en\\\/parduotuve\\\/\"},{\"@type\":\"ListItem\",\"position\":3,\"name\":\"Colourlock brush for skin\"}]},{\"@type\":\"WebSite\",\"@id\":\"https:\\\/\\\/detailspot.lt\\\/#website\",\"url\":\"https:\\\/\\\/detailspot.lt\\\/\",\"name\":\"Detail Spot\",\"description\":\"Automobili\u0173 prie\u017ei\u016bros priemon\u0117s\",\"publisher\":{\"@id\":\"https:\\\/\\\/detailspot.lt\\\/#organization\"},\"potentialAction\":[{\"@type\":\"SearchAction\",\"target\":{\"@type\":\"EntryPoint\",\"urlTemplate\":\"https:\\\/\\\/detailspot.lt\\\/?s={search_term_string}\"},\"query-input\":{\"@type\":\"PropertyValueSpecification\",\"valueRequired\":true,\"valueName\":\"search_term_string\"}}],\"inLanguage\":\"en-US\"},{\"@type\":\"Organization\",\"@id\":\"https:\\\/\\\/detailspot.lt\\\/#organization\",\"name\":\"Detail Spot\",\"url\":\"https:\\\/\\\/detailspot.lt\\\/\",\"logo\":{\"@type\":\"ImageObject\",\"inLanguage\":\"en-US\",\"@id\":\"https:\\\/\\\/detailspot.lt\\\/#\\\/schema\\\/logo\\\/image\\\/\",\"url\":\"https:\\\/\\\/detailspot.lt\\\/wp-content\\\/uploads\\\/2022\\\/10\\\/logo-original.svg\",\"contentUrl\":\"https:\\\/\\\/detailspot.lt\\\/wp-content\\\/uploads\\\/2022\\\/10\\\/logo-original.svg\",\"width\":1,\"height\":1,\"caption\":\"Detail Spot\"},\"image\":{\"@id\":\"https:\\\/\\\/detailspot.lt\\\/#\\\/schema\\\/logo\\\/image\\\/\"},\"sameAs\":[\"https:\\\/\\\/www.facebook.com\\\/profile.php?id=100039208338156\"]}]}<\/script>\n<!-- \/ Yoast SEO plugin. -->","yoast_head_json":{"title":"Colourlock brush for skin - Detail Spot","robots":{"index":"index","follow":"follow","max-snippet":"max-snippet:-1","max-image-preview":"max-image-preview:large","max-video-preview":"max-video-preview:-1"},"canonical":"https:\/\/detailspot.lt\/produktas\/colourlock-sepetelis-odai\/","og_locale":"en_US","og_type":"article","og_title":"Colourlock brush for skin - Detail Spot","og_description":"Colourlock brush with specially adapted bristles for cleaning leather. It perfectly cleanses the dirt hiding in the texture of the skin without damaging the skin&#8217;s protective layer. The brush is also suitable for cleaning other interior surfaces and does not react to maintenance chemicals. &nbsp;","og_url":"https:\/\/detailspot.lt\/produktas\/colourlock-sepetelis-odai\/","og_site_name":"Detail Spot","article_publisher":"https:\/\/www.facebook.com\/profile.php?id=100039208338156","article_modified_time":"2025-05-15T13:20:14+00:00","og_image":[{"width":302,"height":302,"url":"https:\/\/detailspot.lt\/wp-content\/uploads\/2022\/12\/colourlock-sepetelis-1.jpg","type":"image\/jpeg"}],"twitter_card":"summary_large_image","schema":{"@context":"https:\/\/schema.org","@graph":[{"@type":"WebPage","@id":"https:\/\/detailspot.lt\/produktas\/colourlock-sepetelis-odai\/","url":"https:\/\/detailspot.lt\/produktas\/colourlock-sepetelis-odai\/","name":"Colourlock brush for skin - Detail Spot","isPartOf":{"@id":"https:\/\/detailspot.lt\/#website"},"primaryImageOfPage":{"@id":"https:\/\/detailspot.lt\/produktas\/colourlock-sepetelis-odai\/#primaryimage"},"image":{"@id":"https:\/\/detailspot.lt\/produktas\/colourlock-sepetelis-odai\/#primaryimage"},"thumbnailUrl":"https:\/\/detailspot.lt\/wp-content\/uploads\/2022\/12\/colourlock-sepetelis-1.jpg","datePublished":"2022-12-26T13:27:06+00:00","dateModified":"2025-05-15T13:20:14+00:00","breadcrumb":{"@id":"https:\/\/detailspot.lt\/produktas\/colourlock-sepetelis-odai\/#breadcrumb"},"inLanguage":"en-US","potentialAction":[{"@type":"ReadAction","target":["https:\/\/detailspot.lt\/produktas\/colourlock-sepetelis-odai\/"]}]},{"@type":"ImageObject","inLanguage":"en-US","@id":"https:\/\/detailspot.lt\/produktas\/colourlock-sepetelis-odai\/#primaryimage","url":"https:\/\/detailspot.lt\/wp-content\/uploads\/2022\/12\/colourlock-sepetelis-1.jpg","contentUrl":"https:\/\/detailspot.lt\/wp-content\/uploads\/2022\/12\/colourlock-sepetelis-1.jpg","width":302,"height":302},{"@type":"BreadcrumbList","@id":"https:\/\/detailspot.lt\/produktas\/colourlock-sepetelis-odai\/#breadcrumb","itemListElement":[{"@type":"ListItem","position":1,"name":"Home","item":"https:\/\/detailspot.lt\/en\/"},{"@type":"ListItem","position":2,"name":"Shop","item":"https:\/\/detailspot.lt\/en\/parduotuve\/"},{"@type":"ListItem","position":3,"name":"Colourlock brush for skin"}]},{"@type":"WebSite","@id":"https:\/\/detailspot.lt\/#website","url":"https:\/\/detailspot.lt\/","name":"Detail Spot","description":"Automobili\u0173 prie\u017ei\u016bros priemon\u0117s","publisher":{"@id":"https:\/\/detailspot.lt\/#organization"},"potentialAction":[{"@type":"SearchAction","target":{"@type":"EntryPoint","urlTemplate":"https:\/\/detailspot.lt\/?s={search_term_string}"},"query-input":{"@type":"PropertyValueSpecification","valueRequired":true,"valueName":"search_term_string"}}],"inLanguage":"en-US"},{"@type":"Organization","@id":"https:\/\/detailspot.lt\/#organization","name":"Detail Spot","url":"https:\/\/detailspot.lt\/","logo":{"@type":"ImageObject","inLanguage":"en-US","@id":"https:\/\/detailspot.lt\/#\/schema\/logo\/image\/","url":"https:\/\/detailspot.lt\/wp-content\/uploads\/2022\/10\/logo-original.svg","contentUrl":"https:\/\/detailspot.lt\/wp-content\/uploads\/2022\/10\/logo-original.svg","width":1,"height":1,"caption":"Detail Spot"},"image":{"@id":"https:\/\/detailspot.lt\/#\/schema\/logo\/image\/"},"sameAs":["https:\/\/www.facebook.com\/profile.php?id=100039208338156"]}]}},"_links":{"self":[{"href":"https:\/\/detailspot.lt\/en\/wp-json\/wp\/v2\/product\/6530","targetHints":{"allow":["GET"]}}],"collection":[{"href":"https:\/\/detailspot.lt\/en\/wp-json\/wp\/v2\/product"}],"about":[{"href":"https:\/\/detailspot.lt\/en\/wp-json\/wp\/v2\/types\/product"}],"replies":[{"embeddable":true,"href":"https:\/\/detailspot.lt\/en\/wp-json\/wp\/v2\/comments?post=6530"}],"wp:featuredmedia":[{"embeddable":true,"href":"https:\/\/detailspot.lt\/en\/wp-json\/wp\/v2\/media\/4309"}],"wp:attachment":[{"href":"https:\/\/detailspot.lt\/en\/wp-json\/wp\/v2\/media?parent=6530"}],"wp:term":[{"taxonomy":"product_brand","embeddable":true,"href":"https:\/\/detailspot.lt\/en\/wp-json\/wp\/v2\/product_brand?post=6530"},{"taxonomy":"product_cat","embeddable":true,"href":"https:\/\/detailspot.lt\/en\/wp-json\/wp\/v2\/product_cat?post=6530"},{"taxonomy":"product_tag","embeddable":true,"href":"https:\/\/detailspot.lt\/en\/wp-json\/wp\/v2\/product_tag?post=6530"}],"curies":[{"name":"wp","href":"https:\/\/api.w.org\/{rel}","templated":true}]}}