{"id":6518,"date":"2022-12-26T15:47:48","date_gmt":"2022-12-26T13:47:48","guid":{"rendered":"https:\/\/detailspot.lt\/produktas\/colourlock-leather-protector-2\/"},"modified":"2022-12-26T15:47:48","modified_gmt":"2022-12-26T13:47:48","slug":"colourlock-leather-protector-2","status":"publish","type":"product","link":"https:\/\/detailspot.lt\/en\/produktas\/colourlock-leather-protector-2\/","title":{"rendered":"Colourlock Leather Protector"},"content":{"rendered":"<div id=\"tab_description\" class=\"tabs-description dnn fck\">\n<h1><strong>Colourlock Leather Protector<\/strong><\/h1>\n<p>An antioxidant treatment that prevents skin from cracking and UV damage &#8211; colour loss. Coated leather surfaces are moistened and become pleasant to the touch.<\/p>\n<p><strong>Usage<\/strong><\/p>\n<ol>\n<li>Clean the surface with <a href=\"https:\/\/detailspot.lt\/produktas\/colourlock-soft-leather-cleaner\/\">Colourlock Soft<\/a> or <a href=\"https:\/\/detailspot.lt\/produktas\/colourlock-strong-leather-cleaner\/\">Strong Cleaner<\/a> and refresh the colour if necessary.<\/li>\n<li>Allow the surface to dry naturally<\/li>\n<li>Moisten the cloth with Leather Protect<\/li>\n<li>Cover the surface and allow to dry<\/li>\n<\/ol>\n<p><strong>Advice<\/strong><\/p>\n<ul>\n<li><strong>Warning!<\/strong> Due to different skin types and preparations, we recommend that all products are tested on surfaces where they cannot be seen.<\/li>\n<\/ul>\n<\/div>\n<p>&nbsp;<\/p>\n<p style=\"text-align: center;\"><img loading=\"lazy\" decoding=\"async\" class=\"alignnone size-medium wp-image-2901\" src=\"https:\/\/detailspot.lt\/wp-content\/uploads\/2022\/12\/colourlock-726177-300x147.webp\" alt=\"\" width=\"300\" height=\"147\" srcset=\"https:\/\/detailspot.lt\/wp-content\/uploads\/2022\/12\/colourlock-726177-300x147.webp 300w, https:\/\/detailspot.lt\/wp-content\/uploads\/2022\/12\/colourlock-726177-768x376.webp 768w, https:\/\/detailspot.lt\/wp-content\/uploads\/2022\/12\/colourlock-726177-600x294.webp 600w, https:\/\/detailspot.lt\/wp-content\/uploads\/2022\/12\/colourlock-726177-64x31.webp 64w, https:\/\/detailspot.lt\/wp-content\/uploads\/2022\/12\/colourlock-726177.webp 980w\" sizes=\"auto, (max-width: 300px) 100vw, 300px\" \/><\/p>\n","protected":false},"excerpt":{"rendered":"<p>Colourlock Leather Protector An antioxidant treatment that prevents skin from cracking and UV damage &#8211; colour loss. Coated leather surfaces are moistened and become pleasant to the touch. Usage Clean the surface with Colourlock Soft or Strong Cleaner and refresh the colour if necessary. Allow the surface to dry naturally Moisten the cloth with Leather&hellip;<\/p>\n","protected":false},"featured_media":4316,"comment_status":"closed","ping_status":"closed","template":"","meta":[],"product_brand":[],"product_cat":[165,167],"product_tag":[],"class_list":{"0":"post-6518","1":"product","2":"type-product","3":"status-publish","4":"has-post-thumbnail","6":"product_cat-interior","7":"product_cat-skin-care","8":"description-off","10":"first","11":"instock","12":"taxable","13":"shipping-taxable","14":"purchasable","15":"product-type-variable"},"yoast_head":"<!-- This site is optimized with the Yoast SEO plugin v27.4 - https:\/\/yoast.com\/product\/yoast-seo-wordpress\/ -->\n<title>Colourlock Leather Protector - Detail Spot<\/title>\n<meta name=\"description\" content=\"Colourlock Leather Protector An antioxidant treatment that prevents skin from cracking and UV damage - colour loss.\" \/>\n<meta name=\"robots\" content=\"index, follow, max-snippet:-1, max-image-preview:large, max-video-preview:-1\" \/>\n<link rel=\"canonical\" href=\"https:\/\/detailspot.lt\/en\/produktas\/colourlock-leather-protector-2\/\" \/>\n<meta property=\"og:locale\" content=\"en_US\" \/>\n<meta property=\"og:type\" content=\"article\" \/>\n<meta property=\"og:title\" content=\"Colourlock Leather Protector - Detail Spot\" \/>\n<meta property=\"og:description\" content=\"Colourlock Leather Protector An antioxidant treatment that prevents skin from cracking and UV damage - colour loss.\" \/>\n<meta property=\"og:url\" content=\"https:\/\/detailspot.lt\/en\/produktas\/colourlock-leather-protector-2\/\" \/>\n<meta property=\"og:site_name\" content=\"Detail Spot\" \/>\n<meta property=\"article:publisher\" content=\"https:\/\/www.facebook.com\/profile.php?id=100039208338156\" \/>\n<meta property=\"og:image\" content=\"https:\/\/detailspot.lt\/wp-content\/uploads\/2022\/12\/colourlock-leather-protector-2-1.png\" \/>\n\t<meta property=\"og:image:width\" content=\"600\" \/>\n\t<meta property=\"og:image:height\" content=\"600\" \/>\n\t<meta property=\"og:image:type\" content=\"image\/png\" \/>\n<meta name=\"twitter:card\" content=\"summary_large_image\" \/>\n<script type=\"application\/ld+json\" class=\"yoast-schema-graph\">{\"@context\":\"https:\\\/\\\/schema.org\",\"@graph\":[{\"@type\":\"WebPage\",\"@id\":\"https:\\\/\\\/detailspot.lt\\\/en\\\/produktas\\\/colourlock-leather-protector-2\\\/\",\"url\":\"https:\\\/\\\/detailspot.lt\\\/en\\\/produktas\\\/colourlock-leather-protector-2\\\/\",\"name\":\"Colourlock Leather Protector - Detail Spot\",\"isPartOf\":{\"@id\":\"https:\\\/\\\/detailspot.lt\\\/#website\"},\"primaryImageOfPage\":{\"@id\":\"https:\\\/\\\/detailspot.lt\\\/en\\\/produktas\\\/colourlock-leather-protector-2\\\/#primaryimage\"},\"image\":{\"@id\":\"https:\\\/\\\/detailspot.lt\\\/en\\\/produktas\\\/colourlock-leather-protector-2\\\/#primaryimage\"},\"thumbnailUrl\":\"https:\\\/\\\/detailspot.lt\\\/wp-content\\\/uploads\\\/2022\\\/12\\\/colourlock-leather-protector-2-1.png\",\"datePublished\":\"2022-12-26T13:47:48+00:00\",\"description\":\"Colourlock Leather Protector An antioxidant treatment that prevents skin from cracking and UV damage - colour loss.\",\"breadcrumb\":{\"@id\":\"https:\\\/\\\/detailspot.lt\\\/en\\\/produktas\\\/colourlock-leather-protector-2\\\/#breadcrumb\"},\"inLanguage\":\"en-US\",\"potentialAction\":[{\"@type\":\"ReadAction\",\"target\":[\"https:\\\/\\\/detailspot.lt\\\/en\\\/produktas\\\/colourlock-leather-protector-2\\\/\"]}]},{\"@type\":\"ImageObject\",\"inLanguage\":\"en-US\",\"@id\":\"https:\\\/\\\/detailspot.lt\\\/en\\\/produktas\\\/colourlock-leather-protector-2\\\/#primaryimage\",\"url\":\"https:\\\/\\\/detailspot.lt\\\/wp-content\\\/uploads\\\/2022\\\/12\\\/colourlock-leather-protector-2-1.png\",\"contentUrl\":\"https:\\\/\\\/detailspot.lt\\\/wp-content\\\/uploads\\\/2022\\\/12\\\/colourlock-leather-protector-2-1.png\",\"width\":600,\"height\":600},{\"@type\":\"BreadcrumbList\",\"@id\":\"https:\\\/\\\/detailspot.lt\\\/en\\\/produktas\\\/colourlock-leather-protector-2\\\/#breadcrumb\",\"itemListElement\":[{\"@type\":\"ListItem\",\"position\":1,\"name\":\"Home\",\"item\":\"https:\\\/\\\/detailspot.lt\\\/en\\\/\"},{\"@type\":\"ListItem\",\"position\":2,\"name\":\"Shop\",\"item\":\"https:\\\/\\\/detailspot.lt\\\/en\\\/parduotuve\\\/\"},{\"@type\":\"ListItem\",\"position\":3,\"name\":\"Colourlock Leather Protector\"}]},{\"@type\":\"WebSite\",\"@id\":\"https:\\\/\\\/detailspot.lt\\\/#website\",\"url\":\"https:\\\/\\\/detailspot.lt\\\/\",\"name\":\"Detail Spot\",\"description\":\"Automobili\u0173 prie\u017ei\u016bros priemon\u0117s\",\"publisher\":{\"@id\":\"https:\\\/\\\/detailspot.lt\\\/#organization\"},\"potentialAction\":[{\"@type\":\"SearchAction\",\"target\":{\"@type\":\"EntryPoint\",\"urlTemplate\":\"https:\\\/\\\/detailspot.lt\\\/?s={search_term_string}\"},\"query-input\":{\"@type\":\"PropertyValueSpecification\",\"valueRequired\":true,\"valueName\":\"search_term_string\"}}],\"inLanguage\":\"en-US\"},{\"@type\":\"Organization\",\"@id\":\"https:\\\/\\\/detailspot.lt\\\/#organization\",\"name\":\"Detail Spot\",\"url\":\"https:\\\/\\\/detailspot.lt\\\/\",\"logo\":{\"@type\":\"ImageObject\",\"inLanguage\":\"en-US\",\"@id\":\"https:\\\/\\\/detailspot.lt\\\/#\\\/schema\\\/logo\\\/image\\\/\",\"url\":\"https:\\\/\\\/detailspot.lt\\\/wp-content\\\/uploads\\\/2022\\\/10\\\/logo-original.svg\",\"contentUrl\":\"https:\\\/\\\/detailspot.lt\\\/wp-content\\\/uploads\\\/2022\\\/10\\\/logo-original.svg\",\"width\":1,\"height\":1,\"caption\":\"Detail Spot\"},\"image\":{\"@id\":\"https:\\\/\\\/detailspot.lt\\\/#\\\/schema\\\/logo\\\/image\\\/\"},\"sameAs\":[\"https:\\\/\\\/www.facebook.com\\\/profile.php?id=100039208338156\"]}]}<\/script>\n<!-- \/ Yoast SEO plugin. -->","yoast_head_json":{"title":"Colourlock Leather Protector - Detail Spot","description":"Colourlock Leather Protector An antioxidant treatment that prevents skin from cracking and UV damage - colour loss.","robots":{"index":"index","follow":"follow","max-snippet":"max-snippet:-1","max-image-preview":"max-image-preview:large","max-video-preview":"max-video-preview:-1"},"canonical":"https:\/\/detailspot.lt\/en\/produktas\/colourlock-leather-protector-2\/","og_locale":"en_US","og_type":"article","og_title":"Colourlock Leather Protector - Detail Spot","og_description":"Colourlock Leather Protector An antioxidant treatment that prevents skin from cracking and UV damage - colour loss.","og_url":"https:\/\/detailspot.lt\/en\/produktas\/colourlock-leather-protector-2\/","og_site_name":"Detail Spot","article_publisher":"https:\/\/www.facebook.com\/profile.php?id=100039208338156","og_image":[{"width":600,"height":600,"url":"https:\/\/detailspot.lt\/wp-content\/uploads\/2022\/12\/colourlock-leather-protector-2-1.png","type":"image\/png"}],"twitter_card":"summary_large_image","schema":{"@context":"https:\/\/schema.org","@graph":[{"@type":"WebPage","@id":"https:\/\/detailspot.lt\/en\/produktas\/colourlock-leather-protector-2\/","url":"https:\/\/detailspot.lt\/en\/produktas\/colourlock-leather-protector-2\/","name":"Colourlock Leather Protector - Detail Spot","isPartOf":{"@id":"https:\/\/detailspot.lt\/#website"},"primaryImageOfPage":{"@id":"https:\/\/detailspot.lt\/en\/produktas\/colourlock-leather-protector-2\/#primaryimage"},"image":{"@id":"https:\/\/detailspot.lt\/en\/produktas\/colourlock-leather-protector-2\/#primaryimage"},"thumbnailUrl":"https:\/\/detailspot.lt\/wp-content\/uploads\/2022\/12\/colourlock-leather-protector-2-1.png","datePublished":"2022-12-26T13:47:48+00:00","description":"Colourlock Leather Protector An antioxidant treatment that prevents skin from cracking and UV damage - colour loss.","breadcrumb":{"@id":"https:\/\/detailspot.lt\/en\/produktas\/colourlock-leather-protector-2\/#breadcrumb"},"inLanguage":"en-US","potentialAction":[{"@type":"ReadAction","target":["https:\/\/detailspot.lt\/en\/produktas\/colourlock-leather-protector-2\/"]}]},{"@type":"ImageObject","inLanguage":"en-US","@id":"https:\/\/detailspot.lt\/en\/produktas\/colourlock-leather-protector-2\/#primaryimage","url":"https:\/\/detailspot.lt\/wp-content\/uploads\/2022\/12\/colourlock-leather-protector-2-1.png","contentUrl":"https:\/\/detailspot.lt\/wp-content\/uploads\/2022\/12\/colourlock-leather-protector-2-1.png","width":600,"height":600},{"@type":"BreadcrumbList","@id":"https:\/\/detailspot.lt\/en\/produktas\/colourlock-leather-protector-2\/#breadcrumb","itemListElement":[{"@type":"ListItem","position":1,"name":"Home","item":"https:\/\/detailspot.lt\/en\/"},{"@type":"ListItem","position":2,"name":"Shop","item":"https:\/\/detailspot.lt\/en\/parduotuve\/"},{"@type":"ListItem","position":3,"name":"Colourlock Leather Protector"}]},{"@type":"WebSite","@id":"https:\/\/detailspot.lt\/#website","url":"https:\/\/detailspot.lt\/","name":"Detail Spot","description":"Automobili\u0173 prie\u017ei\u016bros priemon\u0117s","publisher":{"@id":"https:\/\/detailspot.lt\/#organization"},"potentialAction":[{"@type":"SearchAction","target":{"@type":"EntryPoint","urlTemplate":"https:\/\/detailspot.lt\/?s={search_term_string}"},"query-input":{"@type":"PropertyValueSpecification","valueRequired":true,"valueName":"search_term_string"}}],"inLanguage":"en-US"},{"@type":"Organization","@id":"https:\/\/detailspot.lt\/#organization","name":"Detail Spot","url":"https:\/\/detailspot.lt\/","logo":{"@type":"ImageObject","inLanguage":"en-US","@id":"https:\/\/detailspot.lt\/#\/schema\/logo\/image\/","url":"https:\/\/detailspot.lt\/wp-content\/uploads\/2022\/10\/logo-original.svg","contentUrl":"https:\/\/detailspot.lt\/wp-content\/uploads\/2022\/10\/logo-original.svg","width":1,"height":1,"caption":"Detail Spot"},"image":{"@id":"https:\/\/detailspot.lt\/#\/schema\/logo\/image\/"},"sameAs":["https:\/\/www.facebook.com\/profile.php?id=100039208338156"]}]}},"_links":{"self":[{"href":"https:\/\/detailspot.lt\/en\/wp-json\/wp\/v2\/product\/6518","targetHints":{"allow":["GET"]}}],"collection":[{"href":"https:\/\/detailspot.lt\/en\/wp-json\/wp\/v2\/product"}],"about":[{"href":"https:\/\/detailspot.lt\/en\/wp-json\/wp\/v2\/types\/product"}],"replies":[{"embeddable":true,"href":"https:\/\/detailspot.lt\/en\/wp-json\/wp\/v2\/comments?post=6518"}],"wp:featuredmedia":[{"embeddable":true,"href":"https:\/\/detailspot.lt\/en\/wp-json\/wp\/v2\/media\/4316"}],"wp:attachment":[{"href":"https:\/\/detailspot.lt\/en\/wp-json\/wp\/v2\/media?parent=6518"}],"wp:term":[{"taxonomy":"product_brand","embeddable":true,"href":"https:\/\/detailspot.lt\/en\/wp-json\/wp\/v2\/product_brand?post=6518"},{"taxonomy":"product_cat","embeddable":true,"href":"https:\/\/detailspot.lt\/en\/wp-json\/wp\/v2\/product_cat?post=6518"},{"taxonomy":"product_tag","embeddable":true,"href":"https:\/\/detailspot.lt\/en\/wp-json\/wp\/v2\/product_tag?post=6518"}],"curies":[{"name":"wp","href":"https:\/\/api.w.org\/{rel}","templated":true}]}}