{"id":6516,"date":"2022-12-26T16:05:52","date_gmt":"2022-12-26T14:05:52","guid":{"rendered":"https:\/\/detailspot.lt\/produktas\/sonax-xtreme-antifreeze-clear-view-20c-4l-2\/"},"modified":"2022-12-26T16:05:52","modified_gmt":"2022-12-26T14:05:52","slug":"sonax-xtreme-antifreeze-clear-view-20c-4l-2","status":"publish","type":"product","link":"https:\/\/detailspot.lt\/en\/produktas\/sonax-xtreme-antifreeze-clear-view-20c-4l-2\/","title":{"rendered":"SONAX Xtreme AntiFreeze &amp; Clear View -20\u00b0C 4l"},"content":{"rendered":"<div id=\"tw-target-text-container\" class=\"tw-ta-container F0azHf tw-nfl\" tabindex=\"0\">\n<pre id=\"tw-target-text\" class=\"tw-data-text tw-text-large tw-ta\" dir=\"ltr\" data-placeholder=\"Vertimas\"><span class=\"Y2IQFc\" lang=\"lt\"><strong>SONAX Xtreme AntiFreeze &amp; Clear View - <\/strong> paruo\u0161tas naudoti su Smart Dynamics technologija, stikl\u0173 valilis. SMART DYNAMICS TECHNOLOGY d\u0117ka puiki \nvalymo galia ir greitesnis dry\u017ei\u0173 pa\u0161alinimas. Ma\u017eiau valytuv\u0173 cikl\u0173 skai\u010dius - ma\u017eesn\u0117s s\u0105naudos. Nekenkia da\u017eytiems, plastikiniams ir guminiams\npavir\u0161iams, i\u0161laiko gum\u0105 elasting\u0105, tod\u0117l netrumpina valytuv\u0173 gyvavimo laiko. \n\n<\/span><\/pre>\n<\/div>\n<div id=\"tw-target-rmn-container\" class=\"tw-target-rmn tw-ta-container F0azHf tw-nfl\">\n<pre id=\"tw-target-rmn\" class=\"tw-data-placeholder tw-text-small tw-ta\" dir=\"ltr\" data-placeholder=\"\"><\/pre>\n<\/div>\n<div class=\"iYB33c\">\n<div class=\"dlJLJe\">\n<div data-cviv=\"false\" data-ved=\"2ahUKEwia7JWAn5f8AhWCqIsKHSepDAIQz_AEegQIAxAP\">\n<div class=\"U9URNb\" style=\"text-align: center;\"><img loading=\"lazy\" decoding=\"async\" class=\"alignnone size-medium wp-image-2066\" src=\"https:\/\/detailspot.lt\/wp-content\/uploads\/2022\/12\/sonax-vector-logo-2022-300x167.png\" alt=\"\" width=\"300\" height=\"167\" srcset=\"https:\/\/detailspot.lt\/wp-content\/uploads\/2022\/12\/sonax-vector-logo-2022-300x167.png 300w, https:\/\/detailspot.lt\/wp-content\/uploads\/2022\/12\/sonax-vector-logo-2022-768x427.png 768w, https:\/\/detailspot.lt\/wp-content\/uploads\/2022\/12\/sonax-vector-logo-2022-600x333.png 600w, https:\/\/detailspot.lt\/wp-content\/uploads\/2022\/12\/sonax-vector-logo-2022-64x36.png 64w, https:\/\/detailspot.lt\/wp-content\/uploads\/2022\/12\/sonax-vector-logo-2022.png 900w\" sizes=\"auto, (max-width: 300px) 100vw, 300px\" \/><\/div>\n<\/div>\n<\/div>\n<div id=\"tw-tmenu\" class=\"tw-menu\"><\/div>\n<\/div>\n","protected":false},"excerpt":{"rendered":"<p>SONAX Xtreme AntiFreeze &amp; Clear View &#8211; paruo\u0161tas naudoti su Smart Dynamics technologija, stikl\u0173 valilis. SMART DYNAMICS TECHNOLOGY d\u0117ka puiki valymo galia ir greitesnis dry\u017ei\u0173 pa\u0161alinimas. Ma\u017eiau valytuv\u0173 cikl\u0173 skai\u010dius &#8211; ma\u017eesn\u0117s s\u0105naudos. Nekenkia da\u017eytiems, plastikiniams ir guminiams pavir\u0161iams, i\u0161laiko gum\u0105 elasting\u0105, tod\u0117l netrumpina valytuv\u0173 gyvavimo laiko.<\/p>\n","protected":false},"featured_media":4318,"comment_status":"closed","ping_status":"closed","template":"","meta":[],"product_brand":[],"product_cat":[160,163],"product_tag":[],"class_list":{"0":"post-6516","1":"product","2":"type-product","3":"status-publish","4":"has-post-thumbnail","6":"product_cat-exterior","7":"product_cat-windscreen-maintenance","8":"description-off","10":"first","11":"outofstock","12":"taxable","13":"shipping-taxable","14":"purchasable","15":"product-type-simple"},"yoast_head":"<!-- This site is optimized with the Yoast SEO plugin v27.5 - https:\/\/yoast.com\/product\/yoast-seo-wordpress\/ -->\n<title>SONAX Xtreme AntiFreeze &amp; Clear View -20\u00b0C 4l - Detail Spot<\/title>\n<meta name=\"robots\" content=\"index, follow, max-snippet:-1, max-image-preview:large, max-video-preview:-1\" \/>\n<link rel=\"canonical\" href=\"https:\/\/detailspot.lt\/produktas\/sonax-xtreme-antifreeze-clear-view-20c-4l-2\/\" \/>\n<meta property=\"og:locale\" content=\"en_US\" \/>\n<meta property=\"og:type\" content=\"article\" \/>\n<meta property=\"og:title\" content=\"SONAX Xtreme AntiFreeze &amp; Clear View -20\u00b0C 4l - Detail Spot\" \/>\n<meta property=\"og:description\" content=\"SONAX Xtreme AntiFreeze &amp; Clear View - paruo\u0161tas naudoti su Smart Dynamics technologija, stikl\u0173 valilis. SMART DYNAMICS TECHNOLOGY d\u0117ka puiki valymo galia ir greitesnis dry\u017ei\u0173 pa\u0161alinimas. Ma\u017eiau valytuv\u0173 cikl\u0173 skai\u010dius - ma\u017eesn\u0117s s\u0105naudos. Nekenkia da\u017eytiems, plastikiniams ir guminiams pavir\u0161iams, i\u0161laiko gum\u0105 elasting\u0105, tod\u0117l netrumpina valytuv\u0173 gyvavimo laiko.\" \/>\n<meta property=\"og:url\" content=\"https:\/\/detailspot.lt\/produktas\/sonax-xtreme-antifreeze-clear-view-20c-4l-2\/\" \/>\n<meta property=\"og:site_name\" content=\"Detail Spot\" \/>\n<meta property=\"article:publisher\" content=\"https:\/\/www.facebook.com\/profile.php?id=100039208338156\" \/>\n<meta property=\"og:image\" content=\"https:\/\/detailspot.lt\/wp-content\/uploads\/2022\/12\/sonax-vector-logo-2022-300x167.png\" \/>\n<meta name=\"twitter:card\" content=\"summary_large_image\" \/>\n<script type=\"application\/ld+json\" class=\"yoast-schema-graph\">{\"@context\":\"https:\\\/\\\/schema.org\",\"@graph\":[{\"@type\":\"WebPage\",\"@id\":\"https:\\\/\\\/detailspot.lt\\\/produktas\\\/sonax-xtreme-antifreeze-clear-view-20c-4l-2\\\/\",\"url\":\"https:\\\/\\\/detailspot.lt\\\/produktas\\\/sonax-xtreme-antifreeze-clear-view-20c-4l-2\\\/\",\"name\":\"SONAX Xtreme AntiFreeze &amp; Clear View -20\u00b0C 4l - Detail Spot\",\"isPartOf\":{\"@id\":\"https:\\\/\\\/detailspot.lt\\\/#website\"},\"primaryImageOfPage\":{\"@id\":\"https:\\\/\\\/detailspot.lt\\\/produktas\\\/sonax-xtreme-antifreeze-clear-view-20c-4l-2\\\/#primaryimage\"},\"image\":{\"@id\":\"https:\\\/\\\/detailspot.lt\\\/produktas\\\/sonax-xtreme-antifreeze-clear-view-20c-4l-2\\\/#primaryimage\"},\"thumbnailUrl\":\"https:\\\/\\\/detailspot.lt\\\/wp-content\\\/uploads\\\/2022\\\/12\\\/zieminis-langu-skystis-sonax-xtreme-20c-4l.jpg\",\"datePublished\":\"2022-12-26T14:05:52+00:00\",\"breadcrumb\":{\"@id\":\"https:\\\/\\\/detailspot.lt\\\/produktas\\\/sonax-xtreme-antifreeze-clear-view-20c-4l-2\\\/#breadcrumb\"},\"inLanguage\":\"en-US\",\"potentialAction\":[{\"@type\":\"ReadAction\",\"target\":[\"https:\\\/\\\/detailspot.lt\\\/produktas\\\/sonax-xtreme-antifreeze-clear-view-20c-4l-2\\\/\"]}]},{\"@type\":\"ImageObject\",\"inLanguage\":\"en-US\",\"@id\":\"https:\\\/\\\/detailspot.lt\\\/produktas\\\/sonax-xtreme-antifreeze-clear-view-20c-4l-2\\\/#primaryimage\",\"url\":\"https:\\\/\\\/detailspot.lt\\\/wp-content\\\/uploads\\\/2022\\\/12\\\/zieminis-langu-skystis-sonax-xtreme-20c-4l.jpg\",\"contentUrl\":\"https:\\\/\\\/detailspot.lt\\\/wp-content\\\/uploads\\\/2022\\\/12\\\/zieminis-langu-skystis-sonax-xtreme-20c-4l.jpg\",\"width\":800,\"height\":800},{\"@type\":\"BreadcrumbList\",\"@id\":\"https:\\\/\\\/detailspot.lt\\\/produktas\\\/sonax-xtreme-antifreeze-clear-view-20c-4l-2\\\/#breadcrumb\",\"itemListElement\":[{\"@type\":\"ListItem\",\"position\":1,\"name\":\"Home\",\"item\":\"https:\\\/\\\/detailspot.lt\\\/en\\\/\"},{\"@type\":\"ListItem\",\"position\":2,\"name\":\"Shop\",\"item\":\"https:\\\/\\\/detailspot.lt\\\/en\\\/parduotuve\\\/\"},{\"@type\":\"ListItem\",\"position\":3,\"name\":\"SONAX Xtreme AntiFreeze &amp; Clear View -20\u00b0C 4l\"}]},{\"@type\":\"WebSite\",\"@id\":\"https:\\\/\\\/detailspot.lt\\\/#website\",\"url\":\"https:\\\/\\\/detailspot.lt\\\/\",\"name\":\"Detail Spot\",\"description\":\"Automobili\u0173 prie\u017ei\u016bros priemon\u0117s\",\"publisher\":{\"@id\":\"https:\\\/\\\/detailspot.lt\\\/#organization\"},\"potentialAction\":[{\"@type\":\"SearchAction\",\"target\":{\"@type\":\"EntryPoint\",\"urlTemplate\":\"https:\\\/\\\/detailspot.lt\\\/?s={search_term_string}\"},\"query-input\":{\"@type\":\"PropertyValueSpecification\",\"valueRequired\":true,\"valueName\":\"search_term_string\"}}],\"inLanguage\":\"en-US\"},{\"@type\":\"Organization\",\"@id\":\"https:\\\/\\\/detailspot.lt\\\/#organization\",\"name\":\"Detail Spot\",\"url\":\"https:\\\/\\\/detailspot.lt\\\/\",\"logo\":{\"@type\":\"ImageObject\",\"inLanguage\":\"en-US\",\"@id\":\"https:\\\/\\\/detailspot.lt\\\/#\\\/schema\\\/logo\\\/image\\\/\",\"url\":\"https:\\\/\\\/detailspot.lt\\\/wp-content\\\/uploads\\\/2022\\\/10\\\/logo-original.svg\",\"contentUrl\":\"https:\\\/\\\/detailspot.lt\\\/wp-content\\\/uploads\\\/2022\\\/10\\\/logo-original.svg\",\"width\":1,\"height\":1,\"caption\":\"Detail Spot\"},\"image\":{\"@id\":\"https:\\\/\\\/detailspot.lt\\\/#\\\/schema\\\/logo\\\/image\\\/\"},\"sameAs\":[\"https:\\\/\\\/www.facebook.com\\\/profile.php?id=100039208338156\"]}]}<\/script>\n<!-- \/ Yoast SEO plugin. -->","yoast_head_json":{"title":"SONAX Xtreme AntiFreeze &amp; Clear View -20\u00b0C 4l - Detail Spot","robots":{"index":"index","follow":"follow","max-snippet":"max-snippet:-1","max-image-preview":"max-image-preview:large","max-video-preview":"max-video-preview:-1"},"canonical":"https:\/\/detailspot.lt\/produktas\/sonax-xtreme-antifreeze-clear-view-20c-4l-2\/","og_locale":"en_US","og_type":"article","og_title":"SONAX Xtreme AntiFreeze &amp; Clear View -20\u00b0C 4l - Detail Spot","og_description":"SONAX Xtreme AntiFreeze &amp; Clear View - paruo\u0161tas naudoti su Smart Dynamics technologija, stikl\u0173 valilis. SMART DYNAMICS TECHNOLOGY d\u0117ka puiki valymo galia ir greitesnis dry\u017ei\u0173 pa\u0161alinimas. Ma\u017eiau valytuv\u0173 cikl\u0173 skai\u010dius - ma\u017eesn\u0117s s\u0105naudos. Nekenkia da\u017eytiems, plastikiniams ir guminiams pavir\u0161iams, i\u0161laiko gum\u0105 elasting\u0105, tod\u0117l netrumpina valytuv\u0173 gyvavimo laiko.","og_url":"https:\/\/detailspot.lt\/produktas\/sonax-xtreme-antifreeze-clear-view-20c-4l-2\/","og_site_name":"Detail Spot","article_publisher":"https:\/\/www.facebook.com\/profile.php?id=100039208338156","og_image":[{"url":"https:\/\/detailspot.lt\/wp-content\/uploads\/2022\/12\/sonax-vector-logo-2022-300x167.png","type":"","width":"","height":""}],"twitter_card":"summary_large_image","schema":{"@context":"https:\/\/schema.org","@graph":[{"@type":"WebPage","@id":"https:\/\/detailspot.lt\/produktas\/sonax-xtreme-antifreeze-clear-view-20c-4l-2\/","url":"https:\/\/detailspot.lt\/produktas\/sonax-xtreme-antifreeze-clear-view-20c-4l-2\/","name":"SONAX Xtreme AntiFreeze &amp; Clear View -20\u00b0C 4l - Detail Spot","isPartOf":{"@id":"https:\/\/detailspot.lt\/#website"},"primaryImageOfPage":{"@id":"https:\/\/detailspot.lt\/produktas\/sonax-xtreme-antifreeze-clear-view-20c-4l-2\/#primaryimage"},"image":{"@id":"https:\/\/detailspot.lt\/produktas\/sonax-xtreme-antifreeze-clear-view-20c-4l-2\/#primaryimage"},"thumbnailUrl":"https:\/\/detailspot.lt\/wp-content\/uploads\/2022\/12\/zieminis-langu-skystis-sonax-xtreme-20c-4l.jpg","datePublished":"2022-12-26T14:05:52+00:00","breadcrumb":{"@id":"https:\/\/detailspot.lt\/produktas\/sonax-xtreme-antifreeze-clear-view-20c-4l-2\/#breadcrumb"},"inLanguage":"en-US","potentialAction":[{"@type":"ReadAction","target":["https:\/\/detailspot.lt\/produktas\/sonax-xtreme-antifreeze-clear-view-20c-4l-2\/"]}]},{"@type":"ImageObject","inLanguage":"en-US","@id":"https:\/\/detailspot.lt\/produktas\/sonax-xtreme-antifreeze-clear-view-20c-4l-2\/#primaryimage","url":"https:\/\/detailspot.lt\/wp-content\/uploads\/2022\/12\/zieminis-langu-skystis-sonax-xtreme-20c-4l.jpg","contentUrl":"https:\/\/detailspot.lt\/wp-content\/uploads\/2022\/12\/zieminis-langu-skystis-sonax-xtreme-20c-4l.jpg","width":800,"height":800},{"@type":"BreadcrumbList","@id":"https:\/\/detailspot.lt\/produktas\/sonax-xtreme-antifreeze-clear-view-20c-4l-2\/#breadcrumb","itemListElement":[{"@type":"ListItem","position":1,"name":"Home","item":"https:\/\/detailspot.lt\/en\/"},{"@type":"ListItem","position":2,"name":"Shop","item":"https:\/\/detailspot.lt\/en\/parduotuve\/"},{"@type":"ListItem","position":3,"name":"SONAX Xtreme AntiFreeze &amp; Clear View -20\u00b0C 4l"}]},{"@type":"WebSite","@id":"https:\/\/detailspot.lt\/#website","url":"https:\/\/detailspot.lt\/","name":"Detail Spot","description":"Automobili\u0173 prie\u017ei\u016bros priemon\u0117s","publisher":{"@id":"https:\/\/detailspot.lt\/#organization"},"potentialAction":[{"@type":"SearchAction","target":{"@type":"EntryPoint","urlTemplate":"https:\/\/detailspot.lt\/?s={search_term_string}"},"query-input":{"@type":"PropertyValueSpecification","valueRequired":true,"valueName":"search_term_string"}}],"inLanguage":"en-US"},{"@type":"Organization","@id":"https:\/\/detailspot.lt\/#organization","name":"Detail Spot","url":"https:\/\/detailspot.lt\/","logo":{"@type":"ImageObject","inLanguage":"en-US","@id":"https:\/\/detailspot.lt\/#\/schema\/logo\/image\/","url":"https:\/\/detailspot.lt\/wp-content\/uploads\/2022\/10\/logo-original.svg","contentUrl":"https:\/\/detailspot.lt\/wp-content\/uploads\/2022\/10\/logo-original.svg","width":1,"height":1,"caption":"Detail Spot"},"image":{"@id":"https:\/\/detailspot.lt\/#\/schema\/logo\/image\/"},"sameAs":["https:\/\/www.facebook.com\/profile.php?id=100039208338156"]}]}},"_links":{"self":[{"href":"https:\/\/detailspot.lt\/en\/wp-json\/wp\/v2\/product\/6516","targetHints":{"allow":["GET"]}}],"collection":[{"href":"https:\/\/detailspot.lt\/en\/wp-json\/wp\/v2\/product"}],"about":[{"href":"https:\/\/detailspot.lt\/en\/wp-json\/wp\/v2\/types\/product"}],"replies":[{"embeddable":true,"href":"https:\/\/detailspot.lt\/en\/wp-json\/wp\/v2\/comments?post=6516"}],"wp:featuredmedia":[{"embeddable":true,"href":"https:\/\/detailspot.lt\/en\/wp-json\/wp\/v2\/media\/4318"}],"wp:attachment":[{"href":"https:\/\/detailspot.lt\/en\/wp-json\/wp\/v2\/media?parent=6516"}],"wp:term":[{"taxonomy":"product_brand","embeddable":true,"href":"https:\/\/detailspot.lt\/en\/wp-json\/wp\/v2\/product_brand?post=6516"},{"taxonomy":"product_cat","embeddable":true,"href":"https:\/\/detailspot.lt\/en\/wp-json\/wp\/v2\/product_cat?post=6516"},{"taxonomy":"product_tag","embeddable":true,"href":"https:\/\/detailspot.lt\/en\/wp-json\/wp\/v2\/product_tag?post=6516"}],"curies":[{"name":"wp","href":"https:\/\/api.w.org\/{rel}","templated":true}]}}