{"id":6509,"date":"2023-01-07T20:02:29","date_gmt":"2023-01-07T18:02:29","guid":{"rendered":"https:\/\/detailspot.lt\/produktas\/ewocar-heavy-cut-correction-paste\/"},"modified":"2023-01-07T20:02:29","modified_gmt":"2023-01-07T18:02:29","slug":"ewocar-heavy-cut-correction-paste","status":"publish","type":"product","link":"https:\/\/detailspot.lt\/en\/produktas\/ewocar-heavy-cut-correction-paste\/","title":{"rendered":"Ewocar Heavy Cut correction paste"},"content":{"rendered":"<div id=\"heading2\">\n<h1><strong>Ewocar Heavy Cut correction paste <\/strong><\/h1>\n<p>a water-based, low-dust, aggressive correction paste with a long cycle. Free from silicones and other masking agents.<\/p>\n<p><strong>Characteristics:<\/strong><\/p>\n<p>For aggressive varnish correction<\/p>\n<ol>\n<li>Water-based<\/li>\n<li>Extremely low or no dusting<\/li>\n<li>Suitable for use with all polishing tools.<\/li>\n<li>Extremely easy to clean<\/li>\n<li>Silicone, wax and solvent free formula<\/li>\n<\/ol>\n<\/div>\n<p>&nbsp;<\/p>\n<p>&nbsp;<\/p>\n<p style=\"text-align: center;\"><img loading=\"lazy\" decoding=\"async\" class=\"alignnone size-medium wp-image-3022\" src=\"https:\/\/detailspot.lt\/wp-content\/uploads\/2023\/01\/Ewocar-logo-300x158.jpg\" alt=\"\" width=\"300\" height=\"158\" srcset=\"https:\/\/detailspot.lt\/wp-content\/uploads\/2023\/01\/Ewocar-logo-300x158.jpg 300w, https:\/\/detailspot.lt\/wp-content\/uploads\/2023\/01\/Ewocar-logo-64x34.jpg 64w, https:\/\/detailspot.lt\/wp-content\/uploads\/2023\/01\/Ewocar-logo.jpg 600w\" sizes=\"auto, (max-width: 300px) 100vw, 300px\" \/><\/p>\n<div class=\"grid_100 alpha omega mb20\">\n<div class=\"grid_100 alpha omega goods_links_container\">\n<div class=\"clear\"><\/div>\n<p id=\"good_links_wrapper_2033\" class=\"grid_100 alpha omega\">\n<\/div>\n<\/div>\n","protected":false},"excerpt":{"rendered":"<p>Ewocar Heavy Cut correction paste a water-based, low-dust, aggressive correction paste with a long cycle. Free from silicones and other masking agents. Characteristics: For aggressive varnish correction Water-based Extremely low or no dusting Suitable for use with all polishing tools. Extremely easy to clean Silicone, wax and solvent free formula &nbsp; &nbsp;<\/p>\n","protected":false},"featured_media":4347,"comment_status":"closed","ping_status":"closed","template":"","meta":[],"product_brand":[],"product_cat":[173,170],"product_tag":[],"class_list":{"0":"post-6509","1":"product","2":"type-product","3":"status-publish","4":"has-post-thumbnail","6":"product_cat-polishing-pastes","7":"product_cat-polishing-tools","8":"description-off","10":"first","11":"instock","12":"sale","13":"taxable","14":"shipping-taxable","15":"purchasable","16":"product-type-variable"},"yoast_head":"<!-- This site is optimized with the Yoast SEO plugin v27.2 - https:\/\/yoast.com\/product\/yoast-seo-wordpress\/ -->\n<title>Ewocar Heavy Cut correction paste - Detail Spot<\/title>\n<meta name=\"description\" content=\"Ewocar Heavy Cut correction paste a water-based, low-dust correction paste with a long cycle. Free from silicones and other masking agents.\" \/>\n<meta name=\"robots\" content=\"index, follow, max-snippet:-1, max-image-preview:large, max-video-preview:-1\" \/>\n<link rel=\"canonical\" href=\"https:\/\/detailspot.lt\/en\/produktas\/ewocar-heavy-cut-correction-paste\/\" \/>\n<meta property=\"og:locale\" content=\"en_US\" \/>\n<meta property=\"og:type\" content=\"article\" \/>\n<meta property=\"og:title\" content=\"Ewocar Heavy Cut correction paste - Detail Spot\" \/>\n<meta property=\"og:description\" content=\"Ewocar Heavy Cut correction paste a water-based, low-dust correction paste with a long cycle. Free from silicones and other masking agents.\" \/>\n<meta property=\"og:url\" content=\"https:\/\/detailspot.lt\/en\/produktas\/ewocar-heavy-cut-correction-paste\/\" \/>\n<meta property=\"og:site_name\" content=\"Detail Spot\" \/>\n<meta property=\"article:publisher\" content=\"https:\/\/www.facebook.com\/profile.php?id=100039208338156\" \/>\n<meta property=\"og:image\" content=\"https:\/\/detailspot.lt\/wp-content\/uploads\/2023\/01\/Ewocar.jpg\" \/>\n\t<meta property=\"og:image:width\" content=\"800\" \/>\n\t<meta property=\"og:image:height\" content=\"800\" \/>\n\t<meta property=\"og:image:type\" content=\"image\/jpeg\" \/>\n<meta name=\"twitter:card\" content=\"summary_large_image\" \/>\n<script type=\"application\/ld+json\" class=\"yoast-schema-graph\">{\"@context\":\"https:\/\/schema.org\",\"@graph\":[{\"@type\":\"WebPage\",\"@id\":\"https:\/\/detailspot.lt\/en\/produktas\/ewocar-heavy-cut-correction-paste\/\",\"url\":\"https:\/\/detailspot.lt\/en\/produktas\/ewocar-heavy-cut-correction-paste\/\",\"name\":\"Ewocar Heavy Cut correction paste - Detail Spot\",\"isPartOf\":{\"@id\":\"https:\/\/detailspot.lt\/#website\"},\"primaryImageOfPage\":{\"@id\":\"https:\/\/detailspot.lt\/en\/produktas\/ewocar-heavy-cut-correction-paste\/#primaryimage\"},\"image\":{\"@id\":\"https:\/\/detailspot.lt\/en\/produktas\/ewocar-heavy-cut-correction-paste\/#primaryimage\"},\"thumbnailUrl\":\"https:\/\/detailspot.lt\/wp-content\/uploads\/2023\/01\/Ewocar.jpg\",\"datePublished\":\"2023-01-07T18:02:29+00:00\",\"description\":\"Ewocar Heavy Cut correction paste a water-based, low-dust correction paste with a long cycle. Free from silicones and other masking agents.\",\"breadcrumb\":{\"@id\":\"https:\/\/detailspot.lt\/en\/produktas\/ewocar-heavy-cut-correction-paste\/#breadcrumb\"},\"inLanguage\":\"en-US\",\"potentialAction\":[{\"@type\":\"ReadAction\",\"target\":[\"https:\/\/detailspot.lt\/en\/produktas\/ewocar-heavy-cut-correction-paste\/\"]}]},{\"@type\":\"ImageObject\",\"inLanguage\":\"en-US\",\"@id\":\"https:\/\/detailspot.lt\/en\/produktas\/ewocar-heavy-cut-correction-paste\/#primaryimage\",\"url\":\"https:\/\/detailspot.lt\/wp-content\/uploads\/2023\/01\/Ewocar.jpg\",\"contentUrl\":\"https:\/\/detailspot.lt\/wp-content\/uploads\/2023\/01\/Ewocar.jpg\",\"width\":800,\"height\":800},{\"@type\":\"BreadcrumbList\",\"@id\":\"https:\/\/detailspot.lt\/en\/produktas\/ewocar-heavy-cut-correction-paste\/#breadcrumb\",\"itemListElement\":[{\"@type\":\"ListItem\",\"position\":1,\"name\":\"Home\",\"item\":\"https:\/\/detailspot.lt\/en\/\"},{\"@type\":\"ListItem\",\"position\":2,\"name\":\"Shop\",\"item\":\"https:\/\/detailspot.lt\/en\/parduotuve\/\"},{\"@type\":\"ListItem\",\"position\":3,\"name\":\"Ewocar Heavy Cut correction paste\"}]},{\"@type\":\"WebSite\",\"@id\":\"https:\/\/detailspot.lt\/#website\",\"url\":\"https:\/\/detailspot.lt\/\",\"name\":\"Detail Spot\",\"description\":\"Automobili\u0173 prie\u017ei\u016bros priemon\u0117s\",\"publisher\":{\"@id\":\"https:\/\/detailspot.lt\/#organization\"},\"potentialAction\":[{\"@type\":\"SearchAction\",\"target\":{\"@type\":\"EntryPoint\",\"urlTemplate\":\"https:\/\/detailspot.lt\/?s={search_term_string}\"},\"query-input\":{\"@type\":\"PropertyValueSpecification\",\"valueRequired\":true,\"valueName\":\"search_term_string\"}}],\"inLanguage\":\"en-US\"},{\"@type\":\"Organization\",\"@id\":\"https:\/\/detailspot.lt\/#organization\",\"name\":\"Detail Spot\",\"url\":\"https:\/\/detailspot.lt\/\",\"logo\":{\"@type\":\"ImageObject\",\"inLanguage\":\"en-US\",\"@id\":\"https:\/\/detailspot.lt\/#\/schema\/logo\/image\/\",\"url\":\"https:\/\/detailspot.lt\/wp-content\/uploads\/2022\/10\/logo-original.svg\",\"contentUrl\":\"https:\/\/detailspot.lt\/wp-content\/uploads\/2022\/10\/logo-original.svg\",\"width\":1,\"height\":1,\"caption\":\"Detail Spot\"},\"image\":{\"@id\":\"https:\/\/detailspot.lt\/#\/schema\/logo\/image\/\"},\"sameAs\":[\"https:\/\/www.facebook.com\/profile.php?id=100039208338156\"]}]}<\/script>\n<!-- \/ Yoast SEO plugin. -->","yoast_head_json":{"title":"Ewocar Heavy Cut correction paste - Detail Spot","description":"Ewocar Heavy Cut correction paste a water-based, low-dust correction paste with a long cycle. Free from silicones and other masking agents.","robots":{"index":"index","follow":"follow","max-snippet":"max-snippet:-1","max-image-preview":"max-image-preview:large","max-video-preview":"max-video-preview:-1"},"canonical":"https:\/\/detailspot.lt\/en\/produktas\/ewocar-heavy-cut-correction-paste\/","og_locale":"en_US","og_type":"article","og_title":"Ewocar Heavy Cut correction paste - Detail Spot","og_description":"Ewocar Heavy Cut correction paste a water-based, low-dust correction paste with a long cycle. Free from silicones and other masking agents.","og_url":"https:\/\/detailspot.lt\/en\/produktas\/ewocar-heavy-cut-correction-paste\/","og_site_name":"Detail Spot","article_publisher":"https:\/\/www.facebook.com\/profile.php?id=100039208338156","og_image":[{"width":800,"height":800,"url":"https:\/\/detailspot.lt\/wp-content\/uploads\/2023\/01\/Ewocar.jpg","type":"image\/jpeg"}],"twitter_card":"summary_large_image","schema":{"@context":"https:\/\/schema.org","@graph":[{"@type":"WebPage","@id":"https:\/\/detailspot.lt\/en\/produktas\/ewocar-heavy-cut-correction-paste\/","url":"https:\/\/detailspot.lt\/en\/produktas\/ewocar-heavy-cut-correction-paste\/","name":"Ewocar Heavy Cut correction paste - Detail Spot","isPartOf":{"@id":"https:\/\/detailspot.lt\/#website"},"primaryImageOfPage":{"@id":"https:\/\/detailspot.lt\/en\/produktas\/ewocar-heavy-cut-correction-paste\/#primaryimage"},"image":{"@id":"https:\/\/detailspot.lt\/en\/produktas\/ewocar-heavy-cut-correction-paste\/#primaryimage"},"thumbnailUrl":"https:\/\/detailspot.lt\/wp-content\/uploads\/2023\/01\/Ewocar.jpg","datePublished":"2023-01-07T18:02:29+00:00","description":"Ewocar Heavy Cut correction paste a water-based, low-dust correction paste with a long cycle. Free from silicones and other masking agents.","breadcrumb":{"@id":"https:\/\/detailspot.lt\/en\/produktas\/ewocar-heavy-cut-correction-paste\/#breadcrumb"},"inLanguage":"en-US","potentialAction":[{"@type":"ReadAction","target":["https:\/\/detailspot.lt\/en\/produktas\/ewocar-heavy-cut-correction-paste\/"]}]},{"@type":"ImageObject","inLanguage":"en-US","@id":"https:\/\/detailspot.lt\/en\/produktas\/ewocar-heavy-cut-correction-paste\/#primaryimage","url":"https:\/\/detailspot.lt\/wp-content\/uploads\/2023\/01\/Ewocar.jpg","contentUrl":"https:\/\/detailspot.lt\/wp-content\/uploads\/2023\/01\/Ewocar.jpg","width":800,"height":800},{"@type":"BreadcrumbList","@id":"https:\/\/detailspot.lt\/en\/produktas\/ewocar-heavy-cut-correction-paste\/#breadcrumb","itemListElement":[{"@type":"ListItem","position":1,"name":"Home","item":"https:\/\/detailspot.lt\/en\/"},{"@type":"ListItem","position":2,"name":"Shop","item":"https:\/\/detailspot.lt\/en\/parduotuve\/"},{"@type":"ListItem","position":3,"name":"Ewocar Heavy Cut correction paste"}]},{"@type":"WebSite","@id":"https:\/\/detailspot.lt\/#website","url":"https:\/\/detailspot.lt\/","name":"Detail Spot","description":"Automobili\u0173 prie\u017ei\u016bros priemon\u0117s","publisher":{"@id":"https:\/\/detailspot.lt\/#organization"},"potentialAction":[{"@type":"SearchAction","target":{"@type":"EntryPoint","urlTemplate":"https:\/\/detailspot.lt\/?s={search_term_string}"},"query-input":{"@type":"PropertyValueSpecification","valueRequired":true,"valueName":"search_term_string"}}],"inLanguage":"en-US"},{"@type":"Organization","@id":"https:\/\/detailspot.lt\/#organization","name":"Detail Spot","url":"https:\/\/detailspot.lt\/","logo":{"@type":"ImageObject","inLanguage":"en-US","@id":"https:\/\/detailspot.lt\/#\/schema\/logo\/image\/","url":"https:\/\/detailspot.lt\/wp-content\/uploads\/2022\/10\/logo-original.svg","contentUrl":"https:\/\/detailspot.lt\/wp-content\/uploads\/2022\/10\/logo-original.svg","width":1,"height":1,"caption":"Detail Spot"},"image":{"@id":"https:\/\/detailspot.lt\/#\/schema\/logo\/image\/"},"sameAs":["https:\/\/www.facebook.com\/profile.php?id=100039208338156"]}]}},"_links":{"self":[{"href":"https:\/\/detailspot.lt\/en\/wp-json\/wp\/v2\/product\/6509","targetHints":{"allow":["GET"]}}],"collection":[{"href":"https:\/\/detailspot.lt\/en\/wp-json\/wp\/v2\/product"}],"about":[{"href":"https:\/\/detailspot.lt\/en\/wp-json\/wp\/v2\/types\/product"}],"replies":[{"embeddable":true,"href":"https:\/\/detailspot.lt\/en\/wp-json\/wp\/v2\/comments?post=6509"}],"wp:featuredmedia":[{"embeddable":true,"href":"https:\/\/detailspot.lt\/en\/wp-json\/wp\/v2\/media\/4347"}],"wp:attachment":[{"href":"https:\/\/detailspot.lt\/en\/wp-json\/wp\/v2\/media?parent=6509"}],"wp:term":[{"taxonomy":"product_brand","embeddable":true,"href":"https:\/\/detailspot.lt\/en\/wp-json\/wp\/v2\/product_brand?post=6509"},{"taxonomy":"product_cat","embeddable":true,"href":"https:\/\/detailspot.lt\/en\/wp-json\/wp\/v2\/product_cat?post=6509"},{"taxonomy":"product_tag","embeddable":true,"href":"https:\/\/detailspot.lt\/en\/wp-json\/wp\/v2\/product_tag?post=6509"}],"curies":[{"name":"wp","href":"https:\/\/api.w.org\/{rel}","templated":true}]}}