{"id":6503,"date":"2023-01-07T20:23:15","date_gmt":"2023-01-07T18:23:15","guid":{"rendered":"https:\/\/detailspot.lt\/produktas\/ewocar-boost-spray-coating\/"},"modified":"2023-01-07T20:23:15","modified_gmt":"2023-01-07T18:23:15","slug":"ewocar-boost-spray-coating","status":"publish","type":"product","link":"https:\/\/detailspot.lt\/en\/produktas\/ewocar-boost-spray-coating\/","title":{"rendered":"Ewocar BOOST+ Spray Coating"},"content":{"rendered":"<h1><strong>Ewocar BOOST+ Spray Coating <\/strong><\/h1>\n<p>Lightweight coating, up to 12 months of protection and hydrophobicity. Extremely easy to use &#8211; spray directly onto the surface, then use the EWOCAR microfibre cloth to smooth the surface with a short nap and use the other side of the cloth to wipe the surface in circular motions. To reduce product consumption, we recommend using the EWOCAR applicator.<\/p>\n<p>&nbsp;<\/p>\n<p>&nbsp;<\/p>\n<p style=\"text-align: center;\"><img loading=\"lazy\" decoding=\"async\" class=\"alignnone size-medium wp-image-3022\" src=\"https:\/\/detailspot.lt\/wp-content\/uploads\/2023\/01\/Ewocar-logo-300x158.jpg\" alt=\"\" width=\"300\" height=\"158\" srcset=\"https:\/\/detailspot.lt\/wp-content\/uploads\/2023\/01\/Ewocar-logo-300x158.jpg 300w, https:\/\/detailspot.lt\/wp-content\/uploads\/2023\/01\/Ewocar-logo-64x34.jpg 64w, https:\/\/detailspot.lt\/wp-content\/uploads\/2023\/01\/Ewocar-logo.jpg 600w\" sizes=\"auto, (max-width: 300px) 100vw, 300px\" \/><\/p>\n","protected":false},"excerpt":{"rendered":"<p>Ewocar BOOST+ Spray Coating Lightweight coating, up to 12 months of protection and hydrophobicity. Extremely easy to use &#8211; spray directly onto the surface, then use the EWOCAR microfibre cloth to smooth the surface with a short nap and use the other side of the cloth to wipe the surface in circular motions. To reduce&hellip;<\/p>\n","protected":false},"featured_media":4355,"comment_status":"closed","ping_status":"closed","template":"","meta":[],"product_brand":[],"product_cat":[160,178],"product_tag":[],"class_list":{"0":"post-6503","1":"product","2":"type-product","3":"status-publish","4":"has-post-thumbnail","6":"product_cat-exterior","7":"product_cat-waxes-and-conservatives","8":"description-off","10":"first","11":"instock","12":"taxable","13":"shipping-taxable","14":"purchasable","15":"product-type-simple"},"yoast_head":"<!-- This site is optimized with the Yoast SEO plugin v27.2 - https:\/\/yoast.com\/product\/yoast-seo-wordpress\/ -->\n<title>Ewocar BOOST+ Spray Coating - Detail Spot<\/title>\n<meta name=\"robots\" content=\"index, follow, max-snippet:-1, max-image-preview:large, max-video-preview:-1\" \/>\n<link rel=\"canonical\" href=\"https:\/\/detailspot.lt\/produktas\/ewocar-boost-purskiama-danga\/\" \/>\n<meta property=\"og:locale\" content=\"en_US\" \/>\n<meta property=\"og:type\" content=\"article\" \/>\n<meta property=\"og:title\" content=\"Ewocar BOOST+ Spray Coating - Detail Spot\" \/>\n<meta property=\"og:description\" content=\"Ewocar BOOST+ Spray Coating Lightweight coating, up to 12 months of protection and hydrophobicity. Extremely easy to use &#8211; spray directly onto the surface, then use the EWOCAR microfibre cloth to smooth the surface with a short nap and use the other side of the cloth to wipe the surface in circular motions. To reduce&hellip;\" \/>\n<meta property=\"og:url\" content=\"https:\/\/detailspot.lt\/produktas\/ewocar-boost-purskiama-danga\/\" \/>\n<meta property=\"og:site_name\" content=\"Detail Spot\" \/>\n<meta property=\"article:publisher\" content=\"https:\/\/www.facebook.com\/profile.php?id=100039208338156\" \/>\n<meta property=\"og:image\" content=\"https:\/\/detailspot.lt\/wp-content\/uploads\/2023\/01\/ewocar-boost.jpg\" \/>\n\t<meta property=\"og:image:width\" content=\"513\" \/>\n\t<meta property=\"og:image:height\" content=\"608\" \/>\n\t<meta property=\"og:image:type\" content=\"image\/jpeg\" \/>\n<meta name=\"twitter:card\" content=\"summary_large_image\" \/>\n<script type=\"application\/ld+json\" class=\"yoast-schema-graph\">{\"@context\":\"https:\/\/schema.org\",\"@graph\":[{\"@type\":\"WebPage\",\"@id\":\"https:\/\/detailspot.lt\/produktas\/ewocar-boost-purskiama-danga\/\",\"url\":\"https:\/\/detailspot.lt\/produktas\/ewocar-boost-purskiama-danga\/\",\"name\":\"Ewocar BOOST+ Spray Coating - Detail Spot\",\"isPartOf\":{\"@id\":\"https:\/\/detailspot.lt\/#website\"},\"primaryImageOfPage\":{\"@id\":\"https:\/\/detailspot.lt\/produktas\/ewocar-boost-purskiama-danga\/#primaryimage\"},\"image\":{\"@id\":\"https:\/\/detailspot.lt\/produktas\/ewocar-boost-purskiama-danga\/#primaryimage\"},\"thumbnailUrl\":\"https:\/\/detailspot.lt\/wp-content\/uploads\/2023\/01\/ewocar-boost.jpg\",\"datePublished\":\"2023-01-07T18:23:15+00:00\",\"breadcrumb\":{\"@id\":\"https:\/\/detailspot.lt\/produktas\/ewocar-boost-purskiama-danga\/#breadcrumb\"},\"inLanguage\":\"en-US\",\"potentialAction\":[{\"@type\":\"ReadAction\",\"target\":[\"https:\/\/detailspot.lt\/produktas\/ewocar-boost-purskiama-danga\/\"]}]},{\"@type\":\"ImageObject\",\"inLanguage\":\"en-US\",\"@id\":\"https:\/\/detailspot.lt\/produktas\/ewocar-boost-purskiama-danga\/#primaryimage\",\"url\":\"https:\/\/detailspot.lt\/wp-content\/uploads\/2023\/01\/ewocar-boost.jpg\",\"contentUrl\":\"https:\/\/detailspot.lt\/wp-content\/uploads\/2023\/01\/ewocar-boost.jpg\",\"width\":513,\"height\":608},{\"@type\":\"BreadcrumbList\",\"@id\":\"https:\/\/detailspot.lt\/produktas\/ewocar-boost-purskiama-danga\/#breadcrumb\",\"itemListElement\":[{\"@type\":\"ListItem\",\"position\":1,\"name\":\"Home\",\"item\":\"https:\/\/detailspot.lt\/en\/\"},{\"@type\":\"ListItem\",\"position\":2,\"name\":\"Shop\",\"item\":\"https:\/\/detailspot.lt\/en\/parduotuve\/\"},{\"@type\":\"ListItem\",\"position\":3,\"name\":\"Ewocar BOOST+ Spray Coating\"}]},{\"@type\":\"WebSite\",\"@id\":\"https:\/\/detailspot.lt\/#website\",\"url\":\"https:\/\/detailspot.lt\/\",\"name\":\"Detail Spot\",\"description\":\"Automobili\u0173 prie\u017ei\u016bros priemon\u0117s\",\"publisher\":{\"@id\":\"https:\/\/detailspot.lt\/#organization\"},\"potentialAction\":[{\"@type\":\"SearchAction\",\"target\":{\"@type\":\"EntryPoint\",\"urlTemplate\":\"https:\/\/detailspot.lt\/?s={search_term_string}\"},\"query-input\":{\"@type\":\"PropertyValueSpecification\",\"valueRequired\":true,\"valueName\":\"search_term_string\"}}],\"inLanguage\":\"en-US\"},{\"@type\":\"Organization\",\"@id\":\"https:\/\/detailspot.lt\/#organization\",\"name\":\"Detail Spot\",\"url\":\"https:\/\/detailspot.lt\/\",\"logo\":{\"@type\":\"ImageObject\",\"inLanguage\":\"en-US\",\"@id\":\"https:\/\/detailspot.lt\/#\/schema\/logo\/image\/\",\"url\":\"https:\/\/detailspot.lt\/wp-content\/uploads\/2022\/10\/logo-original.svg\",\"contentUrl\":\"https:\/\/detailspot.lt\/wp-content\/uploads\/2022\/10\/logo-original.svg\",\"width\":1,\"height\":1,\"caption\":\"Detail Spot\"},\"image\":{\"@id\":\"https:\/\/detailspot.lt\/#\/schema\/logo\/image\/\"},\"sameAs\":[\"https:\/\/www.facebook.com\/profile.php?id=100039208338156\"]}]}<\/script>\n<!-- \/ Yoast SEO plugin. -->","yoast_head_json":{"title":"Ewocar BOOST+ Spray Coating - Detail Spot","robots":{"index":"index","follow":"follow","max-snippet":"max-snippet:-1","max-image-preview":"max-image-preview:large","max-video-preview":"max-video-preview:-1"},"canonical":"https:\/\/detailspot.lt\/produktas\/ewocar-boost-purskiama-danga\/","og_locale":"en_US","og_type":"article","og_title":"Ewocar BOOST+ Spray Coating - Detail Spot","og_description":"Ewocar BOOST+ Spray Coating Lightweight coating, up to 12 months of protection and hydrophobicity. Extremely easy to use &#8211; spray directly onto the surface, then use the EWOCAR microfibre cloth to smooth the surface with a short nap and use the other side of the cloth to wipe the surface in circular motions. To reduce&hellip;","og_url":"https:\/\/detailspot.lt\/produktas\/ewocar-boost-purskiama-danga\/","og_site_name":"Detail Spot","article_publisher":"https:\/\/www.facebook.com\/profile.php?id=100039208338156","og_image":[{"width":513,"height":608,"url":"https:\/\/detailspot.lt\/wp-content\/uploads\/2023\/01\/ewocar-boost.jpg","type":"image\/jpeg"}],"twitter_card":"summary_large_image","schema":{"@context":"https:\/\/schema.org","@graph":[{"@type":"WebPage","@id":"https:\/\/detailspot.lt\/produktas\/ewocar-boost-purskiama-danga\/","url":"https:\/\/detailspot.lt\/produktas\/ewocar-boost-purskiama-danga\/","name":"Ewocar BOOST+ Spray Coating - Detail Spot","isPartOf":{"@id":"https:\/\/detailspot.lt\/#website"},"primaryImageOfPage":{"@id":"https:\/\/detailspot.lt\/produktas\/ewocar-boost-purskiama-danga\/#primaryimage"},"image":{"@id":"https:\/\/detailspot.lt\/produktas\/ewocar-boost-purskiama-danga\/#primaryimage"},"thumbnailUrl":"https:\/\/detailspot.lt\/wp-content\/uploads\/2023\/01\/ewocar-boost.jpg","datePublished":"2023-01-07T18:23:15+00:00","breadcrumb":{"@id":"https:\/\/detailspot.lt\/produktas\/ewocar-boost-purskiama-danga\/#breadcrumb"},"inLanguage":"en-US","potentialAction":[{"@type":"ReadAction","target":["https:\/\/detailspot.lt\/produktas\/ewocar-boost-purskiama-danga\/"]}]},{"@type":"ImageObject","inLanguage":"en-US","@id":"https:\/\/detailspot.lt\/produktas\/ewocar-boost-purskiama-danga\/#primaryimage","url":"https:\/\/detailspot.lt\/wp-content\/uploads\/2023\/01\/ewocar-boost.jpg","contentUrl":"https:\/\/detailspot.lt\/wp-content\/uploads\/2023\/01\/ewocar-boost.jpg","width":513,"height":608},{"@type":"BreadcrumbList","@id":"https:\/\/detailspot.lt\/produktas\/ewocar-boost-purskiama-danga\/#breadcrumb","itemListElement":[{"@type":"ListItem","position":1,"name":"Home","item":"https:\/\/detailspot.lt\/en\/"},{"@type":"ListItem","position":2,"name":"Shop","item":"https:\/\/detailspot.lt\/en\/parduotuve\/"},{"@type":"ListItem","position":3,"name":"Ewocar BOOST+ Spray Coating"}]},{"@type":"WebSite","@id":"https:\/\/detailspot.lt\/#website","url":"https:\/\/detailspot.lt\/","name":"Detail Spot","description":"Automobili\u0173 prie\u017ei\u016bros priemon\u0117s","publisher":{"@id":"https:\/\/detailspot.lt\/#organization"},"potentialAction":[{"@type":"SearchAction","target":{"@type":"EntryPoint","urlTemplate":"https:\/\/detailspot.lt\/?s={search_term_string}"},"query-input":{"@type":"PropertyValueSpecification","valueRequired":true,"valueName":"search_term_string"}}],"inLanguage":"en-US"},{"@type":"Organization","@id":"https:\/\/detailspot.lt\/#organization","name":"Detail Spot","url":"https:\/\/detailspot.lt\/","logo":{"@type":"ImageObject","inLanguage":"en-US","@id":"https:\/\/detailspot.lt\/#\/schema\/logo\/image\/","url":"https:\/\/detailspot.lt\/wp-content\/uploads\/2022\/10\/logo-original.svg","contentUrl":"https:\/\/detailspot.lt\/wp-content\/uploads\/2022\/10\/logo-original.svg","width":1,"height":1,"caption":"Detail Spot"},"image":{"@id":"https:\/\/detailspot.lt\/#\/schema\/logo\/image\/"},"sameAs":["https:\/\/www.facebook.com\/profile.php?id=100039208338156"]}]}},"_links":{"self":[{"href":"https:\/\/detailspot.lt\/en\/wp-json\/wp\/v2\/product\/6503","targetHints":{"allow":["GET"]}}],"collection":[{"href":"https:\/\/detailspot.lt\/en\/wp-json\/wp\/v2\/product"}],"about":[{"href":"https:\/\/detailspot.lt\/en\/wp-json\/wp\/v2\/types\/product"}],"replies":[{"embeddable":true,"href":"https:\/\/detailspot.lt\/en\/wp-json\/wp\/v2\/comments?post=6503"}],"wp:featuredmedia":[{"embeddable":true,"href":"https:\/\/detailspot.lt\/en\/wp-json\/wp\/v2\/media\/4355"}],"wp:attachment":[{"href":"https:\/\/detailspot.lt\/en\/wp-json\/wp\/v2\/media?parent=6503"}],"wp:term":[{"taxonomy":"product_brand","embeddable":true,"href":"https:\/\/detailspot.lt\/en\/wp-json\/wp\/v2\/product_brand?post=6503"},{"taxonomy":"product_cat","embeddable":true,"href":"https:\/\/detailspot.lt\/en\/wp-json\/wp\/v2\/product_cat?post=6503"},{"taxonomy":"product_tag","embeddable":true,"href":"https:\/\/detailspot.lt\/en\/wp-json\/wp\/v2\/product_tag?post=6503"}],"curies":[{"name":"wp","href":"https:\/\/api.w.org\/{rel}","templated":true}]}}