{"id":6495,"date":"2023-01-07T20:41:46","date_gmt":"2023-01-07T18:41:46","guid":{"rendered":"https:\/\/detailspot.lt\/produktas\/ewocar-tar-remover-for-removing-grease-and-tar\/"},"modified":"2023-01-07T20:41:46","modified_gmt":"2023-01-07T18:41:46","slug":"ewocar-tar-remover-for-removing-grease-and-tar","status":"publish","type":"product","link":"https:\/\/detailspot.lt\/en\/produktas\/ewocar-tar-remover-for-removing-grease-and-tar\/","title":{"rendered":"Ewocar TAR Remover for removing grease and tar"},"content":{"rendered":"<div id=\"heading2\">\n<h1><strong>Ewocar TAR Remover for removing grease and tar <\/strong><\/h1>\n<p>a powerful remover of road deposits and adhesive residues<\/p>\n<p><strong>Characteristics:<\/strong><\/p>\n<ol>\n<li>Ready to use<\/li>\n<li>Works effectively on both dry and wet surfaces<\/li>\n<li>Safe for plastic and other surfaces<\/li>\n<\/ol>\n<p><strong>Application:<\/strong><\/p>\n<ol>\n<li>Shake the bottle well<\/li>\n<li>Spray the surface<\/li>\n<li>Leave the product on for 2-3 minutes.<\/li>\n<li>You can rub in with a brush or wash mitt<\/li>\n<li>Wash the surface with shampoo or a wash mitt<\/li>\n<\/ol>\n<p><strong>Tips:<\/strong><\/p>\n<ol>\n<li>Do not use on hot surfaces<\/li>\n<li>Do not allow the product to dry<\/li>\n<\/ol>\n<\/div>\n<p>&nbsp;<\/p>\n<p style=\"text-align: center;\"><img loading=\"lazy\" decoding=\"async\" class=\"alignnone size-medium wp-image-3022\" src=\"https:\/\/detailspot.lt\/wp-content\/uploads\/2023\/01\/Ewocar-logo-300x158.jpg\" alt=\"\" width=\"300\" height=\"158\" srcset=\"https:\/\/detailspot.lt\/wp-content\/uploads\/2023\/01\/Ewocar-logo-300x158.jpg 300w, https:\/\/detailspot.lt\/wp-content\/uploads\/2023\/01\/Ewocar-logo-64x34.jpg 64w, https:\/\/detailspot.lt\/wp-content\/uploads\/2023\/01\/Ewocar-logo.jpg 600w\" sizes=\"auto, (max-width: 300px) 100vw, 300px\" \/><\/p>\n<div class=\"grid_100 alpha omega mb20\">\n<div class=\"grid_100 alpha omega goods_links_container\">\n<div class=\"clear\"><\/div>\n<p id=\"good_links_wrapper_2252\" class=\"grid_100 alpha omega\">\n<\/div>\n<\/div>\n","protected":false},"excerpt":{"rendered":"<p>Ewocar TAR Remover for removing grease and tar a powerful remover of road deposits and adhesive residues Characteristics: Ready to use Works effectively on both dry and wet surfaces Safe for plastic and other surfaces Application: Shake the bottle well Spray the surface Leave the product on for 2-3 minutes. You can rub in with&hellip;<\/p>\n","protected":false},"featured_media":4363,"comment_status":"closed","ping_status":"closed","template":"","meta":[],"product_brand":[],"product_cat":[160,162],"product_tag":[],"class_list":{"0":"post-6495","1":"product","2":"type-product","3":"status-publish","4":"has-post-thumbnail","6":"product_cat-exterior","7":"product_cat-surface-preparation","8":"description-off","10":"first","11":"instock","12":"taxable","13":"shipping-taxable","14":"purchasable","15":"product-type-variable"},"yoast_head":"<!-- This site is optimized with the Yoast SEO plugin v27.2 - https:\/\/yoast.com\/product\/yoast-seo-wordpress\/ -->\n<title>Ewocar TAR Remover for removing grease and tar - Detail Spot<\/title>\n<meta name=\"description\" content=\"Ewocar TAR Remover for removing grease and tar a powerful cleaner of road deposits and adhesive residues. Quickly and safely removes road tar, tree sap\" \/>\n<meta name=\"robots\" content=\"index, follow, max-snippet:-1, max-image-preview:large, max-video-preview:-1\" \/>\n<link rel=\"canonical\" href=\"https:\/\/detailspot.lt\/en\/produktas\/ewocar-tar-remover-for-removing-grease-and-tar\/\" \/>\n<meta property=\"og:locale\" content=\"en_US\" \/>\n<meta property=\"og:type\" content=\"article\" \/>\n<meta property=\"og:title\" content=\"Ewocar TAR Remover for removing grease and tar - Detail Spot\" \/>\n<meta property=\"og:description\" content=\"Ewocar TAR Remover for removing grease and tar a powerful cleaner of road deposits and adhesive residues. Quickly and safely removes road tar, tree sap\" \/>\n<meta property=\"og:url\" content=\"https:\/\/detailspot.lt\/en\/produktas\/ewocar-tar-remover-for-removing-grease-and-tar\/\" \/>\n<meta property=\"og:site_name\" content=\"Detail Spot\" \/>\n<meta property=\"article:publisher\" content=\"https:\/\/www.facebook.com\/profile.php?id=100039208338156\" \/>\n<meta property=\"og:image\" content=\"https:\/\/detailspot.lt\/wp-content\/uploads\/2023\/01\/ewocar-shampoo-neutral-foam-sampunas-kopija-1.jpg\" \/>\n\t<meta property=\"og:image:width\" content=\"536\" \/>\n\t<meta property=\"og:image:height\" content=\"536\" \/>\n\t<meta property=\"og:image:type\" content=\"image\/jpeg\" \/>\n<meta name=\"twitter:card\" content=\"summary_large_image\" \/>\n<script type=\"application\/ld+json\" class=\"yoast-schema-graph\">{\"@context\":\"https:\/\/schema.org\",\"@graph\":[{\"@type\":\"WebPage\",\"@id\":\"https:\/\/detailspot.lt\/en\/produktas\/ewocar-tar-remover-for-removing-grease-and-tar\/\",\"url\":\"https:\/\/detailspot.lt\/en\/produktas\/ewocar-tar-remover-for-removing-grease-and-tar\/\",\"name\":\"Ewocar TAR Remover for removing grease and tar - Detail Spot\",\"isPartOf\":{\"@id\":\"https:\/\/detailspot.lt\/#website\"},\"primaryImageOfPage\":{\"@id\":\"https:\/\/detailspot.lt\/en\/produktas\/ewocar-tar-remover-for-removing-grease-and-tar\/#primaryimage\"},\"image\":{\"@id\":\"https:\/\/detailspot.lt\/en\/produktas\/ewocar-tar-remover-for-removing-grease-and-tar\/#primaryimage\"},\"thumbnailUrl\":\"https:\/\/detailspot.lt\/wp-content\/uploads\/2023\/01\/ewocar-shampoo-neutral-foam-sampunas-kopija-1.jpg\",\"datePublished\":\"2023-01-07T18:41:46+00:00\",\"description\":\"Ewocar TAR Remover for removing grease and tar a powerful cleaner of road deposits and adhesive residues. Quickly and safely removes road tar, tree sap\",\"breadcrumb\":{\"@id\":\"https:\/\/detailspot.lt\/en\/produktas\/ewocar-tar-remover-for-removing-grease-and-tar\/#breadcrumb\"},\"inLanguage\":\"en-US\",\"potentialAction\":[{\"@type\":\"ReadAction\",\"target\":[\"https:\/\/detailspot.lt\/en\/produktas\/ewocar-tar-remover-for-removing-grease-and-tar\/\"]}]},{\"@type\":\"ImageObject\",\"inLanguage\":\"en-US\",\"@id\":\"https:\/\/detailspot.lt\/en\/produktas\/ewocar-tar-remover-for-removing-grease-and-tar\/#primaryimage\",\"url\":\"https:\/\/detailspot.lt\/wp-content\/uploads\/2023\/01\/ewocar-shampoo-neutral-foam-sampunas-kopija-1.jpg\",\"contentUrl\":\"https:\/\/detailspot.lt\/wp-content\/uploads\/2023\/01\/ewocar-shampoo-neutral-foam-sampunas-kopija-1.jpg\",\"width\":536,\"height\":536},{\"@type\":\"BreadcrumbList\",\"@id\":\"https:\/\/detailspot.lt\/en\/produktas\/ewocar-tar-remover-for-removing-grease-and-tar\/#breadcrumb\",\"itemListElement\":[{\"@type\":\"ListItem\",\"position\":1,\"name\":\"Home\",\"item\":\"https:\/\/detailspot.lt\/en\/\"},{\"@type\":\"ListItem\",\"position\":2,\"name\":\"Shop\",\"item\":\"https:\/\/detailspot.lt\/en\/parduotuve\/\"},{\"@type\":\"ListItem\",\"position\":3,\"name\":\"Ewocar TAR Remover for removing grease and tar\"}]},{\"@type\":\"WebSite\",\"@id\":\"https:\/\/detailspot.lt\/#website\",\"url\":\"https:\/\/detailspot.lt\/\",\"name\":\"Detail Spot\",\"description\":\"Automobili\u0173 prie\u017ei\u016bros priemon\u0117s\",\"publisher\":{\"@id\":\"https:\/\/detailspot.lt\/#organization\"},\"potentialAction\":[{\"@type\":\"SearchAction\",\"target\":{\"@type\":\"EntryPoint\",\"urlTemplate\":\"https:\/\/detailspot.lt\/?s={search_term_string}\"},\"query-input\":{\"@type\":\"PropertyValueSpecification\",\"valueRequired\":true,\"valueName\":\"search_term_string\"}}],\"inLanguage\":\"en-US\"},{\"@type\":\"Organization\",\"@id\":\"https:\/\/detailspot.lt\/#organization\",\"name\":\"Detail Spot\",\"url\":\"https:\/\/detailspot.lt\/\",\"logo\":{\"@type\":\"ImageObject\",\"inLanguage\":\"en-US\",\"@id\":\"https:\/\/detailspot.lt\/#\/schema\/logo\/image\/\",\"url\":\"https:\/\/detailspot.lt\/wp-content\/uploads\/2022\/10\/logo-original.svg\",\"contentUrl\":\"https:\/\/detailspot.lt\/wp-content\/uploads\/2022\/10\/logo-original.svg\",\"width\":1,\"height\":1,\"caption\":\"Detail Spot\"},\"image\":{\"@id\":\"https:\/\/detailspot.lt\/#\/schema\/logo\/image\/\"},\"sameAs\":[\"https:\/\/www.facebook.com\/profile.php?id=100039208338156\"]}]}<\/script>\n<!-- \/ Yoast SEO plugin. -->","yoast_head_json":{"title":"Ewocar TAR Remover for removing grease and tar - Detail Spot","description":"Ewocar TAR Remover for removing grease and tar a powerful cleaner of road deposits and adhesive residues. Quickly and safely removes road tar, tree sap","robots":{"index":"index","follow":"follow","max-snippet":"max-snippet:-1","max-image-preview":"max-image-preview:large","max-video-preview":"max-video-preview:-1"},"canonical":"https:\/\/detailspot.lt\/en\/produktas\/ewocar-tar-remover-for-removing-grease-and-tar\/","og_locale":"en_US","og_type":"article","og_title":"Ewocar TAR Remover for removing grease and tar - Detail Spot","og_description":"Ewocar TAR Remover for removing grease and tar a powerful cleaner of road deposits and adhesive residues. Quickly and safely removes road tar, tree sap","og_url":"https:\/\/detailspot.lt\/en\/produktas\/ewocar-tar-remover-for-removing-grease-and-tar\/","og_site_name":"Detail Spot","article_publisher":"https:\/\/www.facebook.com\/profile.php?id=100039208338156","og_image":[{"width":536,"height":536,"url":"https:\/\/detailspot.lt\/wp-content\/uploads\/2023\/01\/ewocar-shampoo-neutral-foam-sampunas-kopija-1.jpg","type":"image\/jpeg"}],"twitter_card":"summary_large_image","schema":{"@context":"https:\/\/schema.org","@graph":[{"@type":"WebPage","@id":"https:\/\/detailspot.lt\/en\/produktas\/ewocar-tar-remover-for-removing-grease-and-tar\/","url":"https:\/\/detailspot.lt\/en\/produktas\/ewocar-tar-remover-for-removing-grease-and-tar\/","name":"Ewocar TAR Remover for removing grease and tar - Detail Spot","isPartOf":{"@id":"https:\/\/detailspot.lt\/#website"},"primaryImageOfPage":{"@id":"https:\/\/detailspot.lt\/en\/produktas\/ewocar-tar-remover-for-removing-grease-and-tar\/#primaryimage"},"image":{"@id":"https:\/\/detailspot.lt\/en\/produktas\/ewocar-tar-remover-for-removing-grease-and-tar\/#primaryimage"},"thumbnailUrl":"https:\/\/detailspot.lt\/wp-content\/uploads\/2023\/01\/ewocar-shampoo-neutral-foam-sampunas-kopija-1.jpg","datePublished":"2023-01-07T18:41:46+00:00","description":"Ewocar TAR Remover for removing grease and tar a powerful cleaner of road deposits and adhesive residues. Quickly and safely removes road tar, tree sap","breadcrumb":{"@id":"https:\/\/detailspot.lt\/en\/produktas\/ewocar-tar-remover-for-removing-grease-and-tar\/#breadcrumb"},"inLanguage":"en-US","potentialAction":[{"@type":"ReadAction","target":["https:\/\/detailspot.lt\/en\/produktas\/ewocar-tar-remover-for-removing-grease-and-tar\/"]}]},{"@type":"ImageObject","inLanguage":"en-US","@id":"https:\/\/detailspot.lt\/en\/produktas\/ewocar-tar-remover-for-removing-grease-and-tar\/#primaryimage","url":"https:\/\/detailspot.lt\/wp-content\/uploads\/2023\/01\/ewocar-shampoo-neutral-foam-sampunas-kopija-1.jpg","contentUrl":"https:\/\/detailspot.lt\/wp-content\/uploads\/2023\/01\/ewocar-shampoo-neutral-foam-sampunas-kopija-1.jpg","width":536,"height":536},{"@type":"BreadcrumbList","@id":"https:\/\/detailspot.lt\/en\/produktas\/ewocar-tar-remover-for-removing-grease-and-tar\/#breadcrumb","itemListElement":[{"@type":"ListItem","position":1,"name":"Home","item":"https:\/\/detailspot.lt\/en\/"},{"@type":"ListItem","position":2,"name":"Shop","item":"https:\/\/detailspot.lt\/en\/parduotuve\/"},{"@type":"ListItem","position":3,"name":"Ewocar TAR Remover for removing grease and tar"}]},{"@type":"WebSite","@id":"https:\/\/detailspot.lt\/#website","url":"https:\/\/detailspot.lt\/","name":"Detail Spot","description":"Automobili\u0173 prie\u017ei\u016bros priemon\u0117s","publisher":{"@id":"https:\/\/detailspot.lt\/#organization"},"potentialAction":[{"@type":"SearchAction","target":{"@type":"EntryPoint","urlTemplate":"https:\/\/detailspot.lt\/?s={search_term_string}"},"query-input":{"@type":"PropertyValueSpecification","valueRequired":true,"valueName":"search_term_string"}}],"inLanguage":"en-US"},{"@type":"Organization","@id":"https:\/\/detailspot.lt\/#organization","name":"Detail Spot","url":"https:\/\/detailspot.lt\/","logo":{"@type":"ImageObject","inLanguage":"en-US","@id":"https:\/\/detailspot.lt\/#\/schema\/logo\/image\/","url":"https:\/\/detailspot.lt\/wp-content\/uploads\/2022\/10\/logo-original.svg","contentUrl":"https:\/\/detailspot.lt\/wp-content\/uploads\/2022\/10\/logo-original.svg","width":1,"height":1,"caption":"Detail Spot"},"image":{"@id":"https:\/\/detailspot.lt\/#\/schema\/logo\/image\/"},"sameAs":["https:\/\/www.facebook.com\/profile.php?id=100039208338156"]}]}},"_links":{"self":[{"href":"https:\/\/detailspot.lt\/en\/wp-json\/wp\/v2\/product\/6495","targetHints":{"allow":["GET"]}}],"collection":[{"href":"https:\/\/detailspot.lt\/en\/wp-json\/wp\/v2\/product"}],"about":[{"href":"https:\/\/detailspot.lt\/en\/wp-json\/wp\/v2\/types\/product"}],"replies":[{"embeddable":true,"href":"https:\/\/detailspot.lt\/en\/wp-json\/wp\/v2\/comments?post=6495"}],"wp:featuredmedia":[{"embeddable":true,"href":"https:\/\/detailspot.lt\/en\/wp-json\/wp\/v2\/media\/4363"}],"wp:attachment":[{"href":"https:\/\/detailspot.lt\/en\/wp-json\/wp\/v2\/media?parent=6495"}],"wp:term":[{"taxonomy":"product_brand","embeddable":true,"href":"https:\/\/detailspot.lt\/en\/wp-json\/wp\/v2\/product_brand?post=6495"},{"taxonomy":"product_cat","embeddable":true,"href":"https:\/\/detailspot.lt\/en\/wp-json\/wp\/v2\/product_cat?post=6495"},{"taxonomy":"product_tag","embeddable":true,"href":"https:\/\/detailspot.lt\/en\/wp-json\/wp\/v2\/product_tag?post=6495"}],"curies":[{"name":"wp","href":"https:\/\/api.w.org\/{rel}","templated":true}]}}