{"id":6491,"date":"2023-01-07T20:47:23","date_gmt":"2023-01-07T18:47:23","guid":{"rendered":"https:\/\/detailspot.lt\/produktas\/ewocar-alk-pre-wash-mud-solvent\/"},"modified":"2023-01-07T20:47:23","modified_gmt":"2023-01-07T18:47:23","slug":"ewocar-alk-pre-wash-mud-solvent","status":"publish","type":"product","link":"https:\/\/detailspot.lt\/en\/produktas\/ewocar-alk-pre-wash-mud-solvent\/","title":{"rendered":"Ewocar ALK Pre-wash mud solvent"},"content":{"rendered":"<div id=\"heading2\">\n<h1><strong>Ewocar ALK Pre-wash mud solvent <\/strong><\/h1>\n<p>an alkaline and richly foaming dirt solvent for pre-cleaning. Dissolves and removes: dirt, road grime and insects. The product does not contain substances harmful to surfaces.<\/p>\n<p><strong>Characteristics:<\/strong><\/p>\n<ol>\n<li>pH 11,7<\/li>\n<li>Concentrate<\/li>\n<li>Surface cleaning 10-20ml per litre of water \/ rim cleaning 200ml per litre of water<\/li>\n<li>Free of components that damage chrome, nickel and plastic surfaces.<\/li>\n<li>Can be used with a foam spray system or conventional alkali-resistant sprayers.<\/li>\n<\/ol>\n<p><strong>Application:<br \/>\n<\/strong><\/p>\n<ol>\n<li>Use diluted and ready-to-use cleaner<\/li>\n<li>Spray onto the surface to be cleaned<\/li>\n<li>Allow the product to work for 60 to 90 seconds,<\/li>\n<li>Do not allow the product to dry on surfaces.<\/li>\n<li>Rinse the cleaner with a high-pressure water jet.<\/li>\n<\/ol>\n<p><strong>Warning!<\/strong><\/p>\n<ol>\n<li>Do not use on hot surfaces.<\/li>\n<li>Avoid working in direct sunlight.<\/li>\n<\/ol>\n<\/div>\n<p>&nbsp;<\/p>\n<p>&nbsp;<\/p>\n<p style=\"text-align: center;\"><img loading=\"lazy\" decoding=\"async\" class=\"alignnone size-medium wp-image-3022\" src=\"https:\/\/detailspot.lt\/wp-content\/uploads\/2023\/01\/Ewocar-logo-300x158.jpg\" alt=\"\" width=\"300\" height=\"158\" srcset=\"https:\/\/detailspot.lt\/wp-content\/uploads\/2023\/01\/Ewocar-logo-300x158.jpg 300w, https:\/\/detailspot.lt\/wp-content\/uploads\/2023\/01\/Ewocar-logo-64x34.jpg 64w, https:\/\/detailspot.lt\/wp-content\/uploads\/2023\/01\/Ewocar-logo.jpg 600w\" sizes=\"auto, (max-width: 300px) 100vw, 300px\" \/><\/p>\n<div class=\"grid_100 alpha omega mb20\">\n<div class=\"grid_100 alpha omega goods_links_container\">\n<div class=\"clear\"><\/div>\n<p id=\"good_links_wrapper_2250\" class=\"grid_100 alpha omega\">\n<\/div>\n<\/div>\n","protected":false},"excerpt":{"rendered":"<p>Ewocar ALK Pre-wash mud solvent an alkaline and richly foaming dirt solvent for pre-cleaning. Dissolves and removes: dirt, road grime and insects. The product does not contain substances harmful to surfaces. Characteristics: pH 11,7 Concentrate Surface cleaning 10-20ml per litre of water \/ rim cleaning 200ml per litre of water Free of components that damage&hellip;<\/p>\n","protected":false},"featured_media":4365,"comment_status":"closed","ping_status":"closed","template":"","meta":[],"product_brand":[],"product_cat":[160,164,162],"product_tag":[],"class_list":{"0":"post-6491","1":"product","2":"type-product","3":"status-publish","4":"has-post-thumbnail","6":"product_cat-exterior","7":"product_cat-shampoos-and-cleansers","8":"product_cat-surface-preparation","9":"description-off","11":"first","12":"instock","13":"taxable","14":"shipping-taxable","15":"purchasable","16":"product-type-variable"},"yoast_head":"<!-- This site is optimized with the Yoast SEO plugin v27.2 - https:\/\/yoast.com\/product\/yoast-seo-wordpress\/ -->\n<title>Ewocar ALK Pre-wash mud solvent - Detail Spot<\/title>\n<meta name=\"description\" content=\"Ewocar ALK Pre-wash mud solventa richly foaming dirt solvent for pre-cleaning. Dissolves and removes: dirt, road grime and insects\" \/>\n<meta name=\"robots\" content=\"index, follow, max-snippet:-1, max-image-preview:large, max-video-preview:-1\" \/>\n<link rel=\"canonical\" href=\"https:\/\/detailspot.lt\/en\/produktas\/ewocar-alk-pre-wash-mud-solvent\/\" \/>\n<meta property=\"og:locale\" content=\"en_US\" \/>\n<meta property=\"og:type\" content=\"article\" \/>\n<meta property=\"og:title\" content=\"Ewocar ALK Pre-wash mud solvent - Detail Spot\" \/>\n<meta property=\"og:description\" content=\"Ewocar ALK Pre-wash mud solventa richly foaming dirt solvent for pre-cleaning. Dissolves and removes: dirt, road grime and insects\" \/>\n<meta property=\"og:url\" content=\"https:\/\/detailspot.lt\/en\/produktas\/ewocar-alk-pre-wash-mud-solvent\/\" \/>\n<meta property=\"og:site_name\" content=\"Detail Spot\" \/>\n<meta property=\"article:publisher\" content=\"https:\/\/www.facebook.com\/profile.php?id=100039208338156\" \/>\n<meta property=\"og:image\" content=\"https:\/\/detailspot.lt\/wp-content\/uploads\/2023\/01\/ewocar-alk-prewash-purvo-tirpiklis-1.jpg\" \/>\n\t<meta property=\"og:image:width\" content=\"443\" \/>\n\t<meta property=\"og:image:height\" content=\"443\" \/>\n\t<meta property=\"og:image:type\" content=\"image\/jpeg\" \/>\n<meta name=\"twitter:card\" content=\"summary_large_image\" \/>\n<meta name=\"twitter:label1\" content=\"Est. reading time\" \/>\n\t<meta name=\"twitter:data1\" content=\"1 minute\" \/>\n<script type=\"application\/ld+json\" class=\"yoast-schema-graph\">{\"@context\":\"https:\/\/schema.org\",\"@graph\":[{\"@type\":\"WebPage\",\"@id\":\"https:\/\/detailspot.lt\/en\/produktas\/ewocar-alk-pre-wash-mud-solvent\/\",\"url\":\"https:\/\/detailspot.lt\/en\/produktas\/ewocar-alk-pre-wash-mud-solvent\/\",\"name\":\"Ewocar ALK Pre-wash mud solvent - Detail Spot\",\"isPartOf\":{\"@id\":\"https:\/\/detailspot.lt\/#website\"},\"primaryImageOfPage\":{\"@id\":\"https:\/\/detailspot.lt\/en\/produktas\/ewocar-alk-pre-wash-mud-solvent\/#primaryimage\"},\"image\":{\"@id\":\"https:\/\/detailspot.lt\/en\/produktas\/ewocar-alk-pre-wash-mud-solvent\/#primaryimage\"},\"thumbnailUrl\":\"https:\/\/detailspot.lt\/wp-content\/uploads\/2023\/01\/ewocar-alk-prewash-purvo-tirpiklis-1.jpg\",\"datePublished\":\"2023-01-07T18:47:23+00:00\",\"description\":\"Ewocar ALK Pre-wash mud solventa richly foaming dirt solvent for pre-cleaning. Dissolves and removes: dirt, road grime and insects\",\"breadcrumb\":{\"@id\":\"https:\/\/detailspot.lt\/en\/produktas\/ewocar-alk-pre-wash-mud-solvent\/#breadcrumb\"},\"inLanguage\":\"en-US\",\"potentialAction\":[{\"@type\":\"ReadAction\",\"target\":[\"https:\/\/detailspot.lt\/en\/produktas\/ewocar-alk-pre-wash-mud-solvent\/\"]}]},{\"@type\":\"ImageObject\",\"inLanguage\":\"en-US\",\"@id\":\"https:\/\/detailspot.lt\/en\/produktas\/ewocar-alk-pre-wash-mud-solvent\/#primaryimage\",\"url\":\"https:\/\/detailspot.lt\/wp-content\/uploads\/2023\/01\/ewocar-alk-prewash-purvo-tirpiklis-1.jpg\",\"contentUrl\":\"https:\/\/detailspot.lt\/wp-content\/uploads\/2023\/01\/ewocar-alk-prewash-purvo-tirpiklis-1.jpg\",\"width\":443,\"height\":443},{\"@type\":\"BreadcrumbList\",\"@id\":\"https:\/\/detailspot.lt\/en\/produktas\/ewocar-alk-pre-wash-mud-solvent\/#breadcrumb\",\"itemListElement\":[{\"@type\":\"ListItem\",\"position\":1,\"name\":\"Home\",\"item\":\"https:\/\/detailspot.lt\/en\/\"},{\"@type\":\"ListItem\",\"position\":2,\"name\":\"Shop\",\"item\":\"https:\/\/detailspot.lt\/en\/parduotuve\/\"},{\"@type\":\"ListItem\",\"position\":3,\"name\":\"Ewocar ALK Pre-wash mud solvent\"}]},{\"@type\":\"WebSite\",\"@id\":\"https:\/\/detailspot.lt\/#website\",\"url\":\"https:\/\/detailspot.lt\/\",\"name\":\"Detail Spot\",\"description\":\"Automobili\u0173 prie\u017ei\u016bros priemon\u0117s\",\"publisher\":{\"@id\":\"https:\/\/detailspot.lt\/#organization\"},\"potentialAction\":[{\"@type\":\"SearchAction\",\"target\":{\"@type\":\"EntryPoint\",\"urlTemplate\":\"https:\/\/detailspot.lt\/?s={search_term_string}\"},\"query-input\":{\"@type\":\"PropertyValueSpecification\",\"valueRequired\":true,\"valueName\":\"search_term_string\"}}],\"inLanguage\":\"en-US\"},{\"@type\":\"Organization\",\"@id\":\"https:\/\/detailspot.lt\/#organization\",\"name\":\"Detail Spot\",\"url\":\"https:\/\/detailspot.lt\/\",\"logo\":{\"@type\":\"ImageObject\",\"inLanguage\":\"en-US\",\"@id\":\"https:\/\/detailspot.lt\/#\/schema\/logo\/image\/\",\"url\":\"https:\/\/detailspot.lt\/wp-content\/uploads\/2022\/10\/logo-original.svg\",\"contentUrl\":\"https:\/\/detailspot.lt\/wp-content\/uploads\/2022\/10\/logo-original.svg\",\"width\":1,\"height\":1,\"caption\":\"Detail Spot\"},\"image\":{\"@id\":\"https:\/\/detailspot.lt\/#\/schema\/logo\/image\/\"},\"sameAs\":[\"https:\/\/www.facebook.com\/profile.php?id=100039208338156\"]}]}<\/script>\n<!-- \/ Yoast SEO plugin. -->","yoast_head_json":{"title":"Ewocar ALK Pre-wash mud solvent - Detail Spot","description":"Ewocar ALK Pre-wash mud solventa richly foaming dirt solvent for pre-cleaning. Dissolves and removes: dirt, road grime and insects","robots":{"index":"index","follow":"follow","max-snippet":"max-snippet:-1","max-image-preview":"max-image-preview:large","max-video-preview":"max-video-preview:-1"},"canonical":"https:\/\/detailspot.lt\/en\/produktas\/ewocar-alk-pre-wash-mud-solvent\/","og_locale":"en_US","og_type":"article","og_title":"Ewocar ALK Pre-wash mud solvent - Detail Spot","og_description":"Ewocar ALK Pre-wash mud solventa richly foaming dirt solvent for pre-cleaning. Dissolves and removes: dirt, road grime and insects","og_url":"https:\/\/detailspot.lt\/en\/produktas\/ewocar-alk-pre-wash-mud-solvent\/","og_site_name":"Detail Spot","article_publisher":"https:\/\/www.facebook.com\/profile.php?id=100039208338156","og_image":[{"width":443,"height":443,"url":"https:\/\/detailspot.lt\/wp-content\/uploads\/2023\/01\/ewocar-alk-prewash-purvo-tirpiklis-1.jpg","type":"image\/jpeg"}],"twitter_card":"summary_large_image","twitter_misc":{"Est. reading time":"1 minute"},"schema":{"@context":"https:\/\/schema.org","@graph":[{"@type":"WebPage","@id":"https:\/\/detailspot.lt\/en\/produktas\/ewocar-alk-pre-wash-mud-solvent\/","url":"https:\/\/detailspot.lt\/en\/produktas\/ewocar-alk-pre-wash-mud-solvent\/","name":"Ewocar ALK Pre-wash mud solvent - Detail Spot","isPartOf":{"@id":"https:\/\/detailspot.lt\/#website"},"primaryImageOfPage":{"@id":"https:\/\/detailspot.lt\/en\/produktas\/ewocar-alk-pre-wash-mud-solvent\/#primaryimage"},"image":{"@id":"https:\/\/detailspot.lt\/en\/produktas\/ewocar-alk-pre-wash-mud-solvent\/#primaryimage"},"thumbnailUrl":"https:\/\/detailspot.lt\/wp-content\/uploads\/2023\/01\/ewocar-alk-prewash-purvo-tirpiklis-1.jpg","datePublished":"2023-01-07T18:47:23+00:00","description":"Ewocar ALK Pre-wash mud solventa richly foaming dirt solvent for pre-cleaning. Dissolves and removes: dirt, road grime and insects","breadcrumb":{"@id":"https:\/\/detailspot.lt\/en\/produktas\/ewocar-alk-pre-wash-mud-solvent\/#breadcrumb"},"inLanguage":"en-US","potentialAction":[{"@type":"ReadAction","target":["https:\/\/detailspot.lt\/en\/produktas\/ewocar-alk-pre-wash-mud-solvent\/"]}]},{"@type":"ImageObject","inLanguage":"en-US","@id":"https:\/\/detailspot.lt\/en\/produktas\/ewocar-alk-pre-wash-mud-solvent\/#primaryimage","url":"https:\/\/detailspot.lt\/wp-content\/uploads\/2023\/01\/ewocar-alk-prewash-purvo-tirpiklis-1.jpg","contentUrl":"https:\/\/detailspot.lt\/wp-content\/uploads\/2023\/01\/ewocar-alk-prewash-purvo-tirpiklis-1.jpg","width":443,"height":443},{"@type":"BreadcrumbList","@id":"https:\/\/detailspot.lt\/en\/produktas\/ewocar-alk-pre-wash-mud-solvent\/#breadcrumb","itemListElement":[{"@type":"ListItem","position":1,"name":"Home","item":"https:\/\/detailspot.lt\/en\/"},{"@type":"ListItem","position":2,"name":"Shop","item":"https:\/\/detailspot.lt\/en\/parduotuve\/"},{"@type":"ListItem","position":3,"name":"Ewocar ALK Pre-wash mud solvent"}]},{"@type":"WebSite","@id":"https:\/\/detailspot.lt\/#website","url":"https:\/\/detailspot.lt\/","name":"Detail Spot","description":"Automobili\u0173 prie\u017ei\u016bros priemon\u0117s","publisher":{"@id":"https:\/\/detailspot.lt\/#organization"},"potentialAction":[{"@type":"SearchAction","target":{"@type":"EntryPoint","urlTemplate":"https:\/\/detailspot.lt\/?s={search_term_string}"},"query-input":{"@type":"PropertyValueSpecification","valueRequired":true,"valueName":"search_term_string"}}],"inLanguage":"en-US"},{"@type":"Organization","@id":"https:\/\/detailspot.lt\/#organization","name":"Detail Spot","url":"https:\/\/detailspot.lt\/","logo":{"@type":"ImageObject","inLanguage":"en-US","@id":"https:\/\/detailspot.lt\/#\/schema\/logo\/image\/","url":"https:\/\/detailspot.lt\/wp-content\/uploads\/2022\/10\/logo-original.svg","contentUrl":"https:\/\/detailspot.lt\/wp-content\/uploads\/2022\/10\/logo-original.svg","width":1,"height":1,"caption":"Detail Spot"},"image":{"@id":"https:\/\/detailspot.lt\/#\/schema\/logo\/image\/"},"sameAs":["https:\/\/www.facebook.com\/profile.php?id=100039208338156"]}]}},"_links":{"self":[{"href":"https:\/\/detailspot.lt\/en\/wp-json\/wp\/v2\/product\/6491","targetHints":{"allow":["GET"]}}],"collection":[{"href":"https:\/\/detailspot.lt\/en\/wp-json\/wp\/v2\/product"}],"about":[{"href":"https:\/\/detailspot.lt\/en\/wp-json\/wp\/v2\/types\/product"}],"replies":[{"embeddable":true,"href":"https:\/\/detailspot.lt\/en\/wp-json\/wp\/v2\/comments?post=6491"}],"wp:featuredmedia":[{"embeddable":true,"href":"https:\/\/detailspot.lt\/en\/wp-json\/wp\/v2\/media\/4365"}],"wp:attachment":[{"href":"https:\/\/detailspot.lt\/en\/wp-json\/wp\/v2\/media?parent=6491"}],"wp:term":[{"taxonomy":"product_brand","embeddable":true,"href":"https:\/\/detailspot.lt\/en\/wp-json\/wp\/v2\/product_brand?post=6491"},{"taxonomy":"product_cat","embeddable":true,"href":"https:\/\/detailspot.lt\/en\/wp-json\/wp\/v2\/product_cat?post=6491"},{"taxonomy":"product_tag","embeddable":true,"href":"https:\/\/detailspot.lt\/en\/wp-json\/wp\/v2\/product_tag?post=6491"}],"curies":[{"name":"wp","href":"https:\/\/api.w.org\/{rel}","templated":true}]}}