{"id":6487,"date":"2023-01-09T16:01:50","date_gmt":"2023-01-09T14:01:50","guid":{"rendered":"https:\/\/detailspot.lt\/produktas\/fx-protect-g-finity-cnt-graphene-coating-graphene-coating\/"},"modified":"2023-01-09T16:01:50","modified_gmt":"2023-01-09T14:01:50","slug":"fx-protect-g-finity-cnt-graphene-coating-graphene-coating","status":"publish","type":"product","link":"https:\/\/detailspot.lt\/en\/produktas\/fx-protect-g-finity-cnt-graphene-coating-graphene-coating\/","title":{"rendered":"FX Protect G-Finity\u2122 CNT Graphene Coating graphene coating"},"content":{"rendered":"<h1><strong>FX Protect G-Finity\u2122 CNT Graphene Coating graphene coating<\/strong><\/h1>\n<p>a technologically advanced and unique protective nano-ceramic coating for car bodywork, complemented by the strongest, most flexible and thinnest material &#8211; <strong>graphene<\/strong>, and an additive with extremely high tensile and mechanical strength &#8211;<strong> carbon nanotubes. <\/strong>The addition of graphene compared to conventional ceramic coatings results in incredible water repellency categorised as <strong>Super-hydrophobia<\/strong> and significantly increase surface slipperiness and colour tone, while carbon nanotubes give the coating flexibility and adhesion to the lacquer layer under different temperature changes &#8211; expansion in summer and contraction in winter. The carbon nanotubes also create outstanding optical properties and the coating&#8217;s ability to absorb UV radiation.<\/p>\n<p><strong>Characteristics:<\/strong><\/p>\n<ol>\n<li>Super-hydrophobic properties<\/li>\n<li>Coating with graphene additive and carbon nanotubes.<\/li>\n<li>Applying 2 coats allows self-healing.<\/li>\n<li>Lasts up to 5 years.<\/li>\n<li>Forms a thick protective layer of up to 1.25 microns<\/li>\n<li>Provides protection against UV radiation, dirt and harmful weather conditions<\/li>\n<li>Highlights the shade<\/li>\n<li>Masks minor maintenance scratches<\/li>\n<li>Increases surface slipperiness<\/li>\n<\/ol>\n<p><strong>Set includes:<\/strong> coating volume of your choice, applicator block, 3 pcs. 10x10cm applicators, instructions.<\/p>\n<p><strong>Technical features<\/strong><\/p>\n<p><strong>Hardness:<\/strong> 10H<br \/>\n<strong>Water drop contact angle:<\/strong> up to 165\u00b0<br \/>\n<strong>Endurance<\/strong>: up to 5 years or ~60,000 km<br \/>\n<strong>Coating thickness:<\/strong> up to 1,25 \u03bcm<br \/>\n<strong>Self-healing:<\/strong> yes, with 2 layers<br \/>\n<strong>Yield<\/strong>: 15ml &#8211; 20ml for 1 coat, Layering up to 2 coats with 4h interval possible<br \/>\n<strong>Curing time:<\/strong> Initial 12h, Full 7 days<br \/>\n<strong>Chemical resistance:<\/strong> 2-12 ph<br \/>\n<strong>Coating instructions:<\/strong><\/p>\n<ol>\n<li>Surfaces must be clean, dry and free of body dirt.<\/li>\n<li>Polishing before application is recommended for best surface preparation.<\/li>\n<li>Degrease with <a href=\"https:\/\/detailspot.lt\/produktas\/fx-protect-surface-agent-poliravimo-likuciu-valiklis\/\" target=\"_blank\" rel=\"noopener\">FX Protect Surface Agent<\/a> or other preparatory cleaner<\/li>\n<li>Prepare an applicator and two microfibre cloths for cleaning and polishing the excess coating.<\/li>\n<li>Shake the coating container<\/li>\n<li>Put a few drops on the applicator<\/li>\n<li>Apply the coating in 50x50cm areas using crosswise &#8220;#&#8221; movements<\/li>\n<li>Allow the chemical reaction to proceed for up to 1-3min. according to room conditions.<\/li>\n<li>Wipe off excess coating with the first low-fibre microfibre cloth<\/li>\n<li>Wipe the area with a second microfibre cloth until you can no longer see any residue or bright spots.<\/li>\n<li>Repeat the process on all parts.<\/li>\n<li>8-10 hours after the last coat is applied, we recommend applying <a href=\"https:\/\/detailspot.lt\/produktas\/fx-protect-relo-g-graphene-booster-super-hidrofobine-danga\/\" target=\"_blank\" rel=\"noopener\">FX Protect Relo-G\u2122 Graphene Booster,<\/a> which will protect the coating from water and plaque until the coating reaches full resistance.<\/li>\n<\/ol>\n<p>&nbsp;<\/p>\n<p>&nbsp;<\/p>\n<p style=\"text-align: center;\"><img loading=\"lazy\" decoding=\"async\" class=\"alignnone size-full wp-image-1096\" src=\"https:\/\/detailspot.lt\/wp-content\/uploads\/2022\/11\/fx-protect-logo-white-background-ireland.jpg\" alt=\"\" width=\"300\" height=\"123\" srcset=\"https:\/\/detailspot.lt\/wp-content\/uploads\/2022\/11\/fx-protect-logo-white-background-ireland.jpg 300w, https:\/\/detailspot.lt\/wp-content\/uploads\/2022\/11\/fx-protect-logo-white-background-ireland-64x26.jpg 64w\" sizes=\"auto, (max-width: 300px) 100vw, 300px\" \/><\/p>\n","protected":false},"excerpt":{"rendered":"<p>FX Protect G-Finity\u2122 CNT Graphene Coating graphene coating a technologically advanced and unique protective nano-ceramic coating for car bodywork, complemented by the strongest, most flexible and thinnest material &#8211; graphene, and an additive with extremely high tensile and mechanical strength &#8211; carbon nanotubes. The addition of graphene compared to conventional ceramic coatings results in incredible&hellip;<\/p>\n","protected":false},"featured_media":4368,"comment_status":"closed","ping_status":"closed","template":"","meta":[],"product_brand":[],"product_cat":[160,161],"product_tag":[],"class_list":{"0":"post-6487","1":"product","2":"type-product","3":"status-publish","4":"has-post-thumbnail","6":"product_cat-exterior","7":"product_cat-protective-coatings","8":"description-off","10":"first","11":"instock","12":"taxable","13":"shipping-taxable","14":"purchasable","15":"product-type-variable"},"yoast_head":"<!-- This site is optimized with the Yoast SEO plugin v27.4 - https:\/\/yoast.com\/product\/yoast-seo-wordpress\/ -->\n<title>FX Protect G-Finity\u2122 CNT Graphene Coating graphene coating -<\/title>\n<meta name=\"description\" content=\"a technologically advanced and unique protective nano-ceramic coating for car bodywork, complemented by the strongest, most flexible and thinnest material - graphene\" \/>\n<meta name=\"robots\" content=\"index, follow, max-snippet:-1, max-image-preview:large, max-video-preview:-1\" \/>\n<link rel=\"canonical\" href=\"https:\/\/detailspot.lt\/en\/produktas\/fx-protect-g-finity-cnt-graphene-coating-graphene-coating\/\" \/>\n<meta property=\"og:locale\" content=\"en_US\" \/>\n<meta property=\"og:type\" content=\"article\" \/>\n<meta property=\"og:title\" content=\"FX Protect G-Finity\u2122 CNT Graphene Coating graphene coating -\" \/>\n<meta property=\"og:description\" content=\"a technologically advanced and unique protective nano-ceramic coating for car bodywork, complemented by the strongest, most flexible and thinnest material - graphene\" \/>\n<meta property=\"og:url\" content=\"https:\/\/detailspot.lt\/en\/produktas\/fx-protect-g-finity-cnt-graphene-coating-graphene-coating\/\" \/>\n<meta property=\"og:site_name\" content=\"Detail Spot\" \/>\n<meta property=\"article:publisher\" content=\"https:\/\/www.facebook.com\/profile.php?id=100039208338156\" \/>\n<meta property=\"og:image\" content=\"https:\/\/detailspot.lt\/wp-content\/uploads\/2023\/01\/fx-protect-graphene-coating-with-carbon-nanotube-grafeno-danga-1.jpg\" \/>\n\t<meta property=\"og:image:width\" content=\"1000\" \/>\n\t<meta property=\"og:image:height\" content=\"1000\" \/>\n\t<meta property=\"og:image:type\" content=\"image\/jpeg\" \/>\n<meta name=\"twitter:card\" content=\"summary_large_image\" \/>\n<meta name=\"twitter:label1\" content=\"Est. reading time\" \/>\n\t<meta name=\"twitter:data1\" content=\"2 minutes\" \/>\n<script type=\"application\/ld+json\" class=\"yoast-schema-graph\">{\"@context\":\"https:\\\/\\\/schema.org\",\"@graph\":[{\"@type\":\"WebPage\",\"@id\":\"https:\\\/\\\/detailspot.lt\\\/en\\\/produktas\\\/fx-protect-g-finity-cnt-graphene-coating-graphene-coating\\\/\",\"url\":\"https:\\\/\\\/detailspot.lt\\\/en\\\/produktas\\\/fx-protect-g-finity-cnt-graphene-coating-graphene-coating\\\/\",\"name\":\"FX Protect G-Finity\u2122 CNT Graphene Coating graphene coating -\",\"isPartOf\":{\"@id\":\"https:\\\/\\\/detailspot.lt\\\/#website\"},\"primaryImageOfPage\":{\"@id\":\"https:\\\/\\\/detailspot.lt\\\/en\\\/produktas\\\/fx-protect-g-finity-cnt-graphene-coating-graphene-coating\\\/#primaryimage\"},\"image\":{\"@id\":\"https:\\\/\\\/detailspot.lt\\\/en\\\/produktas\\\/fx-protect-g-finity-cnt-graphene-coating-graphene-coating\\\/#primaryimage\"},\"thumbnailUrl\":\"https:\\\/\\\/detailspot.lt\\\/wp-content\\\/uploads\\\/2023\\\/01\\\/fx-protect-graphene-coating-with-carbon-nanotube-grafeno-danga-1.jpg\",\"datePublished\":\"2023-01-09T14:01:50+00:00\",\"description\":\"a technologically advanced and unique protective nano-ceramic coating for car bodywork, complemented by the strongest, most flexible and thinnest material - graphene\",\"breadcrumb\":{\"@id\":\"https:\\\/\\\/detailspot.lt\\\/en\\\/produktas\\\/fx-protect-g-finity-cnt-graphene-coating-graphene-coating\\\/#breadcrumb\"},\"inLanguage\":\"en-US\",\"potentialAction\":[{\"@type\":\"ReadAction\",\"target\":[\"https:\\\/\\\/detailspot.lt\\\/en\\\/produktas\\\/fx-protect-g-finity-cnt-graphene-coating-graphene-coating\\\/\"]}]},{\"@type\":\"ImageObject\",\"inLanguage\":\"en-US\",\"@id\":\"https:\\\/\\\/detailspot.lt\\\/en\\\/produktas\\\/fx-protect-g-finity-cnt-graphene-coating-graphene-coating\\\/#primaryimage\",\"url\":\"https:\\\/\\\/detailspot.lt\\\/wp-content\\\/uploads\\\/2023\\\/01\\\/fx-protect-graphene-coating-with-carbon-nanotube-grafeno-danga-1.jpg\",\"contentUrl\":\"https:\\\/\\\/detailspot.lt\\\/wp-content\\\/uploads\\\/2023\\\/01\\\/fx-protect-graphene-coating-with-carbon-nanotube-grafeno-danga-1.jpg\",\"width\":1000,\"height\":1000},{\"@type\":\"BreadcrumbList\",\"@id\":\"https:\\\/\\\/detailspot.lt\\\/en\\\/produktas\\\/fx-protect-g-finity-cnt-graphene-coating-graphene-coating\\\/#breadcrumb\",\"itemListElement\":[{\"@type\":\"ListItem\",\"position\":1,\"name\":\"Home\",\"item\":\"https:\\\/\\\/detailspot.lt\\\/en\\\/\"},{\"@type\":\"ListItem\",\"position\":2,\"name\":\"Shop\",\"item\":\"https:\\\/\\\/detailspot.lt\\\/en\\\/parduotuve\\\/\"},{\"@type\":\"ListItem\",\"position\":3,\"name\":\"FX Protect G-Finity\u2122 CNT Graphene Coating graphene coating\"}]},{\"@type\":\"WebSite\",\"@id\":\"https:\\\/\\\/detailspot.lt\\\/#website\",\"url\":\"https:\\\/\\\/detailspot.lt\\\/\",\"name\":\"Detail Spot\",\"description\":\"Automobili\u0173 prie\u017ei\u016bros priemon\u0117s\",\"publisher\":{\"@id\":\"https:\\\/\\\/detailspot.lt\\\/#organization\"},\"potentialAction\":[{\"@type\":\"SearchAction\",\"target\":{\"@type\":\"EntryPoint\",\"urlTemplate\":\"https:\\\/\\\/detailspot.lt\\\/?s={search_term_string}\"},\"query-input\":{\"@type\":\"PropertyValueSpecification\",\"valueRequired\":true,\"valueName\":\"search_term_string\"}}],\"inLanguage\":\"en-US\"},{\"@type\":\"Organization\",\"@id\":\"https:\\\/\\\/detailspot.lt\\\/#organization\",\"name\":\"Detail Spot\",\"url\":\"https:\\\/\\\/detailspot.lt\\\/\",\"logo\":{\"@type\":\"ImageObject\",\"inLanguage\":\"en-US\",\"@id\":\"https:\\\/\\\/detailspot.lt\\\/#\\\/schema\\\/logo\\\/image\\\/\",\"url\":\"https:\\\/\\\/detailspot.lt\\\/wp-content\\\/uploads\\\/2022\\\/10\\\/logo-original.svg\",\"contentUrl\":\"https:\\\/\\\/detailspot.lt\\\/wp-content\\\/uploads\\\/2022\\\/10\\\/logo-original.svg\",\"width\":1,\"height\":1,\"caption\":\"Detail Spot\"},\"image\":{\"@id\":\"https:\\\/\\\/detailspot.lt\\\/#\\\/schema\\\/logo\\\/image\\\/\"},\"sameAs\":[\"https:\\\/\\\/www.facebook.com\\\/profile.php?id=100039208338156\"]}]}<\/script>\n<!-- \/ Yoast SEO plugin. -->","yoast_head_json":{"title":"FX Protect G-Finity\u2122 CNT Graphene Coating graphene coating -","description":"a technologically advanced and unique protective nano-ceramic coating for car bodywork, complemented by the strongest, most flexible and thinnest material - graphene","robots":{"index":"index","follow":"follow","max-snippet":"max-snippet:-1","max-image-preview":"max-image-preview:large","max-video-preview":"max-video-preview:-1"},"canonical":"https:\/\/detailspot.lt\/en\/produktas\/fx-protect-g-finity-cnt-graphene-coating-graphene-coating\/","og_locale":"en_US","og_type":"article","og_title":"FX Protect G-Finity\u2122 CNT Graphene Coating graphene coating -","og_description":"a technologically advanced and unique protective nano-ceramic coating for car bodywork, complemented by the strongest, most flexible and thinnest material - graphene","og_url":"https:\/\/detailspot.lt\/en\/produktas\/fx-protect-g-finity-cnt-graphene-coating-graphene-coating\/","og_site_name":"Detail Spot","article_publisher":"https:\/\/www.facebook.com\/profile.php?id=100039208338156","og_image":[{"width":1000,"height":1000,"url":"https:\/\/detailspot.lt\/wp-content\/uploads\/2023\/01\/fx-protect-graphene-coating-with-carbon-nanotube-grafeno-danga-1.jpg","type":"image\/jpeg"}],"twitter_card":"summary_large_image","twitter_misc":{"Est. reading time":"2 minutes"},"schema":{"@context":"https:\/\/schema.org","@graph":[{"@type":"WebPage","@id":"https:\/\/detailspot.lt\/en\/produktas\/fx-protect-g-finity-cnt-graphene-coating-graphene-coating\/","url":"https:\/\/detailspot.lt\/en\/produktas\/fx-protect-g-finity-cnt-graphene-coating-graphene-coating\/","name":"FX Protect G-Finity\u2122 CNT Graphene Coating graphene coating -","isPartOf":{"@id":"https:\/\/detailspot.lt\/#website"},"primaryImageOfPage":{"@id":"https:\/\/detailspot.lt\/en\/produktas\/fx-protect-g-finity-cnt-graphene-coating-graphene-coating\/#primaryimage"},"image":{"@id":"https:\/\/detailspot.lt\/en\/produktas\/fx-protect-g-finity-cnt-graphene-coating-graphene-coating\/#primaryimage"},"thumbnailUrl":"https:\/\/detailspot.lt\/wp-content\/uploads\/2023\/01\/fx-protect-graphene-coating-with-carbon-nanotube-grafeno-danga-1.jpg","datePublished":"2023-01-09T14:01:50+00:00","description":"a technologically advanced and unique protective nano-ceramic coating for car bodywork, complemented by the strongest, most flexible and thinnest material - graphene","breadcrumb":{"@id":"https:\/\/detailspot.lt\/en\/produktas\/fx-protect-g-finity-cnt-graphene-coating-graphene-coating\/#breadcrumb"},"inLanguage":"en-US","potentialAction":[{"@type":"ReadAction","target":["https:\/\/detailspot.lt\/en\/produktas\/fx-protect-g-finity-cnt-graphene-coating-graphene-coating\/"]}]},{"@type":"ImageObject","inLanguage":"en-US","@id":"https:\/\/detailspot.lt\/en\/produktas\/fx-protect-g-finity-cnt-graphene-coating-graphene-coating\/#primaryimage","url":"https:\/\/detailspot.lt\/wp-content\/uploads\/2023\/01\/fx-protect-graphene-coating-with-carbon-nanotube-grafeno-danga-1.jpg","contentUrl":"https:\/\/detailspot.lt\/wp-content\/uploads\/2023\/01\/fx-protect-graphene-coating-with-carbon-nanotube-grafeno-danga-1.jpg","width":1000,"height":1000},{"@type":"BreadcrumbList","@id":"https:\/\/detailspot.lt\/en\/produktas\/fx-protect-g-finity-cnt-graphene-coating-graphene-coating\/#breadcrumb","itemListElement":[{"@type":"ListItem","position":1,"name":"Home","item":"https:\/\/detailspot.lt\/en\/"},{"@type":"ListItem","position":2,"name":"Shop","item":"https:\/\/detailspot.lt\/en\/parduotuve\/"},{"@type":"ListItem","position":3,"name":"FX Protect G-Finity\u2122 CNT Graphene Coating graphene coating"}]},{"@type":"WebSite","@id":"https:\/\/detailspot.lt\/#website","url":"https:\/\/detailspot.lt\/","name":"Detail Spot","description":"Automobili\u0173 prie\u017ei\u016bros priemon\u0117s","publisher":{"@id":"https:\/\/detailspot.lt\/#organization"},"potentialAction":[{"@type":"SearchAction","target":{"@type":"EntryPoint","urlTemplate":"https:\/\/detailspot.lt\/?s={search_term_string}"},"query-input":{"@type":"PropertyValueSpecification","valueRequired":true,"valueName":"search_term_string"}}],"inLanguage":"en-US"},{"@type":"Organization","@id":"https:\/\/detailspot.lt\/#organization","name":"Detail Spot","url":"https:\/\/detailspot.lt\/","logo":{"@type":"ImageObject","inLanguage":"en-US","@id":"https:\/\/detailspot.lt\/#\/schema\/logo\/image\/","url":"https:\/\/detailspot.lt\/wp-content\/uploads\/2022\/10\/logo-original.svg","contentUrl":"https:\/\/detailspot.lt\/wp-content\/uploads\/2022\/10\/logo-original.svg","width":1,"height":1,"caption":"Detail Spot"},"image":{"@id":"https:\/\/detailspot.lt\/#\/schema\/logo\/image\/"},"sameAs":["https:\/\/www.facebook.com\/profile.php?id=100039208338156"]}]}},"_links":{"self":[{"href":"https:\/\/detailspot.lt\/en\/wp-json\/wp\/v2\/product\/6487","targetHints":{"allow":["GET"]}}],"collection":[{"href":"https:\/\/detailspot.lt\/en\/wp-json\/wp\/v2\/product"}],"about":[{"href":"https:\/\/detailspot.lt\/en\/wp-json\/wp\/v2\/types\/product"}],"replies":[{"embeddable":true,"href":"https:\/\/detailspot.lt\/en\/wp-json\/wp\/v2\/comments?post=6487"}],"wp:featuredmedia":[{"embeddable":true,"href":"https:\/\/detailspot.lt\/en\/wp-json\/wp\/v2\/media\/4368"}],"wp:attachment":[{"href":"https:\/\/detailspot.lt\/en\/wp-json\/wp\/v2\/media?parent=6487"}],"wp:term":[{"taxonomy":"product_brand","embeddable":true,"href":"https:\/\/detailspot.lt\/en\/wp-json\/wp\/v2\/product_brand?post=6487"},{"taxonomy":"product_cat","embeddable":true,"href":"https:\/\/detailspot.lt\/en\/wp-json\/wp\/v2\/product_cat?post=6487"},{"taxonomy":"product_tag","embeddable":true,"href":"https:\/\/detailspot.lt\/en\/wp-json\/wp\/v2\/product_tag?post=6487"}],"curies":[{"name":"wp","href":"https:\/\/api.w.org\/{rel}","templated":true}]}}