{"id":6477,"date":"2023-01-11T22:30:01","date_gmt":"2023-01-11T20:30:01","guid":{"rendered":"https:\/\/detailspot.lt\/produktas\/fx-protect-2-step-polishing-paste-set\/"},"modified":"2023-01-11T22:30:01","modified_gmt":"2023-01-11T20:30:01","slug":"fx-protect-2-step-polishing-paste-set","status":"publish","type":"product","link":"https:\/\/detailspot.lt\/en\/produktas\/fx-protect-2-step-polishing-paste-set\/","title":{"rendered":"FX Protect 2-step polishing paste set"},"content":{"rendered":"<div id=\"heading2\">\n<h1><strong>FX Protect 2-step polishing paste set <\/strong><\/h1>\n<p>a water-based, low-dust paste with a long cycle and ultra-easy wiping. Free from silicones and other masking agents. The polishing system is balanced for use with an eccentric polishing tool for various levels of polishing processes. All you have to do is choose the right size pads for your tool.<\/p>\n<p>We recommend these pads for working with the pastes in the set:<\/p>\n<h2><strong>Heavy Cut paste<\/strong><\/h2>\n<ul>\n<li>Sheepskin pads when working on extremely damaged or abraded surfaces. Will require a more intensive completion phase &#8211; <a href=\"https:\/\/detailspot.lt\/produktas\/flexipads-pro-wool-detailing-kailinis-padas\/\">Flexipads Pro-wool<\/a><\/li>\n<li>Microfibre pads for use on normally worn surfaces. The optimum combination of aggressiveness and level of completeness- <a href=\"https:\/\/detailspot.lt\/produktas\/rupes-da-coarse-microfibre-pad\/\">Rupes DA Coarse Microfibre pad<\/a><\/li>\n<li>Hard sponge pads for lightly worn surfaces or soft varnish &#8211; <a href=\"https:\/\/detailspot.lt\/produktas\/sonax-kietas-poliravimo-padas-143mm-orbitinei-masinelei\/\">Sonax kietas poliravimo padas <\/a> <\/li>\n<\/ul>\n<h2><strong>Fine Cut paste<br \/>\n<\/strong><\/h2>\n<ul>\n<li>Soft sponge pads for hard, medium-hard surfaces. Optimal choice after working with microfibre or sheepskin soles &#8211; <a href=\"https:\/\/detailspot.lt\/produktas\/sonax-geltonas-poliravimo-padas-orbitinei-masinelei-d143mm\/\">Sonax geltonas padelis<\/a><\/li>\n<li>Very soft sponge pads for scratch-sensitive surfaces &#8211;<a href=\"https:\/\/detailspot.lt\/produktas\/sonax-minkstas-poliravimo-padas-160mm\/\"> Sonax mink\u0161tas padas<\/a><\/li>\n<\/ul>\n<\/div>\n<div class=\"grid_100 alpha omega mb20\">\n<div class=\"grid_100 alpha omega goods_links_container\">\n<div class=\"clear\" style=\"text-align: center;\"><img loading=\"lazy\" decoding=\"async\" class=\"alignnone size-full wp-image-1096\" src=\"https:\/\/detailspot.lt\/wp-content\/uploads\/2022\/11\/fx-protect-logo-white-background-ireland.jpg\" alt=\"\" width=\"300\" height=\"123\" srcset=\"https:\/\/detailspot.lt\/wp-content\/uploads\/2022\/11\/fx-protect-logo-white-background-ireland.jpg 300w, https:\/\/detailspot.lt\/wp-content\/uploads\/2022\/11\/fx-protect-logo-white-background-ireland-64x26.jpg 64w\" sizes=\"auto, (max-width: 300px) 100vw, 300px\" \/><\/div>\n<p id=\"good_links_wrapper_2054\" class=\"grid_100 alpha omega\">\n<\/div>\n<\/div>\n","protected":false},"excerpt":{"rendered":"<p>FX Protect 2-step polishing paste set a water-based, low-dust paste with a long cycle and ultra-easy wiping. Free from silicones and other masking agents. The polishing system is balanced for use with an eccentric polishing tool for various levels of polishing processes. All you have to do is choose the right size pads for your&hellip;<\/p>\n","protected":false},"featured_media":4371,"comment_status":"closed","ping_status":"closed","template":"","meta":[],"product_brand":[],"product_cat":[210,170],"product_tag":[],"class_list":{"0":"post-6477","1":"product","2":"type-product","3":"status-publish","4":"has-post-thumbnail","6":"product_cat-polishing-kits","7":"product_cat-polishing-tools","8":"description-off","10":"first","11":"instock","12":"taxable","13":"shipping-taxable","14":"purchasable","15":"product-type-variable"},"yoast_head":"<!-- This site is optimized with the Yoast SEO plugin v27.3 - https:\/\/yoast.com\/product\/yoast-seo-wordpress\/ -->\n<title>FX Protect 2-step polishing paste set - Detail Spot<\/title>\n<meta name=\"description\" content=\"FX Protect 2-step polishing paste set a water-based, low-dust paste with a long cycle and ultra-easy wiping.\" \/>\n<meta name=\"robots\" content=\"index, follow, max-snippet:-1, max-image-preview:large, max-video-preview:-1\" \/>\n<link rel=\"canonical\" href=\"https:\/\/detailspot.lt\/en\/produktas\/fx-protect-2-step-polishing-paste-set\/\" \/>\n<meta property=\"og:locale\" content=\"en_US\" \/>\n<meta property=\"og:type\" content=\"article\" \/>\n<meta property=\"og:title\" content=\"FX Protect 2-step polishing paste set - Detail Spot\" \/>\n<meta property=\"og:description\" content=\"FX Protect 2-step polishing paste set a water-based, low-dust paste with a long cycle and ultra-easy wiping.\" \/>\n<meta property=\"og:url\" content=\"https:\/\/detailspot.lt\/en\/produktas\/fx-protect-2-step-polishing-paste-set\/\" \/>\n<meta property=\"og:site_name\" content=\"Detail Spot\" \/>\n<meta property=\"article:publisher\" content=\"https:\/\/www.facebook.com\/profile.php?id=100039208338156\" \/>\n<meta property=\"og:image\" content=\"https:\/\/detailspot.lt\/wp-content\/uploads\/2023\/01\/FX-Heavy-cut-ir-Fine-cut-1l.jpg\" \/>\n\t<meta property=\"og:image:width\" content=\"1000\" \/>\n\t<meta property=\"og:image:height\" content=\"1000\" \/>\n\t<meta property=\"og:image:type\" content=\"image\/jpeg\" \/>\n<meta name=\"twitter:card\" content=\"summary_large_image\" \/>\n<meta name=\"twitter:label1\" content=\"Est. reading time\" \/>\n\t<meta name=\"twitter:data1\" content=\"1 minute\" \/>\n<script type=\"application\/ld+json\" class=\"yoast-schema-graph\">{\"@context\":\"https:\\\/\\\/schema.org\",\"@graph\":[{\"@type\":\"WebPage\",\"@id\":\"https:\\\/\\\/detailspot.lt\\\/en\\\/produktas\\\/fx-protect-2-step-polishing-paste-set\\\/\",\"url\":\"https:\\\/\\\/detailspot.lt\\\/en\\\/produktas\\\/fx-protect-2-step-polishing-paste-set\\\/\",\"name\":\"FX Protect 2-step polishing paste set - Detail Spot\",\"isPartOf\":{\"@id\":\"https:\\\/\\\/detailspot.lt\\\/#website\"},\"primaryImageOfPage\":{\"@id\":\"https:\\\/\\\/detailspot.lt\\\/en\\\/produktas\\\/fx-protect-2-step-polishing-paste-set\\\/#primaryimage\"},\"image\":{\"@id\":\"https:\\\/\\\/detailspot.lt\\\/en\\\/produktas\\\/fx-protect-2-step-polishing-paste-set\\\/#primaryimage\"},\"thumbnailUrl\":\"https:\\\/\\\/detailspot.lt\\\/wp-content\\\/uploads\\\/2023\\\/01\\\/FX-Heavy-cut-ir-Fine-cut-1l.jpg\",\"datePublished\":\"2023-01-11T20:30:01+00:00\",\"description\":\"FX Protect 2-step polishing paste set a water-based, low-dust paste with a long cycle and ultra-easy wiping.\",\"breadcrumb\":{\"@id\":\"https:\\\/\\\/detailspot.lt\\\/en\\\/produktas\\\/fx-protect-2-step-polishing-paste-set\\\/#breadcrumb\"},\"inLanguage\":\"en-US\",\"potentialAction\":[{\"@type\":\"ReadAction\",\"target\":[\"https:\\\/\\\/detailspot.lt\\\/en\\\/produktas\\\/fx-protect-2-step-polishing-paste-set\\\/\"]}]},{\"@type\":\"ImageObject\",\"inLanguage\":\"en-US\",\"@id\":\"https:\\\/\\\/detailspot.lt\\\/en\\\/produktas\\\/fx-protect-2-step-polishing-paste-set\\\/#primaryimage\",\"url\":\"https:\\\/\\\/detailspot.lt\\\/wp-content\\\/uploads\\\/2023\\\/01\\\/FX-Heavy-cut-ir-Fine-cut-1l.jpg\",\"contentUrl\":\"https:\\\/\\\/detailspot.lt\\\/wp-content\\\/uploads\\\/2023\\\/01\\\/FX-Heavy-cut-ir-Fine-cut-1l.jpg\",\"width\":1000,\"height\":1000},{\"@type\":\"BreadcrumbList\",\"@id\":\"https:\\\/\\\/detailspot.lt\\\/en\\\/produktas\\\/fx-protect-2-step-polishing-paste-set\\\/#breadcrumb\",\"itemListElement\":[{\"@type\":\"ListItem\",\"position\":1,\"name\":\"Home\",\"item\":\"https:\\\/\\\/detailspot.lt\\\/en\\\/\"},{\"@type\":\"ListItem\",\"position\":2,\"name\":\"Shop\",\"item\":\"https:\\\/\\\/detailspot.lt\\\/en\\\/parduotuve\\\/\"},{\"@type\":\"ListItem\",\"position\":3,\"name\":\"FX Protect 2-step polishing paste set\"}]},{\"@type\":\"WebSite\",\"@id\":\"https:\\\/\\\/detailspot.lt\\\/#website\",\"url\":\"https:\\\/\\\/detailspot.lt\\\/\",\"name\":\"Detail Spot\",\"description\":\"Automobili\u0173 prie\u017ei\u016bros priemon\u0117s\",\"publisher\":{\"@id\":\"https:\\\/\\\/detailspot.lt\\\/#organization\"},\"potentialAction\":[{\"@type\":\"SearchAction\",\"target\":{\"@type\":\"EntryPoint\",\"urlTemplate\":\"https:\\\/\\\/detailspot.lt\\\/?s={search_term_string}\"},\"query-input\":{\"@type\":\"PropertyValueSpecification\",\"valueRequired\":true,\"valueName\":\"search_term_string\"}}],\"inLanguage\":\"en-US\"},{\"@type\":\"Organization\",\"@id\":\"https:\\\/\\\/detailspot.lt\\\/#organization\",\"name\":\"Detail Spot\",\"url\":\"https:\\\/\\\/detailspot.lt\\\/\",\"logo\":{\"@type\":\"ImageObject\",\"inLanguage\":\"en-US\",\"@id\":\"https:\\\/\\\/detailspot.lt\\\/#\\\/schema\\\/logo\\\/image\\\/\",\"url\":\"https:\\\/\\\/detailspot.lt\\\/wp-content\\\/uploads\\\/2022\\\/10\\\/logo-original.svg\",\"contentUrl\":\"https:\\\/\\\/detailspot.lt\\\/wp-content\\\/uploads\\\/2022\\\/10\\\/logo-original.svg\",\"width\":1,\"height\":1,\"caption\":\"Detail Spot\"},\"image\":{\"@id\":\"https:\\\/\\\/detailspot.lt\\\/#\\\/schema\\\/logo\\\/image\\\/\"},\"sameAs\":[\"https:\\\/\\\/www.facebook.com\\\/profile.php?id=100039208338156\"]}]}<\/script>\n<!-- \/ Yoast SEO plugin. -->","yoast_head_json":{"title":"FX Protect 2-step polishing paste set - Detail Spot","description":"FX Protect 2-step polishing paste set a water-based, low-dust paste with a long cycle and ultra-easy wiping.","robots":{"index":"index","follow":"follow","max-snippet":"max-snippet:-1","max-image-preview":"max-image-preview:large","max-video-preview":"max-video-preview:-1"},"canonical":"https:\/\/detailspot.lt\/en\/produktas\/fx-protect-2-step-polishing-paste-set\/","og_locale":"en_US","og_type":"article","og_title":"FX Protect 2-step polishing paste set - Detail Spot","og_description":"FX Protect 2-step polishing paste set a water-based, low-dust paste with a long cycle and ultra-easy wiping.","og_url":"https:\/\/detailspot.lt\/en\/produktas\/fx-protect-2-step-polishing-paste-set\/","og_site_name":"Detail Spot","article_publisher":"https:\/\/www.facebook.com\/profile.php?id=100039208338156","og_image":[{"width":1000,"height":1000,"url":"https:\/\/detailspot.lt\/wp-content\/uploads\/2023\/01\/FX-Heavy-cut-ir-Fine-cut-1l.jpg","type":"image\/jpeg"}],"twitter_card":"summary_large_image","twitter_misc":{"Est. reading time":"1 minute"},"schema":{"@context":"https:\/\/schema.org","@graph":[{"@type":"WebPage","@id":"https:\/\/detailspot.lt\/en\/produktas\/fx-protect-2-step-polishing-paste-set\/","url":"https:\/\/detailspot.lt\/en\/produktas\/fx-protect-2-step-polishing-paste-set\/","name":"FX Protect 2-step polishing paste set - Detail Spot","isPartOf":{"@id":"https:\/\/detailspot.lt\/#website"},"primaryImageOfPage":{"@id":"https:\/\/detailspot.lt\/en\/produktas\/fx-protect-2-step-polishing-paste-set\/#primaryimage"},"image":{"@id":"https:\/\/detailspot.lt\/en\/produktas\/fx-protect-2-step-polishing-paste-set\/#primaryimage"},"thumbnailUrl":"https:\/\/detailspot.lt\/wp-content\/uploads\/2023\/01\/FX-Heavy-cut-ir-Fine-cut-1l.jpg","datePublished":"2023-01-11T20:30:01+00:00","description":"FX Protect 2-step polishing paste set a water-based, low-dust paste with a long cycle and ultra-easy wiping.","breadcrumb":{"@id":"https:\/\/detailspot.lt\/en\/produktas\/fx-protect-2-step-polishing-paste-set\/#breadcrumb"},"inLanguage":"en-US","potentialAction":[{"@type":"ReadAction","target":["https:\/\/detailspot.lt\/en\/produktas\/fx-protect-2-step-polishing-paste-set\/"]}]},{"@type":"ImageObject","inLanguage":"en-US","@id":"https:\/\/detailspot.lt\/en\/produktas\/fx-protect-2-step-polishing-paste-set\/#primaryimage","url":"https:\/\/detailspot.lt\/wp-content\/uploads\/2023\/01\/FX-Heavy-cut-ir-Fine-cut-1l.jpg","contentUrl":"https:\/\/detailspot.lt\/wp-content\/uploads\/2023\/01\/FX-Heavy-cut-ir-Fine-cut-1l.jpg","width":1000,"height":1000},{"@type":"BreadcrumbList","@id":"https:\/\/detailspot.lt\/en\/produktas\/fx-protect-2-step-polishing-paste-set\/#breadcrumb","itemListElement":[{"@type":"ListItem","position":1,"name":"Home","item":"https:\/\/detailspot.lt\/en\/"},{"@type":"ListItem","position":2,"name":"Shop","item":"https:\/\/detailspot.lt\/en\/parduotuve\/"},{"@type":"ListItem","position":3,"name":"FX Protect 2-step polishing paste set"}]},{"@type":"WebSite","@id":"https:\/\/detailspot.lt\/#website","url":"https:\/\/detailspot.lt\/","name":"Detail Spot","description":"Automobili\u0173 prie\u017ei\u016bros priemon\u0117s","publisher":{"@id":"https:\/\/detailspot.lt\/#organization"},"potentialAction":[{"@type":"SearchAction","target":{"@type":"EntryPoint","urlTemplate":"https:\/\/detailspot.lt\/?s={search_term_string}"},"query-input":{"@type":"PropertyValueSpecification","valueRequired":true,"valueName":"search_term_string"}}],"inLanguage":"en-US"},{"@type":"Organization","@id":"https:\/\/detailspot.lt\/#organization","name":"Detail Spot","url":"https:\/\/detailspot.lt\/","logo":{"@type":"ImageObject","inLanguage":"en-US","@id":"https:\/\/detailspot.lt\/#\/schema\/logo\/image\/","url":"https:\/\/detailspot.lt\/wp-content\/uploads\/2022\/10\/logo-original.svg","contentUrl":"https:\/\/detailspot.lt\/wp-content\/uploads\/2022\/10\/logo-original.svg","width":1,"height":1,"caption":"Detail Spot"},"image":{"@id":"https:\/\/detailspot.lt\/#\/schema\/logo\/image\/"},"sameAs":["https:\/\/www.facebook.com\/profile.php?id=100039208338156"]}]}},"_links":{"self":[{"href":"https:\/\/detailspot.lt\/en\/wp-json\/wp\/v2\/product\/6477","targetHints":{"allow":["GET"]}}],"collection":[{"href":"https:\/\/detailspot.lt\/en\/wp-json\/wp\/v2\/product"}],"about":[{"href":"https:\/\/detailspot.lt\/en\/wp-json\/wp\/v2\/types\/product"}],"replies":[{"embeddable":true,"href":"https:\/\/detailspot.lt\/en\/wp-json\/wp\/v2\/comments?post=6477"}],"wp:featuredmedia":[{"embeddable":true,"href":"https:\/\/detailspot.lt\/en\/wp-json\/wp\/v2\/media\/4371"}],"wp:attachment":[{"href":"https:\/\/detailspot.lt\/en\/wp-json\/wp\/v2\/media?parent=6477"}],"wp:term":[{"taxonomy":"product_brand","embeddable":true,"href":"https:\/\/detailspot.lt\/en\/wp-json\/wp\/v2\/product_brand?post=6477"},{"taxonomy":"product_cat","embeddable":true,"href":"https:\/\/detailspot.lt\/en\/wp-json\/wp\/v2\/product_cat?post=6477"},{"taxonomy":"product_tag","embeddable":true,"href":"https:\/\/detailspot.lt\/en\/wp-json\/wp\/v2\/product_tag?post=6477"}],"curies":[{"name":"wp","href":"https:\/\/api.w.org\/{rel}","templated":true}]}}