{"id":6474,"date":"2023-01-21T14:12:26","date_gmt":"2023-01-21T12:12:26","guid":{"rendered":"https:\/\/detailspot.lt\/produktas\/menzerna-heavy-cut-compound-400-green-line-2\/"},"modified":"2023-01-21T14:12:26","modified_gmt":"2023-01-21T12:12:26","slug":"menzerna-heavy-cut-compound-400-green-line-2","status":"publish","type":"product","link":"https:\/\/detailspot.lt\/en\/produktas\/menzerna-heavy-cut-compound-400-green-line-2\/","title":{"rendered":"Menzerna Heavy Cut Compound 400 GREEN LINE"},"content":{"rendered":"<p><strong>Menzerna Heavy Cut Compound 400 GREEN LINE &#8211;<\/strong> a new generation, innovative, compound-type polishing paste, also suitable for one-step polishing.<\/p>\n<p>Innovative sanding-polishing paste for the removal of defects in all types of automotive paints (MS, HS, Antiscrach, Ceramic), paint correction and refinishing.<\/p>\n<p>Sandpaper polishes rough surfaces in record time, without aggressive abrasives or volatile solvents. Thanks to its &#8220;splitting abrasives&#8221;, menzerna 400 Green line abrades &#8211; polishes &#8211; makes the surface shine.<\/p>\n<p><strong>Characteristics:<\/strong><\/p>\n<ol>\n<li>Virtually dust-free<\/li>\n<li>Paste for sanding, polishing and finishing<\/li>\n<li>Contains no solvents<\/li>\n<li>Unscented<\/li>\n<li>VOC Free atitinka DIN EN ISO 11890-2<\/li>\n<li>Silicone-free<\/li>\n<li>Suitable for use with rotary and orbital machines<\/li>\n<\/ol>\n<p>&nbsp;<\/p>\n<p>&nbsp;<\/p>\n<p style=\"text-align: center;\"><img loading=\"lazy\" decoding=\"async\" class=\"alignnone size-full wp-image-3133\" src=\"https:\/\/detailspot.lt\/wp-content\/uploads\/2023\/01\/menzerna_0.png\" alt=\"\" width=\"195\" height=\"195\" srcset=\"https:\/\/detailspot.lt\/wp-content\/uploads\/2023\/01\/menzerna_0.png 195w, https:\/\/detailspot.lt\/wp-content\/uploads\/2023\/01\/menzerna_0-150x150.png 150w, https:\/\/detailspot.lt\/wp-content\/uploads\/2023\/01\/menzerna_0-64x64.png 64w\" sizes=\"auto, (max-width: 195px) 100vw, 195px\" \/><\/p>\n<p>&nbsp;<\/p>\n<p>&nbsp;<\/p>\n","protected":false},"excerpt":{"rendered":"<p>Menzerna Heavy Cut Compound 400 GREEN LINE &#8211; a new generation, innovative, compound-type polishing paste, also suitable for one-step polishing. Innovative sanding-polishing paste for the removal of defects in all types of automotive paints (MS, HS, Antiscrach, Ceramic), paint correction and refinishing. Sandpaper polishes rough surfaces in record time, without aggressive abrasives or volatile solvents.&hellip;<\/p>\n","protected":false},"featured_media":4377,"comment_status":"closed","ping_status":"closed","template":"","meta":[],"product_brand":[],"product_cat":[173,170],"product_tag":[],"class_list":{"0":"post-6474","1":"product","2":"type-product","3":"status-publish","4":"has-post-thumbnail","6":"product_cat-polishing-pastes","7":"product_cat-polishing-tools","8":"description-off","10":"first","11":"instock","12":"taxable","13":"shipping-taxable","14":"purchasable","15":"product-type-variable"},"yoast_head":"<!-- This site is optimized with the Yoast SEO plugin v27.4 - https:\/\/yoast.com\/product\/yoast-seo-wordpress\/ -->\n<title>Menzerna Heavy Cut Compound 400 GREEN LINE - Detail Spot<\/title>\n<meta name=\"robots\" content=\"index, follow, max-snippet:-1, max-image-preview:large, max-video-preview:-1\" \/>\n<link rel=\"canonical\" href=\"https:\/\/detailspot.lt\/produktas\/menzerna-heavy-cut-compound-400-green-line-2\/\" \/>\n<meta property=\"og:locale\" content=\"en_US\" \/>\n<meta property=\"og:type\" content=\"article\" \/>\n<meta property=\"og:title\" content=\"Menzerna Heavy Cut Compound 400 GREEN LINE - Detail Spot\" \/>\n<meta property=\"og:description\" content=\"Menzerna Heavy Cut Compound 400 GREEN LINE &#8211; a new generation, innovative, compound-type polishing paste, also suitable for one-step polishing. Innovative sanding-polishing paste for the removal of defects in all types of automotive paints (MS, HS, Antiscrach, Ceramic), paint correction and refinishing. Sandpaper polishes rough surfaces in record time, without aggressive abrasives or volatile solvents.&hellip;\" \/>\n<meta property=\"og:url\" content=\"https:\/\/detailspot.lt\/produktas\/menzerna-heavy-cut-compound-400-green-line-2\/\" \/>\n<meta property=\"og:site_name\" content=\"Detail Spot\" \/>\n<meta property=\"article:publisher\" content=\"https:\/\/www.facebook.com\/profile.php?id=100039208338156\" \/>\n<meta property=\"og:image\" content=\"https:\/\/detailspot.lt\/wp-content\/uploads\/2023\/01\/menzerna_0.png\" \/>\n<meta name=\"twitter:card\" content=\"summary_large_image\" \/>\n<meta name=\"twitter:label1\" content=\"Est. reading time\" \/>\n\t<meta name=\"twitter:data1\" content=\"1 minute\" \/>\n<script type=\"application\/ld+json\" class=\"yoast-schema-graph\">{\"@context\":\"https:\\\/\\\/schema.org\",\"@graph\":[{\"@type\":\"WebPage\",\"@id\":\"https:\\\/\\\/detailspot.lt\\\/produktas\\\/menzerna-heavy-cut-compound-400-green-line-2\\\/\",\"url\":\"https:\\\/\\\/detailspot.lt\\\/produktas\\\/menzerna-heavy-cut-compound-400-green-line-2\\\/\",\"name\":\"Menzerna Heavy Cut Compound 400 GREEN LINE - Detail Spot\",\"isPartOf\":{\"@id\":\"https:\\\/\\\/detailspot.lt\\\/#website\"},\"primaryImageOfPage\":{\"@id\":\"https:\\\/\\\/detailspot.lt\\\/produktas\\\/menzerna-heavy-cut-compound-400-green-line-2\\\/#primaryimage\"},\"image\":{\"@id\":\"https:\\\/\\\/detailspot.lt\\\/produktas\\\/menzerna-heavy-cut-compound-400-green-line-2\\\/#primaryimage\"},\"thumbnailUrl\":\"https:\\\/\\\/detailspot.lt\\\/wp-content\\\/uploads\\\/2023\\\/01\\\/Menzerna-400-green-line.jpg\",\"datePublished\":\"2023-01-21T12:12:26+00:00\",\"breadcrumb\":{\"@id\":\"https:\\\/\\\/detailspot.lt\\\/produktas\\\/menzerna-heavy-cut-compound-400-green-line-2\\\/#breadcrumb\"},\"inLanguage\":\"en-US\",\"potentialAction\":[{\"@type\":\"ReadAction\",\"target\":[\"https:\\\/\\\/detailspot.lt\\\/produktas\\\/menzerna-heavy-cut-compound-400-green-line-2\\\/\"]}]},{\"@type\":\"ImageObject\",\"inLanguage\":\"en-US\",\"@id\":\"https:\\\/\\\/detailspot.lt\\\/produktas\\\/menzerna-heavy-cut-compound-400-green-line-2\\\/#primaryimage\",\"url\":\"https:\\\/\\\/detailspot.lt\\\/wp-content\\\/uploads\\\/2023\\\/01\\\/Menzerna-400-green-line.jpg\",\"contentUrl\":\"https:\\\/\\\/detailspot.lt\\\/wp-content\\\/uploads\\\/2023\\\/01\\\/Menzerna-400-green-line.jpg\",\"width\":520,\"height\":520},{\"@type\":\"BreadcrumbList\",\"@id\":\"https:\\\/\\\/detailspot.lt\\\/produktas\\\/menzerna-heavy-cut-compound-400-green-line-2\\\/#breadcrumb\",\"itemListElement\":[{\"@type\":\"ListItem\",\"position\":1,\"name\":\"Home\",\"item\":\"https:\\\/\\\/detailspot.lt\\\/en\\\/\"},{\"@type\":\"ListItem\",\"position\":2,\"name\":\"Shop\",\"item\":\"https:\\\/\\\/detailspot.lt\\\/en\\\/parduotuve\\\/\"},{\"@type\":\"ListItem\",\"position\":3,\"name\":\"Menzerna Heavy Cut Compound 400 GREEN LINE\"}]},{\"@type\":\"WebSite\",\"@id\":\"https:\\\/\\\/detailspot.lt\\\/#website\",\"url\":\"https:\\\/\\\/detailspot.lt\\\/\",\"name\":\"Detail Spot\",\"description\":\"Automobili\u0173 prie\u017ei\u016bros priemon\u0117s\",\"publisher\":{\"@id\":\"https:\\\/\\\/detailspot.lt\\\/#organization\"},\"potentialAction\":[{\"@type\":\"SearchAction\",\"target\":{\"@type\":\"EntryPoint\",\"urlTemplate\":\"https:\\\/\\\/detailspot.lt\\\/?s={search_term_string}\"},\"query-input\":{\"@type\":\"PropertyValueSpecification\",\"valueRequired\":true,\"valueName\":\"search_term_string\"}}],\"inLanguage\":\"en-US\"},{\"@type\":\"Organization\",\"@id\":\"https:\\\/\\\/detailspot.lt\\\/#organization\",\"name\":\"Detail Spot\",\"url\":\"https:\\\/\\\/detailspot.lt\\\/\",\"logo\":{\"@type\":\"ImageObject\",\"inLanguage\":\"en-US\",\"@id\":\"https:\\\/\\\/detailspot.lt\\\/#\\\/schema\\\/logo\\\/image\\\/\",\"url\":\"https:\\\/\\\/detailspot.lt\\\/wp-content\\\/uploads\\\/2022\\\/10\\\/logo-original.svg\",\"contentUrl\":\"https:\\\/\\\/detailspot.lt\\\/wp-content\\\/uploads\\\/2022\\\/10\\\/logo-original.svg\",\"width\":1,\"height\":1,\"caption\":\"Detail Spot\"},\"image\":{\"@id\":\"https:\\\/\\\/detailspot.lt\\\/#\\\/schema\\\/logo\\\/image\\\/\"},\"sameAs\":[\"https:\\\/\\\/www.facebook.com\\\/profile.php?id=100039208338156\"]}]}<\/script>\n<!-- \/ Yoast SEO plugin. -->","yoast_head_json":{"title":"Menzerna Heavy Cut Compound 400 GREEN LINE - Detail Spot","robots":{"index":"index","follow":"follow","max-snippet":"max-snippet:-1","max-image-preview":"max-image-preview:large","max-video-preview":"max-video-preview:-1"},"canonical":"https:\/\/detailspot.lt\/produktas\/menzerna-heavy-cut-compound-400-green-line-2\/","og_locale":"en_US","og_type":"article","og_title":"Menzerna Heavy Cut Compound 400 GREEN LINE - Detail Spot","og_description":"Menzerna Heavy Cut Compound 400 GREEN LINE &#8211; a new generation, innovative, compound-type polishing paste, also suitable for one-step polishing. Innovative sanding-polishing paste for the removal of defects in all types of automotive paints (MS, HS, Antiscrach, Ceramic), paint correction and refinishing. Sandpaper polishes rough surfaces in record time, without aggressive abrasives or volatile solvents.&hellip;","og_url":"https:\/\/detailspot.lt\/produktas\/menzerna-heavy-cut-compound-400-green-line-2\/","og_site_name":"Detail Spot","article_publisher":"https:\/\/www.facebook.com\/profile.php?id=100039208338156","og_image":[{"url":"https:\/\/detailspot.lt\/wp-content\/uploads\/2023\/01\/menzerna_0.png","type":"","width":"","height":""}],"twitter_card":"summary_large_image","twitter_misc":{"Est. reading time":"1 minute"},"schema":{"@context":"https:\/\/schema.org","@graph":[{"@type":"WebPage","@id":"https:\/\/detailspot.lt\/produktas\/menzerna-heavy-cut-compound-400-green-line-2\/","url":"https:\/\/detailspot.lt\/produktas\/menzerna-heavy-cut-compound-400-green-line-2\/","name":"Menzerna Heavy Cut Compound 400 GREEN LINE - Detail Spot","isPartOf":{"@id":"https:\/\/detailspot.lt\/#website"},"primaryImageOfPage":{"@id":"https:\/\/detailspot.lt\/produktas\/menzerna-heavy-cut-compound-400-green-line-2\/#primaryimage"},"image":{"@id":"https:\/\/detailspot.lt\/produktas\/menzerna-heavy-cut-compound-400-green-line-2\/#primaryimage"},"thumbnailUrl":"https:\/\/detailspot.lt\/wp-content\/uploads\/2023\/01\/Menzerna-400-green-line.jpg","datePublished":"2023-01-21T12:12:26+00:00","breadcrumb":{"@id":"https:\/\/detailspot.lt\/produktas\/menzerna-heavy-cut-compound-400-green-line-2\/#breadcrumb"},"inLanguage":"en-US","potentialAction":[{"@type":"ReadAction","target":["https:\/\/detailspot.lt\/produktas\/menzerna-heavy-cut-compound-400-green-line-2\/"]}]},{"@type":"ImageObject","inLanguage":"en-US","@id":"https:\/\/detailspot.lt\/produktas\/menzerna-heavy-cut-compound-400-green-line-2\/#primaryimage","url":"https:\/\/detailspot.lt\/wp-content\/uploads\/2023\/01\/Menzerna-400-green-line.jpg","contentUrl":"https:\/\/detailspot.lt\/wp-content\/uploads\/2023\/01\/Menzerna-400-green-line.jpg","width":520,"height":520},{"@type":"BreadcrumbList","@id":"https:\/\/detailspot.lt\/produktas\/menzerna-heavy-cut-compound-400-green-line-2\/#breadcrumb","itemListElement":[{"@type":"ListItem","position":1,"name":"Home","item":"https:\/\/detailspot.lt\/en\/"},{"@type":"ListItem","position":2,"name":"Shop","item":"https:\/\/detailspot.lt\/en\/parduotuve\/"},{"@type":"ListItem","position":3,"name":"Menzerna Heavy Cut Compound 400 GREEN LINE"}]},{"@type":"WebSite","@id":"https:\/\/detailspot.lt\/#website","url":"https:\/\/detailspot.lt\/","name":"Detail Spot","description":"Automobili\u0173 prie\u017ei\u016bros priemon\u0117s","publisher":{"@id":"https:\/\/detailspot.lt\/#organization"},"potentialAction":[{"@type":"SearchAction","target":{"@type":"EntryPoint","urlTemplate":"https:\/\/detailspot.lt\/?s={search_term_string}"},"query-input":{"@type":"PropertyValueSpecification","valueRequired":true,"valueName":"search_term_string"}}],"inLanguage":"en-US"},{"@type":"Organization","@id":"https:\/\/detailspot.lt\/#organization","name":"Detail Spot","url":"https:\/\/detailspot.lt\/","logo":{"@type":"ImageObject","inLanguage":"en-US","@id":"https:\/\/detailspot.lt\/#\/schema\/logo\/image\/","url":"https:\/\/detailspot.lt\/wp-content\/uploads\/2022\/10\/logo-original.svg","contentUrl":"https:\/\/detailspot.lt\/wp-content\/uploads\/2022\/10\/logo-original.svg","width":1,"height":1,"caption":"Detail Spot"},"image":{"@id":"https:\/\/detailspot.lt\/#\/schema\/logo\/image\/"},"sameAs":["https:\/\/www.facebook.com\/profile.php?id=100039208338156"]}]}},"_links":{"self":[{"href":"https:\/\/detailspot.lt\/en\/wp-json\/wp\/v2\/product\/6474","targetHints":{"allow":["GET"]}}],"collection":[{"href":"https:\/\/detailspot.lt\/en\/wp-json\/wp\/v2\/product"}],"about":[{"href":"https:\/\/detailspot.lt\/en\/wp-json\/wp\/v2\/types\/product"}],"replies":[{"embeddable":true,"href":"https:\/\/detailspot.lt\/en\/wp-json\/wp\/v2\/comments?post=6474"}],"wp:featuredmedia":[{"embeddable":true,"href":"https:\/\/detailspot.lt\/en\/wp-json\/wp\/v2\/media\/4377"}],"wp:attachment":[{"href":"https:\/\/detailspot.lt\/en\/wp-json\/wp\/v2\/media?parent=6474"}],"wp:term":[{"taxonomy":"product_brand","embeddable":true,"href":"https:\/\/detailspot.lt\/en\/wp-json\/wp\/v2\/product_brand?post=6474"},{"taxonomy":"product_cat","embeddable":true,"href":"https:\/\/detailspot.lt\/en\/wp-json\/wp\/v2\/product_cat?post=6474"},{"taxonomy":"product_tag","embeddable":true,"href":"https:\/\/detailspot.lt\/en\/wp-json\/wp\/v2\/product_tag?post=6474"}],"curies":[{"name":"wp","href":"https:\/\/api.w.org\/{rel}","templated":true}]}}