{"id":6471,"date":"2023-01-24T20:13:11","date_gmt":"2023-01-24T18:13:11","guid":{"rendered":"https:\/\/detailspot.lt\/produktas\/cleantle-interior-dressing-2\/"},"modified":"2023-01-24T20:13:11","modified_gmt":"2023-01-24T18:13:11","slug":"cleantle-interior-dressing-2","status":"publish","type":"product","link":"https:\/\/detailspot.lt\/en\/produktas\/cleantle-interior-dressing-2\/","title":{"rendered":"Cleantle Interior Dressing"},"content":{"rendered":"<h1><strong>Cleantle Interior Dressing<\/strong><\/h1>\n<p>is a product for the protection and maintenance of surfaces inside the car, such as plastic, vinyl, carbon and rubber. It restores the natural appearance of all elements and protects them from fading and cracking. Thanks to its water-based formula, it will refresh interiors without leaving any streaks or white marks, while its anti-static properties and pleasant scent will allow you to enjoy clean interiors for a long time.<\/p>\n<p><strong>Product features:<\/strong><\/p>\n<ol>\n<li>Easy to use<\/li>\n<li>Low yield<\/li>\n<li>Does not stain or streak<\/li>\n<li>Pleasant, mild scent<\/li>\n<li>Ph7 &#8211; neutral<\/li>\n<\/ol>\n<p><strong>Application:<\/strong><\/p>\n<ol>\n<li>Apply the product to an applicator or microfibre cloth and spread it on the surface in a circular motion.<\/li>\n<li>Wipe off any excess with a microfibre cloth and leave to dry.<\/li>\n<\/ol>\n<p><strong>Attention<\/strong><\/p>\n<p><strong>Do not use on fabric or leather items. Do not dilute the product or use on hot surfaces.<\/strong><\/p>\n<p>&nbsp;<\/p>\n<p style=\"text-align: center;\"><img loading=\"lazy\" decoding=\"async\" class=\"alignnone size-medium wp-image-2048\" src=\"https:\/\/detailspot.lt\/wp-content\/uploads\/2022\/12\/cleantle-log-1-300x71.png\" alt=\"\" width=\"300\" height=\"71\" srcset=\"https:\/\/detailspot.lt\/wp-content\/uploads\/2022\/12\/cleantle-log-1-300x71.png 300w, https:\/\/detailspot.lt\/wp-content\/uploads\/2022\/12\/cleantle-log-1-64x15.png 64w, https:\/\/detailspot.lt\/wp-content\/uploads\/2022\/12\/cleantle-log-1.png 501w\" sizes=\"auto, (max-width: 300px) 100vw, 300px\" \/><\/p>\n","protected":false},"excerpt":{"rendered":"<p>Cleantle Interior Dressing is a product for the protection and maintenance of surfaces inside the car, such as plastic, vinyl, carbon and rubber. It restores the natural appearance of all elements and protects them from fading and cracking. Thanks to its water-based formula, it will refresh interiors without leaving any streaks or white marks, while&hellip;<\/p>\n","protected":false},"featured_media":4380,"comment_status":"closed","ping_status":"closed","template":"","meta":[],"product_brand":[],"product_cat":[165,168],"product_tag":[],"class_list":{"0":"post-6471","1":"product","2":"type-product","3":"status-publish","4":"has-post-thumbnail","6":"product_cat-interior","7":"product_cat-plastics-and-textiles","8":"description-off","10":"first","11":"instock","12":"taxable","13":"shipping-taxable","14":"purchasable","15":"product-type-variable"},"yoast_head":"<!-- This site is optimized with the Yoast SEO plugin v27.4 - https:\/\/yoast.com\/product\/yoast-seo-wordpress\/ -->\n<title>Cleantle Interior Dressing - Detail Spot<\/title>\n<meta name=\"description\" content=\"for the protection and maintenance of plastic, vinyl and rubber. It restores the natural appearance of all elements, protecting them from fading and cracking.\" \/>\n<meta name=\"robots\" content=\"index, follow, max-snippet:-1, max-image-preview:large, max-video-preview:-1\" \/>\n<link rel=\"canonical\" href=\"https:\/\/detailspot.lt\/en\/produktas\/cleantle-interior-dressing-2\/\" \/>\n<meta property=\"og:locale\" content=\"en_US\" \/>\n<meta property=\"og:type\" content=\"article\" \/>\n<meta property=\"og:title\" content=\"Cleantle Interior Dressing - Detail Spot\" \/>\n<meta property=\"og:description\" content=\"for the protection and maintenance of plastic, vinyl and rubber. It restores the natural appearance of all elements, protecting them from fading and cracking.\" \/>\n<meta property=\"og:url\" content=\"https:\/\/detailspot.lt\/en\/produktas\/cleantle-interior-dressing-2\/\" \/>\n<meta property=\"og:site_name\" content=\"Detail Spot\" \/>\n<meta property=\"article:publisher\" content=\"https:\/\/www.facebook.com\/profile.php?id=100039208338156\" \/>\n<meta property=\"og:image\" content=\"https:\/\/detailspot.lt\/wp-content\/uploads\/2023\/01\/cleantle-interior-dressing-1l.jpg\" \/>\n\t<meta property=\"og:image:width\" content=\"460\" \/>\n\t<meta property=\"og:image:height\" content=\"460\" \/>\n\t<meta property=\"og:image:type\" content=\"image\/jpeg\" \/>\n<meta name=\"twitter:card\" content=\"summary_large_image\" \/>\n<meta name=\"twitter:label1\" content=\"Est. reading time\" \/>\n\t<meta name=\"twitter:data1\" content=\"1 minute\" \/>\n<script type=\"application\/ld+json\" class=\"yoast-schema-graph\">{\"@context\":\"https:\\\/\\\/schema.org\",\"@graph\":[{\"@type\":\"WebPage\",\"@id\":\"https:\\\/\\\/detailspot.lt\\\/en\\\/produktas\\\/cleantle-interior-dressing-2\\\/\",\"url\":\"https:\\\/\\\/detailspot.lt\\\/en\\\/produktas\\\/cleantle-interior-dressing-2\\\/\",\"name\":\"Cleantle Interior Dressing - Detail Spot\",\"isPartOf\":{\"@id\":\"https:\\\/\\\/detailspot.lt\\\/#website\"},\"primaryImageOfPage\":{\"@id\":\"https:\\\/\\\/detailspot.lt\\\/en\\\/produktas\\\/cleantle-interior-dressing-2\\\/#primaryimage\"},\"image\":{\"@id\":\"https:\\\/\\\/detailspot.lt\\\/en\\\/produktas\\\/cleantle-interior-dressing-2\\\/#primaryimage\"},\"thumbnailUrl\":\"https:\\\/\\\/detailspot.lt\\\/wp-content\\\/uploads\\\/2023\\\/01\\\/cleantle-interior-dressing-1l.jpg\",\"datePublished\":\"2023-01-24T18:13:11+00:00\",\"description\":\"for the protection and maintenance of plastic, vinyl and rubber. It restores the natural appearance of all elements, protecting them from fading and cracking.\",\"breadcrumb\":{\"@id\":\"https:\\\/\\\/detailspot.lt\\\/en\\\/produktas\\\/cleantle-interior-dressing-2\\\/#breadcrumb\"},\"inLanguage\":\"en-US\",\"potentialAction\":[{\"@type\":\"ReadAction\",\"target\":[\"https:\\\/\\\/detailspot.lt\\\/en\\\/produktas\\\/cleantle-interior-dressing-2\\\/\"]}]},{\"@type\":\"ImageObject\",\"inLanguage\":\"en-US\",\"@id\":\"https:\\\/\\\/detailspot.lt\\\/en\\\/produktas\\\/cleantle-interior-dressing-2\\\/#primaryimage\",\"url\":\"https:\\\/\\\/detailspot.lt\\\/wp-content\\\/uploads\\\/2023\\\/01\\\/cleantle-interior-dressing-1l.jpg\",\"contentUrl\":\"https:\\\/\\\/detailspot.lt\\\/wp-content\\\/uploads\\\/2023\\\/01\\\/cleantle-interior-dressing-1l.jpg\",\"width\":460,\"height\":460},{\"@type\":\"BreadcrumbList\",\"@id\":\"https:\\\/\\\/detailspot.lt\\\/en\\\/produktas\\\/cleantle-interior-dressing-2\\\/#breadcrumb\",\"itemListElement\":[{\"@type\":\"ListItem\",\"position\":1,\"name\":\"Home\",\"item\":\"https:\\\/\\\/detailspot.lt\\\/en\\\/\"},{\"@type\":\"ListItem\",\"position\":2,\"name\":\"Shop\",\"item\":\"https:\\\/\\\/detailspot.lt\\\/en\\\/parduotuve\\\/\"},{\"@type\":\"ListItem\",\"position\":3,\"name\":\"Cleantle Interior Dressing\"}]},{\"@type\":\"WebSite\",\"@id\":\"https:\\\/\\\/detailspot.lt\\\/#website\",\"url\":\"https:\\\/\\\/detailspot.lt\\\/\",\"name\":\"Detail Spot\",\"description\":\"Automobili\u0173 prie\u017ei\u016bros priemon\u0117s\",\"publisher\":{\"@id\":\"https:\\\/\\\/detailspot.lt\\\/#organization\"},\"potentialAction\":[{\"@type\":\"SearchAction\",\"target\":{\"@type\":\"EntryPoint\",\"urlTemplate\":\"https:\\\/\\\/detailspot.lt\\\/?s={search_term_string}\"},\"query-input\":{\"@type\":\"PropertyValueSpecification\",\"valueRequired\":true,\"valueName\":\"search_term_string\"}}],\"inLanguage\":\"en-US\"},{\"@type\":\"Organization\",\"@id\":\"https:\\\/\\\/detailspot.lt\\\/#organization\",\"name\":\"Detail Spot\",\"url\":\"https:\\\/\\\/detailspot.lt\\\/\",\"logo\":{\"@type\":\"ImageObject\",\"inLanguage\":\"en-US\",\"@id\":\"https:\\\/\\\/detailspot.lt\\\/#\\\/schema\\\/logo\\\/image\\\/\",\"url\":\"https:\\\/\\\/detailspot.lt\\\/wp-content\\\/uploads\\\/2022\\\/10\\\/logo-original.svg\",\"contentUrl\":\"https:\\\/\\\/detailspot.lt\\\/wp-content\\\/uploads\\\/2022\\\/10\\\/logo-original.svg\",\"width\":1,\"height\":1,\"caption\":\"Detail Spot\"},\"image\":{\"@id\":\"https:\\\/\\\/detailspot.lt\\\/#\\\/schema\\\/logo\\\/image\\\/\"},\"sameAs\":[\"https:\\\/\\\/www.facebook.com\\\/profile.php?id=100039208338156\"]}]}<\/script>\n<!-- \/ Yoast SEO plugin. -->","yoast_head_json":{"title":"Cleantle Interior Dressing - Detail Spot","description":"for the protection and maintenance of plastic, vinyl and rubber. It restores the natural appearance of all elements, protecting them from fading and cracking.","robots":{"index":"index","follow":"follow","max-snippet":"max-snippet:-1","max-image-preview":"max-image-preview:large","max-video-preview":"max-video-preview:-1"},"canonical":"https:\/\/detailspot.lt\/en\/produktas\/cleantle-interior-dressing-2\/","og_locale":"en_US","og_type":"article","og_title":"Cleantle Interior Dressing - Detail Spot","og_description":"for the protection and maintenance of plastic, vinyl and rubber. It restores the natural appearance of all elements, protecting them from fading and cracking.","og_url":"https:\/\/detailspot.lt\/en\/produktas\/cleantle-interior-dressing-2\/","og_site_name":"Detail Spot","article_publisher":"https:\/\/www.facebook.com\/profile.php?id=100039208338156","og_image":[{"width":460,"height":460,"url":"https:\/\/detailspot.lt\/wp-content\/uploads\/2023\/01\/cleantle-interior-dressing-1l.jpg","type":"image\/jpeg"}],"twitter_card":"summary_large_image","twitter_misc":{"Est. reading time":"1 minute"},"schema":{"@context":"https:\/\/schema.org","@graph":[{"@type":"WebPage","@id":"https:\/\/detailspot.lt\/en\/produktas\/cleantle-interior-dressing-2\/","url":"https:\/\/detailspot.lt\/en\/produktas\/cleantle-interior-dressing-2\/","name":"Cleantle Interior Dressing - Detail Spot","isPartOf":{"@id":"https:\/\/detailspot.lt\/#website"},"primaryImageOfPage":{"@id":"https:\/\/detailspot.lt\/en\/produktas\/cleantle-interior-dressing-2\/#primaryimage"},"image":{"@id":"https:\/\/detailspot.lt\/en\/produktas\/cleantle-interior-dressing-2\/#primaryimage"},"thumbnailUrl":"https:\/\/detailspot.lt\/wp-content\/uploads\/2023\/01\/cleantle-interior-dressing-1l.jpg","datePublished":"2023-01-24T18:13:11+00:00","description":"for the protection and maintenance of plastic, vinyl and rubber. It restores the natural appearance of all elements, protecting them from fading and cracking.","breadcrumb":{"@id":"https:\/\/detailspot.lt\/en\/produktas\/cleantle-interior-dressing-2\/#breadcrumb"},"inLanguage":"en-US","potentialAction":[{"@type":"ReadAction","target":["https:\/\/detailspot.lt\/en\/produktas\/cleantle-interior-dressing-2\/"]}]},{"@type":"ImageObject","inLanguage":"en-US","@id":"https:\/\/detailspot.lt\/en\/produktas\/cleantle-interior-dressing-2\/#primaryimage","url":"https:\/\/detailspot.lt\/wp-content\/uploads\/2023\/01\/cleantle-interior-dressing-1l.jpg","contentUrl":"https:\/\/detailspot.lt\/wp-content\/uploads\/2023\/01\/cleantle-interior-dressing-1l.jpg","width":460,"height":460},{"@type":"BreadcrumbList","@id":"https:\/\/detailspot.lt\/en\/produktas\/cleantle-interior-dressing-2\/#breadcrumb","itemListElement":[{"@type":"ListItem","position":1,"name":"Home","item":"https:\/\/detailspot.lt\/en\/"},{"@type":"ListItem","position":2,"name":"Shop","item":"https:\/\/detailspot.lt\/en\/parduotuve\/"},{"@type":"ListItem","position":3,"name":"Cleantle Interior Dressing"}]},{"@type":"WebSite","@id":"https:\/\/detailspot.lt\/#website","url":"https:\/\/detailspot.lt\/","name":"Detail Spot","description":"Automobili\u0173 prie\u017ei\u016bros priemon\u0117s","publisher":{"@id":"https:\/\/detailspot.lt\/#organization"},"potentialAction":[{"@type":"SearchAction","target":{"@type":"EntryPoint","urlTemplate":"https:\/\/detailspot.lt\/?s={search_term_string}"},"query-input":{"@type":"PropertyValueSpecification","valueRequired":true,"valueName":"search_term_string"}}],"inLanguage":"en-US"},{"@type":"Organization","@id":"https:\/\/detailspot.lt\/#organization","name":"Detail Spot","url":"https:\/\/detailspot.lt\/","logo":{"@type":"ImageObject","inLanguage":"en-US","@id":"https:\/\/detailspot.lt\/#\/schema\/logo\/image\/","url":"https:\/\/detailspot.lt\/wp-content\/uploads\/2022\/10\/logo-original.svg","contentUrl":"https:\/\/detailspot.lt\/wp-content\/uploads\/2022\/10\/logo-original.svg","width":1,"height":1,"caption":"Detail Spot"},"image":{"@id":"https:\/\/detailspot.lt\/#\/schema\/logo\/image\/"},"sameAs":["https:\/\/www.facebook.com\/profile.php?id=100039208338156"]}]}},"_links":{"self":[{"href":"https:\/\/detailspot.lt\/en\/wp-json\/wp\/v2\/product\/6471","targetHints":{"allow":["GET"]}}],"collection":[{"href":"https:\/\/detailspot.lt\/en\/wp-json\/wp\/v2\/product"}],"about":[{"href":"https:\/\/detailspot.lt\/en\/wp-json\/wp\/v2\/types\/product"}],"replies":[{"embeddable":true,"href":"https:\/\/detailspot.lt\/en\/wp-json\/wp\/v2\/comments?post=6471"}],"wp:featuredmedia":[{"embeddable":true,"href":"https:\/\/detailspot.lt\/en\/wp-json\/wp\/v2\/media\/4380"}],"wp:attachment":[{"href":"https:\/\/detailspot.lt\/en\/wp-json\/wp\/v2\/media?parent=6471"}],"wp:term":[{"taxonomy":"product_brand","embeddable":true,"href":"https:\/\/detailspot.lt\/en\/wp-json\/wp\/v2\/product_brand?post=6471"},{"taxonomy":"product_cat","embeddable":true,"href":"https:\/\/detailspot.lt\/en\/wp-json\/wp\/v2\/product_cat?post=6471"},{"taxonomy":"product_tag","embeddable":true,"href":"https:\/\/detailspot.lt\/en\/wp-json\/wp\/v2\/product_tag?post=6471"}],"curies":[{"name":"wp","href":"https:\/\/api.w.org\/{rel}","templated":true}]}}