{"id":6452,"date":"2023-01-25T06:38:08","date_gmt":"2023-01-25T04:38:08","guid":{"rendered":"https:\/\/detailspot.lt\/produktas\/foen-perfumery-for-the-car\/"},"modified":"2023-01-25T06:38:08","modified_gmt":"2023-01-25T04:38:08","slug":"foen-perfumery-for-the-car","status":"publish","type":"product","link":"https:\/\/detailspot.lt\/en\/produktas\/foen-perfumery-for-the-car\/","title":{"rendered":"Foen perfumery for the car"},"content":{"rendered":"<p><strong>Foen perfumery for the car The main notes of the fragrances:<\/strong><\/p>\n<ol>\n<li><strong>Adventure<\/strong>: tropical fruit, jasmine, patchouli<\/li>\n<li style=\"text-align: left;\"><strong>Laguna<\/strong>: orange, exotic trees, carnation<\/li>\n<li style=\"text-align: left;\"><strong>Carbon<\/strong>:bergamot, leather, sandalwood<\/li>\n<li style=\"text-align: left;\"><strong>Vanilla<\/strong>:Orange peel, coconut, vanilla<\/li>\n<li style=\"text-align: left;\"><strong>Savor<\/strong>: orange, amber, lily of the valley<\/li>\n<li style=\"text-align: left;\"><strong>Sandalwood<\/strong>: Sandalwood, cedar, pine<\/li>\n<li style=\"text-align: left;\"><strong>Aqua<\/strong>: mint, citrus fruits, thermal spring water<\/li>\n<li style=\"text-align: left;\"><strong>New Car Leather<\/strong>: cedar, leather, cypress<\/li>\n<li style=\"text-align: left;\"><strong>No Smoking<\/strong>: bergamot, tobacco, rosemary<\/li>\n<li style=\"text-align: left;\"><strong>Jack<\/strong>: cigars and whisky<\/li>\n<li style=\"text-align: left;\"><strong>Her &amp; His<\/strong>: bergamot, ginger, wood<\/li>\n<li style=\"text-align: left;\"><strong>Green Tea:<\/strong>citrus, musk, green tea<\/li>\n<li style=\"text-align: left;\"><strong>Gentleman<\/strong>: bergamot, cappuccino, patchouli<\/li>\n<li style=\"text-align: left;\"><strong>Flower<\/strong>: sweet musk, coconut, pineapple<\/li>\n<li style=\"text-align: left;\"><strong>Bubble Gum<\/strong>: blueberry, strawberry, vanilla<\/li>\n<li style=\"text-align: left;\"><strong>Bubble Gum<\/strong>: Apple, Cedar, Mahogany<\/li>\n<li style=\"text-align: left;\"><strong>Black<\/strong>: flowers, musk, pink pepper<\/li>\n<\/ol>\n<p>&nbsp;<\/p>\n<p style=\"text-align: center;\"><img loading=\"lazy\" decoding=\"async\" class=\"alignnone size-full wp-image-3153\" src=\"https:\/\/detailspot.lt\/wp-content\/uploads\/2023\/01\/Foen-logo.png\" alt=\"\" width=\"300\" height=\"158\" srcset=\"https:\/\/detailspot.lt\/wp-content\/uploads\/2023\/01\/Foen-logo.png 300w, https:\/\/detailspot.lt\/wp-content\/uploads\/2023\/01\/Foen-logo-64x34.png 64w\" sizes=\"auto, (max-width: 300px) 100vw, 300px\" \/><\/p>\n","protected":false},"excerpt":{"rendered":"<p>Foen perfumery for the car The main notes of the fragrances: Adventure: tropical fruit, jasmine, patchouli Laguna: orange, exotic trees, carnation Carbon:bergamot, leather, sandalwood Vanilla:Orange peel, coconut, vanilla Savor: orange, amber, lily of the valley Sandalwood: Sandalwood, cedar, pine Aqua: mint, citrus fruits, thermal spring water New Car Leather: cedar, leather, cypress No Smoking: bergamot,&hellip;<\/p>\n","protected":false},"featured_media":4401,"comment_status":"closed","ping_status":"closed","template":"","meta":[],"product_brand":[],"product_cat":[16],"product_tag":[],"class_list":{"0":"post-6452","1":"product","2":"type-product","3":"status-publish","4":"has-post-thumbnail","6":"product_cat-uncategorized","7":"description-off","9":"first","10":"onbackorder","11":"taxable","12":"shipping-taxable","13":"purchasable","14":"product-type-variable"},"yoast_head":"<!-- This site is optimized with the Yoast SEO plugin v27.3 - https:\/\/yoast.com\/product\/yoast-seo-wordpress\/ -->\n<title>Foen perfumery for the car - Detail Spot<\/title>\n<meta name=\"robots\" content=\"index, follow, max-snippet:-1, max-image-preview:large, max-video-preview:-1\" \/>\n<link rel=\"canonical\" href=\"https:\/\/detailspot.lt\/produktas\/foen-parfumerija-automobiliui\/\" \/>\n<meta property=\"og:locale\" content=\"en_US\" \/>\n<meta property=\"og:type\" content=\"article\" \/>\n<meta property=\"og:title\" content=\"Foen perfumery for the car - Detail Spot\" \/>\n<meta property=\"og:description\" content=\"Foen perfumery for the car The main notes of the fragrances: Adventure: tropical fruit, jasmine, patchouli Laguna: orange, exotic trees, carnation Carbon:bergamot, leather, sandalwood Vanilla:Orange peel, coconut, vanilla Savor: orange, amber, lily of the valley Sandalwood: Sandalwood, cedar, pine Aqua: mint, citrus fruits, thermal spring water New Car Leather: cedar, leather, cypress No Smoking: bergamot,&hellip;\" \/>\n<meta property=\"og:url\" content=\"https:\/\/detailspot.lt\/produktas\/foen-parfumerija-automobiliui\/\" \/>\n<meta property=\"og:site_name\" content=\"Detail Spot\" \/>\n<meta property=\"article:publisher\" content=\"https:\/\/www.facebook.com\/profile.php?id=100039208338156\" \/>\n<meta property=\"og:image\" content=\"https:\/\/detailspot.lt\/wp-content\/uploads\/2023\/01\/foen-parfumerija-automobiliui-bendra.jpg\" \/>\n\t<meta property=\"og:image:width\" content=\"1188\" \/>\n\t<meta property=\"og:image:height\" content=\"1188\" \/>\n\t<meta property=\"og:image:type\" content=\"image\/jpeg\" \/>\n<meta name=\"twitter:card\" content=\"summary_large_image\" \/>\n<meta name=\"twitter:label1\" content=\"Est. reading time\" \/>\n\t<meta name=\"twitter:data1\" content=\"1 minute\" \/>\n<script type=\"application\/ld+json\" class=\"yoast-schema-graph\">{\"@context\":\"https:\\\/\\\/schema.org\",\"@graph\":[{\"@type\":\"WebPage\",\"@id\":\"https:\\\/\\\/detailspot.lt\\\/produktas\\\/foen-parfumerija-automobiliui\\\/\",\"url\":\"https:\\\/\\\/detailspot.lt\\\/produktas\\\/foen-parfumerija-automobiliui\\\/\",\"name\":\"Foen perfumery for the car - Detail Spot\",\"isPartOf\":{\"@id\":\"https:\\\/\\\/detailspot.lt\\\/#website\"},\"primaryImageOfPage\":{\"@id\":\"https:\\\/\\\/detailspot.lt\\\/produktas\\\/foen-parfumerija-automobiliui\\\/#primaryimage\"},\"image\":{\"@id\":\"https:\\\/\\\/detailspot.lt\\\/produktas\\\/foen-parfumerija-automobiliui\\\/#primaryimage\"},\"thumbnailUrl\":\"https:\\\/\\\/detailspot.lt\\\/wp-content\\\/uploads\\\/2023\\\/01\\\/foen-parfumerija-automobiliui-bendra.jpg\",\"datePublished\":\"2023-01-25T04:38:08+00:00\",\"breadcrumb\":{\"@id\":\"https:\\\/\\\/detailspot.lt\\\/produktas\\\/foen-parfumerija-automobiliui\\\/#breadcrumb\"},\"inLanguage\":\"en-US\",\"potentialAction\":[{\"@type\":\"ReadAction\",\"target\":[\"https:\\\/\\\/detailspot.lt\\\/produktas\\\/foen-parfumerija-automobiliui\\\/\"]}]},{\"@type\":\"ImageObject\",\"inLanguage\":\"en-US\",\"@id\":\"https:\\\/\\\/detailspot.lt\\\/produktas\\\/foen-parfumerija-automobiliui\\\/#primaryimage\",\"url\":\"https:\\\/\\\/detailspot.lt\\\/wp-content\\\/uploads\\\/2023\\\/01\\\/foen-parfumerija-automobiliui-bendra.jpg\",\"contentUrl\":\"https:\\\/\\\/detailspot.lt\\\/wp-content\\\/uploads\\\/2023\\\/01\\\/foen-parfumerija-automobiliui-bendra.jpg\",\"width\":1188,\"height\":1188},{\"@type\":\"BreadcrumbList\",\"@id\":\"https:\\\/\\\/detailspot.lt\\\/produktas\\\/foen-parfumerija-automobiliui\\\/#breadcrumb\",\"itemListElement\":[{\"@type\":\"ListItem\",\"position\":1,\"name\":\"Home\",\"item\":\"https:\\\/\\\/detailspot.lt\\\/en\\\/\"},{\"@type\":\"ListItem\",\"position\":2,\"name\":\"Shop\",\"item\":\"https:\\\/\\\/detailspot.lt\\\/en\\\/parduotuve\\\/\"},{\"@type\":\"ListItem\",\"position\":3,\"name\":\"Foen perfumery for the car\"}]},{\"@type\":\"WebSite\",\"@id\":\"https:\\\/\\\/detailspot.lt\\\/#website\",\"url\":\"https:\\\/\\\/detailspot.lt\\\/\",\"name\":\"Detail Spot\",\"description\":\"Automobili\u0173 prie\u017ei\u016bros priemon\u0117s\",\"publisher\":{\"@id\":\"https:\\\/\\\/detailspot.lt\\\/#organization\"},\"potentialAction\":[{\"@type\":\"SearchAction\",\"target\":{\"@type\":\"EntryPoint\",\"urlTemplate\":\"https:\\\/\\\/detailspot.lt\\\/?s={search_term_string}\"},\"query-input\":{\"@type\":\"PropertyValueSpecification\",\"valueRequired\":true,\"valueName\":\"search_term_string\"}}],\"inLanguage\":\"en-US\"},{\"@type\":\"Organization\",\"@id\":\"https:\\\/\\\/detailspot.lt\\\/#organization\",\"name\":\"Detail Spot\",\"url\":\"https:\\\/\\\/detailspot.lt\\\/\",\"logo\":{\"@type\":\"ImageObject\",\"inLanguage\":\"en-US\",\"@id\":\"https:\\\/\\\/detailspot.lt\\\/#\\\/schema\\\/logo\\\/image\\\/\",\"url\":\"https:\\\/\\\/detailspot.lt\\\/wp-content\\\/uploads\\\/2022\\\/10\\\/logo-original.svg\",\"contentUrl\":\"https:\\\/\\\/detailspot.lt\\\/wp-content\\\/uploads\\\/2022\\\/10\\\/logo-original.svg\",\"width\":1,\"height\":1,\"caption\":\"Detail Spot\"},\"image\":{\"@id\":\"https:\\\/\\\/detailspot.lt\\\/#\\\/schema\\\/logo\\\/image\\\/\"},\"sameAs\":[\"https:\\\/\\\/www.facebook.com\\\/profile.php?id=100039208338156\"]}]}<\/script>\n<!-- \/ Yoast SEO plugin. -->","yoast_head_json":{"title":"Foen perfumery for the car - Detail Spot","robots":{"index":"index","follow":"follow","max-snippet":"max-snippet:-1","max-image-preview":"max-image-preview:large","max-video-preview":"max-video-preview:-1"},"canonical":"https:\/\/detailspot.lt\/produktas\/foen-parfumerija-automobiliui\/","og_locale":"en_US","og_type":"article","og_title":"Foen perfumery for the car - Detail Spot","og_description":"Foen perfumery for the car The main notes of the fragrances: Adventure: tropical fruit, jasmine, patchouli Laguna: orange, exotic trees, carnation Carbon:bergamot, leather, sandalwood Vanilla:Orange peel, coconut, vanilla Savor: orange, amber, lily of the valley Sandalwood: Sandalwood, cedar, pine Aqua: mint, citrus fruits, thermal spring water New Car Leather: cedar, leather, cypress No Smoking: bergamot,&hellip;","og_url":"https:\/\/detailspot.lt\/produktas\/foen-parfumerija-automobiliui\/","og_site_name":"Detail Spot","article_publisher":"https:\/\/www.facebook.com\/profile.php?id=100039208338156","og_image":[{"width":1188,"height":1188,"url":"https:\/\/detailspot.lt\/wp-content\/uploads\/2023\/01\/foen-parfumerija-automobiliui-bendra.jpg","type":"image\/jpeg"}],"twitter_card":"summary_large_image","twitter_misc":{"Est. reading time":"1 minute"},"schema":{"@context":"https:\/\/schema.org","@graph":[{"@type":"WebPage","@id":"https:\/\/detailspot.lt\/produktas\/foen-parfumerija-automobiliui\/","url":"https:\/\/detailspot.lt\/produktas\/foen-parfumerija-automobiliui\/","name":"Foen perfumery for the car - Detail Spot","isPartOf":{"@id":"https:\/\/detailspot.lt\/#website"},"primaryImageOfPage":{"@id":"https:\/\/detailspot.lt\/produktas\/foen-parfumerija-automobiliui\/#primaryimage"},"image":{"@id":"https:\/\/detailspot.lt\/produktas\/foen-parfumerija-automobiliui\/#primaryimage"},"thumbnailUrl":"https:\/\/detailspot.lt\/wp-content\/uploads\/2023\/01\/foen-parfumerija-automobiliui-bendra.jpg","datePublished":"2023-01-25T04:38:08+00:00","breadcrumb":{"@id":"https:\/\/detailspot.lt\/produktas\/foen-parfumerija-automobiliui\/#breadcrumb"},"inLanguage":"en-US","potentialAction":[{"@type":"ReadAction","target":["https:\/\/detailspot.lt\/produktas\/foen-parfumerija-automobiliui\/"]}]},{"@type":"ImageObject","inLanguage":"en-US","@id":"https:\/\/detailspot.lt\/produktas\/foen-parfumerija-automobiliui\/#primaryimage","url":"https:\/\/detailspot.lt\/wp-content\/uploads\/2023\/01\/foen-parfumerija-automobiliui-bendra.jpg","contentUrl":"https:\/\/detailspot.lt\/wp-content\/uploads\/2023\/01\/foen-parfumerija-automobiliui-bendra.jpg","width":1188,"height":1188},{"@type":"BreadcrumbList","@id":"https:\/\/detailspot.lt\/produktas\/foen-parfumerija-automobiliui\/#breadcrumb","itemListElement":[{"@type":"ListItem","position":1,"name":"Home","item":"https:\/\/detailspot.lt\/en\/"},{"@type":"ListItem","position":2,"name":"Shop","item":"https:\/\/detailspot.lt\/en\/parduotuve\/"},{"@type":"ListItem","position":3,"name":"Foen perfumery for the car"}]},{"@type":"WebSite","@id":"https:\/\/detailspot.lt\/#website","url":"https:\/\/detailspot.lt\/","name":"Detail Spot","description":"Automobili\u0173 prie\u017ei\u016bros priemon\u0117s","publisher":{"@id":"https:\/\/detailspot.lt\/#organization"},"potentialAction":[{"@type":"SearchAction","target":{"@type":"EntryPoint","urlTemplate":"https:\/\/detailspot.lt\/?s={search_term_string}"},"query-input":{"@type":"PropertyValueSpecification","valueRequired":true,"valueName":"search_term_string"}}],"inLanguage":"en-US"},{"@type":"Organization","@id":"https:\/\/detailspot.lt\/#organization","name":"Detail Spot","url":"https:\/\/detailspot.lt\/","logo":{"@type":"ImageObject","inLanguage":"en-US","@id":"https:\/\/detailspot.lt\/#\/schema\/logo\/image\/","url":"https:\/\/detailspot.lt\/wp-content\/uploads\/2022\/10\/logo-original.svg","contentUrl":"https:\/\/detailspot.lt\/wp-content\/uploads\/2022\/10\/logo-original.svg","width":1,"height":1,"caption":"Detail Spot"},"image":{"@id":"https:\/\/detailspot.lt\/#\/schema\/logo\/image\/"},"sameAs":["https:\/\/www.facebook.com\/profile.php?id=100039208338156"]}]}},"_links":{"self":[{"href":"https:\/\/detailspot.lt\/en\/wp-json\/wp\/v2\/product\/6452","targetHints":{"allow":["GET"]}}],"collection":[{"href":"https:\/\/detailspot.lt\/en\/wp-json\/wp\/v2\/product"}],"about":[{"href":"https:\/\/detailspot.lt\/en\/wp-json\/wp\/v2\/types\/product"}],"replies":[{"embeddable":true,"href":"https:\/\/detailspot.lt\/en\/wp-json\/wp\/v2\/comments?post=6452"}],"wp:featuredmedia":[{"embeddable":true,"href":"https:\/\/detailspot.lt\/en\/wp-json\/wp\/v2\/media\/4401"}],"wp:attachment":[{"href":"https:\/\/detailspot.lt\/en\/wp-json\/wp\/v2\/media?parent=6452"}],"wp:term":[{"taxonomy":"product_brand","embeddable":true,"href":"https:\/\/detailspot.lt\/en\/wp-json\/wp\/v2\/product_brand?post=6452"},{"taxonomy":"product_cat","embeddable":true,"href":"https:\/\/detailspot.lt\/en\/wp-json\/wp\/v2\/product_cat?post=6452"},{"taxonomy":"product_tag","embeddable":true,"href":"https:\/\/detailspot.lt\/en\/wp-json\/wp\/v2\/product_tag?post=6452"}],"curies":[{"name":"wp","href":"https:\/\/api.w.org\/{rel}","templated":true}]}}