{"id":6441,"date":"2023-02-01T12:24:41","date_gmt":"2023-02-01T10:24:41","guid":{"rendered":"https:\/\/detailspot.lt\/produktas\/adbl-apc-universal-cleaner\/"},"modified":"2024-07-16T18:03:50","modified_gmt":"2024-07-16T15:03:50","slug":"adbl-apc-universal-cleaner","status":"publish","type":"product","link":"https:\/\/detailspot.lt\/en\/produktas\/adbl-apc-universal-cleaner\/","title":{"rendered":"ADBL APC universal cleaner"},"content":{"rendered":"<h1 class=\"h1 page-title\"><strong>ADBL APC universal cleaner<\/strong><\/h1>\n<p class=\"h1 page-title\">Concentrated, all-purpose cleaner for all car surfaces, inside and out. Fully penetrates the dirt and separates it from the surface. Safe to use on all surfaces and leaves no residue when dry.<\/p>\n<p><strong>Dosage and dilution ratio:<\/strong><\/p>\n<p>&#8211; For stains and stubborn dirt: 1:4 &#8211; 1:10<br \/>\n&#8211; For light soiling and general cleaning: 1:20 &#8211; 1:80<\/p>\n<p><strong>Instructions for use:<\/strong><\/p>\n<p>1. Prepare the instrument for use.<br \/>\n2. Spray the product onto the surface to be cleaned and spread it with a brush or sponge.<br \/>\n3. Remove dissolved dirt with a cloth or rinse with water.<br \/>\n4. Repeat if necessary.<\/p>\n<p><strong>Papildoma instrukcija:<\/strong><\/p>\n<p>&#8211; Be sure to check the instrument in an inconspicuous place before use.Additional instructions:<br \/>\n&#8211; The surface to be cleaned must be cool.<br \/>\n&#8211; Do not let the product dry on the surface to be cleaned<\/p>\n<p>&nbsp;<\/p>\n<p style=\"text-align: center;\"><img loading=\"lazy\" decoding=\"async\" class=\"alignnone wp-image-2050\" src=\"https:\/\/detailspot.lt\/wp-content\/uploads\/2022\/12\/ADBL-logo.jpg\" alt=\"\" width=\"207\" height=\"207\" srcset=\"https:\/\/detailspot.lt\/wp-content\/uploads\/2022\/12\/ADBL-logo.jpg 300w, https:\/\/detailspot.lt\/wp-content\/uploads\/2022\/12\/ADBL-logo-150x150.jpg 150w, https:\/\/detailspot.lt\/wp-content\/uploads\/2022\/12\/ADBL-logo-200x200.jpg 200w, https:\/\/detailspot.lt\/wp-content\/uploads\/2022\/12\/ADBL-logo-64x64.jpg 64w\" sizes=\"auto, (max-width: 207px) 100vw, 207px\" \/><\/p>\n","protected":false},"excerpt":{"rendered":"<p>ADBL APC universal cleaner Concentrated, all-purpose cleaner for all car surfaces, inside and out. Fully penetrates the dirt and separates it from the surface. Safe to use on all surfaces and leaves no residue when dry. Dosage and dilution ratio: &#8211; For stains and stubborn dirt: 1:4 &#8211; 1:10 &#8211; For light soiling and general&hellip;<\/p>\n","protected":false},"featured_media":4414,"comment_status":"closed","ping_status":"closed","template":"","meta":[],"product_brand":[],"product_cat":[165,168],"product_tag":[],"class_list":{"0":"post-6441","1":"product","2":"type-product","3":"status-publish","4":"has-post-thumbnail","6":"product_cat-interior","7":"product_cat-plastics-and-textiles","8":"description-off","10":"first","11":"onbackorder","12":"taxable","13":"shipping-taxable","14":"purchasable","15":"product-type-variable"},"yoast_head":"<!-- This site is optimized with the Yoast SEO plugin v27.4 - https:\/\/yoast.com\/product\/yoast-seo-wordpress\/ -->\n<title>ADBL APC universal cleaner - Detail Spot<\/title>\n<meta name=\"description\" content=\"ADBL APC universal cleaner Concentrated, all-purpose cleaner for all car surfaces, inside and out\" \/>\n<meta name=\"robots\" content=\"index, follow, max-snippet:-1, max-image-preview:large, max-video-preview:-1\" \/>\n<link rel=\"canonical\" href=\"https:\/\/detailspot.lt\/en\/produktas\/adbl-apc-universal-cleaner\/\" \/>\n<meta property=\"og:locale\" content=\"en_US\" \/>\n<meta property=\"og:type\" content=\"article\" \/>\n<meta property=\"og:title\" content=\"ADBL APC universal cleaner - Detail Spot\" \/>\n<meta property=\"og:description\" content=\"ADBL APC universal cleaner Concentrated, all-purpose cleaner for all car surfaces, inside and out\" \/>\n<meta property=\"og:url\" content=\"https:\/\/detailspot.lt\/en\/produktas\/adbl-apc-universal-cleaner\/\" \/>\n<meta property=\"og:site_name\" content=\"Detail Spot\" \/>\n<meta property=\"article:publisher\" content=\"https:\/\/www.facebook.com\/profile.php?id=100039208338156\" \/>\n<meta property=\"article:modified_time\" content=\"2024-07-16T15:03:50+00:00\" \/>\n<meta property=\"og:image\" content=\"https:\/\/detailspot.lt\/wp-content\/uploads\/2023\/02\/adbl-apc-universalus-visu-pavirsiu-valiklis.jpg\" \/>\n\t<meta property=\"og:image:width\" content=\"762\" \/>\n\t<meta property=\"og:image:height\" content=\"984\" \/>\n\t<meta property=\"og:image:type\" content=\"image\/jpeg\" \/>\n<meta name=\"twitter:card\" content=\"summary_large_image\" \/>\n<meta name=\"twitter:label1\" content=\"Est. reading time\" \/>\n\t<meta name=\"twitter:data1\" content=\"1 minute\" \/>\n<script type=\"application\/ld+json\" class=\"yoast-schema-graph\">{\"@context\":\"https:\\\/\\\/schema.org\",\"@graph\":[{\"@type\":\"WebPage\",\"@id\":\"https:\\\/\\\/detailspot.lt\\\/en\\\/produktas\\\/adbl-apc-universal-cleaner\\\/\",\"url\":\"https:\\\/\\\/detailspot.lt\\\/en\\\/produktas\\\/adbl-apc-universal-cleaner\\\/\",\"name\":\"ADBL APC universal cleaner - Detail Spot\",\"isPartOf\":{\"@id\":\"https:\\\/\\\/detailspot.lt\\\/#website\"},\"primaryImageOfPage\":{\"@id\":\"https:\\\/\\\/detailspot.lt\\\/en\\\/produktas\\\/adbl-apc-universal-cleaner\\\/#primaryimage\"},\"image\":{\"@id\":\"https:\\\/\\\/detailspot.lt\\\/en\\\/produktas\\\/adbl-apc-universal-cleaner\\\/#primaryimage\"},\"thumbnailUrl\":\"https:\\\/\\\/detailspot.lt\\\/wp-content\\\/uploads\\\/2023\\\/02\\\/adbl-apc-universalus-visu-pavirsiu-valiklis.jpg\",\"datePublished\":\"2023-02-01T10:24:41+00:00\",\"dateModified\":\"2024-07-16T15:03:50+00:00\",\"description\":\"ADBL APC universal cleaner Concentrated, all-purpose cleaner for all car surfaces, inside and out\",\"breadcrumb\":{\"@id\":\"https:\\\/\\\/detailspot.lt\\\/en\\\/produktas\\\/adbl-apc-universal-cleaner\\\/#breadcrumb\"},\"inLanguage\":\"en-US\",\"potentialAction\":[{\"@type\":\"ReadAction\",\"target\":[\"https:\\\/\\\/detailspot.lt\\\/en\\\/produktas\\\/adbl-apc-universal-cleaner\\\/\"]}]},{\"@type\":\"ImageObject\",\"inLanguage\":\"en-US\",\"@id\":\"https:\\\/\\\/detailspot.lt\\\/en\\\/produktas\\\/adbl-apc-universal-cleaner\\\/#primaryimage\",\"url\":\"https:\\\/\\\/detailspot.lt\\\/wp-content\\\/uploads\\\/2023\\\/02\\\/adbl-apc-universalus-visu-pavirsiu-valiklis.jpg\",\"contentUrl\":\"https:\\\/\\\/detailspot.lt\\\/wp-content\\\/uploads\\\/2023\\\/02\\\/adbl-apc-universalus-visu-pavirsiu-valiklis.jpg\",\"width\":762,\"height\":984},{\"@type\":\"BreadcrumbList\",\"@id\":\"https:\\\/\\\/detailspot.lt\\\/en\\\/produktas\\\/adbl-apc-universal-cleaner\\\/#breadcrumb\",\"itemListElement\":[{\"@type\":\"ListItem\",\"position\":1,\"name\":\"Home\",\"item\":\"https:\\\/\\\/detailspot.lt\\\/en\\\/\"},{\"@type\":\"ListItem\",\"position\":2,\"name\":\"Shop\",\"item\":\"https:\\\/\\\/detailspot.lt\\\/en\\\/parduotuve\\\/\"},{\"@type\":\"ListItem\",\"position\":3,\"name\":\"ADBL APC universal cleaner\"}]},{\"@type\":\"WebSite\",\"@id\":\"https:\\\/\\\/detailspot.lt\\\/#website\",\"url\":\"https:\\\/\\\/detailspot.lt\\\/\",\"name\":\"Detail Spot\",\"description\":\"Automobili\u0173 prie\u017ei\u016bros priemon\u0117s\",\"publisher\":{\"@id\":\"https:\\\/\\\/detailspot.lt\\\/#organization\"},\"potentialAction\":[{\"@type\":\"SearchAction\",\"target\":{\"@type\":\"EntryPoint\",\"urlTemplate\":\"https:\\\/\\\/detailspot.lt\\\/?s={search_term_string}\"},\"query-input\":{\"@type\":\"PropertyValueSpecification\",\"valueRequired\":true,\"valueName\":\"search_term_string\"}}],\"inLanguage\":\"en-US\"},{\"@type\":\"Organization\",\"@id\":\"https:\\\/\\\/detailspot.lt\\\/#organization\",\"name\":\"Detail Spot\",\"url\":\"https:\\\/\\\/detailspot.lt\\\/\",\"logo\":{\"@type\":\"ImageObject\",\"inLanguage\":\"en-US\",\"@id\":\"https:\\\/\\\/detailspot.lt\\\/#\\\/schema\\\/logo\\\/image\\\/\",\"url\":\"https:\\\/\\\/detailspot.lt\\\/wp-content\\\/uploads\\\/2022\\\/10\\\/logo-original.svg\",\"contentUrl\":\"https:\\\/\\\/detailspot.lt\\\/wp-content\\\/uploads\\\/2022\\\/10\\\/logo-original.svg\",\"width\":1,\"height\":1,\"caption\":\"Detail Spot\"},\"image\":{\"@id\":\"https:\\\/\\\/detailspot.lt\\\/#\\\/schema\\\/logo\\\/image\\\/\"},\"sameAs\":[\"https:\\\/\\\/www.facebook.com\\\/profile.php?id=100039208338156\"]}]}<\/script>\n<!-- \/ Yoast SEO plugin. -->","yoast_head_json":{"title":"ADBL APC universal cleaner - Detail Spot","description":"ADBL APC universal cleaner Concentrated, all-purpose cleaner for all car surfaces, inside and out","robots":{"index":"index","follow":"follow","max-snippet":"max-snippet:-1","max-image-preview":"max-image-preview:large","max-video-preview":"max-video-preview:-1"},"canonical":"https:\/\/detailspot.lt\/en\/produktas\/adbl-apc-universal-cleaner\/","og_locale":"en_US","og_type":"article","og_title":"ADBL APC universal cleaner - Detail Spot","og_description":"ADBL APC universal cleaner Concentrated, all-purpose cleaner for all car surfaces, inside and out","og_url":"https:\/\/detailspot.lt\/en\/produktas\/adbl-apc-universal-cleaner\/","og_site_name":"Detail Spot","article_publisher":"https:\/\/www.facebook.com\/profile.php?id=100039208338156","article_modified_time":"2024-07-16T15:03:50+00:00","og_image":[{"width":762,"height":984,"url":"https:\/\/detailspot.lt\/wp-content\/uploads\/2023\/02\/adbl-apc-universalus-visu-pavirsiu-valiklis.jpg","type":"image\/jpeg"}],"twitter_card":"summary_large_image","twitter_misc":{"Est. reading time":"1 minute"},"schema":{"@context":"https:\/\/schema.org","@graph":[{"@type":"WebPage","@id":"https:\/\/detailspot.lt\/en\/produktas\/adbl-apc-universal-cleaner\/","url":"https:\/\/detailspot.lt\/en\/produktas\/adbl-apc-universal-cleaner\/","name":"ADBL APC universal cleaner - Detail Spot","isPartOf":{"@id":"https:\/\/detailspot.lt\/#website"},"primaryImageOfPage":{"@id":"https:\/\/detailspot.lt\/en\/produktas\/adbl-apc-universal-cleaner\/#primaryimage"},"image":{"@id":"https:\/\/detailspot.lt\/en\/produktas\/adbl-apc-universal-cleaner\/#primaryimage"},"thumbnailUrl":"https:\/\/detailspot.lt\/wp-content\/uploads\/2023\/02\/adbl-apc-universalus-visu-pavirsiu-valiklis.jpg","datePublished":"2023-02-01T10:24:41+00:00","dateModified":"2024-07-16T15:03:50+00:00","description":"ADBL APC universal cleaner Concentrated, all-purpose cleaner for all car surfaces, inside and out","breadcrumb":{"@id":"https:\/\/detailspot.lt\/en\/produktas\/adbl-apc-universal-cleaner\/#breadcrumb"},"inLanguage":"en-US","potentialAction":[{"@type":"ReadAction","target":["https:\/\/detailspot.lt\/en\/produktas\/adbl-apc-universal-cleaner\/"]}]},{"@type":"ImageObject","inLanguage":"en-US","@id":"https:\/\/detailspot.lt\/en\/produktas\/adbl-apc-universal-cleaner\/#primaryimage","url":"https:\/\/detailspot.lt\/wp-content\/uploads\/2023\/02\/adbl-apc-universalus-visu-pavirsiu-valiklis.jpg","contentUrl":"https:\/\/detailspot.lt\/wp-content\/uploads\/2023\/02\/adbl-apc-universalus-visu-pavirsiu-valiklis.jpg","width":762,"height":984},{"@type":"BreadcrumbList","@id":"https:\/\/detailspot.lt\/en\/produktas\/adbl-apc-universal-cleaner\/#breadcrumb","itemListElement":[{"@type":"ListItem","position":1,"name":"Home","item":"https:\/\/detailspot.lt\/en\/"},{"@type":"ListItem","position":2,"name":"Shop","item":"https:\/\/detailspot.lt\/en\/parduotuve\/"},{"@type":"ListItem","position":3,"name":"ADBL APC universal cleaner"}]},{"@type":"WebSite","@id":"https:\/\/detailspot.lt\/#website","url":"https:\/\/detailspot.lt\/","name":"Detail Spot","description":"Automobili\u0173 prie\u017ei\u016bros priemon\u0117s","publisher":{"@id":"https:\/\/detailspot.lt\/#organization"},"potentialAction":[{"@type":"SearchAction","target":{"@type":"EntryPoint","urlTemplate":"https:\/\/detailspot.lt\/?s={search_term_string}"},"query-input":{"@type":"PropertyValueSpecification","valueRequired":true,"valueName":"search_term_string"}}],"inLanguage":"en-US"},{"@type":"Organization","@id":"https:\/\/detailspot.lt\/#organization","name":"Detail Spot","url":"https:\/\/detailspot.lt\/","logo":{"@type":"ImageObject","inLanguage":"en-US","@id":"https:\/\/detailspot.lt\/#\/schema\/logo\/image\/","url":"https:\/\/detailspot.lt\/wp-content\/uploads\/2022\/10\/logo-original.svg","contentUrl":"https:\/\/detailspot.lt\/wp-content\/uploads\/2022\/10\/logo-original.svg","width":1,"height":1,"caption":"Detail Spot"},"image":{"@id":"https:\/\/detailspot.lt\/#\/schema\/logo\/image\/"},"sameAs":["https:\/\/www.facebook.com\/profile.php?id=100039208338156"]}]}},"_links":{"self":[{"href":"https:\/\/detailspot.lt\/en\/wp-json\/wp\/v2\/product\/6441","targetHints":{"allow":["GET"]}}],"collection":[{"href":"https:\/\/detailspot.lt\/en\/wp-json\/wp\/v2\/product"}],"about":[{"href":"https:\/\/detailspot.lt\/en\/wp-json\/wp\/v2\/types\/product"}],"replies":[{"embeddable":true,"href":"https:\/\/detailspot.lt\/en\/wp-json\/wp\/v2\/comments?post=6441"}],"wp:featuredmedia":[{"embeddable":true,"href":"https:\/\/detailspot.lt\/en\/wp-json\/wp\/v2\/media\/4414"}],"wp:attachment":[{"href":"https:\/\/detailspot.lt\/en\/wp-json\/wp\/v2\/media?parent=6441"}],"wp:term":[{"taxonomy":"product_brand","embeddable":true,"href":"https:\/\/detailspot.lt\/en\/wp-json\/wp\/v2\/product_brand?post=6441"},{"taxonomy":"product_cat","embeddable":true,"href":"https:\/\/detailspot.lt\/en\/wp-json\/wp\/v2\/product_cat?post=6441"},{"taxonomy":"product_tag","embeddable":true,"href":"https:\/\/detailspot.lt\/en\/wp-json\/wp\/v2\/product_tag?post=6441"}],"curies":[{"name":"wp","href":"https:\/\/api.w.org\/{rel}","templated":true}]}}