{"id":6440,"date":"2023-02-01T14:42:06","date_gmt":"2023-02-01T12:42:06","guid":{"rendered":"https:\/\/detailspot.lt\/produktas\/air-compressor-88l-501l-min-8bar\/"},"modified":"2023-02-01T14:42:06","modified_gmt":"2023-02-01T12:42:06","slug":"air-compressor-88l-501l-min-8bar","status":"publish","type":"product","link":"https:\/\/detailspot.lt\/en\/produktas\/air-compressor-88l-501l-min-8bar\/","title":{"rendered":"AIR COMPRESSOR 88L 501L\/MIN 8BAR"},"content":{"rendered":"<p><strong>AIR COMPRESSOR 88L 501L\/MIN 8BAR &#8211; <\/strong><\/p>\n<p>&nbsp;<\/p>\n<p><strong>Technical data:<\/strong><\/p>\n<p>Compressor with belt drive<br \/>\nCylinder \u00d863mm, 3 cylinders<br \/>\nCollector capacity 88L<br \/>\nIntake\/exhaust 501l\/min (17.6CFM)<br \/>\nMax sl\u0117gis 8bar<br \/>\nElectric motor power 3KW<br \/>\nSpeed 1050 rpm<br \/>\nWeght 95kg<br \/>\nOverall dimensions 1120 x 400 x 850mm<\/p>\n<div class=\"description\">\n<p class=\"product-section\">\n<\/div>\n","protected":false},"excerpt":{"rendered":"<p>AIR COMPRESSOR 88L 501L\/MIN 8BAR &#8211; &nbsp; Technical data: Compressor with belt drive Cylinder \u00d863mm, 3 cylinders Collector capacity 88L Intake\/exhaust 501l\/min (17.6CFM) Max sl\u0117gis 8bar Electric motor power 3KW Speed 1050 rpm Weght 95kg Overall dimensions 1120 x 400 x 850mm<\/p>\n","protected":false},"featured_media":4415,"comment_status":"closed","ping_status":"closed","template":"","meta":[],"product_brand":[],"product_cat":[181,179],"product_tag":[],"class_list":{"0":"post-6440","1":"product","2":"type-product","3":"status-publish","4":"has-post-thumbnail","6":"product_cat-air-compressors","7":"product_cat-tools","8":"description-off","10":"first","11":"onbackorder","12":"taxable","13":"shipping-taxable","14":"purchasable","15":"product-type-simple"},"yoast_head":"<!-- This site is optimized with the Yoast SEO plugin v27.4 - https:\/\/yoast.com\/product\/yoast-seo-wordpress\/ -->\n<title>AIR COMPRESSOR 88L 501L\/MIN 8BAR - Detail Spot<\/title>\n<meta name=\"description\" content=\"AIR COMPRESSOR 88L 501L\/MIN 8BAR High-performance, three-cylinder air compressor for use with air tools.\" \/>\n<meta name=\"robots\" content=\"index, follow, max-snippet:-1, max-image-preview:large, max-video-preview:-1\" \/>\n<link rel=\"canonical\" href=\"https:\/\/detailspot.lt\/en\/produktas\/air-compressor-88l-501l-min-8bar\/\" \/>\n<meta property=\"og:locale\" content=\"en_US\" \/>\n<meta property=\"og:type\" content=\"article\" \/>\n<meta property=\"og:title\" content=\"AIR COMPRESSOR 88L 501L\/MIN 8BAR - Detail Spot\" \/>\n<meta property=\"og:description\" content=\"AIR COMPRESSOR 88L 501L\/MIN 8BAR High-performance, three-cylinder air compressor for use with air tools.\" \/>\n<meta property=\"og:url\" content=\"https:\/\/detailspot.lt\/en\/produktas\/air-compressor-88l-501l-min-8bar\/\" \/>\n<meta property=\"og:site_name\" content=\"Detail Spot\" \/>\n<meta property=\"article:publisher\" content=\"https:\/\/www.facebook.com\/profile.php?id=100039208338156\" \/>\n<meta property=\"og:image\" content=\"https:\/\/detailspot.lt\/wp-content\/uploads\/2023\/02\/oro-kompresorius-88l-501l-min-8bar-mzbw0368-600x600-1.jpg\" \/>\n\t<meta property=\"og:image:width\" content=\"600\" \/>\n\t<meta property=\"og:image:height\" content=\"600\" \/>\n\t<meta property=\"og:image:type\" content=\"image\/jpeg\" \/>\n<meta name=\"twitter:card\" content=\"summary_large_image\" \/>\n<script type=\"application\/ld+json\" class=\"yoast-schema-graph\">{\"@context\":\"https:\\\/\\\/schema.org\",\"@graph\":[{\"@type\":\"WebPage\",\"@id\":\"https:\\\/\\\/detailspot.lt\\\/en\\\/produktas\\\/air-compressor-88l-501l-min-8bar\\\/\",\"url\":\"https:\\\/\\\/detailspot.lt\\\/en\\\/produktas\\\/air-compressor-88l-501l-min-8bar\\\/\",\"name\":\"AIR COMPRESSOR 88L 501L\\\/MIN 8BAR - Detail Spot\",\"isPartOf\":{\"@id\":\"https:\\\/\\\/detailspot.lt\\\/#website\"},\"primaryImageOfPage\":{\"@id\":\"https:\\\/\\\/detailspot.lt\\\/en\\\/produktas\\\/air-compressor-88l-501l-min-8bar\\\/#primaryimage\"},\"image\":{\"@id\":\"https:\\\/\\\/detailspot.lt\\\/en\\\/produktas\\\/air-compressor-88l-501l-min-8bar\\\/#primaryimage\"},\"thumbnailUrl\":\"https:\\\/\\\/detailspot.lt\\\/wp-content\\\/uploads\\\/2023\\\/02\\\/oro-kompresorius-88l-501l-min-8bar-mzbw0368-600x600-1.jpg\",\"datePublished\":\"2023-02-01T12:42:06+00:00\",\"description\":\"AIR COMPRESSOR 88L 501L\\\/MIN 8BAR High-performance, three-cylinder air compressor for use with air tools.\",\"breadcrumb\":{\"@id\":\"https:\\\/\\\/detailspot.lt\\\/en\\\/produktas\\\/air-compressor-88l-501l-min-8bar\\\/#breadcrumb\"},\"inLanguage\":\"en-US\",\"potentialAction\":[{\"@type\":\"ReadAction\",\"target\":[\"https:\\\/\\\/detailspot.lt\\\/en\\\/produktas\\\/air-compressor-88l-501l-min-8bar\\\/\"]}]},{\"@type\":\"ImageObject\",\"inLanguage\":\"en-US\",\"@id\":\"https:\\\/\\\/detailspot.lt\\\/en\\\/produktas\\\/air-compressor-88l-501l-min-8bar\\\/#primaryimage\",\"url\":\"https:\\\/\\\/detailspot.lt\\\/wp-content\\\/uploads\\\/2023\\\/02\\\/oro-kompresorius-88l-501l-min-8bar-mzbw0368-600x600-1.jpg\",\"contentUrl\":\"https:\\\/\\\/detailspot.lt\\\/wp-content\\\/uploads\\\/2023\\\/02\\\/oro-kompresorius-88l-501l-min-8bar-mzbw0368-600x600-1.jpg\",\"width\":600,\"height\":600},{\"@type\":\"BreadcrumbList\",\"@id\":\"https:\\\/\\\/detailspot.lt\\\/en\\\/produktas\\\/air-compressor-88l-501l-min-8bar\\\/#breadcrumb\",\"itemListElement\":[{\"@type\":\"ListItem\",\"position\":1,\"name\":\"Home\",\"item\":\"https:\\\/\\\/detailspot.lt\\\/en\\\/\"},{\"@type\":\"ListItem\",\"position\":2,\"name\":\"Shop\",\"item\":\"https:\\\/\\\/detailspot.lt\\\/en\\\/parduotuve\\\/\"},{\"@type\":\"ListItem\",\"position\":3,\"name\":\"AIR COMPRESSOR 88L 501L\\\/MIN 8BAR\"}]},{\"@type\":\"WebSite\",\"@id\":\"https:\\\/\\\/detailspot.lt\\\/#website\",\"url\":\"https:\\\/\\\/detailspot.lt\\\/\",\"name\":\"Detail Spot\",\"description\":\"Automobili\u0173 prie\u017ei\u016bros priemon\u0117s\",\"publisher\":{\"@id\":\"https:\\\/\\\/detailspot.lt\\\/#organization\"},\"potentialAction\":[{\"@type\":\"SearchAction\",\"target\":{\"@type\":\"EntryPoint\",\"urlTemplate\":\"https:\\\/\\\/detailspot.lt\\\/?s={search_term_string}\"},\"query-input\":{\"@type\":\"PropertyValueSpecification\",\"valueRequired\":true,\"valueName\":\"search_term_string\"}}],\"inLanguage\":\"en-US\"},{\"@type\":\"Organization\",\"@id\":\"https:\\\/\\\/detailspot.lt\\\/#organization\",\"name\":\"Detail Spot\",\"url\":\"https:\\\/\\\/detailspot.lt\\\/\",\"logo\":{\"@type\":\"ImageObject\",\"inLanguage\":\"en-US\",\"@id\":\"https:\\\/\\\/detailspot.lt\\\/#\\\/schema\\\/logo\\\/image\\\/\",\"url\":\"https:\\\/\\\/detailspot.lt\\\/wp-content\\\/uploads\\\/2022\\\/10\\\/logo-original.svg\",\"contentUrl\":\"https:\\\/\\\/detailspot.lt\\\/wp-content\\\/uploads\\\/2022\\\/10\\\/logo-original.svg\",\"width\":1,\"height\":1,\"caption\":\"Detail Spot\"},\"image\":{\"@id\":\"https:\\\/\\\/detailspot.lt\\\/#\\\/schema\\\/logo\\\/image\\\/\"},\"sameAs\":[\"https:\\\/\\\/www.facebook.com\\\/profile.php?id=100039208338156\"]}]}<\/script>\n<!-- \/ Yoast SEO plugin. -->","yoast_head_json":{"title":"AIR COMPRESSOR 88L 501L\/MIN 8BAR - Detail Spot","description":"AIR COMPRESSOR 88L 501L\/MIN 8BAR High-performance, three-cylinder air compressor for use with air tools.","robots":{"index":"index","follow":"follow","max-snippet":"max-snippet:-1","max-image-preview":"max-image-preview:large","max-video-preview":"max-video-preview:-1"},"canonical":"https:\/\/detailspot.lt\/en\/produktas\/air-compressor-88l-501l-min-8bar\/","og_locale":"en_US","og_type":"article","og_title":"AIR COMPRESSOR 88L 501L\/MIN 8BAR - Detail Spot","og_description":"AIR COMPRESSOR 88L 501L\/MIN 8BAR High-performance, three-cylinder air compressor for use with air tools.","og_url":"https:\/\/detailspot.lt\/en\/produktas\/air-compressor-88l-501l-min-8bar\/","og_site_name":"Detail Spot","article_publisher":"https:\/\/www.facebook.com\/profile.php?id=100039208338156","og_image":[{"width":600,"height":600,"url":"https:\/\/detailspot.lt\/wp-content\/uploads\/2023\/02\/oro-kompresorius-88l-501l-min-8bar-mzbw0368-600x600-1.jpg","type":"image\/jpeg"}],"twitter_card":"summary_large_image","schema":{"@context":"https:\/\/schema.org","@graph":[{"@type":"WebPage","@id":"https:\/\/detailspot.lt\/en\/produktas\/air-compressor-88l-501l-min-8bar\/","url":"https:\/\/detailspot.lt\/en\/produktas\/air-compressor-88l-501l-min-8bar\/","name":"AIR COMPRESSOR 88L 501L\/MIN 8BAR - Detail Spot","isPartOf":{"@id":"https:\/\/detailspot.lt\/#website"},"primaryImageOfPage":{"@id":"https:\/\/detailspot.lt\/en\/produktas\/air-compressor-88l-501l-min-8bar\/#primaryimage"},"image":{"@id":"https:\/\/detailspot.lt\/en\/produktas\/air-compressor-88l-501l-min-8bar\/#primaryimage"},"thumbnailUrl":"https:\/\/detailspot.lt\/wp-content\/uploads\/2023\/02\/oro-kompresorius-88l-501l-min-8bar-mzbw0368-600x600-1.jpg","datePublished":"2023-02-01T12:42:06+00:00","description":"AIR COMPRESSOR 88L 501L\/MIN 8BAR High-performance, three-cylinder air compressor for use with air tools.","breadcrumb":{"@id":"https:\/\/detailspot.lt\/en\/produktas\/air-compressor-88l-501l-min-8bar\/#breadcrumb"},"inLanguage":"en-US","potentialAction":[{"@type":"ReadAction","target":["https:\/\/detailspot.lt\/en\/produktas\/air-compressor-88l-501l-min-8bar\/"]}]},{"@type":"ImageObject","inLanguage":"en-US","@id":"https:\/\/detailspot.lt\/en\/produktas\/air-compressor-88l-501l-min-8bar\/#primaryimage","url":"https:\/\/detailspot.lt\/wp-content\/uploads\/2023\/02\/oro-kompresorius-88l-501l-min-8bar-mzbw0368-600x600-1.jpg","contentUrl":"https:\/\/detailspot.lt\/wp-content\/uploads\/2023\/02\/oro-kompresorius-88l-501l-min-8bar-mzbw0368-600x600-1.jpg","width":600,"height":600},{"@type":"BreadcrumbList","@id":"https:\/\/detailspot.lt\/en\/produktas\/air-compressor-88l-501l-min-8bar\/#breadcrumb","itemListElement":[{"@type":"ListItem","position":1,"name":"Home","item":"https:\/\/detailspot.lt\/en\/"},{"@type":"ListItem","position":2,"name":"Shop","item":"https:\/\/detailspot.lt\/en\/parduotuve\/"},{"@type":"ListItem","position":3,"name":"AIR COMPRESSOR 88L 501L\/MIN 8BAR"}]},{"@type":"WebSite","@id":"https:\/\/detailspot.lt\/#website","url":"https:\/\/detailspot.lt\/","name":"Detail Spot","description":"Automobili\u0173 prie\u017ei\u016bros priemon\u0117s","publisher":{"@id":"https:\/\/detailspot.lt\/#organization"},"potentialAction":[{"@type":"SearchAction","target":{"@type":"EntryPoint","urlTemplate":"https:\/\/detailspot.lt\/?s={search_term_string}"},"query-input":{"@type":"PropertyValueSpecification","valueRequired":true,"valueName":"search_term_string"}}],"inLanguage":"en-US"},{"@type":"Organization","@id":"https:\/\/detailspot.lt\/#organization","name":"Detail Spot","url":"https:\/\/detailspot.lt\/","logo":{"@type":"ImageObject","inLanguage":"en-US","@id":"https:\/\/detailspot.lt\/#\/schema\/logo\/image\/","url":"https:\/\/detailspot.lt\/wp-content\/uploads\/2022\/10\/logo-original.svg","contentUrl":"https:\/\/detailspot.lt\/wp-content\/uploads\/2022\/10\/logo-original.svg","width":1,"height":1,"caption":"Detail Spot"},"image":{"@id":"https:\/\/detailspot.lt\/#\/schema\/logo\/image\/"},"sameAs":["https:\/\/www.facebook.com\/profile.php?id=100039208338156"]}]}},"_links":{"self":[{"href":"https:\/\/detailspot.lt\/en\/wp-json\/wp\/v2\/product\/6440","targetHints":{"allow":["GET"]}}],"collection":[{"href":"https:\/\/detailspot.lt\/en\/wp-json\/wp\/v2\/product"}],"about":[{"href":"https:\/\/detailspot.lt\/en\/wp-json\/wp\/v2\/types\/product"}],"replies":[{"embeddable":true,"href":"https:\/\/detailspot.lt\/en\/wp-json\/wp\/v2\/comments?post=6440"}],"wp:featuredmedia":[{"embeddable":true,"href":"https:\/\/detailspot.lt\/en\/wp-json\/wp\/v2\/media\/4415"}],"wp:attachment":[{"href":"https:\/\/detailspot.lt\/en\/wp-json\/wp\/v2\/media?parent=6440"}],"wp:term":[{"taxonomy":"product_brand","embeddable":true,"href":"https:\/\/detailspot.lt\/en\/wp-json\/wp\/v2\/product_brand?post=6440"},{"taxonomy":"product_cat","embeddable":true,"href":"https:\/\/detailspot.lt\/en\/wp-json\/wp\/v2\/product_cat?post=6440"},{"taxonomy":"product_tag","embeddable":true,"href":"https:\/\/detailspot.lt\/en\/wp-json\/wp\/v2\/product_tag?post=6440"}],"curies":[{"name":"wp","href":"https:\/\/api.w.org\/{rel}","templated":true}]}}